{"id":220537,"date":"2026-05-01T00:54:12","date_gmt":"2026-05-01T06:54:12","guid":{"rendered":"https:\/\/compuviper.mx\/tienda\/producto\/logitech-910-007047-pebble-mouse-2-m350s-blanco-inalmbrico-easy-switch-bluetooth-logi-bolt-no-incluido\/"},"modified":"2026-05-01T00:54:13","modified_gmt":"2026-05-01T06:54:13","slug":"logitech-910-007047-mouse-pebble-2-m350s-inalambrico-bt-easy-switch-blanco","status":"publish","type":"product","link":"https:\/\/compuviper.mx\/tienda\/producto\/logitech-910-007047-mouse-pebble-2-m350s-inalambrico-bt-easy-switch-blanco\/","title":{"rendered":"Logitech 910-007047 Mouse  Pebble 2 M350s Inalambrico Bt Easy-switch Blanco"},"content":{"rendered":"<table class=\"descripcion\">\n<tr>\n<td>Dimensiones<\/td>\n<\/tr>\n<tr>\n<td>Altura: 106,7 mm<\/td>\n<\/tr>\n<tr>\n<td>Ancho: 58,7 mm<\/td>\n<\/tr>\n<tr>\n<td>Profundidad: 26,62 mm<\/td>\n<\/tr>\n<tr>\n<td>Peso (incluidas las bater\u00edas): 76 g<\/td>\n<\/tr>\n<tr>\n<td>Especificaciones t\u00e9cnicas<\/td>\n<\/tr>\n<tr>\n<td>Caracteristicas especiales<\/td>\n<\/tr>\n<tr>\n<td>Forma ambidiestra, estilizada y redonda fabricada con pl\u00e1stico reciclado 1contenido de pl\u00e1stico del pebble mouse 2 m350s: m\u00ednimo 58% de pl\u00e1stico reciclado, excluido el pl\u00e1stico en el conjunto de cableado impreso (pwa) y el embalaje<\/td>\n<\/tr>\n<tr>\n<td>Emparejamiento multidispositivo (hasta 3 dispositivos)<\/td>\n<\/tr>\n<tr>\n<td>Bot\u00f3n central personalizable con la aplicaci\u00f3n logi options + 2disponible en windows y macos en logi.com\/optionsplus<\/td>\n<\/tr>\n<tr>\n<td>Clics silenciosos con tecnolog\u00eda silent touch 3los clicks son un 90% menos ruidosos que los del mouse logitech m185. nivel de dba de click con el bot\u00f3n izquierdo y pulsaciones de teclado medido por un laboratorio independiente a 1 metro.<\/td>\n<\/tr>\n<tr>\n<td>Botones<\/td>\n<\/tr>\n<tr>\n<td>N\u00famero de botones: 3 (click izquierdo\/derecho, bot\u00f3n rueda con click de bot\u00f3n central)<\/td>\n<\/tr>\n<tr>\n<td>Bot\u00f3n personalizable con la aplicaci\u00f3n logi options +: 1 (bot\u00f3n rueda con click central) 4disponible en windows y macos en logi.com\/optionsplus<\/td>\n<\/tr>\n<tr>\n<td>Aplicaci\u00f3n de personalizaci\u00f3n: compatible con la aplicaci\u00f3n logi options + en windows y macos 5disponible en windows y macos en logi.com\/optionsplus<\/td>\n<\/tr>\n<tr>\n<td>Tecnolog\u00eda de sensor: seguimiento \u00f3ptico de alta precisi\u00f3n<\/td>\n<\/tr>\n<tr>\n<td>Rango de dpi: 400-4000 dpi (totalmente ajustable con incrementos de 100 dpi)<\/td>\n<\/tr>\n<tr>\n<td>Valor nominal: 1000 dpi<\/td>\n<\/tr>\n<tr>\n<td>Conectividad<\/td>\n<\/tr>\n<tr>\n<td>Tipo de conexi\u00f3n: tecnolog\u00eda bluetooth de bajo consumo<\/td>\n<\/tr>\n<tr>\n<td>Compatibilidad con tipo de conexi\u00f3n: compatible con receptor usb logi bolt (no incluido)<\/td>\n<\/tr>\n<tr>\n<td>Radio de acci\u00f3n inal\u00e1mbrico: 10 m 6el radio de acci\u00f3n inal\u00e1mbrico depende de las condiciones del entorno y de los dispositivos.<\/td>\n<\/tr>\n<tr>\n<td>Pilas<\/td>\n<\/tr>\n<tr>\n<td>1 bater\u00eda aa (bater\u00eda alcalina); bot\u00f3n de encendido\/apagado<\/td>\n<\/tr>\n<tr>\n<td>Duraci\u00f3n de bater\u00edas: 24 meses 7la duraci\u00f3n de las bater\u00edas depende del uso y de los dispositivos.<\/td>\n<\/tr>\n<tr>\n<td>Conexi\u00f3n \/ encendido: conmutador de encendido\/apagado<\/td>\n<\/tr>\n<tr>\n<td>Indicador luminoso<\/td>\n<\/tr>\n<tr>\n<td>3 canales bluetooth easy-switch<\/td>\n<\/tr>\n<tr>\n<td>Sostenibilidad<\/td>\n<\/tr>\n<tr>\n<td>Pl\u00e1sticos de grafito tonal: 76% de material reciclado posconsumo 8no incluye pl\u00e1stico en conjunto de cableado impreso (pwa) y embalaje.<\/td>\n<\/tr>\n<tr>\n<td>Pl\u00e1sticos tonal white y tonal rose: 58% de material reciclado posconsumo 9no incluye pl\u00e1stico en conjunto de cableado impreso (pwa) y embalaje.<\/td>\n<\/tr>\n<tr>\n<td>Empacado de papel: certificaci\u00f3n para fsc\u0099<\/td>\n<\/tr>\n<tr>\n<td>Con certificaci\u00f3n de carbono neutral<\/td>\n<\/tr>\n<tr>\n<td>Informaci\u00f3n de garant\u00eda<\/td>\n<\/tr>\n<tr>\n<td>Un a\u00f1o de garant\u00eda de hardware limitada<\/td>\n<\/tr>\n<tr>\n<td>N\u00famero de referencia<\/td>\n<\/tr>\n<tr>\n<td>Tono rosado : 910-007048<\/td>\n<\/tr>\n<tr>\n<td>Tono blanco : 910-007047<\/td>\n<\/tr>\n<tr>\n<td>Tono grafito : 910-007049<\/td>\n<\/tr>\n<tr>\n<td>Compatibilidad<\/td>\n<\/tr>\n<tr>\n<td>Bluetooth low energy<\/td>\n<\/tr>\n<tr>\n<td>Se requiere acceso a internet para descargar la aplicaci\u00f3n de personalizaci\u00f3n opcional logi options+ 10disponible en windows y macos en logi.com\/optionsplus<\/td>\n<\/tr>\n<tr>\n<td>Requiere bluetooth<\/td>\n<\/tr>\n<tr>\n<td>Bluetooth low energy<\/td>\n<\/tr>\n<tr>\n<td>Windows\u00ae 10, 11 o posterior 11personalice el dispositivo instalando la aplicaci\u00f3n logi options + para windows o macos.<\/td>\n<\/tr>\n<tr>\n<td>Macos 11 o posterior 12personalice el dispositivo instalando la aplicaci\u00f3n logi options + para windows o macos.<\/td>\n<\/tr>\n<tr>\n<td>Ipados 14 o posterior 13la aplicaci\u00f3n logi options+ no es compatible actualmente. las funciones b\u00e1sicas del dispositivo funcionar\u00e1n sin ella.<\/td>\n<\/tr>\n<tr>\n<td>Android\u0099 9.0 o posterior 14la aplicaci\u00f3n logi options+ no es compatible actualmente. las funciones b\u00e1sicas del dispositivo funcionar\u00e1n sin ella.<\/td>\n<\/tr>\n<tr>\n<td>Chromeos\u0099 15la aplicaci\u00f3n logi options+ no es compatible actualmente. las funciones b\u00e1sicas del dispositivo funcionar\u00e1n sin ella.<\/td>\n<\/tr>\n<tr>\n<td>Linux\u00ae 16la aplicaci\u00f3n logi options+ no es compatible actualmente. las funciones b\u00e1sicas del dispositivo funcionar\u00e1n sin ella.<\/td>\n<\/tr>\n<tr>\n<td>Funciona con chromebook \u0099 17este producto funciona con dispositivos capaces de ejecutar la \u00faltima versi\u00f3n de chromeos y ha obtenido la certificaci\u00f3n de cumplimiento de los est\u00e1ndares de compatibilidad de google. google no se responsabiliza del uso que se le d\u00e9 a este producto ni del cumplimiento de los requisitos de seguridad. chromebook y la insignia works with chromebook son marcas de google llc.<\/td>\n<\/tr>\n<tr>\n<td>Compatible con receptor usb logi bolt (no incluido).<\/td>\n<\/tr>\n<tr>\n<td>En la caja<\/td>\n<\/tr>\n<tr>\n<td>Pebble mouse 2 m350s<\/td>\n<\/tr>\n<tr>\n<td>1 bater\u00eda alcalina aa (preinstalada)<\/td>\n<\/tr>\n<tr>\n<td>Documentaci\u00f3n del usuario<\/td>\n<\/tr>\n<tr>\n<td>Documento de informaci\u00f3n importante (iid)<\/td>\n<\/tr>\n<\/table>\n","protected":false},"excerpt":{"rendered":"<p>Dise\u00f1o diferenciador. Deja que el mundo vea qui\u00e9n eres con el pebble mouse 2 m350s. Un rat\u00f3n minimalista, fino y redondo dise\u00f1ado para destacar. El pl\u00e1stico reciclado no tiene que estar atomado. No nos limitamos a un dise\u00f1o exclusivo, sino que tambi\u00e9n nos aseguramos de que nuestros productos se fabriquen de forma responsable. El pebble mouse 2 viene en una gama de colores fabricada con m\u00e1s del 50% de pl\u00e1stico reciclado.18pebble mouse 2 m350s contiene pl\u00e1stico: m\u00ednimo 58% de pl\u00e1stico reciclado, excluido el pl\u00e1stico en el conjunto de cableado impreso (pwa) y el embalaje. Para que puedas elegir un color que se adapte a tu estilo. A punto cuando t\u00fa lo est\u00e9s. Compacto y listo para hacer grandes movimientos. Su dise\u00f1o ligero y port\u00e1til significa que puedes guardar el rat\u00f3n en tu bolso, en cualquier momento y lugar. Alternancia entre dispositivos simplificada. Cambia entre 3 de tus dispositivos con solo pulsar el bot\u00f3n easy-switch. Compatible con windows, macos, ipados y android19compatible con windows 10, 11 o posteriores, macos 11 o posteriores, ipados 14 o posteriores, android 9.0 o posteriores, chrome os, linux. Funciona con chromebook.. Shhh &#8211; clic m\u00e1s silencioso. \u00bfoyes eso? no? perfecto. Mant\u00e9ngalo bajo con la tecnolog\u00eda silent touch, que elimina el 90% del ruido de clic20el ruido de clic se redujo en m\u00e1s de un 90% en comparaci\u00f3n con logitech m185. Nivel de dba con clic izquierdo y escritura medido por un laboratorio independiente a 1 metro., para que puedas seguir haciendo clic sin distracciones. Tus aplicaciones a tu mano. Personalice el bot\u00f3n central del rat\u00f3n con la aplicaci\u00f3n logi options +21disponible en windows y macos en logi.Com\/optionsplus. Para hacer m\u00e1s como enviar emojis en whatsapp o mezclar tu lista de reproducci\u00f3n de spotify. Horas y horas de uso. \u00bfnecesitas m\u00e1s potencia? pebble mouse 2 m350s tiene hasta 24 meses de duraci\u00f3n de la bater\u00eda la duraci\u00f3n de la22bater\u00eda puede variar seg\u00fan las condiciones del usuario y del ordenador. Para mantenerte en marcha por m\u00e1s tiempo y sin preocupaciones.<\/p>\n","protected":false},"featured_media":234185,"comment_status":"open","ping_status":"open","template":"","meta":[],"product_cat":[1748,1749],"product_tag":[1500],"acf":[],"yoast_head":"<!-- This site is optimized with the Yoast SEO plugin v21.7 - https:\/\/yoast.com\/wordpress\/plugins\/seo\/ -->\n<title>[ Logitech ] &#129351; 910-007047 Mouse Pebble 2 M350s Inalambrico Bt Easy-switch Blanco<\/title>\n<meta name=\"description\" content=\"Compra 910-007047 Mouse Pebble 2 M350s Inalambrico Bt Easy-switch Blanco + Env\u00edo a domicilio + Pago seguro + Garant\u00eda\" \/>\n<meta name=\"robots\" content=\"index, follow, max-snippet:-1, max-image-preview:large, max-video-preview:-1\" \/>\n<link rel=\"canonical\" href=\"https:\/\/compuviper.mx\/tienda\/producto\/logitech-910-007047-mouse-pebble-2-m350s-inalambrico-bt-easy-switch-blanco\/\" \/>\n<meta property=\"og:locale\" content=\"es_MX\" \/>\n<meta property=\"og:type\" content=\"article\" \/>\n<meta property=\"og:title\" content=\"[ Logitech ] &#129351; 910-007047 Mouse Pebble 2 M350s Inalambrico Bt Easy-switch Blanco\" \/>\n<meta property=\"og:description\" content=\"Compra 910-007047 Mouse Pebble 2 M350s Inalambrico Bt Easy-switch Blanco + Env\u00edo a domicilio + Pago seguro + Garant\u00eda\" \/>\n<meta property=\"og:url\" content=\"https:\/\/compuviper.mx\/tienda\/producto\/logitech-910-007047-mouse-pebble-2-m350s-inalambrico-bt-easy-switch-blanco\/\" \/>\n<meta property=\"og:site_name\" content=\"Compuviper\" \/>\n<meta property=\"article:publisher\" content=\"https:\/\/www.facebook.com\/compuviper\" \/>\n<meta property=\"article:modified_time\" content=\"2026-05-01T06:54:13+00:00\" \/>\n<meta property=\"og:image\" content=\"https:\/\/compuviper.mx\/tienda\/wp-content\/uploads\/2024\/05\/Logitech-pebble-mouse-2-m350s-blanco-inalambrico-easy-switch-bluetooth-logi-bolt-no-incluido.jpg\" \/>\n\t<meta property=\"og:image:width\" content=\"200\" \/>\n\t<meta property=\"og:image:height\" content=\"200\" \/>\n\t<meta property=\"og:image:type\" content=\"image\/jpeg\" \/>\n<meta name=\"twitter:card\" content=\"summary_large_image\" \/>\n<meta name=\"twitter:label1\" content=\"Precio\" \/>\n\t<meta name=\"twitter:data1\" content=\"&#36;462 con IVA\" \/>\n\t<meta name=\"twitter:label2\" content=\"Availability\" \/>\n\t<meta name=\"twitter:data2\" content=\"In stock\" \/>\n<script type=\"application\/ld+json\" class=\"yoast-schema-graph\">{\"@context\":\"https:\/\/schema.org\",\"@graph\":[{\"@type\":\"WebPage\",\"@id\":\"https:\/\/compuviper.mx\/tienda\/producto\/logitech-910-007047-mouse-pebble-2-m350s-inalambrico-bt-easy-switch-blanco\/\",\"url\":\"https:\/\/compuviper.mx\/tienda\/producto\/logitech-910-007047-mouse-pebble-2-m350s-inalambrico-bt-easy-switch-blanco\/\",\"name\":\"[ Logitech ] &#129351; 910-007047 Mouse Pebble 2 M350s Inalambrico Bt Easy-switch Blanco\",\"isPartOf\":{\"@id\":\"https:\/\/compuviper.mx\/tienda\/#website\"},\"datePublished\":\"2026-05-01T06:54:12+00:00\",\"dateModified\":\"2026-05-01T06:54:13+00:00\",\"description\":\"Compra 910-007047 Mouse Pebble 2 M350s Inalambrico Bt Easy-switch Blanco + Env\u00edo a domicilio + Pago seguro + Garant\u00eda\",\"breadcrumb\":{\"@id\":\"https:\/\/compuviper.mx\/tienda\/producto\/logitech-910-007047-mouse-pebble-2-m350s-inalambrico-bt-easy-switch-blanco\/#breadcrumb\"},\"inLanguage\":\"es-MX\",\"potentialAction\":[{\"@type\":\"ReadAction\",\"target\":[\"https:\/\/compuviper.mx\/tienda\/producto\/logitech-910-007047-mouse-pebble-2-m350s-inalambrico-bt-easy-switch-blanco\/\"]}]},{\"@type\":\"BreadcrumbList\",\"@id\":\"https:\/\/compuviper.mx\/tienda\/producto\/logitech-910-007047-mouse-pebble-2-m350s-inalambrico-bt-easy-switch-blanco\/#breadcrumb\",\"itemListElement\":[{\"@type\":\"ListItem\",\"position\":1,\"name\":\"Inicio\",\"item\":\"https:\/\/compuviper.mx\/tienda\/\"},{\"@type\":\"ListItem\",\"position\":2,\"name\":\"Productos\",\"item\":\"https:\/\/compuviper.mx\/tienda\/productos\/\"},{\"@type\":\"ListItem\",\"position\":3,\"name\":\"Mouse\",\"item\":\"https:\/\/compuviper.mx\/tienda\/categoria-producto\/mouse\/\"},{\"@type\":\"ListItem\",\"position\":4,\"name\":\"Optico\",\"item\":\"https:\/\/compuviper.mx\/tienda\/categoria-producto\/mouse\/optico\/\"},{\"@type\":\"ListItem\",\"position\":5,\"name\":\"Logitech 910-007047 Mouse Pebble 2 M350s Inalambrico Bt Easy-switch Blanco\"}]},{\"@type\":\"WebSite\",\"@id\":\"https:\/\/compuviper.mx\/tienda\/#website\",\"url\":\"https:\/\/compuviper.mx\/tienda\/\",\"name\":\"Compuviper\",\"description\":\"Proveedor de Computadoras, Laptops, Servidores, Monitores, Puntos de Venta, Teclados,   Impresoras, T\u00f3ner, C\u00e1maras de Seguridad y m\u00e1s en tu tienda en l\u00ednea\",\"publisher\":{\"@id\":\"https:\/\/compuviper.mx\/tienda\/#organization\"},\"potentialAction\":[{\"@type\":\"SearchAction\",\"target\":{\"@type\":\"EntryPoint\",\"urlTemplate\":\"https:\/\/compuviper.mx\/tienda\/?s={search_term_string}\"},\"query-input\":\"required name=search_term_string\"}],\"inLanguage\":\"es-MX\"},{\"@type\":\"Organization\",\"@id\":\"https:\/\/compuviper.mx\/tienda\/#organization\",\"name\":\"Compuviper\",\"url\":\"https:\/\/compuviper.mx\/tienda\/\",\"logo\":{\"@type\":\"ImageObject\",\"inLanguage\":\"es-MX\",\"@id\":\"https:\/\/compuviper.mx\/tienda\/#\/schema\/logo\/image\/\",\"url\":\"https:\/\/compuviper.mx\/tienda\/wp-content\/uploads\/2021\/08\/Logo-Compuviper-10.png\",\"contentUrl\":\"https:\/\/compuviper.mx\/tienda\/wp-content\/uploads\/2021\/08\/Logo-Compuviper-10.png\",\"width\":1000,\"height\":500,\"caption\":\"Compuviper\"},\"image\":{\"@id\":\"https:\/\/compuviper.mx\/tienda\/#\/schema\/logo\/image\/\"},\"sameAs\":[\"https:\/\/www.facebook.com\/compuviper\",\"https:\/\/www.youtube.com\/channel\/UCf73dERp9Y3cfOq7q8BhLjA?view_as=subscriber\"]}]}<\/script>\n<meta property=\"product:brand\" content=\"LOGITECH\" \/>\n<meta property=\"product:price:amount\" content=\"462\" \/>\n<meta property=\"product:price:currency\" content=\"MXN\" \/>\n<meta property=\"og:availability\" content=\"instock\" \/>\n<meta property=\"product:availability\" content=\"instock\" \/>\n<meta property=\"product:retailer_item_id\" content=\"910-007047\" \/>\n<meta property=\"product:condition\" content=\"new\" \/>\n<!-- \/ Yoast SEO plugin. -->","yoast_head_json":{"title":"[ Logitech ] &#129351; 910-007047 Mouse Pebble 2 M350s Inalambrico Bt Easy-switch Blanco","description":"Compra 910-007047 Mouse Pebble 2 M350s Inalambrico Bt Easy-switch Blanco + Env\u00edo a domicilio + Pago seguro + Garant\u00eda","robots":{"index":"index","follow":"follow","max-snippet":"max-snippet:-1","max-image-preview":"max-image-preview:large","max-video-preview":"max-video-preview:-1"},"canonical":"https:\/\/compuviper.mx\/tienda\/producto\/logitech-910-007047-mouse-pebble-2-m350s-inalambrico-bt-easy-switch-blanco\/","og_locale":"es_MX","og_type":"article","og_title":"[ Logitech ] &#129351; 910-007047 Mouse Pebble 2 M350s Inalambrico Bt Easy-switch Blanco","og_description":"Compra 910-007047 Mouse Pebble 2 M350s Inalambrico Bt Easy-switch Blanco + Env\u00edo a domicilio + Pago seguro + Garant\u00eda","og_url":"https:\/\/compuviper.mx\/tienda\/producto\/logitech-910-007047-mouse-pebble-2-m350s-inalambrico-bt-easy-switch-blanco\/","og_site_name":"Compuviper","article_publisher":"https:\/\/www.facebook.com\/compuviper","article_modified_time":"2026-05-01T06:54:13+00:00","og_image":[{"width":200,"height":200,"url":"https:\/\/compuviper.mx\/tienda\/wp-content\/uploads\/2024\/05\/Logitech-pebble-mouse-2-m350s-blanco-inalambrico-easy-switch-bluetooth-logi-bolt-no-incluido.jpg","type":"image\/jpeg"}],"twitter_card":"summary_large_image","twitter_misc":{"Precio":"&#36;462 con IVA","Availability":"In stock"},"schema":{"@context":"https:\/\/schema.org","@graph":[{"@type":"WebPage","@id":"https:\/\/compuviper.mx\/tienda\/producto\/logitech-910-007047-mouse-pebble-2-m350s-inalambrico-bt-easy-switch-blanco\/","url":"https:\/\/compuviper.mx\/tienda\/producto\/logitech-910-007047-mouse-pebble-2-m350s-inalambrico-bt-easy-switch-blanco\/","name":"[ Logitech ] &#129351; 910-007047 Mouse Pebble 2 M350s Inalambrico Bt Easy-switch Blanco","isPartOf":{"@id":"https:\/\/compuviper.mx\/tienda\/#website"},"datePublished":"2026-05-01T06:54:12+00:00","dateModified":"2026-05-01T06:54:13+00:00","description":"Compra 910-007047 Mouse Pebble 2 M350s Inalambrico Bt Easy-switch Blanco + Env\u00edo a domicilio + Pago seguro + Garant\u00eda","breadcrumb":{"@id":"https:\/\/compuviper.mx\/tienda\/producto\/logitech-910-007047-mouse-pebble-2-m350s-inalambrico-bt-easy-switch-blanco\/#breadcrumb"},"inLanguage":"es-MX","potentialAction":[{"@type":"ReadAction","target":["https:\/\/compuviper.mx\/tienda\/producto\/logitech-910-007047-mouse-pebble-2-m350s-inalambrico-bt-easy-switch-blanco\/"]}]},{"@type":"BreadcrumbList","@id":"https:\/\/compuviper.mx\/tienda\/producto\/logitech-910-007047-mouse-pebble-2-m350s-inalambrico-bt-easy-switch-blanco\/#breadcrumb","itemListElement":[{"@type":"ListItem","position":1,"name":"Inicio","item":"https:\/\/compuviper.mx\/tienda\/"},{"@type":"ListItem","position":2,"name":"Productos","item":"https:\/\/compuviper.mx\/tienda\/productos\/"},{"@type":"ListItem","position":3,"name":"Mouse","item":"https:\/\/compuviper.mx\/tienda\/categoria-producto\/mouse\/"},{"@type":"ListItem","position":4,"name":"Optico","item":"https:\/\/compuviper.mx\/tienda\/categoria-producto\/mouse\/optico\/"},{"@type":"ListItem","position":5,"name":"Logitech 910-007047 Mouse Pebble 2 M350s Inalambrico Bt Easy-switch Blanco"}]},{"@type":"WebSite","@id":"https:\/\/compuviper.mx\/tienda\/#website","url":"https:\/\/compuviper.mx\/tienda\/","name":"Compuviper","description":"Proveedor de Computadoras, Laptops, Servidores, Monitores, Puntos de Venta, Teclados,   Impresoras, T\u00f3ner, C\u00e1maras de Seguridad y m\u00e1s en tu tienda en l\u00ednea","publisher":{"@id":"https:\/\/compuviper.mx\/tienda\/#organization"},"potentialAction":[{"@type":"SearchAction","target":{"@type":"EntryPoint","urlTemplate":"https:\/\/compuviper.mx\/tienda\/?s={search_term_string}"},"query-input":"required name=search_term_string"}],"inLanguage":"es-MX"},{"@type":"Organization","@id":"https:\/\/compuviper.mx\/tienda\/#organization","name":"Compuviper","url":"https:\/\/compuviper.mx\/tienda\/","logo":{"@type":"ImageObject","inLanguage":"es-MX","@id":"https:\/\/compuviper.mx\/tienda\/#\/schema\/logo\/image\/","url":"https:\/\/compuviper.mx\/tienda\/wp-content\/uploads\/2021\/08\/Logo-Compuviper-10.png","contentUrl":"https:\/\/compuviper.mx\/tienda\/wp-content\/uploads\/2021\/08\/Logo-Compuviper-10.png","width":1000,"height":500,"caption":"Compuviper"},"image":{"@id":"https:\/\/compuviper.mx\/tienda\/#\/schema\/logo\/image\/"},"sameAs":["https:\/\/www.facebook.com\/compuviper","https:\/\/www.youtube.com\/channel\/UCf73dERp9Y3cfOq7q8BhLjA?view_as=subscriber"]}]},"product_brand":"LOGITECH","product_price_amount":"462","product_price_currency":"MXN","og_availability":"instock","product_availability":"instock","product_retailer_item_id":"910-007047","product_condition":"new"},"_links":{"self":[{"href":"https:\/\/compuviper.mx\/tienda\/wp-json\/wp\/v2\/product\/220537"}],"collection":[{"href":"https:\/\/compuviper.mx\/tienda\/wp-json\/wp\/v2\/product"}],"about":[{"href":"https:\/\/compuviper.mx\/tienda\/wp-json\/wp\/v2\/types\/product"}],"replies":[{"embeddable":true,"href":"https:\/\/compuviper.mx\/tienda\/wp-json\/wp\/v2\/comments?post=220537"}],"wp:featuredmedia":[{"embeddable":true,"href":"https:\/\/compuviper.mx\/tienda\/wp-json\/wp\/v2\/media\/234185"}],"wp:attachment":[{"href":"https:\/\/compuviper.mx\/tienda\/wp-json\/wp\/v2\/media?parent=220537"}],"wp:term":[{"taxonomy":"product_cat","embeddable":true,"href":"https:\/\/compuviper.mx\/tienda\/wp-json\/wp\/v2\/product_cat?post=220537"},{"taxonomy":"product_tag","embeddable":true,"href":"https:\/\/compuviper.mx\/tienda\/wp-json\/wp\/v2\/product_tag?post=220537"}],"curies":[{"name":"wp","href":"https:\/\/api.w.org\/{rel}","templated":true}]}}