{"id":220520,"date":"2026-05-09T00:53:57","date_gmt":"2026-05-09T06:53:57","guid":{"rendered":"https:\/\/compuviper.mx\/tienda\/producto\/logitech-910-006366-mouse-gaming-g705-lightspeed-blanco-aurora-collection-inalambrico-con-bateria-recargable\/"},"modified":"2026-05-09T00:53:58","modified_gmt":"2026-05-09T06:53:58","slug":"logitech-910-006366-mouse-gaming-g705-lightspeed-inalambrico-collection-aurora-recargable-blanco","status":"publish","type":"product","link":"https:\/\/compuviper.mx\/tienda\/producto\/logitech-910-006366-mouse-gaming-g705-lightspeed-inalambrico-collection-aurora-recargable-blanco\/","title":{"rendered":"Logitech 910-006366 Mouse Gaming  G705 Lightspeed Inalambrico Collection Aurora Recargable Blanco"},"content":{"rendered":"<table class=\"descripcion\">\n<tr>\n<td>Especificaciones y detalles<\/td>\n<\/tr>\n<tr>\n<td>Dimensiones<\/td>\n<\/tr>\n<tr>\n<td>Especificaciones f\u00edsicas<\/td>\n<\/tr>\n<tr>\n<td>Altura: 39,4 mm<\/td>\n<\/tr>\n<tr>\n<td>Ancho: 68,1 mm<\/td>\n<\/tr>\n<tr>\n<td>Profundidad: 105,8 mm<\/td>\n<\/tr>\n<tr>\n<td>Peso: 85 g (s\u00f3lo mouse)<\/td>\n<\/tr>\n<tr>\n<td>85 gramos<\/td>\n<\/tr>\n<tr>\n<td>Ligeros<\/td>\n<\/tr>\n<tr>\n<td>40 horas de duraci\u00f3n de bater\u00eda para juegos<\/td>\n<\/tr>\n<tr>\n<td>Con iluminaci\u00f3n rgb encendida<\/td>\n<\/tr>\n<tr>\n<td>Seis botones<\/td>\n<\/tr>\n<tr>\n<td>Totalmente programables<\/td>\n<\/tr>\n<tr>\n<td>Especificaciones t\u00e9cnicas<\/td>\n<\/tr>\n<tr>\n<td>Iluminaci\u00f3n rgb lightsync (tres zonas)<\/td>\n<\/tr>\n<tr>\n<td>Seis botones programables<\/td>\n<\/tr>\n<tr>\n<td>Resoluci\u00f3n: 100 \u0096 8.200 dpi<\/td>\n<\/tr>\n<tr>\n<td>40 horas de duraci\u00f3n de bater\u00eda con iluminaci\u00f3n 1depende de las caracter\u00edsticas de descarga de las bater\u00edas y de las condiciones de uso y dispositivos<\/td>\n<\/tr>\n<tr>\n<td>Informaci\u00f3n de garant\u00eda<\/td>\n<\/tr>\n<tr>\n<td>Dos a\u00f1os de garant\u00eda de hardware limitada<\/td>\n<\/tr>\n<tr>\n<td>N\u00famero de referencia<\/td>\n<\/tr>\n<tr>\n<td>910-006366<\/td>\n<\/tr>\n<\/table>\n","protected":false},"excerpt":{"rendered":"<p>Perfecto en todos los sentidos. El mouse inal\u00e1mbrico g705 para juegos se ha dise\u00f1ado para manos peque\u00f1as, con una forma contorneada para aportar confort, y est\u00e1 completamente equipado para tu mejor experiencia de juego. Con una est\u00e9tica de ensue\u00f1o. Juego del bueno, todo el d\u00eda. Nunca ser\u00e1 un problema para tu estilo (ni para tus manos). El g705 se ha dise\u00f1ado tambi\u00e9n para jugadores con manos peque\u00f1as. La forma compacta, el \u00e1rea para el pulgar contorneada y los pies deslizantes ofrecen comodidad de juego durante horas y horas. Conoce el poder duradero de una buena forma contorneada. Hecho para jugar en cualquier sitio. \u00bfsitios a los que ir, gente a la que ver y mundos por explorar? exacto. Con tecnolog\u00eda inal\u00e1mbrica lightspeed para juegos y conectividad bluetooth, puedes llevar tus conquistas a tierras lejanas o a amigos cercanos. Conecta el g705 al receptor del teclado inal\u00e1mbrico g715 para juegos. Usa simult\u00e1neamente un solo receptor usb para despejar tu espacio de juego. Escapa de donde quieras y a donde quieras, con una bater\u00eda recargable por usb-c apta para 40 horas de uso con la iluminaci\u00f3n activada2depende de las caracter\u00edsticas de descarga de las bater\u00edas y de las condiciones de uso y dispositivos. Lightsync en tus manos. Con tres sutiles zonas rgb combinadas, puedes lucir tu estilo al instante. Se suministra con cuatro animaciones inmersivas de ambientes de juego, la caracter\u00edstica iluminaci\u00f3n de the aurora collection. Tambi\u00e9n puedes personalizar tu rgb con g hub para que te represente a la perfecci\u00f3n.<\/p>\n","protected":false},"featured_media":242813,"comment_status":"open","ping_status":"open","template":"","meta":[],"product_cat":[1752,1748],"product_tag":[1500],"acf":[],"yoast_head":"<!-- This site is optimized with the Yoast SEO plugin v21.7 - https:\/\/yoast.com\/wordpress\/plugins\/seo\/ -->\n<title>[ Logitech ] &#129351; 910-006366 Mouse Gaming G705 Lightspeed Inalambrico Collection Aurora Recargable Blanco<\/title>\n<meta name=\"description\" content=\"Compra 910-006366 Mouse Gaming G705 Lightspeed Inalambrico Collection Aurora Recargable Blanco + Env\u00edo a domicilio + Pago seguro + Garant\u00eda\" \/>\n<meta name=\"robots\" content=\"index, follow, max-snippet:-1, max-image-preview:large, max-video-preview:-1\" \/>\n<link rel=\"canonical\" href=\"https:\/\/compuviper.mx\/tienda\/producto\/logitech-910-006366-mouse-gaming-g705-lightspeed-inalambrico-collection-aurora-recargable-blanco\/\" \/>\n<meta property=\"og:locale\" content=\"es_MX\" \/>\n<meta property=\"og:type\" content=\"article\" \/>\n<meta property=\"og:title\" content=\"[ Logitech ] &#129351; 910-006366 Mouse Gaming G705 Lightspeed Inalambrico Collection Aurora Recargable Blanco\" \/>\n<meta property=\"og:description\" content=\"Compra 910-006366 Mouse Gaming G705 Lightspeed Inalambrico Collection Aurora Recargable Blanco + Env\u00edo a domicilio + Pago seguro + Garant\u00eda\" \/>\n<meta property=\"og:url\" content=\"https:\/\/compuviper.mx\/tienda\/producto\/logitech-910-006366-mouse-gaming-g705-lightspeed-inalambrico-collection-aurora-recargable-blanco\/\" \/>\n<meta property=\"og:site_name\" content=\"Compuviper\" \/>\n<meta property=\"article:publisher\" content=\"https:\/\/www.facebook.com\/compuviper\" \/>\n<meta property=\"article:modified_time\" content=\"2026-05-09T06:53:58+00:00\" \/>\n<meta property=\"og:image\" content=\"https:\/\/compuviper.mx\/tienda\/wp-content\/uploads\/2024\/09\/Mouse-gaming-logitech-g705-lightspeed-blanco-aurora-collection-inalambrico-con-bateria-recargable.jpg\" \/>\n\t<meta property=\"og:image:width\" content=\"200\" \/>\n\t<meta property=\"og:image:height\" content=\"200\" \/>\n\t<meta property=\"og:image:type\" content=\"image\/jpeg\" \/>\n<meta name=\"twitter:card\" content=\"summary_large_image\" \/>\n<meta name=\"twitter:label1\" content=\"Precio\" \/>\n\t<meta name=\"twitter:data1\" content=\"&#36;1,644 con IVA\" \/>\n\t<meta name=\"twitter:label2\" content=\"Availability\" \/>\n\t<meta name=\"twitter:data2\" content=\"Out of stock\" \/>\n<script type=\"application\/ld+json\" class=\"yoast-schema-graph\">{\"@context\":\"https:\/\/schema.org\",\"@graph\":[{\"@type\":\"WebPage\",\"@id\":\"https:\/\/compuviper.mx\/tienda\/producto\/logitech-910-006366-mouse-gaming-g705-lightspeed-inalambrico-collection-aurora-recargable-blanco\/\",\"url\":\"https:\/\/compuviper.mx\/tienda\/producto\/logitech-910-006366-mouse-gaming-g705-lightspeed-inalambrico-collection-aurora-recargable-blanco\/\",\"name\":\"[ Logitech ] &#129351; 910-006366 Mouse Gaming G705 Lightspeed Inalambrico Collection Aurora Recargable Blanco\",\"isPartOf\":{\"@id\":\"https:\/\/compuviper.mx\/tienda\/#website\"},\"datePublished\":\"2026-05-09T06:53:57+00:00\",\"dateModified\":\"2026-05-09T06:53:58+00:00\",\"description\":\"Compra 910-006366 Mouse Gaming G705 Lightspeed Inalambrico Collection Aurora Recargable Blanco + Env\u00edo a domicilio + Pago seguro + Garant\u00eda\",\"breadcrumb\":{\"@id\":\"https:\/\/compuviper.mx\/tienda\/producto\/logitech-910-006366-mouse-gaming-g705-lightspeed-inalambrico-collection-aurora-recargable-blanco\/#breadcrumb\"},\"inLanguage\":\"es-MX\",\"potentialAction\":[{\"@type\":\"ReadAction\",\"target\":[\"https:\/\/compuviper.mx\/tienda\/producto\/logitech-910-006366-mouse-gaming-g705-lightspeed-inalambrico-collection-aurora-recargable-blanco\/\"]}]},{\"@type\":\"BreadcrumbList\",\"@id\":\"https:\/\/compuviper.mx\/tienda\/producto\/logitech-910-006366-mouse-gaming-g705-lightspeed-inalambrico-collection-aurora-recargable-blanco\/#breadcrumb\",\"itemListElement\":[{\"@type\":\"ListItem\",\"position\":1,\"name\":\"Inicio\",\"item\":\"https:\/\/compuviper.mx\/tienda\/\"},{\"@type\":\"ListItem\",\"position\":2,\"name\":\"Productos\",\"item\":\"https:\/\/compuviper.mx\/tienda\/productos\/\"},{\"@type\":\"ListItem\",\"position\":3,\"name\":\"Mouse\",\"item\":\"https:\/\/compuviper.mx\/tienda\/categoria-producto\/mouse\/\"},{\"@type\":\"ListItem\",\"position\":4,\"name\":\"Gamers\",\"item\":\"https:\/\/compuviper.mx\/tienda\/categoria-producto\/mouse\/gamers-mouse\/\"},{\"@type\":\"ListItem\",\"position\":5,\"name\":\"Logitech 910-006366 Mouse Gaming G705 Lightspeed Inalambrico Collection Aurora Recargable Blanco\"}]},{\"@type\":\"WebSite\",\"@id\":\"https:\/\/compuviper.mx\/tienda\/#website\",\"url\":\"https:\/\/compuviper.mx\/tienda\/\",\"name\":\"Compuviper\",\"description\":\"Proveedor de Computadoras, Laptops, Servidores, Monitores, Puntos de Venta, Teclados,   Impresoras, T\u00f3ner, C\u00e1maras de Seguridad y m\u00e1s en tu tienda en l\u00ednea\",\"publisher\":{\"@id\":\"https:\/\/compuviper.mx\/tienda\/#organization\"},\"potentialAction\":[{\"@type\":\"SearchAction\",\"target\":{\"@type\":\"EntryPoint\",\"urlTemplate\":\"https:\/\/compuviper.mx\/tienda\/?s={search_term_string}\"},\"query-input\":\"required name=search_term_string\"}],\"inLanguage\":\"es-MX\"},{\"@type\":\"Organization\",\"@id\":\"https:\/\/compuviper.mx\/tienda\/#organization\",\"name\":\"Compuviper\",\"url\":\"https:\/\/compuviper.mx\/tienda\/\",\"logo\":{\"@type\":\"ImageObject\",\"inLanguage\":\"es-MX\",\"@id\":\"https:\/\/compuviper.mx\/tienda\/#\/schema\/logo\/image\/\",\"url\":\"https:\/\/compuviper.mx\/tienda\/wp-content\/uploads\/2021\/08\/Logo-Compuviper-10.png\",\"contentUrl\":\"https:\/\/compuviper.mx\/tienda\/wp-content\/uploads\/2021\/08\/Logo-Compuviper-10.png\",\"width\":1000,\"height\":500,\"caption\":\"Compuviper\"},\"image\":{\"@id\":\"https:\/\/compuviper.mx\/tienda\/#\/schema\/logo\/image\/\"},\"sameAs\":[\"https:\/\/www.facebook.com\/compuviper\",\"https:\/\/www.youtube.com\/channel\/UCf73dERp9Y3cfOq7q8BhLjA?view_as=subscriber\"]}]}<\/script>\n<meta property=\"product:brand\" content=\"LOGITECH\" \/>\n<meta property=\"product:price:amount\" content=\"1644\" \/>\n<meta property=\"product:price:currency\" content=\"MXN\" \/>\n<meta property=\"og:availability\" content=\"out of stock\" \/>\n<meta property=\"product:availability\" content=\"out of stock\" \/>\n<meta property=\"product:retailer_item_id\" content=\"910-006366\" \/>\n<meta property=\"product:condition\" content=\"new\" \/>\n<!-- \/ Yoast SEO plugin. -->","yoast_head_json":{"title":"[ Logitech ] &#129351; 910-006366 Mouse Gaming G705 Lightspeed Inalambrico Collection Aurora Recargable Blanco","description":"Compra 910-006366 Mouse Gaming G705 Lightspeed Inalambrico Collection Aurora Recargable Blanco + Env\u00edo a domicilio + Pago seguro + Garant\u00eda","robots":{"index":"index","follow":"follow","max-snippet":"max-snippet:-1","max-image-preview":"max-image-preview:large","max-video-preview":"max-video-preview:-1"},"canonical":"https:\/\/compuviper.mx\/tienda\/producto\/logitech-910-006366-mouse-gaming-g705-lightspeed-inalambrico-collection-aurora-recargable-blanco\/","og_locale":"es_MX","og_type":"article","og_title":"[ Logitech ] &#129351; 910-006366 Mouse Gaming G705 Lightspeed Inalambrico Collection Aurora Recargable Blanco","og_description":"Compra 910-006366 Mouse Gaming G705 Lightspeed Inalambrico Collection Aurora Recargable Blanco + Env\u00edo a domicilio + Pago seguro + Garant\u00eda","og_url":"https:\/\/compuviper.mx\/tienda\/producto\/logitech-910-006366-mouse-gaming-g705-lightspeed-inalambrico-collection-aurora-recargable-blanco\/","og_site_name":"Compuviper","article_publisher":"https:\/\/www.facebook.com\/compuviper","article_modified_time":"2026-05-09T06:53:58+00:00","og_image":[{"width":200,"height":200,"url":"https:\/\/compuviper.mx\/tienda\/wp-content\/uploads\/2024\/09\/Mouse-gaming-logitech-g705-lightspeed-blanco-aurora-collection-inalambrico-con-bateria-recargable.jpg","type":"image\/jpeg"}],"twitter_card":"summary_large_image","twitter_misc":{"Precio":"&#36;1,644 con IVA","Availability":"Out of stock"},"schema":{"@context":"https:\/\/schema.org","@graph":[{"@type":"WebPage","@id":"https:\/\/compuviper.mx\/tienda\/producto\/logitech-910-006366-mouse-gaming-g705-lightspeed-inalambrico-collection-aurora-recargable-blanco\/","url":"https:\/\/compuviper.mx\/tienda\/producto\/logitech-910-006366-mouse-gaming-g705-lightspeed-inalambrico-collection-aurora-recargable-blanco\/","name":"[ Logitech ] &#129351; 910-006366 Mouse Gaming G705 Lightspeed Inalambrico Collection Aurora Recargable Blanco","isPartOf":{"@id":"https:\/\/compuviper.mx\/tienda\/#website"},"datePublished":"2026-05-09T06:53:57+00:00","dateModified":"2026-05-09T06:53:58+00:00","description":"Compra 910-006366 Mouse Gaming G705 Lightspeed Inalambrico Collection Aurora Recargable Blanco + Env\u00edo a domicilio + Pago seguro + Garant\u00eda","breadcrumb":{"@id":"https:\/\/compuviper.mx\/tienda\/producto\/logitech-910-006366-mouse-gaming-g705-lightspeed-inalambrico-collection-aurora-recargable-blanco\/#breadcrumb"},"inLanguage":"es-MX","potentialAction":[{"@type":"ReadAction","target":["https:\/\/compuviper.mx\/tienda\/producto\/logitech-910-006366-mouse-gaming-g705-lightspeed-inalambrico-collection-aurora-recargable-blanco\/"]}]},{"@type":"BreadcrumbList","@id":"https:\/\/compuviper.mx\/tienda\/producto\/logitech-910-006366-mouse-gaming-g705-lightspeed-inalambrico-collection-aurora-recargable-blanco\/#breadcrumb","itemListElement":[{"@type":"ListItem","position":1,"name":"Inicio","item":"https:\/\/compuviper.mx\/tienda\/"},{"@type":"ListItem","position":2,"name":"Productos","item":"https:\/\/compuviper.mx\/tienda\/productos\/"},{"@type":"ListItem","position":3,"name":"Mouse","item":"https:\/\/compuviper.mx\/tienda\/categoria-producto\/mouse\/"},{"@type":"ListItem","position":4,"name":"Gamers","item":"https:\/\/compuviper.mx\/tienda\/categoria-producto\/mouse\/gamers-mouse\/"},{"@type":"ListItem","position":5,"name":"Logitech 910-006366 Mouse Gaming G705 Lightspeed Inalambrico Collection Aurora Recargable Blanco"}]},{"@type":"WebSite","@id":"https:\/\/compuviper.mx\/tienda\/#website","url":"https:\/\/compuviper.mx\/tienda\/","name":"Compuviper","description":"Proveedor de Computadoras, Laptops, Servidores, Monitores, Puntos de Venta, Teclados,   Impresoras, T\u00f3ner, C\u00e1maras de Seguridad y m\u00e1s en tu tienda en l\u00ednea","publisher":{"@id":"https:\/\/compuviper.mx\/tienda\/#organization"},"potentialAction":[{"@type":"SearchAction","target":{"@type":"EntryPoint","urlTemplate":"https:\/\/compuviper.mx\/tienda\/?s={search_term_string}"},"query-input":"required name=search_term_string"}],"inLanguage":"es-MX"},{"@type":"Organization","@id":"https:\/\/compuviper.mx\/tienda\/#organization","name":"Compuviper","url":"https:\/\/compuviper.mx\/tienda\/","logo":{"@type":"ImageObject","inLanguage":"es-MX","@id":"https:\/\/compuviper.mx\/tienda\/#\/schema\/logo\/image\/","url":"https:\/\/compuviper.mx\/tienda\/wp-content\/uploads\/2021\/08\/Logo-Compuviper-10.png","contentUrl":"https:\/\/compuviper.mx\/tienda\/wp-content\/uploads\/2021\/08\/Logo-Compuviper-10.png","width":1000,"height":500,"caption":"Compuviper"},"image":{"@id":"https:\/\/compuviper.mx\/tienda\/#\/schema\/logo\/image\/"},"sameAs":["https:\/\/www.facebook.com\/compuviper","https:\/\/www.youtube.com\/channel\/UCf73dERp9Y3cfOq7q8BhLjA?view_as=subscriber"]}]},"product_brand":"LOGITECH","product_price_amount":"1644","product_price_currency":"MXN","og_availability":"out of stock","product_availability":"out of stock","product_retailer_item_id":"910-006366","product_condition":"new"},"_links":{"self":[{"href":"https:\/\/compuviper.mx\/tienda\/wp-json\/wp\/v2\/product\/220520"}],"collection":[{"href":"https:\/\/compuviper.mx\/tienda\/wp-json\/wp\/v2\/product"}],"about":[{"href":"https:\/\/compuviper.mx\/tienda\/wp-json\/wp\/v2\/types\/product"}],"replies":[{"embeddable":true,"href":"https:\/\/compuviper.mx\/tienda\/wp-json\/wp\/v2\/comments?post=220520"}],"wp:featuredmedia":[{"embeddable":true,"href":"https:\/\/compuviper.mx\/tienda\/wp-json\/wp\/v2\/media\/242813"}],"wp:attachment":[{"href":"https:\/\/compuviper.mx\/tienda\/wp-json\/wp\/v2\/media?parent=220520"}],"wp:term":[{"taxonomy":"product_cat","embeddable":true,"href":"https:\/\/compuviper.mx\/tienda\/wp-json\/wp\/v2\/product_cat?post=220520"},{"taxonomy":"product_tag","embeddable":true,"href":"https:\/\/compuviper.mx\/tienda\/wp-json\/wp\/v2\/product_tag?post=220520"}],"curies":[{"name":"wp","href":"https:\/\/api.w.org\/{rel}","templated":true}]}}