{"id":220433,"date":"2026-04-02T00:58:49","date_gmt":"2026-04-02T06:58:49","guid":{"rendered":"https:\/\/compuviper.mx\/tienda\/producto\/dell-570-aalk-mouse-optico-inalambrico-usb-negro\/"},"modified":"2026-04-02T00:58:49","modified_gmt":"2026-04-02T06:58:49","slug":"dell-570-aalkwm126-bk-mouse-optico-inalambrico-wm126-usb-negro-570-aalk","status":"publish","type":"product","link":"https:\/\/compuviper.mx\/tienda\/producto\/dell-570-aalkwm126-bk-mouse-optico-inalambrico-wm126-usb-negro-570-aalk\/","title":{"rendered":"Dell 570-aalk,wm126-bk Mouse Optico  Inalambrico Wm126 Usb Negro 570-aalk"},"content":{"rendered":"<table class=\"descripcion\">\n<tr>\n<td>Warranty<\/td>\n<\/tr>\n<tr>\n<td>1 year<\/td>\n<\/tr>\n<tr>\n<td>Spl status<\/td>\n<\/tr>\n<tr>\n<td>Active<\/td>\n<\/tr>\n<tr>\n<td>Product category<\/td>\n<\/tr>\n<tr>\n<td>S and p client<\/td>\n<\/tr>\n<tr>\n<td>Product subcategory<\/td>\n<\/tr>\n<tr>\n<td>Snp<\/td>\n<\/tr>\n<tr>\n<td>Line of business<\/td>\n<\/tr>\n<tr>\n<td>Mouse<\/td>\n<\/tr>\n<tr>\n<td>C\u00f3digo de pa\u00eds<\/td>\n<\/tr>\n<tr>\n<td>Mx<\/td>\n<\/tr>\n<tr>\n<td>Modelo<\/td>\n<\/tr>\n<tr>\n<td>Mouse wm126 black<\/td>\n<\/tr>\n<\/table>\n","protected":false},"excerpt":{"rendered":"<p>El mouse \u00f3ptico inal\u00e1mbrico wm126 de dell le ofrece rendimiento inal\u00e1mbrico diariamente con una excelente duraci\u00f3n de la bater\u00eda. Est\u00e1 dise\u00f1ado para crear un espacio de trabajo ordenado con una confiable conexi\u00f3n inal\u00e1mbrica rf plug and play (conectar y usar). Este mouse inal\u00e1mbrico proporciona un rendimiento confiable y la estabilidad de la conexi\u00f3n inal\u00e1mbrica a trav\u00e9s de la llave inal\u00e1mbrica rf de anclaje a usb. La caracter\u00edstica plug and play permite una f\u00e1cil instalaci\u00f3n, de modo que los usuarios pueden comenzar a usar el mouse en minutos, sin requisitos confusos de software o de configuraci\u00f3n. Gracias a su tama\u00f1o peque\u00f1o y rendimiento inal\u00e1mbrico, el mouse \u00f3ptico inal\u00e1mbrico wm126 es una excelente opci\u00f3n para los usuarios en movimiento.<\/p>\n","protected":false},"featured_media":220434,"comment_status":"open","ping_status":"open","template":"","meta":[],"product_cat":[2157,1748],"product_tag":[1537],"acf":[],"yoast_head":"<!-- This site is optimized with the Yoast SEO plugin v21.7 - https:\/\/yoast.com\/wordpress\/plugins\/seo\/ -->\n<title>[ Dell ] &#129351; 570-aalk,wm126-bk Mouse Optico Inalambrico Wm126 Usb Negro 570-aalk<\/title>\n<meta name=\"description\" content=\"Compra 570-aalk,wm126-bk Mouse Optico Inalambrico Wm126 Usb Negro 570-aalk + Env\u00edo a domicilio + Pago seguro + Garant\u00eda\" \/>\n<meta name=\"robots\" content=\"index, follow, max-snippet:-1, max-image-preview:large, max-video-preview:-1\" \/>\n<link rel=\"canonical\" href=\"https:\/\/compuviper.mx\/tienda\/producto\/dell-570-aalkwm126-bk-mouse-optico-inalambrico-wm126-usb-negro-570-aalk\/\" \/>\n<meta property=\"og:locale\" content=\"es_MX\" \/>\n<meta property=\"og:type\" content=\"article\" \/>\n<meta property=\"og:title\" content=\"[ Dell ] &#129351; 570-aalk,wm126-bk Mouse Optico Inalambrico Wm126 Usb Negro 570-aalk\" \/>\n<meta property=\"og:description\" content=\"Compra 570-aalk,wm126-bk Mouse Optico Inalambrico Wm126 Usb Negro 570-aalk + Env\u00edo a domicilio + Pago seguro + Garant\u00eda\" \/>\n<meta property=\"og:url\" content=\"https:\/\/compuviper.mx\/tienda\/producto\/dell-570-aalkwm126-bk-mouse-optico-inalambrico-wm126-usb-negro-570-aalk\/\" \/>\n<meta property=\"og:site_name\" content=\"Compuviper\" \/>\n<meta property=\"article:publisher\" content=\"https:\/\/www.facebook.com\/compuviper\" \/>\n<meta property=\"og:image\" content=\"https:\/\/compuviper.mx\/tienda\/wp-content\/uploads\/2023\/12\/Mouse-optico-dell-inalambrico-usb-negro-570-aalk.jpg\" \/>\n\t<meta property=\"og:image:width\" content=\"200\" \/>\n\t<meta property=\"og:image:height\" content=\"200\" \/>\n\t<meta property=\"og:image:type\" content=\"image\/jpeg\" \/>\n<meta name=\"twitter:card\" content=\"summary_large_image\" \/>\n<meta name=\"twitter:label1\" content=\"Precio\" \/>\n\t<meta name=\"twitter:data1\" content=\"&#36;272 con IVA\" \/>\n\t<meta name=\"twitter:label2\" content=\"Availability\" \/>\n\t<meta name=\"twitter:data2\" content=\"Out of stock\" \/>\n<script type=\"application\/ld+json\" class=\"yoast-schema-graph\">{\"@context\":\"https:\/\/schema.org\",\"@graph\":[{\"@type\":\"WebPage\",\"@id\":\"https:\/\/compuviper.mx\/tienda\/producto\/dell-570-aalkwm126-bk-mouse-optico-inalambrico-wm126-usb-negro-570-aalk\/\",\"url\":\"https:\/\/compuviper.mx\/tienda\/producto\/dell-570-aalkwm126-bk-mouse-optico-inalambrico-wm126-usb-negro-570-aalk\/\",\"name\":\"[ Dell ] &#129351; 570-aalk,wm126-bk Mouse Optico Inalambrico Wm126 Usb Negro 570-aalk\",\"isPartOf\":{\"@id\":\"https:\/\/compuviper.mx\/tienda\/#website\"},\"datePublished\":\"2026-04-02T06:58:49+00:00\",\"dateModified\":\"2026-04-02T06:58:49+00:00\",\"description\":\"Compra 570-aalk,wm126-bk Mouse Optico Inalambrico Wm126 Usb Negro 570-aalk + Env\u00edo a domicilio + Pago seguro + Garant\u00eda\",\"breadcrumb\":{\"@id\":\"https:\/\/compuviper.mx\/tienda\/producto\/dell-570-aalkwm126-bk-mouse-optico-inalambrico-wm126-usb-negro-570-aalk\/#breadcrumb\"},\"inLanguage\":\"es-MX\",\"potentialAction\":[{\"@type\":\"ReadAction\",\"target\":[\"https:\/\/compuviper.mx\/tienda\/producto\/dell-570-aalkwm126-bk-mouse-optico-inalambrico-wm126-usb-negro-570-aalk\/\"]}]},{\"@type\":\"BreadcrumbList\",\"@id\":\"https:\/\/compuviper.mx\/tienda\/producto\/dell-570-aalkwm126-bk-mouse-optico-inalambrico-wm126-usb-negro-570-aalk\/#breadcrumb\",\"itemListElement\":[{\"@type\":\"ListItem\",\"position\":1,\"name\":\"Inicio\",\"item\":\"https:\/\/compuviper.mx\/tienda\/\"},{\"@type\":\"ListItem\",\"position\":2,\"name\":\"Productos\",\"item\":\"https:\/\/compuviper.mx\/tienda\/productos\/\"},{\"@type\":\"ListItem\",\"position\":3,\"name\":\"Mouse\",\"item\":\"https:\/\/compuviper.mx\/tienda\/categoria-producto\/mouse\/\"},{\"@type\":\"ListItem\",\"position\":4,\"name\":\"Scroll\",\"item\":\"https:\/\/compuviper.mx\/tienda\/categoria-producto\/mouse\/scroll\/\"},{\"@type\":\"ListItem\",\"position\":5,\"name\":\"Dell 570-aalk,wm126-bk Mouse Optico Inalambrico Wm126 Usb Negro 570-aalk\"}]},{\"@type\":\"WebSite\",\"@id\":\"https:\/\/compuviper.mx\/tienda\/#website\",\"url\":\"https:\/\/compuviper.mx\/tienda\/\",\"name\":\"Compuviper\",\"description\":\"Proveedor de Computadoras, Laptops, Servidores, Monitores, Puntos de Venta, Teclados,   Impresoras, T\u00f3ner, C\u00e1maras de Seguridad y m\u00e1s en tu tienda en l\u00ednea\",\"publisher\":{\"@id\":\"https:\/\/compuviper.mx\/tienda\/#organization\"},\"potentialAction\":[{\"@type\":\"SearchAction\",\"target\":{\"@type\":\"EntryPoint\",\"urlTemplate\":\"https:\/\/compuviper.mx\/tienda\/?s={search_term_string}\"},\"query-input\":\"required name=search_term_string\"}],\"inLanguage\":\"es-MX\"},{\"@type\":\"Organization\",\"@id\":\"https:\/\/compuviper.mx\/tienda\/#organization\",\"name\":\"Compuviper\",\"url\":\"https:\/\/compuviper.mx\/tienda\/\",\"logo\":{\"@type\":\"ImageObject\",\"inLanguage\":\"es-MX\",\"@id\":\"https:\/\/compuviper.mx\/tienda\/#\/schema\/logo\/image\/\",\"url\":\"https:\/\/compuviper.mx\/tienda\/wp-content\/uploads\/2021\/08\/Logo-Compuviper-10.png\",\"contentUrl\":\"https:\/\/compuviper.mx\/tienda\/wp-content\/uploads\/2021\/08\/Logo-Compuviper-10.png\",\"width\":1000,\"height\":500,\"caption\":\"Compuviper\"},\"image\":{\"@id\":\"https:\/\/compuviper.mx\/tienda\/#\/schema\/logo\/image\/\"},\"sameAs\":[\"https:\/\/www.facebook.com\/compuviper\",\"https:\/\/www.youtube.com\/channel\/UCf73dERp9Y3cfOq7q8BhLjA?view_as=subscriber\"]}]}<\/script>\n<meta property=\"product:brand\" content=\"DELL\" \/>\n<meta property=\"product:price:amount\" content=\"272\" \/>\n<meta property=\"product:price:currency\" content=\"MXN\" \/>\n<meta property=\"og:availability\" content=\"out of stock\" \/>\n<meta property=\"product:availability\" content=\"out of stock\" \/>\n<meta property=\"product:retailer_item_id\" content=\"570-AALK,WM126-BK\" \/>\n<meta property=\"product:condition\" content=\"new\" \/>\n<!-- \/ Yoast SEO plugin. -->","yoast_head_json":{"title":"[ Dell ] &#129351; 570-aalk,wm126-bk Mouse Optico Inalambrico Wm126 Usb Negro 570-aalk","description":"Compra 570-aalk,wm126-bk Mouse Optico Inalambrico Wm126 Usb Negro 570-aalk + Env\u00edo a domicilio + Pago seguro + Garant\u00eda","robots":{"index":"index","follow":"follow","max-snippet":"max-snippet:-1","max-image-preview":"max-image-preview:large","max-video-preview":"max-video-preview:-1"},"canonical":"https:\/\/compuviper.mx\/tienda\/producto\/dell-570-aalkwm126-bk-mouse-optico-inalambrico-wm126-usb-negro-570-aalk\/","og_locale":"es_MX","og_type":"article","og_title":"[ Dell ] &#129351; 570-aalk,wm126-bk Mouse Optico Inalambrico Wm126 Usb Negro 570-aalk","og_description":"Compra 570-aalk,wm126-bk Mouse Optico Inalambrico Wm126 Usb Negro 570-aalk + Env\u00edo a domicilio + Pago seguro + Garant\u00eda","og_url":"https:\/\/compuviper.mx\/tienda\/producto\/dell-570-aalkwm126-bk-mouse-optico-inalambrico-wm126-usb-negro-570-aalk\/","og_site_name":"Compuviper","article_publisher":"https:\/\/www.facebook.com\/compuviper","og_image":[{"width":200,"height":200,"url":"https:\/\/compuviper.mx\/tienda\/wp-content\/uploads\/2023\/12\/Mouse-optico-dell-inalambrico-usb-negro-570-aalk.jpg","type":"image\/jpeg"}],"twitter_card":"summary_large_image","twitter_misc":{"Precio":"&#36;272 con IVA","Availability":"Out of stock"},"schema":{"@context":"https:\/\/schema.org","@graph":[{"@type":"WebPage","@id":"https:\/\/compuviper.mx\/tienda\/producto\/dell-570-aalkwm126-bk-mouse-optico-inalambrico-wm126-usb-negro-570-aalk\/","url":"https:\/\/compuviper.mx\/tienda\/producto\/dell-570-aalkwm126-bk-mouse-optico-inalambrico-wm126-usb-negro-570-aalk\/","name":"[ Dell ] &#129351; 570-aalk,wm126-bk Mouse Optico Inalambrico Wm126 Usb Negro 570-aalk","isPartOf":{"@id":"https:\/\/compuviper.mx\/tienda\/#website"},"datePublished":"2026-04-02T06:58:49+00:00","dateModified":"2026-04-02T06:58:49+00:00","description":"Compra 570-aalk,wm126-bk Mouse Optico Inalambrico Wm126 Usb Negro 570-aalk + Env\u00edo a domicilio + Pago seguro + Garant\u00eda","breadcrumb":{"@id":"https:\/\/compuviper.mx\/tienda\/producto\/dell-570-aalkwm126-bk-mouse-optico-inalambrico-wm126-usb-negro-570-aalk\/#breadcrumb"},"inLanguage":"es-MX","potentialAction":[{"@type":"ReadAction","target":["https:\/\/compuviper.mx\/tienda\/producto\/dell-570-aalkwm126-bk-mouse-optico-inalambrico-wm126-usb-negro-570-aalk\/"]}]},{"@type":"BreadcrumbList","@id":"https:\/\/compuviper.mx\/tienda\/producto\/dell-570-aalkwm126-bk-mouse-optico-inalambrico-wm126-usb-negro-570-aalk\/#breadcrumb","itemListElement":[{"@type":"ListItem","position":1,"name":"Inicio","item":"https:\/\/compuviper.mx\/tienda\/"},{"@type":"ListItem","position":2,"name":"Productos","item":"https:\/\/compuviper.mx\/tienda\/productos\/"},{"@type":"ListItem","position":3,"name":"Mouse","item":"https:\/\/compuviper.mx\/tienda\/categoria-producto\/mouse\/"},{"@type":"ListItem","position":4,"name":"Scroll","item":"https:\/\/compuviper.mx\/tienda\/categoria-producto\/mouse\/scroll\/"},{"@type":"ListItem","position":5,"name":"Dell 570-aalk,wm126-bk Mouse Optico Inalambrico Wm126 Usb Negro 570-aalk"}]},{"@type":"WebSite","@id":"https:\/\/compuviper.mx\/tienda\/#website","url":"https:\/\/compuviper.mx\/tienda\/","name":"Compuviper","description":"Proveedor de Computadoras, Laptops, Servidores, Monitores, Puntos de Venta, Teclados,   Impresoras, T\u00f3ner, C\u00e1maras de Seguridad y m\u00e1s en tu tienda en l\u00ednea","publisher":{"@id":"https:\/\/compuviper.mx\/tienda\/#organization"},"potentialAction":[{"@type":"SearchAction","target":{"@type":"EntryPoint","urlTemplate":"https:\/\/compuviper.mx\/tienda\/?s={search_term_string}"},"query-input":"required name=search_term_string"}],"inLanguage":"es-MX"},{"@type":"Organization","@id":"https:\/\/compuviper.mx\/tienda\/#organization","name":"Compuviper","url":"https:\/\/compuviper.mx\/tienda\/","logo":{"@type":"ImageObject","inLanguage":"es-MX","@id":"https:\/\/compuviper.mx\/tienda\/#\/schema\/logo\/image\/","url":"https:\/\/compuviper.mx\/tienda\/wp-content\/uploads\/2021\/08\/Logo-Compuviper-10.png","contentUrl":"https:\/\/compuviper.mx\/tienda\/wp-content\/uploads\/2021\/08\/Logo-Compuviper-10.png","width":1000,"height":500,"caption":"Compuviper"},"image":{"@id":"https:\/\/compuviper.mx\/tienda\/#\/schema\/logo\/image\/"},"sameAs":["https:\/\/www.facebook.com\/compuviper","https:\/\/www.youtube.com\/channel\/UCf73dERp9Y3cfOq7q8BhLjA?view_as=subscriber"]}]},"product_brand":"DELL","product_price_amount":"272","product_price_currency":"MXN","og_availability":"out of stock","product_availability":"out of stock","product_retailer_item_id":"570-AALK,WM126-BK","product_condition":"new"},"_links":{"self":[{"href":"https:\/\/compuviper.mx\/tienda\/wp-json\/wp\/v2\/product\/220433"}],"collection":[{"href":"https:\/\/compuviper.mx\/tienda\/wp-json\/wp\/v2\/product"}],"about":[{"href":"https:\/\/compuviper.mx\/tienda\/wp-json\/wp\/v2\/types\/product"}],"replies":[{"embeddable":true,"href":"https:\/\/compuviper.mx\/tienda\/wp-json\/wp\/v2\/comments?post=220433"}],"wp:featuredmedia":[{"embeddable":true,"href":"https:\/\/compuviper.mx\/tienda\/wp-json\/wp\/v2\/media\/220434"}],"wp:attachment":[{"href":"https:\/\/compuviper.mx\/tienda\/wp-json\/wp\/v2\/media?parent=220433"}],"wp:term":[{"taxonomy":"product_cat","embeddable":true,"href":"https:\/\/compuviper.mx\/tienda\/wp-json\/wp\/v2\/product_cat?post=220433"},{"taxonomy":"product_tag","embeddable":true,"href":"https:\/\/compuviper.mx\/tienda\/wp-json\/wp\/v2\/product_tag?post=220433"}],"curies":[{"name":"wp","href":"https:\/\/api.w.org\/{rel}","templated":true}]}}