{"id":220407,"date":"2026-05-09T00:53:42","date_gmt":"2026-05-09T06:53:42","guid":{"rendered":"https:\/\/compuviper.mx\/tienda\/producto\/logitech-910-006466-mouse-lift-vertical-ergo-grafito-optico-multi-dispositivos-usb-logi-bolt-y-bluetooth-para-pc-apple-macos-10-15-o-posteriores-y-windows-10-11-o-posteriores\/"},"modified":"2026-05-09T00:53:42","modified_gmt":"2026-05-09T06:53:42","slug":"logitech-910-006466-mouse-lift-vertical-ergo-optico-inalambrico-bt-logi-bolt-easy-switch-grafito","status":"publish","type":"product","link":"https:\/\/compuviper.mx\/tienda\/producto\/logitech-910-006466-mouse-lift-vertical-ergo-optico-inalambrico-bt-logi-bolt-easy-switch-grafito\/","title":{"rendered":"Logitech 910-006466 Mouse  Lift Vertical Ergo Optico Inalambrico Bt Logi Bolt Easy-switch Grafito"},"content":{"rendered":"<table class=\"descripcion\">\n<tr>\n<td>Dimensiones<\/td>\n<\/tr>\n<tr>\n<td>Altura: 71 mm<\/td>\n<\/tr>\n<tr>\n<td>Ancho: 70 mm<\/td>\n<\/tr>\n<tr>\n<td>Profundidad: 108 mm<\/td>\n<\/tr>\n<tr>\n<td>Peso: 125 g<\/td>\n<\/tr>\n<tr>\n<td>Especificaciones t\u00e9cnicas<\/td>\n<\/tr>\n<tr>\n<td>Tecnolog\u00eda de sensor<\/td>\n<\/tr>\n<tr>\n<td>Tipo de sensor: seguimiento \u00f3ptico avanzado de logitech<\/td>\n<\/tr>\n<tr>\n<td>Rango de dpi: 400-4000 dpi (totalmente ajustable con incrementos de 100 dpi)<\/td>\n<\/tr>\n<tr>\n<td>Valor nominal: 1.000 dpi<\/td>\n<\/tr>\n<tr>\n<td>Botones<\/td>\n<\/tr>\n<tr>\n<td>N\u00famero de botones: 6 (click izquierdo\/derecho, retroceso\/avance, bot\u00f3n central, bot\u00f3n rueda con click de bot\u00f3n central)<\/td>\n<\/tr>\n<tr>\n<td>Bater\u00eda<\/td>\n<\/tr>\n<tr>\n<td>Tipo de bater\u00edas: 1 bater\u00eda aa (incluida)<\/td>\n<\/tr>\n<tr>\n<td>Duraci\u00f3n de bater\u00edas: hasta 24 meses 1la duraci\u00f3n de las bater\u00edas depende del uso y de los dispositivos.<\/td>\n<\/tr>\n<tr>\n<td>Compatibilidad con tipo de conexi\u00f3n<\/td>\n<\/tr>\n<tr>\n<td>Receptor usb logi bolt (incluido)<\/td>\n<\/tr>\n<tr>\n<td>Tecnolog\u00eda bluetooth\u00ae de bajo consumo<\/td>\n<\/tr>\n<tr>\n<td>Radio de acci\u00f3n inal\u00e1mbrico<\/td>\n<\/tr>\n<tr>\n<td>Radio de acci\u00f3n inal\u00e1mbrico de 10 m 2el radio de acci\u00f3n inal\u00e1mbrico depende del entorno operativo y de la configuraci\u00f3n de dispositivos.<\/td>\n<\/tr>\n<tr>\n<td>Compatibilidad con software logi options+<\/td>\n<\/tr>\n<tr>\n<td>Software opcional: compatible con logi options+ en macos 10.15 o posteriores y windows\u00ae 10, 11, windows 10 o posteriores<\/td>\n<\/tr>\n<tr>\n<td>Sostenibilidad<\/td>\n<\/tr>\n<tr>\n<td>Pl\u00e1stico en grafito: 70% de pl\u00e1stico reciclado posconsumo 3excluye pl\u00e1stico en el receptor, la pila, el conjunto de cableado impreso (pwa) el cable ffc.<\/td>\n<\/tr>\n<tr>\n<td>Pl\u00e1sticos blanco crudo y rosado: 54% de pl\u00e1stico reciclado posconsumo 4excluye pl\u00e1stico en el receptor, la pila, el conjunto de cableado impreso (pwa) el cable ffc.<\/td>\n<\/tr>\n<tr>\n<td>Empacado de papel: certificaci\u00f3n para fsc\u0099<\/td>\n<\/tr>\n<tr>\n<td>Requisitos del sistema<\/td>\n<\/tr>\n<tr>\n<td>Bluetooth low energy<\/td>\n<\/tr>\n<tr>\n<td>Windows 10, 11 o posterior<\/td>\n<\/tr>\n<tr>\n<td>Macos 10.15 o posterior<\/td>\n<\/tr>\n<tr>\n<td>Ipados 14 o posterior 5las funciones b\u00e1sicas del dispositivo se admitir\u00e1n sin controladores adicionales para sistemas operativos distintos de windows\u00ae y macos<\/td>\n<\/tr>\n<tr>\n<td>Chrome os 6las funciones b\u00e1sicas del dispositivo se admitir\u00e1n sin controladores adicionales para sistemas operativos distintos de windows\u00ae y macos<\/td>\n<\/tr>\n<tr>\n<td>Linux\u00ae 7las funciones b\u00e1sicas del dispositivo se admitir\u00e1n sin controladores adicionales para sistemas operativos distintos de windows\u00ae y macos<\/td>\n<\/tr>\n<tr>\n<td>Android 8 o posterior 8las funciones b\u00e1sicas del dispositivo se admitir\u00e1n sin controladores adicionales para sistemas operativos distintos de windows\u00ae y macos<\/td>\n<\/tr>\n<tr>\n<td>Receptor usb logi bolt<\/td>\n<\/tr>\n<tr>\n<td>Requiere: puerto usb disponible<\/td>\n<\/tr>\n<tr>\n<td>Windows 10, 11 o posterior<\/td>\n<\/tr>\n<tr>\n<td>Macos 10.15 o posterior<\/td>\n<\/tr>\n<tr>\n<td>Chrome os 9las funciones b\u00e1sicas de los dispositivos se admitir\u00e1n sin software para sistemas distintos de windows y macos.<\/td>\n<\/tr>\n<tr>\n<td>Linux 10las funciones b\u00e1sicas de los dispositivos se admitir\u00e1n sin software para sistemas distintos de windows y macos.<\/td>\n<\/tr>\n<tr>\n<td>En la caja<\/td>\n<\/tr>\n<tr>\n<td>Mouse ergon\u00f3mico vertical lift<\/td>\n<\/tr>\n<tr>\n<td>Receptor usb logi bolt<\/td>\n<\/tr>\n<tr>\n<td>1 bater\u00eda aa<\/td>\n<\/tr>\n<tr>\n<td>Gu\u00eda de inicio r\u00e1pido<\/td>\n<\/tr>\n<\/table>\n","protected":false},"excerpt":{"rendered":"<p>Serie ergo. Lift. Confort prolongado, ideal para manos peque\u00f1as y medianas. Levanta la mano, ender\u00e9zala en una postura m\u00e1s natural y descubre la verdadera comodidad. Rel\u00e1jate y aumenta la productividad con el mouse ergon\u00f3mico vertical lift, un dispositivo dise\u00f1ado para manos peque\u00f1as y medianas. Disfruta de confort de la ma\u00f1ana a la noche con lift vertical ergonomic mouse. Una opci\u00f3n ideal para manos peque\u00f1as y medianas, lift est\u00e1 disponible en tres colores cl\u00e1sicos. Lo vertical est\u00e1 de moda. Fuimos los primeros en decirlo. Porque un mouse intuitivo con la forma de lift puede hacer que las largas horas de trabajo sean un placer. \u00bfdespertamos tu curiosidad? descubre qu\u00e9 dicen funso, elin y lucy. Levanta la mano y descubre la comodidad. Apoya la mano en una superficie de textura suave, con botones de f\u00e1cil acceso que te ayudan a trabajar todo el d\u00eda sin levantar un dedo. Incluso tiene un \u00e1rea para el pulgar. Trabaja sin dolor por m\u00e1s tiempo. El \u00e1ngulo \u00f3ptimo de 57\u00b0 de lift posibilita lo que llamamos posici\u00f3n de sujeci\u00f3n natural, que ejerce menos presi\u00f3n sobre la mu\u00f1eca a lo largo del d\u00eda y fomenta una postura m\u00e1s natural del brazo y la parte superior del cuerpo. Rel\u00e1jate y aumenta la productividad. Con la parte superior del cuerpo m\u00e1s relajada, la mente puede concentrarse en las cosas realmente importantes. Trabaja apaciblemente ma\u00f1ana y tarde con clicks silenciosos y un bot\u00f3n rueda que se desliza suavemente y responde a toques liger\u00edsimos. Aprobado por expertos. Dise\u00f1ado, desarrollado y probado en logi ergo lab, y con la aprobaci\u00f3n de las principales instituciones en materia ergon\u00f3mica, lift se toma en serio el bienestar del usuario en el espacio de trabajo. Con modos de desplazamiento de velocidad y precisi\u00f3n, el bot\u00f3n smartwheel de lift facilita el trabajo, tanto si es para editar l\u00ednea a l\u00ednea como para recorrer documentos r\u00e1pidamente. Personaliza los cuatro botones de f\u00e1cil acceso de lift para tus cuatro accesos directos favoritos, con el intuitivo software logi options+. Incluso puedes cambiar la configuraci\u00f3n para distintas aplicaciones16requiere software logi options+, disponible para windows y macos en logitech.Com\/optionsplus., desde el silenciamiento del micr\u00f3fono en las llamadas, a la funci\u00f3n de voz a texto17el dictado lo proporcionan windows y macos, y actualmente s\u00f3lo est\u00e1 disponible en determinados idiomas y regiones. M\u00e1s informaci\u00f3n: logitech.Com\/suppport\/osdictation en tus documentos. Tanto si usas una computadora como una tablet, puedes alternar f\u00e1cilmente entre tres dispositivos con el bot\u00f3n easy-switch. Incluso puedes mover archivos entre ellos gracias a la tecnolog\u00eda logitech flow18requiere software logi options+, disponible para windows\u00ae y macos en logitech.Com\/optionsplus. . Rapidez de conexi\u00f3n y durabilidad. Con\u00e9ctate f\u00e1cilmente usando bluetooth\u00ae de bajo consumo o el receptor usb logi bolt incluido, que es ideal para entornos congestionados, como las oficinas. Disfruta de hasta 2 a\u00f1os de productividad con una sola bater\u00eda aa incluida.<\/p>\n","protected":false},"featured_media":220408,"comment_status":"open","ping_status":"open","template":"","meta":[],"product_cat":[1748,1749],"product_tag":[1500],"acf":[],"yoast_head":"<!-- This site is optimized with the Yoast SEO plugin v21.7 - https:\/\/yoast.com\/wordpress\/plugins\/seo\/ -->\n<title>[ Logitech ] &#129351; 910-006466 Mouse Lift Vertical Ergo Optico Inalambrico Bt Logi Bolt Easy-switch Grafito<\/title>\n<meta name=\"description\" content=\"Compra 910-006466 Mouse Lift Vertical Ergo Optico Inalambrico Bt Logi Bolt Easy-switch Grafito + Env\u00edo a domicilio + Pago seguro + Garant\u00eda\" \/>\n<meta name=\"robots\" content=\"index, follow, max-snippet:-1, max-image-preview:large, max-video-preview:-1\" \/>\n<link rel=\"canonical\" href=\"https:\/\/compuviper.mx\/tienda\/producto\/logitech-910-006466-mouse-lift-vertical-ergo-optico-inalambrico-bt-logi-bolt-easy-switch-grafito\/\" \/>\n<meta property=\"og:locale\" content=\"es_MX\" \/>\n<meta property=\"og:type\" content=\"article\" \/>\n<meta property=\"og:title\" content=\"[ Logitech ] &#129351; 910-006466 Mouse Lift Vertical Ergo Optico Inalambrico Bt Logi Bolt Easy-switch Grafito\" \/>\n<meta property=\"og:description\" content=\"Compra 910-006466 Mouse Lift Vertical Ergo Optico Inalambrico Bt Logi Bolt Easy-switch Grafito + Env\u00edo a domicilio + Pago seguro + Garant\u00eda\" \/>\n<meta property=\"og:url\" content=\"https:\/\/compuviper.mx\/tienda\/producto\/logitech-910-006466-mouse-lift-vertical-ergo-optico-inalambrico-bt-logi-bolt-easy-switch-grafito\/\" \/>\n<meta property=\"og:site_name\" content=\"Compuviper\" \/>\n<meta property=\"article:publisher\" content=\"https:\/\/www.facebook.com\/compuviper\" \/>\n<meta property=\"og:image\" content=\"https:\/\/compuviper.mx\/tienda\/wp-content\/uploads\/2023\/12\/Mouse-logitech-lift-vertical-ergo-grafito-optico-multi-dispositivos-usb-logi-bolt-y-bluetooth-para-pcapple-macos-10.15-o-posteriores-y-windows\u00ae-10-11-o-posteriores.jpg\" \/>\n\t<meta property=\"og:image:width\" content=\"200\" \/>\n\t<meta property=\"og:image:height\" content=\"200\" \/>\n\t<meta property=\"og:image:type\" content=\"image\/jpeg\" \/>\n<meta name=\"twitter:card\" content=\"summary_large_image\" \/>\n<meta name=\"twitter:label1\" content=\"Precio\" \/>\n\t<meta name=\"twitter:data1\" content=\"&#36;1,572 con IVA\" \/>\n\t<meta name=\"twitter:label2\" content=\"Availability\" \/>\n\t<meta name=\"twitter:data2\" content=\"In stock\" \/>\n<script type=\"application\/ld+json\" class=\"yoast-schema-graph\">{\"@context\":\"https:\/\/schema.org\",\"@graph\":[{\"@type\":\"WebPage\",\"@id\":\"https:\/\/compuviper.mx\/tienda\/producto\/logitech-910-006466-mouse-lift-vertical-ergo-optico-inalambrico-bt-logi-bolt-easy-switch-grafito\/\",\"url\":\"https:\/\/compuviper.mx\/tienda\/producto\/logitech-910-006466-mouse-lift-vertical-ergo-optico-inalambrico-bt-logi-bolt-easy-switch-grafito\/\",\"name\":\"[ Logitech ] &#129351; 910-006466 Mouse Lift Vertical Ergo Optico Inalambrico Bt Logi Bolt Easy-switch Grafito\",\"isPartOf\":{\"@id\":\"https:\/\/compuviper.mx\/tienda\/#website\"},\"datePublished\":\"2026-05-09T06:53:42+00:00\",\"dateModified\":\"2026-05-09T06:53:42+00:00\",\"description\":\"Compra 910-006466 Mouse Lift Vertical Ergo Optico Inalambrico Bt Logi Bolt Easy-switch Grafito + Env\u00edo a domicilio + Pago seguro + Garant\u00eda\",\"breadcrumb\":{\"@id\":\"https:\/\/compuviper.mx\/tienda\/producto\/logitech-910-006466-mouse-lift-vertical-ergo-optico-inalambrico-bt-logi-bolt-easy-switch-grafito\/#breadcrumb\"},\"inLanguage\":\"es-MX\",\"potentialAction\":[{\"@type\":\"ReadAction\",\"target\":[\"https:\/\/compuviper.mx\/tienda\/producto\/logitech-910-006466-mouse-lift-vertical-ergo-optico-inalambrico-bt-logi-bolt-easy-switch-grafito\/\"]}]},{\"@type\":\"BreadcrumbList\",\"@id\":\"https:\/\/compuviper.mx\/tienda\/producto\/logitech-910-006466-mouse-lift-vertical-ergo-optico-inalambrico-bt-logi-bolt-easy-switch-grafito\/#breadcrumb\",\"itemListElement\":[{\"@type\":\"ListItem\",\"position\":1,\"name\":\"Inicio\",\"item\":\"https:\/\/compuviper.mx\/tienda\/\"},{\"@type\":\"ListItem\",\"position\":2,\"name\":\"Productos\",\"item\":\"https:\/\/compuviper.mx\/tienda\/productos\/\"},{\"@type\":\"ListItem\",\"position\":3,\"name\":\"Mouse\",\"item\":\"https:\/\/compuviper.mx\/tienda\/categoria-producto\/mouse\/\"},{\"@type\":\"ListItem\",\"position\":4,\"name\":\"Optico\",\"item\":\"https:\/\/compuviper.mx\/tienda\/categoria-producto\/mouse\/optico\/\"},{\"@type\":\"ListItem\",\"position\":5,\"name\":\"Logitech 910-006466 Mouse Lift Vertical Ergo Optico Inalambrico Bt Logi Bolt Easy-switch Grafito\"}]},{\"@type\":\"WebSite\",\"@id\":\"https:\/\/compuviper.mx\/tienda\/#website\",\"url\":\"https:\/\/compuviper.mx\/tienda\/\",\"name\":\"Compuviper\",\"description\":\"Proveedor de Computadoras, Laptops, Servidores, Monitores, Puntos de Venta, Teclados,   Impresoras, T\u00f3ner, C\u00e1maras de Seguridad y m\u00e1s en tu tienda en l\u00ednea\",\"publisher\":{\"@id\":\"https:\/\/compuviper.mx\/tienda\/#organization\"},\"potentialAction\":[{\"@type\":\"SearchAction\",\"target\":{\"@type\":\"EntryPoint\",\"urlTemplate\":\"https:\/\/compuviper.mx\/tienda\/?s={search_term_string}\"},\"query-input\":\"required name=search_term_string\"}],\"inLanguage\":\"es-MX\"},{\"@type\":\"Organization\",\"@id\":\"https:\/\/compuviper.mx\/tienda\/#organization\",\"name\":\"Compuviper\",\"url\":\"https:\/\/compuviper.mx\/tienda\/\",\"logo\":{\"@type\":\"ImageObject\",\"inLanguage\":\"es-MX\",\"@id\":\"https:\/\/compuviper.mx\/tienda\/#\/schema\/logo\/image\/\",\"url\":\"https:\/\/compuviper.mx\/tienda\/wp-content\/uploads\/2021\/08\/Logo-Compuviper-10.png\",\"contentUrl\":\"https:\/\/compuviper.mx\/tienda\/wp-content\/uploads\/2021\/08\/Logo-Compuviper-10.png\",\"width\":1000,\"height\":500,\"caption\":\"Compuviper\"},\"image\":{\"@id\":\"https:\/\/compuviper.mx\/tienda\/#\/schema\/logo\/image\/\"},\"sameAs\":[\"https:\/\/www.facebook.com\/compuviper\",\"https:\/\/www.youtube.com\/channel\/UCf73dERp9Y3cfOq7q8BhLjA?view_as=subscriber\"]}]}<\/script>\n<meta property=\"product:brand\" content=\"LOGITECH\" \/>\n<meta property=\"product:price:amount\" content=\"1572\" \/>\n<meta property=\"product:price:currency\" content=\"MXN\" \/>\n<meta property=\"og:availability\" content=\"instock\" \/>\n<meta property=\"product:availability\" content=\"instock\" \/>\n<meta property=\"product:retailer_item_id\" content=\"910-006466\" \/>\n<meta property=\"product:condition\" content=\"new\" \/>\n<!-- \/ Yoast SEO plugin. -->","yoast_head_json":{"title":"[ Logitech ] &#129351; 910-006466 Mouse Lift Vertical Ergo Optico Inalambrico Bt Logi Bolt Easy-switch Grafito","description":"Compra 910-006466 Mouse Lift Vertical Ergo Optico Inalambrico Bt Logi Bolt Easy-switch Grafito + Env\u00edo a domicilio + Pago seguro + Garant\u00eda","robots":{"index":"index","follow":"follow","max-snippet":"max-snippet:-1","max-image-preview":"max-image-preview:large","max-video-preview":"max-video-preview:-1"},"canonical":"https:\/\/compuviper.mx\/tienda\/producto\/logitech-910-006466-mouse-lift-vertical-ergo-optico-inalambrico-bt-logi-bolt-easy-switch-grafito\/","og_locale":"es_MX","og_type":"article","og_title":"[ Logitech ] &#129351; 910-006466 Mouse Lift Vertical Ergo Optico Inalambrico Bt Logi Bolt Easy-switch Grafito","og_description":"Compra 910-006466 Mouse Lift Vertical Ergo Optico Inalambrico Bt Logi Bolt Easy-switch Grafito + Env\u00edo a domicilio + Pago seguro + Garant\u00eda","og_url":"https:\/\/compuviper.mx\/tienda\/producto\/logitech-910-006466-mouse-lift-vertical-ergo-optico-inalambrico-bt-logi-bolt-easy-switch-grafito\/","og_site_name":"Compuviper","article_publisher":"https:\/\/www.facebook.com\/compuviper","og_image":[{"width":200,"height":200,"url":"https:\/\/compuviper.mx\/tienda\/wp-content\/uploads\/2023\/12\/Mouse-logitech-lift-vertical-ergo-grafito-optico-multi-dispositivos-usb-logi-bolt-y-bluetooth-para-pcapple-macos-10.15-o-posteriores-y-windows\u00ae-10-11-o-posteriores.jpg","type":"image\/jpeg"}],"twitter_card":"summary_large_image","twitter_misc":{"Precio":"&#36;1,572 con IVA","Availability":"In stock"},"schema":{"@context":"https:\/\/schema.org","@graph":[{"@type":"WebPage","@id":"https:\/\/compuviper.mx\/tienda\/producto\/logitech-910-006466-mouse-lift-vertical-ergo-optico-inalambrico-bt-logi-bolt-easy-switch-grafito\/","url":"https:\/\/compuviper.mx\/tienda\/producto\/logitech-910-006466-mouse-lift-vertical-ergo-optico-inalambrico-bt-logi-bolt-easy-switch-grafito\/","name":"[ Logitech ] &#129351; 910-006466 Mouse Lift Vertical Ergo Optico Inalambrico Bt Logi Bolt Easy-switch Grafito","isPartOf":{"@id":"https:\/\/compuviper.mx\/tienda\/#website"},"datePublished":"2026-05-09T06:53:42+00:00","dateModified":"2026-05-09T06:53:42+00:00","description":"Compra 910-006466 Mouse Lift Vertical Ergo Optico Inalambrico Bt Logi Bolt Easy-switch Grafito + Env\u00edo a domicilio + Pago seguro + Garant\u00eda","breadcrumb":{"@id":"https:\/\/compuviper.mx\/tienda\/producto\/logitech-910-006466-mouse-lift-vertical-ergo-optico-inalambrico-bt-logi-bolt-easy-switch-grafito\/#breadcrumb"},"inLanguage":"es-MX","potentialAction":[{"@type":"ReadAction","target":["https:\/\/compuviper.mx\/tienda\/producto\/logitech-910-006466-mouse-lift-vertical-ergo-optico-inalambrico-bt-logi-bolt-easy-switch-grafito\/"]}]},{"@type":"BreadcrumbList","@id":"https:\/\/compuviper.mx\/tienda\/producto\/logitech-910-006466-mouse-lift-vertical-ergo-optico-inalambrico-bt-logi-bolt-easy-switch-grafito\/#breadcrumb","itemListElement":[{"@type":"ListItem","position":1,"name":"Inicio","item":"https:\/\/compuviper.mx\/tienda\/"},{"@type":"ListItem","position":2,"name":"Productos","item":"https:\/\/compuviper.mx\/tienda\/productos\/"},{"@type":"ListItem","position":3,"name":"Mouse","item":"https:\/\/compuviper.mx\/tienda\/categoria-producto\/mouse\/"},{"@type":"ListItem","position":4,"name":"Optico","item":"https:\/\/compuviper.mx\/tienda\/categoria-producto\/mouse\/optico\/"},{"@type":"ListItem","position":5,"name":"Logitech 910-006466 Mouse Lift Vertical Ergo Optico Inalambrico Bt Logi Bolt Easy-switch Grafito"}]},{"@type":"WebSite","@id":"https:\/\/compuviper.mx\/tienda\/#website","url":"https:\/\/compuviper.mx\/tienda\/","name":"Compuviper","description":"Proveedor de Computadoras, Laptops, Servidores, Monitores, Puntos de Venta, Teclados,   Impresoras, T\u00f3ner, C\u00e1maras de Seguridad y m\u00e1s en tu tienda en l\u00ednea","publisher":{"@id":"https:\/\/compuviper.mx\/tienda\/#organization"},"potentialAction":[{"@type":"SearchAction","target":{"@type":"EntryPoint","urlTemplate":"https:\/\/compuviper.mx\/tienda\/?s={search_term_string}"},"query-input":"required name=search_term_string"}],"inLanguage":"es-MX"},{"@type":"Organization","@id":"https:\/\/compuviper.mx\/tienda\/#organization","name":"Compuviper","url":"https:\/\/compuviper.mx\/tienda\/","logo":{"@type":"ImageObject","inLanguage":"es-MX","@id":"https:\/\/compuviper.mx\/tienda\/#\/schema\/logo\/image\/","url":"https:\/\/compuviper.mx\/tienda\/wp-content\/uploads\/2021\/08\/Logo-Compuviper-10.png","contentUrl":"https:\/\/compuviper.mx\/tienda\/wp-content\/uploads\/2021\/08\/Logo-Compuviper-10.png","width":1000,"height":500,"caption":"Compuviper"},"image":{"@id":"https:\/\/compuviper.mx\/tienda\/#\/schema\/logo\/image\/"},"sameAs":["https:\/\/www.facebook.com\/compuviper","https:\/\/www.youtube.com\/channel\/UCf73dERp9Y3cfOq7q8BhLjA?view_as=subscriber"]}]},"product_brand":"LOGITECH","product_price_amount":"1572","product_price_currency":"MXN","og_availability":"instock","product_availability":"instock","product_retailer_item_id":"910-006466","product_condition":"new"},"_links":{"self":[{"href":"https:\/\/compuviper.mx\/tienda\/wp-json\/wp\/v2\/product\/220407"}],"collection":[{"href":"https:\/\/compuviper.mx\/tienda\/wp-json\/wp\/v2\/product"}],"about":[{"href":"https:\/\/compuviper.mx\/tienda\/wp-json\/wp\/v2\/types\/product"}],"replies":[{"embeddable":true,"href":"https:\/\/compuviper.mx\/tienda\/wp-json\/wp\/v2\/comments?post=220407"}],"wp:featuredmedia":[{"embeddable":true,"href":"https:\/\/compuviper.mx\/tienda\/wp-json\/wp\/v2\/media\/220408"}],"wp:attachment":[{"href":"https:\/\/compuviper.mx\/tienda\/wp-json\/wp\/v2\/media?parent=220407"}],"wp:term":[{"taxonomy":"product_cat","embeddable":true,"href":"https:\/\/compuviper.mx\/tienda\/wp-json\/wp\/v2\/product_cat?post=220407"},{"taxonomy":"product_tag","embeddable":true,"href":"https:\/\/compuviper.mx\/tienda\/wp-json\/wp\/v2\/product_tag?post=220407"}],"curies":[{"name":"wp","href":"https:\/\/api.w.org\/{rel}","templated":true}]}}