{"id":220369,"date":"2026-05-09T00:53:38","date_gmt":"2026-05-09T06:53:38","guid":{"rendered":"https:\/\/compuviper.mx\/tienda\/producto\/manhattan-179904-mouse-inalambricooptico-performance-ii-negro\/"},"modified":"2026-05-09T00:53:39","modified_gmt":"2026-05-09T06:53:39","slug":"manhattan-179904-mouse-inalambricooptico-performance-ii-negro","status":"publish","type":"product","link":"https:\/\/compuviper.mx\/tienda\/producto\/manhattan-179904-mouse-inalambricooptico-performance-ii-negro\/","title":{"rendered":"Manhattan 179904 Mouse Inalambrico,,,optico Performance Ii Negro"},"content":{"rendered":"<table class=\"descripcion\">\n<tr>\n<td>El rat\u00f3n \u00f3ptico inal\u00e1mbrico manhattan performance ii combina un dise\u00f1o<\/td>\n<\/tr>\n<tr>\n<td>Moderno con precisi\u00f3n y rendimiento avanzados. su bot\u00f3n pulsador de montaje<\/td>\n<\/tr>\n<tr>\n<td>Superior cambia instant\u00e1neamente la resoluci\u00f3n de 800 a 1200 a 1600 ppp<\/td>\n<\/tr>\n<tr>\n<td>Para adaptarse a una amplia gama de aplicaciones, incluidas tareas<\/td>\n<\/tr>\n<tr>\n<td>Inform\u00e1ticas de rutina o juegos de computadora y edici\u00f3n que requieren un<\/td>\n<\/tr>\n<tr>\n<td>Toque fino. su forma de tama\u00f1o completo y su configuraci\u00f3n de cuatro botones<\/td>\n<\/tr>\n<tr>\n<td>Brindan acceso directo a los comandos esenciales con un movimiento m\u00ednimo<\/td>\n<\/tr>\n<tr>\n<td>De mu\u00f1eca. una textura antideslizante aplicada a superficies cr\u00edticas ayuda a<\/td>\n<\/tr>\n<tr>\n<td>Proporcionar un agarre c\u00f3modo y seguro. el microreceptor usb notablemente<\/td>\n<\/tr>\n<tr>\n<td>Peque\u00f1o pero potente con tecnolog\u00eda de 2,4 ghz proporciona un alcance<\/td>\n<\/tr>\n<tr>\n<td>Efectivo de hasta 10 m (33 pies) y se almacena en un compartimento especial a<\/td>\n<\/tr>\n<tr>\n<td>Bordo o permanece instalado para una verdadera comodidad inal\u00e1mbrica. la<\/td>\n<\/tr>\n<tr>\n<td>Administraci\u00f3n autom\u00e1tica de energ\u00eda incluida ayuda a mantener los niveles<\/td>\n<\/tr>\n<tr>\n<td>Adecuados de bater\u00eda para un funcionamiento confiable y prolongado.<\/td>\n<\/tr>\n<\/table>\n","protected":false},"excerpt":{"rendered":"<p>Features. Libertad inal\u00e1mbrica a trav\u00e9s de un micro receptor usb con tecnolog\u00eda. Rf de 2,4 ghz que ofrece un alcance efectivo de hasta 10 m (33 pies. Control de bot\u00f3n de montaje superior para cambiar instant\u00e1neamente. La resoluci\u00f3n entre 800, 1200 y 1600 ppp. La administraci\u00f3n autom\u00e1tica de energ\u00eda ayuda a mantener los niveles. Adecuados de la bater\u00eda. Forma ergon\u00f3mica y textura antideslizante para un agarre seguro. \u00e1rea para guardar el receptor usb dentro del mouse, para protegerlo. De da\u00f1os y evitar que se pierda. Base de baja fricci\u00f3n para un deslizamiento suave sobre superficies de. Trabajo. Instalaci\u00f3n plug and play \u0097 compatible con windows y mac. Especificaciones. Est\u00e1ndares y certificaciones. \u0095 ce. \u0095 fcc. \u0095 rohs. General. \u0095 alcance: 2.4 ghz inal\u00e1mbrico: hasta 10 m (33 pies. \u0095 sensor \u00f3ptico: resoluci\u00f3n de 800 \/ 1200 \/ 1600 dpi. \u0095 botones derecho, izquierdo y central con rueda de desplazamiento y bot\u00f3n de. Ajuste de resoluci\u00f3n. \u0095 modo autom\u00e1tico de ahorro de energ\u00eda\/ modo de apagado. \u0095 detalles de la bater\u00eda. &#8211; tipo: alcalino. &#8211; tama\u00f1o de la bater\u00eda: aa. &#8211; n\u00famero de bater\u00edas necesarias para alimentar el producto: 1 (incluido. &#8211; voltaje de la bater\u00eda: 1,5 v. &#8211; capacidad de la bater\u00eda: 2400 mah. &#8211; n\u00famero de celdas de bater\u00eda: 1<\/p>\n","protected":false},"featured_media":220370,"comment_status":"open","ping_status":"open","template":"","meta":[],"product_cat":[1748,1749],"product_tag":[1487],"acf":[],"yoast_head":"<!-- This site is optimized with the Yoast SEO plugin v21.7 - https:\/\/yoast.com\/wordpress\/plugins\/seo\/ -->\n<title>[ Manhattan ] &#129351; 179904 Mouse Inalambrico,,,optico Performance Ii Negro<\/title>\n<meta name=\"description\" content=\"Compra 179904 Mouse Inalambrico,,,optico Performance Ii Negro + Env\u00edo a domicilio + Pago seguro + Garant\u00eda\" \/>\n<meta name=\"robots\" content=\"index, follow, max-snippet:-1, max-image-preview:large, max-video-preview:-1\" \/>\n<link rel=\"canonical\" href=\"https:\/\/compuviper.mx\/tienda\/producto\/manhattan-179904-mouse-inalambricooptico-performance-ii-negro\/\" \/>\n<meta property=\"og:locale\" content=\"es_MX\" \/>\n<meta property=\"og:type\" content=\"article\" \/>\n<meta property=\"og:title\" content=\"[ Manhattan ] &#129351; 179904 Mouse Inalambrico,,,optico Performance Ii Negro\" \/>\n<meta property=\"og:description\" content=\"Compra 179904 Mouse Inalambrico,,,optico Performance Ii Negro + Env\u00edo a domicilio + Pago seguro + Garant\u00eda\" \/>\n<meta property=\"og:url\" content=\"https:\/\/compuviper.mx\/tienda\/producto\/manhattan-179904-mouse-inalambricooptico-performance-ii-negro\/\" \/>\n<meta property=\"og:site_name\" content=\"Compuviper\" \/>\n<meta property=\"article:publisher\" content=\"https:\/\/www.facebook.com\/compuviper\" \/>\n<meta property=\"article:modified_time\" content=\"2026-05-09T06:53:39+00:00\" \/>\n<meta property=\"og:image\" content=\"https:\/\/compuviper.mx\/tienda\/wp-content\/uploads\/2023\/12\/Mouse-inalambricomanhattan179904optico-performance-ii-negro.jpg\" \/>\n\t<meta property=\"og:image:width\" content=\"200\" \/>\n\t<meta property=\"og:image:height\" content=\"200\" \/>\n\t<meta property=\"og:image:type\" content=\"image\/jpeg\" \/>\n<meta name=\"twitter:card\" content=\"summary_large_image\" \/>\n<meta name=\"twitter:label1\" content=\"Precio\" \/>\n\t<meta name=\"twitter:data1\" content=\"&#36;159 con IVA\" \/>\n\t<meta name=\"twitter:label2\" content=\"Availability\" \/>\n\t<meta name=\"twitter:data2\" content=\"Out of stock\" \/>\n<script type=\"application\/ld+json\" class=\"yoast-schema-graph\">{\"@context\":\"https:\/\/schema.org\",\"@graph\":[{\"@type\":\"WebPage\",\"@id\":\"https:\/\/compuviper.mx\/tienda\/producto\/manhattan-179904-mouse-inalambricooptico-performance-ii-negro\/\",\"url\":\"https:\/\/compuviper.mx\/tienda\/producto\/manhattan-179904-mouse-inalambricooptico-performance-ii-negro\/\",\"name\":\"[ Manhattan ] &#129351; 179904 Mouse Inalambrico,,,optico Performance Ii Negro\",\"isPartOf\":{\"@id\":\"https:\/\/compuviper.mx\/tienda\/#website\"},\"datePublished\":\"2026-05-09T06:53:38+00:00\",\"dateModified\":\"2026-05-09T06:53:39+00:00\",\"description\":\"Compra 179904 Mouse Inalambrico,,,optico Performance Ii Negro + Env\u00edo a domicilio + Pago seguro + Garant\u00eda\",\"breadcrumb\":{\"@id\":\"https:\/\/compuviper.mx\/tienda\/producto\/manhattan-179904-mouse-inalambricooptico-performance-ii-negro\/#breadcrumb\"},\"inLanguage\":\"es-MX\",\"potentialAction\":[{\"@type\":\"ReadAction\",\"target\":[\"https:\/\/compuviper.mx\/tienda\/producto\/manhattan-179904-mouse-inalambricooptico-performance-ii-negro\/\"]}]},{\"@type\":\"BreadcrumbList\",\"@id\":\"https:\/\/compuviper.mx\/tienda\/producto\/manhattan-179904-mouse-inalambricooptico-performance-ii-negro\/#breadcrumb\",\"itemListElement\":[{\"@type\":\"ListItem\",\"position\":1,\"name\":\"Inicio\",\"item\":\"https:\/\/compuviper.mx\/tienda\/\"},{\"@type\":\"ListItem\",\"position\":2,\"name\":\"Productos\",\"item\":\"https:\/\/compuviper.mx\/tienda\/productos\/\"},{\"@type\":\"ListItem\",\"position\":3,\"name\":\"Mouse\",\"item\":\"https:\/\/compuviper.mx\/tienda\/categoria-producto\/mouse\/\"},{\"@type\":\"ListItem\",\"position\":4,\"name\":\"Optico\",\"item\":\"https:\/\/compuviper.mx\/tienda\/categoria-producto\/mouse\/optico\/\"},{\"@type\":\"ListItem\",\"position\":5,\"name\":\"Manhattan 179904 Mouse Inalambrico,,,optico Performance Ii Negro\"}]},{\"@type\":\"WebSite\",\"@id\":\"https:\/\/compuviper.mx\/tienda\/#website\",\"url\":\"https:\/\/compuviper.mx\/tienda\/\",\"name\":\"Compuviper\",\"description\":\"Proveedor de Computadoras, Laptops, Servidores, Monitores, Puntos de Venta, Teclados,   Impresoras, T\u00f3ner, C\u00e1maras de Seguridad y m\u00e1s en tu tienda en l\u00ednea\",\"publisher\":{\"@id\":\"https:\/\/compuviper.mx\/tienda\/#organization\"},\"potentialAction\":[{\"@type\":\"SearchAction\",\"target\":{\"@type\":\"EntryPoint\",\"urlTemplate\":\"https:\/\/compuviper.mx\/tienda\/?s={search_term_string}\"},\"query-input\":\"required name=search_term_string\"}],\"inLanguage\":\"es-MX\"},{\"@type\":\"Organization\",\"@id\":\"https:\/\/compuviper.mx\/tienda\/#organization\",\"name\":\"Compuviper\",\"url\":\"https:\/\/compuviper.mx\/tienda\/\",\"logo\":{\"@type\":\"ImageObject\",\"inLanguage\":\"es-MX\",\"@id\":\"https:\/\/compuviper.mx\/tienda\/#\/schema\/logo\/image\/\",\"url\":\"https:\/\/compuviper.mx\/tienda\/wp-content\/uploads\/2021\/08\/Logo-Compuviper-10.png\",\"contentUrl\":\"https:\/\/compuviper.mx\/tienda\/wp-content\/uploads\/2021\/08\/Logo-Compuviper-10.png\",\"width\":1000,\"height\":500,\"caption\":\"Compuviper\"},\"image\":{\"@id\":\"https:\/\/compuviper.mx\/tienda\/#\/schema\/logo\/image\/\"},\"sameAs\":[\"https:\/\/www.facebook.com\/compuviper\",\"https:\/\/www.youtube.com\/channel\/UCf73dERp9Y3cfOq7q8BhLjA?view_as=subscriber\"]}]}<\/script>\n<meta property=\"product:brand\" content=\"MANHATTAN\" \/>\n<meta property=\"product:price:amount\" content=\"159\" \/>\n<meta property=\"product:price:currency\" content=\"MXN\" \/>\n<meta property=\"og:availability\" content=\"out of stock\" \/>\n<meta property=\"product:availability\" content=\"out of stock\" \/>\n<meta property=\"product:retailer_item_id\" content=\"179904\" \/>\n<meta property=\"product:condition\" content=\"new\" \/>\n<!-- \/ Yoast SEO plugin. -->","yoast_head_json":{"title":"[ Manhattan ] &#129351; 179904 Mouse Inalambrico,,,optico Performance Ii Negro","description":"Compra 179904 Mouse Inalambrico,,,optico Performance Ii Negro + Env\u00edo a domicilio + Pago seguro + Garant\u00eda","robots":{"index":"index","follow":"follow","max-snippet":"max-snippet:-1","max-image-preview":"max-image-preview:large","max-video-preview":"max-video-preview:-1"},"canonical":"https:\/\/compuviper.mx\/tienda\/producto\/manhattan-179904-mouse-inalambricooptico-performance-ii-negro\/","og_locale":"es_MX","og_type":"article","og_title":"[ Manhattan ] &#129351; 179904 Mouse Inalambrico,,,optico Performance Ii Negro","og_description":"Compra 179904 Mouse Inalambrico,,,optico Performance Ii Negro + Env\u00edo a domicilio + Pago seguro + Garant\u00eda","og_url":"https:\/\/compuviper.mx\/tienda\/producto\/manhattan-179904-mouse-inalambricooptico-performance-ii-negro\/","og_site_name":"Compuviper","article_publisher":"https:\/\/www.facebook.com\/compuviper","article_modified_time":"2026-05-09T06:53:39+00:00","og_image":[{"width":200,"height":200,"url":"https:\/\/compuviper.mx\/tienda\/wp-content\/uploads\/2023\/12\/Mouse-inalambricomanhattan179904optico-performance-ii-negro.jpg","type":"image\/jpeg"}],"twitter_card":"summary_large_image","twitter_misc":{"Precio":"&#36;159 con IVA","Availability":"Out of stock"},"schema":{"@context":"https:\/\/schema.org","@graph":[{"@type":"WebPage","@id":"https:\/\/compuviper.mx\/tienda\/producto\/manhattan-179904-mouse-inalambricooptico-performance-ii-negro\/","url":"https:\/\/compuviper.mx\/tienda\/producto\/manhattan-179904-mouse-inalambricooptico-performance-ii-negro\/","name":"[ Manhattan ] &#129351; 179904 Mouse Inalambrico,,,optico Performance Ii Negro","isPartOf":{"@id":"https:\/\/compuviper.mx\/tienda\/#website"},"datePublished":"2026-05-09T06:53:38+00:00","dateModified":"2026-05-09T06:53:39+00:00","description":"Compra 179904 Mouse Inalambrico,,,optico Performance Ii Negro + Env\u00edo a domicilio + Pago seguro + Garant\u00eda","breadcrumb":{"@id":"https:\/\/compuviper.mx\/tienda\/producto\/manhattan-179904-mouse-inalambricooptico-performance-ii-negro\/#breadcrumb"},"inLanguage":"es-MX","potentialAction":[{"@type":"ReadAction","target":["https:\/\/compuviper.mx\/tienda\/producto\/manhattan-179904-mouse-inalambricooptico-performance-ii-negro\/"]}]},{"@type":"BreadcrumbList","@id":"https:\/\/compuviper.mx\/tienda\/producto\/manhattan-179904-mouse-inalambricooptico-performance-ii-negro\/#breadcrumb","itemListElement":[{"@type":"ListItem","position":1,"name":"Inicio","item":"https:\/\/compuviper.mx\/tienda\/"},{"@type":"ListItem","position":2,"name":"Productos","item":"https:\/\/compuviper.mx\/tienda\/productos\/"},{"@type":"ListItem","position":3,"name":"Mouse","item":"https:\/\/compuviper.mx\/tienda\/categoria-producto\/mouse\/"},{"@type":"ListItem","position":4,"name":"Optico","item":"https:\/\/compuviper.mx\/tienda\/categoria-producto\/mouse\/optico\/"},{"@type":"ListItem","position":5,"name":"Manhattan 179904 Mouse Inalambrico,,,optico Performance Ii Negro"}]},{"@type":"WebSite","@id":"https:\/\/compuviper.mx\/tienda\/#website","url":"https:\/\/compuviper.mx\/tienda\/","name":"Compuviper","description":"Proveedor de Computadoras, Laptops, Servidores, Monitores, Puntos de Venta, Teclados,   Impresoras, T\u00f3ner, C\u00e1maras de Seguridad y m\u00e1s en tu tienda en l\u00ednea","publisher":{"@id":"https:\/\/compuviper.mx\/tienda\/#organization"},"potentialAction":[{"@type":"SearchAction","target":{"@type":"EntryPoint","urlTemplate":"https:\/\/compuviper.mx\/tienda\/?s={search_term_string}"},"query-input":"required name=search_term_string"}],"inLanguage":"es-MX"},{"@type":"Organization","@id":"https:\/\/compuviper.mx\/tienda\/#organization","name":"Compuviper","url":"https:\/\/compuviper.mx\/tienda\/","logo":{"@type":"ImageObject","inLanguage":"es-MX","@id":"https:\/\/compuviper.mx\/tienda\/#\/schema\/logo\/image\/","url":"https:\/\/compuviper.mx\/tienda\/wp-content\/uploads\/2021\/08\/Logo-Compuviper-10.png","contentUrl":"https:\/\/compuviper.mx\/tienda\/wp-content\/uploads\/2021\/08\/Logo-Compuviper-10.png","width":1000,"height":500,"caption":"Compuviper"},"image":{"@id":"https:\/\/compuviper.mx\/tienda\/#\/schema\/logo\/image\/"},"sameAs":["https:\/\/www.facebook.com\/compuviper","https:\/\/www.youtube.com\/channel\/UCf73dERp9Y3cfOq7q8BhLjA?view_as=subscriber"]}]},"product_brand":"MANHATTAN","product_price_amount":"159","product_price_currency":"MXN","og_availability":"out of stock","product_availability":"out of stock","product_retailer_item_id":"179904","product_condition":"new"},"_links":{"self":[{"href":"https:\/\/compuviper.mx\/tienda\/wp-json\/wp\/v2\/product\/220369"}],"collection":[{"href":"https:\/\/compuviper.mx\/tienda\/wp-json\/wp\/v2\/product"}],"about":[{"href":"https:\/\/compuviper.mx\/tienda\/wp-json\/wp\/v2\/types\/product"}],"replies":[{"embeddable":true,"href":"https:\/\/compuviper.mx\/tienda\/wp-json\/wp\/v2\/comments?post=220369"}],"wp:featuredmedia":[{"embeddable":true,"href":"https:\/\/compuviper.mx\/tienda\/wp-json\/wp\/v2\/media\/220370"}],"wp:attachment":[{"href":"https:\/\/compuviper.mx\/tienda\/wp-json\/wp\/v2\/media?parent=220369"}],"wp:term":[{"taxonomy":"product_cat","embeddable":true,"href":"https:\/\/compuviper.mx\/tienda\/wp-json\/wp\/v2\/product_cat?post=220369"},{"taxonomy":"product_tag","embeddable":true,"href":"https:\/\/compuviper.mx\/tienda\/wp-json\/wp\/v2\/product_tag?post=220369"}],"curies":[{"name":"wp","href":"https:\/\/api.w.org\/{rel}","templated":true}]}}