{"id":220311,"date":"2026-04-16T00:58:20","date_gmt":"2026-04-16T06:58:20","guid":{"rendered":"https:\/\/compuviper.mx\/tienda\/producto\/manhattan-179348-mouse-optico-gaming-7-botones-negro-plata-3200-dpi\/"},"modified":"2026-04-16T00:58:20","modified_gmt":"2026-04-16T06:58:20","slug":"manhattan-179348-mouse-optico-gaming-7-botones-negro-plata-3200-dpi","status":"publish","type":"product","link":"https:\/\/compuviper.mx\/tienda\/producto\/manhattan-179348-mouse-optico-gaming-7-botones-negro-plata-3200-dpi\/","title":{"rendered":"Manhattan 179348 Mouse,,, Optico Gaming 7 Botones, Negro\/plata 3200 Dpi"},"content":{"rendered":"<table class=\"descripcion\">\n<tr>\n<td>El mouse \u00f3ptico led para juegos con cable manhattan combina un dise\u00f1o<\/td>\n<\/tr>\n<tr>\n<td>Moderno con una precisi\u00f3n avanzada y un rendimiento de alta estabilizaci\u00f3n.<\/td>\n<\/tr>\n<tr>\n<td>Su bot\u00f3n superior cambia instant\u00e1neamente la resoluci\u00f3n de 800, 1200, 2400 y<\/td>\n<\/tr>\n<tr>\n<td>3200 ppp para adaptarse a una amplia gama de aplicaciones, incluyendo<\/td>\n<\/tr>\n<tr>\n<td>Juegos o tareas inform\u00e1ticas diarias. los led que cambian de color hacen que<\/td>\n<\/tr>\n<tr>\n<td>Su experiencia de juego sea realmente envolvente. su forma de tama\u00f1o<\/td>\n<\/tr>\n<tr>\n<td>Completo es adecuada para los jugadores zurdos y diestros y ofrece siete<\/td>\n<\/tr>\n<tr>\n<td>Botones -el derecho y el izquierdo est\u00e1ndar, la rueda de desplazamiento con<\/td>\n<\/tr>\n<tr>\n<td>Autodesplazamiento, el avance y el retroceso de p\u00e1gina, y el aumento y la<\/td>\n<\/tr>\n<tr>\n<td>Disminuci\u00f3n de la resoluci\u00f3n de dpi- que le dan acceso directo a los comandos<\/td>\n<\/tr>\n<tr>\n<td>Esenciales con un movimiento m\u00ednimo de la mu\u00f1eca. una textura antideslizante<\/td>\n<\/tr>\n<tr>\n<td>Aplicada a las superficies cr\u00edticas proporciona un agarre c\u00f3modo y seguro. la<\/td>\n<\/tr>\n<tr>\n<td>Capacidad plug-and-play con compatibilidad con windows, mac y linux hace que la instalaci\u00f3n sea r\u00e1pida<\/td>\n<\/tr>\n<tr>\n<td>Y sencilla.<\/td>\n<\/tr>\n<\/table>\n","protected":false},"excerpt":{"rendered":"<p>Features.  Sensor \u00f3ptico preciso y exacto con construcci\u00f3n robusta para un rendimiento \u00e1gil y fiable.  Forma ergon\u00f3mica para una posici\u00f3n m\u00e1s c\u00f3moda de la mano y un. Soporte de la mu\u00f1eca para reducir la fatiga, incluso durante un uso. Prolongado.  Control de bot\u00f3n superior para cambiar instant\u00e1neamente la resoluci\u00f3n. De 800, 1200, 2400 y 3200 ppp, perfecto para el trabajo diario o los. Videojuegos.  Dise\u00f1o ambidiestro para jugadores zurdos y diestros.  Leds que cambian de color que destacan clara y sutilmente el rat\u00f3n en. Situaciones de poca luz.  Siete botones de f\u00e1cil acceso (derecha e izquierda, rueda de. Desplazamiento, avance y retroceso de p\u00e1gina, aumento y disminuci\u00f3n. De la resoluci\u00f3n en ppp) al alcance de los dedos para un control c\u00f3modo. Y sin retrasos.  Cable trenzado con n\u00facleo de ferrita para reforzar las conexiones sin. Sacrificar la precisi\u00f3n y el rendimiento.  Base de baja fricci\u00f3n para un deslizamiento suave sobre la mayor\u00eda de. Las superficies y el m\u00e1ximo control, ya sea al apuntar a un enemigo o al. Hacer una hoja de c\u00e1lculo<\/p>\n","protected":false},"featured_media":220312,"comment_status":"open","ping_status":"open","template":"","meta":[],"product_cat":[1752,1748],"product_tag":[1487],"acf":[],"yoast_head":"<!-- This site is optimized with the Yoast SEO plugin v21.7 - https:\/\/yoast.com\/wordpress\/plugins\/seo\/ -->\n<title>[ Manhattan ] &#129351; 179348 Mouse,,, Optico Gaming 7 Botones, Negro\/plata 3200 Dpi<\/title>\n<meta name=\"description\" content=\"Compra 179348 Mouse,,, Optico Gaming 7 Botones, Negro\/plata 3200 Dpi + Env\u00edo a domicilio + Pago seguro + Garant\u00eda\" \/>\n<meta name=\"robots\" content=\"index, follow, max-snippet:-1, max-image-preview:large, max-video-preview:-1\" \/>\n<link rel=\"canonical\" href=\"https:\/\/compuviper.mx\/tienda\/producto\/manhattan-179348-mouse-optico-gaming-7-botones-negro-plata-3200-dpi\/\" \/>\n<meta property=\"og:locale\" content=\"es_MX\" \/>\n<meta property=\"og:type\" content=\"article\" \/>\n<meta property=\"og:title\" content=\"[ Manhattan ] &#129351; 179348 Mouse,,, Optico Gaming 7 Botones, Negro\/plata 3200 Dpi\" \/>\n<meta property=\"og:description\" content=\"Compra 179348 Mouse,,, Optico Gaming 7 Botones, Negro\/plata 3200 Dpi + Env\u00edo a domicilio + Pago seguro + Garant\u00eda\" \/>\n<meta property=\"og:url\" content=\"https:\/\/compuviper.mx\/tienda\/producto\/manhattan-179348-mouse-optico-gaming-7-botones-negro-plata-3200-dpi\/\" \/>\n<meta property=\"og:site_name\" content=\"Compuviper\" \/>\n<meta property=\"article:publisher\" content=\"https:\/\/www.facebook.com\/compuviper\" \/>\n<meta property=\"og:image\" content=\"https:\/\/compuviper.mx\/tienda\/wp-content\/uploads\/2023\/12\/Mousemanhattan179348-optico-gaming-7-botones-negroplata-3200-dpi.jpg\" \/>\n\t<meta property=\"og:image:width\" content=\"200\" \/>\n\t<meta property=\"og:image:height\" content=\"200\" \/>\n\t<meta property=\"og:image:type\" content=\"image\/jpeg\" \/>\n<meta name=\"twitter:card\" content=\"summary_large_image\" \/>\n<meta name=\"twitter:label1\" content=\"Precio\" \/>\n\t<meta name=\"twitter:data1\" content=\"&#36;167 con IVA\" \/>\n\t<meta name=\"twitter:label2\" content=\"Availability\" \/>\n\t<meta name=\"twitter:data2\" content=\"In stock\" \/>\n<script type=\"application\/ld+json\" class=\"yoast-schema-graph\">{\"@context\":\"https:\/\/schema.org\",\"@graph\":[{\"@type\":\"WebPage\",\"@id\":\"https:\/\/compuviper.mx\/tienda\/producto\/manhattan-179348-mouse-optico-gaming-7-botones-negro-plata-3200-dpi\/\",\"url\":\"https:\/\/compuviper.mx\/tienda\/producto\/manhattan-179348-mouse-optico-gaming-7-botones-negro-plata-3200-dpi\/\",\"name\":\"[ Manhattan ] &#129351; 179348 Mouse,,, Optico Gaming 7 Botones, Negro\/plata 3200 Dpi\",\"isPartOf\":{\"@id\":\"https:\/\/compuviper.mx\/tienda\/#website\"},\"datePublished\":\"2026-04-16T06:58:20+00:00\",\"dateModified\":\"2026-04-16T06:58:20+00:00\",\"description\":\"Compra 179348 Mouse,,, Optico Gaming 7 Botones, Negro\/plata 3200 Dpi + Env\u00edo a domicilio + Pago seguro + Garant\u00eda\",\"breadcrumb\":{\"@id\":\"https:\/\/compuviper.mx\/tienda\/producto\/manhattan-179348-mouse-optico-gaming-7-botones-negro-plata-3200-dpi\/#breadcrumb\"},\"inLanguage\":\"es-MX\",\"potentialAction\":[{\"@type\":\"ReadAction\",\"target\":[\"https:\/\/compuviper.mx\/tienda\/producto\/manhattan-179348-mouse-optico-gaming-7-botones-negro-plata-3200-dpi\/\"]}]},{\"@type\":\"BreadcrumbList\",\"@id\":\"https:\/\/compuviper.mx\/tienda\/producto\/manhattan-179348-mouse-optico-gaming-7-botones-negro-plata-3200-dpi\/#breadcrumb\",\"itemListElement\":[{\"@type\":\"ListItem\",\"position\":1,\"name\":\"Inicio\",\"item\":\"https:\/\/compuviper.mx\/tienda\/\"},{\"@type\":\"ListItem\",\"position\":2,\"name\":\"Productos\",\"item\":\"https:\/\/compuviper.mx\/tienda\/productos\/\"},{\"@type\":\"ListItem\",\"position\":3,\"name\":\"Mouse\",\"item\":\"https:\/\/compuviper.mx\/tienda\/categoria-producto\/mouse\/\"},{\"@type\":\"ListItem\",\"position\":4,\"name\":\"Gamers\",\"item\":\"https:\/\/compuviper.mx\/tienda\/categoria-producto\/mouse\/gamers-mouse\/\"},{\"@type\":\"ListItem\",\"position\":5,\"name\":\"Manhattan 179348 Mouse,,, Optico Gaming 7 Botones, Negro\/plata 3200 Dpi\"}]},{\"@type\":\"WebSite\",\"@id\":\"https:\/\/compuviper.mx\/tienda\/#website\",\"url\":\"https:\/\/compuviper.mx\/tienda\/\",\"name\":\"Compuviper\",\"description\":\"Proveedor de Computadoras, Laptops, Servidores, Monitores, Puntos de Venta, Teclados,   Impresoras, T\u00f3ner, C\u00e1maras de Seguridad y m\u00e1s en tu tienda en l\u00ednea\",\"publisher\":{\"@id\":\"https:\/\/compuviper.mx\/tienda\/#organization\"},\"potentialAction\":[{\"@type\":\"SearchAction\",\"target\":{\"@type\":\"EntryPoint\",\"urlTemplate\":\"https:\/\/compuviper.mx\/tienda\/?s={search_term_string}\"},\"query-input\":\"required name=search_term_string\"}],\"inLanguage\":\"es-MX\"},{\"@type\":\"Organization\",\"@id\":\"https:\/\/compuviper.mx\/tienda\/#organization\",\"name\":\"Compuviper\",\"url\":\"https:\/\/compuviper.mx\/tienda\/\",\"logo\":{\"@type\":\"ImageObject\",\"inLanguage\":\"es-MX\",\"@id\":\"https:\/\/compuviper.mx\/tienda\/#\/schema\/logo\/image\/\",\"url\":\"https:\/\/compuviper.mx\/tienda\/wp-content\/uploads\/2021\/08\/Logo-Compuviper-10.png\",\"contentUrl\":\"https:\/\/compuviper.mx\/tienda\/wp-content\/uploads\/2021\/08\/Logo-Compuviper-10.png\",\"width\":1000,\"height\":500,\"caption\":\"Compuviper\"},\"image\":{\"@id\":\"https:\/\/compuviper.mx\/tienda\/#\/schema\/logo\/image\/\"},\"sameAs\":[\"https:\/\/www.facebook.com\/compuviper\",\"https:\/\/www.youtube.com\/channel\/UCf73dERp9Y3cfOq7q8BhLjA?view_as=subscriber\"]}]}<\/script>\n<meta property=\"product:brand\" content=\"MANHATTAN\" \/>\n<meta property=\"product:price:amount\" content=\"167\" \/>\n<meta property=\"product:price:currency\" content=\"MXN\" \/>\n<meta property=\"og:availability\" content=\"instock\" \/>\n<meta property=\"product:availability\" content=\"instock\" \/>\n<meta property=\"product:retailer_item_id\" content=\"179348\" \/>\n<meta property=\"product:condition\" content=\"new\" \/>\n<!-- \/ Yoast SEO plugin. -->","yoast_head_json":{"title":"[ Manhattan ] &#129351; 179348 Mouse,,, Optico Gaming 7 Botones, Negro\/plata 3200 Dpi","description":"Compra 179348 Mouse,,, Optico Gaming 7 Botones, Negro\/plata 3200 Dpi + Env\u00edo a domicilio + Pago seguro + Garant\u00eda","robots":{"index":"index","follow":"follow","max-snippet":"max-snippet:-1","max-image-preview":"max-image-preview:large","max-video-preview":"max-video-preview:-1"},"canonical":"https:\/\/compuviper.mx\/tienda\/producto\/manhattan-179348-mouse-optico-gaming-7-botones-negro-plata-3200-dpi\/","og_locale":"es_MX","og_type":"article","og_title":"[ Manhattan ] &#129351; 179348 Mouse,,, Optico Gaming 7 Botones, Negro\/plata 3200 Dpi","og_description":"Compra 179348 Mouse,,, Optico Gaming 7 Botones, Negro\/plata 3200 Dpi + Env\u00edo a domicilio + Pago seguro + Garant\u00eda","og_url":"https:\/\/compuviper.mx\/tienda\/producto\/manhattan-179348-mouse-optico-gaming-7-botones-negro-plata-3200-dpi\/","og_site_name":"Compuviper","article_publisher":"https:\/\/www.facebook.com\/compuviper","og_image":[{"width":200,"height":200,"url":"https:\/\/compuviper.mx\/tienda\/wp-content\/uploads\/2023\/12\/Mousemanhattan179348-optico-gaming-7-botones-negroplata-3200-dpi.jpg","type":"image\/jpeg"}],"twitter_card":"summary_large_image","twitter_misc":{"Precio":"&#36;167 con IVA","Availability":"In stock"},"schema":{"@context":"https:\/\/schema.org","@graph":[{"@type":"WebPage","@id":"https:\/\/compuviper.mx\/tienda\/producto\/manhattan-179348-mouse-optico-gaming-7-botones-negro-plata-3200-dpi\/","url":"https:\/\/compuviper.mx\/tienda\/producto\/manhattan-179348-mouse-optico-gaming-7-botones-negro-plata-3200-dpi\/","name":"[ Manhattan ] &#129351; 179348 Mouse,,, Optico Gaming 7 Botones, Negro\/plata 3200 Dpi","isPartOf":{"@id":"https:\/\/compuviper.mx\/tienda\/#website"},"datePublished":"2026-04-16T06:58:20+00:00","dateModified":"2026-04-16T06:58:20+00:00","description":"Compra 179348 Mouse,,, Optico Gaming 7 Botones, Negro\/plata 3200 Dpi + Env\u00edo a domicilio + Pago seguro + Garant\u00eda","breadcrumb":{"@id":"https:\/\/compuviper.mx\/tienda\/producto\/manhattan-179348-mouse-optico-gaming-7-botones-negro-plata-3200-dpi\/#breadcrumb"},"inLanguage":"es-MX","potentialAction":[{"@type":"ReadAction","target":["https:\/\/compuviper.mx\/tienda\/producto\/manhattan-179348-mouse-optico-gaming-7-botones-negro-plata-3200-dpi\/"]}]},{"@type":"BreadcrumbList","@id":"https:\/\/compuviper.mx\/tienda\/producto\/manhattan-179348-mouse-optico-gaming-7-botones-negro-plata-3200-dpi\/#breadcrumb","itemListElement":[{"@type":"ListItem","position":1,"name":"Inicio","item":"https:\/\/compuviper.mx\/tienda\/"},{"@type":"ListItem","position":2,"name":"Productos","item":"https:\/\/compuviper.mx\/tienda\/productos\/"},{"@type":"ListItem","position":3,"name":"Mouse","item":"https:\/\/compuviper.mx\/tienda\/categoria-producto\/mouse\/"},{"@type":"ListItem","position":4,"name":"Gamers","item":"https:\/\/compuviper.mx\/tienda\/categoria-producto\/mouse\/gamers-mouse\/"},{"@type":"ListItem","position":5,"name":"Manhattan 179348 Mouse,,, Optico Gaming 7 Botones, Negro\/plata 3200 Dpi"}]},{"@type":"WebSite","@id":"https:\/\/compuviper.mx\/tienda\/#website","url":"https:\/\/compuviper.mx\/tienda\/","name":"Compuviper","description":"Proveedor de Computadoras, Laptops, Servidores, Monitores, Puntos de Venta, Teclados,   Impresoras, T\u00f3ner, C\u00e1maras de Seguridad y m\u00e1s en tu tienda en l\u00ednea","publisher":{"@id":"https:\/\/compuviper.mx\/tienda\/#organization"},"potentialAction":[{"@type":"SearchAction","target":{"@type":"EntryPoint","urlTemplate":"https:\/\/compuviper.mx\/tienda\/?s={search_term_string}"},"query-input":"required name=search_term_string"}],"inLanguage":"es-MX"},{"@type":"Organization","@id":"https:\/\/compuviper.mx\/tienda\/#organization","name":"Compuviper","url":"https:\/\/compuviper.mx\/tienda\/","logo":{"@type":"ImageObject","inLanguage":"es-MX","@id":"https:\/\/compuviper.mx\/tienda\/#\/schema\/logo\/image\/","url":"https:\/\/compuviper.mx\/tienda\/wp-content\/uploads\/2021\/08\/Logo-Compuviper-10.png","contentUrl":"https:\/\/compuviper.mx\/tienda\/wp-content\/uploads\/2021\/08\/Logo-Compuviper-10.png","width":1000,"height":500,"caption":"Compuviper"},"image":{"@id":"https:\/\/compuviper.mx\/tienda\/#\/schema\/logo\/image\/"},"sameAs":["https:\/\/www.facebook.com\/compuviper","https:\/\/www.youtube.com\/channel\/UCf73dERp9Y3cfOq7q8BhLjA?view_as=subscriber"]}]},"product_brand":"MANHATTAN","product_price_amount":"167","product_price_currency":"MXN","og_availability":"instock","product_availability":"instock","product_retailer_item_id":"179348","product_condition":"new"},"_links":{"self":[{"href":"https:\/\/compuviper.mx\/tienda\/wp-json\/wp\/v2\/product\/220311"}],"collection":[{"href":"https:\/\/compuviper.mx\/tienda\/wp-json\/wp\/v2\/product"}],"about":[{"href":"https:\/\/compuviper.mx\/tienda\/wp-json\/wp\/v2\/types\/product"}],"replies":[{"embeddable":true,"href":"https:\/\/compuviper.mx\/tienda\/wp-json\/wp\/v2\/comments?post=220311"}],"wp:featuredmedia":[{"embeddable":true,"href":"https:\/\/compuviper.mx\/tienda\/wp-json\/wp\/v2\/media\/220312"}],"wp:attachment":[{"href":"https:\/\/compuviper.mx\/tienda\/wp-json\/wp\/v2\/media?parent=220311"}],"wp:term":[{"taxonomy":"product_cat","embeddable":true,"href":"https:\/\/compuviper.mx\/tienda\/wp-json\/wp\/v2\/product_cat?post=220311"},{"taxonomy":"product_tag","embeddable":true,"href":"https:\/\/compuviper.mx\/tienda\/wp-json\/wp\/v2\/product_tag?post=220311"}],"curies":[{"name":"wp","href":"https:\/\/api.w.org\/{rel}","templated":true}]}}