{"id":220280,"date":"2026-04-07T00:56:42","date_gmt":"2026-04-07T06:56:42","guid":{"rendered":"https:\/\/compuviper.mx\/tienda\/producto\/logitech-910-005793-mouse-gaming-g203-lightsync-negro-optico-alambrico-usb-iluminacion-rgb-ajustable-6-botones\/"},"modified":"2026-04-07T00:56:43","modified_gmt":"2026-04-07T06:56:43","slug":"logitech-910-005793-mouse-gaming-g203-rgb-lightsync-optico-usb-alambrico-6-botones-programables-negro","status":"publish","type":"product","link":"https:\/\/compuviper.mx\/tienda\/producto\/logitech-910-005793-mouse-gaming-g203-rgb-lightsync-optico-usb-alambrico-6-botones-programables-negro\/","title":{"rendered":"Logitech 910-005793 Mouse Gaming  G203 Rgb Lightsync Optico Usb Alambrico 6 Botones Programables Negro"},"content":{"rendered":"<table class=\"descripcion\">\n<tr>\n<td>Especificaciones<\/td>\n<\/tr>\n<tr>\n<td>Requisitos<\/td>\n<\/tr>\n<tr>\n<td>Windows\u00ae 7 o posteriores<\/td>\n<\/tr>\n<tr>\n<td>Macos 10.13 o posteriores<\/td>\n<\/tr>\n<tr>\n<td>Chrome ostm<\/td>\n<\/tr>\n<tr>\n<td>Puerto usb<\/td>\n<\/tr>\n<tr>\n<td>Especificaciones f\u00edsicas<\/td>\n<\/tr>\n<tr>\n<td>Altura: 116,6 mm<\/td>\n<\/tr>\n<tr>\n<td>Anchura: 62,15 mm<\/td>\n<\/tr>\n<tr>\n<td>Profundidad: 38,2 mm<\/td>\n<\/tr>\n<tr>\n<td>Peso: 85 g (s\u00f3lo mouse)<\/td>\n<\/tr>\n<tr>\n<td>Longitud del cable: 2,1 m<\/td>\n<\/tr>\n<tr>\n<td>Especificaciones t\u00e9cnicas<\/td>\n<\/tr>\n<tr>\n<td>Iluminaci\u00f3n rgb lightsync<\/td>\n<\/tr>\n<tr>\n<td>6 botones programables<\/td>\n<\/tr>\n<tr>\n<td>Resoluci\u00f3n: 200 \u0096 8.000 dpi<\/td>\n<\/tr>\n<tr>\n<td>Respuesta<\/td>\n<\/tr>\n<tr>\n<td>Formato de datos usb: 16 bits\/eje<\/td>\n<\/tr>\n<tr>\n<td>Velocidad de respuesta usb: 1.000 hz (1 ms)<\/td>\n<\/tr>\n<tr>\n<td>Microprocesador: arm de 32 bits<\/td>\n<\/tr>\n<tr>\n<td>N\u00famero de referencia<\/td>\n<\/tr>\n<tr>\n<td>Negro : 910-005793<\/td>\n<\/tr>\n<tr>\n<td>White : 910-005794<\/td>\n<\/tr>\n<tr>\n<td>Blue : 910-005795<\/td>\n<\/tr>\n<tr>\n<td>Lila : 910-005852<\/td>\n<\/tr>\n<tr>\n<td>Informaci\u00f3n de garant\u00eda<\/td>\n<\/tr>\n<tr>\n<td>Dos a\u00f1os de garant\u00eda de hardware limitada<\/td>\n<\/tr>\n<\/table>\n","protected":false},"excerpt":{"rendered":"<p>Listo para jugar. Aprovecha al m\u00e1ximo tu tiempo de juego con el mouse g203 para juegos disponible en una variedad de vibrantes colores. Con la tecnolog\u00eda lightsync, un sensor para juegos y un dise\u00f1o cl\u00e1sico de 6 botones, animar\u00e1s tu acci\u00f3n y tu espacio. 8.000. Dpi m\u00e1x. Lightsync. Iluminaci\u00f3n rgb. Cl\u00e1sico. Dise\u00f1o. Juega a tu manera. Presentamos color collection. Onda de colores. Rgb lightsync. Elige entre animaciones vibrantes y ajustes seg\u00fan el juego y el soporte, o programa tus propios ajustes con unos 16,8 millones de colores a tu disposici\u00f3n.1las funciones avanzadas requieren el software logitech g hub. Descarga gratis en logitechg.Com\/downloads. G203 | f\u00e1cil personalizaci\u00f3n. F\u00e1cil personalizaci\u00f3n. Elige un color, combina tres, selecciona un divertido preajuste de animaci\u00f3n o crea uno propio. \u00a1t\u00fa decides! incluso puedes sincronizar tu mouse con otros dispositivos y accesorios logitech g lightsync para lograr la combinaci\u00f3n perfecta. G203 | muestreo din\u00e1mico de pantalla. Muestreo din\u00e1mico de pantalla. Configura la iluminaci\u00f3n como muestra de pantalla para que se sincronice con la tuya. Configura el mouse para que reaccione a los cambios de color en juegos, pel\u00edculas, etc. G203 | visualizador de audio. Visualizador de audio. Reproduce m\u00fasica, pel\u00edculas, juegos&#8230; Pr\u00e1cticamente cualquier sonido: el g203 seguir\u00e1 el ritmo con destellos de colores. Personaliza niveles y colores para dar a tus fiestas tu toque exclusivo. Sensor para juegos. Te proporciona un seguimiento preciso del cursor y una respuesta r\u00e1pida. Con una sensibilidad ajustable de 200-8.000 dpi, puedes elegir el valor id\u00f3neo para tu estilo de juego. Utiliza el software logitech g hub para programar hasta 5 preajustes.2las funciones avanzadas requieren el software logitech g hub. Descarga gratis en logitechg.Com\/downloads. M\u00e1s informaci\u00f3n sobre logitech g hub. Dise\u00f1o genuino de eficacia probada. El dise\u00f1o cl\u00e1sico de seis botones te da confort y confianza para que puedas explorar, lanzar hechizos y jugar como quieras. Utiliza el software logitech g hub para asignar a los botones comandos en el juego, controles del sistema o enlaces de teclas con los que simplificar tus acciones. Tensi\u00f3n de botones optimizada. Los botones izquierdo y derecho primarios tienen el exclusivo sistema de tensi\u00f3n de botones con resortes met\u00e1licos logitech g, que ofrece una actuaci\u00f3n precisa de los botones y una experiencia uniforme constante. Software para juegos logitech g hub. G203 se ha dise\u00f1ado para funcionar a la perfecci\u00f3n en cualquier sistema, pero si quieres controles a\u00fan m\u00e1s precisos, puedes descargar gratis un software de personalizaci\u00f3n que es f\u00e1cil de usar y configurar. El software de personalizaci\u00f3n g hub permite personalizarlo todo: la iluminaci\u00f3n, la sensibilidad y los comandos de los botones del mouse g203.3las funciones avanzadas requieren el software logitech g hub. Descarga gratis en logitechg.Com\/downloads. Descargar g hub ahoraclick para expandir. Juega con color. Jugar cobra un nuevo aspecto ya que logitech g combina tecnolog\u00eda para juegos de primera categor\u00eda con colores vibrantes, estilo moderno y sonido impresionante. Completa tu equipo con unos aud\u00edfonos con micr\u00f3fono de alto desempe\u00f1o y un teclado del mismo nivel.<\/p>\n","protected":false},"featured_media":220281,"comment_status":"open","ping_status":"open","template":"","meta":[],"product_cat":[1752,1748],"product_tag":[1500],"acf":[],"yoast_head":"<!-- This site is optimized with the Yoast SEO plugin v21.7 - https:\/\/yoast.com\/wordpress\/plugins\/seo\/ -->\n<title>[ Logitech ] &#129351; 910-005793 Mouse Gaming G203 Rgb Lightsync Optico Usb Alambrico 6 Botones Programables Negro<\/title>\n<meta name=\"description\" content=\"Compra 910-005793 Mouse Gaming G203 Rgb Lightsync Optico Usb Alambrico 6 Botones Programables Negro + Env\u00edo a domicilio + Pago seguro + Garant\u00eda\" \/>\n<meta name=\"robots\" content=\"index, follow, max-snippet:-1, max-image-preview:large, max-video-preview:-1\" \/>\n<link rel=\"canonical\" href=\"https:\/\/compuviper.mx\/tienda\/producto\/logitech-910-005793-mouse-gaming-g203-rgb-lightsync-optico-usb-alambrico-6-botones-programables-negro\/\" \/>\n<meta property=\"og:locale\" content=\"es_MX\" \/>\n<meta property=\"og:type\" content=\"article\" \/>\n<meta property=\"og:title\" content=\"[ Logitech ] &#129351; 910-005793 Mouse Gaming G203 Rgb Lightsync Optico Usb Alambrico 6 Botones Programables Negro\" \/>\n<meta property=\"og:description\" content=\"Compra 910-005793 Mouse Gaming G203 Rgb Lightsync Optico Usb Alambrico 6 Botones Programables Negro + Env\u00edo a domicilio + Pago seguro + Garant\u00eda\" \/>\n<meta property=\"og:url\" content=\"https:\/\/compuviper.mx\/tienda\/producto\/logitech-910-005793-mouse-gaming-g203-rgb-lightsync-optico-usb-alambrico-6-botones-programables-negro\/\" \/>\n<meta property=\"og:site_name\" content=\"Compuviper\" \/>\n<meta property=\"article:publisher\" content=\"https:\/\/www.facebook.com\/compuviper\" \/>\n<meta property=\"article:modified_time\" content=\"2026-04-07T06:56:43+00:00\" \/>\n<meta property=\"og:image\" content=\"https:\/\/compuviper.mx\/tienda\/wp-content\/uploads\/2023\/12\/Mouse-gaming-logitech-g203-lightsync-negro-optico-alambrico-usb-iluminacion-rgb-ajustable-6-botones.jpg\" \/>\n\t<meta property=\"og:image:width\" content=\"200\" \/>\n\t<meta property=\"og:image:height\" content=\"200\" \/>\n\t<meta property=\"og:image:type\" content=\"image\/jpeg\" \/>\n<meta name=\"twitter:card\" content=\"summary_large_image\" \/>\n<meta name=\"twitter:label1\" content=\"Precio\" \/>\n\t<meta name=\"twitter:data1\" content=\"&#36;587 con IVA\" \/>\n\t<meta name=\"twitter:label2\" content=\"Availability\" \/>\n\t<meta name=\"twitter:data2\" content=\"In stock\" \/>\n<script type=\"application\/ld+json\" class=\"yoast-schema-graph\">{\"@context\":\"https:\/\/schema.org\",\"@graph\":[{\"@type\":\"WebPage\",\"@id\":\"https:\/\/compuviper.mx\/tienda\/producto\/logitech-910-005793-mouse-gaming-g203-rgb-lightsync-optico-usb-alambrico-6-botones-programables-negro\/\",\"url\":\"https:\/\/compuviper.mx\/tienda\/producto\/logitech-910-005793-mouse-gaming-g203-rgb-lightsync-optico-usb-alambrico-6-botones-programables-negro\/\",\"name\":\"[ Logitech ] &#129351; 910-005793 Mouse Gaming G203 Rgb Lightsync Optico Usb Alambrico 6 Botones Programables Negro\",\"isPartOf\":{\"@id\":\"https:\/\/compuviper.mx\/tienda\/#website\"},\"datePublished\":\"2026-04-07T06:56:42+00:00\",\"dateModified\":\"2026-04-07T06:56:43+00:00\",\"description\":\"Compra 910-005793 Mouse Gaming G203 Rgb Lightsync Optico Usb Alambrico 6 Botones Programables Negro + Env\u00edo a domicilio + Pago seguro + Garant\u00eda\",\"breadcrumb\":{\"@id\":\"https:\/\/compuviper.mx\/tienda\/producto\/logitech-910-005793-mouse-gaming-g203-rgb-lightsync-optico-usb-alambrico-6-botones-programables-negro\/#breadcrumb\"},\"inLanguage\":\"es-MX\",\"potentialAction\":[{\"@type\":\"ReadAction\",\"target\":[\"https:\/\/compuviper.mx\/tienda\/producto\/logitech-910-005793-mouse-gaming-g203-rgb-lightsync-optico-usb-alambrico-6-botones-programables-negro\/\"]}]},{\"@type\":\"BreadcrumbList\",\"@id\":\"https:\/\/compuviper.mx\/tienda\/producto\/logitech-910-005793-mouse-gaming-g203-rgb-lightsync-optico-usb-alambrico-6-botones-programables-negro\/#breadcrumb\",\"itemListElement\":[{\"@type\":\"ListItem\",\"position\":1,\"name\":\"Inicio\",\"item\":\"https:\/\/compuviper.mx\/tienda\/\"},{\"@type\":\"ListItem\",\"position\":2,\"name\":\"Productos\",\"item\":\"https:\/\/compuviper.mx\/tienda\/productos\/\"},{\"@type\":\"ListItem\",\"position\":3,\"name\":\"Mouse\",\"item\":\"https:\/\/compuviper.mx\/tienda\/categoria-producto\/mouse\/\"},{\"@type\":\"ListItem\",\"position\":4,\"name\":\"Gamers\",\"item\":\"https:\/\/compuviper.mx\/tienda\/categoria-producto\/mouse\/gamers-mouse\/\"},{\"@type\":\"ListItem\",\"position\":5,\"name\":\"Logitech 910-005793 Mouse Gaming G203 Rgb Lightsync Optico Usb Alambrico 6 Botones Programables Negro\"}]},{\"@type\":\"WebSite\",\"@id\":\"https:\/\/compuviper.mx\/tienda\/#website\",\"url\":\"https:\/\/compuviper.mx\/tienda\/\",\"name\":\"Compuviper\",\"description\":\"Proveedor de Computadoras, Laptops, Servidores, Monitores, Puntos de Venta, Teclados,   Impresoras, T\u00f3ner, C\u00e1maras de Seguridad y m\u00e1s en tu tienda en l\u00ednea\",\"publisher\":{\"@id\":\"https:\/\/compuviper.mx\/tienda\/#organization\"},\"potentialAction\":[{\"@type\":\"SearchAction\",\"target\":{\"@type\":\"EntryPoint\",\"urlTemplate\":\"https:\/\/compuviper.mx\/tienda\/?s={search_term_string}\"},\"query-input\":\"required name=search_term_string\"}],\"inLanguage\":\"es-MX\"},{\"@type\":\"Organization\",\"@id\":\"https:\/\/compuviper.mx\/tienda\/#organization\",\"name\":\"Compuviper\",\"url\":\"https:\/\/compuviper.mx\/tienda\/\",\"logo\":{\"@type\":\"ImageObject\",\"inLanguage\":\"es-MX\",\"@id\":\"https:\/\/compuviper.mx\/tienda\/#\/schema\/logo\/image\/\",\"url\":\"https:\/\/compuviper.mx\/tienda\/wp-content\/uploads\/2021\/08\/Logo-Compuviper-10.png\",\"contentUrl\":\"https:\/\/compuviper.mx\/tienda\/wp-content\/uploads\/2021\/08\/Logo-Compuviper-10.png\",\"width\":1000,\"height\":500,\"caption\":\"Compuviper\"},\"image\":{\"@id\":\"https:\/\/compuviper.mx\/tienda\/#\/schema\/logo\/image\/\"},\"sameAs\":[\"https:\/\/www.facebook.com\/compuviper\",\"https:\/\/www.youtube.com\/channel\/UCf73dERp9Y3cfOq7q8BhLjA?view_as=subscriber\"]}]}<\/script>\n<meta property=\"product:brand\" content=\"LOGITECH\" \/>\n<meta property=\"product:price:amount\" content=\"587\" \/>\n<meta property=\"product:price:currency\" content=\"MXN\" \/>\n<meta property=\"og:availability\" content=\"instock\" \/>\n<meta property=\"product:availability\" content=\"instock\" \/>\n<meta property=\"product:retailer_item_id\" content=\"910-005793\" \/>\n<meta property=\"product:condition\" content=\"new\" \/>\n<!-- \/ Yoast SEO plugin. -->","yoast_head_json":{"title":"[ Logitech ] &#129351; 910-005793 Mouse Gaming G203 Rgb Lightsync Optico Usb Alambrico 6 Botones Programables Negro","description":"Compra 910-005793 Mouse Gaming G203 Rgb Lightsync Optico Usb Alambrico 6 Botones Programables Negro + Env\u00edo a domicilio + Pago seguro + Garant\u00eda","robots":{"index":"index","follow":"follow","max-snippet":"max-snippet:-1","max-image-preview":"max-image-preview:large","max-video-preview":"max-video-preview:-1"},"canonical":"https:\/\/compuviper.mx\/tienda\/producto\/logitech-910-005793-mouse-gaming-g203-rgb-lightsync-optico-usb-alambrico-6-botones-programables-negro\/","og_locale":"es_MX","og_type":"article","og_title":"[ Logitech ] &#129351; 910-005793 Mouse Gaming G203 Rgb Lightsync Optico Usb Alambrico 6 Botones Programables Negro","og_description":"Compra 910-005793 Mouse Gaming G203 Rgb Lightsync Optico Usb Alambrico 6 Botones Programables Negro + Env\u00edo a domicilio + Pago seguro + Garant\u00eda","og_url":"https:\/\/compuviper.mx\/tienda\/producto\/logitech-910-005793-mouse-gaming-g203-rgb-lightsync-optico-usb-alambrico-6-botones-programables-negro\/","og_site_name":"Compuviper","article_publisher":"https:\/\/www.facebook.com\/compuviper","article_modified_time":"2026-04-07T06:56:43+00:00","og_image":[{"width":200,"height":200,"url":"https:\/\/compuviper.mx\/tienda\/wp-content\/uploads\/2023\/12\/Mouse-gaming-logitech-g203-lightsync-negro-optico-alambrico-usb-iluminacion-rgb-ajustable-6-botones.jpg","type":"image\/jpeg"}],"twitter_card":"summary_large_image","twitter_misc":{"Precio":"&#36;587 con IVA","Availability":"In stock"},"schema":{"@context":"https:\/\/schema.org","@graph":[{"@type":"WebPage","@id":"https:\/\/compuviper.mx\/tienda\/producto\/logitech-910-005793-mouse-gaming-g203-rgb-lightsync-optico-usb-alambrico-6-botones-programables-negro\/","url":"https:\/\/compuviper.mx\/tienda\/producto\/logitech-910-005793-mouse-gaming-g203-rgb-lightsync-optico-usb-alambrico-6-botones-programables-negro\/","name":"[ Logitech ] &#129351; 910-005793 Mouse Gaming G203 Rgb Lightsync Optico Usb Alambrico 6 Botones Programables Negro","isPartOf":{"@id":"https:\/\/compuviper.mx\/tienda\/#website"},"datePublished":"2026-04-07T06:56:42+00:00","dateModified":"2026-04-07T06:56:43+00:00","description":"Compra 910-005793 Mouse Gaming G203 Rgb Lightsync Optico Usb Alambrico 6 Botones Programables Negro + Env\u00edo a domicilio + Pago seguro + Garant\u00eda","breadcrumb":{"@id":"https:\/\/compuviper.mx\/tienda\/producto\/logitech-910-005793-mouse-gaming-g203-rgb-lightsync-optico-usb-alambrico-6-botones-programables-negro\/#breadcrumb"},"inLanguage":"es-MX","potentialAction":[{"@type":"ReadAction","target":["https:\/\/compuviper.mx\/tienda\/producto\/logitech-910-005793-mouse-gaming-g203-rgb-lightsync-optico-usb-alambrico-6-botones-programables-negro\/"]}]},{"@type":"BreadcrumbList","@id":"https:\/\/compuviper.mx\/tienda\/producto\/logitech-910-005793-mouse-gaming-g203-rgb-lightsync-optico-usb-alambrico-6-botones-programables-negro\/#breadcrumb","itemListElement":[{"@type":"ListItem","position":1,"name":"Inicio","item":"https:\/\/compuviper.mx\/tienda\/"},{"@type":"ListItem","position":2,"name":"Productos","item":"https:\/\/compuviper.mx\/tienda\/productos\/"},{"@type":"ListItem","position":3,"name":"Mouse","item":"https:\/\/compuviper.mx\/tienda\/categoria-producto\/mouse\/"},{"@type":"ListItem","position":4,"name":"Gamers","item":"https:\/\/compuviper.mx\/tienda\/categoria-producto\/mouse\/gamers-mouse\/"},{"@type":"ListItem","position":5,"name":"Logitech 910-005793 Mouse Gaming G203 Rgb Lightsync Optico Usb Alambrico 6 Botones Programables Negro"}]},{"@type":"WebSite","@id":"https:\/\/compuviper.mx\/tienda\/#website","url":"https:\/\/compuviper.mx\/tienda\/","name":"Compuviper","description":"Proveedor de Computadoras, Laptops, Servidores, Monitores, Puntos de Venta, Teclados,   Impresoras, T\u00f3ner, C\u00e1maras de Seguridad y m\u00e1s en tu tienda en l\u00ednea","publisher":{"@id":"https:\/\/compuviper.mx\/tienda\/#organization"},"potentialAction":[{"@type":"SearchAction","target":{"@type":"EntryPoint","urlTemplate":"https:\/\/compuviper.mx\/tienda\/?s={search_term_string}"},"query-input":"required name=search_term_string"}],"inLanguage":"es-MX"},{"@type":"Organization","@id":"https:\/\/compuviper.mx\/tienda\/#organization","name":"Compuviper","url":"https:\/\/compuviper.mx\/tienda\/","logo":{"@type":"ImageObject","inLanguage":"es-MX","@id":"https:\/\/compuviper.mx\/tienda\/#\/schema\/logo\/image\/","url":"https:\/\/compuviper.mx\/tienda\/wp-content\/uploads\/2021\/08\/Logo-Compuviper-10.png","contentUrl":"https:\/\/compuviper.mx\/tienda\/wp-content\/uploads\/2021\/08\/Logo-Compuviper-10.png","width":1000,"height":500,"caption":"Compuviper"},"image":{"@id":"https:\/\/compuviper.mx\/tienda\/#\/schema\/logo\/image\/"},"sameAs":["https:\/\/www.facebook.com\/compuviper","https:\/\/www.youtube.com\/channel\/UCf73dERp9Y3cfOq7q8BhLjA?view_as=subscriber"]}]},"product_brand":"LOGITECH","product_price_amount":"587","product_price_currency":"MXN","og_availability":"instock","product_availability":"instock","product_retailer_item_id":"910-005793","product_condition":"new"},"_links":{"self":[{"href":"https:\/\/compuviper.mx\/tienda\/wp-json\/wp\/v2\/product\/220280"}],"collection":[{"href":"https:\/\/compuviper.mx\/tienda\/wp-json\/wp\/v2\/product"}],"about":[{"href":"https:\/\/compuviper.mx\/tienda\/wp-json\/wp\/v2\/types\/product"}],"replies":[{"embeddable":true,"href":"https:\/\/compuviper.mx\/tienda\/wp-json\/wp\/v2\/comments?post=220280"}],"wp:featuredmedia":[{"embeddable":true,"href":"https:\/\/compuviper.mx\/tienda\/wp-json\/wp\/v2\/media\/220281"}],"wp:attachment":[{"href":"https:\/\/compuviper.mx\/tienda\/wp-json\/wp\/v2\/media?parent=220280"}],"wp:term":[{"taxonomy":"product_cat","embeddable":true,"href":"https:\/\/compuviper.mx\/tienda\/wp-json\/wp\/v2\/product_cat?post=220280"},{"taxonomy":"product_tag","embeddable":true,"href":"https:\/\/compuviper.mx\/tienda\/wp-json\/wp\/v2\/product_tag?post=220280"}],"curies":[{"name":"wp","href":"https:\/\/api.w.org\/{rel}","templated":true}]}}