{"id":220270,"date":"2026-04-07T00:56:41","date_gmt":"2026-04-07T06:56:41","guid":{"rendered":"https:\/\/compuviper.mx\/tienda\/producto\/logitech-910-005903-mouse-m190-blue-inalmbrico-receptor-usb-pc-mac-chrome-linux\/"},"modified":"2026-04-07T00:56:41","modified_gmt":"2026-04-07T06:56:41","slug":"logitech-910-005903-mouse-m190-blue-inalmbrico-receptor-usb-pc-mac-chrome-linux","status":"publish","type":"product","link":"https:\/\/compuviper.mx\/tienda\/producto\/logitech-910-005903-mouse-m190-blue-inalmbrico-receptor-usb-pc-mac-chrome-linux\/","title":{"rendered":"Logitech 910-005903 Mouse  M190 Blue Inal?mbrico Receptor Usb Pc\/mac\/chrome\/linux"},"content":{"rendered":"<table class=\"descripcion\">\n<tr>\n<td>Dimensiones<\/td>\n<\/tr>\n<tr>\n<td>Dimensiones del mouse<\/td>\n<\/tr>\n<tr>\n<td>Altura: 115,4 mm<\/td>\n<\/tr>\n<tr>\n<td>Anchura: 66,1 mm<\/td>\n<\/tr>\n<tr>\n<td>Profundidad: 40,3 mm<\/td>\n<\/tr>\n<tr>\n<td>Peso (con bater\u00edas): 89,9 g<\/td>\n<\/tr>\n<tr>\n<td>Requisitos del sistema<\/td>\n<\/tr>\n<tr>\n<td>Sistema operativo compatible<\/td>\n<\/tr>\n<tr>\n<td>Windows\u00ae 7,9,10 o posterior<\/td>\n<\/tr>\n<tr>\n<td>Macos 10.10 o posterior<\/td>\n<\/tr>\n<tr>\n<td>Chrome os\u0099<\/td>\n<\/tr>\n<tr>\n<td>Linux\u00ae kernel 2.6+<\/td>\n<\/tr>\n<tr>\n<td>Interfaz<\/td>\n<\/tr>\n<tr>\n<td>Usb<\/td>\n<\/tr>\n<tr>\n<td>Especificaciones t\u00e9cnicas<\/td>\n<\/tr>\n<tr>\n<td>Tecnolog\u00eda de sensor: seguimiento \u00f3ptico de alta precisi\u00f3n<\/td>\n<\/tr>\n<tr>\n<td>Resoluci\u00f3n de sensor: 1000 dpi<\/td>\n<\/tr>\n<tr>\n<td>N\u00famero de botones: 3<\/td>\n<\/tr>\n<tr>\n<td>Bot\u00f3n rueda: precisi\u00f3n l\u00ednea a l\u00ednea<\/td>\n<\/tr>\n<tr>\n<td>Mouse apto para unifying: no<\/td>\n<\/tr>\n<tr>\n<td>Receptor apto para unifying: no<\/td>\n<\/tr>\n<tr>\n<td>Duraci\u00f3n de las bater\u00edas: 18 meses<\/td>\n<\/tr>\n<tr>\n<td>Distancia de funcionamiento inal\u00e1mbrico: 10 m 5el radio de acci\u00f3n inal\u00e1mbrico y la duraci\u00f3n de la bater\u00eda dependen del entorno y de los dispositivos.<\/td>\n<\/tr>\n<tr>\n<td>Tecnolog\u00eda inal\u00e1mbrica: nano receptor logitech<\/td>\n<\/tr>\n<tr>\n<td>Contenido de la caja<\/td>\n<\/tr>\n<tr>\n<td>Mouse inal\u00e1mbrico<\/td>\n<\/tr>\n<tr>\n<td>Bater\u00eda aa (preinstalada)<\/td>\n<\/tr>\n<tr>\n<td>Documentaci\u00f3n del usuario<\/td>\n<\/tr>\n<tr>\n<td>Informaci\u00f3n de garant\u00eda<\/td>\n<\/tr>\n<tr>\n<td>Un a\u00f1o de garant\u00eda de hardware limitada<\/td>\n<\/tr>\n<tr>\n<td>N\u00famero de referencia<\/td>\n<\/tr>\n<tr>\n<td>Azul: 910-005903<\/td>\n<\/tr>\n<\/table>\n","protected":false},"excerpt":{"rendered":"<p>Confort en tama\u00f1o normal. Tecnolog\u00eda inal\u00e1mbrica sin demoras. Logitech m190 es un mouse inal\u00e1mbrico de tama\u00f1o normal con un confortable dise\u00f1o contorneado que sigue la curva natural de las manos de tama\u00f1o mediano a grande. Trabajar\u00e1s de forma inal\u00e1mbrica y podr\u00e1s moverte libremente hasta a 10 metros1 la duraci\u00f3n de las bater\u00edas y el radio de acci\u00f3n inal\u00e1mbrico dependen de las condiciones del entorno y de los dispositivos. De distancia, sin pr\u00e1cticamente demoras ni interrupciones. Obtendr\u00e1s gran calidad con 18 meses2la duraci\u00f3n de las bater\u00edas y el radio de acci\u00f3n inal\u00e1mbrico dependen de las condiciones del entorno y de los dispositivos. De duraci\u00f3n de bater\u00eda, seguimiento de precisi\u00f3n y desplazamiento l\u00ednea a l\u00ednea a un precio asequible. Tama\u00f1o normal. Confort \u00adcompleto. Confort \u00f3ptimo para la mano derecha o izquierda, con una forma contorneada dise\u00f1ada para seguir la curva natural de las manos m\u00e1s grandes. Los botones especialmente c\u00f3ncavos gu\u00edan tus dedos a la posici\u00f3n ideal, y el soporte adicional para la palma de la mano proporciona confort permanente. Calidad que perdura. Obt\u00e9n la durabilidad y la confiabilidad que te da el l\u00edder mundial en mouse y teclados3basado en informaci\u00f3n de ventas independiente de los principales mercados (en unidades) (diciembre 2018 &#8211; diciembre 2019), s\u00f3lo canal minorista: ca, cn, fr, de, id, kr, ru, se, tw, tr, uk, us. Tanto si utilizas el m190 con una laptop, computadora de sobremesa, en la casa o en los desplazamientos, \u00e9ste es un mouse en el que puedes confiar. Consigue calidad sin compromisos con todo lo esencial que necesitas a un precio asequible. Tecnolog\u00eda inal\u00e1mbrica sin demoras. Trabaja de forma inal\u00e1mbrica y mu\u00e9vete libremente (hasta a 10 m de distancia), sin pr\u00e1cticamente ning\u00fan tipo de retardo ni interrupci\u00f3n. Al no haber cables, tu escritorio se mantiene despejado. Y puedes llevar tu mouse f\u00e1cilmente de un espacio de trabajo a otro. Seguimiento preciso. Desplazamiento sin esfuerzo. Navegaci\u00f3n facilitada gracias a una experiencia de desplazamiento controlado l\u00ednea a l\u00ednea. El sensor \u00f3ptico te ofrece control del cursor fluido y preciso en casi cualquier superficie. Eso significa movimientos precisos del mouse sin m\u00e1s molestias de clicks perdidos. 18 meses. Una aa. Disfruta de 18 meses4. La duraci\u00f3n de las bater\u00edas depende del uso y de los dispositivos. De uso sin preocupaciones. El modo de ahorro de energ\u00eda se activa autom\u00e1ticamente cuando no usas el mouse. Plug and play. Est\u00e1 listo para usarlo inmediatamente: s\u00f3lo tienes que conectar el receptor usb y listo.<\/p>\n","protected":false},"featured_media":220271,"comment_status":"open","ping_status":"open","template":"","meta":[],"product_cat":[1748,1749],"product_tag":[1500],"acf":[],"yoast_head":"<!-- This site is optimized with the Yoast SEO plugin v21.7 - https:\/\/yoast.com\/wordpress\/plugins\/seo\/ -->\n<title>[ Logitech ] &#129351; 910-005903 Mouse M190 Blue Inal\u00e1mbrico Receptor Usb Pc\/mac\/chrome\/linux<\/title>\n<meta name=\"description\" content=\"Compra 910-005903 Mouse M190 Blue Inal\u00e1mbrico Receptor Usb Pc\/mac\/chrome\/linux + Env\u00edo a domicilio + Pago seguro + Garant\u00eda\" \/>\n<meta name=\"robots\" content=\"index, follow, max-snippet:-1, max-image-preview:large, max-video-preview:-1\" \/>\n<link rel=\"canonical\" href=\"https:\/\/compuviper.mx\/tienda\/producto\/logitech-910-005903-mouse-m190-blue-inalmbrico-receptor-usb-pc-mac-chrome-linux\/\" \/>\n<meta property=\"og:locale\" content=\"es_MX\" \/>\n<meta property=\"og:type\" content=\"article\" \/>\n<meta property=\"og:title\" content=\"[ Logitech ] &#129351; 910-005903 Mouse M190 Blue Inal\u00e1mbrico Receptor Usb Pc\/mac\/chrome\/linux\" \/>\n<meta property=\"og:description\" content=\"Compra 910-005903 Mouse M190 Blue Inal\u00e1mbrico Receptor Usb Pc\/mac\/chrome\/linux + Env\u00edo a domicilio + Pago seguro + Garant\u00eda\" \/>\n<meta property=\"og:url\" content=\"https:\/\/compuviper.mx\/tienda\/producto\/logitech-910-005903-mouse-m190-blue-inalmbrico-receptor-usb-pc-mac-chrome-linux\/\" \/>\n<meta property=\"og:site_name\" content=\"Compuviper\" \/>\n<meta property=\"article:publisher\" content=\"https:\/\/www.facebook.com\/compuviper\" \/>\n<meta property=\"og:image\" content=\"https:\/\/compuviper.mx\/tienda\/wp-content\/uploads\/2023\/12\/Mouse-logitech-m190-blue-inalambrico-receptor-usb-pcmacchromelinux.jpg\" \/>\n\t<meta property=\"og:image:width\" content=\"200\" \/>\n\t<meta property=\"og:image:height\" content=\"200\" \/>\n\t<meta property=\"og:image:type\" content=\"image\/jpeg\" \/>\n<meta name=\"twitter:card\" content=\"summary_large_image\" \/>\n<meta name=\"twitter:label1\" content=\"Precio\" \/>\n\t<meta name=\"twitter:data1\" content=\"&#36;281 con IVA\" \/>\n\t<meta name=\"twitter:label2\" content=\"Availability\" \/>\n\t<meta name=\"twitter:data2\" content=\"In stock\" \/>\n<script type=\"application\/ld+json\" class=\"yoast-schema-graph\">{\"@context\":\"https:\/\/schema.org\",\"@graph\":[{\"@type\":\"WebPage\",\"@id\":\"https:\/\/compuviper.mx\/tienda\/producto\/logitech-910-005903-mouse-m190-blue-inalmbrico-receptor-usb-pc-mac-chrome-linux\/\",\"url\":\"https:\/\/compuviper.mx\/tienda\/producto\/logitech-910-005903-mouse-m190-blue-inalmbrico-receptor-usb-pc-mac-chrome-linux\/\",\"name\":\"[ Logitech ] &#129351; 910-005903 Mouse M190 Blue Inal\u00e1mbrico Receptor Usb Pc\/mac\/chrome\/linux\",\"isPartOf\":{\"@id\":\"https:\/\/compuviper.mx\/tienda\/#website\"},\"datePublished\":\"2026-04-07T06:56:41+00:00\",\"dateModified\":\"2026-04-07T06:56:41+00:00\",\"description\":\"Compra 910-005903 Mouse M190 Blue Inal\u00e1mbrico Receptor Usb Pc\/mac\/chrome\/linux + Env\u00edo a domicilio + Pago seguro + Garant\u00eda\",\"breadcrumb\":{\"@id\":\"https:\/\/compuviper.mx\/tienda\/producto\/logitech-910-005903-mouse-m190-blue-inalmbrico-receptor-usb-pc-mac-chrome-linux\/#breadcrumb\"},\"inLanguage\":\"es-MX\",\"potentialAction\":[{\"@type\":\"ReadAction\",\"target\":[\"https:\/\/compuviper.mx\/tienda\/producto\/logitech-910-005903-mouse-m190-blue-inalmbrico-receptor-usb-pc-mac-chrome-linux\/\"]}]},{\"@type\":\"BreadcrumbList\",\"@id\":\"https:\/\/compuviper.mx\/tienda\/producto\/logitech-910-005903-mouse-m190-blue-inalmbrico-receptor-usb-pc-mac-chrome-linux\/#breadcrumb\",\"itemListElement\":[{\"@type\":\"ListItem\",\"position\":1,\"name\":\"Inicio\",\"item\":\"https:\/\/compuviper.mx\/tienda\/\"},{\"@type\":\"ListItem\",\"position\":2,\"name\":\"Productos\",\"item\":\"https:\/\/compuviper.mx\/tienda\/productos\/\"},{\"@type\":\"ListItem\",\"position\":3,\"name\":\"Mouse\",\"item\":\"https:\/\/compuviper.mx\/tienda\/categoria-producto\/mouse\/\"},{\"@type\":\"ListItem\",\"position\":4,\"name\":\"Optico\",\"item\":\"https:\/\/compuviper.mx\/tienda\/categoria-producto\/mouse\/optico\/\"},{\"@type\":\"ListItem\",\"position\":5,\"name\":\"Logitech 910-005903 Mouse M190 Blue Inal?mbrico Receptor Usb Pc\/mac\/chrome\/linux\"}]},{\"@type\":\"WebSite\",\"@id\":\"https:\/\/compuviper.mx\/tienda\/#website\",\"url\":\"https:\/\/compuviper.mx\/tienda\/\",\"name\":\"Compuviper\",\"description\":\"Proveedor de Computadoras, Laptops, Servidores, Monitores, Puntos de Venta, Teclados,   Impresoras, T\u00f3ner, C\u00e1maras de Seguridad y m\u00e1s en tu tienda en l\u00ednea\",\"publisher\":{\"@id\":\"https:\/\/compuviper.mx\/tienda\/#organization\"},\"potentialAction\":[{\"@type\":\"SearchAction\",\"target\":{\"@type\":\"EntryPoint\",\"urlTemplate\":\"https:\/\/compuviper.mx\/tienda\/?s={search_term_string}\"},\"query-input\":\"required name=search_term_string\"}],\"inLanguage\":\"es-MX\"},{\"@type\":\"Organization\",\"@id\":\"https:\/\/compuviper.mx\/tienda\/#organization\",\"name\":\"Compuviper\",\"url\":\"https:\/\/compuviper.mx\/tienda\/\",\"logo\":{\"@type\":\"ImageObject\",\"inLanguage\":\"es-MX\",\"@id\":\"https:\/\/compuviper.mx\/tienda\/#\/schema\/logo\/image\/\",\"url\":\"https:\/\/compuviper.mx\/tienda\/wp-content\/uploads\/2021\/08\/Logo-Compuviper-10.png\",\"contentUrl\":\"https:\/\/compuviper.mx\/tienda\/wp-content\/uploads\/2021\/08\/Logo-Compuviper-10.png\",\"width\":1000,\"height\":500,\"caption\":\"Compuviper\"},\"image\":{\"@id\":\"https:\/\/compuviper.mx\/tienda\/#\/schema\/logo\/image\/\"},\"sameAs\":[\"https:\/\/www.facebook.com\/compuviper\",\"https:\/\/www.youtube.com\/channel\/UCf73dERp9Y3cfOq7q8BhLjA?view_as=subscriber\"]}]}<\/script>\n<meta property=\"product:brand\" content=\"LOGITECH\" \/>\n<meta property=\"product:price:amount\" content=\"281\" \/>\n<meta property=\"product:price:currency\" content=\"MXN\" \/>\n<meta property=\"og:availability\" content=\"instock\" \/>\n<meta property=\"product:availability\" content=\"instock\" \/>\n<meta property=\"product:retailer_item_id\" content=\"910-005903\" \/>\n<meta property=\"product:condition\" content=\"new\" \/>\n<!-- \/ Yoast SEO plugin. -->","yoast_head_json":{"title":"[ Logitech ] &#129351; 910-005903 Mouse M190 Blue Inal\u00e1mbrico Receptor Usb Pc\/mac\/chrome\/linux","description":"Compra 910-005903 Mouse M190 Blue Inal\u00e1mbrico Receptor Usb Pc\/mac\/chrome\/linux + Env\u00edo a domicilio + Pago seguro + Garant\u00eda","robots":{"index":"index","follow":"follow","max-snippet":"max-snippet:-1","max-image-preview":"max-image-preview:large","max-video-preview":"max-video-preview:-1"},"canonical":"https:\/\/compuviper.mx\/tienda\/producto\/logitech-910-005903-mouse-m190-blue-inalmbrico-receptor-usb-pc-mac-chrome-linux\/","og_locale":"es_MX","og_type":"article","og_title":"[ Logitech ] &#129351; 910-005903 Mouse M190 Blue Inal\u00e1mbrico Receptor Usb Pc\/mac\/chrome\/linux","og_description":"Compra 910-005903 Mouse M190 Blue Inal\u00e1mbrico Receptor Usb Pc\/mac\/chrome\/linux + Env\u00edo a domicilio + Pago seguro + Garant\u00eda","og_url":"https:\/\/compuviper.mx\/tienda\/producto\/logitech-910-005903-mouse-m190-blue-inalmbrico-receptor-usb-pc-mac-chrome-linux\/","og_site_name":"Compuviper","article_publisher":"https:\/\/www.facebook.com\/compuviper","og_image":[{"width":200,"height":200,"url":"https:\/\/compuviper.mx\/tienda\/wp-content\/uploads\/2023\/12\/Mouse-logitech-m190-blue-inalambrico-receptor-usb-pcmacchromelinux.jpg","type":"image\/jpeg"}],"twitter_card":"summary_large_image","twitter_misc":{"Precio":"&#36;281 con IVA","Availability":"In stock"},"schema":{"@context":"https:\/\/schema.org","@graph":[{"@type":"WebPage","@id":"https:\/\/compuviper.mx\/tienda\/producto\/logitech-910-005903-mouse-m190-blue-inalmbrico-receptor-usb-pc-mac-chrome-linux\/","url":"https:\/\/compuviper.mx\/tienda\/producto\/logitech-910-005903-mouse-m190-blue-inalmbrico-receptor-usb-pc-mac-chrome-linux\/","name":"[ Logitech ] &#129351; 910-005903 Mouse M190 Blue Inal\u00e1mbrico Receptor Usb Pc\/mac\/chrome\/linux","isPartOf":{"@id":"https:\/\/compuviper.mx\/tienda\/#website"},"datePublished":"2026-04-07T06:56:41+00:00","dateModified":"2026-04-07T06:56:41+00:00","description":"Compra 910-005903 Mouse M190 Blue Inal\u00e1mbrico Receptor Usb Pc\/mac\/chrome\/linux + Env\u00edo a domicilio + Pago seguro + Garant\u00eda","breadcrumb":{"@id":"https:\/\/compuviper.mx\/tienda\/producto\/logitech-910-005903-mouse-m190-blue-inalmbrico-receptor-usb-pc-mac-chrome-linux\/#breadcrumb"},"inLanguage":"es-MX","potentialAction":[{"@type":"ReadAction","target":["https:\/\/compuviper.mx\/tienda\/producto\/logitech-910-005903-mouse-m190-blue-inalmbrico-receptor-usb-pc-mac-chrome-linux\/"]}]},{"@type":"BreadcrumbList","@id":"https:\/\/compuviper.mx\/tienda\/producto\/logitech-910-005903-mouse-m190-blue-inalmbrico-receptor-usb-pc-mac-chrome-linux\/#breadcrumb","itemListElement":[{"@type":"ListItem","position":1,"name":"Inicio","item":"https:\/\/compuviper.mx\/tienda\/"},{"@type":"ListItem","position":2,"name":"Productos","item":"https:\/\/compuviper.mx\/tienda\/productos\/"},{"@type":"ListItem","position":3,"name":"Mouse","item":"https:\/\/compuviper.mx\/tienda\/categoria-producto\/mouse\/"},{"@type":"ListItem","position":4,"name":"Optico","item":"https:\/\/compuviper.mx\/tienda\/categoria-producto\/mouse\/optico\/"},{"@type":"ListItem","position":5,"name":"Logitech 910-005903 Mouse M190 Blue Inal?mbrico Receptor Usb Pc\/mac\/chrome\/linux"}]},{"@type":"WebSite","@id":"https:\/\/compuviper.mx\/tienda\/#website","url":"https:\/\/compuviper.mx\/tienda\/","name":"Compuviper","description":"Proveedor de Computadoras, Laptops, Servidores, Monitores, Puntos de Venta, Teclados,   Impresoras, T\u00f3ner, C\u00e1maras de Seguridad y m\u00e1s en tu tienda en l\u00ednea","publisher":{"@id":"https:\/\/compuviper.mx\/tienda\/#organization"},"potentialAction":[{"@type":"SearchAction","target":{"@type":"EntryPoint","urlTemplate":"https:\/\/compuviper.mx\/tienda\/?s={search_term_string}"},"query-input":"required name=search_term_string"}],"inLanguage":"es-MX"},{"@type":"Organization","@id":"https:\/\/compuviper.mx\/tienda\/#organization","name":"Compuviper","url":"https:\/\/compuviper.mx\/tienda\/","logo":{"@type":"ImageObject","inLanguage":"es-MX","@id":"https:\/\/compuviper.mx\/tienda\/#\/schema\/logo\/image\/","url":"https:\/\/compuviper.mx\/tienda\/wp-content\/uploads\/2021\/08\/Logo-Compuviper-10.png","contentUrl":"https:\/\/compuviper.mx\/tienda\/wp-content\/uploads\/2021\/08\/Logo-Compuviper-10.png","width":1000,"height":500,"caption":"Compuviper"},"image":{"@id":"https:\/\/compuviper.mx\/tienda\/#\/schema\/logo\/image\/"},"sameAs":["https:\/\/www.facebook.com\/compuviper","https:\/\/www.youtube.com\/channel\/UCf73dERp9Y3cfOq7q8BhLjA?view_as=subscriber"]}]},"product_brand":"LOGITECH","product_price_amount":"281","product_price_currency":"MXN","og_availability":"instock","product_availability":"instock","product_retailer_item_id":"910-005903","product_condition":"new"},"_links":{"self":[{"href":"https:\/\/compuviper.mx\/tienda\/wp-json\/wp\/v2\/product\/220270"}],"collection":[{"href":"https:\/\/compuviper.mx\/tienda\/wp-json\/wp\/v2\/product"}],"about":[{"href":"https:\/\/compuviper.mx\/tienda\/wp-json\/wp\/v2\/types\/product"}],"replies":[{"embeddable":true,"href":"https:\/\/compuviper.mx\/tienda\/wp-json\/wp\/v2\/comments?post=220270"}],"wp:featuredmedia":[{"embeddable":true,"href":"https:\/\/compuviper.mx\/tienda\/wp-json\/wp\/v2\/media\/220271"}],"wp:attachment":[{"href":"https:\/\/compuviper.mx\/tienda\/wp-json\/wp\/v2\/media?parent=220270"}],"wp:term":[{"taxonomy":"product_cat","embeddable":true,"href":"https:\/\/compuviper.mx\/tienda\/wp-json\/wp\/v2\/product_cat?post=220270"},{"taxonomy":"product_tag","embeddable":true,"href":"https:\/\/compuviper.mx\/tienda\/wp-json\/wp\/v2\/product_tag?post=220270"}],"curies":[{"name":"wp","href":"https:\/\/api.w.org\/{rel}","templated":true}]}}