{"id":220222,"date":"2026-05-09T00:53:26","date_gmt":"2026-05-09T06:53:26","guid":{"rendered":"https:\/\/compuviper.mx\/tienda\/producto\/logitech-910-005550-mouse-gaming-g502-hero-negro-alambrico-usb-lightsync-rgb-16k-dpis\/"},"modified":"2026-05-09T00:53:27","modified_gmt":"2026-05-09T06:53:27","slug":"logitech-910-005550-mouse-gaming-g502-hero-optico-alambrico-usb-lightsync-rgb-25000dpi-negro","status":"publish","type":"product","link":"https:\/\/compuviper.mx\/tienda\/producto\/logitech-910-005550-mouse-gaming-g502-hero-optico-alambrico-usb-lightsync-rgb-25000dpi-negro\/","title":{"rendered":"Logitech 910-005550 Mouse Gaming  G502 Hero Optico Alambrico Usb Lightsync Rgb 25000dpi Negro"},"content":{"rendered":"<table class=\"descripcion\">\n<tr>\n<td>Funciones<\/td>\n<\/tr>\n<tr>\n<td>Hero 16k<\/td>\n<\/tr>\n<tr>\n<td>Sensor \u00f3ptico de alto rendimiento<\/td>\n<\/tr>\n<tr>\n<td>Hero es nuestro sensor para gaming con una precisi\u00f3n de pr\u00f3xima generaci\u00f3n y una arquitectura espec\u00edfica. con el procesamiento de frecuencia de cuadro m\u00e1s r\u00e1pido hasta la fecha, hero es capaz de m\u00e1s de 400 ips y 100 &#8211; 16.000 dpi, sin suavizado, filtrado ni aceleraci\u00f3n. hero ofrece precisi\u00f3n al m\u00e1s alto nivel competitivo y m\u00e1xima uniformidad de respuesta. aseg\u00farate de personalizar y ajustar tu configuraci\u00f3n de dpi con logitech gaming software (lgs)<\/td>\n<\/tr>\n<tr>\n<td>11 botones programables<\/td>\n<\/tr>\n<tr>\n<td>Controles muy a mano<\/td>\n<\/tr>\n<tr>\n<td>Usa logitech gaming software para programar 11 botones con tus macros y comandos favoritos. construye, ag\u00e1chate, lucha cuerpo a cuerpo, sana&#8230; pon tus poderes al alcance de tus dedos. guarda hasta cinco perfiles diferentes directamente en el rat\u00f3n para llevarte tu configuraci\u00f3n a cualquier parte.<\/td>\n<\/tr>\n<tr>\n<td>Peso ajustable<\/td>\n<\/tr>\n<tr>\n<td>Peso y equilibrio personalizables<\/td>\n<\/tr>\n<tr>\n<td>Ajusta el tacto y el deslizamiento del rat\u00f3n a tu favor. g502 hero incluye cinco pesas de 3,6 g que se pueden usar en diversas configuraciones de peso frontal, posterior, izquierdo, derecho y central. experimenta con la alineaci\u00f3n y el equilibrio para encontrar el punto ideal para optimizar el rendimiento de tu gaming.<\/td>\n<\/tr>\n<tr>\n<td>Rgb lightsync<\/td>\n<\/tr>\n<tr>\n<td>~16,8 millones de colores personalizables<\/td>\n<\/tr>\n<tr>\n<td>La tecnolog\u00eda lightsync es el rgb de pr\u00f3xima generaci\u00f3n determinado por los juegos, el audio o tu pantalla para ofrecer una experiencia rgb m\u00e1s inmersiva que nunca. elige de un espectro completo de aproximadamente 16,8 millones de colores, y sincroniza efectos y animaciones de iluminaci\u00f3n con otros dispositivos logitech g. personal\u00edzalo todo de forma r\u00e1pida y sencilla con logitech gaming software.<\/td>\n<\/tr>\n<tr>\n<td>Detalles para gaming<\/td>\n<\/tr>\n<tr>\n<td>Dise\u00f1o de alto rendimiento<\/td>\n<\/tr>\n<tr>\n<td>Adem\u00e1s de las caracter\u00edsticas principales de rendimiento y personalizaci\u00f3n, muchos detalles se dise\u00f1aron y crearon meticulosamente. encontrar\u00e1s botones principales con interruptores mec\u00e1nicos con capacidad de hasta 50 millones de clics, cable trenzado con brida de cable de gancho y bucle, recubrimientos laterales de goma, puerta de cavidad de pesas magn\u00e9tica y mucho m\u00e1s.<\/td>\n<\/tr>\n<tr>\n<td>Cambio de dpi sobre la marcha<\/td>\n<\/tr>\n<tr>\n<td>Sube hasta por cinco valores de dpi<\/td>\n<\/tr>\n<tr>\n<td>Sube y baja por hasta cinco valores de dpi con un solo clic. tres indicadores de dpi permiten saber qu\u00e9 valor est\u00e1 activado. personaliza estos valores de dpi con logitech gaming software (lgs) o utiliza la configuraci\u00f3n predeterminada lista para usar.<\/td>\n<\/tr>\n<tr>\n<td>Bot\u00f3n de francotirador<\/td>\n<\/tr>\n<tr>\n<td>Cambio r\u00e1pido de dpi<\/td>\n<\/tr>\n<tr>\n<td>A\u00f1ade a\u00fan m\u00e1s control a tu juego con el r\u00e1pido cambio de dpi de alta a baja sensibilidad. colocado convenientemente en el lado izquierdo del rat\u00f3n, mant\u00e9n pulsado el bot\u00f3n de francotirador para pasar r\u00e1pidamente a apuntar con la precisi\u00f3n de un francotirador. personaliza la sensibilidad de cambio de dpi en lgs o c\u00e1mbiala para ejecutar otra funci\u00f3n completamente diferente.<\/td>\n<\/tr>\n<tr>\n<td>Memoria integrada<\/td>\n<\/tr>\n<tr>\n<td>Almacena hasta cinco perfiles<\/td>\n<\/tr>\n<tr>\n<td>Usa logitech gaming software para guardar la configuraci\u00f3n en cada una de las cinco ranuras de memoria del rat\u00f3n y llev\u00e1rtela a todas partes. la configuraci\u00f3n guardada funcionar\u00e1 en cualquier pc sin necesidad de software adicional ni de iniciar sesi\u00f3n.<\/td>\n<\/tr>\n<tr>\n<td>Bot\u00f3n rueda con dos modos y desplazamiento superr\u00e1pido<\/td>\n<\/tr>\n<tr>\n<td>Velocidad o precisi\u00f3n<\/td>\n<\/tr>\n<tr>\n<td>Desbloquea el bot\u00f3n rueda para un desplazamiento superr\u00e1pido continuo para girar r\u00e1pidamente por p\u00e1ginas largas, o bloqu\u00e9alo para un desplazamiento de precisi\u00f3n clic a clic. la pesada rueda met\u00e1lica ofrece un control seguro, suave y satisfactorio para cualquiera de los dos modos.<\/td>\n<\/tr>\n<tr>\n<td>Especificaciones<\/td>\n<\/tr>\n<tr>\n<td>N\u00famero de referencia<\/td>\n<\/tr>\n<tr>\n<td>910-005550<\/td>\n<\/tr>\n<tr>\n<td>Informaci\u00f3n de garant\u00eda<\/td>\n<\/tr>\n<tr>\n<td>Dos a\u00f1os de garant\u00eda de hardware limitada<\/td>\n<\/tr>\n<tr>\n<td>Requisitos del sistema<\/td>\n<\/tr>\n<tr>\n<td>Windows\u00ae 7 o posterior<\/td>\n<\/tr>\n<tr>\n<td>Macos 10.11 o posterior<\/td>\n<\/tr>\n<tr>\n<td>Chrome os<\/td>\n<\/tr>\n<tr>\n<td>Puerto usb<\/td>\n<\/tr>\n<tr>\n<td>(opcional) conexi\u00f3n a internet para logitech gaming software.<\/td>\n<\/tr>\n<tr>\n<td>Contenido de la caja<\/td>\n<\/tr>\n<tr>\n<td>Rat\u00f3n para gaming g502 hero<\/td>\n<\/tr>\n<tr>\n<td>Cinco pesas opcionales de 3,6 g<\/td>\n<\/tr>\n<tr>\n<td>Documentaci\u00f3n del usuario<\/td>\n<\/tr>\n<tr>\n<td>Especificaciones t\u00e9cnicas<\/td>\n<\/tr>\n<tr>\n<td>Seguimiento<\/td>\n<\/tr>\n<tr>\n<td>Sensor: hero<\/td>\n<\/tr>\n<tr>\n<td>Resoluci\u00f3n: 100 a16.000 dpi<\/td>\n<\/tr>\n<tr>\n<td>Sin suavizado\/aceleraci\u00f3n\/filtros<\/td>\n<\/tr>\n<tr>\n<td>Aceleraci\u00f3n m\u00e1xima:   40 g2<\/td>\n<\/tr>\n<tr>\n<td>Velocidad m\u00e1xima:   400 ips2<\/td>\n<\/tr>\n<tr>\n<td>Respuesta<\/td>\n<\/tr>\n<tr>\n<td>Formato de datos usb: 16 bits\/eje<\/td>\n<\/tr>\n<tr>\n<td>Velocidad de respuesta usb: 1000 hz (1 ms)<\/td>\n<\/tr>\n<tr>\n<td>Microprocesador: 32 bits arm<\/td>\n<\/tr>\n<tr>\n<td>Durabilidad<\/td>\n<\/tr>\n<tr>\n<td>Botones principales: 50 millones de clics<\/td>\n<\/tr>\n<tr>\n<td>Pies de ptfe: recorrido de 250 kil\u00f3metros2<\/td>\n<\/tr>\n<tr>\n<td>Otras caracter\u00edsticas<\/td>\n<\/tr>\n<tr>\n<td>Memoria integrada: 5 perfiles<\/td>\n<\/tr>\n<tr>\n<td>Rgb lightsync: 1 zona<\/td>\n<\/tr>\n<tr>\n<td>Cable trenzado<\/td>\n<\/tr>\n<tr>\n<td>Especificaciones f\u00edsicas<\/td>\n<\/tr>\n<tr>\n<td>Altura: 132 mm<\/td>\n<\/tr>\n<tr>\n<td>Anchura: 75 mm<\/td>\n<\/tr>\n<tr>\n<td>Profundidad: 40 mm<\/td>\n<\/tr>\n<tr>\n<td>Peso: 121 g, s\u00f3lo rat\u00f3n<\/td>\n<\/tr>\n<tr>\n<td>Pesos adicionales opcionales: hasta 18 g (5 x 3,6 g)<\/td>\n<\/tr>\n<tr>\n<td>Longitud de cable: 2,10 m<\/td>\n<\/tr>\n<\/table>\n","protected":false},"excerpt":{"rendered":"<p>Mouse para gaming de alto rendiemiento sensor hero 16k, 11 botones programables, la tecnolog\u00eda lightsync es el rgb de pr\u00f3xima generaci\u00f3n determinado por los juegos,a juste de dpi en pleno juego,<\/p>\n","protected":false},"featured_media":220223,"comment_status":"open","ping_status":"open","template":"","meta":[],"product_cat":[1752,1748],"product_tag":[1500],"acf":[],"yoast_head":"<!-- This site is optimized with the Yoast SEO plugin v21.7 - https:\/\/yoast.com\/wordpress\/plugins\/seo\/ -->\n<title>[ Logitech ] &#129351; 910-005550 Mouse Gaming G502 Hero Optico Alambrico Usb Lightsync Rgb 25000dpi Negro<\/title>\n<meta name=\"description\" content=\"Compra 910-005550 Mouse Gaming G502 Hero Optico Alambrico Usb Lightsync Rgb 25000dpi Negro + Env\u00edo a domicilio + Pago seguro + Garant\u00eda\" \/>\n<meta name=\"robots\" content=\"index, follow, max-snippet:-1, max-image-preview:large, max-video-preview:-1\" \/>\n<link rel=\"canonical\" href=\"https:\/\/compuviper.mx\/tienda\/producto\/logitech-910-005550-mouse-gaming-g502-hero-optico-alambrico-usb-lightsync-rgb-25000dpi-negro\/\" \/>\n<meta property=\"og:locale\" content=\"es_MX\" \/>\n<meta property=\"og:type\" content=\"article\" \/>\n<meta property=\"og:title\" content=\"[ Logitech ] &#129351; 910-005550 Mouse Gaming G502 Hero Optico Alambrico Usb Lightsync Rgb 25000dpi Negro\" \/>\n<meta property=\"og:description\" content=\"Compra 910-005550 Mouse Gaming G502 Hero Optico Alambrico Usb Lightsync Rgb 25000dpi Negro + Env\u00edo a domicilio + Pago seguro + Garant\u00eda\" \/>\n<meta property=\"og:url\" content=\"https:\/\/compuviper.mx\/tienda\/producto\/logitech-910-005550-mouse-gaming-g502-hero-optico-alambrico-usb-lightsync-rgb-25000dpi-negro\/\" \/>\n<meta property=\"og:site_name\" content=\"Compuviper\" \/>\n<meta property=\"article:publisher\" content=\"https:\/\/www.facebook.com\/compuviper\" \/>\n<meta property=\"article:modified_time\" content=\"2026-05-09T06:53:27+00:00\" \/>\n<meta property=\"og:image\" content=\"https:\/\/compuviper.mx\/tienda\/wp-content\/uploads\/2023\/12\/Mouse-gaming-logitech-g502-hero-negro-alambrico-usb-lightsync-rgb-16k-dpis.jpg\" \/>\n\t<meta property=\"og:image:width\" content=\"200\" \/>\n\t<meta property=\"og:image:height\" content=\"200\" \/>\n\t<meta property=\"og:image:type\" content=\"image\/jpeg\" \/>\n<meta name=\"twitter:card\" content=\"summary_large_image\" \/>\n<meta name=\"twitter:label1\" content=\"Precio\" \/>\n\t<meta name=\"twitter:data1\" content=\"&#36;1,394 con IVA\" \/>\n\t<meta name=\"twitter:label2\" content=\"Availability\" \/>\n\t<meta name=\"twitter:data2\" content=\"Out of stock\" \/>\n<script type=\"application\/ld+json\" class=\"yoast-schema-graph\">{\"@context\":\"https:\/\/schema.org\",\"@graph\":[{\"@type\":\"WebPage\",\"@id\":\"https:\/\/compuviper.mx\/tienda\/producto\/logitech-910-005550-mouse-gaming-g502-hero-optico-alambrico-usb-lightsync-rgb-25000dpi-negro\/\",\"url\":\"https:\/\/compuviper.mx\/tienda\/producto\/logitech-910-005550-mouse-gaming-g502-hero-optico-alambrico-usb-lightsync-rgb-25000dpi-negro\/\",\"name\":\"[ Logitech ] &#129351; 910-005550 Mouse Gaming G502 Hero Optico Alambrico Usb Lightsync Rgb 25000dpi Negro\",\"isPartOf\":{\"@id\":\"https:\/\/compuviper.mx\/tienda\/#website\"},\"datePublished\":\"2026-05-09T06:53:26+00:00\",\"dateModified\":\"2026-05-09T06:53:27+00:00\",\"description\":\"Compra 910-005550 Mouse Gaming G502 Hero Optico Alambrico Usb Lightsync Rgb 25000dpi Negro + Env\u00edo a domicilio + Pago seguro + Garant\u00eda\",\"breadcrumb\":{\"@id\":\"https:\/\/compuviper.mx\/tienda\/producto\/logitech-910-005550-mouse-gaming-g502-hero-optico-alambrico-usb-lightsync-rgb-25000dpi-negro\/#breadcrumb\"},\"inLanguage\":\"es-MX\",\"potentialAction\":[{\"@type\":\"ReadAction\",\"target\":[\"https:\/\/compuviper.mx\/tienda\/producto\/logitech-910-005550-mouse-gaming-g502-hero-optico-alambrico-usb-lightsync-rgb-25000dpi-negro\/\"]}]},{\"@type\":\"BreadcrumbList\",\"@id\":\"https:\/\/compuviper.mx\/tienda\/producto\/logitech-910-005550-mouse-gaming-g502-hero-optico-alambrico-usb-lightsync-rgb-25000dpi-negro\/#breadcrumb\",\"itemListElement\":[{\"@type\":\"ListItem\",\"position\":1,\"name\":\"Inicio\",\"item\":\"https:\/\/compuviper.mx\/tienda\/\"},{\"@type\":\"ListItem\",\"position\":2,\"name\":\"Productos\",\"item\":\"https:\/\/compuviper.mx\/tienda\/productos\/\"},{\"@type\":\"ListItem\",\"position\":3,\"name\":\"Mouse\",\"item\":\"https:\/\/compuviper.mx\/tienda\/categoria-producto\/mouse\/\"},{\"@type\":\"ListItem\",\"position\":4,\"name\":\"Gamers\",\"item\":\"https:\/\/compuviper.mx\/tienda\/categoria-producto\/mouse\/gamers-mouse\/\"},{\"@type\":\"ListItem\",\"position\":5,\"name\":\"Logitech 910-005550 Mouse Gaming G502 Hero Optico Alambrico Usb Lightsync Rgb 25000dpi Negro\"}]},{\"@type\":\"WebSite\",\"@id\":\"https:\/\/compuviper.mx\/tienda\/#website\",\"url\":\"https:\/\/compuviper.mx\/tienda\/\",\"name\":\"Compuviper\",\"description\":\"Proveedor de Computadoras, Laptops, Servidores, Monitores, Puntos de Venta, Teclados,   Impresoras, T\u00f3ner, C\u00e1maras de Seguridad y m\u00e1s en tu tienda en l\u00ednea\",\"publisher\":{\"@id\":\"https:\/\/compuviper.mx\/tienda\/#organization\"},\"potentialAction\":[{\"@type\":\"SearchAction\",\"target\":{\"@type\":\"EntryPoint\",\"urlTemplate\":\"https:\/\/compuviper.mx\/tienda\/?s={search_term_string}\"},\"query-input\":\"required name=search_term_string\"}],\"inLanguage\":\"es-MX\"},{\"@type\":\"Organization\",\"@id\":\"https:\/\/compuviper.mx\/tienda\/#organization\",\"name\":\"Compuviper\",\"url\":\"https:\/\/compuviper.mx\/tienda\/\",\"logo\":{\"@type\":\"ImageObject\",\"inLanguage\":\"es-MX\",\"@id\":\"https:\/\/compuviper.mx\/tienda\/#\/schema\/logo\/image\/\",\"url\":\"https:\/\/compuviper.mx\/tienda\/wp-content\/uploads\/2021\/08\/Logo-Compuviper-10.png\",\"contentUrl\":\"https:\/\/compuviper.mx\/tienda\/wp-content\/uploads\/2021\/08\/Logo-Compuviper-10.png\",\"width\":1000,\"height\":500,\"caption\":\"Compuviper\"},\"image\":{\"@id\":\"https:\/\/compuviper.mx\/tienda\/#\/schema\/logo\/image\/\"},\"sameAs\":[\"https:\/\/www.facebook.com\/compuviper\",\"https:\/\/www.youtube.com\/channel\/UCf73dERp9Y3cfOq7q8BhLjA?view_as=subscriber\"]}]}<\/script>\n<meta property=\"product:brand\" content=\"LOGITECH\" \/>\n<meta property=\"product:price:amount\" content=\"1394\" \/>\n<meta property=\"product:price:currency\" content=\"MXN\" \/>\n<meta property=\"og:availability\" content=\"out of stock\" \/>\n<meta property=\"product:availability\" content=\"out of stock\" \/>\n<meta property=\"product:retailer_item_id\" content=\"910-005550\" \/>\n<meta property=\"product:condition\" content=\"new\" \/>\n<!-- \/ Yoast SEO plugin. -->","yoast_head_json":{"title":"[ Logitech ] &#129351; 910-005550 Mouse Gaming G502 Hero Optico Alambrico Usb Lightsync Rgb 25000dpi Negro","description":"Compra 910-005550 Mouse Gaming G502 Hero Optico Alambrico Usb Lightsync Rgb 25000dpi Negro + Env\u00edo a domicilio + Pago seguro + Garant\u00eda","robots":{"index":"index","follow":"follow","max-snippet":"max-snippet:-1","max-image-preview":"max-image-preview:large","max-video-preview":"max-video-preview:-1"},"canonical":"https:\/\/compuviper.mx\/tienda\/producto\/logitech-910-005550-mouse-gaming-g502-hero-optico-alambrico-usb-lightsync-rgb-25000dpi-negro\/","og_locale":"es_MX","og_type":"article","og_title":"[ Logitech ] &#129351; 910-005550 Mouse Gaming G502 Hero Optico Alambrico Usb Lightsync Rgb 25000dpi Negro","og_description":"Compra 910-005550 Mouse Gaming G502 Hero Optico Alambrico Usb Lightsync Rgb 25000dpi Negro + Env\u00edo a domicilio + Pago seguro + Garant\u00eda","og_url":"https:\/\/compuviper.mx\/tienda\/producto\/logitech-910-005550-mouse-gaming-g502-hero-optico-alambrico-usb-lightsync-rgb-25000dpi-negro\/","og_site_name":"Compuviper","article_publisher":"https:\/\/www.facebook.com\/compuviper","article_modified_time":"2026-05-09T06:53:27+00:00","og_image":[{"width":200,"height":200,"url":"https:\/\/compuviper.mx\/tienda\/wp-content\/uploads\/2023\/12\/Mouse-gaming-logitech-g502-hero-negro-alambrico-usb-lightsync-rgb-16k-dpis.jpg","type":"image\/jpeg"}],"twitter_card":"summary_large_image","twitter_misc":{"Precio":"&#36;1,394 con IVA","Availability":"Out of stock"},"schema":{"@context":"https:\/\/schema.org","@graph":[{"@type":"WebPage","@id":"https:\/\/compuviper.mx\/tienda\/producto\/logitech-910-005550-mouse-gaming-g502-hero-optico-alambrico-usb-lightsync-rgb-25000dpi-negro\/","url":"https:\/\/compuviper.mx\/tienda\/producto\/logitech-910-005550-mouse-gaming-g502-hero-optico-alambrico-usb-lightsync-rgb-25000dpi-negro\/","name":"[ Logitech ] &#129351; 910-005550 Mouse Gaming G502 Hero Optico Alambrico Usb Lightsync Rgb 25000dpi Negro","isPartOf":{"@id":"https:\/\/compuviper.mx\/tienda\/#website"},"datePublished":"2026-05-09T06:53:26+00:00","dateModified":"2026-05-09T06:53:27+00:00","description":"Compra 910-005550 Mouse Gaming G502 Hero Optico Alambrico Usb Lightsync Rgb 25000dpi Negro + Env\u00edo a domicilio + Pago seguro + Garant\u00eda","breadcrumb":{"@id":"https:\/\/compuviper.mx\/tienda\/producto\/logitech-910-005550-mouse-gaming-g502-hero-optico-alambrico-usb-lightsync-rgb-25000dpi-negro\/#breadcrumb"},"inLanguage":"es-MX","potentialAction":[{"@type":"ReadAction","target":["https:\/\/compuviper.mx\/tienda\/producto\/logitech-910-005550-mouse-gaming-g502-hero-optico-alambrico-usb-lightsync-rgb-25000dpi-negro\/"]}]},{"@type":"BreadcrumbList","@id":"https:\/\/compuviper.mx\/tienda\/producto\/logitech-910-005550-mouse-gaming-g502-hero-optico-alambrico-usb-lightsync-rgb-25000dpi-negro\/#breadcrumb","itemListElement":[{"@type":"ListItem","position":1,"name":"Inicio","item":"https:\/\/compuviper.mx\/tienda\/"},{"@type":"ListItem","position":2,"name":"Productos","item":"https:\/\/compuviper.mx\/tienda\/productos\/"},{"@type":"ListItem","position":3,"name":"Mouse","item":"https:\/\/compuviper.mx\/tienda\/categoria-producto\/mouse\/"},{"@type":"ListItem","position":4,"name":"Gamers","item":"https:\/\/compuviper.mx\/tienda\/categoria-producto\/mouse\/gamers-mouse\/"},{"@type":"ListItem","position":5,"name":"Logitech 910-005550 Mouse Gaming G502 Hero Optico Alambrico Usb Lightsync Rgb 25000dpi Negro"}]},{"@type":"WebSite","@id":"https:\/\/compuviper.mx\/tienda\/#website","url":"https:\/\/compuviper.mx\/tienda\/","name":"Compuviper","description":"Proveedor de Computadoras, Laptops, Servidores, Monitores, Puntos de Venta, Teclados,   Impresoras, T\u00f3ner, C\u00e1maras de Seguridad y m\u00e1s en tu tienda en l\u00ednea","publisher":{"@id":"https:\/\/compuviper.mx\/tienda\/#organization"},"potentialAction":[{"@type":"SearchAction","target":{"@type":"EntryPoint","urlTemplate":"https:\/\/compuviper.mx\/tienda\/?s={search_term_string}"},"query-input":"required name=search_term_string"}],"inLanguage":"es-MX"},{"@type":"Organization","@id":"https:\/\/compuviper.mx\/tienda\/#organization","name":"Compuviper","url":"https:\/\/compuviper.mx\/tienda\/","logo":{"@type":"ImageObject","inLanguage":"es-MX","@id":"https:\/\/compuviper.mx\/tienda\/#\/schema\/logo\/image\/","url":"https:\/\/compuviper.mx\/tienda\/wp-content\/uploads\/2021\/08\/Logo-Compuviper-10.png","contentUrl":"https:\/\/compuviper.mx\/tienda\/wp-content\/uploads\/2021\/08\/Logo-Compuviper-10.png","width":1000,"height":500,"caption":"Compuviper"},"image":{"@id":"https:\/\/compuviper.mx\/tienda\/#\/schema\/logo\/image\/"},"sameAs":["https:\/\/www.facebook.com\/compuviper","https:\/\/www.youtube.com\/channel\/UCf73dERp9Y3cfOq7q8BhLjA?view_as=subscriber"]}]},"product_brand":"LOGITECH","product_price_amount":"1394","product_price_currency":"MXN","og_availability":"out of stock","product_availability":"out of stock","product_retailer_item_id":"910-005550","product_condition":"new"},"_links":{"self":[{"href":"https:\/\/compuviper.mx\/tienda\/wp-json\/wp\/v2\/product\/220222"}],"collection":[{"href":"https:\/\/compuviper.mx\/tienda\/wp-json\/wp\/v2\/product"}],"about":[{"href":"https:\/\/compuviper.mx\/tienda\/wp-json\/wp\/v2\/types\/product"}],"replies":[{"embeddable":true,"href":"https:\/\/compuviper.mx\/tienda\/wp-json\/wp\/v2\/comments?post=220222"}],"wp:featuredmedia":[{"embeddable":true,"href":"https:\/\/compuviper.mx\/tienda\/wp-json\/wp\/v2\/media\/220223"}],"wp:attachment":[{"href":"https:\/\/compuviper.mx\/tienda\/wp-json\/wp\/v2\/media?parent=220222"}],"wp:term":[{"taxonomy":"product_cat","embeddable":true,"href":"https:\/\/compuviper.mx\/tienda\/wp-json\/wp\/v2\/product_cat?post=220222"},{"taxonomy":"product_tag","embeddable":true,"href":"https:\/\/compuviper.mx\/tienda\/wp-json\/wp\/v2\/product_tag?post=220222"}],"curies":[{"name":"wp","href":"https:\/\/api.w.org\/{rel}","templated":true}]}}