{"id":220216,"date":"2026-05-06T00:57:05","date_gmt":"2026-05-06T06:57:05","guid":{"rendered":"https:\/\/compuviper.mx\/tienda\/producto\/logitech-910-005281-mouse-gaming-g305-lightspeed-negro-optico-inalambrico-usb-1ms-con-sensor-hero-12000dpi-6-botones\/"},"modified":"2026-05-06T00:57:05","modified_gmt":"2026-05-06T06:57:05","slug":"logitech-910-005281-mouse-gaming-g305-lightspeed-optico-inalambrico-receptor-usb-sensor-hero-12000dpi-negro","status":"publish","type":"product","link":"https:\/\/compuviper.mx\/tienda\/producto\/logitech-910-005281-mouse-gaming-g305-lightspeed-optico-inalambrico-receptor-usb-sensor-hero-12000dpi-negro\/","title":{"rendered":"Logitech 910-005281 Mouse Gaming  G305 Lightspeed Optico Inalambrico Receptor Usb Sensor Hero 12000dpi Negro"},"content":{"rendered":"<table class=\"descripcion\">\n<tr>\n<td>Funciones<\/td>\n<\/tr>\n<tr>\n<td>Tecnolog\u00eda inal\u00e1mbrica lightspeed para todos<\/td>\n<\/tr>\n<tr>\n<td>Tecnolog\u00eda inal\u00e1mbrica lightspeed de pr\u00f3xima generaci\u00f3n lista ahora para todos los jugadores<\/td>\n<\/tr>\n<tr>\n<td>G305 es un rat\u00f3n inal\u00e1mbrico para gaming lightspeed dise\u00f1ado para un rendimiento excelente con las innovaciones tecnol\u00f3gicas m\u00e1s recientes a un precio asequible.<\/td>\n<\/tr>\n<tr>\n<td>Sensor hero<\/td>\n<\/tr>\n<tr>\n<td>Rendimiento de 12.000 dpi, eficiencia 10x<\/td>\n<\/tr>\n<tr>\n<td>El sensor hero es el sensor \u00f3ptico para gaming de logitech g de pr\u00f3xima generaci\u00f3n capaz de un rendimiento incre\u00edble y de una eficiencia sin precedentes. porque en el gaming inal\u00e1mbrico, no puede haber concesiones. programa dpi de 200 a 12.000 y guarda hasta cinco perfiles en la memoria integrada.<\/td>\n<\/tr>\n<tr>\n<td>Tecnolog\u00eda inal\u00e1mbrica lightspeed<\/td>\n<\/tr>\n<tr>\n<td>Sin cables. sin l\u00edmites.<\/td>\n<\/tr>\n<tr>\n<td>Con lightspeed, la tecnolog\u00eda inal\u00e1mbrica es tan r\u00e1pida como la conexi\u00f3n con cable. la soluci\u00f3n integral dise\u00f1ada meticulosamente de logitech g da a los jugadores la libertad de la tecnolog\u00eda inal\u00e1mbrica y el rendimiento de 1 ms necesarios para gaming.<\/td>\n<\/tr>\n<tr>\n<td>M\u00e1s sobre lightspeed.<\/td>\n<\/tr>\n<tr>\n<td>Duraci\u00f3n ultralarga<\/td>\n<\/tr>\n<tr>\n<td>250 horas, una pila aa<\/td>\n<\/tr>\n<tr>\n<td>El sensor hero y lightspeed ofrecen una eficiencia extrema para que puedas jugar durante 250 horas con una sola pila aa. cuenta con unos nueve meses de uso habitual, al m\u00e1ximo rendimiento, antes de tener que cambiar la pila.2 y no te preocupes, el rat\u00f3n g305 tiene un indicador luminoso que te avisa cuando queda un 15% de carga de la pila.<\/td>\n<\/tr>\n<tr>\n<td>Utraligero<\/td>\n<\/tr>\n<tr>\n<td>99 gramos de r\u00e1pida libertad<\/td>\n<\/tr>\n<tr>\n<td>En logitech g, un rat\u00f3n inal\u00e1mbrico para gaming no tiene que ser pesado. g305 es muy ligero, apenas pesa 99 gramos. esto ha sido posible gracias al dise\u00f1o mec\u00e1nico ligero y al uso ultraeficiente de la pila.<\/td>\n<\/tr>\n<tr>\n<td>Seis botones programables<\/td>\n<\/tr>\n<tr>\n<td>Flexible y sencillo<\/td>\n<\/tr>\n<tr>\n<td>G305 aguanta diez millones de clics en los dos botones principales. g305 posee adem\u00e1s clic con bot\u00f3n central, bot\u00f3n de dpi y dos botones laterales que se pueden programar a tu gusto mediante logitech gaming software.1<\/td>\n<\/tr>\n<tr>\n<td>Descargar lgs ahora.<\/td>\n<\/tr>\n<tr>\n<td>Sistema avanzado de tensi\u00f3n de botones<\/td>\n<\/tr>\n<tr>\n<td>Respuesta de clic superior<\/td>\n<\/tr>\n<tr>\n<td>El sistema avanzado de tensi\u00f3n de botones con botones separados aumenta la coherencia de respuesta de los botones izquierdo y derecho del rat\u00f3n, y requiere menos esfuerzo de clic. eso contribuye a la gran rapidez y fiabilidad de las acciones de clic incluso en las sesiones de gaming m\u00e1s intensas.<\/td>\n<\/tr>\n<tr>\n<td>Juega en cualquier lugar<\/td>\n<\/tr>\n<tr>\n<td>Almacenamiento integrado para el nano receptor usb<\/td>\n<\/tr>\n<tr>\n<td>El dise\u00f1o ligero, compacto y duradero, y el almacenamiento integrado para el nano receptor hacen de g305 un gran compa\u00f1ero de viaje.<\/td>\n<\/tr>\n<tr>\n<td>Especificaciones<\/td>\n<\/tr>\n<tr>\n<td>N\u00famero de referencia<\/td>\n<\/tr>\n<tr>\n<td>Negro: 910-005281<\/td>\n<\/tr>\n<tr>\n<td>Informaci\u00f3n de garant\u00eda<\/td>\n<\/tr>\n<tr>\n<td>Dos a\u00f1os de garant\u00eda de hardware limitada<\/td>\n<\/tr>\n<tr>\n<td>Requisitos del sistema<\/td>\n<\/tr>\n<tr>\n<td>Windows\u00ae 7 o posterior<\/td>\n<\/tr>\n<tr>\n<td>Macos 10.11 o posterior<\/td>\n<\/tr>\n<tr>\n<td>Chrome os<\/td>\n<\/tr>\n<tr>\n<td>Puerto usb<\/td>\n<\/tr>\n<tr>\n<td>(opcional) conexi\u00f3n a internet para logitech gaming software.<\/td>\n<\/tr>\n<tr>\n<td>Contenido de la caja<\/td>\n<\/tr>\n<tr>\n<td>Rat\u00f3n para gaming<\/td>\n<\/tr>\n<tr>\n<td>Nano receptor lightspeed usb<\/td>\n<\/tr>\n<tr>\n<td>Alargador de cable para receptor<\/td>\n<\/tr>\n<tr>\n<td>Pila aa<\/td>\n<\/tr>\n<tr>\n<td>Documentaci\u00f3n del usuario<\/td>\n<\/tr>\n<tr>\n<td>Especificaciones t\u00e9cnicas<\/td>\n<\/tr>\n<tr>\n<td>Seguimiento<\/td>\n<\/tr>\n<tr>\n<td>Sensor: hero<\/td>\n<\/tr>\n<tr>\n<td>Resoluci\u00f3n: 200 &#8211; 12.000 dpi<\/td>\n<\/tr>\n<tr>\n<td>Sin suavizado\/aceleraci\u00f3n\/filtros<\/td>\n<\/tr>\n<tr>\n<td>Aceleraci\u00f3n m\u00e1xima:   40 g1<\/td>\n<\/tr>\n<tr>\n<td>Velocidad m\u00e1xima:   400 ips1<\/td>\n<\/tr>\n<tr>\n<td>Respuesta<\/td>\n<\/tr>\n<tr>\n<td>Formato de datos usb: 16 bits\/eje<\/td>\n<\/tr>\n<tr>\n<td>Velocidad de respuesta usb: 1000 hz (1 ms)<\/td>\n<\/tr>\n<tr>\n<td>Microprocesador: 32 bits arm<\/td>\n<\/tr>\n<tr>\n<td>Resistencia<\/td>\n<\/tr>\n<tr>\n<td>Botones (izquierdo\/derecho): diez millones de clics<\/td>\n<\/tr>\n<tr>\n<td>Pies de ptfe: recorrido de 250 kil\u00f3metros1<\/td>\n<\/tr>\n<tr>\n<td>Especificaciones f\u00edsicas<\/td>\n<\/tr>\n<tr>\n<td>Altura: 116,6 mm<\/td>\n<\/tr>\n<tr>\n<td>Anchura: 62,15 mm<\/td>\n<\/tr>\n<tr>\n<td>Profundidad: 38,2 mm<\/td>\n<\/tr>\n<tr>\n<td>Peso: 99 g<\/td>\n<\/tr>\n<\/table>\n","protected":false},"excerpt":{"rendered":"<p>Rat\u00f3n inal\u00e1mbrico para gaming lightspeed. Tecnolog\u00eda inal\u00e1mbrica lightspeed de pr\u00f3xima generaci\u00f3n disponible ahora para todos los jugadores<\/p>\n","protected":false},"featured_media":220217,"comment_status":"open","ping_status":"open","template":"","meta":[],"product_cat":[1748,1752],"product_tag":[1500],"acf":[],"yoast_head":"<!-- This site is optimized with the Yoast SEO plugin v21.7 - https:\/\/yoast.com\/wordpress\/plugins\/seo\/ -->\n<title>[ Logitech ] &#129351; 910-005281 Mouse Gaming G305 Lightspeed Optico Inalambrico Receptor Usb Sensor Hero 12000dpi Negro<\/title>\n<meta name=\"description\" content=\"Compra 910-005281 Mouse Gaming G305 Lightspeed Optico Inalambrico Receptor Usb Sensor Hero 12000dpi Negro + Env\u00edo a domicilio + Pago seguro + Garant\u00eda\" \/>\n<meta name=\"robots\" content=\"index, follow, max-snippet:-1, max-image-preview:large, max-video-preview:-1\" \/>\n<link rel=\"canonical\" href=\"https:\/\/compuviper.mx\/tienda\/producto\/logitech-910-005281-mouse-gaming-g305-lightspeed-optico-inalambrico-receptor-usb-sensor-hero-12000dpi-negro\/\" \/>\n<meta property=\"og:locale\" content=\"es_MX\" \/>\n<meta property=\"og:type\" content=\"article\" \/>\n<meta property=\"og:title\" content=\"[ Logitech ] &#129351; 910-005281 Mouse Gaming G305 Lightspeed Optico Inalambrico Receptor Usb Sensor Hero 12000dpi Negro\" \/>\n<meta property=\"og:description\" content=\"Compra 910-005281 Mouse Gaming G305 Lightspeed Optico Inalambrico Receptor Usb Sensor Hero 12000dpi Negro + Env\u00edo a domicilio + Pago seguro + Garant\u00eda\" \/>\n<meta property=\"og:url\" content=\"https:\/\/compuviper.mx\/tienda\/producto\/logitech-910-005281-mouse-gaming-g305-lightspeed-optico-inalambrico-receptor-usb-sensor-hero-12000dpi-negro\/\" \/>\n<meta property=\"og:site_name\" content=\"Compuviper\" \/>\n<meta property=\"article:publisher\" content=\"https:\/\/www.facebook.com\/compuviper\" \/>\n<meta property=\"og:image\" content=\"https:\/\/compuviper.mx\/tienda\/wp-content\/uploads\/2023\/12\/Mouse-gaming-logitech-g305-lightspeed-negro-optico-inalambrico-usb-1ms-con-sensor-hero-12000dpi-6-botones.jpg\" \/>\n\t<meta property=\"og:image:width\" content=\"200\" \/>\n\t<meta property=\"og:image:height\" content=\"200\" \/>\n\t<meta property=\"og:image:type\" content=\"image\/jpeg\" \/>\n<meta name=\"twitter:card\" content=\"summary_large_image\" \/>\n<meta name=\"twitter:label1\" content=\"Precio\" \/>\n\t<meta name=\"twitter:data1\" content=\"&#36;1,287 con IVA\" \/>\n\t<meta name=\"twitter:label2\" content=\"Availability\" \/>\n\t<meta name=\"twitter:data2\" content=\"In stock\" \/>\n<script type=\"application\/ld+json\" class=\"yoast-schema-graph\">{\"@context\":\"https:\/\/schema.org\",\"@graph\":[{\"@type\":\"WebPage\",\"@id\":\"https:\/\/compuviper.mx\/tienda\/producto\/logitech-910-005281-mouse-gaming-g305-lightspeed-optico-inalambrico-receptor-usb-sensor-hero-12000dpi-negro\/\",\"url\":\"https:\/\/compuviper.mx\/tienda\/producto\/logitech-910-005281-mouse-gaming-g305-lightspeed-optico-inalambrico-receptor-usb-sensor-hero-12000dpi-negro\/\",\"name\":\"[ Logitech ] &#129351; 910-005281 Mouse Gaming G305 Lightspeed Optico Inalambrico Receptor Usb Sensor Hero 12000dpi Negro\",\"isPartOf\":{\"@id\":\"https:\/\/compuviper.mx\/tienda\/#website\"},\"datePublished\":\"2026-05-06T06:57:05+00:00\",\"dateModified\":\"2026-05-06T06:57:05+00:00\",\"description\":\"Compra 910-005281 Mouse Gaming G305 Lightspeed Optico Inalambrico Receptor Usb Sensor Hero 12000dpi Negro + Env\u00edo a domicilio + Pago seguro + Garant\u00eda\",\"breadcrumb\":{\"@id\":\"https:\/\/compuviper.mx\/tienda\/producto\/logitech-910-005281-mouse-gaming-g305-lightspeed-optico-inalambrico-receptor-usb-sensor-hero-12000dpi-negro\/#breadcrumb\"},\"inLanguage\":\"es-MX\",\"potentialAction\":[{\"@type\":\"ReadAction\",\"target\":[\"https:\/\/compuviper.mx\/tienda\/producto\/logitech-910-005281-mouse-gaming-g305-lightspeed-optico-inalambrico-receptor-usb-sensor-hero-12000dpi-negro\/\"]}]},{\"@type\":\"BreadcrumbList\",\"@id\":\"https:\/\/compuviper.mx\/tienda\/producto\/logitech-910-005281-mouse-gaming-g305-lightspeed-optico-inalambrico-receptor-usb-sensor-hero-12000dpi-negro\/#breadcrumb\",\"itemListElement\":[{\"@type\":\"ListItem\",\"position\":1,\"name\":\"Inicio\",\"item\":\"https:\/\/compuviper.mx\/tienda\/\"},{\"@type\":\"ListItem\",\"position\":2,\"name\":\"Productos\",\"item\":\"https:\/\/compuviper.mx\/tienda\/productos\/\"},{\"@type\":\"ListItem\",\"position\":3,\"name\":\"Mouse\",\"item\":\"https:\/\/compuviper.mx\/tienda\/categoria-producto\/mouse\/\"},{\"@type\":\"ListItem\",\"position\":4,\"name\":\"Gamers\",\"item\":\"https:\/\/compuviper.mx\/tienda\/categoria-producto\/mouse\/gamers-mouse\/\"},{\"@type\":\"ListItem\",\"position\":5,\"name\":\"Logitech 910-005281 Mouse Gaming G305 Lightspeed Optico Inalambrico Receptor Usb Sensor Hero 12000dpi Negro\"}]},{\"@type\":\"WebSite\",\"@id\":\"https:\/\/compuviper.mx\/tienda\/#website\",\"url\":\"https:\/\/compuviper.mx\/tienda\/\",\"name\":\"Compuviper\",\"description\":\"Proveedor de Computadoras, Laptops, Servidores, Monitores, Puntos de Venta, Teclados,   Impresoras, T\u00f3ner, C\u00e1maras de Seguridad y m\u00e1s en tu tienda en l\u00ednea\",\"publisher\":{\"@id\":\"https:\/\/compuviper.mx\/tienda\/#organization\"},\"potentialAction\":[{\"@type\":\"SearchAction\",\"target\":{\"@type\":\"EntryPoint\",\"urlTemplate\":\"https:\/\/compuviper.mx\/tienda\/?s={search_term_string}\"},\"query-input\":\"required name=search_term_string\"}],\"inLanguage\":\"es-MX\"},{\"@type\":\"Organization\",\"@id\":\"https:\/\/compuviper.mx\/tienda\/#organization\",\"name\":\"Compuviper\",\"url\":\"https:\/\/compuviper.mx\/tienda\/\",\"logo\":{\"@type\":\"ImageObject\",\"inLanguage\":\"es-MX\",\"@id\":\"https:\/\/compuviper.mx\/tienda\/#\/schema\/logo\/image\/\",\"url\":\"https:\/\/compuviper.mx\/tienda\/wp-content\/uploads\/2021\/08\/Logo-Compuviper-10.png\",\"contentUrl\":\"https:\/\/compuviper.mx\/tienda\/wp-content\/uploads\/2021\/08\/Logo-Compuviper-10.png\",\"width\":1000,\"height\":500,\"caption\":\"Compuviper\"},\"image\":{\"@id\":\"https:\/\/compuviper.mx\/tienda\/#\/schema\/logo\/image\/\"},\"sameAs\":[\"https:\/\/www.facebook.com\/compuviper\",\"https:\/\/www.youtube.com\/channel\/UCf73dERp9Y3cfOq7q8BhLjA?view_as=subscriber\"]}]}<\/script>\n<meta property=\"product:brand\" content=\"LOGITECH\" \/>\n<meta property=\"product:price:amount\" content=\"1287\" \/>\n<meta property=\"product:price:currency\" content=\"MXN\" \/>\n<meta property=\"og:availability\" content=\"instock\" \/>\n<meta property=\"product:availability\" content=\"instock\" \/>\n<meta property=\"product:retailer_item_id\" content=\"910-005281\" \/>\n<meta property=\"product:condition\" content=\"new\" \/>\n<!-- \/ Yoast SEO plugin. -->","yoast_head_json":{"title":"[ Logitech ] &#129351; 910-005281 Mouse Gaming G305 Lightspeed Optico Inalambrico Receptor Usb Sensor Hero 12000dpi Negro","description":"Compra 910-005281 Mouse Gaming G305 Lightspeed Optico Inalambrico Receptor Usb Sensor Hero 12000dpi Negro + Env\u00edo a domicilio + Pago seguro + Garant\u00eda","robots":{"index":"index","follow":"follow","max-snippet":"max-snippet:-1","max-image-preview":"max-image-preview:large","max-video-preview":"max-video-preview:-1"},"canonical":"https:\/\/compuviper.mx\/tienda\/producto\/logitech-910-005281-mouse-gaming-g305-lightspeed-optico-inalambrico-receptor-usb-sensor-hero-12000dpi-negro\/","og_locale":"es_MX","og_type":"article","og_title":"[ Logitech ] &#129351; 910-005281 Mouse Gaming G305 Lightspeed Optico Inalambrico Receptor Usb Sensor Hero 12000dpi Negro","og_description":"Compra 910-005281 Mouse Gaming G305 Lightspeed Optico Inalambrico Receptor Usb Sensor Hero 12000dpi Negro + Env\u00edo a domicilio + Pago seguro + Garant\u00eda","og_url":"https:\/\/compuviper.mx\/tienda\/producto\/logitech-910-005281-mouse-gaming-g305-lightspeed-optico-inalambrico-receptor-usb-sensor-hero-12000dpi-negro\/","og_site_name":"Compuviper","article_publisher":"https:\/\/www.facebook.com\/compuviper","og_image":[{"width":200,"height":200,"url":"https:\/\/compuviper.mx\/tienda\/wp-content\/uploads\/2023\/12\/Mouse-gaming-logitech-g305-lightspeed-negro-optico-inalambrico-usb-1ms-con-sensor-hero-12000dpi-6-botones.jpg","type":"image\/jpeg"}],"twitter_card":"summary_large_image","twitter_misc":{"Precio":"&#36;1,287 con IVA","Availability":"In stock"},"schema":{"@context":"https:\/\/schema.org","@graph":[{"@type":"WebPage","@id":"https:\/\/compuviper.mx\/tienda\/producto\/logitech-910-005281-mouse-gaming-g305-lightspeed-optico-inalambrico-receptor-usb-sensor-hero-12000dpi-negro\/","url":"https:\/\/compuviper.mx\/tienda\/producto\/logitech-910-005281-mouse-gaming-g305-lightspeed-optico-inalambrico-receptor-usb-sensor-hero-12000dpi-negro\/","name":"[ Logitech ] &#129351; 910-005281 Mouse Gaming G305 Lightspeed Optico Inalambrico Receptor Usb Sensor Hero 12000dpi Negro","isPartOf":{"@id":"https:\/\/compuviper.mx\/tienda\/#website"},"datePublished":"2026-05-06T06:57:05+00:00","dateModified":"2026-05-06T06:57:05+00:00","description":"Compra 910-005281 Mouse Gaming G305 Lightspeed Optico Inalambrico Receptor Usb Sensor Hero 12000dpi Negro + Env\u00edo a domicilio + Pago seguro + Garant\u00eda","breadcrumb":{"@id":"https:\/\/compuviper.mx\/tienda\/producto\/logitech-910-005281-mouse-gaming-g305-lightspeed-optico-inalambrico-receptor-usb-sensor-hero-12000dpi-negro\/#breadcrumb"},"inLanguage":"es-MX","potentialAction":[{"@type":"ReadAction","target":["https:\/\/compuviper.mx\/tienda\/producto\/logitech-910-005281-mouse-gaming-g305-lightspeed-optico-inalambrico-receptor-usb-sensor-hero-12000dpi-negro\/"]}]},{"@type":"BreadcrumbList","@id":"https:\/\/compuviper.mx\/tienda\/producto\/logitech-910-005281-mouse-gaming-g305-lightspeed-optico-inalambrico-receptor-usb-sensor-hero-12000dpi-negro\/#breadcrumb","itemListElement":[{"@type":"ListItem","position":1,"name":"Inicio","item":"https:\/\/compuviper.mx\/tienda\/"},{"@type":"ListItem","position":2,"name":"Productos","item":"https:\/\/compuviper.mx\/tienda\/productos\/"},{"@type":"ListItem","position":3,"name":"Mouse","item":"https:\/\/compuviper.mx\/tienda\/categoria-producto\/mouse\/"},{"@type":"ListItem","position":4,"name":"Gamers","item":"https:\/\/compuviper.mx\/tienda\/categoria-producto\/mouse\/gamers-mouse\/"},{"@type":"ListItem","position":5,"name":"Logitech 910-005281 Mouse Gaming G305 Lightspeed Optico Inalambrico Receptor Usb Sensor Hero 12000dpi Negro"}]},{"@type":"WebSite","@id":"https:\/\/compuviper.mx\/tienda\/#website","url":"https:\/\/compuviper.mx\/tienda\/","name":"Compuviper","description":"Proveedor de Computadoras, Laptops, Servidores, Monitores, Puntos de Venta, Teclados,   Impresoras, T\u00f3ner, C\u00e1maras de Seguridad y m\u00e1s en tu tienda en l\u00ednea","publisher":{"@id":"https:\/\/compuviper.mx\/tienda\/#organization"},"potentialAction":[{"@type":"SearchAction","target":{"@type":"EntryPoint","urlTemplate":"https:\/\/compuviper.mx\/tienda\/?s={search_term_string}"},"query-input":"required name=search_term_string"}],"inLanguage":"es-MX"},{"@type":"Organization","@id":"https:\/\/compuviper.mx\/tienda\/#organization","name":"Compuviper","url":"https:\/\/compuviper.mx\/tienda\/","logo":{"@type":"ImageObject","inLanguage":"es-MX","@id":"https:\/\/compuviper.mx\/tienda\/#\/schema\/logo\/image\/","url":"https:\/\/compuviper.mx\/tienda\/wp-content\/uploads\/2021\/08\/Logo-Compuviper-10.png","contentUrl":"https:\/\/compuviper.mx\/tienda\/wp-content\/uploads\/2021\/08\/Logo-Compuviper-10.png","width":1000,"height":500,"caption":"Compuviper"},"image":{"@id":"https:\/\/compuviper.mx\/tienda\/#\/schema\/logo\/image\/"},"sameAs":["https:\/\/www.facebook.com\/compuviper","https:\/\/www.youtube.com\/channel\/UCf73dERp9Y3cfOq7q8BhLjA?view_as=subscriber"]}]},"product_brand":"LOGITECH","product_price_amount":"1287","product_price_currency":"MXN","og_availability":"instock","product_availability":"instock","product_retailer_item_id":"910-005281","product_condition":"new"},"_links":{"self":[{"href":"https:\/\/compuviper.mx\/tienda\/wp-json\/wp\/v2\/product\/220216"}],"collection":[{"href":"https:\/\/compuviper.mx\/tienda\/wp-json\/wp\/v2\/product"}],"about":[{"href":"https:\/\/compuviper.mx\/tienda\/wp-json\/wp\/v2\/types\/product"}],"replies":[{"embeddable":true,"href":"https:\/\/compuviper.mx\/tienda\/wp-json\/wp\/v2\/comments?post=220216"}],"wp:featuredmedia":[{"embeddable":true,"href":"https:\/\/compuviper.mx\/tienda\/wp-json\/wp\/v2\/media\/220217"}],"wp:attachment":[{"href":"https:\/\/compuviper.mx\/tienda\/wp-json\/wp\/v2\/media?parent=220216"}],"wp:term":[{"taxonomy":"product_cat","embeddable":true,"href":"https:\/\/compuviper.mx\/tienda\/wp-json\/wp\/v2\/product_cat?post=220216"},{"taxonomy":"product_tag","embeddable":true,"href":"https:\/\/compuviper.mx\/tienda\/wp-json\/wp\/v2\/product_tag?post=220216"}],"curies":[{"name":"wp","href":"https:\/\/api.w.org\/{rel}","templated":true}]}}