{"id":220200,"date":"2026-04-07T00:56:34","date_gmt":"2026-04-07T06:56:34","guid":{"rendered":"https:\/\/compuviper.mx\/tienda\/producto\/logitech-910-004941-mouse-m170-red-k-optico-inalambrico-mini-receptor-usb-pc-mac-chrome\/"},"modified":"2026-04-07T00:56:34","modified_gmt":"2026-04-07T06:56:34","slug":"logitech-910-004941-mouse-m170-red-k-optico-inalambrico-mini-receptor-usb-pc-mac-chrome","status":"publish","type":"product","link":"https:\/\/compuviper.mx\/tienda\/producto\/logitech-910-004941-mouse-m170-red-k-optico-inalambrico-mini-receptor-usb-pc-mac-chrome\/","title":{"rendered":"Logitech 910-004941 Mouse  M170 Red-k Optico Inalambrico Mini Receptor Usb Pc\/mac\/chrome."},"content":{"rendered":"<table class=\"descripcion\">\n<tr>\n<td>Requisitos del sistema<\/td>\n<\/tr>\n<tr>\n<td>Windows\u00ae 7, windows 8, windows 10 o posterior<\/td>\n<\/tr>\n<tr>\n<td>Mac os\u00ae x 10.8 posterior<\/td>\n<\/tr>\n<tr>\n<td>Chrome os<\/td>\n<\/tr>\n<tr>\n<td>Linux\u00ae kernel 2.6+<\/td>\n<\/tr>\n<tr>\n<td>Puerto usb<\/td>\n<\/tr>\n<tr>\n<td>Dimensiones<\/td>\n<\/tr>\n<tr>\n<td>Mouse (alto x ancho x profundidad): 97,7 mm (3,85 in) x 61,5 mm (2,42 in) x 35,2 mm (1,39 in)<\/td>\n<\/tr>\n<tr>\n<td>Peso del mouse: 70,5 g (2,49 oz) sin bater\u00eda<\/td>\n<\/tr>\n<tr>\n<td>Nano receptor (alto x ancho x profundidad): 6,6 mm (0,24 in) x 14,4 mm (0,57 in) x 18,7 mm (0,74 in)<\/td>\n<\/tr>\n<tr>\n<td>Peso del nano receptor: 2,0 g (0,07 oz)<\/td>\n<\/tr>\n<tr>\n<td>Informaci\u00f3n de garant\u00eda<\/td>\n<\/tr>\n<tr>\n<td>Un a\u00f1o de garant\u00eda de hardware limitada<\/td>\n<\/tr>\n<tr>\n<td>Esta caja contiene<\/td>\n<\/tr>\n<tr>\n<td>Mouse<\/td>\n<\/tr>\n<tr>\n<td>Receptor<\/td>\n<\/tr>\n<tr>\n<td>Documentaci\u00f3n del usuario<\/td>\n<\/tr>\n<tr>\n<td>Software opcional<\/td>\n<\/tr>\n<tr>\n<td>Logitech opciones<\/td>\n<\/tr>\n<tr>\n<td>Especificaciones<\/td>\n<\/tr>\n<tr>\n<td>Tipo de conexi\u00f3n: tecnolog\u00eda inal\u00e1mbrica de 2,4 ghz<\/td>\n<\/tr>\n<tr>\n<td>Alcance inal\u00e1mbrico: 33 ft (10 m)<\/td>\n<\/tr>\n<tr>\n<td>Bater\u00eda: 1 bater\u00eda aa<\/td>\n<\/tr>\n<tr>\n<td>Duraci\u00f3n de bater\u00eda: 1 a\u00f1o<\/td>\n<\/tr>\n<tr>\n<td>N\u00famero de referencia<\/td>\n<\/tr>\n<tr>\n<td>Azul\/negro: n\u00ba de referencia 910-004800<\/td>\n<\/tr>\n<tr>\n<td>Rojo\/negro: n\u00ba de referencia 910-004941<\/td>\n<\/tr>\n<tr>\n<td>Gris\/negro: n\u00ba de referencia 910-004940<\/td>\n<\/tr>\n<tr>\n<td>Silver: n\u00ba de referencia 910-005334<\/td>\n<\/tr>\n<\/table>\n","protected":false},"excerpt":{"rendered":"<p>Mouse \u00f3ptico inal\u00e1mbrico con nano receptor usb, de 2.4 ghz hasta 10 metros de distancia, duraci\u00f3n de la bater\u00eda de hasta12 meses conexi\u00f3n plug and play (conectar y usar). La forma del mouse ofrece un c\u00f3modo soporte para la mano durante horas y horas de uso. El dise\u00f1o ambidiestro y la posibilidad de reasignar las funciones de los botones derecho e izquierdo hace que m170 sean los mouse ideales para cualquier mano.<\/p>\n","protected":false},"featured_media":220201,"comment_status":"open","ping_status":"open","template":"","meta":[],"product_cat":[1748,1749],"product_tag":[1500],"acf":[],"yoast_head":"<!-- This site is optimized with the Yoast SEO plugin v21.7 - https:\/\/yoast.com\/wordpress\/plugins\/seo\/ -->\n<title>[ Logitech ] &#129351; 910-004941 Mouse M170 Red-k Optico Inalambrico Mini Receptor Usb Pc\/mac\/chrome.<\/title>\n<meta name=\"description\" content=\"Compra 910-004941 Mouse M170 Red-k Optico Inalambrico Mini Receptor Usb Pc\/mac\/chrome. + Env\u00edo a domicilio + Pago seguro + Garant\u00eda\" \/>\n<meta name=\"robots\" content=\"index, follow, max-snippet:-1, max-image-preview:large, max-video-preview:-1\" \/>\n<link rel=\"canonical\" href=\"https:\/\/compuviper.mx\/tienda\/producto\/logitech-910-004941-mouse-m170-red-k-optico-inalambrico-mini-receptor-usb-pc-mac-chrome\/\" \/>\n<meta property=\"og:locale\" content=\"es_MX\" \/>\n<meta property=\"og:type\" content=\"article\" \/>\n<meta property=\"og:title\" content=\"[ Logitech ] &#129351; 910-004941 Mouse M170 Red-k Optico Inalambrico Mini Receptor Usb Pc\/mac\/chrome.\" \/>\n<meta property=\"og:description\" content=\"Compra 910-004941 Mouse M170 Red-k Optico Inalambrico Mini Receptor Usb Pc\/mac\/chrome. + Env\u00edo a domicilio + Pago seguro + Garant\u00eda\" \/>\n<meta property=\"og:url\" content=\"https:\/\/compuviper.mx\/tienda\/producto\/logitech-910-004941-mouse-m170-red-k-optico-inalambrico-mini-receptor-usb-pc-mac-chrome\/\" \/>\n<meta property=\"og:site_name\" content=\"Compuviper\" \/>\n<meta property=\"article:publisher\" content=\"https:\/\/www.facebook.com\/compuviper\" \/>\n<meta property=\"og:image\" content=\"https:\/\/compuviper.mx\/tienda\/wp-content\/uploads\/2023\/12\/Mouse-logitech-m170-red-k-optico-inalambrico-mini-receptor-usb-pcmacchrome.jpg\" \/>\n\t<meta property=\"og:image:width\" content=\"200\" \/>\n\t<meta property=\"og:image:height\" content=\"200\" \/>\n\t<meta property=\"og:image:type\" content=\"image\/jpeg\" \/>\n<meta name=\"twitter:card\" content=\"summary_large_image\" \/>\n<meta name=\"twitter:label1\" content=\"Precio\" \/>\n\t<meta name=\"twitter:data1\" content=\"&#36;221 con IVA\" \/>\n\t<meta name=\"twitter:label2\" content=\"Availability\" \/>\n\t<meta name=\"twitter:data2\" content=\"In stock\" \/>\n<script type=\"application\/ld+json\" class=\"yoast-schema-graph\">{\"@context\":\"https:\/\/schema.org\",\"@graph\":[{\"@type\":\"WebPage\",\"@id\":\"https:\/\/compuviper.mx\/tienda\/producto\/logitech-910-004941-mouse-m170-red-k-optico-inalambrico-mini-receptor-usb-pc-mac-chrome\/\",\"url\":\"https:\/\/compuviper.mx\/tienda\/producto\/logitech-910-004941-mouse-m170-red-k-optico-inalambrico-mini-receptor-usb-pc-mac-chrome\/\",\"name\":\"[ Logitech ] &#129351; 910-004941 Mouse M170 Red-k Optico Inalambrico Mini Receptor Usb Pc\/mac\/chrome.\",\"isPartOf\":{\"@id\":\"https:\/\/compuviper.mx\/tienda\/#website\"},\"datePublished\":\"2026-04-07T06:56:34+00:00\",\"dateModified\":\"2026-04-07T06:56:34+00:00\",\"description\":\"Compra 910-004941 Mouse M170 Red-k Optico Inalambrico Mini Receptor Usb Pc\/mac\/chrome. + Env\u00edo a domicilio + Pago seguro + Garant\u00eda\",\"breadcrumb\":{\"@id\":\"https:\/\/compuviper.mx\/tienda\/producto\/logitech-910-004941-mouse-m170-red-k-optico-inalambrico-mini-receptor-usb-pc-mac-chrome\/#breadcrumb\"},\"inLanguage\":\"es-MX\",\"potentialAction\":[{\"@type\":\"ReadAction\",\"target\":[\"https:\/\/compuviper.mx\/tienda\/producto\/logitech-910-004941-mouse-m170-red-k-optico-inalambrico-mini-receptor-usb-pc-mac-chrome\/\"]}]},{\"@type\":\"BreadcrumbList\",\"@id\":\"https:\/\/compuviper.mx\/tienda\/producto\/logitech-910-004941-mouse-m170-red-k-optico-inalambrico-mini-receptor-usb-pc-mac-chrome\/#breadcrumb\",\"itemListElement\":[{\"@type\":\"ListItem\",\"position\":1,\"name\":\"Inicio\",\"item\":\"https:\/\/compuviper.mx\/tienda\/\"},{\"@type\":\"ListItem\",\"position\":2,\"name\":\"Productos\",\"item\":\"https:\/\/compuviper.mx\/tienda\/productos\/\"},{\"@type\":\"ListItem\",\"position\":3,\"name\":\"Mouse\",\"item\":\"https:\/\/compuviper.mx\/tienda\/categoria-producto\/mouse\/\"},{\"@type\":\"ListItem\",\"position\":4,\"name\":\"Optico\",\"item\":\"https:\/\/compuviper.mx\/tienda\/categoria-producto\/mouse\/optico\/\"},{\"@type\":\"ListItem\",\"position\":5,\"name\":\"Logitech 910-004941 Mouse M170 Red-k Optico Inalambrico Mini Receptor Usb Pc\/mac\/chrome.\"}]},{\"@type\":\"WebSite\",\"@id\":\"https:\/\/compuviper.mx\/tienda\/#website\",\"url\":\"https:\/\/compuviper.mx\/tienda\/\",\"name\":\"Compuviper\",\"description\":\"Proveedor de Computadoras, Laptops, Servidores, Monitores, Puntos de Venta, Teclados,   Impresoras, T\u00f3ner, C\u00e1maras de Seguridad y m\u00e1s en tu tienda en l\u00ednea\",\"publisher\":{\"@id\":\"https:\/\/compuviper.mx\/tienda\/#organization\"},\"potentialAction\":[{\"@type\":\"SearchAction\",\"target\":{\"@type\":\"EntryPoint\",\"urlTemplate\":\"https:\/\/compuviper.mx\/tienda\/?s={search_term_string}\"},\"query-input\":\"required name=search_term_string\"}],\"inLanguage\":\"es-MX\"},{\"@type\":\"Organization\",\"@id\":\"https:\/\/compuviper.mx\/tienda\/#organization\",\"name\":\"Compuviper\",\"url\":\"https:\/\/compuviper.mx\/tienda\/\",\"logo\":{\"@type\":\"ImageObject\",\"inLanguage\":\"es-MX\",\"@id\":\"https:\/\/compuviper.mx\/tienda\/#\/schema\/logo\/image\/\",\"url\":\"https:\/\/compuviper.mx\/tienda\/wp-content\/uploads\/2021\/08\/Logo-Compuviper-10.png\",\"contentUrl\":\"https:\/\/compuviper.mx\/tienda\/wp-content\/uploads\/2021\/08\/Logo-Compuviper-10.png\",\"width\":1000,\"height\":500,\"caption\":\"Compuviper\"},\"image\":{\"@id\":\"https:\/\/compuviper.mx\/tienda\/#\/schema\/logo\/image\/\"},\"sameAs\":[\"https:\/\/www.facebook.com\/compuviper\",\"https:\/\/www.youtube.com\/channel\/UCf73dERp9Y3cfOq7q8BhLjA?view_as=subscriber\"]}]}<\/script>\n<meta property=\"product:brand\" content=\"LOGITECH\" \/>\n<meta property=\"product:price:amount\" content=\"221\" \/>\n<meta property=\"product:price:currency\" content=\"MXN\" \/>\n<meta property=\"og:availability\" content=\"instock\" \/>\n<meta property=\"product:availability\" content=\"instock\" \/>\n<meta property=\"product:retailer_item_id\" content=\"910-004941\" \/>\n<meta property=\"product:condition\" content=\"new\" \/>\n<!-- \/ Yoast SEO plugin. -->","yoast_head_json":{"title":"[ Logitech ] &#129351; 910-004941 Mouse M170 Red-k Optico Inalambrico Mini Receptor Usb Pc\/mac\/chrome.","description":"Compra 910-004941 Mouse M170 Red-k Optico Inalambrico Mini Receptor Usb Pc\/mac\/chrome. + Env\u00edo a domicilio + Pago seguro + Garant\u00eda","robots":{"index":"index","follow":"follow","max-snippet":"max-snippet:-1","max-image-preview":"max-image-preview:large","max-video-preview":"max-video-preview:-1"},"canonical":"https:\/\/compuviper.mx\/tienda\/producto\/logitech-910-004941-mouse-m170-red-k-optico-inalambrico-mini-receptor-usb-pc-mac-chrome\/","og_locale":"es_MX","og_type":"article","og_title":"[ Logitech ] &#129351; 910-004941 Mouse M170 Red-k Optico Inalambrico Mini Receptor Usb Pc\/mac\/chrome.","og_description":"Compra 910-004941 Mouse M170 Red-k Optico Inalambrico Mini Receptor Usb Pc\/mac\/chrome. + Env\u00edo a domicilio + Pago seguro + Garant\u00eda","og_url":"https:\/\/compuviper.mx\/tienda\/producto\/logitech-910-004941-mouse-m170-red-k-optico-inalambrico-mini-receptor-usb-pc-mac-chrome\/","og_site_name":"Compuviper","article_publisher":"https:\/\/www.facebook.com\/compuviper","og_image":[{"width":200,"height":200,"url":"https:\/\/compuviper.mx\/tienda\/wp-content\/uploads\/2023\/12\/Mouse-logitech-m170-red-k-optico-inalambrico-mini-receptor-usb-pcmacchrome.jpg","type":"image\/jpeg"}],"twitter_card":"summary_large_image","twitter_misc":{"Precio":"&#36;221 con IVA","Availability":"In stock"},"schema":{"@context":"https:\/\/schema.org","@graph":[{"@type":"WebPage","@id":"https:\/\/compuviper.mx\/tienda\/producto\/logitech-910-004941-mouse-m170-red-k-optico-inalambrico-mini-receptor-usb-pc-mac-chrome\/","url":"https:\/\/compuviper.mx\/tienda\/producto\/logitech-910-004941-mouse-m170-red-k-optico-inalambrico-mini-receptor-usb-pc-mac-chrome\/","name":"[ Logitech ] &#129351; 910-004941 Mouse M170 Red-k Optico Inalambrico Mini Receptor Usb Pc\/mac\/chrome.","isPartOf":{"@id":"https:\/\/compuviper.mx\/tienda\/#website"},"datePublished":"2026-04-07T06:56:34+00:00","dateModified":"2026-04-07T06:56:34+00:00","description":"Compra 910-004941 Mouse M170 Red-k Optico Inalambrico Mini Receptor Usb Pc\/mac\/chrome. + Env\u00edo a domicilio + Pago seguro + Garant\u00eda","breadcrumb":{"@id":"https:\/\/compuviper.mx\/tienda\/producto\/logitech-910-004941-mouse-m170-red-k-optico-inalambrico-mini-receptor-usb-pc-mac-chrome\/#breadcrumb"},"inLanguage":"es-MX","potentialAction":[{"@type":"ReadAction","target":["https:\/\/compuviper.mx\/tienda\/producto\/logitech-910-004941-mouse-m170-red-k-optico-inalambrico-mini-receptor-usb-pc-mac-chrome\/"]}]},{"@type":"BreadcrumbList","@id":"https:\/\/compuviper.mx\/tienda\/producto\/logitech-910-004941-mouse-m170-red-k-optico-inalambrico-mini-receptor-usb-pc-mac-chrome\/#breadcrumb","itemListElement":[{"@type":"ListItem","position":1,"name":"Inicio","item":"https:\/\/compuviper.mx\/tienda\/"},{"@type":"ListItem","position":2,"name":"Productos","item":"https:\/\/compuviper.mx\/tienda\/productos\/"},{"@type":"ListItem","position":3,"name":"Mouse","item":"https:\/\/compuviper.mx\/tienda\/categoria-producto\/mouse\/"},{"@type":"ListItem","position":4,"name":"Optico","item":"https:\/\/compuviper.mx\/tienda\/categoria-producto\/mouse\/optico\/"},{"@type":"ListItem","position":5,"name":"Logitech 910-004941 Mouse M170 Red-k Optico Inalambrico Mini Receptor Usb Pc\/mac\/chrome."}]},{"@type":"WebSite","@id":"https:\/\/compuviper.mx\/tienda\/#website","url":"https:\/\/compuviper.mx\/tienda\/","name":"Compuviper","description":"Proveedor de Computadoras, Laptops, Servidores, Monitores, Puntos de Venta, Teclados,   Impresoras, T\u00f3ner, C\u00e1maras de Seguridad y m\u00e1s en tu tienda en l\u00ednea","publisher":{"@id":"https:\/\/compuviper.mx\/tienda\/#organization"},"potentialAction":[{"@type":"SearchAction","target":{"@type":"EntryPoint","urlTemplate":"https:\/\/compuviper.mx\/tienda\/?s={search_term_string}"},"query-input":"required name=search_term_string"}],"inLanguage":"es-MX"},{"@type":"Organization","@id":"https:\/\/compuviper.mx\/tienda\/#organization","name":"Compuviper","url":"https:\/\/compuviper.mx\/tienda\/","logo":{"@type":"ImageObject","inLanguage":"es-MX","@id":"https:\/\/compuviper.mx\/tienda\/#\/schema\/logo\/image\/","url":"https:\/\/compuviper.mx\/tienda\/wp-content\/uploads\/2021\/08\/Logo-Compuviper-10.png","contentUrl":"https:\/\/compuviper.mx\/tienda\/wp-content\/uploads\/2021\/08\/Logo-Compuviper-10.png","width":1000,"height":500,"caption":"Compuviper"},"image":{"@id":"https:\/\/compuviper.mx\/tienda\/#\/schema\/logo\/image\/"},"sameAs":["https:\/\/www.facebook.com\/compuviper","https:\/\/www.youtube.com\/channel\/UCf73dERp9Y3cfOq7q8BhLjA?view_as=subscriber"]}]},"product_brand":"LOGITECH","product_price_amount":"221","product_price_currency":"MXN","og_availability":"instock","product_availability":"instock","product_retailer_item_id":"910-004941","product_condition":"new"},"_links":{"self":[{"href":"https:\/\/compuviper.mx\/tienda\/wp-json\/wp\/v2\/product\/220200"}],"collection":[{"href":"https:\/\/compuviper.mx\/tienda\/wp-json\/wp\/v2\/product"}],"about":[{"href":"https:\/\/compuviper.mx\/tienda\/wp-json\/wp\/v2\/types\/product"}],"replies":[{"embeddable":true,"href":"https:\/\/compuviper.mx\/tienda\/wp-json\/wp\/v2\/comments?post=220200"}],"wp:featuredmedia":[{"embeddable":true,"href":"https:\/\/compuviper.mx\/tienda\/wp-json\/wp\/v2\/media\/220201"}],"wp:attachment":[{"href":"https:\/\/compuviper.mx\/tienda\/wp-json\/wp\/v2\/media?parent=220200"}],"wp:term":[{"taxonomy":"product_cat","embeddable":true,"href":"https:\/\/compuviper.mx\/tienda\/wp-json\/wp\/v2\/product_cat?post=220200"},{"taxonomy":"product_tag","embeddable":true,"href":"https:\/\/compuviper.mx\/tienda\/wp-json\/wp\/v2\/product_tag?post=220200"}],"curies":[{"name":"wp","href":"https:\/\/api.w.org\/{rel}","templated":true}]}}