{"id":220188,"date":"2026-05-06T00:57:01","date_gmt":"2026-05-06T06:57:01","guid":{"rendered":"https:\/\/compuviper.mx\/tienda\/producto\/logitech-910-004790-mouse-m720-triathlon-negro-optico-inalambrico-usb-bluetooth-multidispositivos-hasta-10-mts-de-alcance-pc-mac-chrome\/"},"modified":"2026-05-06T00:57:01","modified_gmt":"2026-05-06T06:57:01","slug":"logitech-910-004790-mouse-m720-triathlon-optico-inalambrico-receptor-unifying-easy-switch-negro","status":"publish","type":"product","link":"https:\/\/compuviper.mx\/tienda\/producto\/logitech-910-004790-mouse-m720-triathlon-optico-inalambrico-receptor-unifying-easy-switch-negro\/","title":{"rendered":"Logitech 910-004790 Mouse  M720 Triathlon Optico Inalambrico Receptor Unifying Easy-switch Negro"},"content":{"rendered":"<table class=\"descripcion\">\n<tr>\n<td>Dise\u00f1o resistente, vers\u00e1til y c\u00f3modo<\/td>\n<\/tr>\n<tr>\n<td>Triunfa en un mundo multidispositivo con m720 triathlon mouse. pasar\u00e1s f\u00e1cilmente de una tarea a otra alternando entre tres computadoras, y recorrer\u00e1s r\u00e1pidamente documentos y p\u00e1ginas web gracias al desplazamiento superr\u00e1pido. con eficiencia mejorada, este mouse bluetooth\u00ae y unifying dura hasta 24 meses con una sola bater\u00eda aa. todo eso con un tama\u00f1o mediano y una forma c\u00f3modamente adaptable a la mano.<\/td>\n<\/tr>\n<tr>\n<td>Tecnolog\u00eda easy-switch<\/td>\n<\/tr>\n<tr>\n<td>Empareja tu mouse con tres computadoras, luego alterna f\u00e1cilmente entre ellas con s\u00f3lo pulsar un bot\u00f3n pr\u00e1cticamente colocado bajo el pulgar. los tres n\u00fameros iluminados te permiten saber en todo momento a qu\u00e9 dispositivo est\u00e1s conectado.<\/td>\n<\/tr>\n<tr>\n<td>Desplazamiento superr\u00e1pido<\/td>\n<\/tr>\n<tr>\n<td>Recorre r\u00e1pidamente documentos y p\u00e1ginas web largos con un solo giro del bot\u00f3n rueda, que puedes detener al instante, o cambia al modo click a click cuando necesites precisi\u00f3n.<\/td>\n<\/tr>\n<tr>\n<td>Dise\u00f1o duradero y contorneado<\/td>\n<\/tr>\n<tr>\n<td>M720 es un verdadero atleta, dise\u00f1ado para durar, con botones que resisten hasta 10 millones de clicks. el dise\u00f1o de tama\u00f1o grande para la mano derecha se ajusta c\u00f3modamente a la palma de la mano, y la superficie de goma lo hace especialmente suave al tacto.<\/td>\n<\/tr>\n<tr>\n<td>Duraci\u00f3n de bater\u00edas de hasta 24 meses<\/td>\n<\/tr>\n<tr>\n<td>Te va a encantar la eficiencia extra de este mouse, con carga para 24 meses en una sola bater\u00eda aa.* un switch de encendido\/apagado puede prolongar a\u00fan m\u00e1s la duraci\u00f3n, y el indicador avisa cuando la bater\u00eda se est\u00e1 agotando.<\/td>\n<\/tr>\n<tr>\n<td>*depende del uso y del equipo.<\/td>\n<\/tr>\n<tr>\n<td>Especificaciones<\/td>\n<\/tr>\n<tr>\n<td>Tipo de conexi\u00f3n: conexi\u00f3n inal\u00e1mbrica bluetooth\u00ae smart y de 2,4 ghz<\/td>\n<\/tr>\n<tr>\n<td>Alcance inal\u00e1mbrico: 10 m*<\/td>\n<\/tr>\n<tr>\n<td>*depende del uso y del equipo.<\/td>\n<\/tr>\n<tr>\n<td>Indicadores luminosos (led): led de bater\u00edas<\/td>\n<\/tr>\n<tr>\n<td>Conexi\u00f3n \/ encendido: s\u00ed, conmutador de encendido\/apagado<\/td>\n<\/tr>\n<tr>\n<td>Detalles de la bater\u00eda: 1 bater\u00eda aa<\/td>\n<\/tr>\n<tr>\n<td>Duraci\u00f3n de bater\u00eda: 24 meses*<\/td>\n<\/tr>\n<tr>\n<td>*la duraci\u00f3n de las bater\u00edas depende del uso y de los dispositivos.<\/td>\n<\/tr>\n<tr>\n<td>Dpi (m\u00edn\/m\u00e1x): 1000\u00b1<\/td>\n<\/tr>\n<tr>\n<td>Tecnolog\u00eda de sensor: seguimiento \u00f3ptico avanzado de logitech<\/td>\n<\/tr>\n<tr>\n<td>Resoluci\u00f3n de sensor: 1000 dpi<\/td>\n<\/tr>\n<tr>\n<td>Bot\u00f3n rueda: 3g core<\/td>\n<\/tr>\n<tr>\n<td>N\u00famero de botones: 8<\/td>\n<\/tr>\n<tr>\n<td>Botones est\u00e1ndar y especiales: bot\u00f3n rueda inclinable con funci\u00f3n de click con el bot\u00f3n central<\/td>\n<\/tr>\n<tr>\n<td>Compatibilidad con gestos (windows): s\u00ed<\/td>\n<\/tr>\n<tr>\n<td>Compatibilidad con gestos (mac): s\u00ed<\/td>\n<\/tr>\n<tr>\n<td>Especificaciones<\/td>\n<\/tr>\n<tr>\n<td>Tipo de conexi\u00f3n: conexi\u00f3n inal\u00e1mbrica bluetooth\u00ae smart y de 2,4 ghz<\/td>\n<\/tr>\n<tr>\n<td>Alcance inal\u00e1mbrico: 10 m*<\/td>\n<\/tr>\n<tr>\n<td>*depende del uso y del equipo.<\/td>\n<\/tr>\n<tr>\n<td>Indicadores luminosos (led): led de bater\u00edas<\/td>\n<\/tr>\n<tr>\n<td>Conexi\u00f3n \/ encendido: s\u00ed, conmutador de encendido\/apagado<\/td>\n<\/tr>\n<tr>\n<td>Detalles de la bater\u00eda: 1 bater\u00eda aa<\/td>\n<\/tr>\n<tr>\n<td>Duraci\u00f3n de bater\u00eda: 24 meses*<\/td>\n<\/tr>\n<tr>\n<td>*la duraci\u00f3n de las bater\u00edas depende del uso y de los dispositivos.<\/td>\n<\/tr>\n<tr>\n<td>Dpi (m\u00edn\/m\u00e1x): 1000\u00b1<\/td>\n<\/tr>\n<tr>\n<td>Tecnolog\u00eda de sensor: seguimiento \u00f3ptico avanzado de logitech<\/td>\n<\/tr>\n<tr>\n<td>Resoluci\u00f3n de sensor: 1000 dpi<\/td>\n<\/tr>\n<tr>\n<td>Bot\u00f3n rueda: 3g core<\/td>\n<\/tr>\n<tr>\n<td>N\u00famero de botones: 8<\/td>\n<\/tr>\n<tr>\n<td>Botones est\u00e1ndar y especiales: bot\u00f3n rueda inclinable con funci\u00f3n de click con el bot\u00f3n central<\/td>\n<\/tr>\n<tr>\n<td>Compatibilidad con gestos (windows): s\u00ed<\/td>\n<\/tr>\n<tr>\n<td>Dimensiones<\/td>\n<\/tr>\n<tr>\n<td>Mouse (alto x ancho x profundidad): 115 mm x 74 mm x 45 mm<\/td>\n<\/tr>\n<tr>\n<td>Peso: 135 g<\/td>\n<\/tr>\n<tr>\n<td>Nano receptor (alto x ancho x profundidad): 14.4 mm x 18.7 mm x 6.1 mm<\/td>\n<\/tr>\n<tr>\n<td>Peso: 18 g<\/td>\n<\/tr>\n<tr>\n<td>Requisitos del sistema<\/td>\n<\/tr>\n<tr>\n<td>Bluetooth smart:<\/td>\n<\/tr>\n<tr>\n<td>Windows 10 o posterior, windows 8<\/td>\n<\/tr>\n<tr>\n<td>Mac os x 10.10 o posterior<\/td>\n<\/tr>\n<tr>\n<td>Chrome os.<\/td>\n<\/tr>\n<tr>\n<td>Android 5.0 o posterior<\/td>\n<\/tr>\n<tr>\n<td>Receptor unifying:<\/td>\n<\/tr>\n<tr>\n<td>Windows 10 o posterior, windows 8, windows rt, windows 7<\/td>\n<\/tr>\n<tr>\n<td>Mac os x 10.05 o posterior<\/td>\n<\/tr>\n<tr>\n<td>Chrome os\u00bf<\/td>\n<\/tr>\n<tr>\n<td>Esta caja contiene<\/td>\n<\/tr>\n<tr>\n<td>Mouse inal\u00e1mbrico<\/td>\n<\/tr>\n<tr>\n<td>Receptor unifying<\/td>\n<\/tr>\n<tr>\n<td>Una bater\u00eda aa (preinstalada)<\/td>\n<\/tr>\n<tr>\n<td>Documentaci\u00f3n del usuario<\/td>\n<\/tr>\n<tr>\n<td>Informaci\u00f3n de garant\u00eda<\/td>\n<\/tr>\n<tr>\n<td>Un a\u00f1o de garant\u00eda de hardware limitada<\/td>\n<\/tr>\n<tr>\n<td>N\u00famero de referencia<\/td>\n<\/tr>\n<tr>\n<td>N\u00ba de referencia 910-004790.<\/td>\n<\/tr>\n<\/table>\n","protected":false},"excerpt":{"rendered":"<p>Mouse \u00f3ptico inal\u00e1mbrico para usarlo en m\u00faltiples dispositivos por bluetooth contecnolog\u00eda unifying resoluci\u00f3n \u00f6ptica de 1,000 dpi, conecta hasta 3 dispoistivos. Duraci\u00f3n de la bater\u00eda hasta 24 meses, cambia f\u00e1cilmente entre dispositivos con solo oprimir un bot\u00f3n.<\/p>\n","protected":false},"featured_media":220189,"comment_status":"open","ping_status":"open","template":"","meta":[],"product_cat":[1748,1749],"product_tag":[1500],"acf":[],"yoast_head":"<!-- This site is optimized with the Yoast SEO plugin v21.7 - https:\/\/yoast.com\/wordpress\/plugins\/seo\/ -->\n<title>[ Logitech ] &#129351; 910-004790 Mouse M720 Triathlon Optico Inalambrico Receptor Unifying Easy-switch Negro<\/title>\n<meta name=\"description\" content=\"Compra 910-004790 Mouse M720 Triathlon Optico Inalambrico Receptor Unifying Easy-switch Negro + Env\u00edo a domicilio + Pago seguro + Garant\u00eda\" \/>\n<meta name=\"robots\" content=\"index, follow, max-snippet:-1, max-image-preview:large, max-video-preview:-1\" \/>\n<link rel=\"canonical\" href=\"https:\/\/compuviper.mx\/tienda\/producto\/logitech-910-004790-mouse-m720-triathlon-optico-inalambrico-receptor-unifying-easy-switch-negro\/\" \/>\n<meta property=\"og:locale\" content=\"es_MX\" \/>\n<meta property=\"og:type\" content=\"article\" \/>\n<meta property=\"og:title\" content=\"[ Logitech ] &#129351; 910-004790 Mouse M720 Triathlon Optico Inalambrico Receptor Unifying Easy-switch Negro\" \/>\n<meta property=\"og:description\" content=\"Compra 910-004790 Mouse M720 Triathlon Optico Inalambrico Receptor Unifying Easy-switch Negro + Env\u00edo a domicilio + Pago seguro + Garant\u00eda\" \/>\n<meta property=\"og:url\" content=\"https:\/\/compuviper.mx\/tienda\/producto\/logitech-910-004790-mouse-m720-triathlon-optico-inalambrico-receptor-unifying-easy-switch-negro\/\" \/>\n<meta property=\"og:site_name\" content=\"Compuviper\" \/>\n<meta property=\"article:publisher\" content=\"https:\/\/www.facebook.com\/compuviper\" \/>\n<meta property=\"og:image\" content=\"https:\/\/compuviper.mx\/tienda\/wp-content\/uploads\/2023\/12\/Mouse-logitech-m720-triathlon-negro-optico-inalambrico-usb-bluetooth-multidispositivos-hasta-10-mts-de-alcance-pcmacchrome.jpg\" \/>\n\t<meta property=\"og:image:width\" content=\"200\" \/>\n\t<meta property=\"og:image:height\" content=\"200\" \/>\n\t<meta property=\"og:image:type\" content=\"image\/jpeg\" \/>\n<meta name=\"twitter:card\" content=\"summary_large_image\" \/>\n<meta name=\"twitter:label1\" content=\"Precio\" \/>\n\t<meta name=\"twitter:data1\" content=\"&#36;1,144 con IVA\" \/>\n\t<meta name=\"twitter:label2\" content=\"Availability\" \/>\n\t<meta name=\"twitter:data2\" content=\"In stock\" \/>\n<script type=\"application\/ld+json\" class=\"yoast-schema-graph\">{\"@context\":\"https:\/\/schema.org\",\"@graph\":[{\"@type\":\"WebPage\",\"@id\":\"https:\/\/compuviper.mx\/tienda\/producto\/logitech-910-004790-mouse-m720-triathlon-optico-inalambrico-receptor-unifying-easy-switch-negro\/\",\"url\":\"https:\/\/compuviper.mx\/tienda\/producto\/logitech-910-004790-mouse-m720-triathlon-optico-inalambrico-receptor-unifying-easy-switch-negro\/\",\"name\":\"[ Logitech ] &#129351; 910-004790 Mouse M720 Triathlon Optico Inalambrico Receptor Unifying Easy-switch Negro\",\"isPartOf\":{\"@id\":\"https:\/\/compuviper.mx\/tienda\/#website\"},\"datePublished\":\"2026-05-06T06:57:01+00:00\",\"dateModified\":\"2026-05-06T06:57:01+00:00\",\"description\":\"Compra 910-004790 Mouse M720 Triathlon Optico Inalambrico Receptor Unifying Easy-switch Negro + Env\u00edo a domicilio + Pago seguro + Garant\u00eda\",\"breadcrumb\":{\"@id\":\"https:\/\/compuviper.mx\/tienda\/producto\/logitech-910-004790-mouse-m720-triathlon-optico-inalambrico-receptor-unifying-easy-switch-negro\/#breadcrumb\"},\"inLanguage\":\"es-MX\",\"potentialAction\":[{\"@type\":\"ReadAction\",\"target\":[\"https:\/\/compuviper.mx\/tienda\/producto\/logitech-910-004790-mouse-m720-triathlon-optico-inalambrico-receptor-unifying-easy-switch-negro\/\"]}]},{\"@type\":\"BreadcrumbList\",\"@id\":\"https:\/\/compuviper.mx\/tienda\/producto\/logitech-910-004790-mouse-m720-triathlon-optico-inalambrico-receptor-unifying-easy-switch-negro\/#breadcrumb\",\"itemListElement\":[{\"@type\":\"ListItem\",\"position\":1,\"name\":\"Inicio\",\"item\":\"https:\/\/compuviper.mx\/tienda\/\"},{\"@type\":\"ListItem\",\"position\":2,\"name\":\"Productos\",\"item\":\"https:\/\/compuviper.mx\/tienda\/productos\/\"},{\"@type\":\"ListItem\",\"position\":3,\"name\":\"Mouse\",\"item\":\"https:\/\/compuviper.mx\/tienda\/categoria-producto\/mouse\/\"},{\"@type\":\"ListItem\",\"position\":4,\"name\":\"Optico\",\"item\":\"https:\/\/compuviper.mx\/tienda\/categoria-producto\/mouse\/optico\/\"},{\"@type\":\"ListItem\",\"position\":5,\"name\":\"Logitech 910-004790 Mouse M720 Triathlon Optico Inalambrico Receptor Unifying Easy-switch Negro\"}]},{\"@type\":\"WebSite\",\"@id\":\"https:\/\/compuviper.mx\/tienda\/#website\",\"url\":\"https:\/\/compuviper.mx\/tienda\/\",\"name\":\"Compuviper\",\"description\":\"Proveedor de Computadoras, Laptops, Servidores, Monitores, Puntos de Venta, Teclados,   Impresoras, T\u00f3ner, C\u00e1maras de Seguridad y m\u00e1s en tu tienda en l\u00ednea\",\"publisher\":{\"@id\":\"https:\/\/compuviper.mx\/tienda\/#organization\"},\"potentialAction\":[{\"@type\":\"SearchAction\",\"target\":{\"@type\":\"EntryPoint\",\"urlTemplate\":\"https:\/\/compuviper.mx\/tienda\/?s={search_term_string}\"},\"query-input\":\"required name=search_term_string\"}],\"inLanguage\":\"es-MX\"},{\"@type\":\"Organization\",\"@id\":\"https:\/\/compuviper.mx\/tienda\/#organization\",\"name\":\"Compuviper\",\"url\":\"https:\/\/compuviper.mx\/tienda\/\",\"logo\":{\"@type\":\"ImageObject\",\"inLanguage\":\"es-MX\",\"@id\":\"https:\/\/compuviper.mx\/tienda\/#\/schema\/logo\/image\/\",\"url\":\"https:\/\/compuviper.mx\/tienda\/wp-content\/uploads\/2021\/08\/Logo-Compuviper-10.png\",\"contentUrl\":\"https:\/\/compuviper.mx\/tienda\/wp-content\/uploads\/2021\/08\/Logo-Compuviper-10.png\",\"width\":1000,\"height\":500,\"caption\":\"Compuviper\"},\"image\":{\"@id\":\"https:\/\/compuviper.mx\/tienda\/#\/schema\/logo\/image\/\"},\"sameAs\":[\"https:\/\/www.facebook.com\/compuviper\",\"https:\/\/www.youtube.com\/channel\/UCf73dERp9Y3cfOq7q8BhLjA?view_as=subscriber\"]}]}<\/script>\n<meta property=\"product:brand\" content=\"LOGITECH\" \/>\n<meta property=\"product:price:amount\" content=\"1144\" \/>\n<meta property=\"product:price:currency\" content=\"MXN\" \/>\n<meta property=\"og:availability\" content=\"instock\" \/>\n<meta property=\"product:availability\" content=\"instock\" \/>\n<meta property=\"product:retailer_item_id\" content=\"910-004790\" \/>\n<meta property=\"product:condition\" content=\"new\" \/>\n<!-- \/ Yoast SEO plugin. -->","yoast_head_json":{"title":"[ Logitech ] &#129351; 910-004790 Mouse M720 Triathlon Optico Inalambrico Receptor Unifying Easy-switch Negro","description":"Compra 910-004790 Mouse M720 Triathlon Optico Inalambrico Receptor Unifying Easy-switch Negro + Env\u00edo a domicilio + Pago seguro + Garant\u00eda","robots":{"index":"index","follow":"follow","max-snippet":"max-snippet:-1","max-image-preview":"max-image-preview:large","max-video-preview":"max-video-preview:-1"},"canonical":"https:\/\/compuviper.mx\/tienda\/producto\/logitech-910-004790-mouse-m720-triathlon-optico-inalambrico-receptor-unifying-easy-switch-negro\/","og_locale":"es_MX","og_type":"article","og_title":"[ Logitech ] &#129351; 910-004790 Mouse M720 Triathlon Optico Inalambrico Receptor Unifying Easy-switch Negro","og_description":"Compra 910-004790 Mouse M720 Triathlon Optico Inalambrico Receptor Unifying Easy-switch Negro + Env\u00edo a domicilio + Pago seguro + Garant\u00eda","og_url":"https:\/\/compuviper.mx\/tienda\/producto\/logitech-910-004790-mouse-m720-triathlon-optico-inalambrico-receptor-unifying-easy-switch-negro\/","og_site_name":"Compuviper","article_publisher":"https:\/\/www.facebook.com\/compuviper","og_image":[{"width":200,"height":200,"url":"https:\/\/compuviper.mx\/tienda\/wp-content\/uploads\/2023\/12\/Mouse-logitech-m720-triathlon-negro-optico-inalambrico-usb-bluetooth-multidispositivos-hasta-10-mts-de-alcance-pcmacchrome.jpg","type":"image\/jpeg"}],"twitter_card":"summary_large_image","twitter_misc":{"Precio":"&#36;1,144 con IVA","Availability":"In stock"},"schema":{"@context":"https:\/\/schema.org","@graph":[{"@type":"WebPage","@id":"https:\/\/compuviper.mx\/tienda\/producto\/logitech-910-004790-mouse-m720-triathlon-optico-inalambrico-receptor-unifying-easy-switch-negro\/","url":"https:\/\/compuviper.mx\/tienda\/producto\/logitech-910-004790-mouse-m720-triathlon-optico-inalambrico-receptor-unifying-easy-switch-negro\/","name":"[ Logitech ] &#129351; 910-004790 Mouse M720 Triathlon Optico Inalambrico Receptor Unifying Easy-switch Negro","isPartOf":{"@id":"https:\/\/compuviper.mx\/tienda\/#website"},"datePublished":"2026-05-06T06:57:01+00:00","dateModified":"2026-05-06T06:57:01+00:00","description":"Compra 910-004790 Mouse M720 Triathlon Optico Inalambrico Receptor Unifying Easy-switch Negro + Env\u00edo a domicilio + Pago seguro + Garant\u00eda","breadcrumb":{"@id":"https:\/\/compuviper.mx\/tienda\/producto\/logitech-910-004790-mouse-m720-triathlon-optico-inalambrico-receptor-unifying-easy-switch-negro\/#breadcrumb"},"inLanguage":"es-MX","potentialAction":[{"@type":"ReadAction","target":["https:\/\/compuviper.mx\/tienda\/producto\/logitech-910-004790-mouse-m720-triathlon-optico-inalambrico-receptor-unifying-easy-switch-negro\/"]}]},{"@type":"BreadcrumbList","@id":"https:\/\/compuviper.mx\/tienda\/producto\/logitech-910-004790-mouse-m720-triathlon-optico-inalambrico-receptor-unifying-easy-switch-negro\/#breadcrumb","itemListElement":[{"@type":"ListItem","position":1,"name":"Inicio","item":"https:\/\/compuviper.mx\/tienda\/"},{"@type":"ListItem","position":2,"name":"Productos","item":"https:\/\/compuviper.mx\/tienda\/productos\/"},{"@type":"ListItem","position":3,"name":"Mouse","item":"https:\/\/compuviper.mx\/tienda\/categoria-producto\/mouse\/"},{"@type":"ListItem","position":4,"name":"Optico","item":"https:\/\/compuviper.mx\/tienda\/categoria-producto\/mouse\/optico\/"},{"@type":"ListItem","position":5,"name":"Logitech 910-004790 Mouse M720 Triathlon Optico Inalambrico Receptor Unifying Easy-switch Negro"}]},{"@type":"WebSite","@id":"https:\/\/compuviper.mx\/tienda\/#website","url":"https:\/\/compuviper.mx\/tienda\/","name":"Compuviper","description":"Proveedor de Computadoras, Laptops, Servidores, Monitores, Puntos de Venta, Teclados,   Impresoras, T\u00f3ner, C\u00e1maras de Seguridad y m\u00e1s en tu tienda en l\u00ednea","publisher":{"@id":"https:\/\/compuviper.mx\/tienda\/#organization"},"potentialAction":[{"@type":"SearchAction","target":{"@type":"EntryPoint","urlTemplate":"https:\/\/compuviper.mx\/tienda\/?s={search_term_string}"},"query-input":"required name=search_term_string"}],"inLanguage":"es-MX"},{"@type":"Organization","@id":"https:\/\/compuviper.mx\/tienda\/#organization","name":"Compuviper","url":"https:\/\/compuviper.mx\/tienda\/","logo":{"@type":"ImageObject","inLanguage":"es-MX","@id":"https:\/\/compuviper.mx\/tienda\/#\/schema\/logo\/image\/","url":"https:\/\/compuviper.mx\/tienda\/wp-content\/uploads\/2021\/08\/Logo-Compuviper-10.png","contentUrl":"https:\/\/compuviper.mx\/tienda\/wp-content\/uploads\/2021\/08\/Logo-Compuviper-10.png","width":1000,"height":500,"caption":"Compuviper"},"image":{"@id":"https:\/\/compuviper.mx\/tienda\/#\/schema\/logo\/image\/"},"sameAs":["https:\/\/www.facebook.com\/compuviper","https:\/\/www.youtube.com\/channel\/UCf73dERp9Y3cfOq7q8BhLjA?view_as=subscriber"]}]},"product_brand":"LOGITECH","product_price_amount":"1144","product_price_currency":"MXN","og_availability":"instock","product_availability":"instock","product_retailer_item_id":"910-004790","product_condition":"new"},"_links":{"self":[{"href":"https:\/\/compuviper.mx\/tienda\/wp-json\/wp\/v2\/product\/220188"}],"collection":[{"href":"https:\/\/compuviper.mx\/tienda\/wp-json\/wp\/v2\/product"}],"about":[{"href":"https:\/\/compuviper.mx\/tienda\/wp-json\/wp\/v2\/types\/product"}],"replies":[{"embeddable":true,"href":"https:\/\/compuviper.mx\/tienda\/wp-json\/wp\/v2\/comments?post=220188"}],"wp:featuredmedia":[{"embeddable":true,"href":"https:\/\/compuviper.mx\/tienda\/wp-json\/wp\/v2\/media\/220189"}],"wp:attachment":[{"href":"https:\/\/compuviper.mx\/tienda\/wp-json\/wp\/v2\/media?parent=220188"}],"wp:term":[{"taxonomy":"product_cat","embeddable":true,"href":"https:\/\/compuviper.mx\/tienda\/wp-json\/wp\/v2\/product_cat?post=220188"},{"taxonomy":"product_tag","embeddable":true,"href":"https:\/\/compuviper.mx\/tienda\/wp-json\/wp\/v2\/product_tag?post=220188"}],"curies":[{"name":"wp","href":"https:\/\/api.w.org\/{rel}","templated":true}]}}