{"id":220178,"date":"2026-04-16T00:58:05","date_gmt":"2026-04-16T06:58:05","guid":{"rendered":"https:\/\/compuviper.mx\/tienda\/producto\/logitech-910-004286-mouse-m280-rojo-optico-inalambrico-mini-receptor-usb-pc-mac-chrome-linux\/"},"modified":"2026-04-16T00:58:05","modified_gmt":"2026-04-16T06:58:05","slug":"logitech-910-004286-mouse-m280-optico-inalambrio-usb-receptor-1000dpi-rojo","status":"publish","type":"product","link":"https:\/\/compuviper.mx\/tienda\/producto\/logitech-910-004286-mouse-m280-optico-inalambrio-usb-receptor-1000dpi-rojo\/","title":{"rendered":"Logitech 910-004286 Mouse  M280 Optico Inalambrio Usb Receptor 1000dpi Rojo"},"content":{"rendered":"<table class=\"descripcion\">\n<tr>\n<td>Mouse m280, creado para la mano.<\/td>\n<\/tr>\n<tr>\n<td>Uso m\u00e1s c\u00f3modo para la mano derecha gracias a la forma contorneada con recubrimiento de goma blanda.<\/td>\n<\/tr>\n<tr>\n<td>Duraci\u00f3n de pilas de hasta 18 meses.<\/td>\n<\/tr>\n<tr>\n<td>Gracias al dise\u00f1o para ahorrar energ\u00eda, tardar\u00e1s m\u00e1s en cambiar las pilas.<\/td>\n<\/tr>\n<tr>\n<td>* adem\u00e1s, m280 entra autom\u00e1ticamente en estado de suspensi\u00f3n cuando no se est\u00e1 usando.<\/td>\n<\/tr>\n<tr>\n<td>*la duraci\u00f3n de las pilas depende del uso y de su computadora o laptop.<\/td>\n<\/tr>\n<tr>\n<td>Seguimiento preciso y uniforme.<\/td>\n<\/tr>\n<tr>\n<td>Precisi\u00f3n y respuesta absolutas con el seguimiento \u00f3ptico avanzado de logitech.<\/td>\n<\/tr>\n<tr>\n<td>Nano receptor tipo conectar y olvidar.<\/td>\n<\/tr>\n<tr>\n<td>Una vez conectado puedes olvidarte de \u00e9l. el nano receptor ofrece una pr\u00e1ctica y fiable conectividad inal\u00e1mbrica.<\/td>\n<\/tr>\n<tr>\n<td>Especificaciones:<\/td>\n<\/tr>\n<tr>\n<td>Requisitos del sistema.<\/td>\n<\/tr>\n<tr>\n<td>Windows vista\u00ae, windows\u00ae 7, windows 8, windows 10.<\/td>\n<\/tr>\n<tr>\n<td>Mac os\u00ae x 10.5 posterior.<\/td>\n<\/tr>\n<tr>\n<td>Chrome os.<\/td>\n<\/tr>\n<tr>\n<td>Linux kernel 2.6+.<\/td>\n<\/tr>\n<tr>\n<td>Puerto usb.<\/td>\n<\/tr>\n<tr>\n<td>Dimensiones.<\/td>\n<\/tr>\n<tr>\n<td>Mouse (altura x anchura x profundidad): 105,4 mm  x 67,9 mm x 38,4 mm.<\/td>\n<\/tr>\n<tr>\n<td>Peso del mouse (incluye la pila): 91,0 g.<\/td>\n<\/tr>\n<tr>\n<td>Nano receptor (altura x anchura x profundidad): 14,4 mm x 18,7mm x 6,1 mm.<\/td>\n<\/tr>\n<tr>\n<td>Peso del nano receptor: 1,8 g.<\/td>\n<\/tr>\n<tr>\n<td>Informaci\u00f3n de garant\u00eda.<\/td>\n<\/tr>\n<tr>\n<td>Un a\u00f1o de garant\u00eda de hardware limitada.<\/td>\n<\/tr>\n<tr>\n<td>Esta caja contiene:<\/td>\n<\/tr>\n<tr>\n<td>Mouse inal\u00e1mbrico m280.<\/td>\n<\/tr>\n<tr>\n<td>Nano receptor.<\/td>\n<\/tr>\n<tr>\n<td>Una pila aa (preinstalada).<\/td>\n<\/tr>\n<tr>\n<td>Documentaci\u00f3n del usuario.<\/td>\n<\/tr>\n<tr>\n<td>Especificaciones:<\/td>\n<\/tr>\n<tr>\n<td>Tecnolog\u00eda de sensor: seguimiento \u00f3ptico avanzado de logitech.<\/td>\n<\/tr>\n<tr>\n<td>Resoluci\u00f3n: 1000 dpi.<\/td>\n<\/tr>\n<tr>\n<td>Duraci\u00f3n de pilas: 18 meses.<\/td>\n<\/tr>\n<tr>\n<td>*la duraci\u00f3n de las pilas depende del uso y de la computadora.<\/td>\n<\/tr>\n<tr>\n<td>Pila: 1 aa.<\/td>\n<\/tr>\n<tr>\n<td>N\u00famero de botones: 3.<\/td>\n<\/tr>\n<tr>\n<td>Bot\u00f3n rueda: s\u00ed.<\/td>\n<\/tr>\n<tr>\n<td>Funci\u00f3n de inclinaci\u00f3n: no.<\/td>\n<\/tr>\n<tr>\n<td>Mouse compatible con unifyig: s\u00ed.<\/td>\n<\/tr>\n<tr>\n<td>Receptor compatible con unifying: no.<\/td>\n<\/tr>\n<tr>\n<td>Distancia de funcionamiento inal\u00e1mbrico 25 m, max*.<\/td>\n<\/tr>\n<tr>\n<td>*el alcance inal\u00e1mbrico depende del uso, la configuraci\u00f3n y las condiciones ambientales.<\/td>\n<\/tr>\n<tr>\n<td>Sistemas inal\u00e1mbrico: conexi\u00f3n inal\u00e1mbrica avanzada de 2,4 ghz.<\/td>\n<\/tr>\n<tr>\n<td>Interfaz de conexi\u00f3n: receptor usb.<\/td>\n<\/tr>\n<tr>\n<td>Sistemas operativos compatibles: windows 10, windows 8, windows 7, windows vista, mac os 10.+, chrome os, linux kernel 2.6+.<\/td>\n<\/tr>\n<tr>\n<td>N\u00edmero de referencia.<\/td>\n<\/tr>\n<tr>\n<td>Negro: 910-004284.<\/td>\n<\/tr>\n<tr>\n<td>Plateado: 910-004285.<\/td>\n<\/tr>\n<tr>\n<td>Rojo: 910-004286.<\/td>\n<\/tr>\n<tr>\n<td>Azul: 910-004361.<\/td>\n<\/tr>\n<\/table>\n","protected":false},"excerpt":{"rendered":"<p>Mouse \u00f3ptico inal\u00e1mbrico m280 rojo nano receptor usb, para solo conectar y  olvidar galardonado por su comodidad. Curvas dise\u00f1adas para brindar comodidad absoluta.<\/p>\n","protected":false},"featured_media":220179,"comment_status":"open","ping_status":"open","template":"","meta":[],"product_cat":[1748,1749],"product_tag":[1500],"acf":[],"yoast_head":"<!-- This site is optimized with the Yoast SEO plugin v21.7 - https:\/\/yoast.com\/wordpress\/plugins\/seo\/ -->\n<title>[ Logitech ] &#129351; 910-004286 Mouse M280 Optico Inalambrio Usb Receptor 1000dpi Rojo<\/title>\n<meta name=\"description\" content=\"Compra 910-004286 Mouse M280 Optico Inalambrio Usb Receptor 1000dpi Rojo + Env\u00edo a domicilio + Pago seguro + Garant\u00eda\" \/>\n<meta name=\"robots\" content=\"index, follow, max-snippet:-1, max-image-preview:large, max-video-preview:-1\" \/>\n<link rel=\"canonical\" href=\"https:\/\/compuviper.mx\/tienda\/producto\/logitech-910-004286-mouse-m280-optico-inalambrio-usb-receptor-1000dpi-rojo\/\" \/>\n<meta property=\"og:locale\" content=\"es_MX\" \/>\n<meta property=\"og:type\" content=\"article\" \/>\n<meta property=\"og:title\" content=\"[ Logitech ] &#129351; 910-004286 Mouse M280 Optico Inalambrio Usb Receptor 1000dpi Rojo\" \/>\n<meta property=\"og:description\" content=\"Compra 910-004286 Mouse M280 Optico Inalambrio Usb Receptor 1000dpi Rojo + Env\u00edo a domicilio + Pago seguro + Garant\u00eda\" \/>\n<meta property=\"og:url\" content=\"https:\/\/compuviper.mx\/tienda\/producto\/logitech-910-004286-mouse-m280-optico-inalambrio-usb-receptor-1000dpi-rojo\/\" \/>\n<meta property=\"og:site_name\" content=\"Compuviper\" \/>\n<meta property=\"article:publisher\" content=\"https:\/\/www.facebook.com\/compuviper\" \/>\n<meta property=\"og:image\" content=\"https:\/\/compuviper.mx\/tienda\/wp-content\/uploads\/2023\/12\/Mouse-logitech-m280-rojo-optico-inalambrico-mini-receptor-usb-pcmacchromelinux.jpg\" \/>\n\t<meta property=\"og:image:width\" content=\"200\" \/>\n\t<meta property=\"og:image:height\" content=\"200\" \/>\n\t<meta property=\"og:image:type\" content=\"image\/jpeg\" \/>\n<meta name=\"twitter:card\" content=\"summary_large_image\" \/>\n<meta name=\"twitter:label1\" content=\"Precio\" \/>\n\t<meta name=\"twitter:data1\" content=\"&#36;366 &#36;257 con IVA\" \/>\n\t<meta name=\"twitter:label2\" content=\"Availability\" \/>\n\t<meta name=\"twitter:data2\" content=\"In stock\" \/>\n<script type=\"application\/ld+json\" class=\"yoast-schema-graph\">{\"@context\":\"https:\/\/schema.org\",\"@graph\":[{\"@type\":\"WebPage\",\"@id\":\"https:\/\/compuviper.mx\/tienda\/producto\/logitech-910-004286-mouse-m280-optico-inalambrio-usb-receptor-1000dpi-rojo\/\",\"url\":\"https:\/\/compuviper.mx\/tienda\/producto\/logitech-910-004286-mouse-m280-optico-inalambrio-usb-receptor-1000dpi-rojo\/\",\"name\":\"[ Logitech ] &#129351; 910-004286 Mouse M280 Optico Inalambrio Usb Receptor 1000dpi Rojo\",\"isPartOf\":{\"@id\":\"https:\/\/compuviper.mx\/tienda\/#website\"},\"datePublished\":\"2026-04-16T06:58:05+00:00\",\"dateModified\":\"2026-04-16T06:58:05+00:00\",\"description\":\"Compra 910-004286 Mouse M280 Optico Inalambrio Usb Receptor 1000dpi Rojo + Env\u00edo a domicilio + Pago seguro + Garant\u00eda\",\"breadcrumb\":{\"@id\":\"https:\/\/compuviper.mx\/tienda\/producto\/logitech-910-004286-mouse-m280-optico-inalambrio-usb-receptor-1000dpi-rojo\/#breadcrumb\"},\"inLanguage\":\"es-MX\",\"potentialAction\":[{\"@type\":\"ReadAction\",\"target\":[\"https:\/\/compuviper.mx\/tienda\/producto\/logitech-910-004286-mouse-m280-optico-inalambrio-usb-receptor-1000dpi-rojo\/\"]}]},{\"@type\":\"BreadcrumbList\",\"@id\":\"https:\/\/compuviper.mx\/tienda\/producto\/logitech-910-004286-mouse-m280-optico-inalambrio-usb-receptor-1000dpi-rojo\/#breadcrumb\",\"itemListElement\":[{\"@type\":\"ListItem\",\"position\":1,\"name\":\"Inicio\",\"item\":\"https:\/\/compuviper.mx\/tienda\/\"},{\"@type\":\"ListItem\",\"position\":2,\"name\":\"Productos\",\"item\":\"https:\/\/compuviper.mx\/tienda\/productos\/\"},{\"@type\":\"ListItem\",\"position\":3,\"name\":\"Mouse\",\"item\":\"https:\/\/compuviper.mx\/tienda\/categoria-producto\/mouse\/\"},{\"@type\":\"ListItem\",\"position\":4,\"name\":\"Optico\",\"item\":\"https:\/\/compuviper.mx\/tienda\/categoria-producto\/mouse\/optico\/\"},{\"@type\":\"ListItem\",\"position\":5,\"name\":\"Logitech 910-004286 Mouse M280 Optico Inalambrio Usb Receptor 1000dpi Rojo\"}]},{\"@type\":\"WebSite\",\"@id\":\"https:\/\/compuviper.mx\/tienda\/#website\",\"url\":\"https:\/\/compuviper.mx\/tienda\/\",\"name\":\"Compuviper\",\"description\":\"Proveedor de Computadoras, Laptops, Servidores, Monitores, Puntos de Venta, Teclados,   Impresoras, T\u00f3ner, C\u00e1maras de Seguridad y m\u00e1s en tu tienda en l\u00ednea\",\"publisher\":{\"@id\":\"https:\/\/compuviper.mx\/tienda\/#organization\"},\"potentialAction\":[{\"@type\":\"SearchAction\",\"target\":{\"@type\":\"EntryPoint\",\"urlTemplate\":\"https:\/\/compuviper.mx\/tienda\/?s={search_term_string}\"},\"query-input\":\"required name=search_term_string\"}],\"inLanguage\":\"es-MX\"},{\"@type\":\"Organization\",\"@id\":\"https:\/\/compuviper.mx\/tienda\/#organization\",\"name\":\"Compuviper\",\"url\":\"https:\/\/compuviper.mx\/tienda\/\",\"logo\":{\"@type\":\"ImageObject\",\"inLanguage\":\"es-MX\",\"@id\":\"https:\/\/compuviper.mx\/tienda\/#\/schema\/logo\/image\/\",\"url\":\"https:\/\/compuviper.mx\/tienda\/wp-content\/uploads\/2021\/08\/Logo-Compuviper-10.png\",\"contentUrl\":\"https:\/\/compuviper.mx\/tienda\/wp-content\/uploads\/2021\/08\/Logo-Compuviper-10.png\",\"width\":1000,\"height\":500,\"caption\":\"Compuviper\"},\"image\":{\"@id\":\"https:\/\/compuviper.mx\/tienda\/#\/schema\/logo\/image\/\"},\"sameAs\":[\"https:\/\/www.facebook.com\/compuviper\",\"https:\/\/www.youtube.com\/channel\/UCf73dERp9Y3cfOq7q8BhLjA?view_as=subscriber\"]}]}<\/script>\n<meta property=\"product:brand\" content=\"LOGITECH\" \/>\n<meta property=\"product:price:amount\" content=\"257\" \/>\n<meta property=\"product:price:currency\" content=\"MXN\" \/>\n<meta property=\"og:availability\" content=\"instock\" \/>\n<meta property=\"product:availability\" content=\"instock\" \/>\n<meta property=\"product:retailer_item_id\" content=\"910-004286\" \/>\n<meta property=\"product:condition\" content=\"new\" \/>\n<!-- \/ Yoast SEO plugin. -->","yoast_head_json":{"title":"[ Logitech ] &#129351; 910-004286 Mouse M280 Optico Inalambrio Usb Receptor 1000dpi Rojo","description":"Compra 910-004286 Mouse M280 Optico Inalambrio Usb Receptor 1000dpi Rojo + Env\u00edo a domicilio + Pago seguro + Garant\u00eda","robots":{"index":"index","follow":"follow","max-snippet":"max-snippet:-1","max-image-preview":"max-image-preview:large","max-video-preview":"max-video-preview:-1"},"canonical":"https:\/\/compuviper.mx\/tienda\/producto\/logitech-910-004286-mouse-m280-optico-inalambrio-usb-receptor-1000dpi-rojo\/","og_locale":"es_MX","og_type":"article","og_title":"[ Logitech ] &#129351; 910-004286 Mouse M280 Optico Inalambrio Usb Receptor 1000dpi Rojo","og_description":"Compra 910-004286 Mouse M280 Optico Inalambrio Usb Receptor 1000dpi Rojo + Env\u00edo a domicilio + Pago seguro + Garant\u00eda","og_url":"https:\/\/compuviper.mx\/tienda\/producto\/logitech-910-004286-mouse-m280-optico-inalambrio-usb-receptor-1000dpi-rojo\/","og_site_name":"Compuviper","article_publisher":"https:\/\/www.facebook.com\/compuviper","og_image":[{"width":200,"height":200,"url":"https:\/\/compuviper.mx\/tienda\/wp-content\/uploads\/2023\/12\/Mouse-logitech-m280-rojo-optico-inalambrico-mini-receptor-usb-pcmacchromelinux.jpg","type":"image\/jpeg"}],"twitter_card":"summary_large_image","twitter_misc":{"Precio":"&#36;366 &#36;257 con IVA","Availability":"In stock"},"schema":{"@context":"https:\/\/schema.org","@graph":[{"@type":"WebPage","@id":"https:\/\/compuviper.mx\/tienda\/producto\/logitech-910-004286-mouse-m280-optico-inalambrio-usb-receptor-1000dpi-rojo\/","url":"https:\/\/compuviper.mx\/tienda\/producto\/logitech-910-004286-mouse-m280-optico-inalambrio-usb-receptor-1000dpi-rojo\/","name":"[ Logitech ] &#129351; 910-004286 Mouse M280 Optico Inalambrio Usb Receptor 1000dpi Rojo","isPartOf":{"@id":"https:\/\/compuviper.mx\/tienda\/#website"},"datePublished":"2026-04-16T06:58:05+00:00","dateModified":"2026-04-16T06:58:05+00:00","description":"Compra 910-004286 Mouse M280 Optico Inalambrio Usb Receptor 1000dpi Rojo + Env\u00edo a domicilio + Pago seguro + Garant\u00eda","breadcrumb":{"@id":"https:\/\/compuviper.mx\/tienda\/producto\/logitech-910-004286-mouse-m280-optico-inalambrio-usb-receptor-1000dpi-rojo\/#breadcrumb"},"inLanguage":"es-MX","potentialAction":[{"@type":"ReadAction","target":["https:\/\/compuviper.mx\/tienda\/producto\/logitech-910-004286-mouse-m280-optico-inalambrio-usb-receptor-1000dpi-rojo\/"]}]},{"@type":"BreadcrumbList","@id":"https:\/\/compuviper.mx\/tienda\/producto\/logitech-910-004286-mouse-m280-optico-inalambrio-usb-receptor-1000dpi-rojo\/#breadcrumb","itemListElement":[{"@type":"ListItem","position":1,"name":"Inicio","item":"https:\/\/compuviper.mx\/tienda\/"},{"@type":"ListItem","position":2,"name":"Productos","item":"https:\/\/compuviper.mx\/tienda\/productos\/"},{"@type":"ListItem","position":3,"name":"Mouse","item":"https:\/\/compuviper.mx\/tienda\/categoria-producto\/mouse\/"},{"@type":"ListItem","position":4,"name":"Optico","item":"https:\/\/compuviper.mx\/tienda\/categoria-producto\/mouse\/optico\/"},{"@type":"ListItem","position":5,"name":"Logitech 910-004286 Mouse M280 Optico Inalambrio Usb Receptor 1000dpi Rojo"}]},{"@type":"WebSite","@id":"https:\/\/compuviper.mx\/tienda\/#website","url":"https:\/\/compuviper.mx\/tienda\/","name":"Compuviper","description":"Proveedor de Computadoras, Laptops, Servidores, Monitores, Puntos de Venta, Teclados,   Impresoras, T\u00f3ner, C\u00e1maras de Seguridad y m\u00e1s en tu tienda en l\u00ednea","publisher":{"@id":"https:\/\/compuviper.mx\/tienda\/#organization"},"potentialAction":[{"@type":"SearchAction","target":{"@type":"EntryPoint","urlTemplate":"https:\/\/compuviper.mx\/tienda\/?s={search_term_string}"},"query-input":"required name=search_term_string"}],"inLanguage":"es-MX"},{"@type":"Organization","@id":"https:\/\/compuviper.mx\/tienda\/#organization","name":"Compuviper","url":"https:\/\/compuviper.mx\/tienda\/","logo":{"@type":"ImageObject","inLanguage":"es-MX","@id":"https:\/\/compuviper.mx\/tienda\/#\/schema\/logo\/image\/","url":"https:\/\/compuviper.mx\/tienda\/wp-content\/uploads\/2021\/08\/Logo-Compuviper-10.png","contentUrl":"https:\/\/compuviper.mx\/tienda\/wp-content\/uploads\/2021\/08\/Logo-Compuviper-10.png","width":1000,"height":500,"caption":"Compuviper"},"image":{"@id":"https:\/\/compuviper.mx\/tienda\/#\/schema\/logo\/image\/"},"sameAs":["https:\/\/www.facebook.com\/compuviper","https:\/\/www.youtube.com\/channel\/UCf73dERp9Y3cfOq7q8BhLjA?view_as=subscriber"]}]},"product_brand":"LOGITECH","product_price_amount":"257","product_price_currency":"MXN","og_availability":"instock","product_availability":"instock","product_retailer_item_id":"910-004286","product_condition":"new"},"_links":{"self":[{"href":"https:\/\/compuviper.mx\/tienda\/wp-json\/wp\/v2\/product\/220178"}],"collection":[{"href":"https:\/\/compuviper.mx\/tienda\/wp-json\/wp\/v2\/product"}],"about":[{"href":"https:\/\/compuviper.mx\/tienda\/wp-json\/wp\/v2\/types\/product"}],"replies":[{"embeddable":true,"href":"https:\/\/compuviper.mx\/tienda\/wp-json\/wp\/v2\/comments?post=220178"}],"wp:featuredmedia":[{"embeddable":true,"href":"https:\/\/compuviper.mx\/tienda\/wp-json\/wp\/v2\/media\/220179"}],"wp:attachment":[{"href":"https:\/\/compuviper.mx\/tienda\/wp-json\/wp\/v2\/media?parent=220178"}],"wp:term":[{"taxonomy":"product_cat","embeddable":true,"href":"https:\/\/compuviper.mx\/tienda\/wp-json\/wp\/v2\/product_cat?post=220178"},{"taxonomy":"product_tag","embeddable":true,"href":"https:\/\/compuviper.mx\/tienda\/wp-json\/wp\/v2\/product_tag?post=220178"}],"curies":[{"name":"wp","href":"https:\/\/api.w.org\/{rel}","templated":true}]}}