{"id":220176,"date":"2026-04-07T00:56:29","date_gmt":"2026-04-07T06:56:29","guid":{"rendered":"https:\/\/compuviper.mx\/tienda\/producto\/logitech-910-002225-mouse-m185-dark-grey-optico-inalambrico-mini-receptor-usb-pc-mac-chrome\/"},"modified":"2026-04-07T00:56:29","modified_gmt":"2026-04-07T06:56:29","slug":"logitech-910-002225-mouse-m185-dark-grey-optico-inalambrico-mini-receptor-usb-pc-mac-chrome","status":"publish","type":"product","link":"https:\/\/compuviper.mx\/tienda\/producto\/logitech-910-002225-mouse-m185-dark-grey-optico-inalambrico-mini-receptor-usb-pc-mac-chrome\/","title":{"rendered":"Logitech 910-002225 Mouse  M185 Dark Grey Optico Inalambrico Mini Receptor Usb Pc\/mac\/chrome"},"content":{"rendered":"<table class=\"descripcion\">\n<tr>\n<td>Conexi\u00f3n inal\u00e1mbrica fiable<\/td>\n<\/tr>\n<tr>\n<td>Sin retrasos ni interrupciones. el min\u00fasculo receptor inal\u00e1mbrico proporciona una conexi\u00f3n de confianza.<\/td>\n<\/tr>\n<tr>\n<td>Dispositivo de alimentaci\u00f3n para todo un a\u00f1o<\/td>\n<\/tr>\n<tr>\n<td>La pila dura doce meses: olv\u00eddese del engorro que supone cambiar las pilas con frecuencia.*<\/td>\n<\/tr>\n<tr>\n<td>Fabricados para durar<\/td>\n<\/tr>\n<tr>\n<td>Disfrutar\u00e1 de la calidad y la fiabilidad por las que se conoce a logitech, adem\u00e1s de un periodo de garant\u00eda de hardware limitada de tres a\u00f1os.<\/td>\n<\/tr>\n<tr>\n<td>Nano receptor tipo &#8220;conectar y olvidar&#8221;<\/td>\n<\/tr>\n<tr>\n<td>Es compatible con ordenadores que utilizan window\u00ae, chrome os y mac. es tan peque\u00f1o y discreto que si lo conecta a un puerto usb, se olvidar\u00e1 completamente de \u00e9l. adem\u00e1s, se acabaron las preocupaciones por la p\u00e9rdida de receptores.<\/td>\n<\/tr>\n<tr>\n<td>Pila de un a\u00f1o de duraci\u00f3n*<\/td>\n<\/tr>\n<tr>\n<td>Durante un a\u00f1o puede olvidarse del engorro que supone cambiar las pilas. el interruptor de encendido\/apagado y el modo de suspensi\u00f3n inteligente ayudan a ahorrar energ\u00eda.*<\/td>\n<\/tr>\n<tr>\n<td>Fiabilidad de logitech<\/td>\n<\/tr>\n<tr>\n<td>Disfrutar\u00e1 de la alta calidad y fiabilidad que han convertido a logitech en l\u00edder mundial en el campo de los ratones, adem\u00e1s de un periodo de garant\u00eda de hardware limitada de tres a\u00f1os.<\/td>\n<\/tr>\n<tr>\n<td>Conexi\u00f3n inal\u00e1mbrica avanzada de 2,4 ghz de logitech<\/td>\n<\/tr>\n<tr>\n<td>Disfrutar\u00e1 de la fiabilidad de un cable con la comodidad y la libertad de la tecnolog\u00eda inal\u00e1mbrica: transmisi\u00f3n de datos r\u00e1pida y virtual sin retrasos ni interrupciones.<\/td>\n<\/tr>\n<tr>\n<td>Comodidad plug and play<\/td>\n<\/tr>\n<tr>\n<td>Sin software ni complicaciones: conecte el min\u00fasculo nano receptor y empiece a usar el mouse de inmediato.<\/td>\n<\/tr>\n<tr>\n<td>Forma estilizada y c\u00f3moda<\/td>\n<\/tr>\n<tr>\n<td>El dise\u00f1o estilizado se adapta a cualquier mano y proporciona m\u00e1s comodidad que un touchpad.<\/td>\n<\/tr>\n<tr>\n<td>Ideal para port\u00e1tiles<\/td>\n<\/tr>\n<tr>\n<td>Funciona con windows, mac, chrome os y linux\u00ae. no importa el tipo de ordenador que tiene ahora mismo o que comprar\u00e1 ma\u00f1ana, puede contar con su rat\u00f3n para trabajar c\u00f3mo usted prefiera.<\/td>\n<\/tr>\n<tr>\n<td>Especificaciones<\/td>\n<\/tr>\n<tr>\n<td>Requisitos del sistema<\/td>\n<\/tr>\n<tr>\n<td>Windows vista\u00ae, windows\u00ae 7, windows 8, windows 10<\/td>\n<\/tr>\n<tr>\n<td>Mac os\u00ae x 10.5 o posterior<\/td>\n<\/tr>\n<tr>\n<td>Chrome os<\/td>\n<\/tr>\n<tr>\n<td>N\u00facleo linux\u00ae 2.6+<\/td>\n<\/tr>\n<tr>\n<td>Puerto usb<\/td>\n<\/tr>\n<tr>\n<td>Informaci\u00f3n de garant\u00eda<\/td>\n<\/tr>\n<tr>\n<td>Tres a\u00f1os de garant\u00eda de hardware limitada<\/td>\n<\/tr>\n<tr>\n<td>Esta caja contiene<\/td>\n<\/tr>\n<tr>\n<td>Rat\u00f3n<\/td>\n<\/tr>\n<tr>\n<td>Nano receptor<\/td>\n<\/tr>\n<tr>\n<td>1 pila aa (preinstalada)<\/td>\n<\/tr>\n<tr>\n<td>Documentaci\u00f3n del usuario<\/td>\n<\/tr>\n<tr>\n<td>Especificaciones<\/td>\n<\/tr>\n<tr>\n<td>Dimensiones del mouse (altura x anchura x profundidad): 60 mm x 99 mm x 39 mm<\/td>\n<\/tr>\n<tr>\n<td>Peso del mouse (incluye bater\u00edas): 75,2 g<\/td>\n<\/tr>\n<tr>\n<td>Dimensiones del receptor (altura x anchura x profundidad): 14,4 mm x 18,7 mm x 6,1 mm<\/td>\n<\/tr>\n<tr>\n<td>Peso del receptor: 1,8 g<\/td>\n<\/tr>\n<tr>\n<td>Tecnolog\u00eda de sensor: seguimiento \u00f3ptico avanzado<\/td>\n<\/tr>\n<tr>\n<td>Resoluci\u00f3n de sensor: 1000<\/td>\n<\/tr>\n<tr>\n<td>N\u00famero de botones: 3<\/td>\n<\/tr>\n<tr>\n<td>Bot\u00f3n rueda (s\u00ed\/no): s\u00ed<\/td>\n<\/tr>\n<tr>\n<td>Duraci\u00f3n de bater\u00edas: duraci\u00f3n de bater\u00edas de hasta 12 meses*<\/td>\n<\/tr>\n<tr>\n<td>Tipo de bater\u00edas: una bater\u00eda aa<\/td>\n<\/tr>\n<tr>\n<td>Distancia de funcionamiento inal\u00e1mbrico: aproximadamente 10 m*<\/td>\n<\/tr>\n<tr>\n<td>Tecnolog\u00eda inal\u00e1mbrica: conexi\u00f3n inal\u00e1mbrica avanzada de 2,4 ghz<\/td>\n<\/tr>\n<tr>\n<td>Interfaz: receptor usb<\/td>\n<\/tr>\n<tr>\n<td>Sistemas operativos compatibles:<\/td>\n<\/tr>\n<tr>\n<td>Windows vista, windows 7, windows 8, windows 10<\/td>\n<\/tr>\n<tr>\n<td>Mac os x 10.5 o posterior<\/td>\n<\/tr>\n<tr>\n<td>Chrome os<\/td>\n<\/tr>\n<tr>\n<td>Origen del producto: china.<\/td>\n<\/tr>\n<\/table>\n","protected":false},"excerpt":{"rendered":"<p>Mouse \u00f3ptico inal\u00e1mbrico, plug and play, con nano receptor usb, conexi\u00f3n inal\u00e1mbrica avanzada de 2.4. Ghz que te brinda hasta 10 mts de distancia.<\/p>\n","protected":false},"featured_media":220177,"comment_status":"open","ping_status":"open","template":"","meta":[],"product_cat":[1750,1748],"product_tag":[1500],"acf":[],"yoast_head":"<!-- This site is optimized with the Yoast SEO plugin v21.7 - https:\/\/yoast.com\/wordpress\/plugins\/seo\/ -->\n<title>[ Logitech ] &#129351; 910-002225 Mouse M185 Dark Grey Optico Inalambrico Mini Receptor Usb Pc\/mac\/chrome<\/title>\n<meta name=\"description\" content=\"Compra 910-002225 Mouse M185 Dark Grey Optico Inalambrico Mini Receptor Usb Pc\/mac\/chrome + Env\u00edo a domicilio + Pago seguro + Garant\u00eda\" \/>\n<meta name=\"robots\" content=\"index, follow, max-snippet:-1, max-image-preview:large, max-video-preview:-1\" \/>\n<link rel=\"canonical\" href=\"https:\/\/compuviper.mx\/tienda\/producto\/logitech-910-002225-mouse-m185-dark-grey-optico-inalambrico-mini-receptor-usb-pc-mac-chrome\/\" \/>\n<meta property=\"og:locale\" content=\"es_MX\" \/>\n<meta property=\"og:type\" content=\"article\" \/>\n<meta property=\"og:title\" content=\"[ Logitech ] &#129351; 910-002225 Mouse M185 Dark Grey Optico Inalambrico Mini Receptor Usb Pc\/mac\/chrome\" \/>\n<meta property=\"og:description\" content=\"Compra 910-002225 Mouse M185 Dark Grey Optico Inalambrico Mini Receptor Usb Pc\/mac\/chrome + Env\u00edo a domicilio + Pago seguro + Garant\u00eda\" \/>\n<meta property=\"og:url\" content=\"https:\/\/compuviper.mx\/tienda\/producto\/logitech-910-002225-mouse-m185-dark-grey-optico-inalambrico-mini-receptor-usb-pc-mac-chrome\/\" \/>\n<meta property=\"og:site_name\" content=\"Compuviper\" \/>\n<meta property=\"article:publisher\" content=\"https:\/\/www.facebook.com\/compuviper\" \/>\n<meta property=\"og:image\" content=\"https:\/\/compuviper.mx\/tienda\/wp-content\/uploads\/2023\/12\/Mouse-logitech-m185-dark-grey-optico-inalambrico-mini-receptor-usb-pcmacchrome.jpg\" \/>\n\t<meta property=\"og:image:width\" content=\"200\" \/>\n\t<meta property=\"og:image:height\" content=\"200\" \/>\n\t<meta property=\"og:image:type\" content=\"image\/jpeg\" \/>\n<meta name=\"twitter:card\" content=\"summary_large_image\" \/>\n<meta name=\"twitter:label1\" content=\"Precio\" \/>\n\t<meta name=\"twitter:data1\" content=\"&#36;295 con IVA\" \/>\n\t<meta name=\"twitter:label2\" content=\"Availability\" \/>\n\t<meta name=\"twitter:data2\" content=\"In stock\" \/>\n<script type=\"application\/ld+json\" class=\"yoast-schema-graph\">{\"@context\":\"https:\/\/schema.org\",\"@graph\":[{\"@type\":\"WebPage\",\"@id\":\"https:\/\/compuviper.mx\/tienda\/producto\/logitech-910-002225-mouse-m185-dark-grey-optico-inalambrico-mini-receptor-usb-pc-mac-chrome\/\",\"url\":\"https:\/\/compuviper.mx\/tienda\/producto\/logitech-910-002225-mouse-m185-dark-grey-optico-inalambrico-mini-receptor-usb-pc-mac-chrome\/\",\"name\":\"[ Logitech ] &#129351; 910-002225 Mouse M185 Dark Grey Optico Inalambrico Mini Receptor Usb Pc\/mac\/chrome\",\"isPartOf\":{\"@id\":\"https:\/\/compuviper.mx\/tienda\/#website\"},\"datePublished\":\"2026-04-07T06:56:29+00:00\",\"dateModified\":\"2026-04-07T06:56:29+00:00\",\"description\":\"Compra 910-002225 Mouse M185 Dark Grey Optico Inalambrico Mini Receptor Usb Pc\/mac\/chrome + Env\u00edo a domicilio + Pago seguro + Garant\u00eda\",\"breadcrumb\":{\"@id\":\"https:\/\/compuviper.mx\/tienda\/producto\/logitech-910-002225-mouse-m185-dark-grey-optico-inalambrico-mini-receptor-usb-pc-mac-chrome\/#breadcrumb\"},\"inLanguage\":\"es-MX\",\"potentialAction\":[{\"@type\":\"ReadAction\",\"target\":[\"https:\/\/compuviper.mx\/tienda\/producto\/logitech-910-002225-mouse-m185-dark-grey-optico-inalambrico-mini-receptor-usb-pc-mac-chrome\/\"]}]},{\"@type\":\"BreadcrumbList\",\"@id\":\"https:\/\/compuviper.mx\/tienda\/producto\/logitech-910-002225-mouse-m185-dark-grey-optico-inalambrico-mini-receptor-usb-pc-mac-chrome\/#breadcrumb\",\"itemListElement\":[{\"@type\":\"ListItem\",\"position\":1,\"name\":\"Inicio\",\"item\":\"https:\/\/compuviper.mx\/tienda\/\"},{\"@type\":\"ListItem\",\"position\":2,\"name\":\"Productos\",\"item\":\"https:\/\/compuviper.mx\/tienda\/productos\/\"},{\"@type\":\"ListItem\",\"position\":3,\"name\":\"Mouse\",\"item\":\"https:\/\/compuviper.mx\/tienda\/categoria-producto\/mouse\/\"},{\"@type\":\"ListItem\",\"position\":4,\"name\":\"Laser\",\"item\":\"https:\/\/compuviper.mx\/tienda\/categoria-producto\/mouse\/laser-mouse\/\"},{\"@type\":\"ListItem\",\"position\":5,\"name\":\"Logitech 910-002225 Mouse M185 Dark Grey Optico Inalambrico Mini Receptor Usb Pc\/mac\/chrome\"}]},{\"@type\":\"WebSite\",\"@id\":\"https:\/\/compuviper.mx\/tienda\/#website\",\"url\":\"https:\/\/compuviper.mx\/tienda\/\",\"name\":\"Compuviper\",\"description\":\"Proveedor de Computadoras, Laptops, Servidores, Monitores, Puntos de Venta, Teclados,   Impresoras, T\u00f3ner, C\u00e1maras de Seguridad y m\u00e1s en tu tienda en l\u00ednea\",\"publisher\":{\"@id\":\"https:\/\/compuviper.mx\/tienda\/#organization\"},\"potentialAction\":[{\"@type\":\"SearchAction\",\"target\":{\"@type\":\"EntryPoint\",\"urlTemplate\":\"https:\/\/compuviper.mx\/tienda\/?s={search_term_string}\"},\"query-input\":\"required name=search_term_string\"}],\"inLanguage\":\"es-MX\"},{\"@type\":\"Organization\",\"@id\":\"https:\/\/compuviper.mx\/tienda\/#organization\",\"name\":\"Compuviper\",\"url\":\"https:\/\/compuviper.mx\/tienda\/\",\"logo\":{\"@type\":\"ImageObject\",\"inLanguage\":\"es-MX\",\"@id\":\"https:\/\/compuviper.mx\/tienda\/#\/schema\/logo\/image\/\",\"url\":\"https:\/\/compuviper.mx\/tienda\/wp-content\/uploads\/2021\/08\/Logo-Compuviper-10.png\",\"contentUrl\":\"https:\/\/compuviper.mx\/tienda\/wp-content\/uploads\/2021\/08\/Logo-Compuviper-10.png\",\"width\":1000,\"height\":500,\"caption\":\"Compuviper\"},\"image\":{\"@id\":\"https:\/\/compuviper.mx\/tienda\/#\/schema\/logo\/image\/\"},\"sameAs\":[\"https:\/\/www.facebook.com\/compuviper\",\"https:\/\/www.youtube.com\/channel\/UCf73dERp9Y3cfOq7q8BhLjA?view_as=subscriber\"]}]}<\/script>\n<meta property=\"product:brand\" content=\"LOGITECH\" \/>\n<meta property=\"product:price:amount\" content=\"295\" \/>\n<meta property=\"product:price:currency\" content=\"MXN\" \/>\n<meta property=\"og:availability\" content=\"instock\" \/>\n<meta property=\"product:availability\" content=\"instock\" \/>\n<meta property=\"product:retailer_item_id\" content=\"910-002225\" \/>\n<meta property=\"product:condition\" content=\"new\" \/>\n<!-- \/ Yoast SEO plugin. -->","yoast_head_json":{"title":"[ Logitech ] &#129351; 910-002225 Mouse M185 Dark Grey Optico Inalambrico Mini Receptor Usb Pc\/mac\/chrome","description":"Compra 910-002225 Mouse M185 Dark Grey Optico Inalambrico Mini Receptor Usb Pc\/mac\/chrome + Env\u00edo a domicilio + Pago seguro + Garant\u00eda","robots":{"index":"index","follow":"follow","max-snippet":"max-snippet:-1","max-image-preview":"max-image-preview:large","max-video-preview":"max-video-preview:-1"},"canonical":"https:\/\/compuviper.mx\/tienda\/producto\/logitech-910-002225-mouse-m185-dark-grey-optico-inalambrico-mini-receptor-usb-pc-mac-chrome\/","og_locale":"es_MX","og_type":"article","og_title":"[ Logitech ] &#129351; 910-002225 Mouse M185 Dark Grey Optico Inalambrico Mini Receptor Usb Pc\/mac\/chrome","og_description":"Compra 910-002225 Mouse M185 Dark Grey Optico Inalambrico Mini Receptor Usb Pc\/mac\/chrome + Env\u00edo a domicilio + Pago seguro + Garant\u00eda","og_url":"https:\/\/compuviper.mx\/tienda\/producto\/logitech-910-002225-mouse-m185-dark-grey-optico-inalambrico-mini-receptor-usb-pc-mac-chrome\/","og_site_name":"Compuviper","article_publisher":"https:\/\/www.facebook.com\/compuviper","og_image":[{"width":200,"height":200,"url":"https:\/\/compuviper.mx\/tienda\/wp-content\/uploads\/2023\/12\/Mouse-logitech-m185-dark-grey-optico-inalambrico-mini-receptor-usb-pcmacchrome.jpg","type":"image\/jpeg"}],"twitter_card":"summary_large_image","twitter_misc":{"Precio":"&#36;295 con IVA","Availability":"In stock"},"schema":{"@context":"https:\/\/schema.org","@graph":[{"@type":"WebPage","@id":"https:\/\/compuviper.mx\/tienda\/producto\/logitech-910-002225-mouse-m185-dark-grey-optico-inalambrico-mini-receptor-usb-pc-mac-chrome\/","url":"https:\/\/compuviper.mx\/tienda\/producto\/logitech-910-002225-mouse-m185-dark-grey-optico-inalambrico-mini-receptor-usb-pc-mac-chrome\/","name":"[ Logitech ] &#129351; 910-002225 Mouse M185 Dark Grey Optico Inalambrico Mini Receptor Usb Pc\/mac\/chrome","isPartOf":{"@id":"https:\/\/compuviper.mx\/tienda\/#website"},"datePublished":"2026-04-07T06:56:29+00:00","dateModified":"2026-04-07T06:56:29+00:00","description":"Compra 910-002225 Mouse M185 Dark Grey Optico Inalambrico Mini Receptor Usb Pc\/mac\/chrome + Env\u00edo a domicilio + Pago seguro + Garant\u00eda","breadcrumb":{"@id":"https:\/\/compuviper.mx\/tienda\/producto\/logitech-910-002225-mouse-m185-dark-grey-optico-inalambrico-mini-receptor-usb-pc-mac-chrome\/#breadcrumb"},"inLanguage":"es-MX","potentialAction":[{"@type":"ReadAction","target":["https:\/\/compuviper.mx\/tienda\/producto\/logitech-910-002225-mouse-m185-dark-grey-optico-inalambrico-mini-receptor-usb-pc-mac-chrome\/"]}]},{"@type":"BreadcrumbList","@id":"https:\/\/compuviper.mx\/tienda\/producto\/logitech-910-002225-mouse-m185-dark-grey-optico-inalambrico-mini-receptor-usb-pc-mac-chrome\/#breadcrumb","itemListElement":[{"@type":"ListItem","position":1,"name":"Inicio","item":"https:\/\/compuviper.mx\/tienda\/"},{"@type":"ListItem","position":2,"name":"Productos","item":"https:\/\/compuviper.mx\/tienda\/productos\/"},{"@type":"ListItem","position":3,"name":"Mouse","item":"https:\/\/compuviper.mx\/tienda\/categoria-producto\/mouse\/"},{"@type":"ListItem","position":4,"name":"Laser","item":"https:\/\/compuviper.mx\/tienda\/categoria-producto\/mouse\/laser-mouse\/"},{"@type":"ListItem","position":5,"name":"Logitech 910-002225 Mouse M185 Dark Grey Optico Inalambrico Mini Receptor Usb Pc\/mac\/chrome"}]},{"@type":"WebSite","@id":"https:\/\/compuviper.mx\/tienda\/#website","url":"https:\/\/compuviper.mx\/tienda\/","name":"Compuviper","description":"Proveedor de Computadoras, Laptops, Servidores, Monitores, Puntos de Venta, Teclados,   Impresoras, T\u00f3ner, C\u00e1maras de Seguridad y m\u00e1s en tu tienda en l\u00ednea","publisher":{"@id":"https:\/\/compuviper.mx\/tienda\/#organization"},"potentialAction":[{"@type":"SearchAction","target":{"@type":"EntryPoint","urlTemplate":"https:\/\/compuviper.mx\/tienda\/?s={search_term_string}"},"query-input":"required name=search_term_string"}],"inLanguage":"es-MX"},{"@type":"Organization","@id":"https:\/\/compuviper.mx\/tienda\/#organization","name":"Compuviper","url":"https:\/\/compuviper.mx\/tienda\/","logo":{"@type":"ImageObject","inLanguage":"es-MX","@id":"https:\/\/compuviper.mx\/tienda\/#\/schema\/logo\/image\/","url":"https:\/\/compuviper.mx\/tienda\/wp-content\/uploads\/2021\/08\/Logo-Compuviper-10.png","contentUrl":"https:\/\/compuviper.mx\/tienda\/wp-content\/uploads\/2021\/08\/Logo-Compuviper-10.png","width":1000,"height":500,"caption":"Compuviper"},"image":{"@id":"https:\/\/compuviper.mx\/tienda\/#\/schema\/logo\/image\/"},"sameAs":["https:\/\/www.facebook.com\/compuviper","https:\/\/www.youtube.com\/channel\/UCf73dERp9Y3cfOq7q8BhLjA?view_as=subscriber"]}]},"product_brand":"LOGITECH","product_price_amount":"295","product_price_currency":"MXN","og_availability":"instock","product_availability":"instock","product_retailer_item_id":"910-002225","product_condition":"new"},"_links":{"self":[{"href":"https:\/\/compuviper.mx\/tienda\/wp-json\/wp\/v2\/product\/220176"}],"collection":[{"href":"https:\/\/compuviper.mx\/tienda\/wp-json\/wp\/v2\/product"}],"about":[{"href":"https:\/\/compuviper.mx\/tienda\/wp-json\/wp\/v2\/types\/product"}],"replies":[{"embeddable":true,"href":"https:\/\/compuviper.mx\/tienda\/wp-json\/wp\/v2\/comments?post=220176"}],"wp:featuredmedia":[{"embeddable":true,"href":"https:\/\/compuviper.mx\/tienda\/wp-json\/wp\/v2\/media\/220177"}],"wp:attachment":[{"href":"https:\/\/compuviper.mx\/tienda\/wp-json\/wp\/v2\/media?parent=220176"}],"wp:term":[{"taxonomy":"product_cat","embeddable":true,"href":"https:\/\/compuviper.mx\/tienda\/wp-json\/wp\/v2\/product_cat?post=220176"},{"taxonomy":"product_tag","embeddable":true,"href":"https:\/\/compuviper.mx\/tienda\/wp-json\/wp\/v2\/product_tag?post=220176"}],"curies":[{"name":"wp","href":"https:\/\/api.w.org\/{rel}","templated":true}]}}