{"id":220172,"date":"2026-04-16T00:58:04","date_gmt":"2026-04-16T06:58:04","guid":{"rendered":"https:\/\/compuviper.mx\/tienda\/producto\/logitech-910-001601-mouse-m100-negro-optico-alambrico-usb-pc-mac\/"},"modified":"2026-04-16T00:58:04","modified_gmt":"2026-04-16T06:58:04","slug":"logitech-910-001601-mouse-m100-optico-alambrico-usb-a-1000dpi-negro","status":"publish","type":"product","link":"https:\/\/compuviper.mx\/tienda\/producto\/logitech-910-001601-mouse-m100-optico-alambrico-usb-a-1000dpi-negro\/","title":{"rendered":"Logitech 910-001601 Mouse  M100 Optico Alambrico Usb-a 1000dpi Negro"},"content":{"rendered":"<table class=\"descripcion\">\n<tr>\n<td>Basta con lo b\u00e1sico<\/td>\n<\/tr>\n<tr>\n<td>La instalaci\u00f3n es r\u00e1pida y f\u00e1cil. puede conectar el cable a un puerto usb y usarlo inmediatamente.<\/td>\n<\/tr>\n<tr>\n<td>En buena forma<\/td>\n<\/tr>\n<tr>\n<td>Ya sea diestro o zurdo, se sentir\u00e1 c\u00f3modo durante horas con este dise\u00f1o de tama\u00f1o est\u00e1ndar para uso ambidiestro.<\/td>\n<\/tr>\n<tr>\n<td>Sin falsos movimientos<\/td>\n<\/tr>\n<tr>\n<td>El seguimiento \u00f3ptico preciso nunca falla. ofrece un desplazamiento fluido, con o sin mousepad.<\/td>\n<\/tr>\n<tr>\n<td>Sencillo de configurar y usar<\/td>\n<\/tr>\n<tr>\n<td>La instalaci\u00f3n es r\u00e1pida y f\u00e1cil: basta con conectar el cable a un puerto usb. sin necesidad de instalar software. como tiene cable, puede conectarlo a un puerto usb y usarlo inmediatamente.<\/td>\n<\/tr>\n<tr>\n<td>Comodidad total, dise\u00f1o para uso ambidiestro<\/td>\n<\/tr>\n<tr>\n<td>Comodidad para ambas manos. se sentir\u00e1 c\u00f3modo, incluso tras periodos de uso prolongado.<\/td>\n<\/tr>\n<tr>\n<td>Seguimiento \u00f3ptico de alta definici\u00f3n<\/td>\n<\/tr>\n<tr>\n<td>Disfrutar\u00e1 de un control preciso y uniforme del cursor, y de una selecci\u00f3n de texto f\u00e1cil, gracias al seguimiento \u00f3ptico de alta definici\u00f3n (1000 dpi).<\/td>\n<\/tr>\n<tr>\n<td>Fabricado por logitech<\/td>\n<\/tr>\n<tr>\n<td>Este mouse se ha creado con la calidad y el dise\u00f1o que hemos aplicado a m\u00e1s de mil millones de mouse, m\u00e1s que ning\u00fan otro fabricante.<\/td>\n<\/tr>\n<tr>\n<td>Requisitos del sistema<\/td>\n<\/tr>\n<tr>\n<td>Pc compatible con windows<\/td>\n<\/tr>\n<tr>\n<td>Windows\u00ae xp, windows vista\u00ae o windows\u00ae 7, windows\u00ae 8, windows 10<\/td>\n<\/tr>\n<tr>\n<td>Puerto usb<\/td>\n<\/tr>\n<tr>\n<td>Ordenador mac\u00ae<\/td>\n<\/tr>\n<tr>\n<td>Mac os\u00ae x 10.4 o posterior<\/td>\n<\/tr>\n<tr>\n<td>Puerto usb<\/td>\n<\/tr>\n<tr>\n<td>Linux\u00ae<\/td>\n<\/tr>\n<tr>\n<td>Linux\u00ae kernel 2.6 o posterior<\/td>\n<\/tr>\n<tr>\n<td>Puerto usb<\/td>\n<\/tr>\n<tr>\n<td>Chrome os\u00bf<\/td>\n<\/tr>\n<tr>\n<td>Especificaciones<\/td>\n<\/tr>\n<tr>\n<td>Dimensiones del mouse (altura x anchura x profundidad):<\/td>\n<\/tr>\n<tr>\n<td>62 mm x 113 mm x 38 mm<\/td>\n<\/tr>\n<tr>\n<td>Peso del mouse: 90 g<\/td>\n<\/tr>\n<tr>\n<td>Longitud del cable: 180 cm<\/td>\n<\/tr>\n<tr>\n<td>Tecnolog\u00eda de seguimiento: \u00f3ptico<\/td>\n<\/tr>\n<tr>\n<td>Resoluci\u00f3n de sensor: 1000<\/td>\n<\/tr>\n<tr>\n<td>N\u00famero de botones: 3<\/td>\n<\/tr>\n<tr>\n<td>Bot\u00f3n rueda (s\u00ed\/no): s\u00ed<\/td>\n<\/tr>\n<tr>\n<td>Sistemas operativos compatibles:<\/td>\n<\/tr>\n<tr>\n<td>Windows vista, windows 7, windows 8, windows 10<\/td>\n<\/tr>\n<tr>\n<td>Mac os x 10.5 o posterior<\/td>\n<\/tr>\n<tr>\n<td>Chrome os\u00bf<\/td>\n<\/tr>\n<tr>\n<td>Interfaz: usb<\/td>\n<\/tr>\n<tr>\n<td>Origen del producto: china<\/td>\n<\/tr>\n<tr>\n<td>Esta caja contiene<\/td>\n<\/tr>\n<tr>\n<td>Rat\u00f3n<\/td>\n<\/tr>\n<tr>\n<td>Documentaci\u00f3n del usuario<\/td>\n<\/tr>\n<tr>\n<td>Informaci\u00f3n de garant\u00eda<\/td>\n<\/tr>\n<tr>\n<td>Tres a\u00f1os de garant\u00eda de hardware limitada<\/td>\n<\/tr>\n<tr>\n<td>N\u00famero de referencia<\/td>\n<\/tr>\n<tr>\n<td>N\u00ba de referencia: 910-001601<\/td>\n<\/tr>\n<\/table>\n","protected":false},"excerpt":{"rendered":"<p>Mouse \u00f3ptico b\u00e1sico color negro alambrico usb, la instalaci\u00f3n es r\u00e1pida y f\u00e1cil. Puede conectar el cable a un puerto usb de su computadora y usarlo inmediatamente. Ya sea diestro o zurdo, se sentir\u00e1 c\u00f3modo durante horas con este dise\u00f1o de tama\u00f1o est\u00e1ndar para uso ambidiestro. El seguimiento \u00f3ptico preciso nunca falla, ofrece un desplazamiento fluido, con o sin mousepad.<\/p>\n","protected":false},"featured_media":220173,"comment_status":"open","ping_status":"open","template":"","meta":[],"product_cat":[1748,1749],"product_tag":[1500],"acf":[],"yoast_head":"<!-- This site is optimized with the Yoast SEO plugin v21.7 - https:\/\/yoast.com\/wordpress\/plugins\/seo\/ -->\n<title>[ Logitech ] &#129351; 910-001601 Mouse M100 Optico Alambrico Usb-a 1000dpi Negro<\/title>\n<meta name=\"description\" content=\"Compra 910-001601 Mouse M100 Optico Alambrico Usb-a 1000dpi Negro + Env\u00edo a domicilio + Pago seguro + Garant\u00eda\" \/>\n<meta name=\"robots\" content=\"index, follow, max-snippet:-1, max-image-preview:large, max-video-preview:-1\" \/>\n<link rel=\"canonical\" href=\"https:\/\/compuviper.mx\/tienda\/producto\/logitech-910-001601-mouse-m100-optico-alambrico-usb-a-1000dpi-negro\/\" \/>\n<meta property=\"og:locale\" content=\"es_MX\" \/>\n<meta property=\"og:type\" content=\"article\" \/>\n<meta property=\"og:title\" content=\"[ Logitech ] &#129351; 910-001601 Mouse M100 Optico Alambrico Usb-a 1000dpi Negro\" \/>\n<meta property=\"og:description\" content=\"Compra 910-001601 Mouse M100 Optico Alambrico Usb-a 1000dpi Negro + Env\u00edo a domicilio + Pago seguro + Garant\u00eda\" \/>\n<meta property=\"og:url\" content=\"https:\/\/compuviper.mx\/tienda\/producto\/logitech-910-001601-mouse-m100-optico-alambrico-usb-a-1000dpi-negro\/\" \/>\n<meta property=\"og:site_name\" content=\"Compuviper\" \/>\n<meta property=\"article:publisher\" content=\"https:\/\/www.facebook.com\/compuviper\" \/>\n<meta property=\"og:image\" content=\"https:\/\/compuviper.mx\/tienda\/wp-content\/uploads\/2023\/12\/Mouse-logitech-m100-negro-optico-alambrico-usb-pcmac.jpg\" \/>\n\t<meta property=\"og:image:width\" content=\"200\" \/>\n\t<meta property=\"og:image:height\" content=\"200\" \/>\n\t<meta property=\"og:image:type\" content=\"image\/jpeg\" \/>\n<meta name=\"twitter:card\" content=\"summary_large_image\" \/>\n<meta name=\"twitter:label1\" content=\"Precio\" \/>\n\t<meta name=\"twitter:data1\" content=\"&#36;147 con IVA\" \/>\n\t<meta name=\"twitter:label2\" content=\"Availability\" \/>\n\t<meta name=\"twitter:data2\" content=\"In stock\" \/>\n<script type=\"application\/ld+json\" class=\"yoast-schema-graph\">{\"@context\":\"https:\/\/schema.org\",\"@graph\":[{\"@type\":\"WebPage\",\"@id\":\"https:\/\/compuviper.mx\/tienda\/producto\/logitech-910-001601-mouse-m100-optico-alambrico-usb-a-1000dpi-negro\/\",\"url\":\"https:\/\/compuviper.mx\/tienda\/producto\/logitech-910-001601-mouse-m100-optico-alambrico-usb-a-1000dpi-negro\/\",\"name\":\"[ Logitech ] &#129351; 910-001601 Mouse M100 Optico Alambrico Usb-a 1000dpi Negro\",\"isPartOf\":{\"@id\":\"https:\/\/compuviper.mx\/tienda\/#website\"},\"datePublished\":\"2026-04-16T06:58:04+00:00\",\"dateModified\":\"2026-04-16T06:58:04+00:00\",\"description\":\"Compra 910-001601 Mouse M100 Optico Alambrico Usb-a 1000dpi Negro + Env\u00edo a domicilio + Pago seguro + Garant\u00eda\",\"breadcrumb\":{\"@id\":\"https:\/\/compuviper.mx\/tienda\/producto\/logitech-910-001601-mouse-m100-optico-alambrico-usb-a-1000dpi-negro\/#breadcrumb\"},\"inLanguage\":\"es-MX\",\"potentialAction\":[{\"@type\":\"ReadAction\",\"target\":[\"https:\/\/compuviper.mx\/tienda\/producto\/logitech-910-001601-mouse-m100-optico-alambrico-usb-a-1000dpi-negro\/\"]}]},{\"@type\":\"BreadcrumbList\",\"@id\":\"https:\/\/compuviper.mx\/tienda\/producto\/logitech-910-001601-mouse-m100-optico-alambrico-usb-a-1000dpi-negro\/#breadcrumb\",\"itemListElement\":[{\"@type\":\"ListItem\",\"position\":1,\"name\":\"Inicio\",\"item\":\"https:\/\/compuviper.mx\/tienda\/\"},{\"@type\":\"ListItem\",\"position\":2,\"name\":\"Productos\",\"item\":\"https:\/\/compuviper.mx\/tienda\/productos\/\"},{\"@type\":\"ListItem\",\"position\":3,\"name\":\"Mouse\",\"item\":\"https:\/\/compuviper.mx\/tienda\/categoria-producto\/mouse\/\"},{\"@type\":\"ListItem\",\"position\":4,\"name\":\"Optico\",\"item\":\"https:\/\/compuviper.mx\/tienda\/categoria-producto\/mouse\/optico\/\"},{\"@type\":\"ListItem\",\"position\":5,\"name\":\"Logitech 910-001601 Mouse M100 Optico Alambrico Usb-a 1000dpi Negro\"}]},{\"@type\":\"WebSite\",\"@id\":\"https:\/\/compuviper.mx\/tienda\/#website\",\"url\":\"https:\/\/compuviper.mx\/tienda\/\",\"name\":\"Compuviper\",\"description\":\"Proveedor de Computadoras, Laptops, Servidores, Monitores, Puntos de Venta, Teclados,   Impresoras, T\u00f3ner, C\u00e1maras de Seguridad y m\u00e1s en tu tienda en l\u00ednea\",\"publisher\":{\"@id\":\"https:\/\/compuviper.mx\/tienda\/#organization\"},\"potentialAction\":[{\"@type\":\"SearchAction\",\"target\":{\"@type\":\"EntryPoint\",\"urlTemplate\":\"https:\/\/compuviper.mx\/tienda\/?s={search_term_string}\"},\"query-input\":\"required name=search_term_string\"}],\"inLanguage\":\"es-MX\"},{\"@type\":\"Organization\",\"@id\":\"https:\/\/compuviper.mx\/tienda\/#organization\",\"name\":\"Compuviper\",\"url\":\"https:\/\/compuviper.mx\/tienda\/\",\"logo\":{\"@type\":\"ImageObject\",\"inLanguage\":\"es-MX\",\"@id\":\"https:\/\/compuviper.mx\/tienda\/#\/schema\/logo\/image\/\",\"url\":\"https:\/\/compuviper.mx\/tienda\/wp-content\/uploads\/2021\/08\/Logo-Compuviper-10.png\",\"contentUrl\":\"https:\/\/compuviper.mx\/tienda\/wp-content\/uploads\/2021\/08\/Logo-Compuviper-10.png\",\"width\":1000,\"height\":500,\"caption\":\"Compuviper\"},\"image\":{\"@id\":\"https:\/\/compuviper.mx\/tienda\/#\/schema\/logo\/image\/\"},\"sameAs\":[\"https:\/\/www.facebook.com\/compuviper\",\"https:\/\/www.youtube.com\/channel\/UCf73dERp9Y3cfOq7q8BhLjA?view_as=subscriber\"]}]}<\/script>\n<meta property=\"product:brand\" content=\"LOGITECH\" \/>\n<meta property=\"product:price:amount\" content=\"147\" \/>\n<meta property=\"product:price:currency\" content=\"MXN\" \/>\n<meta property=\"og:availability\" content=\"instock\" \/>\n<meta property=\"product:availability\" content=\"instock\" \/>\n<meta property=\"product:retailer_item_id\" content=\"910-001601\" \/>\n<meta property=\"product:condition\" content=\"new\" \/>\n<!-- \/ Yoast SEO plugin. -->","yoast_head_json":{"title":"[ Logitech ] &#129351; 910-001601 Mouse M100 Optico Alambrico Usb-a 1000dpi Negro","description":"Compra 910-001601 Mouse M100 Optico Alambrico Usb-a 1000dpi Negro + Env\u00edo a domicilio + Pago seguro + Garant\u00eda","robots":{"index":"index","follow":"follow","max-snippet":"max-snippet:-1","max-image-preview":"max-image-preview:large","max-video-preview":"max-video-preview:-1"},"canonical":"https:\/\/compuviper.mx\/tienda\/producto\/logitech-910-001601-mouse-m100-optico-alambrico-usb-a-1000dpi-negro\/","og_locale":"es_MX","og_type":"article","og_title":"[ Logitech ] &#129351; 910-001601 Mouse M100 Optico Alambrico Usb-a 1000dpi Negro","og_description":"Compra 910-001601 Mouse M100 Optico Alambrico Usb-a 1000dpi Negro + Env\u00edo a domicilio + Pago seguro + Garant\u00eda","og_url":"https:\/\/compuviper.mx\/tienda\/producto\/logitech-910-001601-mouse-m100-optico-alambrico-usb-a-1000dpi-negro\/","og_site_name":"Compuviper","article_publisher":"https:\/\/www.facebook.com\/compuviper","og_image":[{"width":200,"height":200,"url":"https:\/\/compuviper.mx\/tienda\/wp-content\/uploads\/2023\/12\/Mouse-logitech-m100-negro-optico-alambrico-usb-pcmac.jpg","type":"image\/jpeg"}],"twitter_card":"summary_large_image","twitter_misc":{"Precio":"&#36;147 con IVA","Availability":"In stock"},"schema":{"@context":"https:\/\/schema.org","@graph":[{"@type":"WebPage","@id":"https:\/\/compuviper.mx\/tienda\/producto\/logitech-910-001601-mouse-m100-optico-alambrico-usb-a-1000dpi-negro\/","url":"https:\/\/compuviper.mx\/tienda\/producto\/logitech-910-001601-mouse-m100-optico-alambrico-usb-a-1000dpi-negro\/","name":"[ Logitech ] &#129351; 910-001601 Mouse M100 Optico Alambrico Usb-a 1000dpi Negro","isPartOf":{"@id":"https:\/\/compuviper.mx\/tienda\/#website"},"datePublished":"2026-04-16T06:58:04+00:00","dateModified":"2026-04-16T06:58:04+00:00","description":"Compra 910-001601 Mouse M100 Optico Alambrico Usb-a 1000dpi Negro + Env\u00edo a domicilio + Pago seguro + Garant\u00eda","breadcrumb":{"@id":"https:\/\/compuviper.mx\/tienda\/producto\/logitech-910-001601-mouse-m100-optico-alambrico-usb-a-1000dpi-negro\/#breadcrumb"},"inLanguage":"es-MX","potentialAction":[{"@type":"ReadAction","target":["https:\/\/compuviper.mx\/tienda\/producto\/logitech-910-001601-mouse-m100-optico-alambrico-usb-a-1000dpi-negro\/"]}]},{"@type":"BreadcrumbList","@id":"https:\/\/compuviper.mx\/tienda\/producto\/logitech-910-001601-mouse-m100-optico-alambrico-usb-a-1000dpi-negro\/#breadcrumb","itemListElement":[{"@type":"ListItem","position":1,"name":"Inicio","item":"https:\/\/compuviper.mx\/tienda\/"},{"@type":"ListItem","position":2,"name":"Productos","item":"https:\/\/compuviper.mx\/tienda\/productos\/"},{"@type":"ListItem","position":3,"name":"Mouse","item":"https:\/\/compuviper.mx\/tienda\/categoria-producto\/mouse\/"},{"@type":"ListItem","position":4,"name":"Optico","item":"https:\/\/compuviper.mx\/tienda\/categoria-producto\/mouse\/optico\/"},{"@type":"ListItem","position":5,"name":"Logitech 910-001601 Mouse M100 Optico Alambrico Usb-a 1000dpi Negro"}]},{"@type":"WebSite","@id":"https:\/\/compuviper.mx\/tienda\/#website","url":"https:\/\/compuviper.mx\/tienda\/","name":"Compuviper","description":"Proveedor de Computadoras, Laptops, Servidores, Monitores, Puntos de Venta, Teclados,   Impresoras, T\u00f3ner, C\u00e1maras de Seguridad y m\u00e1s en tu tienda en l\u00ednea","publisher":{"@id":"https:\/\/compuviper.mx\/tienda\/#organization"},"potentialAction":[{"@type":"SearchAction","target":{"@type":"EntryPoint","urlTemplate":"https:\/\/compuviper.mx\/tienda\/?s={search_term_string}"},"query-input":"required name=search_term_string"}],"inLanguage":"es-MX"},{"@type":"Organization","@id":"https:\/\/compuviper.mx\/tienda\/#organization","name":"Compuviper","url":"https:\/\/compuviper.mx\/tienda\/","logo":{"@type":"ImageObject","inLanguage":"es-MX","@id":"https:\/\/compuviper.mx\/tienda\/#\/schema\/logo\/image\/","url":"https:\/\/compuviper.mx\/tienda\/wp-content\/uploads\/2021\/08\/Logo-Compuviper-10.png","contentUrl":"https:\/\/compuviper.mx\/tienda\/wp-content\/uploads\/2021\/08\/Logo-Compuviper-10.png","width":1000,"height":500,"caption":"Compuviper"},"image":{"@id":"https:\/\/compuviper.mx\/tienda\/#\/schema\/logo\/image\/"},"sameAs":["https:\/\/www.facebook.com\/compuviper","https:\/\/www.youtube.com\/channel\/UCf73dERp9Y3cfOq7q8BhLjA?view_as=subscriber"]}]},"product_brand":"LOGITECH","product_price_amount":"147","product_price_currency":"MXN","og_availability":"instock","product_availability":"instock","product_retailer_item_id":"910-001601","product_condition":"new"},"_links":{"self":[{"href":"https:\/\/compuviper.mx\/tienda\/wp-json\/wp\/v2\/product\/220172"}],"collection":[{"href":"https:\/\/compuviper.mx\/tienda\/wp-json\/wp\/v2\/product"}],"about":[{"href":"https:\/\/compuviper.mx\/tienda\/wp-json\/wp\/v2\/types\/product"}],"replies":[{"embeddable":true,"href":"https:\/\/compuviper.mx\/tienda\/wp-json\/wp\/v2\/comments?post=220172"}],"wp:featuredmedia":[{"embeddable":true,"href":"https:\/\/compuviper.mx\/tienda\/wp-json\/wp\/v2\/media\/220173"}],"wp:attachment":[{"href":"https:\/\/compuviper.mx\/tienda\/wp-json\/wp\/v2\/media?parent=220172"}],"wp:term":[{"taxonomy":"product_cat","embeddable":true,"href":"https:\/\/compuviper.mx\/tienda\/wp-json\/wp\/v2\/product_cat?post=220172"},{"taxonomy":"product_tag","embeddable":true,"href":"https:\/\/compuviper.mx\/tienda\/wp-json\/wp\/v2\/product_tag?post=220172"}],"curies":[{"name":"wp","href":"https:\/\/api.w.org\/{rel}","templated":true}]}}