{"id":220154,"date":"2026-04-02T00:47:56","date_gmt":"2026-04-02T06:47:56","guid":{"rendered":"https:\/\/compuviper.mx\/tienda\/producto\/samsung-lh55qbcebgcxgo-monitor-sealizacion-digital-55-uhd-3840-x-2160-4k-qb55c-350nits-8ms-bocinas-3-hdmi-2-usb-rj45-rs232c-wifi-h-v-16-7\/"},"modified":"2026-04-02T00:47:56","modified_gmt":"2026-04-02T06:47:56","slug":"samsung-lh55qbcebgcxgo-monitor-sealizacion-digital-55-uhd-3840-x-2160-4k-qb55c-350nits-8ms-bocinas-3-hdmi-2-usb-rj45-rs232c-wifi-h-v-16-7","status":"publish","type":"product","link":"https:\/\/compuviper.mx\/tienda\/producto\/samsung-lh55qbcebgcxgo-monitor-sealizacion-digital-55-uhd-3840-x-2160-4k-qb55c-350nits-8ms-bocinas-3-hdmi-2-usb-rj45-rs232c-wifi-h-v-16-7\/","title":{"rendered":"Samsung Lh55qbcebgcxgo Monitor Se?alizacion Digital  55 Uhd 3,840 X 2,160 4k Qb55c, 350nits, 8ms, Bocinas, 3 Hdmi, 2 Usb, Rj45, Rs232c, Wifi, H\/v, 16\/7"},"content":{"rendered":"<table class=\"descripcion\">\n<tr>\n<td>Panel de visualizaci\u00f3n tama\u00f1o diagonal clase 55<\/td>\n<\/tr>\n<tr>\n<td>Medido 54,6<\/td>\n<\/tr>\n<tr>\n<td>Resoluci\u00f3n 3.840 x 2.160 (16:9)<\/td>\n<\/tr>\n<tr>\n<td>Brillo (t\u00edpico) 350 nits<\/td>\n<\/tr>\n<tr>\n<td>Orientaci\u00f3n paisaje\/retrato<\/td>\n<\/tr>\n<tr>\n<td>Neblina 2%<\/td>\n<\/tr>\n<tr>\n<td>Relaci\u00f3n de contraste (t\u00edp.) 4.000:1<\/td>\n<\/tr>\n<tr>\n<td>Tipo va<\/td>\n<\/tr>\n<tr>\n<td>\u00e1rea de visualizaci\u00f3n activa 1209,6 (h) x 680,4 (v)<\/td>\n<\/tr>\n<tr>\n<td>Paso de p\u00edxeles (mm) 0,315 x 0,315<\/td>\n<\/tr>\n<tr>\n<td>Gama de colores ntsc 72%<\/td>\n<\/tr>\n<tr>\n<td>Hora de operaci\u00f3n 16\/7<\/td>\n<\/tr>\n<tr>\n<td>Conectividad<\/td>\n<\/tr>\n<tr>\n<td>\/sonido entrada v\u00eddeo hdmi 2.0 (3)<\/td>\n<\/tr>\n<tr>\n<td>Audion\/a<\/td>\n<\/tr>\n<tr>\n<td>Usb usb 2.0&#215;2<\/td>\n<\/tr>\n<tr>\n<td>Sintonizador n\/a<\/td>\n<\/tr>\n<tr>\n<td>V\u00eddeo de salida n\/a<\/td>\n<\/tr>\n<tr>\n<td>Miniconector est\u00e9reo de audio<\/td>\n<\/tr>\n<tr>\n<td>Usb n\/a<\/td>\n<\/tr>\n<tr>\n<td>Wifi\/bt salida\/salida<\/td>\n<\/tr>\n<tr>\n<td>Control externo rs232c (entrada\/salida), rj45<\/td>\n<\/tr>\n<tr>\n<td>Altavoz 10w 2 canales<\/td>\n<\/tr>\n<tr>\n<td>Especificaciones mec\u00e1nicas dimensi\u00f3n<\/td>\n<\/tr>\n<tr>\n<td>(mm) juego 1.237,9 x 708,8 x 28,5<\/td>\n<\/tr>\n<tr>\n<td>Paquete por determinar<\/td>\n<\/tr>\n<tr>\n<td>Peso (kg) conjunto 1.403 x 835 x 148<\/td>\n<\/tr>\n<tr>\n<td>Paquete por determinar<\/td>\n<\/tr>\n<tr>\n<td>Soporte vesa 200 x 200<\/td>\n<\/tr>\n<tr>\n<td>Tornillo de montaje vesa (m\u00edn. ~ m\u00e1x.) m8, 12 ~ 14 mm<\/td>\n<\/tr>\n<tr>\n<td>Ancho del bisel (mm) 11,5 (par)<\/td>\n<\/tr>\n<tr>\n<td>Caracter\u00edsticas clave se\u00f1alizaci\u00f3n uhd con<\/td>\n<\/tr>\n<tr>\n<td>Magicinfos10 integrado, sssp 10,0<\/td>\n<\/tr>\n<tr>\n<td>Reproductor interno operando<\/td>\n<\/tr>\n<tr>\n<td>Sistema tizen 7.0<\/td>\n<\/tr>\n<tr>\n<td>Procesador ca53 de cuatro n\u00facleos a 1,3 ghz<\/td>\n<\/tr>\n<tr>\n<td>Almacenamiento<\/td>\n<\/tr>\n<tr>\n<td>(fdm) 8 gb (3 gb disponibles)<\/td>\n<\/tr>\n<tr>\n<td>H\/w especial centro de dise\u00f1o b2b de segunda generaci\u00f3n sensor de temperatura ir sensor ambiental nivel autom\u00e1tico<\/td>\n<\/tr>\n<tr>\n<td>Wi-fi (2,4\/5,0 ghz dual) y bt<\/td>\n<\/tr>\n<tr>\n<td>S\/w signage new home workspace (microsoft365\/vmware\/rdp) inicio personalizado<\/td>\n<\/tr>\n<tr>\n<td>Modo de simulaci\u00f3n dicom de recuperaci\u00f3n y cambio autom\u00e1tico de fuente<\/td>\n<\/tr>\n<tr>\n<td>Modo director motor web actualizable plataforma empresarial tizen soluci\u00f3n de videoconferencia calibraci\u00f3n inteligente (b\u00e1sica)<\/td>\n<\/tr>\n<tr>\n<td>Certificaci\u00f3n seguridad 60950-1\/62368-1<\/td>\n<\/tr>\n<tr>\n<td>Cem clase b<\/td>\n<\/tr>\n<tr>\n<td>Medio ambiente energy star 8.0, epeat<\/td>\n<\/tr>\n<tr>\n<td>Clasificaci\u00f3n ip ip5x<\/td>\n<\/tr>\n<tr>\n<td>Seguridad 802.1 x (wpa2 empresa)<\/td>\n<\/tr>\n<tr>\n<td>: eap-tls, eap-ttls, eap-peap<\/td>\n<\/tr>\n<tr>\n<td>Alimentaci\u00f3n fuente de alimentaci\u00f3n ca 100 &#8211; 240 v, 50\/60 hz<\/td>\n<\/tr>\n<tr>\n<td>Consumo de energ\u00eda m\u00e1x. [w\/h] tbd<\/td>\n<\/tr>\n<tr>\n<td>T\u00edpico[w\/h] tbd<\/td>\n<\/tr>\n<tr>\n<td>Modo de suspensi\u00f3n inferior a 0,5 w<\/td>\n<\/tr>\n<tr>\n<td>Operando<\/td>\n<\/tr>\n<tr>\n<td>Condici\u00f3n temperatura 0  and #8451; ~ 40  and #8451;<\/td>\n<\/tr>\n<tr>\n<td>Humedad relativa 10~80%<\/td>\n<\/tr>\n<tr>\n<td>Accesorios incluidos gu\u00eda de configuraci\u00f3n r\u00e1pida,<\/td>\n<\/tr>\n<tr>\n<td>Tarjeta de garant\u00eda, cable de alimentaci\u00f3n rs232c (entrada) g\u00e9nero<\/td>\n<\/tr>\n<tr>\n<td>Control remoto y bater\u00edas<\/td>\n<\/tr>\n<tr>\n<td>Soporte opcional stn-l4355c<\/td>\n<\/tr>\n<tr>\n<td>Montaje wmn-b50sc<\/td>\n<\/tr>\n<tr>\n<td>Especialidad por determinar<\/td>\n<\/tr>\n<\/table>\n","protected":false},"excerpt":{"rendered":"<p>Panel de visualizaci\u00f3n tama\u00f1o diagonal clase 55 Medido 54,6 Resoluci\u00f3n 3.840 x 2.160 (16:9) Brillo (t\u00edpico) 350 nits Orientaci\u00f3n paisaje\/retrato Neblina 2% Relaci\u00f3n de contraste (t\u00edp.) 4.000:1 Tipo va \u00e1rea de visualizaci\u00f3n activa 1209,6 (h) x 680,4 (v) Paso de p\u00edxeles (mm) 0,315 x 0,315 Gama de colores ntsc 72% Hora de operaci\u00f3n 16\/7 Conectividad [&hellip;]<\/p>\n","protected":false},"featured_media":234100,"comment_status":"open","ping_status":"open","template":"","meta":[],"product_cat":[1740,1741],"product_tag":[1743],"acf":[],"yoast_head":"<!-- This site is optimized with the Yoast SEO plugin v21.7 - https:\/\/yoast.com\/wordpress\/plugins\/seo\/ -->\n<title>[ Samsung ] &#129351; Lh55qbcebgcxgo Monitor Se\u00f1alizacion Digital 55 Uhd 3,840 X 2,160 4k Qb55c, 350nits, 8ms, Bocinas, 3 Hdmi, 2 Usb, Rj45, Rs232c, Wifi, H\/v, 16\/7<\/title>\n<meta name=\"description\" content=\"Compra Lh55qbcebgcxgo Monitor Se\u00f1alizacion Digital 55 Uhd 3,840 X 2,160 4k Qb55c, 350nits, 8ms, Bocinas, 3 Hdmi, 2 Usb, Rj45, Rs232c, Wifi, H\/v, 16\/7 + Env\u00edo a domicilio + Pago seguro + Garant\u00eda\" \/>\n<meta name=\"robots\" content=\"index, follow, max-snippet:-1, max-image-preview:large, max-video-preview:-1\" \/>\n<link rel=\"canonical\" href=\"https:\/\/compuviper.mx\/tienda\/producto\/samsung-lh55qbcebgcxgo-monitor-sealizacion-digital-55-uhd-3840-x-2160-4k-qb55c-350nits-8ms-bocinas-3-hdmi-2-usb-rj45-rs232c-wifi-h-v-16-7\/\" \/>\n<meta property=\"og:locale\" content=\"es_MX\" \/>\n<meta property=\"og:type\" content=\"article\" \/>\n<meta property=\"og:title\" content=\"[ Samsung ] &#129351; Lh55qbcebgcxgo Monitor Se\u00f1alizacion Digital 55 Uhd 3,840 X 2,160 4k Qb55c, 350nits, 8ms, Bocinas, 3 Hdmi, 2 Usb, Rj45, Rs232c, Wifi, H\/v, 16\/7\" \/>\n<meta property=\"og:description\" content=\"Compra Lh55qbcebgcxgo Monitor Se\u00f1alizacion Digital 55 Uhd 3,840 X 2,160 4k Qb55c, 350nits, 8ms, Bocinas, 3 Hdmi, 2 Usb, Rj45, Rs232c, Wifi, H\/v, 16\/7 + Env\u00edo a domicilio + Pago seguro + Garant\u00eda\" \/>\n<meta property=\"og:url\" content=\"https:\/\/compuviper.mx\/tienda\/producto\/samsung-lh55qbcebgcxgo-monitor-sealizacion-digital-55-uhd-3840-x-2160-4k-qb55c-350nits-8ms-bocinas-3-hdmi-2-usb-rj45-rs232c-wifi-h-v-16-7\/\" \/>\n<meta property=\"og:site_name\" content=\"Compuviper\" \/>\n<meta property=\"article:publisher\" content=\"https:\/\/www.facebook.com\/compuviper\" \/>\n<meta property=\"og:image\" content=\"https:\/\/compuviper.mx\/tienda\/wp-content\/uploads\/2024\/05\/Monitor-senalizacion-digital-samsung-55-uhd-3840-x-2160-4k-qb55c-350nits-8ms-bocinas-3-hdmi-2-usb-rj45-rs232c-wifi-hv-167.jpg\" \/>\n\t<meta property=\"og:image:width\" content=\"200\" \/>\n\t<meta property=\"og:image:height\" content=\"200\" \/>\n\t<meta property=\"og:image:type\" content=\"image\/jpeg\" \/>\n<meta name=\"twitter:card\" content=\"summary_large_image\" \/>\n<meta name=\"twitter:label1\" content=\"Precio\" \/>\n\t<meta name=\"twitter:data1\" content=\"&#36;11,068 con IVA\" \/>\n\t<meta name=\"twitter:label2\" content=\"Availability\" \/>\n\t<meta name=\"twitter:data2\" content=\"Out of stock\" \/>\n<script type=\"application\/ld+json\" class=\"yoast-schema-graph\">{\"@context\":\"https:\/\/schema.org\",\"@graph\":[{\"@type\":\"WebPage\",\"@id\":\"https:\/\/compuviper.mx\/tienda\/producto\/samsung-lh55qbcebgcxgo-monitor-sealizacion-digital-55-uhd-3840-x-2160-4k-qb55c-350nits-8ms-bocinas-3-hdmi-2-usb-rj45-rs232c-wifi-h-v-16-7\/\",\"url\":\"https:\/\/compuviper.mx\/tienda\/producto\/samsung-lh55qbcebgcxgo-monitor-sealizacion-digital-55-uhd-3840-x-2160-4k-qb55c-350nits-8ms-bocinas-3-hdmi-2-usb-rj45-rs232c-wifi-h-v-16-7\/\",\"name\":\"[ Samsung ] &#129351; Lh55qbcebgcxgo Monitor Se\u00f1alizacion Digital 55 Uhd 3,840 X 2,160 4k Qb55c, 350nits, 8ms, Bocinas, 3 Hdmi, 2 Usb, Rj45, Rs232c, Wifi, H\/v, 16\/7\",\"isPartOf\":{\"@id\":\"https:\/\/compuviper.mx\/tienda\/#website\"},\"datePublished\":\"2026-04-02T06:47:56+00:00\",\"dateModified\":\"2026-04-02T06:47:56+00:00\",\"description\":\"Compra Lh55qbcebgcxgo Monitor Se\u00f1alizacion Digital 55 Uhd 3,840 X 2,160 4k Qb55c, 350nits, 8ms, Bocinas, 3 Hdmi, 2 Usb, Rj45, Rs232c, Wifi, H\/v, 16\/7 + Env\u00edo a domicilio + Pago seguro + Garant\u00eda\",\"breadcrumb\":{\"@id\":\"https:\/\/compuviper.mx\/tienda\/producto\/samsung-lh55qbcebgcxgo-monitor-sealizacion-digital-55-uhd-3840-x-2160-4k-qb55c-350nits-8ms-bocinas-3-hdmi-2-usb-rj45-rs232c-wifi-h-v-16-7\/#breadcrumb\"},\"inLanguage\":\"es-MX\",\"potentialAction\":[{\"@type\":\"ReadAction\",\"target\":[\"https:\/\/compuviper.mx\/tienda\/producto\/samsung-lh55qbcebgcxgo-monitor-sealizacion-digital-55-uhd-3840-x-2160-4k-qb55c-350nits-8ms-bocinas-3-hdmi-2-usb-rj45-rs232c-wifi-h-v-16-7\/\"]}]},{\"@type\":\"BreadcrumbList\",\"@id\":\"https:\/\/compuviper.mx\/tienda\/producto\/samsung-lh55qbcebgcxgo-monitor-sealizacion-digital-55-uhd-3840-x-2160-4k-qb55c-350nits-8ms-bocinas-3-hdmi-2-usb-rj45-rs232c-wifi-h-v-16-7\/#breadcrumb\",\"itemListElement\":[{\"@type\":\"ListItem\",\"position\":1,\"name\":\"Inicio\",\"item\":\"https:\/\/compuviper.mx\/tienda\/\"},{\"@type\":\"ListItem\",\"position\":2,\"name\":\"Productos\",\"item\":\"https:\/\/compuviper.mx\/tienda\/productos\/\"},{\"@type\":\"ListItem\",\"position\":3,\"name\":\"Monitores\",\"item\":\"https:\/\/compuviper.mx\/tienda\/categoria-producto\/monitores\/\"},{\"@type\":\"ListItem\",\"position\":4,\"name\":\"Led\",\"item\":\"https:\/\/compuviper.mx\/tienda\/categoria-producto\/monitores\/led\/\"},{\"@type\":\"ListItem\",\"position\":5,\"name\":\"Samsung Lh55qbcebgcxgo Monitor Se?alizacion Digital 55 Uhd 3,840 X 2,160 4k Qb55c, 350nits, 8ms, Bocinas, 3 Hdmi, 2 Usb, Rj45, Rs232c, Wifi, H\/v, 16\/7\"}]},{\"@type\":\"WebSite\",\"@id\":\"https:\/\/compuviper.mx\/tienda\/#website\",\"url\":\"https:\/\/compuviper.mx\/tienda\/\",\"name\":\"Compuviper\",\"description\":\"Proveedor de Computadoras, Laptops, Servidores, Monitores, Puntos de Venta, Teclados,   Impresoras, T\u00f3ner, C\u00e1maras de Seguridad y m\u00e1s en tu tienda en l\u00ednea\",\"publisher\":{\"@id\":\"https:\/\/compuviper.mx\/tienda\/#organization\"},\"potentialAction\":[{\"@type\":\"SearchAction\",\"target\":{\"@type\":\"EntryPoint\",\"urlTemplate\":\"https:\/\/compuviper.mx\/tienda\/?s={search_term_string}\"},\"query-input\":\"required name=search_term_string\"}],\"inLanguage\":\"es-MX\"},{\"@type\":\"Organization\",\"@id\":\"https:\/\/compuviper.mx\/tienda\/#organization\",\"name\":\"Compuviper\",\"url\":\"https:\/\/compuviper.mx\/tienda\/\",\"logo\":{\"@type\":\"ImageObject\",\"inLanguage\":\"es-MX\",\"@id\":\"https:\/\/compuviper.mx\/tienda\/#\/schema\/logo\/image\/\",\"url\":\"https:\/\/compuviper.mx\/tienda\/wp-content\/uploads\/2021\/08\/Logo-Compuviper-10.png\",\"contentUrl\":\"https:\/\/compuviper.mx\/tienda\/wp-content\/uploads\/2021\/08\/Logo-Compuviper-10.png\",\"width\":1000,\"height\":500,\"caption\":\"Compuviper\"},\"image\":{\"@id\":\"https:\/\/compuviper.mx\/tienda\/#\/schema\/logo\/image\/\"},\"sameAs\":[\"https:\/\/www.facebook.com\/compuviper\",\"https:\/\/www.youtube.com\/channel\/UCf73dERp9Y3cfOq7q8BhLjA?view_as=subscriber\"]}]}<\/script>\n<meta property=\"product:brand\" content=\"SAMSUNG\" \/>\n<meta property=\"product:price:amount\" content=\"11068\" \/>\n<meta property=\"product:price:currency\" content=\"MXN\" \/>\n<meta property=\"og:availability\" content=\"out of stock\" \/>\n<meta property=\"product:availability\" content=\"out of stock\" \/>\n<meta property=\"product:retailer_item_id\" content=\"LH55QBCEBGCXGO\" \/>\n<meta property=\"product:condition\" content=\"new\" \/>\n<!-- \/ Yoast SEO plugin. -->","yoast_head_json":{"title":"[ Samsung ] &#129351; Lh55qbcebgcxgo Monitor Se\u00f1alizacion Digital 55 Uhd 3,840 X 2,160 4k Qb55c, 350nits, 8ms, Bocinas, 3 Hdmi, 2 Usb, Rj45, Rs232c, Wifi, H\/v, 16\/7","description":"Compra Lh55qbcebgcxgo Monitor Se\u00f1alizacion Digital 55 Uhd 3,840 X 2,160 4k Qb55c, 350nits, 8ms, Bocinas, 3 Hdmi, 2 Usb, Rj45, Rs232c, Wifi, H\/v, 16\/7 + Env\u00edo a domicilio + Pago seguro + Garant\u00eda","robots":{"index":"index","follow":"follow","max-snippet":"max-snippet:-1","max-image-preview":"max-image-preview:large","max-video-preview":"max-video-preview:-1"},"canonical":"https:\/\/compuviper.mx\/tienda\/producto\/samsung-lh55qbcebgcxgo-monitor-sealizacion-digital-55-uhd-3840-x-2160-4k-qb55c-350nits-8ms-bocinas-3-hdmi-2-usb-rj45-rs232c-wifi-h-v-16-7\/","og_locale":"es_MX","og_type":"article","og_title":"[ Samsung ] &#129351; Lh55qbcebgcxgo Monitor Se\u00f1alizacion Digital 55 Uhd 3,840 X 2,160 4k Qb55c, 350nits, 8ms, Bocinas, 3 Hdmi, 2 Usb, Rj45, Rs232c, Wifi, H\/v, 16\/7","og_description":"Compra Lh55qbcebgcxgo Monitor Se\u00f1alizacion Digital 55 Uhd 3,840 X 2,160 4k Qb55c, 350nits, 8ms, Bocinas, 3 Hdmi, 2 Usb, Rj45, Rs232c, Wifi, H\/v, 16\/7 + Env\u00edo a domicilio + Pago seguro + Garant\u00eda","og_url":"https:\/\/compuviper.mx\/tienda\/producto\/samsung-lh55qbcebgcxgo-monitor-sealizacion-digital-55-uhd-3840-x-2160-4k-qb55c-350nits-8ms-bocinas-3-hdmi-2-usb-rj45-rs232c-wifi-h-v-16-7\/","og_site_name":"Compuviper","article_publisher":"https:\/\/www.facebook.com\/compuviper","og_image":[{"width":200,"height":200,"url":"https:\/\/compuviper.mx\/tienda\/wp-content\/uploads\/2024\/05\/Monitor-senalizacion-digital-samsung-55-uhd-3840-x-2160-4k-qb55c-350nits-8ms-bocinas-3-hdmi-2-usb-rj45-rs232c-wifi-hv-167.jpg","type":"image\/jpeg"}],"twitter_card":"summary_large_image","twitter_misc":{"Precio":"&#36;11,068 con IVA","Availability":"Out of stock"},"schema":{"@context":"https:\/\/schema.org","@graph":[{"@type":"WebPage","@id":"https:\/\/compuviper.mx\/tienda\/producto\/samsung-lh55qbcebgcxgo-monitor-sealizacion-digital-55-uhd-3840-x-2160-4k-qb55c-350nits-8ms-bocinas-3-hdmi-2-usb-rj45-rs232c-wifi-h-v-16-7\/","url":"https:\/\/compuviper.mx\/tienda\/producto\/samsung-lh55qbcebgcxgo-monitor-sealizacion-digital-55-uhd-3840-x-2160-4k-qb55c-350nits-8ms-bocinas-3-hdmi-2-usb-rj45-rs232c-wifi-h-v-16-7\/","name":"[ Samsung ] &#129351; Lh55qbcebgcxgo Monitor Se\u00f1alizacion Digital 55 Uhd 3,840 X 2,160 4k Qb55c, 350nits, 8ms, Bocinas, 3 Hdmi, 2 Usb, Rj45, Rs232c, Wifi, H\/v, 16\/7","isPartOf":{"@id":"https:\/\/compuviper.mx\/tienda\/#website"},"datePublished":"2026-04-02T06:47:56+00:00","dateModified":"2026-04-02T06:47:56+00:00","description":"Compra Lh55qbcebgcxgo Monitor Se\u00f1alizacion Digital 55 Uhd 3,840 X 2,160 4k Qb55c, 350nits, 8ms, Bocinas, 3 Hdmi, 2 Usb, Rj45, Rs232c, Wifi, H\/v, 16\/7 + Env\u00edo a domicilio + Pago seguro + Garant\u00eda","breadcrumb":{"@id":"https:\/\/compuviper.mx\/tienda\/producto\/samsung-lh55qbcebgcxgo-monitor-sealizacion-digital-55-uhd-3840-x-2160-4k-qb55c-350nits-8ms-bocinas-3-hdmi-2-usb-rj45-rs232c-wifi-h-v-16-7\/#breadcrumb"},"inLanguage":"es-MX","potentialAction":[{"@type":"ReadAction","target":["https:\/\/compuviper.mx\/tienda\/producto\/samsung-lh55qbcebgcxgo-monitor-sealizacion-digital-55-uhd-3840-x-2160-4k-qb55c-350nits-8ms-bocinas-3-hdmi-2-usb-rj45-rs232c-wifi-h-v-16-7\/"]}]},{"@type":"BreadcrumbList","@id":"https:\/\/compuviper.mx\/tienda\/producto\/samsung-lh55qbcebgcxgo-monitor-sealizacion-digital-55-uhd-3840-x-2160-4k-qb55c-350nits-8ms-bocinas-3-hdmi-2-usb-rj45-rs232c-wifi-h-v-16-7\/#breadcrumb","itemListElement":[{"@type":"ListItem","position":1,"name":"Inicio","item":"https:\/\/compuviper.mx\/tienda\/"},{"@type":"ListItem","position":2,"name":"Productos","item":"https:\/\/compuviper.mx\/tienda\/productos\/"},{"@type":"ListItem","position":3,"name":"Monitores","item":"https:\/\/compuviper.mx\/tienda\/categoria-producto\/monitores\/"},{"@type":"ListItem","position":4,"name":"Led","item":"https:\/\/compuviper.mx\/tienda\/categoria-producto\/monitores\/led\/"},{"@type":"ListItem","position":5,"name":"Samsung Lh55qbcebgcxgo Monitor Se?alizacion Digital 55 Uhd 3,840 X 2,160 4k Qb55c, 350nits, 8ms, Bocinas, 3 Hdmi, 2 Usb, Rj45, Rs232c, Wifi, H\/v, 16\/7"}]},{"@type":"WebSite","@id":"https:\/\/compuviper.mx\/tienda\/#website","url":"https:\/\/compuviper.mx\/tienda\/","name":"Compuviper","description":"Proveedor de Computadoras, Laptops, Servidores, Monitores, Puntos de Venta, Teclados,   Impresoras, T\u00f3ner, C\u00e1maras de Seguridad y m\u00e1s en tu tienda en l\u00ednea","publisher":{"@id":"https:\/\/compuviper.mx\/tienda\/#organization"},"potentialAction":[{"@type":"SearchAction","target":{"@type":"EntryPoint","urlTemplate":"https:\/\/compuviper.mx\/tienda\/?s={search_term_string}"},"query-input":"required name=search_term_string"}],"inLanguage":"es-MX"},{"@type":"Organization","@id":"https:\/\/compuviper.mx\/tienda\/#organization","name":"Compuviper","url":"https:\/\/compuviper.mx\/tienda\/","logo":{"@type":"ImageObject","inLanguage":"es-MX","@id":"https:\/\/compuviper.mx\/tienda\/#\/schema\/logo\/image\/","url":"https:\/\/compuviper.mx\/tienda\/wp-content\/uploads\/2021\/08\/Logo-Compuviper-10.png","contentUrl":"https:\/\/compuviper.mx\/tienda\/wp-content\/uploads\/2021\/08\/Logo-Compuviper-10.png","width":1000,"height":500,"caption":"Compuviper"},"image":{"@id":"https:\/\/compuviper.mx\/tienda\/#\/schema\/logo\/image\/"},"sameAs":["https:\/\/www.facebook.com\/compuviper","https:\/\/www.youtube.com\/channel\/UCf73dERp9Y3cfOq7q8BhLjA?view_as=subscriber"]}]},"product_brand":"SAMSUNG","product_price_amount":"11068","product_price_currency":"MXN","og_availability":"out of stock","product_availability":"out of stock","product_retailer_item_id":"LH55QBCEBGCXGO","product_condition":"new"},"_links":{"self":[{"href":"https:\/\/compuviper.mx\/tienda\/wp-json\/wp\/v2\/product\/220154"}],"collection":[{"href":"https:\/\/compuviper.mx\/tienda\/wp-json\/wp\/v2\/product"}],"about":[{"href":"https:\/\/compuviper.mx\/tienda\/wp-json\/wp\/v2\/types\/product"}],"replies":[{"embeddable":true,"href":"https:\/\/compuviper.mx\/tienda\/wp-json\/wp\/v2\/comments?post=220154"}],"wp:featuredmedia":[{"embeddable":true,"href":"https:\/\/compuviper.mx\/tienda\/wp-json\/wp\/v2\/media\/234100"}],"wp:attachment":[{"href":"https:\/\/compuviper.mx\/tienda\/wp-json\/wp\/v2\/media?parent=220154"}],"wp:term":[{"taxonomy":"product_cat","embeddable":true,"href":"https:\/\/compuviper.mx\/tienda\/wp-json\/wp\/v2\/product_cat?post=220154"},{"taxonomy":"product_tag","embeddable":true,"href":"https:\/\/compuviper.mx\/tienda\/wp-json\/wp\/v2\/product_tag?post=220154"}],"curies":[{"name":"wp","href":"https:\/\/api.w.org\/{rel}","templated":true}]}}