{"id":220146,"date":"2026-04-02T00:47:54","date_gmt":"2026-04-02T06:47:54","guid":{"rendered":"https:\/\/compuviper.mx\/tienda\/producto\/dell-210-bkrr-monitor-led-ultrasharp-u2424h-full-hd-1920-x-1080-120-hz-24-pulgadas-dp-hdmi-usb-c-usb-a\/"},"modified":"2026-04-02T00:47:54","modified_gmt":"2026-04-02T06:47:54","slug":"dell-210-bkrrdell-u2424h-monitor-led-ultrasharp-u2424h-full-hd-1920-x-1080-120-hz-24-pulgadas-dp-hdmi-usb-c-usb-a-210-bkrr","status":"publish","type":"product","link":"https:\/\/compuviper.mx\/tienda\/producto\/dell-210-bkrrdell-u2424h-monitor-led-ultrasharp-u2424h-full-hd-1920-x-1080-120-hz-24-pulgadas-dp-hdmi-usb-c-usb-a-210-bkrr\/","title":{"rendered":"Dell 210-bkrr,dell-u2424h Monitor  Led Ultrasharp U2424h Full Hd 1920 X 1080 120 Hz 24 Pulgadas Dp, Hdmi, Usb-c, Usb-a 210-bkrr"},"content":{"rendered":"<table class=\"descripcion\">\n<tr>\n<td>Informaci\u00f3n t\u00e9cnica<\/td>\n<\/tr>\n<tr>\n<td>Tama\u00f1o de visualizaci\u00f3n diagonal<\/td>\n<\/tr>\n<tr>\n<td>23,8<\/td>\n<\/tr>\n<tr>\n<td>\u00e1rea de visualizaci\u00f3n preestablecida (h x v)<\/td>\n<\/tr>\n<tr>\n<td>527,04 mm x 296,46 mm<\/td>\n<\/tr>\n<tr>\n<td>20,75 x 11,67<\/td>\n<\/tr>\n<tr>\n<td>156.246,27 mm 2 (242,15 pulgadas 2 )<\/td>\n<\/tr>\n<tr>\n<td>Tipo de panel<\/td>\n<\/tr>\n<tr>\n<td>Ips<\/td>\n<\/tr>\n<tr>\n<td>Revestimiento de pantalla<\/td>\n<\/tr>\n<tr>\n<td>Antideslumbrante con dureza 3h<\/td>\n<\/tr>\n<tr>\n<td>Tama\u00f1o de p\u00edxel<\/td>\n<\/tr>\n<tr>\n<td>0,2745 mm x 0,2745 mm<\/td>\n<\/tr>\n<tr>\n<td>P\u00edxeles por pulgada (ppi)<\/td>\n<\/tr>\n<tr>\n<td>92,53<\/td>\n<\/tr>\n<tr>\n<td>Relaci\u00f3n de contraste<\/td>\n<\/tr>\n<tr>\n<td>1000 a 1 (t\u00edpico)<\/td>\n<\/tr>\n<tr>\n<td>Relaci\u00f3n de aspecto<\/td>\n<\/tr>\n<tr>\n<td>16:9<\/td>\n<\/tr>\n<tr>\n<td>Tecnolog\u00eda de retroiluminaci\u00f3n<\/td>\n<\/tr>\n<tr>\n<td>Sistema de iluminaci\u00f3n de borde led<\/td>\n<\/tr>\n<tr>\n<td>Brillo<\/td>\n<\/tr>\n<tr>\n<td>250 cd\/m 2 (t\u00edpico)<\/td>\n<\/tr>\n<tr>\n<td>Tiempo de respuesta<\/td>\n<\/tr>\n<tr>\n<td>8 ms (normal)<\/td>\n<\/tr>\n<tr>\n<td>5 ms (r\u00e1pido)<\/td>\n<\/tr>\n<tr>\n<td>Listo para hdr<\/td>\n<\/tr>\n<tr>\n<td>No<\/td>\n<\/tr>\n<tr>\n<td>Sensor de luz ambiental<\/td>\n<\/tr>\n<tr>\n<td>S\u00ed, ajuste autom\u00e1tico de brillo y temperatura de color.<\/td>\n<\/tr>\n<tr>\n<td>Soporte de color<\/td>\n<\/tr>\n<tr>\n<td>16,7 millones de colores<\/td>\n<\/tr>\n<tr>\n<td>Gama de colores<\/td>\n<\/tr>\n<tr>\n<td>100% srgb, 100% bt.709, 85% dci-p3, delta e   2 (promedio) (srgb y bt.709)<\/td>\n<\/tr>\n<tr>\n<td>\u00e1ngulo de visi\u00f3n<\/td>\n<\/tr>\n<tr>\n<td>178 \u00b0 vertical \/ 178 \u00b0\u00b0 horizontal<\/td>\n<\/tr>\n<\/table>\n","protected":false},"excerpt":{"rendered":"<p>Experimente una comodidad visual mejorada, una productividad mejorada y una amplia conectividad con este monitor certificado por t\u00fcv para una comodidad visual de 4 estrellas. 3 a\u00f1oa de garat\u00eda. Upc: 884116452102<\/p>\n","protected":false},"featured_media":242733,"comment_status":"open","ping_status":"open","template":"","meta":[],"product_cat":[1741,1740],"product_tag":[1537],"acf":[],"yoast_head":"<!-- This site is optimized with the Yoast SEO plugin v21.7 - https:\/\/yoast.com\/wordpress\/plugins\/seo\/ -->\n<title>[ Dell ] &#129351; 210-bkrr,dell-u2424h Monitor Led Ultrasharp U2424h Full Hd 1920 X 1080 120 Hz 24 Pulgadas Dp, Hdmi, Usb-c, Usb-a 210-bkrr<\/title>\n<meta name=\"description\" content=\"Compra 210-bkrr,dell-u2424h Monitor Led Ultrasharp U2424h Full Hd 1920 X 1080 120 Hz 24 Pulgadas Dp, Hdmi, Usb-c, Usb-a 210-bkrr + Env\u00edo a domicilio + Pago seguro + Garant\u00eda\" \/>\n<meta name=\"robots\" content=\"index, follow, max-snippet:-1, max-image-preview:large, max-video-preview:-1\" \/>\n<link rel=\"canonical\" href=\"https:\/\/compuviper.mx\/tienda\/producto\/dell-210-bkrrdell-u2424h-monitor-led-ultrasharp-u2424h-full-hd-1920-x-1080-120-hz-24-pulgadas-dp-hdmi-usb-c-usb-a-210-bkrr\/\" \/>\n<meta property=\"og:locale\" content=\"es_MX\" \/>\n<meta property=\"og:type\" content=\"article\" \/>\n<meta property=\"og:title\" content=\"[ Dell ] &#129351; 210-bkrr,dell-u2424h Monitor Led Ultrasharp U2424h Full Hd 1920 X 1080 120 Hz 24 Pulgadas Dp, Hdmi, Usb-c, Usb-a 210-bkrr\" \/>\n<meta property=\"og:description\" content=\"Compra 210-bkrr,dell-u2424h Monitor Led Ultrasharp U2424h Full Hd 1920 X 1080 120 Hz 24 Pulgadas Dp, Hdmi, Usb-c, Usb-a 210-bkrr + Env\u00edo a domicilio + Pago seguro + Garant\u00eda\" \/>\n<meta property=\"og:url\" content=\"https:\/\/compuviper.mx\/tienda\/producto\/dell-210-bkrrdell-u2424h-monitor-led-ultrasharp-u2424h-full-hd-1920-x-1080-120-hz-24-pulgadas-dp-hdmi-usb-c-usb-a-210-bkrr\/\" \/>\n<meta property=\"og:site_name\" content=\"Compuviper\" \/>\n<meta property=\"article:publisher\" content=\"https:\/\/www.facebook.com\/compuviper\" \/>\n<meta property=\"og:image\" content=\"https:\/\/compuviper.mx\/tienda\/wp-content\/uploads\/2024\/09\/Monitor-dell-led-ultrasharp-u2424h-full-hd-1920-x-1080-120-hz-24-pulgadas-dp-hdmi-usb-c-usb-a-210-bkrr.jpg\" \/>\n\t<meta property=\"og:image:width\" content=\"200\" \/>\n\t<meta property=\"og:image:height\" content=\"200\" \/>\n\t<meta property=\"og:image:type\" content=\"image\/jpeg\" \/>\n<meta name=\"twitter:card\" content=\"summary_large_image\" \/>\n<meta name=\"twitter:label1\" content=\"Precio\" \/>\n\t<meta name=\"twitter:data1\" content=\"&#36;5,550 &#36;5,080 con IVA\" \/>\n\t<meta name=\"twitter:label2\" content=\"Availability\" \/>\n\t<meta name=\"twitter:data2\" content=\"Out of stock\" \/>\n<script type=\"application\/ld+json\" class=\"yoast-schema-graph\">{\"@context\":\"https:\/\/schema.org\",\"@graph\":[{\"@type\":\"WebPage\",\"@id\":\"https:\/\/compuviper.mx\/tienda\/producto\/dell-210-bkrrdell-u2424h-monitor-led-ultrasharp-u2424h-full-hd-1920-x-1080-120-hz-24-pulgadas-dp-hdmi-usb-c-usb-a-210-bkrr\/\",\"url\":\"https:\/\/compuviper.mx\/tienda\/producto\/dell-210-bkrrdell-u2424h-monitor-led-ultrasharp-u2424h-full-hd-1920-x-1080-120-hz-24-pulgadas-dp-hdmi-usb-c-usb-a-210-bkrr\/\",\"name\":\"[ Dell ] &#129351; 210-bkrr,dell-u2424h Monitor Led Ultrasharp U2424h Full Hd 1920 X 1080 120 Hz 24 Pulgadas Dp, Hdmi, Usb-c, Usb-a 210-bkrr\",\"isPartOf\":{\"@id\":\"https:\/\/compuviper.mx\/tienda\/#website\"},\"datePublished\":\"2026-04-02T06:47:54+00:00\",\"dateModified\":\"2026-04-02T06:47:54+00:00\",\"description\":\"Compra 210-bkrr,dell-u2424h Monitor Led Ultrasharp U2424h Full Hd 1920 X 1080 120 Hz 24 Pulgadas Dp, Hdmi, Usb-c, Usb-a 210-bkrr + Env\u00edo a domicilio + Pago seguro + Garant\u00eda\",\"breadcrumb\":{\"@id\":\"https:\/\/compuviper.mx\/tienda\/producto\/dell-210-bkrrdell-u2424h-monitor-led-ultrasharp-u2424h-full-hd-1920-x-1080-120-hz-24-pulgadas-dp-hdmi-usb-c-usb-a-210-bkrr\/#breadcrumb\"},\"inLanguage\":\"es-MX\",\"potentialAction\":[{\"@type\":\"ReadAction\",\"target\":[\"https:\/\/compuviper.mx\/tienda\/producto\/dell-210-bkrrdell-u2424h-monitor-led-ultrasharp-u2424h-full-hd-1920-x-1080-120-hz-24-pulgadas-dp-hdmi-usb-c-usb-a-210-bkrr\/\"]}]},{\"@type\":\"BreadcrumbList\",\"@id\":\"https:\/\/compuviper.mx\/tienda\/producto\/dell-210-bkrrdell-u2424h-monitor-led-ultrasharp-u2424h-full-hd-1920-x-1080-120-hz-24-pulgadas-dp-hdmi-usb-c-usb-a-210-bkrr\/#breadcrumb\",\"itemListElement\":[{\"@type\":\"ListItem\",\"position\":1,\"name\":\"Inicio\",\"item\":\"https:\/\/compuviper.mx\/tienda\/\"},{\"@type\":\"ListItem\",\"position\":2,\"name\":\"Productos\",\"item\":\"https:\/\/compuviper.mx\/tienda\/productos\/\"},{\"@type\":\"ListItem\",\"position\":3,\"name\":\"Monitores\",\"item\":\"https:\/\/compuviper.mx\/tienda\/categoria-producto\/monitores\/\"},{\"@type\":\"ListItem\",\"position\":4,\"name\":\"Led\",\"item\":\"https:\/\/compuviper.mx\/tienda\/categoria-producto\/monitores\/led\/\"},{\"@type\":\"ListItem\",\"position\":5,\"name\":\"Dell 210-bkrr,dell-u2424h Monitor Led Ultrasharp U2424h Full Hd 1920 X 1080 120 Hz 24 Pulgadas Dp, Hdmi, Usb-c, Usb-a 210-bkrr\"}]},{\"@type\":\"WebSite\",\"@id\":\"https:\/\/compuviper.mx\/tienda\/#website\",\"url\":\"https:\/\/compuviper.mx\/tienda\/\",\"name\":\"Compuviper\",\"description\":\"Proveedor de Computadoras, Laptops, Servidores, Monitores, Puntos de Venta, Teclados,   Impresoras, T\u00f3ner, C\u00e1maras de Seguridad y m\u00e1s en tu tienda en l\u00ednea\",\"publisher\":{\"@id\":\"https:\/\/compuviper.mx\/tienda\/#organization\"},\"potentialAction\":[{\"@type\":\"SearchAction\",\"target\":{\"@type\":\"EntryPoint\",\"urlTemplate\":\"https:\/\/compuviper.mx\/tienda\/?s={search_term_string}\"},\"query-input\":\"required name=search_term_string\"}],\"inLanguage\":\"es-MX\"},{\"@type\":\"Organization\",\"@id\":\"https:\/\/compuviper.mx\/tienda\/#organization\",\"name\":\"Compuviper\",\"url\":\"https:\/\/compuviper.mx\/tienda\/\",\"logo\":{\"@type\":\"ImageObject\",\"inLanguage\":\"es-MX\",\"@id\":\"https:\/\/compuviper.mx\/tienda\/#\/schema\/logo\/image\/\",\"url\":\"https:\/\/compuviper.mx\/tienda\/wp-content\/uploads\/2021\/08\/Logo-Compuviper-10.png\",\"contentUrl\":\"https:\/\/compuviper.mx\/tienda\/wp-content\/uploads\/2021\/08\/Logo-Compuviper-10.png\",\"width\":1000,\"height\":500,\"caption\":\"Compuviper\"},\"image\":{\"@id\":\"https:\/\/compuviper.mx\/tienda\/#\/schema\/logo\/image\/\"},\"sameAs\":[\"https:\/\/www.facebook.com\/compuviper\",\"https:\/\/www.youtube.com\/channel\/UCf73dERp9Y3cfOq7q8BhLjA?view_as=subscriber\"]}]}<\/script>\n<meta property=\"product:brand\" content=\"DELL\" \/>\n<meta property=\"product:price:amount\" content=\"5080\" \/>\n<meta property=\"product:price:currency\" content=\"MXN\" \/>\n<meta property=\"og:availability\" content=\"out of stock\" \/>\n<meta property=\"product:availability\" content=\"out of stock\" \/>\n<meta property=\"product:retailer_item_id\" content=\"210-BKRR,DELL-U2424H\" \/>\n<meta property=\"product:condition\" content=\"new\" \/>\n<!-- \/ Yoast SEO plugin. -->","yoast_head_json":{"title":"[ Dell ] &#129351; 210-bkrr,dell-u2424h Monitor Led Ultrasharp U2424h Full Hd 1920 X 1080 120 Hz 24 Pulgadas Dp, Hdmi, Usb-c, Usb-a 210-bkrr","description":"Compra 210-bkrr,dell-u2424h Monitor Led Ultrasharp U2424h Full Hd 1920 X 1080 120 Hz 24 Pulgadas Dp, Hdmi, Usb-c, Usb-a 210-bkrr + Env\u00edo a domicilio + Pago seguro + Garant\u00eda","robots":{"index":"index","follow":"follow","max-snippet":"max-snippet:-1","max-image-preview":"max-image-preview:large","max-video-preview":"max-video-preview:-1"},"canonical":"https:\/\/compuviper.mx\/tienda\/producto\/dell-210-bkrrdell-u2424h-monitor-led-ultrasharp-u2424h-full-hd-1920-x-1080-120-hz-24-pulgadas-dp-hdmi-usb-c-usb-a-210-bkrr\/","og_locale":"es_MX","og_type":"article","og_title":"[ Dell ] &#129351; 210-bkrr,dell-u2424h Monitor Led Ultrasharp U2424h Full Hd 1920 X 1080 120 Hz 24 Pulgadas Dp, Hdmi, Usb-c, Usb-a 210-bkrr","og_description":"Compra 210-bkrr,dell-u2424h Monitor Led Ultrasharp U2424h Full Hd 1920 X 1080 120 Hz 24 Pulgadas Dp, Hdmi, Usb-c, Usb-a 210-bkrr + Env\u00edo a domicilio + Pago seguro + Garant\u00eda","og_url":"https:\/\/compuviper.mx\/tienda\/producto\/dell-210-bkrrdell-u2424h-monitor-led-ultrasharp-u2424h-full-hd-1920-x-1080-120-hz-24-pulgadas-dp-hdmi-usb-c-usb-a-210-bkrr\/","og_site_name":"Compuviper","article_publisher":"https:\/\/www.facebook.com\/compuviper","og_image":[{"width":200,"height":200,"url":"https:\/\/compuviper.mx\/tienda\/wp-content\/uploads\/2024\/09\/Monitor-dell-led-ultrasharp-u2424h-full-hd-1920-x-1080-120-hz-24-pulgadas-dp-hdmi-usb-c-usb-a-210-bkrr.jpg","type":"image\/jpeg"}],"twitter_card":"summary_large_image","twitter_misc":{"Precio":"&#36;5,550 &#36;5,080 con IVA","Availability":"Out of stock"},"schema":{"@context":"https:\/\/schema.org","@graph":[{"@type":"WebPage","@id":"https:\/\/compuviper.mx\/tienda\/producto\/dell-210-bkrrdell-u2424h-monitor-led-ultrasharp-u2424h-full-hd-1920-x-1080-120-hz-24-pulgadas-dp-hdmi-usb-c-usb-a-210-bkrr\/","url":"https:\/\/compuviper.mx\/tienda\/producto\/dell-210-bkrrdell-u2424h-monitor-led-ultrasharp-u2424h-full-hd-1920-x-1080-120-hz-24-pulgadas-dp-hdmi-usb-c-usb-a-210-bkrr\/","name":"[ Dell ] &#129351; 210-bkrr,dell-u2424h Monitor Led Ultrasharp U2424h Full Hd 1920 X 1080 120 Hz 24 Pulgadas Dp, Hdmi, Usb-c, Usb-a 210-bkrr","isPartOf":{"@id":"https:\/\/compuviper.mx\/tienda\/#website"},"datePublished":"2026-04-02T06:47:54+00:00","dateModified":"2026-04-02T06:47:54+00:00","description":"Compra 210-bkrr,dell-u2424h Monitor Led Ultrasharp U2424h Full Hd 1920 X 1080 120 Hz 24 Pulgadas Dp, Hdmi, Usb-c, Usb-a 210-bkrr + Env\u00edo a domicilio + Pago seguro + Garant\u00eda","breadcrumb":{"@id":"https:\/\/compuviper.mx\/tienda\/producto\/dell-210-bkrrdell-u2424h-monitor-led-ultrasharp-u2424h-full-hd-1920-x-1080-120-hz-24-pulgadas-dp-hdmi-usb-c-usb-a-210-bkrr\/#breadcrumb"},"inLanguage":"es-MX","potentialAction":[{"@type":"ReadAction","target":["https:\/\/compuviper.mx\/tienda\/producto\/dell-210-bkrrdell-u2424h-monitor-led-ultrasharp-u2424h-full-hd-1920-x-1080-120-hz-24-pulgadas-dp-hdmi-usb-c-usb-a-210-bkrr\/"]}]},{"@type":"BreadcrumbList","@id":"https:\/\/compuviper.mx\/tienda\/producto\/dell-210-bkrrdell-u2424h-monitor-led-ultrasharp-u2424h-full-hd-1920-x-1080-120-hz-24-pulgadas-dp-hdmi-usb-c-usb-a-210-bkrr\/#breadcrumb","itemListElement":[{"@type":"ListItem","position":1,"name":"Inicio","item":"https:\/\/compuviper.mx\/tienda\/"},{"@type":"ListItem","position":2,"name":"Productos","item":"https:\/\/compuviper.mx\/tienda\/productos\/"},{"@type":"ListItem","position":3,"name":"Monitores","item":"https:\/\/compuviper.mx\/tienda\/categoria-producto\/monitores\/"},{"@type":"ListItem","position":4,"name":"Led","item":"https:\/\/compuviper.mx\/tienda\/categoria-producto\/monitores\/led\/"},{"@type":"ListItem","position":5,"name":"Dell 210-bkrr,dell-u2424h Monitor Led Ultrasharp U2424h Full Hd 1920 X 1080 120 Hz 24 Pulgadas Dp, Hdmi, Usb-c, Usb-a 210-bkrr"}]},{"@type":"WebSite","@id":"https:\/\/compuviper.mx\/tienda\/#website","url":"https:\/\/compuviper.mx\/tienda\/","name":"Compuviper","description":"Proveedor de Computadoras, Laptops, Servidores, Monitores, Puntos de Venta, Teclados,   Impresoras, T\u00f3ner, C\u00e1maras de Seguridad y m\u00e1s en tu tienda en l\u00ednea","publisher":{"@id":"https:\/\/compuviper.mx\/tienda\/#organization"},"potentialAction":[{"@type":"SearchAction","target":{"@type":"EntryPoint","urlTemplate":"https:\/\/compuviper.mx\/tienda\/?s={search_term_string}"},"query-input":"required name=search_term_string"}],"inLanguage":"es-MX"},{"@type":"Organization","@id":"https:\/\/compuviper.mx\/tienda\/#organization","name":"Compuviper","url":"https:\/\/compuviper.mx\/tienda\/","logo":{"@type":"ImageObject","inLanguage":"es-MX","@id":"https:\/\/compuviper.mx\/tienda\/#\/schema\/logo\/image\/","url":"https:\/\/compuviper.mx\/tienda\/wp-content\/uploads\/2021\/08\/Logo-Compuviper-10.png","contentUrl":"https:\/\/compuviper.mx\/tienda\/wp-content\/uploads\/2021\/08\/Logo-Compuviper-10.png","width":1000,"height":500,"caption":"Compuviper"},"image":{"@id":"https:\/\/compuviper.mx\/tienda\/#\/schema\/logo\/image\/"},"sameAs":["https:\/\/www.facebook.com\/compuviper","https:\/\/www.youtube.com\/channel\/UCf73dERp9Y3cfOq7q8BhLjA?view_as=subscriber"]}]},"product_brand":"DELL","product_price_amount":"5080","product_price_currency":"MXN","og_availability":"out of stock","product_availability":"out of stock","product_retailer_item_id":"210-BKRR,DELL-U2424H","product_condition":"new"},"_links":{"self":[{"href":"https:\/\/compuviper.mx\/tienda\/wp-json\/wp\/v2\/product\/220146"}],"collection":[{"href":"https:\/\/compuviper.mx\/tienda\/wp-json\/wp\/v2\/product"}],"about":[{"href":"https:\/\/compuviper.mx\/tienda\/wp-json\/wp\/v2\/types\/product"}],"replies":[{"embeddable":true,"href":"https:\/\/compuviper.mx\/tienda\/wp-json\/wp\/v2\/comments?post=220146"}],"wp:featuredmedia":[{"embeddable":true,"href":"https:\/\/compuviper.mx\/tienda\/wp-json\/wp\/v2\/media\/242733"}],"wp:attachment":[{"href":"https:\/\/compuviper.mx\/tienda\/wp-json\/wp\/v2\/media?parent=220146"}],"wp:term":[{"taxonomy":"product_cat","embeddable":true,"href":"https:\/\/compuviper.mx\/tienda\/wp-json\/wp\/v2\/product_cat?post=220146"},{"taxonomy":"product_tag","embeddable":true,"href":"https:\/\/compuviper.mx\/tienda\/wp-json\/wp\/v2\/product_tag?post=220146"}],"curies":[{"name":"wp","href":"https:\/\/api.w.org\/{rel}","templated":true}]}}