{"id":220145,"date":"2026-04-18T00:52:01","date_gmt":"2026-04-18T06:52:01","guid":{"rendered":"https:\/\/compuviper.mx\/tienda\/producto\/dell-210-bksf-monitor-led-ultrasharp-u2724-d-27-pulgadas-qhd-250-x-1440-120-hz-dp-hdmi-usb-a-usb-c\/"},"modified":"2026-04-18T00:52:02","modified_gmt":"2026-04-18T06:52:02","slug":"dell-dell-u2724ddell-u2724d-monitor-led-ultrasharp-u2724d-27-pulgadas-qhd-2560-x-1440-120-hz-dp-hdmi-usb-a-usb-c-210-bksf","status":"publish","type":"product","link":"https:\/\/compuviper.mx\/tienda\/producto\/dell-dell-u2724ddell-u2724d-monitor-led-ultrasharp-u2724d-27-pulgadas-qhd-2560-x-1440-120-hz-dp-hdmi-usb-a-usb-c-210-bksf\/","title":{"rendered":"Dell Dell-u2724d,dell-u2724d Monitor  Led Ultrasharp U2724d 27 Pulgadas Qhd 2560 X 1440 120 Hz Dp, Hdmi, Usb-a, Usb-c 210-bksf"},"content":{"rendered":"<table class=\"descripcion\">\n<tr>\n<td>Tama\u00f1o de imagen visible (diagonal)<\/td>\n<\/tr>\n<tr>\n<td>684,7 mm<\/td>\n<\/tr>\n<tr>\n<td>27 pulgadas<\/td>\n<\/tr>\n<tr>\n<td>Tipo de pantalla<\/td>\n<\/tr>\n<tr>\n<td>Tecnolog\u00eda ips black<\/td>\n<\/tr>\n<tr>\n<td>Revestimiento de la pantalla<\/td>\n<\/tr>\n<tr>\n<td>Antibrillo con revestimiento duro de 3h<\/td>\n<\/tr>\n<tr>\n<td>Resoluci\u00f3n m\u00e1xima predeterminada<\/td>\n<\/tr>\n<tr>\n<td>2560 x 1440 a 120 hz<\/td>\n<\/tr>\n<tr>\n<td>\u00e1ngulo de visi\u00f3n<\/td>\n<\/tr>\n<tr>\n<td>178\u00b0vertical\/178\u00b0\u00b0horizontal<\/td>\n<\/tr>\n<tr>\n<td>Separaci\u00f3n entre p\u00edxeles<\/td>\n<\/tr>\n<tr>\n<td>0,2331 \u00d7 0,2331 mm<\/td>\n<\/tr>\n<tr>\n<td>P\u00edxeles por pulgada (ppp)<\/td>\n<\/tr>\n<tr>\n<td>108,97<\/td>\n<\/tr>\n<tr>\n<td>Relaci\u00f3n de contraste<\/td>\n<\/tr>\n<tr>\n<td>2000 a 1 (t\u00edpica)<\/td>\n<\/tr>\n<tr>\n<td>Relaci\u00f3n de aspecto<\/td>\n<\/tr>\n<tr>\n<td>16:9<\/td>\n<\/tr>\n<tr>\n<td>Tecnolog\u00eda de retroiluminaci\u00f3n<\/td>\n<\/tr>\n<tr>\n<td>Sistema de luz led en el borde<\/td>\n<\/tr>\n<tr>\n<td>Brillo<\/td>\n<\/tr>\n<tr>\n<td>350 cd\/m2 (t\u00edpico)<\/td>\n<\/tr>\n<tr>\n<td>Tiempo de respuesta<\/td>\n<\/tr>\n<tr>\n<td>8 ms (normal)<\/td>\n<\/tr>\n<tr>\n<td>5 ms (r\u00e1pido)<\/td>\n<\/tr>\n<tr>\n<td>Compatibilidad crom\u00e1tica<\/td>\n<\/tr>\n<tr>\n<td>1070 millones de colores<\/td>\n<\/tr>\n<tr>\n<td>Gama de colores<\/td>\n<\/tr>\n<tr>\n<td>100 % de srgb, 100 % bt.709, 98 % de display p3, 98 % de dci-p3, delta e  2 (average) (srgb, bt.709, display p3, dci-p3)<\/td>\n<\/tr>\n<\/table>\n","protected":false},"excerpt":{"rendered":"<p>Disfruta de un nuevo nivel de comodidad visual, productividad mejorada y amplias opciones de conectividad gracias a este monitor que ofrece una comodidad visual de 5 estrellas seg\u00fan la certificaci\u00f3n de t\u00fcv. 3 a\u00f1oa de garant\u00eda. Upc:884116452140<\/p>\n","protected":false},"featured_media":242732,"comment_status":"open","ping_status":"open","template":"","meta":[],"product_cat":[1740,1741],"product_tag":[1537],"acf":[],"yoast_head":"<!-- This site is optimized with the Yoast SEO plugin v21.7 - https:\/\/yoast.com\/wordpress\/plugins\/seo\/ -->\n<title>[ Dell ] &#129351; Dell-u2724d,dell-u2724d Monitor Led Ultrasharp U2724d 27 Pulgadas Qhd 2560 X 1440 120 Hz Dp, Hdmi, Usb-a, Usb-c 210-bksf<\/title>\n<meta name=\"description\" content=\"Compra Dell-u2724d,dell-u2724d Monitor Led Ultrasharp U2724d 27 Pulgadas Qhd 2560 X 1440 120 Hz Dp, Hdmi, Usb-a, Usb-c 210-bksf + Env\u00edo a domicilio + Pago seguro + Garant\u00eda\" \/>\n<meta name=\"robots\" content=\"index, follow, max-snippet:-1, max-image-preview:large, max-video-preview:-1\" \/>\n<link rel=\"canonical\" href=\"https:\/\/compuviper.mx\/tienda\/producto\/dell-dell-u2724ddell-u2724d-monitor-led-ultrasharp-u2724d-27-pulgadas-qhd-2560-x-1440-120-hz-dp-hdmi-usb-a-usb-c-210-bksf\/\" \/>\n<meta property=\"og:locale\" content=\"es_MX\" \/>\n<meta property=\"og:type\" content=\"article\" \/>\n<meta property=\"og:title\" content=\"[ Dell ] &#129351; Dell-u2724d,dell-u2724d Monitor Led Ultrasharp U2724d 27 Pulgadas Qhd 2560 X 1440 120 Hz Dp, Hdmi, Usb-a, Usb-c 210-bksf\" \/>\n<meta property=\"og:description\" content=\"Compra Dell-u2724d,dell-u2724d Monitor Led Ultrasharp U2724d 27 Pulgadas Qhd 2560 X 1440 120 Hz Dp, Hdmi, Usb-a, Usb-c 210-bksf + Env\u00edo a domicilio + Pago seguro + Garant\u00eda\" \/>\n<meta property=\"og:url\" content=\"https:\/\/compuviper.mx\/tienda\/producto\/dell-dell-u2724ddell-u2724d-monitor-led-ultrasharp-u2724d-27-pulgadas-qhd-2560-x-1440-120-hz-dp-hdmi-usb-a-usb-c-210-bksf\/\" \/>\n<meta property=\"og:site_name\" content=\"Compuviper\" \/>\n<meta property=\"article:publisher\" content=\"https:\/\/www.facebook.com\/compuviper\" \/>\n<meta property=\"article:modified_time\" content=\"2026-04-18T06:52:02+00:00\" \/>\n<meta property=\"og:image\" content=\"https:\/\/compuviper.mx\/tienda\/wp-content\/uploads\/2024\/09\/Monitor-dell-led-ultrasharp-u2724d-27-pulgadas-qhd-2560-x-1440-120-hz-dp-hdmi-usb-a-usb-c-210-bksf.jpg\" \/>\n\t<meta property=\"og:image:width\" content=\"200\" \/>\n\t<meta property=\"og:image:height\" content=\"200\" \/>\n\t<meta property=\"og:image:type\" content=\"image\/jpeg\" \/>\n<meta name=\"twitter:card\" content=\"summary_large_image\" \/>\n<meta name=\"twitter:label1\" content=\"Precio\" \/>\n\t<meta name=\"twitter:data1\" content=\"&#36;7,940 &#36;5,366 con IVA\" \/>\n\t<meta name=\"twitter:label2\" content=\"Availability\" \/>\n\t<meta name=\"twitter:data2\" content=\"In stock\" \/>\n<script type=\"application\/ld+json\" class=\"yoast-schema-graph\">{\"@context\":\"https:\/\/schema.org\",\"@graph\":[{\"@type\":\"WebPage\",\"@id\":\"https:\/\/compuviper.mx\/tienda\/producto\/dell-dell-u2724ddell-u2724d-monitor-led-ultrasharp-u2724d-27-pulgadas-qhd-2560-x-1440-120-hz-dp-hdmi-usb-a-usb-c-210-bksf\/\",\"url\":\"https:\/\/compuviper.mx\/tienda\/producto\/dell-dell-u2724ddell-u2724d-monitor-led-ultrasharp-u2724d-27-pulgadas-qhd-2560-x-1440-120-hz-dp-hdmi-usb-a-usb-c-210-bksf\/\",\"name\":\"[ Dell ] &#129351; Dell-u2724d,dell-u2724d Monitor Led Ultrasharp U2724d 27 Pulgadas Qhd 2560 X 1440 120 Hz Dp, Hdmi, Usb-a, Usb-c 210-bksf\",\"isPartOf\":{\"@id\":\"https:\/\/compuviper.mx\/tienda\/#website\"},\"datePublished\":\"2026-04-18T06:52:01+00:00\",\"dateModified\":\"2026-04-18T06:52:02+00:00\",\"description\":\"Compra Dell-u2724d,dell-u2724d Monitor Led Ultrasharp U2724d 27 Pulgadas Qhd 2560 X 1440 120 Hz Dp, Hdmi, Usb-a, Usb-c 210-bksf + Env\u00edo a domicilio + Pago seguro + Garant\u00eda\",\"breadcrumb\":{\"@id\":\"https:\/\/compuviper.mx\/tienda\/producto\/dell-dell-u2724ddell-u2724d-monitor-led-ultrasharp-u2724d-27-pulgadas-qhd-2560-x-1440-120-hz-dp-hdmi-usb-a-usb-c-210-bksf\/#breadcrumb\"},\"inLanguage\":\"es-MX\",\"potentialAction\":[{\"@type\":\"ReadAction\",\"target\":[\"https:\/\/compuviper.mx\/tienda\/producto\/dell-dell-u2724ddell-u2724d-monitor-led-ultrasharp-u2724d-27-pulgadas-qhd-2560-x-1440-120-hz-dp-hdmi-usb-a-usb-c-210-bksf\/\"]}]},{\"@type\":\"BreadcrumbList\",\"@id\":\"https:\/\/compuviper.mx\/tienda\/producto\/dell-dell-u2724ddell-u2724d-monitor-led-ultrasharp-u2724d-27-pulgadas-qhd-2560-x-1440-120-hz-dp-hdmi-usb-a-usb-c-210-bksf\/#breadcrumb\",\"itemListElement\":[{\"@type\":\"ListItem\",\"position\":1,\"name\":\"Inicio\",\"item\":\"https:\/\/compuviper.mx\/tienda\/\"},{\"@type\":\"ListItem\",\"position\":2,\"name\":\"Productos\",\"item\":\"https:\/\/compuviper.mx\/tienda\/productos\/\"},{\"@type\":\"ListItem\",\"position\":3,\"name\":\"Monitores\",\"item\":\"https:\/\/compuviper.mx\/tienda\/categoria-producto\/monitores\/\"},{\"@type\":\"ListItem\",\"position\":4,\"name\":\"Led\",\"item\":\"https:\/\/compuviper.mx\/tienda\/categoria-producto\/monitores\/led\/\"},{\"@type\":\"ListItem\",\"position\":5,\"name\":\"Dell Dell-u2724d,dell-u2724d Monitor Led Ultrasharp U2724d 27 Pulgadas Qhd 2560 X 1440 120 Hz Dp, Hdmi, Usb-a, Usb-c 210-bksf\"}]},{\"@type\":\"WebSite\",\"@id\":\"https:\/\/compuviper.mx\/tienda\/#website\",\"url\":\"https:\/\/compuviper.mx\/tienda\/\",\"name\":\"Compuviper\",\"description\":\"Proveedor de Computadoras, Laptops, Servidores, Monitores, Puntos de Venta, Teclados,   Impresoras, T\u00f3ner, C\u00e1maras de Seguridad y m\u00e1s en tu tienda en l\u00ednea\",\"publisher\":{\"@id\":\"https:\/\/compuviper.mx\/tienda\/#organization\"},\"potentialAction\":[{\"@type\":\"SearchAction\",\"target\":{\"@type\":\"EntryPoint\",\"urlTemplate\":\"https:\/\/compuviper.mx\/tienda\/?s={search_term_string}\"},\"query-input\":\"required name=search_term_string\"}],\"inLanguage\":\"es-MX\"},{\"@type\":\"Organization\",\"@id\":\"https:\/\/compuviper.mx\/tienda\/#organization\",\"name\":\"Compuviper\",\"url\":\"https:\/\/compuviper.mx\/tienda\/\",\"logo\":{\"@type\":\"ImageObject\",\"inLanguage\":\"es-MX\",\"@id\":\"https:\/\/compuviper.mx\/tienda\/#\/schema\/logo\/image\/\",\"url\":\"https:\/\/compuviper.mx\/tienda\/wp-content\/uploads\/2021\/08\/Logo-Compuviper-10.png\",\"contentUrl\":\"https:\/\/compuviper.mx\/tienda\/wp-content\/uploads\/2021\/08\/Logo-Compuviper-10.png\",\"width\":1000,\"height\":500,\"caption\":\"Compuviper\"},\"image\":{\"@id\":\"https:\/\/compuviper.mx\/tienda\/#\/schema\/logo\/image\/\"},\"sameAs\":[\"https:\/\/www.facebook.com\/compuviper\",\"https:\/\/www.youtube.com\/channel\/UCf73dERp9Y3cfOq7q8BhLjA?view_as=subscriber\"]}]}<\/script>\n<meta property=\"product:brand\" content=\"DELL\" \/>\n<meta property=\"product:price:amount\" content=\"5366\" \/>\n<meta property=\"product:price:currency\" content=\"MXN\" \/>\n<meta property=\"og:availability\" content=\"instock\" \/>\n<meta property=\"product:availability\" content=\"instock\" \/>\n<meta property=\"product:retailer_item_id\" content=\"DELL-U2724D,DELL-U2724D\" \/>\n<meta property=\"product:condition\" content=\"new\" \/>\n<!-- \/ Yoast SEO plugin. -->","yoast_head_json":{"title":"[ Dell ] &#129351; Dell-u2724d,dell-u2724d Monitor Led Ultrasharp U2724d 27 Pulgadas Qhd 2560 X 1440 120 Hz Dp, Hdmi, Usb-a, Usb-c 210-bksf","description":"Compra Dell-u2724d,dell-u2724d Monitor Led Ultrasharp U2724d 27 Pulgadas Qhd 2560 X 1440 120 Hz Dp, Hdmi, Usb-a, Usb-c 210-bksf + Env\u00edo a domicilio + Pago seguro + Garant\u00eda","robots":{"index":"index","follow":"follow","max-snippet":"max-snippet:-1","max-image-preview":"max-image-preview:large","max-video-preview":"max-video-preview:-1"},"canonical":"https:\/\/compuviper.mx\/tienda\/producto\/dell-dell-u2724ddell-u2724d-monitor-led-ultrasharp-u2724d-27-pulgadas-qhd-2560-x-1440-120-hz-dp-hdmi-usb-a-usb-c-210-bksf\/","og_locale":"es_MX","og_type":"article","og_title":"[ Dell ] &#129351; Dell-u2724d,dell-u2724d Monitor Led Ultrasharp U2724d 27 Pulgadas Qhd 2560 X 1440 120 Hz Dp, Hdmi, Usb-a, Usb-c 210-bksf","og_description":"Compra Dell-u2724d,dell-u2724d Monitor Led Ultrasharp U2724d 27 Pulgadas Qhd 2560 X 1440 120 Hz Dp, Hdmi, Usb-a, Usb-c 210-bksf + Env\u00edo a domicilio + Pago seguro + Garant\u00eda","og_url":"https:\/\/compuviper.mx\/tienda\/producto\/dell-dell-u2724ddell-u2724d-monitor-led-ultrasharp-u2724d-27-pulgadas-qhd-2560-x-1440-120-hz-dp-hdmi-usb-a-usb-c-210-bksf\/","og_site_name":"Compuviper","article_publisher":"https:\/\/www.facebook.com\/compuviper","article_modified_time":"2026-04-18T06:52:02+00:00","og_image":[{"width":200,"height":200,"url":"https:\/\/compuviper.mx\/tienda\/wp-content\/uploads\/2024\/09\/Monitor-dell-led-ultrasharp-u2724d-27-pulgadas-qhd-2560-x-1440-120-hz-dp-hdmi-usb-a-usb-c-210-bksf.jpg","type":"image\/jpeg"}],"twitter_card":"summary_large_image","twitter_misc":{"Precio":"&#36;7,940 &#36;5,366 con IVA","Availability":"In stock"},"schema":{"@context":"https:\/\/schema.org","@graph":[{"@type":"WebPage","@id":"https:\/\/compuviper.mx\/tienda\/producto\/dell-dell-u2724ddell-u2724d-monitor-led-ultrasharp-u2724d-27-pulgadas-qhd-2560-x-1440-120-hz-dp-hdmi-usb-a-usb-c-210-bksf\/","url":"https:\/\/compuviper.mx\/tienda\/producto\/dell-dell-u2724ddell-u2724d-monitor-led-ultrasharp-u2724d-27-pulgadas-qhd-2560-x-1440-120-hz-dp-hdmi-usb-a-usb-c-210-bksf\/","name":"[ Dell ] &#129351; Dell-u2724d,dell-u2724d Monitor Led Ultrasharp U2724d 27 Pulgadas Qhd 2560 X 1440 120 Hz Dp, Hdmi, Usb-a, Usb-c 210-bksf","isPartOf":{"@id":"https:\/\/compuviper.mx\/tienda\/#website"},"datePublished":"2026-04-18T06:52:01+00:00","dateModified":"2026-04-18T06:52:02+00:00","description":"Compra Dell-u2724d,dell-u2724d Monitor Led Ultrasharp U2724d 27 Pulgadas Qhd 2560 X 1440 120 Hz Dp, Hdmi, Usb-a, Usb-c 210-bksf + Env\u00edo a domicilio + Pago seguro + Garant\u00eda","breadcrumb":{"@id":"https:\/\/compuviper.mx\/tienda\/producto\/dell-dell-u2724ddell-u2724d-monitor-led-ultrasharp-u2724d-27-pulgadas-qhd-2560-x-1440-120-hz-dp-hdmi-usb-a-usb-c-210-bksf\/#breadcrumb"},"inLanguage":"es-MX","potentialAction":[{"@type":"ReadAction","target":["https:\/\/compuviper.mx\/tienda\/producto\/dell-dell-u2724ddell-u2724d-monitor-led-ultrasharp-u2724d-27-pulgadas-qhd-2560-x-1440-120-hz-dp-hdmi-usb-a-usb-c-210-bksf\/"]}]},{"@type":"BreadcrumbList","@id":"https:\/\/compuviper.mx\/tienda\/producto\/dell-dell-u2724ddell-u2724d-monitor-led-ultrasharp-u2724d-27-pulgadas-qhd-2560-x-1440-120-hz-dp-hdmi-usb-a-usb-c-210-bksf\/#breadcrumb","itemListElement":[{"@type":"ListItem","position":1,"name":"Inicio","item":"https:\/\/compuviper.mx\/tienda\/"},{"@type":"ListItem","position":2,"name":"Productos","item":"https:\/\/compuviper.mx\/tienda\/productos\/"},{"@type":"ListItem","position":3,"name":"Monitores","item":"https:\/\/compuviper.mx\/tienda\/categoria-producto\/monitores\/"},{"@type":"ListItem","position":4,"name":"Led","item":"https:\/\/compuviper.mx\/tienda\/categoria-producto\/monitores\/led\/"},{"@type":"ListItem","position":5,"name":"Dell Dell-u2724d,dell-u2724d Monitor Led Ultrasharp U2724d 27 Pulgadas Qhd 2560 X 1440 120 Hz Dp, Hdmi, Usb-a, Usb-c 210-bksf"}]},{"@type":"WebSite","@id":"https:\/\/compuviper.mx\/tienda\/#website","url":"https:\/\/compuviper.mx\/tienda\/","name":"Compuviper","description":"Proveedor de Computadoras, Laptops, Servidores, Monitores, Puntos de Venta, Teclados,   Impresoras, T\u00f3ner, C\u00e1maras de Seguridad y m\u00e1s en tu tienda en l\u00ednea","publisher":{"@id":"https:\/\/compuviper.mx\/tienda\/#organization"},"potentialAction":[{"@type":"SearchAction","target":{"@type":"EntryPoint","urlTemplate":"https:\/\/compuviper.mx\/tienda\/?s={search_term_string}"},"query-input":"required name=search_term_string"}],"inLanguage":"es-MX"},{"@type":"Organization","@id":"https:\/\/compuviper.mx\/tienda\/#organization","name":"Compuviper","url":"https:\/\/compuviper.mx\/tienda\/","logo":{"@type":"ImageObject","inLanguage":"es-MX","@id":"https:\/\/compuviper.mx\/tienda\/#\/schema\/logo\/image\/","url":"https:\/\/compuviper.mx\/tienda\/wp-content\/uploads\/2021\/08\/Logo-Compuviper-10.png","contentUrl":"https:\/\/compuviper.mx\/tienda\/wp-content\/uploads\/2021\/08\/Logo-Compuviper-10.png","width":1000,"height":500,"caption":"Compuviper"},"image":{"@id":"https:\/\/compuviper.mx\/tienda\/#\/schema\/logo\/image\/"},"sameAs":["https:\/\/www.facebook.com\/compuviper","https:\/\/www.youtube.com\/channel\/UCf73dERp9Y3cfOq7q8BhLjA?view_as=subscriber"]}]},"product_brand":"DELL","product_price_amount":"5366","product_price_currency":"MXN","og_availability":"instock","product_availability":"instock","product_retailer_item_id":"DELL-U2724D,DELL-U2724D","product_condition":"new"},"_links":{"self":[{"href":"https:\/\/compuviper.mx\/tienda\/wp-json\/wp\/v2\/product\/220145"}],"collection":[{"href":"https:\/\/compuviper.mx\/tienda\/wp-json\/wp\/v2\/product"}],"about":[{"href":"https:\/\/compuviper.mx\/tienda\/wp-json\/wp\/v2\/types\/product"}],"replies":[{"embeddable":true,"href":"https:\/\/compuviper.mx\/tienda\/wp-json\/wp\/v2\/comments?post=220145"}],"wp:featuredmedia":[{"embeddable":true,"href":"https:\/\/compuviper.mx\/tienda\/wp-json\/wp\/v2\/media\/242732"}],"wp:attachment":[{"href":"https:\/\/compuviper.mx\/tienda\/wp-json\/wp\/v2\/media?parent=220145"}],"wp:term":[{"taxonomy":"product_cat","embeddable":true,"href":"https:\/\/compuviper.mx\/tienda\/wp-json\/wp\/v2\/product_cat?post=220145"},{"taxonomy":"product_tag","embeddable":true,"href":"https:\/\/compuviper.mx\/tienda\/wp-json\/wp\/v2\/product_tag?post=220145"}],"curies":[{"name":"wp","href":"https:\/\/api.w.org\/{rel}","templated":true}]}}