{"id":220121,"date":"2026-04-02T00:47:49","date_gmt":"2026-04-02T06:47:49","guid":{"rendered":"https:\/\/compuviper.mx\/tienda\/producto\/lenovo-62a2gar2la-monitor-p32p-20-31-5-wled-tilt-swivel-pivot-height-adjust-stand-raven-black-3y\/"},"modified":"2026-04-02T00:47:49","modified_gmt":"2026-04-02T06:47:49","slug":"lenovo-62a2gar2la-monitor-p32p-20-31-5-wled-tilt-swivel-pivot-height-adjust-stand-raven-black-3y","status":"publish","type":"product","link":"https:\/\/compuviper.mx\/tienda\/producto\/lenovo-62a2gar2la-monitor-p32p-20-31-5-wled-tilt-swivel-pivot-height-adjust-stand-raven-black-3y\/","title":{"rendered":"Lenovo 62a2gar2la Monitor  P32p-20 || 31.5 || Wled || Tilt, Swivel, Pivot, Height Adjust Stand || Raven Black || 3y"},"content":{"rendered":"<table class=\"descripcion\">\n<tr>\n<td>Display size: 31.5<\/td>\n<\/tr>\n<tr>\n<td>View area: 697.31&#215;392.23 mm<\/td>\n<\/tr>\n<tr>\n<td>Panel: in-plane switching<\/td>\n<\/tr>\n<tr>\n<td>Backlight: wled<\/td>\n<\/tr>\n<tr>\n<td>Aspect ratio: 16:9<\/td>\n<\/tr>\n<tr>\n<td>Resolution: 3840&#215;2160<\/td>\n<\/tr>\n<tr>\n<td>Pixel pitch: 0.1816&#215;0.1816 mm<\/td>\n<\/tr>\n<tr>\n<td>Dot \/ pixel per inch: 140 dpi<\/td>\n<\/tr>\n<tr>\n<td>View angle (h \/ v): 178\u00b0 \/ 178\u00b0<\/td>\n<\/tr>\n<tr>\n<td>Color support: 1.07 billion<\/td>\n<\/tr>\n<tr>\n<td>Screen surface treatment: anti-glare<\/td>\n<\/tr>\n<tr>\n<td>Stand: tilt, swivel, pivot, height adjust stand<\/td>\n<\/tr>\n<tr>\n<td>Case color: raven black<\/td>\n<\/tr>\n<tr>\n<td>Side bezel width: 2 mm<\/td>\n<\/tr>\n<tr>\n<td>Mounting: supports vesa mount 100mm<\/td>\n<\/tr>\n<tr>\n<td>Thinkcentre m series support: tiny, nano support<\/td>\n<\/tr>\n<tr>\n<td>Usb port: 3x usb 3.2 gen 1 (1x bc 1.2), 1x usb-b 3.2 gen 1, 1x usb-c\u00ae 3.2 gen 1 (dp 1.2 alt mode, usb upstream)<\/td>\n<\/tr>\n<tr>\n<td>Video connector: 1x hdmi\u00ae 2.0, 1x dp 1.2, 1x usb-c\u00ae 3.2 gen 1 (dp 1.2 alt mode)<\/td>\n<\/tr>\n<tr>\n<td>Network connectivity: 1x rj45, ethernet (10m\/100m\/1000m)<\/td>\n<\/tr>\n<tr>\n<td>Base warranty: 3-year<\/td>\n<\/tr>\n<\/table>\n","protected":false},"excerpt":{"rendered":"<p>Display size: 31.5 View area: 697.31&#215;392.23 mm Panel: in-plane switching Backlight: wled Aspect ratio: 16:9 Resolution: 3840&#215;2160 Pixel pitch: 0.1816&#215;0.1816 mm Dot \/ pixel per inch: 140 dpi View angle (h \/ v): 178\u00b0 \/ 178\u00b0 Color support: 1.07 billion Screen surface treatment: anti-glare Stand: tilt, swivel, pivot, height adjust stand Case color: raven black [&hellip;]<\/p>\n","protected":false},"featured_media":242712,"comment_status":"open","ping_status":"open","template":"","meta":[],"product_cat":[1740,1741],"product_tag":[1578],"acf":[],"yoast_head":"<!-- This site is optimized with the Yoast SEO plugin v21.7 - https:\/\/yoast.com\/wordpress\/plugins\/seo\/ -->\n<title>[ Lenovo ] &#129351; 62a2gar2la Monitor P32p-20 || 31.5 || Wled || Tilt, Swivel, Pivot, Height Adjust Stand || Raven Black || 3y<\/title>\n<meta name=\"description\" content=\"Compra 62a2gar2la Monitor P32p-20 || 31.5 || Wled || Tilt, Swivel, Pivot, Height Adjust Stand || Raven Black || 3y + Env\u00edo a domicilio + Pago seguro + Garant\u00eda\" \/>\n<meta name=\"robots\" content=\"index, follow, max-snippet:-1, max-image-preview:large, max-video-preview:-1\" \/>\n<link rel=\"canonical\" href=\"https:\/\/compuviper.mx\/tienda\/producto\/lenovo-62a2gar2la-monitor-p32p-20-31-5-wled-tilt-swivel-pivot-height-adjust-stand-raven-black-3y\/\" \/>\n<meta property=\"og:locale\" content=\"es_MX\" \/>\n<meta property=\"og:type\" content=\"article\" \/>\n<meta property=\"og:title\" content=\"[ Lenovo ] &#129351; 62a2gar2la Monitor P32p-20 || 31.5 || Wled || Tilt, Swivel, Pivot, Height Adjust Stand || Raven Black || 3y\" \/>\n<meta property=\"og:description\" content=\"Compra 62a2gar2la Monitor P32p-20 || 31.5 || Wled || Tilt, Swivel, Pivot, Height Adjust Stand || Raven Black || 3y + Env\u00edo a domicilio + Pago seguro + Garant\u00eda\" \/>\n<meta property=\"og:url\" content=\"https:\/\/compuviper.mx\/tienda\/producto\/lenovo-62a2gar2la-monitor-p32p-20-31-5-wled-tilt-swivel-pivot-height-adjust-stand-raven-black-3y\/\" \/>\n<meta property=\"og:site_name\" content=\"Compuviper\" \/>\n<meta property=\"article:publisher\" content=\"https:\/\/www.facebook.com\/compuviper\" \/>\n<meta property=\"og:image\" content=\"https:\/\/compuviper.mx\/tienda\/wp-content\/uploads\/2024\/09\/Monitor-lenovo-p32p-20-31.5-wled-tilt-swivel-pivot-height-adjust-stand-raven-black-3y.jpg\" \/>\n\t<meta property=\"og:image:width\" content=\"200\" \/>\n\t<meta property=\"og:image:height\" content=\"200\" \/>\n\t<meta property=\"og:image:type\" content=\"image\/jpeg\" \/>\n<meta name=\"twitter:card\" content=\"summary_large_image\" \/>\n<meta name=\"twitter:label1\" content=\"Precio\" \/>\n\t<meta name=\"twitter:data1\" content=\"&#36;9,242 con IVA\" \/>\n\t<meta name=\"twitter:label2\" content=\"Availability\" \/>\n\t<meta name=\"twitter:data2\" content=\"Out of stock\" \/>\n<script type=\"application\/ld+json\" class=\"yoast-schema-graph\">{\"@context\":\"https:\/\/schema.org\",\"@graph\":[{\"@type\":\"WebPage\",\"@id\":\"https:\/\/compuviper.mx\/tienda\/producto\/lenovo-62a2gar2la-monitor-p32p-20-31-5-wled-tilt-swivel-pivot-height-adjust-stand-raven-black-3y\/\",\"url\":\"https:\/\/compuviper.mx\/tienda\/producto\/lenovo-62a2gar2la-monitor-p32p-20-31-5-wled-tilt-swivel-pivot-height-adjust-stand-raven-black-3y\/\",\"name\":\"[ Lenovo ] &#129351; 62a2gar2la Monitor P32p-20 || 31.5 || Wled || Tilt, Swivel, Pivot, Height Adjust Stand || Raven Black || 3y\",\"isPartOf\":{\"@id\":\"https:\/\/compuviper.mx\/tienda\/#website\"},\"datePublished\":\"2026-04-02T06:47:49+00:00\",\"dateModified\":\"2026-04-02T06:47:49+00:00\",\"description\":\"Compra 62a2gar2la Monitor P32p-20 || 31.5 || Wled || Tilt, Swivel, Pivot, Height Adjust Stand || Raven Black || 3y + Env\u00edo a domicilio + Pago seguro + Garant\u00eda\",\"breadcrumb\":{\"@id\":\"https:\/\/compuviper.mx\/tienda\/producto\/lenovo-62a2gar2la-monitor-p32p-20-31-5-wled-tilt-swivel-pivot-height-adjust-stand-raven-black-3y\/#breadcrumb\"},\"inLanguage\":\"es-MX\",\"potentialAction\":[{\"@type\":\"ReadAction\",\"target\":[\"https:\/\/compuviper.mx\/tienda\/producto\/lenovo-62a2gar2la-monitor-p32p-20-31-5-wled-tilt-swivel-pivot-height-adjust-stand-raven-black-3y\/\"]}]},{\"@type\":\"BreadcrumbList\",\"@id\":\"https:\/\/compuviper.mx\/tienda\/producto\/lenovo-62a2gar2la-monitor-p32p-20-31-5-wled-tilt-swivel-pivot-height-adjust-stand-raven-black-3y\/#breadcrumb\",\"itemListElement\":[{\"@type\":\"ListItem\",\"position\":1,\"name\":\"Inicio\",\"item\":\"https:\/\/compuviper.mx\/tienda\/\"},{\"@type\":\"ListItem\",\"position\":2,\"name\":\"Productos\",\"item\":\"https:\/\/compuviper.mx\/tienda\/productos\/\"},{\"@type\":\"ListItem\",\"position\":3,\"name\":\"Monitores\",\"item\":\"https:\/\/compuviper.mx\/tienda\/categoria-producto\/monitores\/\"},{\"@type\":\"ListItem\",\"position\":4,\"name\":\"Led\",\"item\":\"https:\/\/compuviper.mx\/tienda\/categoria-producto\/monitores\/led\/\"},{\"@type\":\"ListItem\",\"position\":5,\"name\":\"Lenovo 62a2gar2la Monitor P32p-20 || 31.5 || Wled || Tilt, Swivel, Pivot, Height Adjust Stand || Raven Black || 3y\"}]},{\"@type\":\"WebSite\",\"@id\":\"https:\/\/compuviper.mx\/tienda\/#website\",\"url\":\"https:\/\/compuviper.mx\/tienda\/\",\"name\":\"Compuviper\",\"description\":\"Proveedor de Computadoras, Laptops, Servidores, Monitores, Puntos de Venta, Teclados,   Impresoras, T\u00f3ner, C\u00e1maras de Seguridad y m\u00e1s en tu tienda en l\u00ednea\",\"publisher\":{\"@id\":\"https:\/\/compuviper.mx\/tienda\/#organization\"},\"potentialAction\":[{\"@type\":\"SearchAction\",\"target\":{\"@type\":\"EntryPoint\",\"urlTemplate\":\"https:\/\/compuviper.mx\/tienda\/?s={search_term_string}\"},\"query-input\":\"required name=search_term_string\"}],\"inLanguage\":\"es-MX\"},{\"@type\":\"Organization\",\"@id\":\"https:\/\/compuviper.mx\/tienda\/#organization\",\"name\":\"Compuviper\",\"url\":\"https:\/\/compuviper.mx\/tienda\/\",\"logo\":{\"@type\":\"ImageObject\",\"inLanguage\":\"es-MX\",\"@id\":\"https:\/\/compuviper.mx\/tienda\/#\/schema\/logo\/image\/\",\"url\":\"https:\/\/compuviper.mx\/tienda\/wp-content\/uploads\/2021\/08\/Logo-Compuviper-10.png\",\"contentUrl\":\"https:\/\/compuviper.mx\/tienda\/wp-content\/uploads\/2021\/08\/Logo-Compuviper-10.png\",\"width\":1000,\"height\":500,\"caption\":\"Compuviper\"},\"image\":{\"@id\":\"https:\/\/compuviper.mx\/tienda\/#\/schema\/logo\/image\/\"},\"sameAs\":[\"https:\/\/www.facebook.com\/compuviper\",\"https:\/\/www.youtube.com\/channel\/UCf73dERp9Y3cfOq7q8BhLjA?view_as=subscriber\"]}]}<\/script>\n<meta property=\"product:brand\" content=\"LENOVO\" \/>\n<meta property=\"product:price:amount\" content=\"9242\" \/>\n<meta property=\"product:price:currency\" content=\"MXN\" \/>\n<meta property=\"og:availability\" content=\"out of stock\" \/>\n<meta property=\"product:availability\" content=\"out of stock\" \/>\n<meta property=\"product:retailer_item_id\" content=\"62A2GAR2LA\" \/>\n<meta property=\"product:condition\" content=\"new\" \/>\n<!-- \/ Yoast SEO plugin. -->","yoast_head_json":{"title":"[ Lenovo ] &#129351; 62a2gar2la Monitor P32p-20 || 31.5 || Wled || Tilt, Swivel, Pivot, Height Adjust Stand || Raven Black || 3y","description":"Compra 62a2gar2la Monitor P32p-20 || 31.5 || Wled || Tilt, Swivel, Pivot, Height Adjust Stand || Raven Black || 3y + Env\u00edo a domicilio + Pago seguro + Garant\u00eda","robots":{"index":"index","follow":"follow","max-snippet":"max-snippet:-1","max-image-preview":"max-image-preview:large","max-video-preview":"max-video-preview:-1"},"canonical":"https:\/\/compuviper.mx\/tienda\/producto\/lenovo-62a2gar2la-monitor-p32p-20-31-5-wled-tilt-swivel-pivot-height-adjust-stand-raven-black-3y\/","og_locale":"es_MX","og_type":"article","og_title":"[ Lenovo ] &#129351; 62a2gar2la Monitor P32p-20 || 31.5 || Wled || Tilt, Swivel, Pivot, Height Adjust Stand || Raven Black || 3y","og_description":"Compra 62a2gar2la Monitor P32p-20 || 31.5 || Wled || Tilt, Swivel, Pivot, Height Adjust Stand || Raven Black || 3y + Env\u00edo a domicilio + Pago seguro + Garant\u00eda","og_url":"https:\/\/compuviper.mx\/tienda\/producto\/lenovo-62a2gar2la-monitor-p32p-20-31-5-wled-tilt-swivel-pivot-height-adjust-stand-raven-black-3y\/","og_site_name":"Compuviper","article_publisher":"https:\/\/www.facebook.com\/compuviper","og_image":[{"width":200,"height":200,"url":"https:\/\/compuviper.mx\/tienda\/wp-content\/uploads\/2024\/09\/Monitor-lenovo-p32p-20-31.5-wled-tilt-swivel-pivot-height-adjust-stand-raven-black-3y.jpg","type":"image\/jpeg"}],"twitter_card":"summary_large_image","twitter_misc":{"Precio":"&#36;9,242 con IVA","Availability":"Out of stock"},"schema":{"@context":"https:\/\/schema.org","@graph":[{"@type":"WebPage","@id":"https:\/\/compuviper.mx\/tienda\/producto\/lenovo-62a2gar2la-monitor-p32p-20-31-5-wled-tilt-swivel-pivot-height-adjust-stand-raven-black-3y\/","url":"https:\/\/compuviper.mx\/tienda\/producto\/lenovo-62a2gar2la-monitor-p32p-20-31-5-wled-tilt-swivel-pivot-height-adjust-stand-raven-black-3y\/","name":"[ Lenovo ] &#129351; 62a2gar2la Monitor P32p-20 || 31.5 || Wled || Tilt, Swivel, Pivot, Height Adjust Stand || Raven Black || 3y","isPartOf":{"@id":"https:\/\/compuviper.mx\/tienda\/#website"},"datePublished":"2026-04-02T06:47:49+00:00","dateModified":"2026-04-02T06:47:49+00:00","description":"Compra 62a2gar2la Monitor P32p-20 || 31.5 || Wled || Tilt, Swivel, Pivot, Height Adjust Stand || Raven Black || 3y + Env\u00edo a domicilio + Pago seguro + Garant\u00eda","breadcrumb":{"@id":"https:\/\/compuviper.mx\/tienda\/producto\/lenovo-62a2gar2la-monitor-p32p-20-31-5-wled-tilt-swivel-pivot-height-adjust-stand-raven-black-3y\/#breadcrumb"},"inLanguage":"es-MX","potentialAction":[{"@type":"ReadAction","target":["https:\/\/compuviper.mx\/tienda\/producto\/lenovo-62a2gar2la-monitor-p32p-20-31-5-wled-tilt-swivel-pivot-height-adjust-stand-raven-black-3y\/"]}]},{"@type":"BreadcrumbList","@id":"https:\/\/compuviper.mx\/tienda\/producto\/lenovo-62a2gar2la-monitor-p32p-20-31-5-wled-tilt-swivel-pivot-height-adjust-stand-raven-black-3y\/#breadcrumb","itemListElement":[{"@type":"ListItem","position":1,"name":"Inicio","item":"https:\/\/compuviper.mx\/tienda\/"},{"@type":"ListItem","position":2,"name":"Productos","item":"https:\/\/compuviper.mx\/tienda\/productos\/"},{"@type":"ListItem","position":3,"name":"Monitores","item":"https:\/\/compuviper.mx\/tienda\/categoria-producto\/monitores\/"},{"@type":"ListItem","position":4,"name":"Led","item":"https:\/\/compuviper.mx\/tienda\/categoria-producto\/monitores\/led\/"},{"@type":"ListItem","position":5,"name":"Lenovo 62a2gar2la Monitor P32p-20 || 31.5 || Wled || Tilt, Swivel, Pivot, Height Adjust Stand || Raven Black || 3y"}]},{"@type":"WebSite","@id":"https:\/\/compuviper.mx\/tienda\/#website","url":"https:\/\/compuviper.mx\/tienda\/","name":"Compuviper","description":"Proveedor de Computadoras, Laptops, Servidores, Monitores, Puntos de Venta, Teclados,   Impresoras, T\u00f3ner, C\u00e1maras de Seguridad y m\u00e1s en tu tienda en l\u00ednea","publisher":{"@id":"https:\/\/compuviper.mx\/tienda\/#organization"},"potentialAction":[{"@type":"SearchAction","target":{"@type":"EntryPoint","urlTemplate":"https:\/\/compuviper.mx\/tienda\/?s={search_term_string}"},"query-input":"required name=search_term_string"}],"inLanguage":"es-MX"},{"@type":"Organization","@id":"https:\/\/compuviper.mx\/tienda\/#organization","name":"Compuviper","url":"https:\/\/compuviper.mx\/tienda\/","logo":{"@type":"ImageObject","inLanguage":"es-MX","@id":"https:\/\/compuviper.mx\/tienda\/#\/schema\/logo\/image\/","url":"https:\/\/compuviper.mx\/tienda\/wp-content\/uploads\/2021\/08\/Logo-Compuviper-10.png","contentUrl":"https:\/\/compuviper.mx\/tienda\/wp-content\/uploads\/2021\/08\/Logo-Compuviper-10.png","width":1000,"height":500,"caption":"Compuviper"},"image":{"@id":"https:\/\/compuviper.mx\/tienda\/#\/schema\/logo\/image\/"},"sameAs":["https:\/\/www.facebook.com\/compuviper","https:\/\/www.youtube.com\/channel\/UCf73dERp9Y3cfOq7q8BhLjA?view_as=subscriber"]}]},"product_brand":"LENOVO","product_price_amount":"9242","product_price_currency":"MXN","og_availability":"out of stock","product_availability":"out of stock","product_retailer_item_id":"62A2GAR2LA","product_condition":"new"},"_links":{"self":[{"href":"https:\/\/compuviper.mx\/tienda\/wp-json\/wp\/v2\/product\/220121"}],"collection":[{"href":"https:\/\/compuviper.mx\/tienda\/wp-json\/wp\/v2\/product"}],"about":[{"href":"https:\/\/compuviper.mx\/tienda\/wp-json\/wp\/v2\/types\/product"}],"replies":[{"embeddable":true,"href":"https:\/\/compuviper.mx\/tienda\/wp-json\/wp\/v2\/comments?post=220121"}],"wp:featuredmedia":[{"embeddable":true,"href":"https:\/\/compuviper.mx\/tienda\/wp-json\/wp\/v2\/media\/242712"}],"wp:attachment":[{"href":"https:\/\/compuviper.mx\/tienda\/wp-json\/wp\/v2\/media?parent=220121"}],"wp:term":[{"taxonomy":"product_cat","embeddable":true,"href":"https:\/\/compuviper.mx\/tienda\/wp-json\/wp\/v2\/product_cat?post=220121"},{"taxonomy":"product_tag","embeddable":true,"href":"https:\/\/compuviper.mx\/tienda\/wp-json\/wp\/v2\/product_tag?post=220121"}],"curies":[{"name":"wp","href":"https:\/\/api.w.org\/{rel}","templated":true}]}}