{"id":220104,"date":"2026-04-18T00:51:54","date_gmt":"2026-04-18T06:51:54","guid":{"rendered":"https:\/\/compuviper.mx\/tienda\/producto\/lenovo-62f7kar4la-monitor-thinkvision-e20-30-19-5-twisted-nematic-wled-1600x900-94-dpi-170-160-3-year\/"},"modified":"2026-04-18T00:51:54","modified_gmt":"2026-04-18T06:51:54","slug":"lenovo-62f7kar4la196119950876-monitor-thinkvision-e20-30-195-pulgadas-1600x900-1x-hdmi-1-4-1x-vga-incluye-cable-hdmi-3y-en-centro-de-servicio","status":"publish","type":"product","link":"https:\/\/compuviper.mx\/tienda\/producto\/lenovo-62f7kar4la196119950876-monitor-thinkvision-e20-30-195-pulgadas-1600x900-1x-hdmi-1-4-1x-vga-incluye-cable-hdmi-3y-en-centro-de-servicio\/","title":{"rendered":"Lenovo 62f7kar4la,196119950876 Monitor  Thinkvision E20-30 \/ 19,5 Pulgadas 1600&#215;900 \/ 1x Hdmi 1.4, 1x Vga \/ Incluye Cable Hdmi \/ 3y En Centro De Servicio"},"content":{"rendered":"<table class=\"descripcion\">\n<tr>\n<td>Thinkvision e20-30<\/td>\n<\/tr>\n<tr>\n<td>Display size: 19.5<\/td>\n<\/tr>\n<tr>\n<td>View area: 432.96&#215;238.05 mm<\/td>\n<\/tr>\n<tr>\n<td>Panel: twisted nematic<\/td>\n<\/tr>\n<tr>\n<td>Backlight: wled<\/td>\n<\/tr>\n<tr>\n<td>Aspect ratio: 16:9<\/td>\n<\/tr>\n<tr>\n<td>Resolution: 1600&#215;900<\/td>\n<\/tr>\n<tr>\n<td>View angle h \/ v: 170\u00b0 \/ 160\u00b0<\/td>\n<\/tr>\n<tr>\n<td>Screen surface treatment: anti-glare, hard coating 3h<\/td>\n<\/tr>\n<tr>\n<td>Thinkcentre m series support: tiny, nano support<\/td>\n<\/tr>\n<tr>\n<td>Video connector: 1x hdmi 1.4, 1x vga<\/td>\n<\/tr>\n<tr>\n<td>Base warranty: 3-year<\/td>\n<\/tr>\n<tr>\n<td>Operating system: support windows\u00ae 7, windows 10, windows 11<\/td>\n<\/tr>\n<tr>\n<td>Video cables: hdmi\u00ae cable<\/td>\n<\/tr>\n<\/table>\n","protected":false},"excerpt":{"rendered":"<p>Thinkvision e20-30 Display size: 19.5 View area: 432.96&#215;238.05 mm Panel: twisted nematic Backlight: wled Aspect ratio: 16:9 Resolution: 1600&#215;900 View angle h \/ v: 170\u00b0 \/ 160\u00b0 Screen surface treatment: anti-glare, hard coating 3h Thinkcentre m series support: tiny, nano support Video connector: 1x hdmi 1.4, 1x vga Base warranty: 3-year Operating system: support windows\u00ae [&hellip;]<\/p>\n","protected":false},"featured_media":220105,"comment_status":"open","ping_status":"open","template":"","meta":[],"product_cat":[1740,1741],"product_tag":[1578],"acf":[],"yoast_head":"<!-- This site is optimized with the Yoast SEO plugin v21.7 - https:\/\/yoast.com\/wordpress\/plugins\/seo\/ -->\n<title>[ Lenovo ] &#129351; 62f7kar4la,196119950876 Monitor Thinkvision E20-30 \/ 19,5 Pulgadas 1600x900 \/ 1x Hdmi 1.4, 1x Vga \/ Incluye Cable Hdmi \/ 3y En Centro De Servicio<\/title>\n<meta name=\"description\" content=\"Compra 62f7kar4la,196119950876 Monitor Thinkvision E20-30 \/ 19,5 Pulgadas 1600x900 \/ 1x Hdmi 1.4, 1x Vga \/ Incluye Cable Hdmi \/ 3y En Centro De Servicio + Env\u00edo a domicilio + Pago seguro + Garant\u00eda\" \/>\n<meta name=\"robots\" content=\"index, follow, max-snippet:-1, max-image-preview:large, max-video-preview:-1\" \/>\n<link rel=\"canonical\" href=\"https:\/\/compuviper.mx\/tienda\/producto\/lenovo-62f7kar4la196119950876-monitor-thinkvision-e20-30-195-pulgadas-1600x900-1x-hdmi-1-4-1x-vga-incluye-cable-hdmi-3y-en-centro-de-servicio\/\" \/>\n<meta property=\"og:locale\" content=\"es_MX\" \/>\n<meta property=\"og:type\" content=\"article\" \/>\n<meta property=\"og:title\" content=\"[ Lenovo ] &#129351; 62f7kar4la,196119950876 Monitor Thinkvision E20-30 \/ 19,5 Pulgadas 1600x900 \/ 1x Hdmi 1.4, 1x Vga \/ Incluye Cable Hdmi \/ 3y En Centro De Servicio\" \/>\n<meta property=\"og:description\" content=\"Compra 62f7kar4la,196119950876 Monitor Thinkvision E20-30 \/ 19,5 Pulgadas 1600x900 \/ 1x Hdmi 1.4, 1x Vga \/ Incluye Cable Hdmi \/ 3y En Centro De Servicio + Env\u00edo a domicilio + Pago seguro + Garant\u00eda\" \/>\n<meta property=\"og:url\" content=\"https:\/\/compuviper.mx\/tienda\/producto\/lenovo-62f7kar4la196119950876-monitor-thinkvision-e20-30-195-pulgadas-1600x900-1x-hdmi-1-4-1x-vga-incluye-cable-hdmi-3y-en-centro-de-servicio\/\" \/>\n<meta property=\"og:site_name\" content=\"Compuviper\" \/>\n<meta property=\"article:publisher\" content=\"https:\/\/www.facebook.com\/compuviper\" \/>\n<meta property=\"og:image\" content=\"https:\/\/compuviper.mx\/tienda\/wp-content\/uploads\/2023\/12\/Monitor-lenovo-thinkvision-e20-30-19.5-twisted-nematic-wled-1600x900-94-dpi-170\u00b0-160\u00b0-3-year.jpg\" \/>\n\t<meta property=\"og:image:width\" content=\"200\" \/>\n\t<meta property=\"og:image:height\" content=\"200\" \/>\n\t<meta property=\"og:image:type\" content=\"image\/jpeg\" \/>\n<meta name=\"twitter:card\" content=\"summary_large_image\" \/>\n<meta name=\"twitter:label1\" content=\"Precio\" \/>\n\t<meta name=\"twitter:data1\" content=\"&#36;2,315 con IVA\" \/>\n\t<meta name=\"twitter:label2\" content=\"Availability\" \/>\n\t<meta name=\"twitter:data2\" content=\"In stock\" \/>\n<script type=\"application\/ld+json\" class=\"yoast-schema-graph\">{\"@context\":\"https:\/\/schema.org\",\"@graph\":[{\"@type\":\"WebPage\",\"@id\":\"https:\/\/compuviper.mx\/tienda\/producto\/lenovo-62f7kar4la196119950876-monitor-thinkvision-e20-30-195-pulgadas-1600x900-1x-hdmi-1-4-1x-vga-incluye-cable-hdmi-3y-en-centro-de-servicio\/\",\"url\":\"https:\/\/compuviper.mx\/tienda\/producto\/lenovo-62f7kar4la196119950876-monitor-thinkvision-e20-30-195-pulgadas-1600x900-1x-hdmi-1-4-1x-vga-incluye-cable-hdmi-3y-en-centro-de-servicio\/\",\"name\":\"[ Lenovo ] &#129351; 62f7kar4la,196119950876 Monitor Thinkvision E20-30 \/ 19,5 Pulgadas 1600x900 \/ 1x Hdmi 1.4, 1x Vga \/ Incluye Cable Hdmi \/ 3y En Centro De Servicio\",\"isPartOf\":{\"@id\":\"https:\/\/compuviper.mx\/tienda\/#website\"},\"datePublished\":\"2026-04-18T06:51:54+00:00\",\"dateModified\":\"2026-04-18T06:51:54+00:00\",\"description\":\"Compra 62f7kar4la,196119950876 Monitor Thinkvision E20-30 \/ 19,5 Pulgadas 1600x900 \/ 1x Hdmi 1.4, 1x Vga \/ Incluye Cable Hdmi \/ 3y En Centro De Servicio + Env\u00edo a domicilio + Pago seguro + Garant\u00eda\",\"breadcrumb\":{\"@id\":\"https:\/\/compuviper.mx\/tienda\/producto\/lenovo-62f7kar4la196119950876-monitor-thinkvision-e20-30-195-pulgadas-1600x900-1x-hdmi-1-4-1x-vga-incluye-cable-hdmi-3y-en-centro-de-servicio\/#breadcrumb\"},\"inLanguage\":\"es-MX\",\"potentialAction\":[{\"@type\":\"ReadAction\",\"target\":[\"https:\/\/compuviper.mx\/tienda\/producto\/lenovo-62f7kar4la196119950876-monitor-thinkvision-e20-30-195-pulgadas-1600x900-1x-hdmi-1-4-1x-vga-incluye-cable-hdmi-3y-en-centro-de-servicio\/\"]}]},{\"@type\":\"BreadcrumbList\",\"@id\":\"https:\/\/compuviper.mx\/tienda\/producto\/lenovo-62f7kar4la196119950876-monitor-thinkvision-e20-30-195-pulgadas-1600x900-1x-hdmi-1-4-1x-vga-incluye-cable-hdmi-3y-en-centro-de-servicio\/#breadcrumb\",\"itemListElement\":[{\"@type\":\"ListItem\",\"position\":1,\"name\":\"Inicio\",\"item\":\"https:\/\/compuviper.mx\/tienda\/\"},{\"@type\":\"ListItem\",\"position\":2,\"name\":\"Productos\",\"item\":\"https:\/\/compuviper.mx\/tienda\/productos\/\"},{\"@type\":\"ListItem\",\"position\":3,\"name\":\"Monitores\",\"item\":\"https:\/\/compuviper.mx\/tienda\/categoria-producto\/monitores\/\"},{\"@type\":\"ListItem\",\"position\":4,\"name\":\"Led\",\"item\":\"https:\/\/compuviper.mx\/tienda\/categoria-producto\/monitores\/led\/\"},{\"@type\":\"ListItem\",\"position\":5,\"name\":\"Lenovo 62f7kar4la,196119950876 Monitor Thinkvision E20-30 \/ 19,5 Pulgadas 1600&#215;900 \/ 1x Hdmi 1.4, 1x Vga \/ Incluye Cable Hdmi \/ 3y En Centro De Servicio\"}]},{\"@type\":\"WebSite\",\"@id\":\"https:\/\/compuviper.mx\/tienda\/#website\",\"url\":\"https:\/\/compuviper.mx\/tienda\/\",\"name\":\"Compuviper\",\"description\":\"Proveedor de Computadoras, Laptops, Servidores, Monitores, Puntos de Venta, Teclados,   Impresoras, T\u00f3ner, C\u00e1maras de Seguridad y m\u00e1s en tu tienda en l\u00ednea\",\"publisher\":{\"@id\":\"https:\/\/compuviper.mx\/tienda\/#organization\"},\"potentialAction\":[{\"@type\":\"SearchAction\",\"target\":{\"@type\":\"EntryPoint\",\"urlTemplate\":\"https:\/\/compuviper.mx\/tienda\/?s={search_term_string}\"},\"query-input\":\"required name=search_term_string\"}],\"inLanguage\":\"es-MX\"},{\"@type\":\"Organization\",\"@id\":\"https:\/\/compuviper.mx\/tienda\/#organization\",\"name\":\"Compuviper\",\"url\":\"https:\/\/compuviper.mx\/tienda\/\",\"logo\":{\"@type\":\"ImageObject\",\"inLanguage\":\"es-MX\",\"@id\":\"https:\/\/compuviper.mx\/tienda\/#\/schema\/logo\/image\/\",\"url\":\"https:\/\/compuviper.mx\/tienda\/wp-content\/uploads\/2021\/08\/Logo-Compuviper-10.png\",\"contentUrl\":\"https:\/\/compuviper.mx\/tienda\/wp-content\/uploads\/2021\/08\/Logo-Compuviper-10.png\",\"width\":1000,\"height\":500,\"caption\":\"Compuviper\"},\"image\":{\"@id\":\"https:\/\/compuviper.mx\/tienda\/#\/schema\/logo\/image\/\"},\"sameAs\":[\"https:\/\/www.facebook.com\/compuviper\",\"https:\/\/www.youtube.com\/channel\/UCf73dERp9Y3cfOq7q8BhLjA?view_as=subscriber\"]}]}<\/script>\n<meta property=\"product:brand\" content=\"LENOVO\" \/>\n<meta property=\"product:price:amount\" content=\"2315\" \/>\n<meta property=\"product:price:currency\" content=\"MXN\" \/>\n<meta property=\"og:availability\" content=\"instock\" \/>\n<meta property=\"product:availability\" content=\"instock\" \/>\n<meta property=\"product:retailer_item_id\" content=\"62F7KAR4LA,196119950876\" \/>\n<meta property=\"product:condition\" content=\"new\" \/>\n<!-- \/ Yoast SEO plugin. -->","yoast_head_json":{"title":"[ Lenovo ] &#129351; 62f7kar4la,196119950876 Monitor Thinkvision E20-30 \/ 19,5 Pulgadas 1600x900 \/ 1x Hdmi 1.4, 1x Vga \/ Incluye Cable Hdmi \/ 3y En Centro De Servicio","description":"Compra 62f7kar4la,196119950876 Monitor Thinkvision E20-30 \/ 19,5 Pulgadas 1600x900 \/ 1x Hdmi 1.4, 1x Vga \/ Incluye Cable Hdmi \/ 3y En Centro De Servicio + Env\u00edo a domicilio + Pago seguro + Garant\u00eda","robots":{"index":"index","follow":"follow","max-snippet":"max-snippet:-1","max-image-preview":"max-image-preview:large","max-video-preview":"max-video-preview:-1"},"canonical":"https:\/\/compuviper.mx\/tienda\/producto\/lenovo-62f7kar4la196119950876-monitor-thinkvision-e20-30-195-pulgadas-1600x900-1x-hdmi-1-4-1x-vga-incluye-cable-hdmi-3y-en-centro-de-servicio\/","og_locale":"es_MX","og_type":"article","og_title":"[ Lenovo ] &#129351; 62f7kar4la,196119950876 Monitor Thinkvision E20-30 \/ 19,5 Pulgadas 1600x900 \/ 1x Hdmi 1.4, 1x Vga \/ Incluye Cable Hdmi \/ 3y En Centro De Servicio","og_description":"Compra 62f7kar4la,196119950876 Monitor Thinkvision E20-30 \/ 19,5 Pulgadas 1600x900 \/ 1x Hdmi 1.4, 1x Vga \/ Incluye Cable Hdmi \/ 3y En Centro De Servicio + Env\u00edo a domicilio + Pago seguro + Garant\u00eda","og_url":"https:\/\/compuviper.mx\/tienda\/producto\/lenovo-62f7kar4la196119950876-monitor-thinkvision-e20-30-195-pulgadas-1600x900-1x-hdmi-1-4-1x-vga-incluye-cable-hdmi-3y-en-centro-de-servicio\/","og_site_name":"Compuviper","article_publisher":"https:\/\/www.facebook.com\/compuviper","og_image":[{"width":200,"height":200,"url":"https:\/\/compuviper.mx\/tienda\/wp-content\/uploads\/2023\/12\/Monitor-lenovo-thinkvision-e20-30-19.5-twisted-nematic-wled-1600x900-94-dpi-170\u00b0-160\u00b0-3-year.jpg","type":"image\/jpeg"}],"twitter_card":"summary_large_image","twitter_misc":{"Precio":"&#36;2,315 con IVA","Availability":"In stock"},"schema":{"@context":"https:\/\/schema.org","@graph":[{"@type":"WebPage","@id":"https:\/\/compuviper.mx\/tienda\/producto\/lenovo-62f7kar4la196119950876-monitor-thinkvision-e20-30-195-pulgadas-1600x900-1x-hdmi-1-4-1x-vga-incluye-cable-hdmi-3y-en-centro-de-servicio\/","url":"https:\/\/compuviper.mx\/tienda\/producto\/lenovo-62f7kar4la196119950876-monitor-thinkvision-e20-30-195-pulgadas-1600x900-1x-hdmi-1-4-1x-vga-incluye-cable-hdmi-3y-en-centro-de-servicio\/","name":"[ Lenovo ] &#129351; 62f7kar4la,196119950876 Monitor Thinkvision E20-30 \/ 19,5 Pulgadas 1600x900 \/ 1x Hdmi 1.4, 1x Vga \/ Incluye Cable Hdmi \/ 3y En Centro De Servicio","isPartOf":{"@id":"https:\/\/compuviper.mx\/tienda\/#website"},"datePublished":"2026-04-18T06:51:54+00:00","dateModified":"2026-04-18T06:51:54+00:00","description":"Compra 62f7kar4la,196119950876 Monitor Thinkvision E20-30 \/ 19,5 Pulgadas 1600x900 \/ 1x Hdmi 1.4, 1x Vga \/ Incluye Cable Hdmi \/ 3y En Centro De Servicio + Env\u00edo a domicilio + Pago seguro + Garant\u00eda","breadcrumb":{"@id":"https:\/\/compuviper.mx\/tienda\/producto\/lenovo-62f7kar4la196119950876-monitor-thinkvision-e20-30-195-pulgadas-1600x900-1x-hdmi-1-4-1x-vga-incluye-cable-hdmi-3y-en-centro-de-servicio\/#breadcrumb"},"inLanguage":"es-MX","potentialAction":[{"@type":"ReadAction","target":["https:\/\/compuviper.mx\/tienda\/producto\/lenovo-62f7kar4la196119950876-monitor-thinkvision-e20-30-195-pulgadas-1600x900-1x-hdmi-1-4-1x-vga-incluye-cable-hdmi-3y-en-centro-de-servicio\/"]}]},{"@type":"BreadcrumbList","@id":"https:\/\/compuviper.mx\/tienda\/producto\/lenovo-62f7kar4la196119950876-monitor-thinkvision-e20-30-195-pulgadas-1600x900-1x-hdmi-1-4-1x-vga-incluye-cable-hdmi-3y-en-centro-de-servicio\/#breadcrumb","itemListElement":[{"@type":"ListItem","position":1,"name":"Inicio","item":"https:\/\/compuviper.mx\/tienda\/"},{"@type":"ListItem","position":2,"name":"Productos","item":"https:\/\/compuviper.mx\/tienda\/productos\/"},{"@type":"ListItem","position":3,"name":"Monitores","item":"https:\/\/compuviper.mx\/tienda\/categoria-producto\/monitores\/"},{"@type":"ListItem","position":4,"name":"Led","item":"https:\/\/compuviper.mx\/tienda\/categoria-producto\/monitores\/led\/"},{"@type":"ListItem","position":5,"name":"Lenovo 62f7kar4la,196119950876 Monitor Thinkvision E20-30 \/ 19,5 Pulgadas 1600&#215;900 \/ 1x Hdmi 1.4, 1x Vga \/ Incluye Cable Hdmi \/ 3y En Centro De Servicio"}]},{"@type":"WebSite","@id":"https:\/\/compuviper.mx\/tienda\/#website","url":"https:\/\/compuviper.mx\/tienda\/","name":"Compuviper","description":"Proveedor de Computadoras, Laptops, Servidores, Monitores, Puntos de Venta, Teclados,   Impresoras, T\u00f3ner, C\u00e1maras de Seguridad y m\u00e1s en tu tienda en l\u00ednea","publisher":{"@id":"https:\/\/compuviper.mx\/tienda\/#organization"},"potentialAction":[{"@type":"SearchAction","target":{"@type":"EntryPoint","urlTemplate":"https:\/\/compuviper.mx\/tienda\/?s={search_term_string}"},"query-input":"required name=search_term_string"}],"inLanguage":"es-MX"},{"@type":"Organization","@id":"https:\/\/compuviper.mx\/tienda\/#organization","name":"Compuviper","url":"https:\/\/compuviper.mx\/tienda\/","logo":{"@type":"ImageObject","inLanguage":"es-MX","@id":"https:\/\/compuviper.mx\/tienda\/#\/schema\/logo\/image\/","url":"https:\/\/compuviper.mx\/tienda\/wp-content\/uploads\/2021\/08\/Logo-Compuviper-10.png","contentUrl":"https:\/\/compuviper.mx\/tienda\/wp-content\/uploads\/2021\/08\/Logo-Compuviper-10.png","width":1000,"height":500,"caption":"Compuviper"},"image":{"@id":"https:\/\/compuviper.mx\/tienda\/#\/schema\/logo\/image\/"},"sameAs":["https:\/\/www.facebook.com\/compuviper","https:\/\/www.youtube.com\/channel\/UCf73dERp9Y3cfOq7q8BhLjA?view_as=subscriber"]}]},"product_brand":"LENOVO","product_price_amount":"2315","product_price_currency":"MXN","og_availability":"instock","product_availability":"instock","product_retailer_item_id":"62F7KAR4LA,196119950876","product_condition":"new"},"_links":{"self":[{"href":"https:\/\/compuviper.mx\/tienda\/wp-json\/wp\/v2\/product\/220104"}],"collection":[{"href":"https:\/\/compuviper.mx\/tienda\/wp-json\/wp\/v2\/product"}],"about":[{"href":"https:\/\/compuviper.mx\/tienda\/wp-json\/wp\/v2\/types\/product"}],"replies":[{"embeddable":true,"href":"https:\/\/compuviper.mx\/tienda\/wp-json\/wp\/v2\/comments?post=220104"}],"wp:featuredmedia":[{"embeddable":true,"href":"https:\/\/compuviper.mx\/tienda\/wp-json\/wp\/v2\/media\/220105"}],"wp:attachment":[{"href":"https:\/\/compuviper.mx\/tienda\/wp-json\/wp\/v2\/media?parent=220104"}],"wp:term":[{"taxonomy":"product_cat","embeddable":true,"href":"https:\/\/compuviper.mx\/tienda\/wp-json\/wp\/v2\/product_cat?post=220104"},{"taxonomy":"product_tag","embeddable":true,"href":"https:\/\/compuviper.mx\/tienda\/wp-json\/wp\/v2\/product_tag?post=220104"}],"curies":[{"name":"wp","href":"https:\/\/api.w.org\/{rel}","templated":true}]}}