{"id":220092,"date":"2026-05-16T00:54:09","date_gmt":"2026-05-16T06:54:09","guid":{"rendered":"https:\/\/compuviper.mx\/tienda\/producto\/benq-9h-llplb-qbl-monitor-fotografia-sw272q-27-2560x1440-hdmi-2-0x2-display-port-1-4x1-aio-connection-usb-c-tecnologia-eye-care-3-aos-de-garantia\/"},"modified":"2026-05-16T00:54:09","modified_gmt":"2026-05-16T06:54:09","slug":"benq-9h-llplb-qbl-monitor-fotografia-sw272q-27-2560x1440-hdmi-2-0x2-display-port-1-4x1-aio-connection-usb-c-tecnologia-eye-care-3-aos-de-garantia","status":"publish","type":"product","link":"https:\/\/compuviper.mx\/tienda\/producto\/benq-9h-llplb-qbl-monitor-fotografia-sw272q-27-2560x1440-hdmi-2-0x2-display-port-1-4x1-aio-connection-usb-c-tecnologia-eye-care-3-aos-de-garantia\/","title":{"rendered":"Benq 9h.llplb.qbl Monitor  Fotografia Sw272q 27 2560&#215;1440 Hdmi 2.0&#215;2 Display Port 1.4&#215;1 Aio Connection Usb C Tecnologia Eye Care 3 A?os De Garantia"},"content":{"rendered":"<table class=\"descripcion\">\n<tr>\n<td>Monitores fotografia<\/td>\n<\/tr>\n<tr>\n<td>Monitores serie sw de benq persiguiendo la perfeccion del color<\/td>\n<\/tr>\n<tr>\n<td>Especificaciones<\/td>\n<\/tr>\n<tr>\n<td>Color negro<\/td>\n<\/tr>\n<tr>\n<td>Tamano de pantalla 27<\/td>\n<\/tr>\n<tr>\n<td>Tipo de iluminacion retroiluminacion led<\/td>\n<\/tr>\n<tr>\n<td>Tipo de panel ips antiglare<\/td>\n<\/tr>\n<tr>\n<td>Relacion de aspecto 16 9<\/td>\n<\/tr>\n<tr>\n<td>Resolucion 2k qhd 2560&#215;1440 pixeles<\/td>\n<\/tr>\n<tr>\n<td>Dot pitch 0.233<\/td>\n<\/tr>\n<tr>\n<td>Brillo 300 nits<\/td>\n<\/tr>\n<tr>\n<td>Contraste 1000 1<\/td>\n<\/tr>\n<tr>\n<td>Angulo de vision 178 178<\/td>\n<\/tr>\n<tr>\n<td>Tiempo de respuesta 5 ms gtg<\/td>\n<\/tr>\n<tr>\n<td>Cantidad de colores 1.07 billones<\/td>\n<\/tr>\n<tr>\n<td>Gama de color 100 srgb 98 p3 99 adobe rgb<\/td>\n<\/tr>\n<tr>\n<td>Modo de color adobe rgb dci p3 display p3 rec 709 srgb hdr m book b w calibracion 1 calibracion 2 calibracion 3 usuario paper color sync dicom<\/td>\n<\/tr>\n<tr>\n<td>Temperatura de color 5000k 6500k 9300k usuario k usuario rgb<\/td>\n<\/tr>\n<tr>\n<td>Frecuencia de actualizacion 60hz<\/td>\n<\/tr>\n<tr>\n<td>Frecuencia horizontal 27 140 khz<\/td>\n<\/tr>\n<tr>\n<td>Frecuencia vertical 24 76 hz<\/td>\n<\/tr>\n<tr>\n<td>Frecuencia de video 600 mhz<\/td>\n<\/tr>\n<tr>\n<td>Entradas salidas hdmi v2.0 x2 display port v1.4&#215;1 usb c poder90w display port alt mode data usb tipo b x1 usb 3.1 x2 ranura de tarjeta sd sdhc sdxc mmc audifonos<\/td>\n<\/tr>\n<tr>\n<td>Fuente de poder integrada 100 240v ac<\/td>\n<\/tr>\n<tr>\n<td>Consumo de energia en espera 25w normal 160w max 0.5 standby usb c thunderbolt 3 90w<\/td>\n<\/tr>\n<tr>\n<td>Peso 8.3 kg 18.8 lb<\/td>\n<\/tr>\n<tr>\n<td>Dimensiones 451 min 591.8 max x 614 x 274<\/td>\n<\/tr>\n<tr>\n<td>Idiomas 18 idiomas<\/td>\n<\/tr>\n<tr>\n<td>Caracteristicas especiales<\/td>\n<\/tr>\n<tr>\n<td>Certificaciones calman verified pantone validated pantone skintone validated<\/td>\n<\/tr>\n<tr>\n<td>Certificacion tuv rheindland antireflejo<\/td>\n<\/tr>\n<tr>\n<td>Modos gamut duo blanco y negro niveles de negros<\/td>\n<\/tr>\n<tr>\n<td>Software pallete master ultimate paper color sync light space ready calman ready display quick mac win<\/td>\n<\/tr>\n<tr>\n<td>Informe de calibracion de fabrica<\/td>\n<\/tr>\n<tr>\n<td>Delta e promedio 1.5 3f lut 16 bits<\/td>\n<\/tr>\n<tr>\n<td>Pivot 90 giro 30 30 inclinacion 5 20 ajuste de altura hasta 140 mm<\/td>\n<\/tr>\n<tr>\n<td>Vesa 100&#215;100 mm k locker<\/td>\n<\/tr>\n<tr>\n<td>Calibracion para hardware<\/td>\n<\/tr>\n<tr>\n<td>Compatible con mac y windows<\/td>\n<\/tr>\n<tr>\n<td>Accesorios incluidos hot key puck g3 cables poder 1.8 mt dp 1.4 hdmi 2.0 usb c informe de calibracion guia de inicio rapido tarjeta de garantia cubierta de pantalla<\/td>\n<\/tr>\n<\/table>\n","protected":false},"excerpt":{"rendered":"<p>Sw272q monitor de 27 para fotografia con resolucion 2k adobe rgb usb c 90w. El oanel de recubrimiento fino con certificacion tuv antirreflejos garantiza la alta calidad que se exige a la fotografia profesional. Cobertura del 99 adobe rgb y 98 dci p3 display p3 delta e 1.5 profundidad de color de 10 bits lut 3d de 16 bits para una reproduccion precisa del color. Usb c con capacidad de 90w para transferir datos alimentacion y hotkey puck inalambrico para una maxima comodidad<\/p>\n","protected":false},"featured_media":220093,"comment_status":"open","ping_status":"open","template":"","meta":[],"product_cat":[1740,1741],"product_tag":[1744],"acf":[],"yoast_head":"<!-- This site is optimized with the Yoast SEO plugin v21.7 - https:\/\/yoast.com\/wordpress\/plugins\/seo\/ -->\n<title>[ Benq ] &#129351; 9h.llplb.qbl Monitor Fotografia Sw272q 27 2560x1440 Hdmi 2.0x2 Display Port 1.4x1 Aio Connection Usb C Tecnologia Eye Care 3 A\u00f1os De Garantia<\/title>\n<meta name=\"description\" content=\"Compra 9h.llplb.qbl Monitor Fotografia Sw272q 27 2560x1440 Hdmi 2.0x2 Display Port 1.4x1 Aio Connection Usb C Tecnologia Eye Care 3 A\u00f1os De Garantia + Env\u00edo a domicilio + Pago seguro + Garant\u00eda\" \/>\n<meta name=\"robots\" content=\"index, follow, max-snippet:-1, max-image-preview:large, max-video-preview:-1\" \/>\n<link rel=\"canonical\" href=\"https:\/\/compuviper.mx\/tienda\/producto\/benq-9h-llplb-qbl-monitor-fotografia-sw272q-27-2560x1440-hdmi-2-0x2-display-port-1-4x1-aio-connection-usb-c-tecnologia-eye-care-3-aos-de-garantia\/\" \/>\n<meta property=\"og:locale\" content=\"es_MX\" \/>\n<meta property=\"og:type\" content=\"article\" \/>\n<meta property=\"og:title\" content=\"[ Benq ] &#129351; 9h.llplb.qbl Monitor Fotografia Sw272q 27 2560x1440 Hdmi 2.0x2 Display Port 1.4x1 Aio Connection Usb C Tecnologia Eye Care 3 A\u00f1os De Garantia\" \/>\n<meta property=\"og:description\" content=\"Compra 9h.llplb.qbl Monitor Fotografia Sw272q 27 2560x1440 Hdmi 2.0x2 Display Port 1.4x1 Aio Connection Usb C Tecnologia Eye Care 3 A\u00f1os De Garantia + Env\u00edo a domicilio + Pago seguro + Garant\u00eda\" \/>\n<meta property=\"og:url\" content=\"https:\/\/compuviper.mx\/tienda\/producto\/benq-9h-llplb-qbl-monitor-fotografia-sw272q-27-2560x1440-hdmi-2-0x2-display-port-1-4x1-aio-connection-usb-c-tecnologia-eye-care-3-aos-de-garantia\/\" \/>\n<meta property=\"og:site_name\" content=\"Compuviper\" \/>\n<meta property=\"article:publisher\" content=\"https:\/\/www.facebook.com\/compuviper\" \/>\n<meta property=\"og:image\" content=\"https:\/\/compuviper.mx\/tienda\/wp-content\/uploads\/2023\/12\/Monitor-benq-fotografia-sw272q-27-2560x1440-hdmi-2.0x2-display-port-1.4x1-aio-connection-usb-c-tecnologia-eye-care-3-anos-de-garantia.jpg\" \/>\n\t<meta property=\"og:image:width\" content=\"200\" \/>\n\t<meta property=\"og:image:height\" content=\"200\" \/>\n\t<meta property=\"og:image:type\" content=\"image\/jpeg\" \/>\n<meta name=\"twitter:card\" content=\"summary_large_image\" \/>\n<meta name=\"twitter:label1\" content=\"Precio\" \/>\n\t<meta name=\"twitter:data1\" content=\"&#36;16,506 con IVA\" \/>\n\t<meta name=\"twitter:label2\" content=\"Availability\" \/>\n\t<meta name=\"twitter:data2\" content=\"On backorder\" \/>\n<script type=\"application\/ld+json\" class=\"yoast-schema-graph\">{\"@context\":\"https:\/\/schema.org\",\"@graph\":[{\"@type\":\"WebPage\",\"@id\":\"https:\/\/compuviper.mx\/tienda\/producto\/benq-9h-llplb-qbl-monitor-fotografia-sw272q-27-2560x1440-hdmi-2-0x2-display-port-1-4x1-aio-connection-usb-c-tecnologia-eye-care-3-aos-de-garantia\/\",\"url\":\"https:\/\/compuviper.mx\/tienda\/producto\/benq-9h-llplb-qbl-monitor-fotografia-sw272q-27-2560x1440-hdmi-2-0x2-display-port-1-4x1-aio-connection-usb-c-tecnologia-eye-care-3-aos-de-garantia\/\",\"name\":\"[ Benq ] &#129351; 9h.llplb.qbl Monitor Fotografia Sw272q 27 2560x1440 Hdmi 2.0x2 Display Port 1.4x1 Aio Connection Usb C Tecnologia Eye Care 3 A\u00f1os De Garantia\",\"isPartOf\":{\"@id\":\"https:\/\/compuviper.mx\/tienda\/#website\"},\"datePublished\":\"2026-05-16T06:54:09+00:00\",\"dateModified\":\"2026-05-16T06:54:09+00:00\",\"description\":\"Compra 9h.llplb.qbl Monitor Fotografia Sw272q 27 2560x1440 Hdmi 2.0x2 Display Port 1.4x1 Aio Connection Usb C Tecnologia Eye Care 3 A\u00f1os De Garantia + Env\u00edo a domicilio + Pago seguro + Garant\u00eda\",\"breadcrumb\":{\"@id\":\"https:\/\/compuviper.mx\/tienda\/producto\/benq-9h-llplb-qbl-monitor-fotografia-sw272q-27-2560x1440-hdmi-2-0x2-display-port-1-4x1-aio-connection-usb-c-tecnologia-eye-care-3-aos-de-garantia\/#breadcrumb\"},\"inLanguage\":\"es-MX\",\"potentialAction\":[{\"@type\":\"ReadAction\",\"target\":[\"https:\/\/compuviper.mx\/tienda\/producto\/benq-9h-llplb-qbl-monitor-fotografia-sw272q-27-2560x1440-hdmi-2-0x2-display-port-1-4x1-aio-connection-usb-c-tecnologia-eye-care-3-aos-de-garantia\/\"]}]},{\"@type\":\"BreadcrumbList\",\"@id\":\"https:\/\/compuviper.mx\/tienda\/producto\/benq-9h-llplb-qbl-monitor-fotografia-sw272q-27-2560x1440-hdmi-2-0x2-display-port-1-4x1-aio-connection-usb-c-tecnologia-eye-care-3-aos-de-garantia\/#breadcrumb\",\"itemListElement\":[{\"@type\":\"ListItem\",\"position\":1,\"name\":\"Inicio\",\"item\":\"https:\/\/compuviper.mx\/tienda\/\"},{\"@type\":\"ListItem\",\"position\":2,\"name\":\"Productos\",\"item\":\"https:\/\/compuviper.mx\/tienda\/productos\/\"},{\"@type\":\"ListItem\",\"position\":3,\"name\":\"Monitores\",\"item\":\"https:\/\/compuviper.mx\/tienda\/categoria-producto\/monitores\/\"},{\"@type\":\"ListItem\",\"position\":4,\"name\":\"Led\",\"item\":\"https:\/\/compuviper.mx\/tienda\/categoria-producto\/monitores\/led\/\"},{\"@type\":\"ListItem\",\"position\":5,\"name\":\"Benq 9h.llplb.qbl Monitor Fotografia Sw272q 27 2560&#215;1440 Hdmi 2.0&#215;2 Display Port 1.4&#215;1 Aio Connection Usb C Tecnologia Eye Care 3 A?os De Garantia\"}]},{\"@type\":\"WebSite\",\"@id\":\"https:\/\/compuviper.mx\/tienda\/#website\",\"url\":\"https:\/\/compuviper.mx\/tienda\/\",\"name\":\"Compuviper\",\"description\":\"Proveedor de Computadoras, Laptops, Servidores, Monitores, Puntos de Venta, Teclados,   Impresoras, T\u00f3ner, C\u00e1maras de Seguridad y m\u00e1s en tu tienda en l\u00ednea\",\"publisher\":{\"@id\":\"https:\/\/compuviper.mx\/tienda\/#organization\"},\"potentialAction\":[{\"@type\":\"SearchAction\",\"target\":{\"@type\":\"EntryPoint\",\"urlTemplate\":\"https:\/\/compuviper.mx\/tienda\/?s={search_term_string}\"},\"query-input\":\"required name=search_term_string\"}],\"inLanguage\":\"es-MX\"},{\"@type\":\"Organization\",\"@id\":\"https:\/\/compuviper.mx\/tienda\/#organization\",\"name\":\"Compuviper\",\"url\":\"https:\/\/compuviper.mx\/tienda\/\",\"logo\":{\"@type\":\"ImageObject\",\"inLanguage\":\"es-MX\",\"@id\":\"https:\/\/compuviper.mx\/tienda\/#\/schema\/logo\/image\/\",\"url\":\"https:\/\/compuviper.mx\/tienda\/wp-content\/uploads\/2021\/08\/Logo-Compuviper-10.png\",\"contentUrl\":\"https:\/\/compuviper.mx\/tienda\/wp-content\/uploads\/2021\/08\/Logo-Compuviper-10.png\",\"width\":1000,\"height\":500,\"caption\":\"Compuviper\"},\"image\":{\"@id\":\"https:\/\/compuviper.mx\/tienda\/#\/schema\/logo\/image\/\"},\"sameAs\":[\"https:\/\/www.facebook.com\/compuviper\",\"https:\/\/www.youtube.com\/channel\/UCf73dERp9Y3cfOq7q8BhLjA?view_as=subscriber\"]}]}<\/script>\n<meta property=\"product:brand\" content=\"BENQ\" \/>\n<meta property=\"product:price:amount\" content=\"16506\" \/>\n<meta property=\"product:price:currency\" content=\"MXN\" \/>\n<meta property=\"og:availability\" content=\"backorder\" \/>\n<meta property=\"product:availability\" content=\"available for order\" \/>\n<meta property=\"product:retailer_item_id\" content=\"9H.LLPLB.QBL\" \/>\n<meta property=\"product:condition\" content=\"new\" \/>\n<!-- \/ Yoast SEO plugin. -->","yoast_head_json":{"title":"[ Benq ] &#129351; 9h.llplb.qbl Monitor Fotografia Sw272q 27 2560x1440 Hdmi 2.0x2 Display Port 1.4x1 Aio Connection Usb C Tecnologia Eye Care 3 A\u00f1os De Garantia","description":"Compra 9h.llplb.qbl Monitor Fotografia Sw272q 27 2560x1440 Hdmi 2.0x2 Display Port 1.4x1 Aio Connection Usb C Tecnologia Eye Care 3 A\u00f1os De Garantia + Env\u00edo a domicilio + Pago seguro + Garant\u00eda","robots":{"index":"index","follow":"follow","max-snippet":"max-snippet:-1","max-image-preview":"max-image-preview:large","max-video-preview":"max-video-preview:-1"},"canonical":"https:\/\/compuviper.mx\/tienda\/producto\/benq-9h-llplb-qbl-monitor-fotografia-sw272q-27-2560x1440-hdmi-2-0x2-display-port-1-4x1-aio-connection-usb-c-tecnologia-eye-care-3-aos-de-garantia\/","og_locale":"es_MX","og_type":"article","og_title":"[ Benq ] &#129351; 9h.llplb.qbl Monitor Fotografia Sw272q 27 2560x1440 Hdmi 2.0x2 Display Port 1.4x1 Aio Connection Usb C Tecnologia Eye Care 3 A\u00f1os De Garantia","og_description":"Compra 9h.llplb.qbl Monitor Fotografia Sw272q 27 2560x1440 Hdmi 2.0x2 Display Port 1.4x1 Aio Connection Usb C Tecnologia Eye Care 3 A\u00f1os De Garantia + Env\u00edo a domicilio + Pago seguro + Garant\u00eda","og_url":"https:\/\/compuviper.mx\/tienda\/producto\/benq-9h-llplb-qbl-monitor-fotografia-sw272q-27-2560x1440-hdmi-2-0x2-display-port-1-4x1-aio-connection-usb-c-tecnologia-eye-care-3-aos-de-garantia\/","og_site_name":"Compuviper","article_publisher":"https:\/\/www.facebook.com\/compuviper","og_image":[{"width":200,"height":200,"url":"https:\/\/compuviper.mx\/tienda\/wp-content\/uploads\/2023\/12\/Monitor-benq-fotografia-sw272q-27-2560x1440-hdmi-2.0x2-display-port-1.4x1-aio-connection-usb-c-tecnologia-eye-care-3-anos-de-garantia.jpg","type":"image\/jpeg"}],"twitter_card":"summary_large_image","twitter_misc":{"Precio":"&#36;16,506 con IVA","Availability":"On backorder"},"schema":{"@context":"https:\/\/schema.org","@graph":[{"@type":"WebPage","@id":"https:\/\/compuviper.mx\/tienda\/producto\/benq-9h-llplb-qbl-monitor-fotografia-sw272q-27-2560x1440-hdmi-2-0x2-display-port-1-4x1-aio-connection-usb-c-tecnologia-eye-care-3-aos-de-garantia\/","url":"https:\/\/compuviper.mx\/tienda\/producto\/benq-9h-llplb-qbl-monitor-fotografia-sw272q-27-2560x1440-hdmi-2-0x2-display-port-1-4x1-aio-connection-usb-c-tecnologia-eye-care-3-aos-de-garantia\/","name":"[ Benq ] &#129351; 9h.llplb.qbl Monitor Fotografia Sw272q 27 2560x1440 Hdmi 2.0x2 Display Port 1.4x1 Aio Connection Usb C Tecnologia Eye Care 3 A\u00f1os De Garantia","isPartOf":{"@id":"https:\/\/compuviper.mx\/tienda\/#website"},"datePublished":"2026-05-16T06:54:09+00:00","dateModified":"2026-05-16T06:54:09+00:00","description":"Compra 9h.llplb.qbl Monitor Fotografia Sw272q 27 2560x1440 Hdmi 2.0x2 Display Port 1.4x1 Aio Connection Usb C Tecnologia Eye Care 3 A\u00f1os De Garantia + Env\u00edo a domicilio + Pago seguro + Garant\u00eda","breadcrumb":{"@id":"https:\/\/compuviper.mx\/tienda\/producto\/benq-9h-llplb-qbl-monitor-fotografia-sw272q-27-2560x1440-hdmi-2-0x2-display-port-1-4x1-aio-connection-usb-c-tecnologia-eye-care-3-aos-de-garantia\/#breadcrumb"},"inLanguage":"es-MX","potentialAction":[{"@type":"ReadAction","target":["https:\/\/compuviper.mx\/tienda\/producto\/benq-9h-llplb-qbl-monitor-fotografia-sw272q-27-2560x1440-hdmi-2-0x2-display-port-1-4x1-aio-connection-usb-c-tecnologia-eye-care-3-aos-de-garantia\/"]}]},{"@type":"BreadcrumbList","@id":"https:\/\/compuviper.mx\/tienda\/producto\/benq-9h-llplb-qbl-monitor-fotografia-sw272q-27-2560x1440-hdmi-2-0x2-display-port-1-4x1-aio-connection-usb-c-tecnologia-eye-care-3-aos-de-garantia\/#breadcrumb","itemListElement":[{"@type":"ListItem","position":1,"name":"Inicio","item":"https:\/\/compuviper.mx\/tienda\/"},{"@type":"ListItem","position":2,"name":"Productos","item":"https:\/\/compuviper.mx\/tienda\/productos\/"},{"@type":"ListItem","position":3,"name":"Monitores","item":"https:\/\/compuviper.mx\/tienda\/categoria-producto\/monitores\/"},{"@type":"ListItem","position":4,"name":"Led","item":"https:\/\/compuviper.mx\/tienda\/categoria-producto\/monitores\/led\/"},{"@type":"ListItem","position":5,"name":"Benq 9h.llplb.qbl Monitor Fotografia Sw272q 27 2560&#215;1440 Hdmi 2.0&#215;2 Display Port 1.4&#215;1 Aio Connection Usb C Tecnologia Eye Care 3 A?os De Garantia"}]},{"@type":"WebSite","@id":"https:\/\/compuviper.mx\/tienda\/#website","url":"https:\/\/compuviper.mx\/tienda\/","name":"Compuviper","description":"Proveedor de Computadoras, Laptops, Servidores, Monitores, Puntos de Venta, Teclados,   Impresoras, T\u00f3ner, C\u00e1maras de Seguridad y m\u00e1s en tu tienda en l\u00ednea","publisher":{"@id":"https:\/\/compuviper.mx\/tienda\/#organization"},"potentialAction":[{"@type":"SearchAction","target":{"@type":"EntryPoint","urlTemplate":"https:\/\/compuviper.mx\/tienda\/?s={search_term_string}"},"query-input":"required name=search_term_string"}],"inLanguage":"es-MX"},{"@type":"Organization","@id":"https:\/\/compuviper.mx\/tienda\/#organization","name":"Compuviper","url":"https:\/\/compuviper.mx\/tienda\/","logo":{"@type":"ImageObject","inLanguage":"es-MX","@id":"https:\/\/compuviper.mx\/tienda\/#\/schema\/logo\/image\/","url":"https:\/\/compuviper.mx\/tienda\/wp-content\/uploads\/2021\/08\/Logo-Compuviper-10.png","contentUrl":"https:\/\/compuviper.mx\/tienda\/wp-content\/uploads\/2021\/08\/Logo-Compuviper-10.png","width":1000,"height":500,"caption":"Compuviper"},"image":{"@id":"https:\/\/compuviper.mx\/tienda\/#\/schema\/logo\/image\/"},"sameAs":["https:\/\/www.facebook.com\/compuviper","https:\/\/www.youtube.com\/channel\/UCf73dERp9Y3cfOq7q8BhLjA?view_as=subscriber"]}]},"product_brand":"BENQ","product_price_amount":"16506","product_price_currency":"MXN","og_availability":"backorder","product_availability":"available for order","product_retailer_item_id":"9H.LLPLB.QBL","product_condition":"new"},"_links":{"self":[{"href":"https:\/\/compuviper.mx\/tienda\/wp-json\/wp\/v2\/product\/220092"}],"collection":[{"href":"https:\/\/compuviper.mx\/tienda\/wp-json\/wp\/v2\/product"}],"about":[{"href":"https:\/\/compuviper.mx\/tienda\/wp-json\/wp\/v2\/types\/product"}],"replies":[{"embeddable":true,"href":"https:\/\/compuviper.mx\/tienda\/wp-json\/wp\/v2\/comments?post=220092"}],"wp:featuredmedia":[{"embeddable":true,"href":"https:\/\/compuviper.mx\/tienda\/wp-json\/wp\/v2\/media\/220093"}],"wp:attachment":[{"href":"https:\/\/compuviper.mx\/tienda\/wp-json\/wp\/v2\/media?parent=220092"}],"wp:term":[{"taxonomy":"product_cat","embeddable":true,"href":"https:\/\/compuviper.mx\/tienda\/wp-json\/wp\/v2\/product_cat?post=220092"},{"taxonomy":"product_tag","embeddable":true,"href":"https:\/\/compuviper.mx\/tienda\/wp-json\/wp\/v2\/product_tag?post=220092"}],"curies":[{"name":"wp","href":"https:\/\/api.w.org\/{rel}","templated":true}]}}