{"id":220085,"date":"2026-04-14T00:46:57","date_gmt":"2026-04-14T06:46:57","guid":{"rendered":"https:\/\/compuviper.mx\/tienda\/producto\/samsung-lh65qmcebgcxgo-monitor-sealizacion-digital-65-qm65c-uhd-3840x2160-500nit-24-7\/"},"modified":"2026-04-14T00:46:57","modified_gmt":"2026-04-14T06:46:57","slug":"samsung-lh65qmcebgcxgo887276757247-monitor-sealizacion-digital-65-uhd-3840-x-2160-4k-qm65c-500nits-8ms-bocinas-3-hdmi-2-usb-rj45-rs232c-wifi-h-v-24-7","status":"publish","type":"product","link":"https:\/\/compuviper.mx\/tienda\/producto\/samsung-lh65qmcebgcxgo887276757247-monitor-sealizacion-digital-65-uhd-3840-x-2160-4k-qm65c-500nits-8ms-bocinas-3-hdmi-2-usb-rj45-rs232c-wifi-h-v-24-7\/","title":{"rendered":"Samsung Lh65qmcebgcxgo,887276757247 Monitor Se?alizacion Digital  65 Uhd 3,840 X 2,160 4k Qm65c, 500nits, 8ms, Bocinas, 3 Hdmi, 2 Usb, Rj45, Rs232c, Wifi, H\/v, 24\/7"},"content":{"rendered":"<table class=\"descripcion\">\n<tr>\n<td>Monitor se\u00f1alizacion digital samsung 65 qm65c uhd 3840&#215;2160, 500nit, 24\/7<\/td>\n<\/tr>\n<tr>\n<td>Informaci\u00f3n general<\/td>\n<\/tr>\n<tr>\n<td>Fabricante samsung<\/td>\n<\/tr>\n<tr>\n<td>N\u00famero de pieza del fabricante qm65c<\/td>\n<\/tr>\n<tr>\n<td>Nombre de la marca samsung<\/td>\n<\/tr>\n<tr>\n<td>Serie de productos qmc<\/td>\n<\/tr>\n<tr>\n<td>Modelo de producto qm65c<\/td>\n<\/tr>\n<tr>\n<td>Nombre del producto pantalla de se\u00f1alizaci\u00f3n digital qm65c<\/td>\n<\/tr>\n<tr>\n<td>Tipo de producto pantalla de se\u00f1alizaci\u00f3n digital<\/td>\n<\/tr>\n<tr>\n<td>Pantalla y gr\u00e1ficos<\/td>\n<\/tr>\n<tr>\n<td>N\u00famero de pantallas 1<\/td>\n<\/tr>\n<tr>\n<td>Tama\u00f1o de pantalla 65<\/td>\n<\/tr>\n<tr>\n<td>Tipo de pantalla lcd<\/td>\n<\/tr>\n<tr>\n<td>Resoluci\u00f3n de pantalla 3840 x 2160<\/td>\n<\/tr>\n<tr>\n<td>Tecnolog\u00eda de retroiluminaci\u00f3n led<\/td>\n<\/tr>\n<tr>\n<td>Video<\/td>\n<\/tr>\n<tr>\n<td>Formato de escaneo 2160p<\/td>\n<\/tr>\n<tr>\n<td>Brillo 500nits<\/td>\n<\/tr>\n<\/table>\n","protected":false},"excerpt":{"rendered":"<p>Monitor se\u00f1alizacion digital samsung 65 qm65c uhd 3840&#215;2160, 500nit, 24\/7 Informaci\u00f3n general Fabricante samsung N\u00famero de pieza del fabricante qm65c Nombre de la marca samsung Serie de productos qmc Modelo de producto qm65c Nombre del producto pantalla de se\u00f1alizaci\u00f3n digital qm65c Tipo de producto pantalla de se\u00f1alizaci\u00f3n digital Pantalla y gr\u00e1ficos N\u00famero de pantallas 1 [&hellip;]<\/p>\n","protected":false},"featured_media":242704,"comment_status":"open","ping_status":"open","template":"","meta":[],"product_cat":[1740,1741],"product_tag":[1743],"acf":[],"yoast_head":"<!-- This site is optimized with the Yoast SEO plugin v21.7 - https:\/\/yoast.com\/wordpress\/plugins\/seo\/ -->\n<title>[ Samsung ] &#129351; Lh65qmcebgcxgo,887276757247 Monitor Se\u00f1alizacion Digital 65 Uhd 3,840 X 2,160 4k Qm65c, 500nits, 8ms, Bocinas, 3 Hdmi, 2 Usb, Rj45, Rs232c, Wifi, H\/v, 24\/7<\/title>\n<meta name=\"description\" content=\"Compra Lh65qmcebgcxgo,887276757247 Monitor Se\u00f1alizacion Digital 65 Uhd 3,840 X 2,160 4k Qm65c, 500nits, 8ms, Bocinas, 3 Hdmi, 2 Usb, Rj45, Rs232c, Wifi, H\/v, 24\/7 + Env\u00edo a domicilio + Pago seguro + Garant\u00eda\" \/>\n<meta name=\"robots\" content=\"index, follow, max-snippet:-1, max-image-preview:large, max-video-preview:-1\" \/>\n<link rel=\"canonical\" href=\"https:\/\/compuviper.mx\/tienda\/producto\/samsung-lh65qmcebgcxgo887276757247-monitor-sealizacion-digital-65-uhd-3840-x-2160-4k-qm65c-500nits-8ms-bocinas-3-hdmi-2-usb-rj45-rs232c-wifi-h-v-24-7\/\" \/>\n<meta property=\"og:locale\" content=\"es_MX\" \/>\n<meta property=\"og:type\" content=\"article\" \/>\n<meta property=\"og:title\" content=\"[ Samsung ] &#129351; Lh65qmcebgcxgo,887276757247 Monitor Se\u00f1alizacion Digital 65 Uhd 3,840 X 2,160 4k Qm65c, 500nits, 8ms, Bocinas, 3 Hdmi, 2 Usb, Rj45, Rs232c, Wifi, H\/v, 24\/7\" \/>\n<meta property=\"og:description\" content=\"Compra Lh65qmcebgcxgo,887276757247 Monitor Se\u00f1alizacion Digital 65 Uhd 3,840 X 2,160 4k Qm65c, 500nits, 8ms, Bocinas, 3 Hdmi, 2 Usb, Rj45, Rs232c, Wifi, H\/v, 24\/7 + Env\u00edo a domicilio + Pago seguro + Garant\u00eda\" \/>\n<meta property=\"og:url\" content=\"https:\/\/compuviper.mx\/tienda\/producto\/samsung-lh65qmcebgcxgo887276757247-monitor-sealizacion-digital-65-uhd-3840-x-2160-4k-qm65c-500nits-8ms-bocinas-3-hdmi-2-usb-rj45-rs232c-wifi-h-v-24-7\/\" \/>\n<meta property=\"og:site_name\" content=\"Compuviper\" \/>\n<meta property=\"article:publisher\" content=\"https:\/\/www.facebook.com\/compuviper\" \/>\n<meta property=\"og:image\" content=\"https:\/\/compuviper.mx\/tienda\/wp-content\/uploads\/2024\/09\/Monitor-senalizacion-digital-samsung-65-qm65c-uhd-3840x2160-500nit-247.jpg\" \/>\n\t<meta property=\"og:image:width\" content=\"200\" \/>\n\t<meta property=\"og:image:height\" content=\"200\" \/>\n\t<meta property=\"og:image:type\" content=\"image\/jpeg\" \/>\n<meta name=\"twitter:card\" content=\"summary_large_image\" \/>\n<meta name=\"twitter:label1\" content=\"Precio\" \/>\n\t<meta name=\"twitter:data1\" content=\"&#36;19,325 &#36;18,380 con IVA\" \/>\n\t<meta name=\"twitter:label2\" content=\"Availability\" \/>\n\t<meta name=\"twitter:data2\" content=\"In stock\" \/>\n<script type=\"application\/ld+json\" class=\"yoast-schema-graph\">{\"@context\":\"https:\/\/schema.org\",\"@graph\":[{\"@type\":\"WebPage\",\"@id\":\"https:\/\/compuviper.mx\/tienda\/producto\/samsung-lh65qmcebgcxgo887276757247-monitor-sealizacion-digital-65-uhd-3840-x-2160-4k-qm65c-500nits-8ms-bocinas-3-hdmi-2-usb-rj45-rs232c-wifi-h-v-24-7\/\",\"url\":\"https:\/\/compuviper.mx\/tienda\/producto\/samsung-lh65qmcebgcxgo887276757247-monitor-sealizacion-digital-65-uhd-3840-x-2160-4k-qm65c-500nits-8ms-bocinas-3-hdmi-2-usb-rj45-rs232c-wifi-h-v-24-7\/\",\"name\":\"[ Samsung ] &#129351; Lh65qmcebgcxgo,887276757247 Monitor Se\u00f1alizacion Digital 65 Uhd 3,840 X 2,160 4k Qm65c, 500nits, 8ms, Bocinas, 3 Hdmi, 2 Usb, Rj45, Rs232c, Wifi, H\/v, 24\/7\",\"isPartOf\":{\"@id\":\"https:\/\/compuviper.mx\/tienda\/#website\"},\"datePublished\":\"2026-04-14T06:46:57+00:00\",\"dateModified\":\"2026-04-14T06:46:57+00:00\",\"description\":\"Compra Lh65qmcebgcxgo,887276757247 Monitor Se\u00f1alizacion Digital 65 Uhd 3,840 X 2,160 4k Qm65c, 500nits, 8ms, Bocinas, 3 Hdmi, 2 Usb, Rj45, Rs232c, Wifi, H\/v, 24\/7 + Env\u00edo a domicilio + Pago seguro + Garant\u00eda\",\"breadcrumb\":{\"@id\":\"https:\/\/compuviper.mx\/tienda\/producto\/samsung-lh65qmcebgcxgo887276757247-monitor-sealizacion-digital-65-uhd-3840-x-2160-4k-qm65c-500nits-8ms-bocinas-3-hdmi-2-usb-rj45-rs232c-wifi-h-v-24-7\/#breadcrumb\"},\"inLanguage\":\"es-MX\",\"potentialAction\":[{\"@type\":\"ReadAction\",\"target\":[\"https:\/\/compuviper.mx\/tienda\/producto\/samsung-lh65qmcebgcxgo887276757247-monitor-sealizacion-digital-65-uhd-3840-x-2160-4k-qm65c-500nits-8ms-bocinas-3-hdmi-2-usb-rj45-rs232c-wifi-h-v-24-7\/\"]}]},{\"@type\":\"BreadcrumbList\",\"@id\":\"https:\/\/compuviper.mx\/tienda\/producto\/samsung-lh65qmcebgcxgo887276757247-monitor-sealizacion-digital-65-uhd-3840-x-2160-4k-qm65c-500nits-8ms-bocinas-3-hdmi-2-usb-rj45-rs232c-wifi-h-v-24-7\/#breadcrumb\",\"itemListElement\":[{\"@type\":\"ListItem\",\"position\":1,\"name\":\"Inicio\",\"item\":\"https:\/\/compuviper.mx\/tienda\/\"},{\"@type\":\"ListItem\",\"position\":2,\"name\":\"Productos\",\"item\":\"https:\/\/compuviper.mx\/tienda\/productos\/\"},{\"@type\":\"ListItem\",\"position\":3,\"name\":\"Monitores\",\"item\":\"https:\/\/compuviper.mx\/tienda\/categoria-producto\/monitores\/\"},{\"@type\":\"ListItem\",\"position\":4,\"name\":\"Led\",\"item\":\"https:\/\/compuviper.mx\/tienda\/categoria-producto\/monitores\/led\/\"},{\"@type\":\"ListItem\",\"position\":5,\"name\":\"Samsung Lh65qmcebgcxgo,887276757247 Monitor Se?alizacion Digital 65 Uhd 3,840 X 2,160 4k Qm65c, 500nits, 8ms, Bocinas, 3 Hdmi, 2 Usb, Rj45, Rs232c, Wifi, H\/v, 24\/7\"}]},{\"@type\":\"WebSite\",\"@id\":\"https:\/\/compuviper.mx\/tienda\/#website\",\"url\":\"https:\/\/compuviper.mx\/tienda\/\",\"name\":\"Compuviper\",\"description\":\"Proveedor de Computadoras, Laptops, Servidores, Monitores, Puntos de Venta, Teclados,   Impresoras, T\u00f3ner, C\u00e1maras de Seguridad y m\u00e1s en tu tienda en l\u00ednea\",\"publisher\":{\"@id\":\"https:\/\/compuviper.mx\/tienda\/#organization\"},\"potentialAction\":[{\"@type\":\"SearchAction\",\"target\":{\"@type\":\"EntryPoint\",\"urlTemplate\":\"https:\/\/compuviper.mx\/tienda\/?s={search_term_string}\"},\"query-input\":\"required name=search_term_string\"}],\"inLanguage\":\"es-MX\"},{\"@type\":\"Organization\",\"@id\":\"https:\/\/compuviper.mx\/tienda\/#organization\",\"name\":\"Compuviper\",\"url\":\"https:\/\/compuviper.mx\/tienda\/\",\"logo\":{\"@type\":\"ImageObject\",\"inLanguage\":\"es-MX\",\"@id\":\"https:\/\/compuviper.mx\/tienda\/#\/schema\/logo\/image\/\",\"url\":\"https:\/\/compuviper.mx\/tienda\/wp-content\/uploads\/2021\/08\/Logo-Compuviper-10.png\",\"contentUrl\":\"https:\/\/compuviper.mx\/tienda\/wp-content\/uploads\/2021\/08\/Logo-Compuviper-10.png\",\"width\":1000,\"height\":500,\"caption\":\"Compuviper\"},\"image\":{\"@id\":\"https:\/\/compuviper.mx\/tienda\/#\/schema\/logo\/image\/\"},\"sameAs\":[\"https:\/\/www.facebook.com\/compuviper\",\"https:\/\/www.youtube.com\/channel\/UCf73dERp9Y3cfOq7q8BhLjA?view_as=subscriber\"]}]}<\/script>\n<meta property=\"product:brand\" content=\"SAMSUNG\" \/>\n<meta property=\"product:price:amount\" content=\"18380\" \/>\n<meta property=\"product:price:currency\" content=\"MXN\" \/>\n<meta property=\"og:availability\" content=\"instock\" \/>\n<meta property=\"product:availability\" content=\"instock\" \/>\n<meta property=\"product:retailer_item_id\" content=\"LH65QMCEBGCXGO,887276757247\" \/>\n<meta property=\"product:condition\" content=\"new\" \/>\n<!-- \/ Yoast SEO plugin. -->","yoast_head_json":{"title":"[ Samsung ] &#129351; Lh65qmcebgcxgo,887276757247 Monitor Se\u00f1alizacion Digital 65 Uhd 3,840 X 2,160 4k Qm65c, 500nits, 8ms, Bocinas, 3 Hdmi, 2 Usb, Rj45, Rs232c, Wifi, H\/v, 24\/7","description":"Compra Lh65qmcebgcxgo,887276757247 Monitor Se\u00f1alizacion Digital 65 Uhd 3,840 X 2,160 4k Qm65c, 500nits, 8ms, Bocinas, 3 Hdmi, 2 Usb, Rj45, Rs232c, Wifi, H\/v, 24\/7 + Env\u00edo a domicilio + Pago seguro + Garant\u00eda","robots":{"index":"index","follow":"follow","max-snippet":"max-snippet:-1","max-image-preview":"max-image-preview:large","max-video-preview":"max-video-preview:-1"},"canonical":"https:\/\/compuviper.mx\/tienda\/producto\/samsung-lh65qmcebgcxgo887276757247-monitor-sealizacion-digital-65-uhd-3840-x-2160-4k-qm65c-500nits-8ms-bocinas-3-hdmi-2-usb-rj45-rs232c-wifi-h-v-24-7\/","og_locale":"es_MX","og_type":"article","og_title":"[ Samsung ] &#129351; Lh65qmcebgcxgo,887276757247 Monitor Se\u00f1alizacion Digital 65 Uhd 3,840 X 2,160 4k Qm65c, 500nits, 8ms, Bocinas, 3 Hdmi, 2 Usb, Rj45, Rs232c, Wifi, H\/v, 24\/7","og_description":"Compra Lh65qmcebgcxgo,887276757247 Monitor Se\u00f1alizacion Digital 65 Uhd 3,840 X 2,160 4k Qm65c, 500nits, 8ms, Bocinas, 3 Hdmi, 2 Usb, Rj45, Rs232c, Wifi, H\/v, 24\/7 + Env\u00edo a domicilio + Pago seguro + Garant\u00eda","og_url":"https:\/\/compuviper.mx\/tienda\/producto\/samsung-lh65qmcebgcxgo887276757247-monitor-sealizacion-digital-65-uhd-3840-x-2160-4k-qm65c-500nits-8ms-bocinas-3-hdmi-2-usb-rj45-rs232c-wifi-h-v-24-7\/","og_site_name":"Compuviper","article_publisher":"https:\/\/www.facebook.com\/compuviper","og_image":[{"width":200,"height":200,"url":"https:\/\/compuviper.mx\/tienda\/wp-content\/uploads\/2024\/09\/Monitor-senalizacion-digital-samsung-65-qm65c-uhd-3840x2160-500nit-247.jpg","type":"image\/jpeg"}],"twitter_card":"summary_large_image","twitter_misc":{"Precio":"&#36;19,325 &#36;18,380 con IVA","Availability":"In stock"},"schema":{"@context":"https:\/\/schema.org","@graph":[{"@type":"WebPage","@id":"https:\/\/compuviper.mx\/tienda\/producto\/samsung-lh65qmcebgcxgo887276757247-monitor-sealizacion-digital-65-uhd-3840-x-2160-4k-qm65c-500nits-8ms-bocinas-3-hdmi-2-usb-rj45-rs232c-wifi-h-v-24-7\/","url":"https:\/\/compuviper.mx\/tienda\/producto\/samsung-lh65qmcebgcxgo887276757247-monitor-sealizacion-digital-65-uhd-3840-x-2160-4k-qm65c-500nits-8ms-bocinas-3-hdmi-2-usb-rj45-rs232c-wifi-h-v-24-7\/","name":"[ Samsung ] &#129351; Lh65qmcebgcxgo,887276757247 Monitor Se\u00f1alizacion Digital 65 Uhd 3,840 X 2,160 4k Qm65c, 500nits, 8ms, Bocinas, 3 Hdmi, 2 Usb, Rj45, Rs232c, Wifi, H\/v, 24\/7","isPartOf":{"@id":"https:\/\/compuviper.mx\/tienda\/#website"},"datePublished":"2026-04-14T06:46:57+00:00","dateModified":"2026-04-14T06:46:57+00:00","description":"Compra Lh65qmcebgcxgo,887276757247 Monitor Se\u00f1alizacion Digital 65 Uhd 3,840 X 2,160 4k Qm65c, 500nits, 8ms, Bocinas, 3 Hdmi, 2 Usb, Rj45, Rs232c, Wifi, H\/v, 24\/7 + Env\u00edo a domicilio + Pago seguro + Garant\u00eda","breadcrumb":{"@id":"https:\/\/compuviper.mx\/tienda\/producto\/samsung-lh65qmcebgcxgo887276757247-monitor-sealizacion-digital-65-uhd-3840-x-2160-4k-qm65c-500nits-8ms-bocinas-3-hdmi-2-usb-rj45-rs232c-wifi-h-v-24-7\/#breadcrumb"},"inLanguage":"es-MX","potentialAction":[{"@type":"ReadAction","target":["https:\/\/compuviper.mx\/tienda\/producto\/samsung-lh65qmcebgcxgo887276757247-monitor-sealizacion-digital-65-uhd-3840-x-2160-4k-qm65c-500nits-8ms-bocinas-3-hdmi-2-usb-rj45-rs232c-wifi-h-v-24-7\/"]}]},{"@type":"BreadcrumbList","@id":"https:\/\/compuviper.mx\/tienda\/producto\/samsung-lh65qmcebgcxgo887276757247-monitor-sealizacion-digital-65-uhd-3840-x-2160-4k-qm65c-500nits-8ms-bocinas-3-hdmi-2-usb-rj45-rs232c-wifi-h-v-24-7\/#breadcrumb","itemListElement":[{"@type":"ListItem","position":1,"name":"Inicio","item":"https:\/\/compuviper.mx\/tienda\/"},{"@type":"ListItem","position":2,"name":"Productos","item":"https:\/\/compuviper.mx\/tienda\/productos\/"},{"@type":"ListItem","position":3,"name":"Monitores","item":"https:\/\/compuviper.mx\/tienda\/categoria-producto\/monitores\/"},{"@type":"ListItem","position":4,"name":"Led","item":"https:\/\/compuviper.mx\/tienda\/categoria-producto\/monitores\/led\/"},{"@type":"ListItem","position":5,"name":"Samsung Lh65qmcebgcxgo,887276757247 Monitor Se?alizacion Digital 65 Uhd 3,840 X 2,160 4k Qm65c, 500nits, 8ms, Bocinas, 3 Hdmi, 2 Usb, Rj45, Rs232c, Wifi, H\/v, 24\/7"}]},{"@type":"WebSite","@id":"https:\/\/compuviper.mx\/tienda\/#website","url":"https:\/\/compuviper.mx\/tienda\/","name":"Compuviper","description":"Proveedor de Computadoras, Laptops, Servidores, Monitores, Puntos de Venta, Teclados,   Impresoras, T\u00f3ner, C\u00e1maras de Seguridad y m\u00e1s en tu tienda en l\u00ednea","publisher":{"@id":"https:\/\/compuviper.mx\/tienda\/#organization"},"potentialAction":[{"@type":"SearchAction","target":{"@type":"EntryPoint","urlTemplate":"https:\/\/compuviper.mx\/tienda\/?s={search_term_string}"},"query-input":"required name=search_term_string"}],"inLanguage":"es-MX"},{"@type":"Organization","@id":"https:\/\/compuviper.mx\/tienda\/#organization","name":"Compuviper","url":"https:\/\/compuviper.mx\/tienda\/","logo":{"@type":"ImageObject","inLanguage":"es-MX","@id":"https:\/\/compuviper.mx\/tienda\/#\/schema\/logo\/image\/","url":"https:\/\/compuviper.mx\/tienda\/wp-content\/uploads\/2021\/08\/Logo-Compuviper-10.png","contentUrl":"https:\/\/compuviper.mx\/tienda\/wp-content\/uploads\/2021\/08\/Logo-Compuviper-10.png","width":1000,"height":500,"caption":"Compuviper"},"image":{"@id":"https:\/\/compuviper.mx\/tienda\/#\/schema\/logo\/image\/"},"sameAs":["https:\/\/www.facebook.com\/compuviper","https:\/\/www.youtube.com\/channel\/UCf73dERp9Y3cfOq7q8BhLjA?view_as=subscriber"]}]},"product_brand":"SAMSUNG","product_price_amount":"18380","product_price_currency":"MXN","og_availability":"instock","product_availability":"instock","product_retailer_item_id":"LH65QMCEBGCXGO,887276757247","product_condition":"new"},"_links":{"self":[{"href":"https:\/\/compuviper.mx\/tienda\/wp-json\/wp\/v2\/product\/220085"}],"collection":[{"href":"https:\/\/compuviper.mx\/tienda\/wp-json\/wp\/v2\/product"}],"about":[{"href":"https:\/\/compuviper.mx\/tienda\/wp-json\/wp\/v2\/types\/product"}],"replies":[{"embeddable":true,"href":"https:\/\/compuviper.mx\/tienda\/wp-json\/wp\/v2\/comments?post=220085"}],"wp:featuredmedia":[{"embeddable":true,"href":"https:\/\/compuviper.mx\/tienda\/wp-json\/wp\/v2\/media\/242704"}],"wp:attachment":[{"href":"https:\/\/compuviper.mx\/tienda\/wp-json\/wp\/v2\/media?parent=220085"}],"wp:term":[{"taxonomy":"product_cat","embeddable":true,"href":"https:\/\/compuviper.mx\/tienda\/wp-json\/wp\/v2\/product_cat?post=220085"},{"taxonomy":"product_tag","embeddable":true,"href":"https:\/\/compuviper.mx\/tienda\/wp-json\/wp\/v2\/product_tag?post=220085"}],"curies":[{"name":"wp","href":"https:\/\/api.w.org\/{rel}","templated":true}]}}