{"id":220060,"date":"2026-04-10T00:43:12","date_gmt":"2026-04-10T06:43:12","guid":{"rendered":"https:\/\/compuviper.mx\/tienda\/producto\/3nstar-tcm010vh-monitor-touch-screen-15-pulgadas-resistivo-vga-hdmi-usb\/"},"modified":"2026-04-10T00:43:12","modified_gmt":"2026-04-10T06:43:12","slug":"3nstar-tcm010vh-monitor-touch-screen-15-pulgadas-capacitiva-10-puntos-construido-con-base-de-metal-vga-hdmi-usb","status":"publish","type":"product","link":"https:\/\/compuviper.mx\/tienda\/producto\/3nstar-tcm010vh-monitor-touch-screen-15-pulgadas-capacitiva-10-puntos-construido-con-base-de-metal-vga-hdmi-usb\/","title":{"rendered":"3nstar Tcm010vh Monitor  , Touch Screen, 15 Pulgadas, Capacitiva 10 Puntos , Construido Con Base De Metal , Vga, Hdmi , Usb"},"content":{"rendered":"<table class=\"descripcion\">\n<tr>\n<td>Caracteristicas fisicas<\/td>\n<\/tr>\n<tr>\n<td>Color negro<\/td>\n<\/tr>\n<tr>\n<td>Dimensiones 320mm h x 361mm w x 174mmd<\/td>\n<\/tr>\n<tr>\n<td>Peso 4.6 kg<\/td>\n<\/tr>\n<tr>\n<td>Monitor<\/td>\n<\/tr>\n<tr>\n<td>Tamao de la pantalla 15<\/td>\n<\/tr>\n<tr>\n<td>Resolucion 1024 x 768<\/td>\n<\/tr>\n<tr>\n<td>Tamao punto 0.297h0.297v mm<\/td>\n<\/tr>\n<tr>\n<td>Brillo 400 cd\/m\u00b2<\/td>\n<\/tr>\n<tr>\n<td>Contraste 700:1<\/td>\n<\/tr>\n<tr>\n<td>Tiempo de respuesta 6ms<\/td>\n<\/tr>\n<tr>\n<td>Angulo de vision 160\u00ba\/140\u00ba<\/td>\n<\/tr>\n<tr>\n<td>Colores 262k<\/td>\n<\/tr>\n<tr>\n<td>Frecuencia lineal 42.4khz\u009660.0khz<\/td>\n<\/tr>\n<tr>\n<td>Frecuencia de campo 60hz\u009675hz<\/td>\n<\/tr>\n<tr>\n<td>Vida util 100,000 horas<\/td>\n<\/tr>\n<tr>\n<td>Pantalla tactil<\/td>\n<\/tr>\n<tr>\n<td>Tipo capacitivo 10 puntos<\/td>\n<\/tr>\n<tr>\n<td>Transmitancia 88<\/td>\n<\/tr>\n<tr>\n<td>Cantidad de \u0093toques\u0094 10,000,000<\/td>\n<\/tr>\n<tr>\n<td>Dureza de la superficie contacto o proximidad  1mm<\/td>\n<\/tr>\n<tr>\n<td>Conectividad y compatibilidad<\/td>\n<\/tr>\n<tr>\n<td>Monitor interfaz vga tcm010, vgahdmi tcm010vh<\/td>\n<\/tr>\n<tr>\n<td>Pantalla tactil interfaz usb 2.0<\/td>\n<\/tr>\n<tr>\n<td>Compatibilidad windows, linux<\/td>\n<\/tr>\n<tr>\n<td>Caracteristicas electricas<\/td>\n<\/tr>\n<tr>\n<td>Entrada alimentacion del adaptador 100-250v\/50-60hz<\/td>\n<\/tr>\n<tr>\n<td>Salida de corriente del adaptador dc 12v., 3a<\/td>\n<\/tr>\n<tr>\n<td>Entrada de alimentacion del monitor dc 12v., 3a<\/td>\n<\/tr>\n<tr>\n<td>Consumo total 18w max<\/td>\n<\/tr>\n<tr>\n<td>Emi \/ certificaciones tuv, ce, vcci, fcc<\/td>\n<\/tr>\n<tr>\n<td>Ambientales<\/td>\n<\/tr>\n<tr>\n<td>Temperatura de operacion 0 and 8451; a 40 and 8451;<\/td>\n<\/tr>\n<tr>\n<td>Temperatura de almacenamiento -20 and 8451; a 60 and 8451;<\/td>\n<\/tr>\n<tr>\n<td>Humedad 20 a 80<\/td>\n<\/tr>\n<tr>\n<td>Empaque<\/td>\n<\/tr>\n<tr>\n<td>Dimensiones 46.5cm x 24cm x 41cm<\/td>\n<\/tr>\n<tr>\n<td>Peso bruto 7.0kg<\/td>\n<\/tr>\n<tr>\n<td>Opciones<\/td>\n<\/tr>\n<tr>\n<td>Accesorios lector de<\/td>\n<\/tr>\n<\/table>\n","protected":false},"excerpt":{"rendered":"<p>Caracteristicas fisicas. Color negro. Dimensiones 320mm h x 361mm w x 174mmd. Peso 4.6 kg. Monitor. Tamao de la pantalla 15. Resolucion 1024 x 768. Tamao punto 0.297h0.297v mm. Brillo 400 cd\/m?. Contraste 700:1. Tiempo de respuesta 6ms. Angulo de vision 160\u00ba\/140?. Colores 262k. Frecuencia lineal 42.4khz\u009660.0khz. Frecuencia de campo 60hz\u009675hz. Vida util 100,000 horas. Pantalla tactil. Tipo capacitivo 10 puntos. Transmitancia 88. Cantidad de \u0093toques\u0094 10,000,000. Dureza de la superficie contacto o proximidad  1mm. Conectividad y compatibilidad. Monitor interfaz vga tcm010, vgahdmi tcm010vh. Pantalla tactil interfaz usb 2.0. Compatibilidad windows, linux. Caracteristicas electricas. Entrada alimentacion del adaptador 100-250v\/50-60hz. Salida de corriente del adaptador dc 12v., 3a. Entrada de alimentacion del monitor dc 12v., 3a. Consumo total 18w max. Emi \/ certificaciones tuv, ce, vcci, fcc. Ambientales. Temperatura de operacion 0 and 8451; a 40 and 8451. Temperatura de almacenamiento -20 and 8451; a 60 and 8451. Humedad 20 a 80. Empaque. Dimensiones 46.5cm x 24cm x 41cm. Peso bruto 7.0kg. Opciones. Accesorios lector de<\/p>\n","protected":false},"featured_media":220061,"comment_status":"open","ping_status":"open","template":"","meta":[],"product_cat":[1740,1742],"product_tag":[1570],"acf":[],"yoast_head":"<!-- This site is optimized with the Yoast SEO plugin v21.7 - https:\/\/yoast.com\/wordpress\/plugins\/seo\/ -->\n<title>[ 3nstar ] &#129351; Tcm010vh Monitor , Touch Screen, 15 Pulgadas, Capacitiva 10 Puntos , Construido Con Base De Metal , Vga, Hdmi , Usb<\/title>\n<meta name=\"description\" content=\"Compra Tcm010vh Monitor , Touch Screen, 15 Pulgadas, Capacitiva 10 Puntos , Construido Con Base De Metal , Vga, Hdmi , Usb + Env\u00edo a domicilio + Pago seguro + Garant\u00eda\" \/>\n<meta name=\"robots\" content=\"index, follow, max-snippet:-1, max-image-preview:large, max-video-preview:-1\" \/>\n<link rel=\"canonical\" href=\"https:\/\/compuviper.mx\/tienda\/producto\/3nstar-tcm010vh-monitor-touch-screen-15-pulgadas-capacitiva-10-puntos-construido-con-base-de-metal-vga-hdmi-usb\/\" \/>\n<meta property=\"og:locale\" content=\"es_MX\" \/>\n<meta property=\"og:type\" content=\"article\" \/>\n<meta property=\"og:title\" content=\"[ 3nstar ] &#129351; Tcm010vh Monitor , Touch Screen, 15 Pulgadas, Capacitiva 10 Puntos , Construido Con Base De Metal , Vga, Hdmi , Usb\" \/>\n<meta property=\"og:description\" content=\"Compra Tcm010vh Monitor , Touch Screen, 15 Pulgadas, Capacitiva 10 Puntos , Construido Con Base De Metal , Vga, Hdmi , Usb + Env\u00edo a domicilio + Pago seguro + Garant\u00eda\" \/>\n<meta property=\"og:url\" content=\"https:\/\/compuviper.mx\/tienda\/producto\/3nstar-tcm010vh-monitor-touch-screen-15-pulgadas-capacitiva-10-puntos-construido-con-base-de-metal-vga-hdmi-usb\/\" \/>\n<meta property=\"og:site_name\" content=\"Compuviper\" \/>\n<meta property=\"article:publisher\" content=\"https:\/\/www.facebook.com\/compuviper\" \/>\n<meta property=\"og:image\" content=\"https:\/\/compuviper.mx\/tienda\/wp-content\/uploads\/2023\/12\/Monitor-3nstar-tcm010vh-touch-screen-15-pulgadas-resistivo-vga-hdmi-usb.jpg\" \/>\n\t<meta property=\"og:image:width\" content=\"200\" \/>\n\t<meta property=\"og:image:height\" content=\"200\" \/>\n\t<meta property=\"og:image:type\" content=\"image\/jpeg\" \/>\n<meta name=\"twitter:card\" content=\"summary_large_image\" \/>\n<meta name=\"twitter:label1\" content=\"Precio\" \/>\n\t<meta name=\"twitter:data1\" content=\"&#36;4,689 con IVA\" \/>\n\t<meta name=\"twitter:label2\" content=\"Availability\" \/>\n\t<meta name=\"twitter:data2\" content=\"In stock\" \/>\n<script type=\"application\/ld+json\" class=\"yoast-schema-graph\">{\"@context\":\"https:\/\/schema.org\",\"@graph\":[{\"@type\":\"WebPage\",\"@id\":\"https:\/\/compuviper.mx\/tienda\/producto\/3nstar-tcm010vh-monitor-touch-screen-15-pulgadas-capacitiva-10-puntos-construido-con-base-de-metal-vga-hdmi-usb\/\",\"url\":\"https:\/\/compuviper.mx\/tienda\/producto\/3nstar-tcm010vh-monitor-touch-screen-15-pulgadas-capacitiva-10-puntos-construido-con-base-de-metal-vga-hdmi-usb\/\",\"name\":\"[ 3nstar ] &#129351; Tcm010vh Monitor , Touch Screen, 15 Pulgadas, Capacitiva 10 Puntos , Construido Con Base De Metal , Vga, Hdmi , Usb\",\"isPartOf\":{\"@id\":\"https:\/\/compuviper.mx\/tienda\/#website\"},\"datePublished\":\"2026-04-10T06:43:12+00:00\",\"dateModified\":\"2026-04-10T06:43:12+00:00\",\"description\":\"Compra Tcm010vh Monitor , Touch Screen, 15 Pulgadas, Capacitiva 10 Puntos , Construido Con Base De Metal , Vga, Hdmi , Usb + Env\u00edo a domicilio + Pago seguro + Garant\u00eda\",\"breadcrumb\":{\"@id\":\"https:\/\/compuviper.mx\/tienda\/producto\/3nstar-tcm010vh-monitor-touch-screen-15-pulgadas-capacitiva-10-puntos-construido-con-base-de-metal-vga-hdmi-usb\/#breadcrumb\"},\"inLanguage\":\"es-MX\",\"potentialAction\":[{\"@type\":\"ReadAction\",\"target\":[\"https:\/\/compuviper.mx\/tienda\/producto\/3nstar-tcm010vh-monitor-touch-screen-15-pulgadas-capacitiva-10-puntos-construido-con-base-de-metal-vga-hdmi-usb\/\"]}]},{\"@type\":\"BreadcrumbList\",\"@id\":\"https:\/\/compuviper.mx\/tienda\/producto\/3nstar-tcm010vh-monitor-touch-screen-15-pulgadas-capacitiva-10-puntos-construido-con-base-de-metal-vga-hdmi-usb\/#breadcrumb\",\"itemListElement\":[{\"@type\":\"ListItem\",\"position\":1,\"name\":\"Inicio\",\"item\":\"https:\/\/compuviper.mx\/tienda\/\"},{\"@type\":\"ListItem\",\"position\":2,\"name\":\"Productos\",\"item\":\"https:\/\/compuviper.mx\/tienda\/productos\/\"},{\"@type\":\"ListItem\",\"position\":3,\"name\":\"Monitores\",\"item\":\"https:\/\/compuviper.mx\/tienda\/categoria-producto\/monitores\/\"},{\"@type\":\"ListItem\",\"position\":4,\"name\":\"Touch Screen\",\"item\":\"https:\/\/compuviper.mx\/tienda\/categoria-producto\/monitores\/touch-screen\/\"},{\"@type\":\"ListItem\",\"position\":5,\"name\":\"3nstar Tcm010vh Monitor , Touch Screen, 15 Pulgadas, Capacitiva 10 Puntos , Construido Con Base De Metal , Vga, Hdmi , Usb\"}]},{\"@type\":\"WebSite\",\"@id\":\"https:\/\/compuviper.mx\/tienda\/#website\",\"url\":\"https:\/\/compuviper.mx\/tienda\/\",\"name\":\"Compuviper\",\"description\":\"Proveedor de Computadoras, Laptops, Servidores, Monitores, Puntos de Venta, Teclados,   Impresoras, T\u00f3ner, C\u00e1maras de Seguridad y m\u00e1s en tu tienda en l\u00ednea\",\"publisher\":{\"@id\":\"https:\/\/compuviper.mx\/tienda\/#organization\"},\"potentialAction\":[{\"@type\":\"SearchAction\",\"target\":{\"@type\":\"EntryPoint\",\"urlTemplate\":\"https:\/\/compuviper.mx\/tienda\/?s={search_term_string}\"},\"query-input\":\"required name=search_term_string\"}],\"inLanguage\":\"es-MX\"},{\"@type\":\"Organization\",\"@id\":\"https:\/\/compuviper.mx\/tienda\/#organization\",\"name\":\"Compuviper\",\"url\":\"https:\/\/compuviper.mx\/tienda\/\",\"logo\":{\"@type\":\"ImageObject\",\"inLanguage\":\"es-MX\",\"@id\":\"https:\/\/compuviper.mx\/tienda\/#\/schema\/logo\/image\/\",\"url\":\"https:\/\/compuviper.mx\/tienda\/wp-content\/uploads\/2021\/08\/Logo-Compuviper-10.png\",\"contentUrl\":\"https:\/\/compuviper.mx\/tienda\/wp-content\/uploads\/2021\/08\/Logo-Compuviper-10.png\",\"width\":1000,\"height\":500,\"caption\":\"Compuviper\"},\"image\":{\"@id\":\"https:\/\/compuviper.mx\/tienda\/#\/schema\/logo\/image\/\"},\"sameAs\":[\"https:\/\/www.facebook.com\/compuviper\",\"https:\/\/www.youtube.com\/channel\/UCf73dERp9Y3cfOq7q8BhLjA?view_as=subscriber\"]}]}<\/script>\n<meta property=\"product:brand\" content=\"3NSTAR\" \/>\n<meta property=\"product:price:amount\" content=\"4689\" \/>\n<meta property=\"product:price:currency\" content=\"MXN\" \/>\n<meta property=\"og:availability\" content=\"instock\" \/>\n<meta property=\"product:availability\" content=\"instock\" \/>\n<meta property=\"product:retailer_item_id\" content=\"TCM010VH\" \/>\n<meta property=\"product:condition\" content=\"new\" \/>\n<!-- \/ Yoast SEO plugin. -->","yoast_head_json":{"title":"[ 3nstar ] &#129351; Tcm010vh Monitor , Touch Screen, 15 Pulgadas, Capacitiva 10 Puntos , Construido Con Base De Metal , Vga, Hdmi , Usb","description":"Compra Tcm010vh Monitor , Touch Screen, 15 Pulgadas, Capacitiva 10 Puntos , Construido Con Base De Metal , Vga, Hdmi , Usb + Env\u00edo a domicilio + Pago seguro + Garant\u00eda","robots":{"index":"index","follow":"follow","max-snippet":"max-snippet:-1","max-image-preview":"max-image-preview:large","max-video-preview":"max-video-preview:-1"},"canonical":"https:\/\/compuviper.mx\/tienda\/producto\/3nstar-tcm010vh-monitor-touch-screen-15-pulgadas-capacitiva-10-puntos-construido-con-base-de-metal-vga-hdmi-usb\/","og_locale":"es_MX","og_type":"article","og_title":"[ 3nstar ] &#129351; Tcm010vh Monitor , Touch Screen, 15 Pulgadas, Capacitiva 10 Puntos , Construido Con Base De Metal , Vga, Hdmi , Usb","og_description":"Compra Tcm010vh Monitor , Touch Screen, 15 Pulgadas, Capacitiva 10 Puntos , Construido Con Base De Metal , Vga, Hdmi , Usb + Env\u00edo a domicilio + Pago seguro + Garant\u00eda","og_url":"https:\/\/compuviper.mx\/tienda\/producto\/3nstar-tcm010vh-monitor-touch-screen-15-pulgadas-capacitiva-10-puntos-construido-con-base-de-metal-vga-hdmi-usb\/","og_site_name":"Compuviper","article_publisher":"https:\/\/www.facebook.com\/compuviper","og_image":[{"width":200,"height":200,"url":"https:\/\/compuviper.mx\/tienda\/wp-content\/uploads\/2023\/12\/Monitor-3nstar-tcm010vh-touch-screen-15-pulgadas-resistivo-vga-hdmi-usb.jpg","type":"image\/jpeg"}],"twitter_card":"summary_large_image","twitter_misc":{"Precio":"&#36;4,689 con IVA","Availability":"In stock"},"schema":{"@context":"https:\/\/schema.org","@graph":[{"@type":"WebPage","@id":"https:\/\/compuviper.mx\/tienda\/producto\/3nstar-tcm010vh-monitor-touch-screen-15-pulgadas-capacitiva-10-puntos-construido-con-base-de-metal-vga-hdmi-usb\/","url":"https:\/\/compuviper.mx\/tienda\/producto\/3nstar-tcm010vh-monitor-touch-screen-15-pulgadas-capacitiva-10-puntos-construido-con-base-de-metal-vga-hdmi-usb\/","name":"[ 3nstar ] &#129351; Tcm010vh Monitor , Touch Screen, 15 Pulgadas, Capacitiva 10 Puntos , Construido Con Base De Metal , Vga, Hdmi , Usb","isPartOf":{"@id":"https:\/\/compuviper.mx\/tienda\/#website"},"datePublished":"2026-04-10T06:43:12+00:00","dateModified":"2026-04-10T06:43:12+00:00","description":"Compra Tcm010vh Monitor , Touch Screen, 15 Pulgadas, Capacitiva 10 Puntos , Construido Con Base De Metal , Vga, Hdmi , Usb + Env\u00edo a domicilio + Pago seguro + Garant\u00eda","breadcrumb":{"@id":"https:\/\/compuviper.mx\/tienda\/producto\/3nstar-tcm010vh-monitor-touch-screen-15-pulgadas-capacitiva-10-puntos-construido-con-base-de-metal-vga-hdmi-usb\/#breadcrumb"},"inLanguage":"es-MX","potentialAction":[{"@type":"ReadAction","target":["https:\/\/compuviper.mx\/tienda\/producto\/3nstar-tcm010vh-monitor-touch-screen-15-pulgadas-capacitiva-10-puntos-construido-con-base-de-metal-vga-hdmi-usb\/"]}]},{"@type":"BreadcrumbList","@id":"https:\/\/compuviper.mx\/tienda\/producto\/3nstar-tcm010vh-monitor-touch-screen-15-pulgadas-capacitiva-10-puntos-construido-con-base-de-metal-vga-hdmi-usb\/#breadcrumb","itemListElement":[{"@type":"ListItem","position":1,"name":"Inicio","item":"https:\/\/compuviper.mx\/tienda\/"},{"@type":"ListItem","position":2,"name":"Productos","item":"https:\/\/compuviper.mx\/tienda\/productos\/"},{"@type":"ListItem","position":3,"name":"Monitores","item":"https:\/\/compuviper.mx\/tienda\/categoria-producto\/monitores\/"},{"@type":"ListItem","position":4,"name":"Touch Screen","item":"https:\/\/compuviper.mx\/tienda\/categoria-producto\/monitores\/touch-screen\/"},{"@type":"ListItem","position":5,"name":"3nstar Tcm010vh Monitor , Touch Screen, 15 Pulgadas, Capacitiva 10 Puntos , Construido Con Base De Metal , Vga, Hdmi , Usb"}]},{"@type":"WebSite","@id":"https:\/\/compuviper.mx\/tienda\/#website","url":"https:\/\/compuviper.mx\/tienda\/","name":"Compuviper","description":"Proveedor de Computadoras, Laptops, Servidores, Monitores, Puntos de Venta, Teclados,   Impresoras, T\u00f3ner, C\u00e1maras de Seguridad y m\u00e1s en tu tienda en l\u00ednea","publisher":{"@id":"https:\/\/compuviper.mx\/tienda\/#organization"},"potentialAction":[{"@type":"SearchAction","target":{"@type":"EntryPoint","urlTemplate":"https:\/\/compuviper.mx\/tienda\/?s={search_term_string}"},"query-input":"required name=search_term_string"}],"inLanguage":"es-MX"},{"@type":"Organization","@id":"https:\/\/compuviper.mx\/tienda\/#organization","name":"Compuviper","url":"https:\/\/compuviper.mx\/tienda\/","logo":{"@type":"ImageObject","inLanguage":"es-MX","@id":"https:\/\/compuviper.mx\/tienda\/#\/schema\/logo\/image\/","url":"https:\/\/compuviper.mx\/tienda\/wp-content\/uploads\/2021\/08\/Logo-Compuviper-10.png","contentUrl":"https:\/\/compuviper.mx\/tienda\/wp-content\/uploads\/2021\/08\/Logo-Compuviper-10.png","width":1000,"height":500,"caption":"Compuviper"},"image":{"@id":"https:\/\/compuviper.mx\/tienda\/#\/schema\/logo\/image\/"},"sameAs":["https:\/\/www.facebook.com\/compuviper","https:\/\/www.youtube.com\/channel\/UCf73dERp9Y3cfOq7q8BhLjA?view_as=subscriber"]}]},"product_brand":"3NSTAR","product_price_amount":"4689","product_price_currency":"MXN","og_availability":"instock","product_availability":"instock","product_retailer_item_id":"TCM010VH","product_condition":"new"},"_links":{"self":[{"href":"https:\/\/compuviper.mx\/tienda\/wp-json\/wp\/v2\/product\/220060"}],"collection":[{"href":"https:\/\/compuviper.mx\/tienda\/wp-json\/wp\/v2\/product"}],"about":[{"href":"https:\/\/compuviper.mx\/tienda\/wp-json\/wp\/v2\/types\/product"}],"replies":[{"embeddable":true,"href":"https:\/\/compuviper.mx\/tienda\/wp-json\/wp\/v2\/comments?post=220060"}],"wp:featuredmedia":[{"embeddable":true,"href":"https:\/\/compuviper.mx\/tienda\/wp-json\/wp\/v2\/media\/220061"}],"wp:attachment":[{"href":"https:\/\/compuviper.mx\/tienda\/wp-json\/wp\/v2\/media?parent=220060"}],"wp:term":[{"taxonomy":"product_cat","embeddable":true,"href":"https:\/\/compuviper.mx\/tienda\/wp-json\/wp\/v2\/product_cat?post=220060"},{"taxonomy":"product_tag","embeddable":true,"href":"https:\/\/compuviper.mx\/tienda\/wp-json\/wp\/v2\/product_tag?post=220060"}],"curies":[{"name":"wp","href":"https:\/\/api.w.org\/{rel}","templated":true}]}}