{"id":220054,"date":"2026-04-17T00:50:28","date_gmt":"2026-04-17T06:50:28","guid":{"rendered":"https:\/\/compuviper.mx\/tienda\/producto\/lenovo-63a2gar1la-monitor-thinkvision-p27q-30-27-2560-x-1440-wled-4ms-1-hdmi-4-usb-color-raven-black-3-year-warranty\/"},"modified":"2026-04-17T00:50:29","modified_gmt":"2026-04-17T06:50:29","slug":"lenovo-63a2gar1la-monitor-thinkvision-p27q-30-27-2560-x-1440-wled-4ms-1-hdmi-4-usb-color-raven-black-3-year-warranty","status":"publish","type":"product","link":"https:\/\/compuviper.mx\/tienda\/producto\/lenovo-63a2gar1la-monitor-thinkvision-p27q-30-27-2560-x-1440-wled-4ms-1-hdmi-4-usb-color-raven-black-3-year-warranty\/","title":{"rendered":"Lenovo 63a2gar1la Monitor  Thinkvision P27q-30 \/ 27 2560 X 1440 \/ Wled \/ 4ms \/ 1 Hdmi \/ 4 Usb \/ Color Raven Black \/ 3 Year Warranty"},"content":{"rendered":"<table class=\"descripcion\">\n<tr>\n<td>Monitor lenovo thinkvision p27q-30 \/ 27 2560 x 1440 \/ 60 hz \/ wled \/ 4ms \/ 1 hdmi \/ 4 usb \/ coor raven black \/ energy star \/ eyesafe display tuv \/ eye confort \/ 3 year warranty<\/td>\n<\/tr>\n<\/table>\n","protected":false},"excerpt":{"rendered":"<p>Para profesionales que trabajan en diversos campos y que realizan multitareas con alta productividad que desean caracteristicaas adicionales de rendimiento para la eficiencia y productividad. Fabricado con un dise\u00f1o nearedgeless de 4 costados obtiene mas pantalla sin tener que sacar mas espacio. La tecnologia de luz baja natural reduce el cansancio ocular sin distorsiones del color, de modo que obtenga largas duraciones de tiempo de la pantalla para realizar el trabajo sin molestias.<\/p>\n","protected":false},"featured_media":220055,"comment_status":"open","ping_status":"open","template":"","meta":[],"product_cat":[1740,1741],"product_tag":[1578],"acf":[],"yoast_head":"<!-- This site is optimized with the Yoast SEO plugin v21.7 - https:\/\/yoast.com\/wordpress\/plugins\/seo\/ -->\n<title>[ Lenovo ] &#129351; 63a2gar1la Monitor Thinkvision P27q-30 \/ 27 2560 X 1440 \/ Wled \/ 4ms \/ 1 Hdmi \/ 4 Usb \/ Color Raven Black \/ 3 Year Warranty<\/title>\n<meta name=\"description\" content=\"Compra 63a2gar1la Monitor Thinkvision P27q-30 \/ 27 2560 X 1440 \/ Wled \/ 4ms \/ 1 Hdmi \/ 4 Usb \/ Color Raven Black \/ 3 Year Warranty + Env\u00edo a domicilio + Pago seguro + Garant\u00eda\" \/>\n<meta name=\"robots\" content=\"index, follow, max-snippet:-1, max-image-preview:large, max-video-preview:-1\" \/>\n<link rel=\"canonical\" href=\"https:\/\/compuviper.mx\/tienda\/producto\/lenovo-63a2gar1la-monitor-thinkvision-p27q-30-27-2560-x-1440-wled-4ms-1-hdmi-4-usb-color-raven-black-3-year-warranty\/\" \/>\n<meta property=\"og:locale\" content=\"es_MX\" \/>\n<meta property=\"og:type\" content=\"article\" \/>\n<meta property=\"og:title\" content=\"[ Lenovo ] &#129351; 63a2gar1la Monitor Thinkvision P27q-30 \/ 27 2560 X 1440 \/ Wled \/ 4ms \/ 1 Hdmi \/ 4 Usb \/ Color Raven Black \/ 3 Year Warranty\" \/>\n<meta property=\"og:description\" content=\"Compra 63a2gar1la Monitor Thinkvision P27q-30 \/ 27 2560 X 1440 \/ Wled \/ 4ms \/ 1 Hdmi \/ 4 Usb \/ Color Raven Black \/ 3 Year Warranty + Env\u00edo a domicilio + Pago seguro + Garant\u00eda\" \/>\n<meta property=\"og:url\" content=\"https:\/\/compuviper.mx\/tienda\/producto\/lenovo-63a2gar1la-monitor-thinkvision-p27q-30-27-2560-x-1440-wled-4ms-1-hdmi-4-usb-color-raven-black-3-year-warranty\/\" \/>\n<meta property=\"og:site_name\" content=\"Compuviper\" \/>\n<meta property=\"article:publisher\" content=\"https:\/\/www.facebook.com\/compuviper\" \/>\n<meta property=\"article:modified_time\" content=\"2026-04-17T06:50:29+00:00\" \/>\n<meta property=\"og:image\" content=\"https:\/\/compuviper.mx\/tienda\/wp-content\/uploads\/2023\/12\/Monitor-lenovo-thinkvision-p27q-30-27-2560-x-1440-wled-4ms-1-hdmi-4-usb-color-raven-black-3-year-warranty.jpg\" \/>\n\t<meta property=\"og:image:width\" content=\"200\" \/>\n\t<meta property=\"og:image:height\" content=\"200\" \/>\n\t<meta property=\"og:image:type\" content=\"image\/jpeg\" \/>\n<meta name=\"twitter:card\" content=\"summary_large_image\" \/>\n<meta name=\"twitter:label1\" content=\"Precio\" \/>\n\t<meta name=\"twitter:data1\" content=\"&#36;7,136 con IVA\" \/>\n\t<meta name=\"twitter:label2\" content=\"Availability\" \/>\n\t<meta name=\"twitter:data2\" content=\"Out of stock\" \/>\n<script type=\"application\/ld+json\" class=\"yoast-schema-graph\">{\"@context\":\"https:\/\/schema.org\",\"@graph\":[{\"@type\":\"WebPage\",\"@id\":\"https:\/\/compuviper.mx\/tienda\/producto\/lenovo-63a2gar1la-monitor-thinkvision-p27q-30-27-2560-x-1440-wled-4ms-1-hdmi-4-usb-color-raven-black-3-year-warranty\/\",\"url\":\"https:\/\/compuviper.mx\/tienda\/producto\/lenovo-63a2gar1la-monitor-thinkvision-p27q-30-27-2560-x-1440-wled-4ms-1-hdmi-4-usb-color-raven-black-3-year-warranty\/\",\"name\":\"[ Lenovo ] &#129351; 63a2gar1la Monitor Thinkvision P27q-30 \/ 27 2560 X 1440 \/ Wled \/ 4ms \/ 1 Hdmi \/ 4 Usb \/ Color Raven Black \/ 3 Year Warranty\",\"isPartOf\":{\"@id\":\"https:\/\/compuviper.mx\/tienda\/#website\"},\"datePublished\":\"2026-04-17T06:50:28+00:00\",\"dateModified\":\"2026-04-17T06:50:29+00:00\",\"description\":\"Compra 63a2gar1la Monitor Thinkvision P27q-30 \/ 27 2560 X 1440 \/ Wled \/ 4ms \/ 1 Hdmi \/ 4 Usb \/ Color Raven Black \/ 3 Year Warranty + Env\u00edo a domicilio + Pago seguro + Garant\u00eda\",\"breadcrumb\":{\"@id\":\"https:\/\/compuviper.mx\/tienda\/producto\/lenovo-63a2gar1la-monitor-thinkvision-p27q-30-27-2560-x-1440-wled-4ms-1-hdmi-4-usb-color-raven-black-3-year-warranty\/#breadcrumb\"},\"inLanguage\":\"es-MX\",\"potentialAction\":[{\"@type\":\"ReadAction\",\"target\":[\"https:\/\/compuviper.mx\/tienda\/producto\/lenovo-63a2gar1la-monitor-thinkvision-p27q-30-27-2560-x-1440-wled-4ms-1-hdmi-4-usb-color-raven-black-3-year-warranty\/\"]}]},{\"@type\":\"BreadcrumbList\",\"@id\":\"https:\/\/compuviper.mx\/tienda\/producto\/lenovo-63a2gar1la-monitor-thinkvision-p27q-30-27-2560-x-1440-wled-4ms-1-hdmi-4-usb-color-raven-black-3-year-warranty\/#breadcrumb\",\"itemListElement\":[{\"@type\":\"ListItem\",\"position\":1,\"name\":\"Inicio\",\"item\":\"https:\/\/compuviper.mx\/tienda\/\"},{\"@type\":\"ListItem\",\"position\":2,\"name\":\"Productos\",\"item\":\"https:\/\/compuviper.mx\/tienda\/productos\/\"},{\"@type\":\"ListItem\",\"position\":3,\"name\":\"Monitores\",\"item\":\"https:\/\/compuviper.mx\/tienda\/categoria-producto\/monitores\/\"},{\"@type\":\"ListItem\",\"position\":4,\"name\":\"Led\",\"item\":\"https:\/\/compuviper.mx\/tienda\/categoria-producto\/monitores\/led\/\"},{\"@type\":\"ListItem\",\"position\":5,\"name\":\"Lenovo 63a2gar1la Monitor Thinkvision P27q-30 \/ 27 2560 X 1440 \/ Wled \/ 4ms \/ 1 Hdmi \/ 4 Usb \/ Color Raven Black \/ 3 Year Warranty\"}]},{\"@type\":\"WebSite\",\"@id\":\"https:\/\/compuviper.mx\/tienda\/#website\",\"url\":\"https:\/\/compuviper.mx\/tienda\/\",\"name\":\"Compuviper\",\"description\":\"Proveedor de Computadoras, Laptops, Servidores, Monitores, Puntos de Venta, Teclados,   Impresoras, T\u00f3ner, C\u00e1maras de Seguridad y m\u00e1s en tu tienda en l\u00ednea\",\"publisher\":{\"@id\":\"https:\/\/compuviper.mx\/tienda\/#organization\"},\"potentialAction\":[{\"@type\":\"SearchAction\",\"target\":{\"@type\":\"EntryPoint\",\"urlTemplate\":\"https:\/\/compuviper.mx\/tienda\/?s={search_term_string}\"},\"query-input\":\"required name=search_term_string\"}],\"inLanguage\":\"es-MX\"},{\"@type\":\"Organization\",\"@id\":\"https:\/\/compuviper.mx\/tienda\/#organization\",\"name\":\"Compuviper\",\"url\":\"https:\/\/compuviper.mx\/tienda\/\",\"logo\":{\"@type\":\"ImageObject\",\"inLanguage\":\"es-MX\",\"@id\":\"https:\/\/compuviper.mx\/tienda\/#\/schema\/logo\/image\/\",\"url\":\"https:\/\/compuviper.mx\/tienda\/wp-content\/uploads\/2021\/08\/Logo-Compuviper-10.png\",\"contentUrl\":\"https:\/\/compuviper.mx\/tienda\/wp-content\/uploads\/2021\/08\/Logo-Compuviper-10.png\",\"width\":1000,\"height\":500,\"caption\":\"Compuviper\"},\"image\":{\"@id\":\"https:\/\/compuviper.mx\/tienda\/#\/schema\/logo\/image\/\"},\"sameAs\":[\"https:\/\/www.facebook.com\/compuviper\",\"https:\/\/www.youtube.com\/channel\/UCf73dERp9Y3cfOq7q8BhLjA?view_as=subscriber\"]}]}<\/script>\n<meta property=\"product:brand\" content=\"LENOVO\" \/>\n<meta property=\"product:price:amount\" content=\"7136\" \/>\n<meta property=\"product:price:currency\" content=\"MXN\" \/>\n<meta property=\"og:availability\" content=\"out of stock\" \/>\n<meta property=\"product:availability\" content=\"out of stock\" \/>\n<meta property=\"product:retailer_item_id\" content=\"63A2GAR1LA\" \/>\n<meta property=\"product:condition\" content=\"new\" \/>\n<!-- \/ Yoast SEO plugin. -->","yoast_head_json":{"title":"[ Lenovo ] &#129351; 63a2gar1la Monitor Thinkvision P27q-30 \/ 27 2560 X 1440 \/ Wled \/ 4ms \/ 1 Hdmi \/ 4 Usb \/ Color Raven Black \/ 3 Year Warranty","description":"Compra 63a2gar1la Monitor Thinkvision P27q-30 \/ 27 2560 X 1440 \/ Wled \/ 4ms \/ 1 Hdmi \/ 4 Usb \/ Color Raven Black \/ 3 Year Warranty + Env\u00edo a domicilio + Pago seguro + Garant\u00eda","robots":{"index":"index","follow":"follow","max-snippet":"max-snippet:-1","max-image-preview":"max-image-preview:large","max-video-preview":"max-video-preview:-1"},"canonical":"https:\/\/compuviper.mx\/tienda\/producto\/lenovo-63a2gar1la-monitor-thinkvision-p27q-30-27-2560-x-1440-wled-4ms-1-hdmi-4-usb-color-raven-black-3-year-warranty\/","og_locale":"es_MX","og_type":"article","og_title":"[ Lenovo ] &#129351; 63a2gar1la Monitor Thinkvision P27q-30 \/ 27 2560 X 1440 \/ Wled \/ 4ms \/ 1 Hdmi \/ 4 Usb \/ Color Raven Black \/ 3 Year Warranty","og_description":"Compra 63a2gar1la Monitor Thinkvision P27q-30 \/ 27 2560 X 1440 \/ Wled \/ 4ms \/ 1 Hdmi \/ 4 Usb \/ Color Raven Black \/ 3 Year Warranty + Env\u00edo a domicilio + Pago seguro + Garant\u00eda","og_url":"https:\/\/compuviper.mx\/tienda\/producto\/lenovo-63a2gar1la-monitor-thinkvision-p27q-30-27-2560-x-1440-wled-4ms-1-hdmi-4-usb-color-raven-black-3-year-warranty\/","og_site_name":"Compuviper","article_publisher":"https:\/\/www.facebook.com\/compuviper","article_modified_time":"2026-04-17T06:50:29+00:00","og_image":[{"width":200,"height":200,"url":"https:\/\/compuviper.mx\/tienda\/wp-content\/uploads\/2023\/12\/Monitor-lenovo-thinkvision-p27q-30-27-2560-x-1440-wled-4ms-1-hdmi-4-usb-color-raven-black-3-year-warranty.jpg","type":"image\/jpeg"}],"twitter_card":"summary_large_image","twitter_misc":{"Precio":"&#36;7,136 con IVA","Availability":"Out of stock"},"schema":{"@context":"https:\/\/schema.org","@graph":[{"@type":"WebPage","@id":"https:\/\/compuviper.mx\/tienda\/producto\/lenovo-63a2gar1la-monitor-thinkvision-p27q-30-27-2560-x-1440-wled-4ms-1-hdmi-4-usb-color-raven-black-3-year-warranty\/","url":"https:\/\/compuviper.mx\/tienda\/producto\/lenovo-63a2gar1la-monitor-thinkvision-p27q-30-27-2560-x-1440-wled-4ms-1-hdmi-4-usb-color-raven-black-3-year-warranty\/","name":"[ Lenovo ] &#129351; 63a2gar1la Monitor Thinkvision P27q-30 \/ 27 2560 X 1440 \/ Wled \/ 4ms \/ 1 Hdmi \/ 4 Usb \/ Color Raven Black \/ 3 Year Warranty","isPartOf":{"@id":"https:\/\/compuviper.mx\/tienda\/#website"},"datePublished":"2026-04-17T06:50:28+00:00","dateModified":"2026-04-17T06:50:29+00:00","description":"Compra 63a2gar1la Monitor Thinkvision P27q-30 \/ 27 2560 X 1440 \/ Wled \/ 4ms \/ 1 Hdmi \/ 4 Usb \/ Color Raven Black \/ 3 Year Warranty + Env\u00edo a domicilio + Pago seguro + Garant\u00eda","breadcrumb":{"@id":"https:\/\/compuviper.mx\/tienda\/producto\/lenovo-63a2gar1la-monitor-thinkvision-p27q-30-27-2560-x-1440-wled-4ms-1-hdmi-4-usb-color-raven-black-3-year-warranty\/#breadcrumb"},"inLanguage":"es-MX","potentialAction":[{"@type":"ReadAction","target":["https:\/\/compuviper.mx\/tienda\/producto\/lenovo-63a2gar1la-monitor-thinkvision-p27q-30-27-2560-x-1440-wled-4ms-1-hdmi-4-usb-color-raven-black-3-year-warranty\/"]}]},{"@type":"BreadcrumbList","@id":"https:\/\/compuviper.mx\/tienda\/producto\/lenovo-63a2gar1la-monitor-thinkvision-p27q-30-27-2560-x-1440-wled-4ms-1-hdmi-4-usb-color-raven-black-3-year-warranty\/#breadcrumb","itemListElement":[{"@type":"ListItem","position":1,"name":"Inicio","item":"https:\/\/compuviper.mx\/tienda\/"},{"@type":"ListItem","position":2,"name":"Productos","item":"https:\/\/compuviper.mx\/tienda\/productos\/"},{"@type":"ListItem","position":3,"name":"Monitores","item":"https:\/\/compuviper.mx\/tienda\/categoria-producto\/monitores\/"},{"@type":"ListItem","position":4,"name":"Led","item":"https:\/\/compuviper.mx\/tienda\/categoria-producto\/monitores\/led\/"},{"@type":"ListItem","position":5,"name":"Lenovo 63a2gar1la Monitor Thinkvision P27q-30 \/ 27 2560 X 1440 \/ Wled \/ 4ms \/ 1 Hdmi \/ 4 Usb \/ Color Raven Black \/ 3 Year Warranty"}]},{"@type":"WebSite","@id":"https:\/\/compuviper.mx\/tienda\/#website","url":"https:\/\/compuviper.mx\/tienda\/","name":"Compuviper","description":"Proveedor de Computadoras, Laptops, Servidores, Monitores, Puntos de Venta, Teclados,   Impresoras, T\u00f3ner, C\u00e1maras de Seguridad y m\u00e1s en tu tienda en l\u00ednea","publisher":{"@id":"https:\/\/compuviper.mx\/tienda\/#organization"},"potentialAction":[{"@type":"SearchAction","target":{"@type":"EntryPoint","urlTemplate":"https:\/\/compuviper.mx\/tienda\/?s={search_term_string}"},"query-input":"required name=search_term_string"}],"inLanguage":"es-MX"},{"@type":"Organization","@id":"https:\/\/compuviper.mx\/tienda\/#organization","name":"Compuviper","url":"https:\/\/compuviper.mx\/tienda\/","logo":{"@type":"ImageObject","inLanguage":"es-MX","@id":"https:\/\/compuviper.mx\/tienda\/#\/schema\/logo\/image\/","url":"https:\/\/compuviper.mx\/tienda\/wp-content\/uploads\/2021\/08\/Logo-Compuviper-10.png","contentUrl":"https:\/\/compuviper.mx\/tienda\/wp-content\/uploads\/2021\/08\/Logo-Compuviper-10.png","width":1000,"height":500,"caption":"Compuviper"},"image":{"@id":"https:\/\/compuviper.mx\/tienda\/#\/schema\/logo\/image\/"},"sameAs":["https:\/\/www.facebook.com\/compuviper","https:\/\/www.youtube.com\/channel\/UCf73dERp9Y3cfOq7q8BhLjA?view_as=subscriber"]}]},"product_brand":"LENOVO","product_price_amount":"7136","product_price_currency":"MXN","og_availability":"out of stock","product_availability":"out of stock","product_retailer_item_id":"63A2GAR1LA","product_condition":"new"},"_links":{"self":[{"href":"https:\/\/compuviper.mx\/tienda\/wp-json\/wp\/v2\/product\/220054"}],"collection":[{"href":"https:\/\/compuviper.mx\/tienda\/wp-json\/wp\/v2\/product"}],"about":[{"href":"https:\/\/compuviper.mx\/tienda\/wp-json\/wp\/v2\/types\/product"}],"replies":[{"embeddable":true,"href":"https:\/\/compuviper.mx\/tienda\/wp-json\/wp\/v2\/comments?post=220054"}],"wp:featuredmedia":[{"embeddable":true,"href":"https:\/\/compuviper.mx\/tienda\/wp-json\/wp\/v2\/media\/220055"}],"wp:attachment":[{"href":"https:\/\/compuviper.mx\/tienda\/wp-json\/wp\/v2\/media?parent=220054"}],"wp:term":[{"taxonomy":"product_cat","embeddable":true,"href":"https:\/\/compuviper.mx\/tienda\/wp-json\/wp\/v2\/product_cat?post=220054"},{"taxonomy":"product_tag","embeddable":true,"href":"https:\/\/compuviper.mx\/tienda\/wp-json\/wp\/v2\/product_tag?post=220054"}],"curies":[{"name":"wp","href":"https:\/\/api.w.org\/{rel}","templated":true}]}}