{"id":220015,"date":"2026-04-10T00:43:10","date_gmt":"2026-04-10T06:43:10","guid":{"rendered":"https:\/\/compuviper.mx\/tienda\/producto\/dahua-display-lph75-mc470-p-monitor-para-video-conferencia-dahua-75-deephub-touchscreen-20-multi-usuarios-ultra-hd-4k-8-microfonos-camara-8-mp-4k-sonido-android-1rj45-3-usb-1-micro-usb-hdm\/"},"modified":"2026-04-10T00:43:10","modified_gmt":"2026-04-10T06:43:10","slug":"dahua-display-lph75-mc470-p-monitor-para-video-conferencia-dahua-75-deephub-touchscreen-20-multi-usuarios-ultra-hd-4k-8-microfonos-camara-8-mp-4k-sonido-android-1rj45-3-usb-1-micro-usb-hdm","status":"publish","type":"product","link":"https:\/\/compuviper.mx\/tienda\/producto\/dahua-display-lph75-mc470-p-monitor-para-video-conferencia-dahua-75-deephub-touchscreen-20-multi-usuarios-ultra-hd-4k-8-microfonos-camara-8-mp-4k-sonido-android-1rj45-3-usb-1-micro-usb-hdm\/","title":{"rendered":"Dahua Display Lph75-mc470-p Monitor Para Video Conferencia Dahua 75 Deephub  Touchscreen 20 Multi Usuarios Ultra Hd 4k\/ 8 Microfonos \/ Camara 8 Mp 4k, Sonido\/ Android \/1rj45\/3 Usb\/1 Micro Usb\/hdm"},"content":{"rendered":"<table class=\"descripcion\">\n<tr>\n<td>Dahua depp hub<\/td>\n<\/tr>\n<tr>\n<td>Sistema operativo : android<\/td>\n<\/tr>\n<tr>\n<td>Cpu qc a73 +qc a53<\/td>\n<\/tr>\n<tr>\n<td>Ram: 12 gb (sistema 8 gb + 4 gb camara)<\/td>\n<\/tr>\n<tr>\n<td>Rom 64 gb<\/td>\n<\/tr>\n<tr>\n<td>Compatible con : windows 7 \/ 8 \/ 10 \/ android<\/td>\n<\/tr>\n<tr>\n<td>Wifi dual band  (2.4 ghz y 5g)<\/td>\n<\/tr>\n<tr>\n<td>Wifihotspot . dual band<\/td>\n<\/tr>\n<tr>\n<td>Panel lcd<\/td>\n<\/tr>\n<tr>\n<td>Tama\u00f1o 65<\/td>\n<\/tr>\n<tr>\n<td>Backligth dled<\/td>\n<\/tr>\n<tr>\n<td>Aspecto: 16:9<\/td>\n<\/tr>\n<tr>\n<td>Brillo : 350 cd\/m2<\/td>\n<\/tr>\n<tr>\n<td>Resolucion (3840 x2160)<\/td>\n<\/tr>\n<tr>\n<td>Tasa de refresh : 60 hz<\/td>\n<\/tr>\n<tr>\n<td>Camara:<\/td>\n<\/tr>\n<tr>\n<td>Pixel 48 mp<\/td>\n<\/tr>\n<tr>\n<td>Auto control<\/td>\n<\/tr>\n<tr>\n<td>Distorcion: -8.6%<\/td>\n<\/tr>\n<tr>\n<td>Max resolucion: 3840 x 2160<\/td>\n<\/tr>\n<\/table>\n","protected":false},"excerpt":{"rendered":"<p>Resumen del sistema. La pizarra interactiva inteligente dahua deephub pro es una nueva generaci\u00f3n de pizarras interactivas inteligentes que tienen un controlador principal de alto rendimiento y m\u00faltiples funciones inteligentes. Adopta tecnolog\u00eda de retroiluminaci\u00f3n led de tipo directo y tiene una pantalla led 4k construida con vidrio templado antideslumbrante con una dureza de 7 en la escala de mohs. La pantalla viene en 65, 75, 86 y 98. Esta pizarra ultrafina admite hasta 20 puntos de escritura multiusuario y est\u00e1 equipada con una lente motorizada de 48 mp, altavoces, 8 conjuntos de micr\u00f3fonos y pantalla t\u00e1ctil. Ofrece varias funciones, como videoconferencias, escribir en la pizarra, compartir pantalla de forma inal\u00e1mbrica y le permite escanear c\u00f3digos para acceder al contenido de la pizarra.<\/p>\n","protected":false},"featured_media":220016,"comment_status":"open","ping_status":"open","template":"","meta":[],"product_cat":[1740,1742],"product_tag":[2206],"acf":[],"yoast_head":"<!-- This site is optimized with the Yoast SEO plugin v21.7 - https:\/\/yoast.com\/wordpress\/plugins\/seo\/ -->\n<title>[ Dahua Display ] &#129351; Lph75-mc470-p Monitor Para Video Conferencia Dahua 75 Deephub Touchscreen 20 Multi Usuarios Ultra Hd 4k\/ 8 Microfonos \/ Camara 8 Mp 4k, Sonido\/ Android \/1rj45\/3 Usb\/1 Micro Usb\/hdm<\/title>\n<meta name=\"description\" content=\"Compra Lph75-mc470-p Monitor Para Video Conferencia Dahua 75 Deephub Touchscreen 20 Multi Usuarios Ultra Hd 4k\/ 8 Microfonos \/ Camara 8 Mp 4k, Sonido\/ Android \/1rj45\/3 Usb\/1 Micro Usb\/hdm + Env\u00edo a domicilio + Pago seguro + Garant\u00eda\" \/>\n<meta name=\"robots\" content=\"index, follow, max-snippet:-1, max-image-preview:large, max-video-preview:-1\" \/>\n<link rel=\"canonical\" href=\"https:\/\/compuviper.mx\/tienda\/producto\/dahua-display-lph75-mc470-p-monitor-para-video-conferencia-dahua-75-deephub-touchscreen-20-multi-usuarios-ultra-hd-4k-8-microfonos-camara-8-mp-4k-sonido-android-1rj45-3-usb-1-micro-usb-hdm\/\" \/>\n<meta property=\"og:locale\" content=\"es_MX\" \/>\n<meta property=\"og:type\" content=\"article\" \/>\n<meta property=\"og:title\" content=\"[ Dahua Display ] &#129351; Lph75-mc470-p Monitor Para Video Conferencia Dahua 75 Deephub Touchscreen 20 Multi Usuarios Ultra Hd 4k\/ 8 Microfonos \/ Camara 8 Mp 4k, Sonido\/ Android \/1rj45\/3 Usb\/1 Micro Usb\/hdm\" \/>\n<meta property=\"og:description\" content=\"Compra Lph75-mc470-p Monitor Para Video Conferencia Dahua 75 Deephub Touchscreen 20 Multi Usuarios Ultra Hd 4k\/ 8 Microfonos \/ Camara 8 Mp 4k, Sonido\/ Android \/1rj45\/3 Usb\/1 Micro Usb\/hdm + Env\u00edo a domicilio + Pago seguro + Garant\u00eda\" \/>\n<meta property=\"og:url\" content=\"https:\/\/compuviper.mx\/tienda\/producto\/dahua-display-lph75-mc470-p-monitor-para-video-conferencia-dahua-75-deephub-touchscreen-20-multi-usuarios-ultra-hd-4k-8-microfonos-camara-8-mp-4k-sonido-android-1rj45-3-usb-1-micro-usb-hdm\/\" \/>\n<meta property=\"og:site_name\" content=\"Compuviper\" \/>\n<meta property=\"article:publisher\" content=\"https:\/\/www.facebook.com\/compuviper\" \/>\n<meta property=\"og:image\" content=\"https:\/\/compuviper.mx\/tienda\/wp-content\/uploads\/2023\/12\/Monitor-para-video-conferencia-dahua-75-deephub-lph75-mc470-p-touchscreen-20-multi-usuarios-ultra-hd-4k-8-microfonos-camara-8-mp-4k-sonido-android-1rj453-usb1-micro-usbhdm.jpg\" \/>\n\t<meta property=\"og:image:width\" content=\"200\" \/>\n\t<meta property=\"og:image:height\" content=\"200\" \/>\n\t<meta property=\"og:image:type\" content=\"image\/jpeg\" \/>\n<meta name=\"twitter:card\" content=\"summary_large_image\" \/>\n<meta name=\"twitter:label1\" content=\"Precio\" \/>\n\t<meta name=\"twitter:data1\" content=\"&#36;49,514 con IVA\" \/>\n\t<meta name=\"twitter:label2\" content=\"Availability\" \/>\n\t<meta name=\"twitter:data2\" content=\"Out of stock\" \/>\n<script type=\"application\/ld+json\" class=\"yoast-schema-graph\">{\"@context\":\"https:\/\/schema.org\",\"@graph\":[{\"@type\":\"WebPage\",\"@id\":\"https:\/\/compuviper.mx\/tienda\/producto\/dahua-display-lph75-mc470-p-monitor-para-video-conferencia-dahua-75-deephub-touchscreen-20-multi-usuarios-ultra-hd-4k-8-microfonos-camara-8-mp-4k-sonido-android-1rj45-3-usb-1-micro-usb-hdm\/\",\"url\":\"https:\/\/compuviper.mx\/tienda\/producto\/dahua-display-lph75-mc470-p-monitor-para-video-conferencia-dahua-75-deephub-touchscreen-20-multi-usuarios-ultra-hd-4k-8-microfonos-camara-8-mp-4k-sonido-android-1rj45-3-usb-1-micro-usb-hdm\/\",\"name\":\"[ Dahua Display ] &#129351; Lph75-mc470-p Monitor Para Video Conferencia Dahua 75 Deephub Touchscreen 20 Multi Usuarios Ultra Hd 4k\/ 8 Microfonos \/ Camara 8 Mp 4k, Sonido\/ Android \/1rj45\/3 Usb\/1 Micro Usb\/hdm\",\"isPartOf\":{\"@id\":\"https:\/\/compuviper.mx\/tienda\/#website\"},\"datePublished\":\"2026-04-10T06:43:10+00:00\",\"dateModified\":\"2026-04-10T06:43:10+00:00\",\"description\":\"Compra Lph75-mc470-p Monitor Para Video Conferencia Dahua 75 Deephub Touchscreen 20 Multi Usuarios Ultra Hd 4k\/ 8 Microfonos \/ Camara 8 Mp 4k, Sonido\/ Android \/1rj45\/3 Usb\/1 Micro Usb\/hdm + Env\u00edo a domicilio + Pago seguro + Garant\u00eda\",\"breadcrumb\":{\"@id\":\"https:\/\/compuviper.mx\/tienda\/producto\/dahua-display-lph75-mc470-p-monitor-para-video-conferencia-dahua-75-deephub-touchscreen-20-multi-usuarios-ultra-hd-4k-8-microfonos-camara-8-mp-4k-sonido-android-1rj45-3-usb-1-micro-usb-hdm\/#breadcrumb\"},\"inLanguage\":\"es-MX\",\"potentialAction\":[{\"@type\":\"ReadAction\",\"target\":[\"https:\/\/compuviper.mx\/tienda\/producto\/dahua-display-lph75-mc470-p-monitor-para-video-conferencia-dahua-75-deephub-touchscreen-20-multi-usuarios-ultra-hd-4k-8-microfonos-camara-8-mp-4k-sonido-android-1rj45-3-usb-1-micro-usb-hdm\/\"]}]},{\"@type\":\"BreadcrumbList\",\"@id\":\"https:\/\/compuviper.mx\/tienda\/producto\/dahua-display-lph75-mc470-p-monitor-para-video-conferencia-dahua-75-deephub-touchscreen-20-multi-usuarios-ultra-hd-4k-8-microfonos-camara-8-mp-4k-sonido-android-1rj45-3-usb-1-micro-usb-hdm\/#breadcrumb\",\"itemListElement\":[{\"@type\":\"ListItem\",\"position\":1,\"name\":\"Inicio\",\"item\":\"https:\/\/compuviper.mx\/tienda\/\"},{\"@type\":\"ListItem\",\"position\":2,\"name\":\"Productos\",\"item\":\"https:\/\/compuviper.mx\/tienda\/productos\/\"},{\"@type\":\"ListItem\",\"position\":3,\"name\":\"Monitores\",\"item\":\"https:\/\/compuviper.mx\/tienda\/categoria-producto\/monitores\/\"},{\"@type\":\"ListItem\",\"position\":4,\"name\":\"Touch Screen\",\"item\":\"https:\/\/compuviper.mx\/tienda\/categoria-producto\/monitores\/touch-screen\/\"},{\"@type\":\"ListItem\",\"position\":5,\"name\":\"Dahua Display Lph75-mc470-p Monitor Para Video Conferencia Dahua 75 Deephub Touchscreen 20 Multi Usuarios Ultra Hd 4k\/ 8 Microfonos \/ Camara 8 Mp 4k, Sonido\/ Android \/1rj45\/3 Usb\/1 Micro Usb\/hdm\"}]},{\"@type\":\"WebSite\",\"@id\":\"https:\/\/compuviper.mx\/tienda\/#website\",\"url\":\"https:\/\/compuviper.mx\/tienda\/\",\"name\":\"Compuviper\",\"description\":\"Proveedor de Computadoras, Laptops, Servidores, Monitores, Puntos de Venta, Teclados,   Impresoras, T\u00f3ner, C\u00e1maras de Seguridad y m\u00e1s en tu tienda en l\u00ednea\",\"publisher\":{\"@id\":\"https:\/\/compuviper.mx\/tienda\/#organization\"},\"potentialAction\":[{\"@type\":\"SearchAction\",\"target\":{\"@type\":\"EntryPoint\",\"urlTemplate\":\"https:\/\/compuviper.mx\/tienda\/?s={search_term_string}\"},\"query-input\":\"required name=search_term_string\"}],\"inLanguage\":\"es-MX\"},{\"@type\":\"Organization\",\"@id\":\"https:\/\/compuviper.mx\/tienda\/#organization\",\"name\":\"Compuviper\",\"url\":\"https:\/\/compuviper.mx\/tienda\/\",\"logo\":{\"@type\":\"ImageObject\",\"inLanguage\":\"es-MX\",\"@id\":\"https:\/\/compuviper.mx\/tienda\/#\/schema\/logo\/image\/\",\"url\":\"https:\/\/compuviper.mx\/tienda\/wp-content\/uploads\/2021\/08\/Logo-Compuviper-10.png\",\"contentUrl\":\"https:\/\/compuviper.mx\/tienda\/wp-content\/uploads\/2021\/08\/Logo-Compuviper-10.png\",\"width\":1000,\"height\":500,\"caption\":\"Compuviper\"},\"image\":{\"@id\":\"https:\/\/compuviper.mx\/tienda\/#\/schema\/logo\/image\/\"},\"sameAs\":[\"https:\/\/www.facebook.com\/compuviper\",\"https:\/\/www.youtube.com\/channel\/UCf73dERp9Y3cfOq7q8BhLjA?view_as=subscriber\"]}]}<\/script>\n<meta property=\"product:brand\" content=\"Dahua Display\" \/>\n<meta property=\"product:price:amount\" content=\"49514\" \/>\n<meta property=\"product:price:currency\" content=\"MXN\" \/>\n<meta property=\"og:availability\" content=\"out of stock\" \/>\n<meta property=\"product:availability\" content=\"out of stock\" \/>\n<meta property=\"product:retailer_item_id\" content=\"LPH75-MC470-P\" \/>\n<meta property=\"product:condition\" content=\"new\" \/>\n<!-- \/ Yoast SEO plugin. -->","yoast_head_json":{"title":"[ Dahua Display ] &#129351; Lph75-mc470-p Monitor Para Video Conferencia Dahua 75 Deephub Touchscreen 20 Multi Usuarios Ultra Hd 4k\/ 8 Microfonos \/ Camara 8 Mp 4k, Sonido\/ Android \/1rj45\/3 Usb\/1 Micro Usb\/hdm","description":"Compra Lph75-mc470-p Monitor Para Video Conferencia Dahua 75 Deephub Touchscreen 20 Multi Usuarios Ultra Hd 4k\/ 8 Microfonos \/ Camara 8 Mp 4k, Sonido\/ Android \/1rj45\/3 Usb\/1 Micro Usb\/hdm + Env\u00edo a domicilio + Pago seguro + Garant\u00eda","robots":{"index":"index","follow":"follow","max-snippet":"max-snippet:-1","max-image-preview":"max-image-preview:large","max-video-preview":"max-video-preview:-1"},"canonical":"https:\/\/compuviper.mx\/tienda\/producto\/dahua-display-lph75-mc470-p-monitor-para-video-conferencia-dahua-75-deephub-touchscreen-20-multi-usuarios-ultra-hd-4k-8-microfonos-camara-8-mp-4k-sonido-android-1rj45-3-usb-1-micro-usb-hdm\/","og_locale":"es_MX","og_type":"article","og_title":"[ Dahua Display ] &#129351; Lph75-mc470-p Monitor Para Video Conferencia Dahua 75 Deephub Touchscreen 20 Multi Usuarios Ultra Hd 4k\/ 8 Microfonos \/ Camara 8 Mp 4k, Sonido\/ Android \/1rj45\/3 Usb\/1 Micro Usb\/hdm","og_description":"Compra Lph75-mc470-p Monitor Para Video Conferencia Dahua 75 Deephub Touchscreen 20 Multi Usuarios Ultra Hd 4k\/ 8 Microfonos \/ Camara 8 Mp 4k, Sonido\/ Android \/1rj45\/3 Usb\/1 Micro Usb\/hdm + Env\u00edo a domicilio + Pago seguro + Garant\u00eda","og_url":"https:\/\/compuviper.mx\/tienda\/producto\/dahua-display-lph75-mc470-p-monitor-para-video-conferencia-dahua-75-deephub-touchscreen-20-multi-usuarios-ultra-hd-4k-8-microfonos-camara-8-mp-4k-sonido-android-1rj45-3-usb-1-micro-usb-hdm\/","og_site_name":"Compuviper","article_publisher":"https:\/\/www.facebook.com\/compuviper","og_image":[{"width":200,"height":200,"url":"https:\/\/compuviper.mx\/tienda\/wp-content\/uploads\/2023\/12\/Monitor-para-video-conferencia-dahua-75-deephub-lph75-mc470-p-touchscreen-20-multi-usuarios-ultra-hd-4k-8-microfonos-camara-8-mp-4k-sonido-android-1rj453-usb1-micro-usbhdm.jpg","type":"image\/jpeg"}],"twitter_card":"summary_large_image","twitter_misc":{"Precio":"&#36;49,514 con IVA","Availability":"Out of stock"},"schema":{"@context":"https:\/\/schema.org","@graph":[{"@type":"WebPage","@id":"https:\/\/compuviper.mx\/tienda\/producto\/dahua-display-lph75-mc470-p-monitor-para-video-conferencia-dahua-75-deephub-touchscreen-20-multi-usuarios-ultra-hd-4k-8-microfonos-camara-8-mp-4k-sonido-android-1rj45-3-usb-1-micro-usb-hdm\/","url":"https:\/\/compuviper.mx\/tienda\/producto\/dahua-display-lph75-mc470-p-monitor-para-video-conferencia-dahua-75-deephub-touchscreen-20-multi-usuarios-ultra-hd-4k-8-microfonos-camara-8-mp-4k-sonido-android-1rj45-3-usb-1-micro-usb-hdm\/","name":"[ Dahua Display ] &#129351; Lph75-mc470-p Monitor Para Video Conferencia Dahua 75 Deephub Touchscreen 20 Multi Usuarios Ultra Hd 4k\/ 8 Microfonos \/ Camara 8 Mp 4k, Sonido\/ Android \/1rj45\/3 Usb\/1 Micro Usb\/hdm","isPartOf":{"@id":"https:\/\/compuviper.mx\/tienda\/#website"},"datePublished":"2026-04-10T06:43:10+00:00","dateModified":"2026-04-10T06:43:10+00:00","description":"Compra Lph75-mc470-p Monitor Para Video Conferencia Dahua 75 Deephub Touchscreen 20 Multi Usuarios Ultra Hd 4k\/ 8 Microfonos \/ Camara 8 Mp 4k, Sonido\/ Android \/1rj45\/3 Usb\/1 Micro Usb\/hdm + Env\u00edo a domicilio + Pago seguro + Garant\u00eda","breadcrumb":{"@id":"https:\/\/compuviper.mx\/tienda\/producto\/dahua-display-lph75-mc470-p-monitor-para-video-conferencia-dahua-75-deephub-touchscreen-20-multi-usuarios-ultra-hd-4k-8-microfonos-camara-8-mp-4k-sonido-android-1rj45-3-usb-1-micro-usb-hdm\/#breadcrumb"},"inLanguage":"es-MX","potentialAction":[{"@type":"ReadAction","target":["https:\/\/compuviper.mx\/tienda\/producto\/dahua-display-lph75-mc470-p-monitor-para-video-conferencia-dahua-75-deephub-touchscreen-20-multi-usuarios-ultra-hd-4k-8-microfonos-camara-8-mp-4k-sonido-android-1rj45-3-usb-1-micro-usb-hdm\/"]}]},{"@type":"BreadcrumbList","@id":"https:\/\/compuviper.mx\/tienda\/producto\/dahua-display-lph75-mc470-p-monitor-para-video-conferencia-dahua-75-deephub-touchscreen-20-multi-usuarios-ultra-hd-4k-8-microfonos-camara-8-mp-4k-sonido-android-1rj45-3-usb-1-micro-usb-hdm\/#breadcrumb","itemListElement":[{"@type":"ListItem","position":1,"name":"Inicio","item":"https:\/\/compuviper.mx\/tienda\/"},{"@type":"ListItem","position":2,"name":"Productos","item":"https:\/\/compuviper.mx\/tienda\/productos\/"},{"@type":"ListItem","position":3,"name":"Monitores","item":"https:\/\/compuviper.mx\/tienda\/categoria-producto\/monitores\/"},{"@type":"ListItem","position":4,"name":"Touch Screen","item":"https:\/\/compuviper.mx\/tienda\/categoria-producto\/monitores\/touch-screen\/"},{"@type":"ListItem","position":5,"name":"Dahua Display Lph75-mc470-p Monitor Para Video Conferencia Dahua 75 Deephub Touchscreen 20 Multi Usuarios Ultra Hd 4k\/ 8 Microfonos \/ Camara 8 Mp 4k, Sonido\/ Android \/1rj45\/3 Usb\/1 Micro Usb\/hdm"}]},{"@type":"WebSite","@id":"https:\/\/compuviper.mx\/tienda\/#website","url":"https:\/\/compuviper.mx\/tienda\/","name":"Compuviper","description":"Proveedor de Computadoras, Laptops, Servidores, Monitores, Puntos de Venta, Teclados,   Impresoras, T\u00f3ner, C\u00e1maras de Seguridad y m\u00e1s en tu tienda en l\u00ednea","publisher":{"@id":"https:\/\/compuviper.mx\/tienda\/#organization"},"potentialAction":[{"@type":"SearchAction","target":{"@type":"EntryPoint","urlTemplate":"https:\/\/compuviper.mx\/tienda\/?s={search_term_string}"},"query-input":"required name=search_term_string"}],"inLanguage":"es-MX"},{"@type":"Organization","@id":"https:\/\/compuviper.mx\/tienda\/#organization","name":"Compuviper","url":"https:\/\/compuviper.mx\/tienda\/","logo":{"@type":"ImageObject","inLanguage":"es-MX","@id":"https:\/\/compuviper.mx\/tienda\/#\/schema\/logo\/image\/","url":"https:\/\/compuviper.mx\/tienda\/wp-content\/uploads\/2021\/08\/Logo-Compuviper-10.png","contentUrl":"https:\/\/compuviper.mx\/tienda\/wp-content\/uploads\/2021\/08\/Logo-Compuviper-10.png","width":1000,"height":500,"caption":"Compuviper"},"image":{"@id":"https:\/\/compuviper.mx\/tienda\/#\/schema\/logo\/image\/"},"sameAs":["https:\/\/www.facebook.com\/compuviper","https:\/\/www.youtube.com\/channel\/UCf73dERp9Y3cfOq7q8BhLjA?view_as=subscriber"]}]},"product_brand":"Dahua Display","product_price_amount":"49514","product_price_currency":"MXN","og_availability":"out of stock","product_availability":"out of stock","product_retailer_item_id":"LPH75-MC470-P","product_condition":"new"},"_links":{"self":[{"href":"https:\/\/compuviper.mx\/tienda\/wp-json\/wp\/v2\/product\/220015"}],"collection":[{"href":"https:\/\/compuviper.mx\/tienda\/wp-json\/wp\/v2\/product"}],"about":[{"href":"https:\/\/compuviper.mx\/tienda\/wp-json\/wp\/v2\/types\/product"}],"replies":[{"embeddable":true,"href":"https:\/\/compuviper.mx\/tienda\/wp-json\/wp\/v2\/comments?post=220015"}],"wp:featuredmedia":[{"embeddable":true,"href":"https:\/\/compuviper.mx\/tienda\/wp-json\/wp\/v2\/media\/220016"}],"wp:attachment":[{"href":"https:\/\/compuviper.mx\/tienda\/wp-json\/wp\/v2\/media?parent=220015"}],"wp:term":[{"taxonomy":"product_cat","embeddable":true,"href":"https:\/\/compuviper.mx\/tienda\/wp-json\/wp\/v2\/product_cat?post=220015"},{"taxonomy":"product_tag","embeddable":true,"href":"https:\/\/compuviper.mx\/tienda\/wp-json\/wp\/v2\/product_tag?post=220015"}],"curies":[{"name":"wp","href":"https:\/\/api.w.org\/{rel}","templated":true}]}}