{"id":220003,"date":"2026-04-02T00:47:39","date_gmt":"2026-04-02T06:47:39","guid":{"rendered":"https:\/\/compuviper.mx\/tienda\/producto\/lg-50ul3j-monitor-sealizacion-digital-con-panel-ips-uhd-de-50-puadas-400-nits-de-brillo-para-uso-16-7-con-plataforma-de-sealizacin-webos-4-0-con-altavoz-integrado-conectividad-3-hdmi-2-usb\/"},"modified":"2026-04-02T00:47:39","modified_gmt":"2026-04-02T06:47:39","slug":"lg-50ul3j19517406285250ul3j-m-monitor-sealizacion-digital-con-panel-ips-uhd-de-50-puadas-400-nits-de-brillo-para-uso-16-7-con-plataforma-de-sealizacin-webos-4-0-con-altavoz-integrado-conectivid","status":"publish","type":"product","link":"https:\/\/compuviper.mx\/tienda\/producto\/lg-50ul3j19517406285250ul3j-m-monitor-sealizacion-digital-con-panel-ips-uhd-de-50-puadas-400-nits-de-brillo-para-uso-16-7-con-plataforma-de-sealizacin-webos-4-0-con-altavoz-integrado-conectivid\/","title":{"rendered":"Lg 50ul3j,195174062852,50ul3j-m Monitor Se?alizacion Digital  Con Panel Ips Uhd De 50 Puadas, 400 Nits De Brillo Para Uso 16\/7 Con Plataforma De Se?alizacin Webos 4.0, Con Altavoz Integrado Conectividad 3 Hdmi, 2 Usb"},"content":{"rendered":"<table class=\"descripcion\">\n<tr>\n<td>Panel<\/td>\n<\/tr>\n<tr>\n<td>Tama\u00f1o de pantalla 50<\/td>\n<\/tr>\n<tr>\n<td>Tecnolog\u00eda de panel ips<\/td>\n<\/tr>\n<tr>\n<td>Resoluci\u00f3n nativa 3840 \u00d7 2160 (uhd)<\/td>\n<\/tr>\n<tr>\n<td>Brillo (t\u00edpico) 400 nit<\/td>\n<\/tr>\n<tr>\n<td>Relaci\u00f3n de contraste 1300: 1<\/td>\n<\/tr>\n<tr>\n<td>Cr din\u00e1mico 1,000,000: 1<\/td>\n<\/tr>\n<tr>\n<td>Gama de colores dci 80%<\/td>\n<\/tr>\n<tr>\n<td>\u00e1ngulo de visi\u00f3n (h x v) 178 \u00d7 178<\/td>\n<\/tr>\n<tr>\n<td>Profundidad de color 10 bits (d), 1,07 mil millones de colores<\/td>\n<\/tr>\n<tr>\n<td>Tiempo de respuesta 8 ms (g a g)<\/td>\n<\/tr>\n<tr>\n<td>Tratamiento superficial 3%<\/td>\n<\/tr>\n<tr>\n<td>Horas de funcionamiento (horas \/ d\u00edas) 16\/7<\/td>\n<\/tr>\n<tr>\n<td>Retrato \/ paisaje s\u00ed \/ s\u00ed<\/td>\n<\/tr>\n<tr>\n<td>Especificaci\u00f3n mec\u00e1nica<\/td>\n<\/tr>\n<tr>\n<td>Color del bisel azul ceniza<\/td>\n<\/tr>\n<tr>\n<td>Peso 8,8 kg<\/td>\n<\/tr>\n<tr>\n<td>Dimensiones del monitor (an. \u00d7 al. \u00d7 pr.) 1.215 x 651 x 57.1 mm<\/td>\n<\/tr>\n<tr>\n<td>Dimensiones de la caja (an. \u00d7 al. \u00d7 pr.) 1.215 x 775 x 152mm<\/td>\n<\/tr>\n<tr>\n<td>Interfaz de montaje est\u00e1ndar vesa \u0099 200 \u00d7 200 mm<\/td>\n<\/tr>\n<tr>\n<td>Conectividad<\/td>\n<\/tr>\n<tr>\n<td>Entrada hdmi (3, hdcp 2.2 \/ 1.4), usb 2.0 tipo a (2)<\/td>\n<\/tr>\n<tr>\n<td>Salida de audio<\/td>\n<\/tr>\n<tr>\n<td>Control externo entrada \/ salida rs232c (conector telef\u00f3nico de 4 pines), entrada rj45 (lan)<\/td>\n<\/tr>\n<tr>\n<td>Condiciones ambientales<\/td>\n<\/tr>\n<tr>\n<td>Temperatura de funcionamiento 0 \u00b0 c a 40 \u00b0 c (escena de retrato: 0 \u00b0 c a 35 \u00b0 c)<\/td>\n<\/tr>\n<tr>\n<td>Humedad de funcionamiento 10% a 80%<\/td>\n<\/tr>\n<tr>\n<td>Energ\u00eda<\/td>\n<\/tr>\n<tr>\n<td>Fuente de alimentaci\u00f3n ac 100-240v ~, 50 \/ 60hz<\/td>\n<\/tr>\n<tr>\n<td>Tipo de energ\u00eda energ\u00eda incorporada<\/td>\n<\/tr>\n<tr>\n<td>El consumo de energ\u00eda<\/td>\n<\/tr>\n<tr>\n<td>Typ.\/max. 80w \/ 120w<\/td>\n<\/tr>\n<tr>\n<td>Btu (unidad t\u00e9rmica brit\u00e1nica) 273 btu \/ h (t\u00edpico), 409 btu \/ h (m\u00e1x.)<\/td>\n<\/tr>\n<tr>\n<td>Certificaci\u00f3n<\/td>\n<\/tr>\n<tr>\n<td>Seguridad cb \/ nrtl<\/td>\n<\/tr>\n<tr>\n<td>Emc fcc clase a \/ ce<\/td>\n<\/tr>\n<tr>\n<td>Erp s\u00ed (newerp)<\/td>\n<\/tr>\n<tr>\n<td>Compatibilidad de software<\/td>\n<\/tr>\n<tr>\n<td>Supersign cms s\u00ed (se vende por separado)<\/td>\n<\/tr>\n<tr>\n<td>Supersign control \/ control + s\u00ed<\/td>\n<\/tr>\n<tr>\n<td>Supersign wb s\u00ed<\/td>\n<\/tr>\n<tr>\n<td>Supersign media editor s\u00ed<\/td>\n<\/tr>\n<tr>\n<td>Lg connectedcare s\u00ed<\/td>\n<\/tr>\n<tr>\n<td>Promota s\u00ed (no disponible para eu \/ cis)<\/td>\n<\/tr>\n<tr>\n<td>Altavoz s\u00ed<\/td>\n<\/tr>\n<tr>\n<td>Accesorios<\/td>\n<\/tr>\n<tr>\n<td>Mando a distancia b\u00e1sico (incluye 2 pilas), cable de alimentaci\u00f3n, libro de normas, tel\u00e9fono al g\u00e9nero d-sub9, soporte para cables<\/td>\n<\/tr>\n<\/table>\n","protected":false},"excerpt":{"rendered":"<p>La se\u00f1alizacion digital lg es facil y rapida de instalar, permitiendote editar y actualizar tus publicaciones con el editor de contenidos remoto supersign, brindandote la posibilidad de actualizar contenidos con rapidez y eficacia, como si siempre lo hubieras usado.<\/p>\n","protected":false},"featured_media":220004,"comment_status":"open","ping_status":"open","template":"","meta":[],"product_cat":[1740,1741],"product_tag":[1687],"acf":[],"yoast_head":"<!-- This site is optimized with the Yoast SEO plugin v21.7 - https:\/\/yoast.com\/wordpress\/plugins\/seo\/ -->\n<title>[ Lg ] &#129351; 50ul3j,195174062852,50ul3j-m Monitor Se\u00f1alizacion Digital Con Panel Ips Uhd De 50 Puadas, 400 Nits De Brillo Para Uso 16\/7 Con Plataforma De Se\u00f1alizacin Webos 4.0, Con Altavoz Integrado Conectividad 3 Hdmi, 2 Usb<\/title>\n<meta name=\"description\" content=\"Compra 50ul3j,195174062852,50ul3j-m Monitor Se\u00f1alizacion Digital Con Panel Ips Uhd De 50 Puadas, 400 Nits De Brillo Para Uso 16\/7 Con Plataforma De Se\u00f1alizacin Webos 4.0, Con Altavoz Integrado Conectividad 3 Hdmi, 2 Usb + Env\u00edo a domicilio + Pago seguro + Garant\u00eda\" \/>\n<meta name=\"robots\" content=\"index, follow, max-snippet:-1, max-image-preview:large, max-video-preview:-1\" \/>\n<link rel=\"canonical\" href=\"https:\/\/compuviper.mx\/tienda\/producto\/lg-50ul3j19517406285250ul3j-m-monitor-sealizacion-digital-con-panel-ips-uhd-de-50-puadas-400-nits-de-brillo-para-uso-16-7-con-plataforma-de-sealizacin-webos-4-0-con-altavoz-integrado-conectivid\/\" \/>\n<meta property=\"og:locale\" content=\"es_MX\" \/>\n<meta property=\"og:type\" content=\"article\" \/>\n<meta property=\"og:title\" content=\"[ Lg ] &#129351; 50ul3j,195174062852,50ul3j-m Monitor Se\u00f1alizacion Digital Con Panel Ips Uhd De 50 Puadas, 400 Nits De Brillo Para Uso 16\/7 Con Plataforma De Se\u00f1alizacin Webos 4.0, Con Altavoz Integrado Conectividad 3 Hdmi, 2 Usb\" \/>\n<meta property=\"og:description\" content=\"Compra 50ul3j,195174062852,50ul3j-m Monitor Se\u00f1alizacion Digital Con Panel Ips Uhd De 50 Puadas, 400 Nits De Brillo Para Uso 16\/7 Con Plataforma De Se\u00f1alizacin Webos 4.0, Con Altavoz Integrado Conectividad 3 Hdmi, 2 Usb + Env\u00edo a domicilio + Pago seguro + Garant\u00eda\" \/>\n<meta property=\"og:url\" content=\"https:\/\/compuviper.mx\/tienda\/producto\/lg-50ul3j19517406285250ul3j-m-monitor-sealizacion-digital-con-panel-ips-uhd-de-50-puadas-400-nits-de-brillo-para-uso-16-7-con-plataforma-de-sealizacin-webos-4-0-con-altavoz-integrado-conectivid\/\" \/>\n<meta property=\"og:site_name\" content=\"Compuviper\" \/>\n<meta property=\"article:publisher\" content=\"https:\/\/www.facebook.com\/compuviper\" \/>\n<meta property=\"og:image\" content=\"https:\/\/compuviper.mx\/tienda\/wp-content\/uploads\/2023\/12\/Monitor-senalizacion-digital-lg-con-panel-ips-uhd-de-50-pulgadas-400-nits-de-brillo-para-uso-167-con-plataforma-de-senalizacin-webos-4.0-con-altavoz-integrado-conectividad-3-hdmi-2-usb.jpg\" \/>\n\t<meta property=\"og:image:width\" content=\"200\" \/>\n\t<meta property=\"og:image:height\" content=\"200\" \/>\n\t<meta property=\"og:image:type\" content=\"image\/jpeg\" \/>\n<meta name=\"twitter:card\" content=\"summary_large_image\" \/>\n<meta name=\"twitter:label1\" content=\"Precio\" \/>\n\t<meta name=\"twitter:data1\" content=\"&#36;11,547 con IVA\" \/>\n\t<meta name=\"twitter:label2\" content=\"Availability\" \/>\n\t<meta name=\"twitter:data2\" content=\"Out of stock\" \/>\n<script type=\"application\/ld+json\" class=\"yoast-schema-graph\">{\"@context\":\"https:\/\/schema.org\",\"@graph\":[{\"@type\":\"WebPage\",\"@id\":\"https:\/\/compuviper.mx\/tienda\/producto\/lg-50ul3j19517406285250ul3j-m-monitor-sealizacion-digital-con-panel-ips-uhd-de-50-puadas-400-nits-de-brillo-para-uso-16-7-con-plataforma-de-sealizacin-webos-4-0-con-altavoz-integrado-conectivid\/\",\"url\":\"https:\/\/compuviper.mx\/tienda\/producto\/lg-50ul3j19517406285250ul3j-m-monitor-sealizacion-digital-con-panel-ips-uhd-de-50-puadas-400-nits-de-brillo-para-uso-16-7-con-plataforma-de-sealizacin-webos-4-0-con-altavoz-integrado-conectivid\/\",\"name\":\"[ Lg ] &#129351; 50ul3j,195174062852,50ul3j-m Monitor Se\u00f1alizacion Digital Con Panel Ips Uhd De 50 Puadas, 400 Nits De Brillo Para Uso 16\/7 Con Plataforma De Se\u00f1alizacin Webos 4.0, Con Altavoz Integrado Conectividad 3 Hdmi, 2 Usb\",\"isPartOf\":{\"@id\":\"https:\/\/compuviper.mx\/tienda\/#website\"},\"datePublished\":\"2026-04-02T06:47:39+00:00\",\"dateModified\":\"2026-04-02T06:47:39+00:00\",\"description\":\"Compra 50ul3j,195174062852,50ul3j-m Monitor Se\u00f1alizacion Digital Con Panel Ips Uhd De 50 Puadas, 400 Nits De Brillo Para Uso 16\/7 Con Plataforma De Se\u00f1alizacin Webos 4.0, Con Altavoz Integrado Conectividad 3 Hdmi, 2 Usb + Env\u00edo a domicilio + Pago seguro + Garant\u00eda\",\"breadcrumb\":{\"@id\":\"https:\/\/compuviper.mx\/tienda\/producto\/lg-50ul3j19517406285250ul3j-m-monitor-sealizacion-digital-con-panel-ips-uhd-de-50-puadas-400-nits-de-brillo-para-uso-16-7-con-plataforma-de-sealizacin-webos-4-0-con-altavoz-integrado-conectivid\/#breadcrumb\"},\"inLanguage\":\"es-MX\",\"potentialAction\":[{\"@type\":\"ReadAction\",\"target\":[\"https:\/\/compuviper.mx\/tienda\/producto\/lg-50ul3j19517406285250ul3j-m-monitor-sealizacion-digital-con-panel-ips-uhd-de-50-puadas-400-nits-de-brillo-para-uso-16-7-con-plataforma-de-sealizacin-webos-4-0-con-altavoz-integrado-conectivid\/\"]}]},{\"@type\":\"BreadcrumbList\",\"@id\":\"https:\/\/compuviper.mx\/tienda\/producto\/lg-50ul3j19517406285250ul3j-m-monitor-sealizacion-digital-con-panel-ips-uhd-de-50-puadas-400-nits-de-brillo-para-uso-16-7-con-plataforma-de-sealizacin-webos-4-0-con-altavoz-integrado-conectivid\/#breadcrumb\",\"itemListElement\":[{\"@type\":\"ListItem\",\"position\":1,\"name\":\"Inicio\",\"item\":\"https:\/\/compuviper.mx\/tienda\/\"},{\"@type\":\"ListItem\",\"position\":2,\"name\":\"Productos\",\"item\":\"https:\/\/compuviper.mx\/tienda\/productos\/\"},{\"@type\":\"ListItem\",\"position\":3,\"name\":\"Monitores\",\"item\":\"https:\/\/compuviper.mx\/tienda\/categoria-producto\/monitores\/\"},{\"@type\":\"ListItem\",\"position\":4,\"name\":\"Led\",\"item\":\"https:\/\/compuviper.mx\/tienda\/categoria-producto\/monitores\/led\/\"},{\"@type\":\"ListItem\",\"position\":5,\"name\":\"Lg 50ul3j,195174062852,50ul3j-m Monitor Se?alizacion Digital Con Panel Ips Uhd De 50 Puadas, 400 Nits De Brillo Para Uso 16\/7 Con Plataforma De Se?alizacin Webos 4.0, Con Altavoz Integrado Conectividad 3 Hdmi, 2 Usb\"}]},{\"@type\":\"WebSite\",\"@id\":\"https:\/\/compuviper.mx\/tienda\/#website\",\"url\":\"https:\/\/compuviper.mx\/tienda\/\",\"name\":\"Compuviper\",\"description\":\"Proveedor de Computadoras, Laptops, Servidores, Monitores, Puntos de Venta, Teclados,   Impresoras, T\u00f3ner, C\u00e1maras de Seguridad y m\u00e1s en tu tienda en l\u00ednea\",\"publisher\":{\"@id\":\"https:\/\/compuviper.mx\/tienda\/#organization\"},\"potentialAction\":[{\"@type\":\"SearchAction\",\"target\":{\"@type\":\"EntryPoint\",\"urlTemplate\":\"https:\/\/compuviper.mx\/tienda\/?s={search_term_string}\"},\"query-input\":\"required name=search_term_string\"}],\"inLanguage\":\"es-MX\"},{\"@type\":\"Organization\",\"@id\":\"https:\/\/compuviper.mx\/tienda\/#organization\",\"name\":\"Compuviper\",\"url\":\"https:\/\/compuviper.mx\/tienda\/\",\"logo\":{\"@type\":\"ImageObject\",\"inLanguage\":\"es-MX\",\"@id\":\"https:\/\/compuviper.mx\/tienda\/#\/schema\/logo\/image\/\",\"url\":\"https:\/\/compuviper.mx\/tienda\/wp-content\/uploads\/2021\/08\/Logo-Compuviper-10.png\",\"contentUrl\":\"https:\/\/compuviper.mx\/tienda\/wp-content\/uploads\/2021\/08\/Logo-Compuviper-10.png\",\"width\":1000,\"height\":500,\"caption\":\"Compuviper\"},\"image\":{\"@id\":\"https:\/\/compuviper.mx\/tienda\/#\/schema\/logo\/image\/\"},\"sameAs\":[\"https:\/\/www.facebook.com\/compuviper\",\"https:\/\/www.youtube.com\/channel\/UCf73dERp9Y3cfOq7q8BhLjA?view_as=subscriber\"]}]}<\/script>\n<meta property=\"product:brand\" content=\"LG\" \/>\n<meta property=\"product:price:amount\" content=\"11547\" \/>\n<meta property=\"product:price:currency\" content=\"MXN\" \/>\n<meta property=\"og:availability\" content=\"out of stock\" \/>\n<meta property=\"product:availability\" content=\"out of stock\" \/>\n<meta property=\"product:retailer_item_id\" content=\"50UL3J,195174062852,50UL3J-M\" \/>\n<meta property=\"product:condition\" content=\"new\" \/>\n<!-- \/ Yoast SEO plugin. -->","yoast_head_json":{"title":"[ Lg ] &#129351; 50ul3j,195174062852,50ul3j-m Monitor Se\u00f1alizacion Digital Con Panel Ips Uhd De 50 Puadas, 400 Nits De Brillo Para Uso 16\/7 Con Plataforma De Se\u00f1alizacin Webos 4.0, Con Altavoz Integrado Conectividad 3 Hdmi, 2 Usb","description":"Compra 50ul3j,195174062852,50ul3j-m Monitor Se\u00f1alizacion Digital Con Panel Ips Uhd De 50 Puadas, 400 Nits De Brillo Para Uso 16\/7 Con Plataforma De Se\u00f1alizacin Webos 4.0, Con Altavoz Integrado Conectividad 3 Hdmi, 2 Usb + Env\u00edo a domicilio + Pago seguro + Garant\u00eda","robots":{"index":"index","follow":"follow","max-snippet":"max-snippet:-1","max-image-preview":"max-image-preview:large","max-video-preview":"max-video-preview:-1"},"canonical":"https:\/\/compuviper.mx\/tienda\/producto\/lg-50ul3j19517406285250ul3j-m-monitor-sealizacion-digital-con-panel-ips-uhd-de-50-puadas-400-nits-de-brillo-para-uso-16-7-con-plataforma-de-sealizacin-webos-4-0-con-altavoz-integrado-conectivid\/","og_locale":"es_MX","og_type":"article","og_title":"[ Lg ] &#129351; 50ul3j,195174062852,50ul3j-m Monitor Se\u00f1alizacion Digital Con Panel Ips Uhd De 50 Puadas, 400 Nits De Brillo Para Uso 16\/7 Con Plataforma De Se\u00f1alizacin Webos 4.0, Con Altavoz Integrado Conectividad 3 Hdmi, 2 Usb","og_description":"Compra 50ul3j,195174062852,50ul3j-m Monitor Se\u00f1alizacion Digital Con Panel Ips Uhd De 50 Puadas, 400 Nits De Brillo Para Uso 16\/7 Con Plataforma De Se\u00f1alizacin Webos 4.0, Con Altavoz Integrado Conectividad 3 Hdmi, 2 Usb + Env\u00edo a domicilio + Pago seguro + Garant\u00eda","og_url":"https:\/\/compuviper.mx\/tienda\/producto\/lg-50ul3j19517406285250ul3j-m-monitor-sealizacion-digital-con-panel-ips-uhd-de-50-puadas-400-nits-de-brillo-para-uso-16-7-con-plataforma-de-sealizacin-webos-4-0-con-altavoz-integrado-conectivid\/","og_site_name":"Compuviper","article_publisher":"https:\/\/www.facebook.com\/compuviper","og_image":[{"width":200,"height":200,"url":"https:\/\/compuviper.mx\/tienda\/wp-content\/uploads\/2023\/12\/Monitor-senalizacion-digital-lg-con-panel-ips-uhd-de-50-pulgadas-400-nits-de-brillo-para-uso-167-con-plataforma-de-senalizacin-webos-4.0-con-altavoz-integrado-conectividad-3-hdmi-2-usb.jpg","type":"image\/jpeg"}],"twitter_card":"summary_large_image","twitter_misc":{"Precio":"&#36;11,547 con IVA","Availability":"Out of stock"},"schema":{"@context":"https:\/\/schema.org","@graph":[{"@type":"WebPage","@id":"https:\/\/compuviper.mx\/tienda\/producto\/lg-50ul3j19517406285250ul3j-m-monitor-sealizacion-digital-con-panel-ips-uhd-de-50-puadas-400-nits-de-brillo-para-uso-16-7-con-plataforma-de-sealizacin-webos-4-0-con-altavoz-integrado-conectivid\/","url":"https:\/\/compuviper.mx\/tienda\/producto\/lg-50ul3j19517406285250ul3j-m-monitor-sealizacion-digital-con-panel-ips-uhd-de-50-puadas-400-nits-de-brillo-para-uso-16-7-con-plataforma-de-sealizacin-webos-4-0-con-altavoz-integrado-conectivid\/","name":"[ Lg ] &#129351; 50ul3j,195174062852,50ul3j-m Monitor Se\u00f1alizacion Digital Con Panel Ips Uhd De 50 Puadas, 400 Nits De Brillo Para Uso 16\/7 Con Plataforma De Se\u00f1alizacin Webos 4.0, Con Altavoz Integrado Conectividad 3 Hdmi, 2 Usb","isPartOf":{"@id":"https:\/\/compuviper.mx\/tienda\/#website"},"datePublished":"2026-04-02T06:47:39+00:00","dateModified":"2026-04-02T06:47:39+00:00","description":"Compra 50ul3j,195174062852,50ul3j-m Monitor Se\u00f1alizacion Digital Con Panel Ips Uhd De 50 Puadas, 400 Nits De Brillo Para Uso 16\/7 Con Plataforma De Se\u00f1alizacin Webos 4.0, Con Altavoz Integrado Conectividad 3 Hdmi, 2 Usb + Env\u00edo a domicilio + Pago seguro + Garant\u00eda","breadcrumb":{"@id":"https:\/\/compuviper.mx\/tienda\/producto\/lg-50ul3j19517406285250ul3j-m-monitor-sealizacion-digital-con-panel-ips-uhd-de-50-puadas-400-nits-de-brillo-para-uso-16-7-con-plataforma-de-sealizacin-webos-4-0-con-altavoz-integrado-conectivid\/#breadcrumb"},"inLanguage":"es-MX","potentialAction":[{"@type":"ReadAction","target":["https:\/\/compuviper.mx\/tienda\/producto\/lg-50ul3j19517406285250ul3j-m-monitor-sealizacion-digital-con-panel-ips-uhd-de-50-puadas-400-nits-de-brillo-para-uso-16-7-con-plataforma-de-sealizacin-webos-4-0-con-altavoz-integrado-conectivid\/"]}]},{"@type":"BreadcrumbList","@id":"https:\/\/compuviper.mx\/tienda\/producto\/lg-50ul3j19517406285250ul3j-m-monitor-sealizacion-digital-con-panel-ips-uhd-de-50-puadas-400-nits-de-brillo-para-uso-16-7-con-plataforma-de-sealizacin-webos-4-0-con-altavoz-integrado-conectivid\/#breadcrumb","itemListElement":[{"@type":"ListItem","position":1,"name":"Inicio","item":"https:\/\/compuviper.mx\/tienda\/"},{"@type":"ListItem","position":2,"name":"Productos","item":"https:\/\/compuviper.mx\/tienda\/productos\/"},{"@type":"ListItem","position":3,"name":"Monitores","item":"https:\/\/compuviper.mx\/tienda\/categoria-producto\/monitores\/"},{"@type":"ListItem","position":4,"name":"Led","item":"https:\/\/compuviper.mx\/tienda\/categoria-producto\/monitores\/led\/"},{"@type":"ListItem","position":5,"name":"Lg 50ul3j,195174062852,50ul3j-m Monitor Se?alizacion Digital Con Panel Ips Uhd De 50 Puadas, 400 Nits De Brillo Para Uso 16\/7 Con Plataforma De Se?alizacin Webos 4.0, Con Altavoz Integrado Conectividad 3 Hdmi, 2 Usb"}]},{"@type":"WebSite","@id":"https:\/\/compuviper.mx\/tienda\/#website","url":"https:\/\/compuviper.mx\/tienda\/","name":"Compuviper","description":"Proveedor de Computadoras, Laptops, Servidores, Monitores, Puntos de Venta, Teclados,   Impresoras, T\u00f3ner, C\u00e1maras de Seguridad y m\u00e1s en tu tienda en l\u00ednea","publisher":{"@id":"https:\/\/compuviper.mx\/tienda\/#organization"},"potentialAction":[{"@type":"SearchAction","target":{"@type":"EntryPoint","urlTemplate":"https:\/\/compuviper.mx\/tienda\/?s={search_term_string}"},"query-input":"required name=search_term_string"}],"inLanguage":"es-MX"},{"@type":"Organization","@id":"https:\/\/compuviper.mx\/tienda\/#organization","name":"Compuviper","url":"https:\/\/compuviper.mx\/tienda\/","logo":{"@type":"ImageObject","inLanguage":"es-MX","@id":"https:\/\/compuviper.mx\/tienda\/#\/schema\/logo\/image\/","url":"https:\/\/compuviper.mx\/tienda\/wp-content\/uploads\/2021\/08\/Logo-Compuviper-10.png","contentUrl":"https:\/\/compuviper.mx\/tienda\/wp-content\/uploads\/2021\/08\/Logo-Compuviper-10.png","width":1000,"height":500,"caption":"Compuviper"},"image":{"@id":"https:\/\/compuviper.mx\/tienda\/#\/schema\/logo\/image\/"},"sameAs":["https:\/\/www.facebook.com\/compuviper","https:\/\/www.youtube.com\/channel\/UCf73dERp9Y3cfOq7q8BhLjA?view_as=subscriber"]}]},"product_brand":"LG","product_price_amount":"11547","product_price_currency":"MXN","og_availability":"out of stock","product_availability":"out of stock","product_retailer_item_id":"50UL3J,195174062852,50UL3J-M","product_condition":"new"},"_links":{"self":[{"href":"https:\/\/compuviper.mx\/tienda\/wp-json\/wp\/v2\/product\/220003"}],"collection":[{"href":"https:\/\/compuviper.mx\/tienda\/wp-json\/wp\/v2\/product"}],"about":[{"href":"https:\/\/compuviper.mx\/tienda\/wp-json\/wp\/v2\/types\/product"}],"replies":[{"embeddable":true,"href":"https:\/\/compuviper.mx\/tienda\/wp-json\/wp\/v2\/comments?post=220003"}],"wp:featuredmedia":[{"embeddable":true,"href":"https:\/\/compuviper.mx\/tienda\/wp-json\/wp\/v2\/media\/220004"}],"wp:attachment":[{"href":"https:\/\/compuviper.mx\/tienda\/wp-json\/wp\/v2\/media?parent=220003"}],"wp:term":[{"taxonomy":"product_cat","embeddable":true,"href":"https:\/\/compuviper.mx\/tienda\/wp-json\/wp\/v2\/product_cat?post=220003"},{"taxonomy":"product_tag","embeddable":true,"href":"https:\/\/compuviper.mx\/tienda\/wp-json\/wp\/v2\/product_tag?post=220003"}],"curies":[{"name":"wp","href":"https:\/\/api.w.org\/{rel}","templated":true}]}}