{"id":219983,"date":"2026-04-10T00:43:09","date_gmt":"2026-04-10T06:43:09","guid":{"rendered":"https:\/\/compuviper.mx\/tienda\/producto\/sharp-4t-b60cj1u-monitor-modelo-60-pulgadas-led-ultra-hd-4k-wifi-usb-multimedia-rs232c-hdmi\/"},"modified":"2026-04-10T00:43:09","modified_gmt":"2026-04-10T06:43:09","slug":"sharp-4t-b60cj1u-monitor-modelo-60-pulgadas-led-ultra-hd-4k-wifi-usb-multimedia-rs232c-hdmi","status":"publish","type":"product","link":"https:\/\/compuviper.mx\/tienda\/producto\/sharp-4t-b60cj1u-monitor-modelo-60-pulgadas-led-ultra-hd-4k-wifi-usb-multimedia-rs232c-hdmi\/","title":{"rendered":"Sharp 4t-b60cj1u Monitor , Modelo  60 Pulgadas, Led Ultra-hd 4k, Wifi, Usb Multimedia, Rs232c, Hdmi"},"content":{"rendered":"<table class=\"descripcion\">\n<tr>\n<td>Instalacion                                            horizontal<\/td>\n<\/tr>\n<tr>\n<td> panel lcd                                            lcd clase 60\u0094 60.1\u0094 en diagonal<\/td>\n<\/tr>\n<tr>\n<td> resolucion maxima:                             3480 x 2160 pxeles<\/td>\n<\/tr>\n<tr>\n<td> colores de pantalla max.                     1.07 mil millones de colores<\/td>\n<\/tr>\n<tr>\n<td> tamao de pixel:                                 0.347 x 0.347 mm<\/td>\n<\/tr>\n<tr>\n<td> brillo max.1:                                       300 cd\/m2<\/td>\n<\/tr>\n<tr>\n<td> proporcion de contraste:                      4,000 : 1<\/td>\n<\/tr>\n<tr>\n<td> angulo de vision h\/v:                        176\u00b0\/176\u00b0 cr  and 8805; 10<\/td>\n<\/tr>\n<tr>\n<td> area activa de pantalla an. x al:       52 716  and 8260;  x 29 916  and 8260;<\/td>\n<\/tr>\n<tr>\n<td> tiempo de respuesta:                          8.5 ms<\/td>\n<\/tr>\n<tr>\n<td> retroiluminacion:                                led, directa<\/td>\n<\/tr>\n<tr>\n<td> entrada de computadora:                    video: hdmi<\/td>\n<\/tr>\n<tr>\n<td> entrada de computadora:                    plug  and  play :   vesa ddc2b<\/td>\n<\/tr>\n<tr>\n<td> sistema de color de video:                  ntsc-m\/pal-n\/pal-m<\/td>\n<\/tr>\n<tr>\n<td> conversor analogico\/digital:                ntsc\/atsc<\/td>\n<\/tr>\n<tr>\n<td> terminales de entrada2:                    hdmi x 2, video mini conector estereo de 3.5 mm de diametro x 1,        rs-232c mini conector estereo 3.5 mm de diametro x 1, antena\/cable x 1, usb x 1<\/td>\n<\/tr>\n<tr>\n<td> terminales de salida2:                      audio: mini conector estereo de 3.5 mm de diametro l\/r x 1<\/td>\n<\/tr>\n<tr>\n<td> terminales de entrada\/salida2:          ethernet rj-45 x 1<\/td>\n<\/tr>\n<tr>\n<td> salida de bocinas:                              10 w  10 w soporta al decodificador de flujos de datos mltiples dolby\u00ae ms11<\/td>\n<\/tr>\n<tr>\n<td> alimentacion:                                     110 \u0096 240 v ca, 60hz<\/td>\n<\/tr>\n<tr>\n<td> consumo de energia:                         138 w<\/td>\n<\/tr>\n<tr>\n<td> temperatura de operacion:                0\u00b0c a 40\u00b0c<\/td>\n<\/tr>\n<\/table>\n","protected":false},"excerpt":{"rendered":"<p>Transmita sus contenidos con los monitores ultra-hd 4k de gran formato de sharp. Las pantallas de la serie 4t-b transmiten. Sus contenidos con la precision de gran realismo que otorga la resolucion ultra-hd 4k. El sintonizador integrado y las. Funciones propicias para los negocios estan integrados en un marco elegante y delgado. En entornos de hospitales. Comercios y minoristas, las pantallas de la serie 4t-b son excelentes para llegar a su audiencia, manteniendola mejor. Informada, entretenida e interesada.<\/p>\n","protected":false},"featured_media":219984,"comment_status":"open","ping_status":"open","template":"","meta":[],"product_cat":[1740,1746],"product_tag":[1860],"acf":[],"yoast_head":"<!-- This site is optimized with the Yoast SEO plugin v21.7 - https:\/\/yoast.com\/wordpress\/plugins\/seo\/ -->\n<title>[ Sharp ] &#129351; 4t-b60cj1u Monitor , Modelo 60 Pulgadas, Led Ultra-hd 4k, Wifi, Usb Multimedia, Rs232c, Hdmi<\/title>\n<meta name=\"description\" content=\"Compra 4t-b60cj1u Monitor , Modelo 60 Pulgadas, Led Ultra-hd 4k, Wifi, Usb Multimedia, Rs232c, Hdmi + Env\u00edo a domicilio + Pago seguro + Garant\u00eda\" \/>\n<meta name=\"robots\" content=\"index, follow, max-snippet:-1, max-image-preview:large, max-video-preview:-1\" \/>\n<link rel=\"canonical\" href=\"https:\/\/compuviper.mx\/tienda\/producto\/sharp-4t-b60cj1u-monitor-modelo-60-pulgadas-led-ultra-hd-4k-wifi-usb-multimedia-rs232c-hdmi\/\" \/>\n<meta property=\"og:locale\" content=\"es_MX\" \/>\n<meta property=\"og:type\" content=\"article\" \/>\n<meta property=\"og:title\" content=\"[ Sharp ] &#129351; 4t-b60cj1u Monitor , Modelo 60 Pulgadas, Led Ultra-hd 4k, Wifi, Usb Multimedia, Rs232c, Hdmi\" \/>\n<meta property=\"og:description\" content=\"Compra 4t-b60cj1u Monitor , Modelo 60 Pulgadas, Led Ultra-hd 4k, Wifi, Usb Multimedia, Rs232c, Hdmi + Env\u00edo a domicilio + Pago seguro + Garant\u00eda\" \/>\n<meta property=\"og:url\" content=\"https:\/\/compuviper.mx\/tienda\/producto\/sharp-4t-b60cj1u-monitor-modelo-60-pulgadas-led-ultra-hd-4k-wifi-usb-multimedia-rs232c-hdmi\/\" \/>\n<meta property=\"og:site_name\" content=\"Compuviper\" \/>\n<meta property=\"article:publisher\" content=\"https:\/\/www.facebook.com\/compuviper\" \/>\n<meta property=\"og:image\" content=\"https:\/\/compuviper.mx\/tienda\/wp-content\/uploads\/2023\/12\/Monitor-sharp-modelo-4t-b60cj1u-60-pulgadas-led-ultra-hd-4k-wifi-usb-multimedia-rs232c-hdmi.jpg\" \/>\n\t<meta property=\"og:image:width\" content=\"200\" \/>\n\t<meta property=\"og:image:height\" content=\"200\" \/>\n\t<meta property=\"og:image:type\" content=\"image\/jpeg\" \/>\n<meta name=\"twitter:card\" content=\"summary_large_image\" \/>\n<meta name=\"twitter:label1\" content=\"Precio\" \/>\n\t<meta name=\"twitter:data1\" content=\"&#36;17,078 &#36;17,050 con IVA\" \/>\n\t<meta name=\"twitter:label2\" content=\"Availability\" \/>\n\t<meta name=\"twitter:data2\" content=\"Out of stock\" \/>\n<script type=\"application\/ld+json\" class=\"yoast-schema-graph\">{\"@context\":\"https:\/\/schema.org\",\"@graph\":[{\"@type\":\"WebPage\",\"@id\":\"https:\/\/compuviper.mx\/tienda\/producto\/sharp-4t-b60cj1u-monitor-modelo-60-pulgadas-led-ultra-hd-4k-wifi-usb-multimedia-rs232c-hdmi\/\",\"url\":\"https:\/\/compuviper.mx\/tienda\/producto\/sharp-4t-b60cj1u-monitor-modelo-60-pulgadas-led-ultra-hd-4k-wifi-usb-multimedia-rs232c-hdmi\/\",\"name\":\"[ Sharp ] &#129351; 4t-b60cj1u Monitor , Modelo 60 Pulgadas, Led Ultra-hd 4k, Wifi, Usb Multimedia, Rs232c, Hdmi\",\"isPartOf\":{\"@id\":\"https:\/\/compuviper.mx\/tienda\/#website\"},\"datePublished\":\"2026-04-10T06:43:09+00:00\",\"dateModified\":\"2026-04-10T06:43:09+00:00\",\"description\":\"Compra 4t-b60cj1u Monitor , Modelo 60 Pulgadas, Led Ultra-hd 4k, Wifi, Usb Multimedia, Rs232c, Hdmi + Env\u00edo a domicilio + Pago seguro + Garant\u00eda\",\"breadcrumb\":{\"@id\":\"https:\/\/compuviper.mx\/tienda\/producto\/sharp-4t-b60cj1u-monitor-modelo-60-pulgadas-led-ultra-hd-4k-wifi-usb-multimedia-rs232c-hdmi\/#breadcrumb\"},\"inLanguage\":\"es-MX\",\"potentialAction\":[{\"@type\":\"ReadAction\",\"target\":[\"https:\/\/compuviper.mx\/tienda\/producto\/sharp-4t-b60cj1u-monitor-modelo-60-pulgadas-led-ultra-hd-4k-wifi-usb-multimedia-rs232c-hdmi\/\"]}]},{\"@type\":\"BreadcrumbList\",\"@id\":\"https:\/\/compuviper.mx\/tienda\/producto\/sharp-4t-b60cj1u-monitor-modelo-60-pulgadas-led-ultra-hd-4k-wifi-usb-multimedia-rs232c-hdmi\/#breadcrumb\",\"itemListElement\":[{\"@type\":\"ListItem\",\"position\":1,\"name\":\"Inicio\",\"item\":\"https:\/\/compuviper.mx\/tienda\/\"},{\"@type\":\"ListItem\",\"position\":2,\"name\":\"Productos\",\"item\":\"https:\/\/compuviper.mx\/tienda\/productos\/\"},{\"@type\":\"ListItem\",\"position\":3,\"name\":\"Monitores\",\"item\":\"https:\/\/compuviper.mx\/tienda\/categoria-producto\/monitores\/\"},{\"@type\":\"ListItem\",\"position\":4,\"name\":\"Lcd\",\"item\":\"https:\/\/compuviper.mx\/tienda\/categoria-producto\/monitores\/lcd\/\"},{\"@type\":\"ListItem\",\"position\":5,\"name\":\"Sharp 4t-b60cj1u Monitor , Modelo 60 Pulgadas, Led Ultra-hd 4k, Wifi, Usb Multimedia, Rs232c, Hdmi\"}]},{\"@type\":\"WebSite\",\"@id\":\"https:\/\/compuviper.mx\/tienda\/#website\",\"url\":\"https:\/\/compuviper.mx\/tienda\/\",\"name\":\"Compuviper\",\"description\":\"Proveedor de Computadoras, Laptops, Servidores, Monitores, Puntos de Venta, Teclados,   Impresoras, T\u00f3ner, C\u00e1maras de Seguridad y m\u00e1s en tu tienda en l\u00ednea\",\"publisher\":{\"@id\":\"https:\/\/compuviper.mx\/tienda\/#organization\"},\"potentialAction\":[{\"@type\":\"SearchAction\",\"target\":{\"@type\":\"EntryPoint\",\"urlTemplate\":\"https:\/\/compuviper.mx\/tienda\/?s={search_term_string}\"},\"query-input\":\"required name=search_term_string\"}],\"inLanguage\":\"es-MX\"},{\"@type\":\"Organization\",\"@id\":\"https:\/\/compuviper.mx\/tienda\/#organization\",\"name\":\"Compuviper\",\"url\":\"https:\/\/compuviper.mx\/tienda\/\",\"logo\":{\"@type\":\"ImageObject\",\"inLanguage\":\"es-MX\",\"@id\":\"https:\/\/compuviper.mx\/tienda\/#\/schema\/logo\/image\/\",\"url\":\"https:\/\/compuviper.mx\/tienda\/wp-content\/uploads\/2021\/08\/Logo-Compuviper-10.png\",\"contentUrl\":\"https:\/\/compuviper.mx\/tienda\/wp-content\/uploads\/2021\/08\/Logo-Compuviper-10.png\",\"width\":1000,\"height\":500,\"caption\":\"Compuviper\"},\"image\":{\"@id\":\"https:\/\/compuviper.mx\/tienda\/#\/schema\/logo\/image\/\"},\"sameAs\":[\"https:\/\/www.facebook.com\/compuviper\",\"https:\/\/www.youtube.com\/channel\/UCf73dERp9Y3cfOq7q8BhLjA?view_as=subscriber\"]}]}<\/script>\n<meta property=\"product:brand\" content=\"SHARP\" \/>\n<meta property=\"product:price:amount\" content=\"17050\" \/>\n<meta property=\"product:price:currency\" content=\"MXN\" \/>\n<meta property=\"og:availability\" content=\"out of stock\" \/>\n<meta property=\"product:availability\" content=\"out of stock\" \/>\n<meta property=\"product:retailer_item_id\" content=\"4T-B60CJ1U\" \/>\n<meta property=\"product:condition\" content=\"new\" \/>\n<!-- \/ Yoast SEO plugin. -->","yoast_head_json":{"title":"[ Sharp ] &#129351; 4t-b60cj1u Monitor , Modelo 60 Pulgadas, Led Ultra-hd 4k, Wifi, Usb Multimedia, Rs232c, Hdmi","description":"Compra 4t-b60cj1u Monitor , Modelo 60 Pulgadas, Led Ultra-hd 4k, Wifi, Usb Multimedia, Rs232c, Hdmi + Env\u00edo a domicilio + Pago seguro + Garant\u00eda","robots":{"index":"index","follow":"follow","max-snippet":"max-snippet:-1","max-image-preview":"max-image-preview:large","max-video-preview":"max-video-preview:-1"},"canonical":"https:\/\/compuviper.mx\/tienda\/producto\/sharp-4t-b60cj1u-monitor-modelo-60-pulgadas-led-ultra-hd-4k-wifi-usb-multimedia-rs232c-hdmi\/","og_locale":"es_MX","og_type":"article","og_title":"[ Sharp ] &#129351; 4t-b60cj1u Monitor , Modelo 60 Pulgadas, Led Ultra-hd 4k, Wifi, Usb Multimedia, Rs232c, Hdmi","og_description":"Compra 4t-b60cj1u Monitor , Modelo 60 Pulgadas, Led Ultra-hd 4k, Wifi, Usb Multimedia, Rs232c, Hdmi + Env\u00edo a domicilio + Pago seguro + Garant\u00eda","og_url":"https:\/\/compuviper.mx\/tienda\/producto\/sharp-4t-b60cj1u-monitor-modelo-60-pulgadas-led-ultra-hd-4k-wifi-usb-multimedia-rs232c-hdmi\/","og_site_name":"Compuviper","article_publisher":"https:\/\/www.facebook.com\/compuviper","og_image":[{"width":200,"height":200,"url":"https:\/\/compuviper.mx\/tienda\/wp-content\/uploads\/2023\/12\/Monitor-sharp-modelo-4t-b60cj1u-60-pulgadas-led-ultra-hd-4k-wifi-usb-multimedia-rs232c-hdmi.jpg","type":"image\/jpeg"}],"twitter_card":"summary_large_image","twitter_misc":{"Precio":"&#36;17,078 &#36;17,050 con IVA","Availability":"Out of stock"},"schema":{"@context":"https:\/\/schema.org","@graph":[{"@type":"WebPage","@id":"https:\/\/compuviper.mx\/tienda\/producto\/sharp-4t-b60cj1u-monitor-modelo-60-pulgadas-led-ultra-hd-4k-wifi-usb-multimedia-rs232c-hdmi\/","url":"https:\/\/compuviper.mx\/tienda\/producto\/sharp-4t-b60cj1u-monitor-modelo-60-pulgadas-led-ultra-hd-4k-wifi-usb-multimedia-rs232c-hdmi\/","name":"[ Sharp ] &#129351; 4t-b60cj1u Monitor , Modelo 60 Pulgadas, Led Ultra-hd 4k, Wifi, Usb Multimedia, Rs232c, Hdmi","isPartOf":{"@id":"https:\/\/compuviper.mx\/tienda\/#website"},"datePublished":"2026-04-10T06:43:09+00:00","dateModified":"2026-04-10T06:43:09+00:00","description":"Compra 4t-b60cj1u Monitor , Modelo 60 Pulgadas, Led Ultra-hd 4k, Wifi, Usb Multimedia, Rs232c, Hdmi + Env\u00edo a domicilio + Pago seguro + Garant\u00eda","breadcrumb":{"@id":"https:\/\/compuviper.mx\/tienda\/producto\/sharp-4t-b60cj1u-monitor-modelo-60-pulgadas-led-ultra-hd-4k-wifi-usb-multimedia-rs232c-hdmi\/#breadcrumb"},"inLanguage":"es-MX","potentialAction":[{"@type":"ReadAction","target":["https:\/\/compuviper.mx\/tienda\/producto\/sharp-4t-b60cj1u-monitor-modelo-60-pulgadas-led-ultra-hd-4k-wifi-usb-multimedia-rs232c-hdmi\/"]}]},{"@type":"BreadcrumbList","@id":"https:\/\/compuviper.mx\/tienda\/producto\/sharp-4t-b60cj1u-monitor-modelo-60-pulgadas-led-ultra-hd-4k-wifi-usb-multimedia-rs232c-hdmi\/#breadcrumb","itemListElement":[{"@type":"ListItem","position":1,"name":"Inicio","item":"https:\/\/compuviper.mx\/tienda\/"},{"@type":"ListItem","position":2,"name":"Productos","item":"https:\/\/compuviper.mx\/tienda\/productos\/"},{"@type":"ListItem","position":3,"name":"Monitores","item":"https:\/\/compuviper.mx\/tienda\/categoria-producto\/monitores\/"},{"@type":"ListItem","position":4,"name":"Lcd","item":"https:\/\/compuviper.mx\/tienda\/categoria-producto\/monitores\/lcd\/"},{"@type":"ListItem","position":5,"name":"Sharp 4t-b60cj1u Monitor , Modelo 60 Pulgadas, Led Ultra-hd 4k, Wifi, Usb Multimedia, Rs232c, Hdmi"}]},{"@type":"WebSite","@id":"https:\/\/compuviper.mx\/tienda\/#website","url":"https:\/\/compuviper.mx\/tienda\/","name":"Compuviper","description":"Proveedor de Computadoras, Laptops, Servidores, Monitores, Puntos de Venta, Teclados,   Impresoras, T\u00f3ner, C\u00e1maras de Seguridad y m\u00e1s en tu tienda en l\u00ednea","publisher":{"@id":"https:\/\/compuviper.mx\/tienda\/#organization"},"potentialAction":[{"@type":"SearchAction","target":{"@type":"EntryPoint","urlTemplate":"https:\/\/compuviper.mx\/tienda\/?s={search_term_string}"},"query-input":"required name=search_term_string"}],"inLanguage":"es-MX"},{"@type":"Organization","@id":"https:\/\/compuviper.mx\/tienda\/#organization","name":"Compuviper","url":"https:\/\/compuviper.mx\/tienda\/","logo":{"@type":"ImageObject","inLanguage":"es-MX","@id":"https:\/\/compuviper.mx\/tienda\/#\/schema\/logo\/image\/","url":"https:\/\/compuviper.mx\/tienda\/wp-content\/uploads\/2021\/08\/Logo-Compuviper-10.png","contentUrl":"https:\/\/compuviper.mx\/tienda\/wp-content\/uploads\/2021\/08\/Logo-Compuviper-10.png","width":1000,"height":500,"caption":"Compuviper"},"image":{"@id":"https:\/\/compuviper.mx\/tienda\/#\/schema\/logo\/image\/"},"sameAs":["https:\/\/www.facebook.com\/compuviper","https:\/\/www.youtube.com\/channel\/UCf73dERp9Y3cfOq7q8BhLjA?view_as=subscriber"]}]},"product_brand":"SHARP","product_price_amount":"17050","product_price_currency":"MXN","og_availability":"out of stock","product_availability":"out of stock","product_retailer_item_id":"4T-B60CJ1U","product_condition":"new"},"_links":{"self":[{"href":"https:\/\/compuviper.mx\/tienda\/wp-json\/wp\/v2\/product\/219983"}],"collection":[{"href":"https:\/\/compuviper.mx\/tienda\/wp-json\/wp\/v2\/product"}],"about":[{"href":"https:\/\/compuviper.mx\/tienda\/wp-json\/wp\/v2\/types\/product"}],"replies":[{"embeddable":true,"href":"https:\/\/compuviper.mx\/tienda\/wp-json\/wp\/v2\/comments?post=219983"}],"wp:featuredmedia":[{"embeddable":true,"href":"https:\/\/compuviper.mx\/tienda\/wp-json\/wp\/v2\/media\/219984"}],"wp:attachment":[{"href":"https:\/\/compuviper.mx\/tienda\/wp-json\/wp\/v2\/media?parent=219983"}],"wp:term":[{"taxonomy":"product_cat","embeddable":true,"href":"https:\/\/compuviper.mx\/tienda\/wp-json\/wp\/v2\/product_cat?post=219983"},{"taxonomy":"product_tag","embeddable":true,"href":"https:\/\/compuviper.mx\/tienda\/wp-json\/wp\/v2\/product_tag?post=219983"}],"curies":[{"name":"wp","href":"https:\/\/api.w.org\/{rel}","templated":true}]}}