{"id":219941,"date":"2026-04-02T00:47:34","date_gmt":"2026-04-02T06:47:34","guid":{"rendered":"https:\/\/compuviper.mx\/tienda\/producto\/samsung-ls25bg400elxzx-monitor-led-25-widescreen-fhd-1920-x-1080-odyssey-g4-bg400-ips-negro-hdmi-2-d-port-1-flat-gamer-240hz-pivot-90-1ms\/"},"modified":"2026-04-02T00:47:35","modified_gmt":"2026-04-02T06:47:35","slug":"samsung-ls25bg400elxzx-monitor-led-25-pulgadas-g4-odyssey-gamer-fhd1920-x-1080-ips-widescreen-plano-hdmi-dp-240hz-negro","status":"publish","type":"product","link":"https:\/\/compuviper.mx\/tienda\/producto\/samsung-ls25bg400elxzx-monitor-led-25-pulgadas-g4-odyssey-gamer-fhd1920-x-1080-ips-widescreen-plano-hdmi-dp-240hz-negro\/","title":{"rendered":"Samsung Ls25bg400elxzx Monitor Led  25 Pulgadas \/g4 Odyssey Gamer\/ Fhd(1920 X 1080)\/ Ips \/ Widescreen \/plano \/ Hdmi \/ Dp \/ 240hz \/ Negro."},"content":{"rendered":"<table class=\"descripcion\">\n<tr>\n<td>Tama\u00f1o de pantalla (clase) 25<\/td>\n<\/tr>\n<tr>\n<td>Plana \/ curva plana<\/td>\n<\/tr>\n<tr>\n<td>Tama\u00f1o de pantalla activa (hxv) (mm) 543,744 x 302,616 mm<\/td>\n<\/tr>\n<tr>\n<td>Curvatura de pantalla n\/a<\/td>\n<\/tr>\n<tr>\n<td>Relaci\u00f3n de aspecto 16:09<\/td>\n<\/tr>\n<tr>\n<td>Tipo de panel ips<\/td>\n<\/tr>\n<tr>\n<td>Brillo (t\u00edpico) 400 cd\/ and #13217;<\/td>\n<\/tr>\n<tr>\n<td>Brillo m\u00e1ximo (t\u00edpico) n\/a<\/td>\n<\/tr>\n<tr>\n<td>Brillo (m\u00edn.) 320 cd\/ and #13217;<\/td>\n<\/tr>\n<tr>\n<td>Relaci\u00f3n de contraste (est\u00e1tico) 1000:1 (t\u00edp.)<\/td>\n<\/tr>\n<tr>\n<td>Relaci\u00f3n de contraste (din\u00e1mico) mega  and #8734; dcr<\/td>\n<\/tr>\n<tr>\n<td>Hdr (alto rango din\u00e1mico) hdr10<\/td>\n<\/tr>\n<tr>\n<td>Hdr10+ n\/a<\/td>\n<\/tr>\n<tr>\n<td>Juegos hdr10+ n\/a<\/td>\n<\/tr>\n<tr>\n<td>Atenuaci\u00f3n local mini led n\/a<\/td>\n<\/tr>\n<tr>\n<td>Resoluci\u00f3n 1920 x 1080<\/td>\n<\/tr>\n<tr>\n<td>Tiempo de respuesta (ms) 1 ms (gtg)<\/td>\n<\/tr>\n<tr>\n<td>\u00e1ngulo de visi\u00f3n (h\/v) 178\u00b0(h)\/178\u00b0(v)<\/td>\n<\/tr>\n<tr>\n<td>Soporte de color m\u00e1x. 16,7 m<\/td>\n<\/tr>\n<tr>\n<td>Gama de colores (ntsc) n\/a<\/td>\n<\/tr>\n<tr>\n<td>Gama de colores (cobertura dci) n\/a<\/td>\n<\/tr>\n<tr>\n<td>Gama de colores (cobertura srgb) 99 %<\/td>\n<\/tr>\n<tr>\n<td>Gama de colores (cobertura de adobe rgb) n\/a<\/td>\n<\/tr>\n<tr>\n<td>Velocidad de fotogramas m\u00e1x. 240 hz<\/td>\n<\/tr>\n<tr>\n<td>Samsung magicrotation auto n\/d<\/td>\n<\/tr>\n<tr>\n<td>Eco ahorro plus s\u00ed<\/td>\n<\/tr>\n<tr>\n<td>Sensor de movimiento ecol\u00f3gico n\/a<\/td>\n<\/tr>\n<tr>\n<td>Sensor de luz ecol\u00f3gica s\u00ed<\/td>\n<\/tr>\n<tr>\n<td>0,00 w modo apagado n\/a<\/td>\n<\/tr>\n<tr>\n<td>Modo protector de ojos s\u00ed<\/td>\n<\/tr>\n<tr>\n<td>Sin parpadeo s\u00ed<\/td>\n<\/tr>\n<tr>\n<td>Imagen en imagen n\/a<\/td>\n<\/tr>\n<tr>\n<td>Imagen por imagen n\/a<\/td>\n<\/tr>\n<tr>\n<td>Color de punto cu\u00e1ntico n\/a<\/td>\n<\/tr>\n<tr>\n<td>Modo de juego n\/a<\/td>\n<\/tr>\n<tr>\n<td>Tama\u00f1o de imagen n\/a<\/td>\n<\/tr>\n<tr>\n<td>S\u00faper carga usb n\/a<\/td>\n<\/tr>\n<tr>\n<td>Conexi\u00f3n en cadena n\/a<\/td>\n<\/tr>\n<tr>\n<td>Certificaci\u00f3n de windowswindows 10<\/td>\n<\/tr>\n<tr>\n<td>Freesync premium de freesync<\/td>\n<\/tr>\n<tr>\n<td>Compatible con g-sync<\/td>\n<\/tr>\n<tr>\n<td>Temporizador de apagado plus s\u00ed<\/td>\n<\/tr>\n<tr>\n<td>Carga inal\u00e1mbrica de smartphone n\/a<\/td>\n<\/tr>\n<tr>\n<td>Ecualizador negro s\u00ed<\/td>\n<\/tr>\n<tr>\n<td>Modo de retraso de entrada bajo s\u00ed<\/td>\n<\/tr>\n<tr>\n<td>Punto aim virtual s\u00ed<\/td>\n<\/tr>\n<tr>\n<td>Sincronizaci\u00f3n principal n\/a<\/td>\n<\/tr>\n<tr>\n<td>Barra de juegos n\/a<\/td>\n<\/tr>\n<tr>\n<td>Centro de juegos n\/a<\/td>\n<\/tr>\n<tr>\n<td>Optimizador de frecuencia de actualizaci\u00f3n s\u00ed<\/td>\n<\/tr>\n<tr>\n<td>S\u00faper arena gaming ux s\u00ed<\/td>\n<\/tr>\n<tr>\n<td>Hdmi and #8209;cec n\/a<\/td>\n<\/tr>\n<tr>\n<td>Cambio autom\u00e1tico de fuente n\/a<\/td>\n<\/tr>\n<tr>\n<td>Cambio autom\u00e1tico de fuente+ s\u00ed<\/td>\n<\/tr>\n<tr>\n<td>Imagen adaptativa s\u00ed<\/td>\n<\/tr>\n<tr>\n<td>Aumento de potencia usb-c n\/a<\/td>\n<\/tr>\n<tr>\n<td>Super ultrawide gameview s\u00ed<\/td>\n<\/tr>\n<tr>\n<td>Tipo inteligente n\/a<\/td>\n<\/tr>\n<tr>\n<td>Sistema operativo n\/a<\/td>\n<\/tr>\n<tr>\n<td>Bixbyn\/a<\/td>\n<\/tr>\n<tr>\n<td>Interacci\u00f3n de voz de campo lejano n\/a<\/td>\n<\/tr>\n<tr>\n<td>Asistente de voz incorporado n\/a<\/td>\n<\/tr>\n<tr>\n<td>Asistente de google integrado n\/a<\/td>\n<\/tr>\n<tr>\n<td>Funciona con el asistente de google n\/a<\/td>\n<\/tr>\n<tr>\n<td>Funciona con altavoz ai n\/a<\/td>\n<\/tr>\n<tr>\n<td>Tv plus n\/d<\/td>\n<\/tr>\n<tr>\n<td>Gu\u00eda universal n\/a<\/td>\n<\/tr>\n<tr>\n<td>Comunicaci\u00f3n por video n\/a<\/td>\n<\/tr>\n<tr>\n<td>Servicio web n\/a<\/td>\n<\/tr>\n<tr>\n<td>Soporte de la aplicaci\u00f3n smartthings n\/a<\/td>\n<\/tr>\n<tr>\n<td>Cosas inteligentes n\/a<\/td>\n<\/tr>\n<tr>\n<td>M\u00f3vil a pantalla &#8211; duplicaci\u00f3n, dlna n\/a<\/td>\n<\/tr>\n<tr>\n<td>Toque ver n\/a<\/td>\n<\/tr>\n<tr>\n<td>Espacio de trabajo n\/d<\/td>\n<\/tr>\n<tr>\n<td>Duplicaci\u00f3n de sonido n\/a<\/td>\n<\/tr>\n<tr>\n<td>Connectshare\u0099 n\/d<\/td>\n<\/tr>\n<tr>\n<td>Pantalla inal\u00e1mbrica s\u00ed<\/td>\n<\/tr>\n<tr>\n<td>D-sub no<\/td>\n<\/tr>\n<tr>\n<td>No dvi<\/td>\n<\/tr>\n<tr>\n<td>Enlace dual dvi no<\/td>\n<\/tr>\n<tr>\n<td>Puerto de visualizaci\u00f3n 1 ea<\/td>\n<\/tr>\n<tr>\n<td>Puerto de pantalla versi\u00f3n 1.2<\/td>\n<\/tr>\n<tr>\n<td>Salida de puerto de pantalla no<\/td>\n<\/tr>\n<tr>\n<td>Versi\u00f3n de salida de puerto de pantalla n\/a<\/td>\n<\/tr>\n<tr>\n<td>Mini puerto de pantalla no<\/td>\n<\/tr>\n<tr>\n<td>Hdmi 2 c\/u<\/td>\n<\/tr>\n<tr>\n<td>Hdmi versi\u00f3n 2<\/td>\n<\/tr>\n<tr>\n<td>Versi\u00f3n hdcp (hdmi) 2.2<\/td>\n<\/tr>\n<tr>\n<td>Microhdmi n\/a<\/td>\n<\/tr>\n<tr>\n<td>Versi\u00f3n micro hdmi n\/a<\/td>\n<\/tr>\n<tr>\n<td>Versi\u00f3n hdcp (micro hdmi) n\/a<\/td>\n<\/tr>\n<tr>\n<td>Entrada de audio no<\/td>\n<\/tr>\n<tr>\n<td>Auricular s\u00ed<\/td>\n<\/tr>\n<tr>\n<td>Puertos usb n\/a<\/td>\n<\/tr>\n<tr>\n<td>Versi\u00f3n del concentrador usb n\/a<\/td>\n<\/tr>\n<tr>\n<td>Usb tipo c no<\/td>\n<\/tr>\n<tr>\n<td>Alimentaci\u00f3n de carga usb-c n\/a<\/td>\n<\/tr>\n<tr>\n<td>Entrada thunderbolt n\/a<\/td>\n<\/tr>\n<tr>\n<td>Potencia de carga thunderbolt (puerto 1) n\/a<\/td>\n<\/tr>\n<tr>\n<td>Energ\u00eda de carga thunderbolt (puerto 2) n\/a<\/td>\n<\/tr>\n<tr>\n<td>Ethernet (lan) n\/a<\/td>\n<\/tr>\n<tr>\n<td>Wi-fi n\/a<\/td>\n<\/tr>\n<tr>\n<td>Bluetooth n\/d<\/td>\n<\/tr>\n<tr>\n<td>C\u00e1mara incorporada n\/a<\/td>\n<\/tr>\n<tr>\n<td>Certificaci\u00f3n de windows hello n\/a<\/td>\n<\/tr>\n<tr>\n<td>N\u00famero de altavoz<\/td>\n<\/tr>\n<tr>\n<td>Sonido adaptativo n\/a<\/td>\n<\/tr>\n<tr>\n<td>Temperatura 10~40  and #8451;<\/td>\n<\/tr>\n<tr>\n<td>Humedad 10~80, % sin condensaci\u00f3n<\/td>\n<\/tr>\n<tr>\n<td>Ajuste de f\u00e1brica n\/a<\/td>\n<\/tr>\n<tr>\n<td>Motor de calibraci\u00f3n incorporado n\/a<\/td>\n<\/tr>\n<tr>\n<td>Lut (tabla de consulta) profundidad de bits n\/a<\/td>\n<\/tr>\n<tr>\n<td>Balance de grises n\/a<\/td>\n<\/tr>\n<tr>\n<td>Correcci\u00f3n de uniformidad n\/a<\/td>\n<\/tr>\n<tr>\n<td>Modo de color personalizado\/fps\/rts\/rpg\/deportes\/srgb\/cine\/contraste din\u00e1mico<\/td>\n<\/tr>\n<tr>\n<td>Cms (software de gesti\u00f3n del color) n\/a<\/td>\n<\/tr>\n<tr>\n<td>Informe de calibraci\u00f3n de f\u00e1brica n\/a<\/td>\n<\/tr>\n<tr>\n<td>Color frontal negro<\/td>\n<\/tr>\n<tr>\n<td>Color trasero negro<\/td>\n<\/tr>\n<tr>\n<td>Color del soporte negro<\/td>\n<\/tr>\n<tr>\n<td>Tipo de soporte tiene pivote<\/td>\n<\/tr>\n<tr>\n<td>Has (soporte de altura ajustable) 120.0\u00b15.0mm<\/td>\n<\/tr>\n<tr>\n<td>Inclinaci\u00f3n -3,0\u00b0(\u00b12,0\u00b0) ~ +22,0\u00b0(\u00b12,0\u00b0)<\/td>\n<\/tr>\n<tr>\n<td>Giratorio -15,0\u00b0(\u00b12,0\u00b0) ~ +15,0\u00b0(\u00b12,0\u00b0)<\/td>\n<\/tr>\n<tr>\n<td>Pivote -92,0\u00b0(\u00b12,0\u00b0) ~ +92,0\u00b0(\u00b12,0\u00b0)<\/td>\n<\/tr>\n<tr>\n<td>Montaje en pared 100 x 100<\/td>\n<\/tr>\n<tr>\n<td>Estrella de energ\u00eda n\/a<\/td>\n<\/tr>\n<tr>\n<td>Clase de eficiencia energ\u00e9tica n\/a<\/td>\n<\/tr>\n<tr>\n<td>Pl\u00e1stico reciclado n\/a<\/td>\n<\/tr>\n<tr>\n<td>Fuente de alimentaci\u00f3n ca 100~240v<\/td>\n<\/tr>\n<tr>\n<td>Consumo de energ\u00eda (m\u00e1x.) 35 w<\/td>\n<\/tr>\n<tr>\n<td>Consumo de energ\u00eda (t\u00edpico) n\/a<\/td>\n<\/tr>\n<tr>\n<td>Consumo de energ\u00eda (dpms) n\/a<\/td>\n<\/tr>\n<tr>\n<td>Consumo de energ\u00eda (modo apagado) n\/a<\/td>\n<\/tr>\n<tr>\n<td>Consumo de energ\u00eda (anual) n\/a<\/td>\n<\/tr>\n<tr>\n<td>Tipo adaptador externo<\/td>\n<\/tr>\n<tr>\n<td>Dimensi\u00f3n del juego con soporte (an. x al. x pr.) 558,5 x 552,9 x 244,8 mm<\/td>\n<\/tr>\n<tr>\n<td>Dimensiones del juego sin soporte (an. x al. x pr.) 558,5 x 341,1 x 85,4 mm<\/td>\n<\/tr>\n<tr>\n<td>Dimensiones del paquete (an. x al. x pr.) 628,0 x 163,0 x 429,0 mm<\/td>\n<\/tr>\n<tr>\n<td>Juego de pesas con soporte 4,5 kg<\/td>\n<\/tr>\n<tr>\n<td>Peso del conjunto sin soporte 2,8 kg<\/td>\n<\/tr>\n<tr>\n<td>Peso del paquete 6,0 kg<\/td>\n<\/tr>\n<tr>\n<td>Longitud del cable de alimentaci\u00f3n 1,5 m<\/td>\n<\/tr>\n<tr>\n<td>Cable d-sub n\/a<\/td>\n<\/tr>\n<tr>\n<td>Cable dvin\/a<\/td>\n<\/tr>\n<tr>\n<td>Cable hdmi s\u00ed<\/td>\n<\/tr>\n<tr>\n<td>Cable hdmi a dvi n\/a<\/td>\n<\/tr>\n<tr>\n<td>Cable hdmi a micro hdmi n\/d<\/td>\n<\/tr>\n<tr>\n<td>Cable dp n\/d<\/td>\n<\/tr>\n<tr>\n<td>Cable usb tipo c n\/a<\/td>\n<\/tr>\n<tr>\n<td>Cable thunderbolt 3 n\/a<\/td>\n<\/tr>\n<tr>\n<td>Mini-display g\u00e9nero no<\/td>\n<\/tr>\n<tr>\n<td>Cd de instalaci\u00f3n n\/a<\/td>\n<\/tr>\n<tr>\n<td>Cable de audion\/a<\/td>\n<\/tr>\n<tr>\n<td>Cable usb 2.0 n\/a<\/td>\n<\/tr>\n<tr>\n<td>Cable usb 3.0 n\/a<\/td>\n<\/tr>\n<tr>\n<td>Mando a distancia n\/a<\/td>\n<\/tr>\n<tr>\n<td>C\u00e1mara n\/a<\/td>\n<\/tr>\n<tr>\n<td>Descargo de responsabilidad n\/a<\/td>\n<\/tr>\n<\/table>\n","protected":false},"excerpt":{"rendered":"<p>Tama\u00f1o de pantalla (clase) 25 Plana \/ curva plana Tama\u00f1o de pantalla activa (hxv) (mm) 543,744 x 302,616 mm Curvatura de pantalla n\/a Relaci\u00f3n de aspecto 16:09 Tipo de panel ips Brillo (t\u00edpico) 400 cd\/ and #13217; Brillo m\u00e1ximo (t\u00edpico) n\/a Brillo (m\u00edn.) 320 cd\/ and #13217; Relaci\u00f3n de contraste (est\u00e1tico) 1000:1 (t\u00edp.) Relaci\u00f3n de [&hellip;]<\/p>\n","protected":false},"featured_media":219942,"comment_status":"open","ping_status":"open","template":"","meta":[],"product_cat":[1741,1740],"product_tag":[1743],"acf":[],"yoast_head":"<!-- This site is optimized with the Yoast SEO plugin v21.7 - https:\/\/yoast.com\/wordpress\/plugins\/seo\/ -->\n<title>[ Samsung ] &#129351; Ls25bg400elxzx Monitor Led 25 Pulgadas \/g4 Odyssey Gamer\/ Fhd(1920 X 1080)\/ Ips \/ Widescreen \/plano \/ Hdmi \/ Dp \/ 240hz \/ Negro.<\/title>\n<meta name=\"description\" content=\"Compra Ls25bg400elxzx Monitor Led 25 Pulgadas \/g4 Odyssey Gamer\/ Fhd(1920 X 1080)\/ Ips \/ Widescreen \/plano \/ Hdmi \/ Dp \/ 240hz \/ Negro. + Env\u00edo a domicilio + Pago seguro + Garant\u00eda\" \/>\n<meta name=\"robots\" content=\"index, follow, max-snippet:-1, max-image-preview:large, max-video-preview:-1\" \/>\n<link rel=\"canonical\" href=\"https:\/\/compuviper.mx\/tienda\/producto\/samsung-ls25bg400elxzx-monitor-led-25-pulgadas-g4-odyssey-gamer-fhd1920-x-1080-ips-widescreen-plano-hdmi-dp-240hz-negro\/\" \/>\n<meta property=\"og:locale\" content=\"es_MX\" \/>\n<meta property=\"og:type\" content=\"article\" \/>\n<meta property=\"og:title\" content=\"[ Samsung ] &#129351; Ls25bg400elxzx Monitor Led 25 Pulgadas \/g4 Odyssey Gamer\/ Fhd(1920 X 1080)\/ Ips \/ Widescreen \/plano \/ Hdmi \/ Dp \/ 240hz \/ Negro.\" \/>\n<meta property=\"og:description\" content=\"Compra Ls25bg400elxzx Monitor Led 25 Pulgadas \/g4 Odyssey Gamer\/ Fhd(1920 X 1080)\/ Ips \/ Widescreen \/plano \/ Hdmi \/ Dp \/ 240hz \/ Negro. + Env\u00edo a domicilio + Pago seguro + Garant\u00eda\" \/>\n<meta property=\"og:url\" content=\"https:\/\/compuviper.mx\/tienda\/producto\/samsung-ls25bg400elxzx-monitor-led-25-pulgadas-g4-odyssey-gamer-fhd1920-x-1080-ips-widescreen-plano-hdmi-dp-240hz-negro\/\" \/>\n<meta property=\"og:site_name\" content=\"Compuviper\" \/>\n<meta property=\"article:publisher\" content=\"https:\/\/www.facebook.com\/compuviper\" \/>\n<meta property=\"article:modified_time\" content=\"2026-04-02T06:47:35+00:00\" \/>\n<meta property=\"og:image\" content=\"https:\/\/compuviper.mx\/tienda\/wp-content\/uploads\/2023\/12\/Monitor-led-samsung-25-widescreen-fhd-1920-x-1080-odyssey-g4-bg400-ips-negro-hdmi-2-d.-port-1-flat-gamer-240hz-pivot-90\u00b0-1ms.jpg\" \/>\n\t<meta property=\"og:image:width\" content=\"200\" \/>\n\t<meta property=\"og:image:height\" content=\"200\" \/>\n\t<meta property=\"og:image:type\" content=\"image\/jpeg\" \/>\n<meta name=\"twitter:card\" content=\"summary_large_image\" \/>\n<meta name=\"twitter:label1\" content=\"Precio\" \/>\n\t<meta name=\"twitter:data1\" content=\"&#36;4,080 con IVA\" \/>\n\t<meta name=\"twitter:label2\" content=\"Availability\" \/>\n\t<meta name=\"twitter:data2\" content=\"Out of stock\" \/>\n<script type=\"application\/ld+json\" class=\"yoast-schema-graph\">{\"@context\":\"https:\/\/schema.org\",\"@graph\":[{\"@type\":\"WebPage\",\"@id\":\"https:\/\/compuviper.mx\/tienda\/producto\/samsung-ls25bg400elxzx-monitor-led-25-pulgadas-g4-odyssey-gamer-fhd1920-x-1080-ips-widescreen-plano-hdmi-dp-240hz-negro\/\",\"url\":\"https:\/\/compuviper.mx\/tienda\/producto\/samsung-ls25bg400elxzx-monitor-led-25-pulgadas-g4-odyssey-gamer-fhd1920-x-1080-ips-widescreen-plano-hdmi-dp-240hz-negro\/\",\"name\":\"[ Samsung ] &#129351; Ls25bg400elxzx Monitor Led 25 Pulgadas \/g4 Odyssey Gamer\/ Fhd(1920 X 1080)\/ Ips \/ Widescreen \/plano \/ Hdmi \/ Dp \/ 240hz \/ Negro.\",\"isPartOf\":{\"@id\":\"https:\/\/compuviper.mx\/tienda\/#website\"},\"datePublished\":\"2026-04-02T06:47:34+00:00\",\"dateModified\":\"2026-04-02T06:47:35+00:00\",\"description\":\"Compra Ls25bg400elxzx Monitor Led 25 Pulgadas \/g4 Odyssey Gamer\/ Fhd(1920 X 1080)\/ Ips \/ Widescreen \/plano \/ Hdmi \/ Dp \/ 240hz \/ Negro. + Env\u00edo a domicilio + Pago seguro + Garant\u00eda\",\"breadcrumb\":{\"@id\":\"https:\/\/compuviper.mx\/tienda\/producto\/samsung-ls25bg400elxzx-monitor-led-25-pulgadas-g4-odyssey-gamer-fhd1920-x-1080-ips-widescreen-plano-hdmi-dp-240hz-negro\/#breadcrumb\"},\"inLanguage\":\"es-MX\",\"potentialAction\":[{\"@type\":\"ReadAction\",\"target\":[\"https:\/\/compuviper.mx\/tienda\/producto\/samsung-ls25bg400elxzx-monitor-led-25-pulgadas-g4-odyssey-gamer-fhd1920-x-1080-ips-widescreen-plano-hdmi-dp-240hz-negro\/\"]}]},{\"@type\":\"BreadcrumbList\",\"@id\":\"https:\/\/compuviper.mx\/tienda\/producto\/samsung-ls25bg400elxzx-monitor-led-25-pulgadas-g4-odyssey-gamer-fhd1920-x-1080-ips-widescreen-plano-hdmi-dp-240hz-negro\/#breadcrumb\",\"itemListElement\":[{\"@type\":\"ListItem\",\"position\":1,\"name\":\"Inicio\",\"item\":\"https:\/\/compuviper.mx\/tienda\/\"},{\"@type\":\"ListItem\",\"position\":2,\"name\":\"Productos\",\"item\":\"https:\/\/compuviper.mx\/tienda\/productos\/\"},{\"@type\":\"ListItem\",\"position\":3,\"name\":\"Monitores\",\"item\":\"https:\/\/compuviper.mx\/tienda\/categoria-producto\/monitores\/\"},{\"@type\":\"ListItem\",\"position\":4,\"name\":\"Led\",\"item\":\"https:\/\/compuviper.mx\/tienda\/categoria-producto\/monitores\/led\/\"},{\"@type\":\"ListItem\",\"position\":5,\"name\":\"Samsung Ls25bg400elxzx Monitor Led 25 Pulgadas \/g4 Odyssey Gamer\/ Fhd(1920 X 1080)\/ Ips \/ Widescreen \/plano \/ Hdmi \/ Dp \/ 240hz \/ Negro.\"}]},{\"@type\":\"WebSite\",\"@id\":\"https:\/\/compuviper.mx\/tienda\/#website\",\"url\":\"https:\/\/compuviper.mx\/tienda\/\",\"name\":\"Compuviper\",\"description\":\"Proveedor de Computadoras, Laptops, Servidores, Monitores, Puntos de Venta, Teclados,   Impresoras, T\u00f3ner, C\u00e1maras de Seguridad y m\u00e1s en tu tienda en l\u00ednea\",\"publisher\":{\"@id\":\"https:\/\/compuviper.mx\/tienda\/#organization\"},\"potentialAction\":[{\"@type\":\"SearchAction\",\"target\":{\"@type\":\"EntryPoint\",\"urlTemplate\":\"https:\/\/compuviper.mx\/tienda\/?s={search_term_string}\"},\"query-input\":\"required name=search_term_string\"}],\"inLanguage\":\"es-MX\"},{\"@type\":\"Organization\",\"@id\":\"https:\/\/compuviper.mx\/tienda\/#organization\",\"name\":\"Compuviper\",\"url\":\"https:\/\/compuviper.mx\/tienda\/\",\"logo\":{\"@type\":\"ImageObject\",\"inLanguage\":\"es-MX\",\"@id\":\"https:\/\/compuviper.mx\/tienda\/#\/schema\/logo\/image\/\",\"url\":\"https:\/\/compuviper.mx\/tienda\/wp-content\/uploads\/2021\/08\/Logo-Compuviper-10.png\",\"contentUrl\":\"https:\/\/compuviper.mx\/tienda\/wp-content\/uploads\/2021\/08\/Logo-Compuviper-10.png\",\"width\":1000,\"height\":500,\"caption\":\"Compuviper\"},\"image\":{\"@id\":\"https:\/\/compuviper.mx\/tienda\/#\/schema\/logo\/image\/\"},\"sameAs\":[\"https:\/\/www.facebook.com\/compuviper\",\"https:\/\/www.youtube.com\/channel\/UCf73dERp9Y3cfOq7q8BhLjA?view_as=subscriber\"]}]}<\/script>\n<meta property=\"product:brand\" content=\"SAMSUNG\" \/>\n<meta property=\"product:price:amount\" content=\"4080\" \/>\n<meta property=\"product:price:currency\" content=\"MXN\" \/>\n<meta property=\"og:availability\" content=\"out of stock\" \/>\n<meta property=\"product:availability\" content=\"out of stock\" \/>\n<meta property=\"product:retailer_item_id\" content=\"LS25BG400ELXZX\" \/>\n<meta property=\"product:condition\" content=\"new\" \/>\n<!-- \/ Yoast SEO plugin. -->","yoast_head_json":{"title":"[ Samsung ] &#129351; Ls25bg400elxzx Monitor Led 25 Pulgadas \/g4 Odyssey Gamer\/ Fhd(1920 X 1080)\/ Ips \/ Widescreen \/plano \/ Hdmi \/ Dp \/ 240hz \/ Negro.","description":"Compra Ls25bg400elxzx Monitor Led 25 Pulgadas \/g4 Odyssey Gamer\/ Fhd(1920 X 1080)\/ Ips \/ Widescreen \/plano \/ Hdmi \/ Dp \/ 240hz \/ Negro. + Env\u00edo a domicilio + Pago seguro + Garant\u00eda","robots":{"index":"index","follow":"follow","max-snippet":"max-snippet:-1","max-image-preview":"max-image-preview:large","max-video-preview":"max-video-preview:-1"},"canonical":"https:\/\/compuviper.mx\/tienda\/producto\/samsung-ls25bg400elxzx-monitor-led-25-pulgadas-g4-odyssey-gamer-fhd1920-x-1080-ips-widescreen-plano-hdmi-dp-240hz-negro\/","og_locale":"es_MX","og_type":"article","og_title":"[ Samsung ] &#129351; Ls25bg400elxzx Monitor Led 25 Pulgadas \/g4 Odyssey Gamer\/ Fhd(1920 X 1080)\/ Ips \/ Widescreen \/plano \/ Hdmi \/ Dp \/ 240hz \/ Negro.","og_description":"Compra Ls25bg400elxzx Monitor Led 25 Pulgadas \/g4 Odyssey Gamer\/ Fhd(1920 X 1080)\/ Ips \/ Widescreen \/plano \/ Hdmi \/ Dp \/ 240hz \/ Negro. + Env\u00edo a domicilio + Pago seguro + Garant\u00eda","og_url":"https:\/\/compuviper.mx\/tienda\/producto\/samsung-ls25bg400elxzx-monitor-led-25-pulgadas-g4-odyssey-gamer-fhd1920-x-1080-ips-widescreen-plano-hdmi-dp-240hz-negro\/","og_site_name":"Compuviper","article_publisher":"https:\/\/www.facebook.com\/compuviper","article_modified_time":"2026-04-02T06:47:35+00:00","og_image":[{"width":200,"height":200,"url":"https:\/\/compuviper.mx\/tienda\/wp-content\/uploads\/2023\/12\/Monitor-led-samsung-25-widescreen-fhd-1920-x-1080-odyssey-g4-bg400-ips-negro-hdmi-2-d.-port-1-flat-gamer-240hz-pivot-90\u00b0-1ms.jpg","type":"image\/jpeg"}],"twitter_card":"summary_large_image","twitter_misc":{"Precio":"&#36;4,080 con IVA","Availability":"Out of stock"},"schema":{"@context":"https:\/\/schema.org","@graph":[{"@type":"WebPage","@id":"https:\/\/compuviper.mx\/tienda\/producto\/samsung-ls25bg400elxzx-monitor-led-25-pulgadas-g4-odyssey-gamer-fhd1920-x-1080-ips-widescreen-plano-hdmi-dp-240hz-negro\/","url":"https:\/\/compuviper.mx\/tienda\/producto\/samsung-ls25bg400elxzx-monitor-led-25-pulgadas-g4-odyssey-gamer-fhd1920-x-1080-ips-widescreen-plano-hdmi-dp-240hz-negro\/","name":"[ Samsung ] &#129351; Ls25bg400elxzx Monitor Led 25 Pulgadas \/g4 Odyssey Gamer\/ Fhd(1920 X 1080)\/ Ips \/ Widescreen \/plano \/ Hdmi \/ Dp \/ 240hz \/ Negro.","isPartOf":{"@id":"https:\/\/compuviper.mx\/tienda\/#website"},"datePublished":"2026-04-02T06:47:34+00:00","dateModified":"2026-04-02T06:47:35+00:00","description":"Compra Ls25bg400elxzx Monitor Led 25 Pulgadas \/g4 Odyssey Gamer\/ Fhd(1920 X 1080)\/ Ips \/ Widescreen \/plano \/ Hdmi \/ Dp \/ 240hz \/ Negro. + Env\u00edo a domicilio + Pago seguro + Garant\u00eda","breadcrumb":{"@id":"https:\/\/compuviper.mx\/tienda\/producto\/samsung-ls25bg400elxzx-monitor-led-25-pulgadas-g4-odyssey-gamer-fhd1920-x-1080-ips-widescreen-plano-hdmi-dp-240hz-negro\/#breadcrumb"},"inLanguage":"es-MX","potentialAction":[{"@type":"ReadAction","target":["https:\/\/compuviper.mx\/tienda\/producto\/samsung-ls25bg400elxzx-monitor-led-25-pulgadas-g4-odyssey-gamer-fhd1920-x-1080-ips-widescreen-plano-hdmi-dp-240hz-negro\/"]}]},{"@type":"BreadcrumbList","@id":"https:\/\/compuviper.mx\/tienda\/producto\/samsung-ls25bg400elxzx-monitor-led-25-pulgadas-g4-odyssey-gamer-fhd1920-x-1080-ips-widescreen-plano-hdmi-dp-240hz-negro\/#breadcrumb","itemListElement":[{"@type":"ListItem","position":1,"name":"Inicio","item":"https:\/\/compuviper.mx\/tienda\/"},{"@type":"ListItem","position":2,"name":"Productos","item":"https:\/\/compuviper.mx\/tienda\/productos\/"},{"@type":"ListItem","position":3,"name":"Monitores","item":"https:\/\/compuviper.mx\/tienda\/categoria-producto\/monitores\/"},{"@type":"ListItem","position":4,"name":"Led","item":"https:\/\/compuviper.mx\/tienda\/categoria-producto\/monitores\/led\/"},{"@type":"ListItem","position":5,"name":"Samsung Ls25bg400elxzx Monitor Led 25 Pulgadas \/g4 Odyssey Gamer\/ Fhd(1920 X 1080)\/ Ips \/ Widescreen \/plano \/ Hdmi \/ Dp \/ 240hz \/ Negro."}]},{"@type":"WebSite","@id":"https:\/\/compuviper.mx\/tienda\/#website","url":"https:\/\/compuviper.mx\/tienda\/","name":"Compuviper","description":"Proveedor de Computadoras, Laptops, Servidores, Monitores, Puntos de Venta, Teclados,   Impresoras, T\u00f3ner, C\u00e1maras de Seguridad y m\u00e1s en tu tienda en l\u00ednea","publisher":{"@id":"https:\/\/compuviper.mx\/tienda\/#organization"},"potentialAction":[{"@type":"SearchAction","target":{"@type":"EntryPoint","urlTemplate":"https:\/\/compuviper.mx\/tienda\/?s={search_term_string}"},"query-input":"required name=search_term_string"}],"inLanguage":"es-MX"},{"@type":"Organization","@id":"https:\/\/compuviper.mx\/tienda\/#organization","name":"Compuviper","url":"https:\/\/compuviper.mx\/tienda\/","logo":{"@type":"ImageObject","inLanguage":"es-MX","@id":"https:\/\/compuviper.mx\/tienda\/#\/schema\/logo\/image\/","url":"https:\/\/compuviper.mx\/tienda\/wp-content\/uploads\/2021\/08\/Logo-Compuviper-10.png","contentUrl":"https:\/\/compuviper.mx\/tienda\/wp-content\/uploads\/2021\/08\/Logo-Compuviper-10.png","width":1000,"height":500,"caption":"Compuviper"},"image":{"@id":"https:\/\/compuviper.mx\/tienda\/#\/schema\/logo\/image\/"},"sameAs":["https:\/\/www.facebook.com\/compuviper","https:\/\/www.youtube.com\/channel\/UCf73dERp9Y3cfOq7q8BhLjA?view_as=subscriber"]}]},"product_brand":"SAMSUNG","product_price_amount":"4080","product_price_currency":"MXN","og_availability":"out of stock","product_availability":"out of stock","product_retailer_item_id":"LS25BG400ELXZX","product_condition":"new"},"_links":{"self":[{"href":"https:\/\/compuviper.mx\/tienda\/wp-json\/wp\/v2\/product\/219941"}],"collection":[{"href":"https:\/\/compuviper.mx\/tienda\/wp-json\/wp\/v2\/product"}],"about":[{"href":"https:\/\/compuviper.mx\/tienda\/wp-json\/wp\/v2\/types\/product"}],"replies":[{"embeddable":true,"href":"https:\/\/compuviper.mx\/tienda\/wp-json\/wp\/v2\/comments?post=219941"}],"wp:featuredmedia":[{"embeddable":true,"href":"https:\/\/compuviper.mx\/tienda\/wp-json\/wp\/v2\/media\/219942"}],"wp:attachment":[{"href":"https:\/\/compuviper.mx\/tienda\/wp-json\/wp\/v2\/media?parent=219941"}],"wp:term":[{"taxonomy":"product_cat","embeddable":true,"href":"https:\/\/compuviper.mx\/tienda\/wp-json\/wp\/v2\/product_cat?post=219941"},{"taxonomy":"product_tag","embeddable":true,"href":"https:\/\/compuviper.mx\/tienda\/wp-json\/wp\/v2\/product_tag?post=219941"}],"curies":[{"name":"wp","href":"https:\/\/api.w.org\/{rel}","templated":true}]}}