{"id":219914,"date":"2026-04-02T00:47:33","date_gmt":"2026-04-02T06:47:33","guid":{"rendered":"https:\/\/compuviper.mx\/tienda\/producto\/lg-55vm5j-h-monitor-sealizacion-digital-55-para-video-wall-500-nits-bisel-1-8-mm-1920-x-1080-uso-24-7-interfase-hdmi-2-dp-dvi-d-usb-rs232c-rj45-audio-ir-procesamiento-de-contenido-4k\/"},"modified":"2026-04-02T00:47:34","modified_gmt":"2026-04-02T06:47:34","slug":"lg-55vm5j-h-monitor-sealizacion-digital-55-para-video-wall-500-nits-bisel-1-8-mm-1920-x-1080-uso-24-7-interfase-hdmi-2-dp-dvi-d-usb-rs232c-rj45-audio-ir-procesamiento-de-contenido-4k","status":"publish","type":"product","link":"https:\/\/compuviper.mx\/tienda\/producto\/lg-55vm5j-h-monitor-sealizacion-digital-55-para-video-wall-500-nits-bisel-1-8-mm-1920-x-1080-uso-24-7-interfase-hdmi-2-dp-dvi-d-usb-rs232c-rj45-audio-ir-procesamiento-de-contenido-4k\/","title":{"rendered":"Lg 55vm5j-h Monitor Se?alizacion Digital  55, Para Video Wall, 500 Nits, Bisel 1.8 Mm 1920 X 1080 Uso 24\/7 Interfase Hdmi 2\/ Dp\/ Dvi-d\/ Usb\/ Rs232c\/ Rj45\/ Audio\/ Ir Procesamiento De Contenido 4k"},"content":{"rendered":"<table class=\"descripcion\">\n<tr>\n<td>Tama\u00f1o de pantalla             55<\/td>\n<\/tr>\n<tr>\n<td>Tecnolog\u00eda de paneles          ips<\/td>\n<\/tr>\n<tr>\n<td>Tipo de luz de fondo             directo<\/td>\n<\/tr>\n<tr>\n<td>Relaci\u00f3n de aspecto            16:09<\/td>\n<\/tr>\n<tr>\n<td>Resoluci\u00f3n nativa                 1920 x 1080 (fhd)<\/td>\n<\/tr>\n<tr>\n<td>Frecuencia de actualizaci\u00f3n         60hz<\/td>\n<\/tr>\n<tr>\n<td>Brillo (t\u00edpico, nit)                         500<\/td>\n<\/tr>\n<tr>\n<td>Relaci\u00f3n de contraste                1000:01:00<\/td>\n<\/tr>\n<tr>\n<td>Rc din\u00e1mico                                500,000 : 1<\/td>\n<\/tr>\n<tr>\n<td>Gama de colores                        ntsc 72%<\/td>\n<\/tr>\n<tr>\n<td>\u00e1ngulo de visi\u00f3n (h x v)            178 x 178<\/td>\n<\/tr>\n<tr>\n<td>Profundidad del color               10 bits, 1070 millones de colores<\/td>\n<\/tr>\n<tr>\n<td>Tiempo de respuesta                8 ms (g a g)<\/td>\n<\/tr>\n<tr>\n<td>Toda la vida                                60.000 horas (t\u00edp.) \/ 50.000 horas (m\u00edn.)<\/td>\n<\/tr>\n<tr>\n<td>Horas de operaci\u00f3n (horas\/d\u00eda)         24\/7<\/td>\n<\/tr>\n<tr>\n<td>Retrato \/ paisaje                                   s\u00ed \/ s\u00ed<\/td>\n<\/tr>\n<tr>\n<td>Conectividad<\/td>\n<\/tr>\n<tr>\n<td>Hdmi 2 (hdcp 2.2), dp (hdcp 2.2), dvi-d (hdcp 1.4), entrada de audio, entrada rs-232c, rj45 (lan), entrada ir, usb 2.0 tipo a<\/td>\n<\/tr>\n<tr>\n<td>Salida dp (entrada: hdmi \/ dvi \/ dp), salida de audio, salida rs-232c, rj45 (lan)<\/td>\n<\/tr>\n<tr>\n<td>Especificaciones fisicas<\/td>\n<\/tr>\n<tr>\n<td>Color del bisel             negro<\/td>\n<\/tr>\n<tr>\n<td>Ancho del bisel<\/td>\n<\/tr>\n<tr>\n<td>1,74 mm (bisel de panel a bisel de panel), 1,3 mm (t\/l), 0,44 mm (b\/r)<\/td>\n<\/tr>\n<tr>\n<td>2,49 mm (\u00e1rea activa a \u00e1rea activa), 1,75 mm (t\/l), 0,74 mm (b\/r)<\/td>\n<\/tr>\n<tr>\n<td>Peso                         18,8 kg<\/td>\n<\/tr>\n<tr>\n<td>Peso empaquetado              31,0 kg<\/td>\n<\/tr>\n<tr>\n<td>Dimensi\u00f3n del monitor (ancho x alto x profundidad)       1.212,2 \u00d7 683,0 \u00d7 86,9 mm<\/td>\n<\/tr>\n<tr>\n<td>Dimensiones de la caja (an. x al. x pr.) (tama\u00f1o exterior de la caja)         1.353 x 855 x 263 mm vesa\u0099           600&#215;400<\/td>\n<\/tr>\n<tr>\n<td>Funci\u00f3nes clave<\/td>\n<\/tr>\n<tr>\n<td>Memoria interna 8 gb, sensor (sensor de temperatura, sensor blu, sensor de aceleraci\u00f3n (gyro)), operaci\u00f3n de tecla local webos 4.1, cms integrado (programaci\u00f3n de contenido local, administrador de grupo), usb plug  and  play, conmutaci\u00f3n por error, imagen de fondo (sin imagen de se\u00f1al), modo de sincronizaci\u00f3n (sincronizaci\u00f3n rs-232c, sincronizaci\u00f3n de red local), etiqueta de video (4), reproducci\u00f3n a trav\u00e9s de url, rotaci\u00f3n (rotaci\u00f3n de pantalla, rotaci\u00f3n de entrada externa), reproducci\u00f3n sin interrupciones, configuraci\u00f3n de modo mosaico (m\u00e1x. 15 \u00d7 15), configuraci\u00f3n de clonaci\u00f3n de datos, snmp, m\u00e9todo ism, id de configuraci\u00f3n autom\u00e1tica, correo de estado, administrador de control, compatibilidad con terceros ( crestron connected\u00ae2)), energ\u00eda (ahorro de energ\u00eda inteligente, modo pm, wake on lan, listo para la red), hdmi-cec3), configuraci\u00f3n del servidor si, webrtc, pro:idiom, configuraci\u00f3n w\/b por escala de grises, inversi\u00f3n de escaneo<\/td>\n<\/tr>\n<tr>\n<td>Condiciones ambientales<\/td>\n<\/tr>\n<tr>\n<td>Temperatura de operaci\u00f3n                0 \u00b0c a 40 \u00b0c<\/td>\n<\/tr>\n<tr>\n<td>Operaci\u00f3n humedad                          10% a 80%<\/td>\n<\/tr>\n<tr>\n<td>Energ\u00eda<\/td>\n<\/tr>\n<tr>\n<td>Fuente de alimentaci\u00f3n                  ca 100-240 v~, 50\/60 hz<\/td>\n<\/tr>\n<tr>\n<td>El consumo de energ\u00eda<\/td>\n<\/tr>\n<tr>\n<td> tip.            200w<\/td>\n<\/tr>\n<tr>\n<td>M\u00e1x.          250w<\/td>\n<\/tr>\n<tr>\n<td>Btu (unidad t\u00e9rmica brit\u00e1nica)            682 btu\/h (t\u00edpico), 853 btu\/h (m\u00e1x.)<\/td>\n<\/tr>\n<tr>\n<td>Ahorro de energ\u00eda inteligente          105w<\/td>\n<\/tr>\n<tr>\n<td>Dpm                       0,5 vatios<\/td>\n<\/tr>\n<tr>\n<td>Apagado                0,5 vatios<\/td>\n<\/tr>\n<tr>\n<td>Compatibilidad de operaciones<\/td>\n<\/tr>\n<tr>\n<td>Certificaci\u00f3n<\/td>\n<\/tr>\n<tr>\n<td>Seguridad<\/td>\n<\/tr>\n<tr>\n<td>Cb \/ nrtl<\/td>\n<\/tr>\n<tr>\n<td>Cem            fcc clase b \/ ce \/ kc<\/td>\n<\/tr>\n<tr>\n<td> erp             s\u00ed (energy star 8.0 (solo ue))<\/td>\n<\/tr>\n<tr>\n<td>Compatibilidad con reproductor multimedia<\/td>\n<\/tr>\n<tr>\n<td>Compatible con tipo ops            s\u00ed (acceso a red inal\u00e1mbrica)<\/td>\n<\/tr>\n<tr>\n<td>Compatibilidad de software<\/td>\n<\/tr>\n<tr>\n<td>Supersign cms                 s\u00ed<\/td>\n<\/tr>\n<tr>\n<td>Superse\u00f1al control \/ control+         s\u00ed \/ s\u00ed<\/td>\n<\/tr>\n<tr>\n<td>Supersign wb                          s\u00ed<\/td>\n<\/tr>\n<tr>\n<td>Editor de medios supersign               s\u00ed<\/td>\n<\/tr>\n<tr>\n<td>Idioma<\/td>\n<\/tr>\n<tr>\n<td>Osd                  ingl\u00e9s, franc\u00e9s, alem\u00e1n, espa\u00f1ol, italiano, coreano, chino (simplificado), chino (original), portugu\u00e9s (brasil), sueco, finland\u00e9s, noruego, dan\u00e9s, japon\u00e9s, ruso, portugu\u00e9s (europa), holand\u00e9s, checo, griego, turco, \u00e1rabe<\/td>\n<\/tr>\n<tr>\n<td>Accesorio incluidos        control remoto (incluye bater\u00eda 2ea), cable de alimentaci\u00f3n, cable rs232c, cable lan, cable dp, receptor ir, soporte de gu\u00eda, tornillos, manual<\/td>\n<\/tr>\n<tr>\n<td>Caracter\u00edstica especial<\/td>\n<\/tr>\n<tr>\n<td> clasificaci\u00f3n del ip              ip5x probado<\/td>\n<\/tr>\n<\/table>\n","protected":false},"excerpt":{"rendered":"<p>El bisel ultradelgado, con su btob (panel bezel to panel bezel) de 1,74 mm, reduce dr\u00e1sticamente la interferencia del bisel y ofrece contenido inmersivo y fluido en pantallas de pared de video ensambladas. El vm5j-h incluye un algoritmo de mejora de imagen que puede reducir las brechas de imagen entre pantallas en mosaico al reproducir videos. Los objetos ubicados en los bordes del bisel se ajustan para ofrecer una experiencia de visualizaci\u00f3n sin interrupciones. Gracias a su plataforma de se\u00f1alizaci\u00f3n inteligente soc y webos integrada, el vm5j-h puede ejecutar varias tareas a la vez mientras brinda una reproducci\u00f3n fluida de contenido sin la necesidad de un reproductor multimedia. Como webos es compatible con html5 como plataforma basada en web y ofrece sdk (kit de desarrollo de software), es a\u00fan m\u00e1s f\u00e1cil para los si crear y optimizar sus aplicaciones web. Una conexi\u00f3n en cadena lan te permite controlar y monitorear paredes de video e incluso actualizar sus firmware al mismo tiempo. Adem\u00e1s, a trav\u00e9s de la conexi\u00f3n en cadena uhd con hdmi y displayport, puede configurar f\u00e1cilmente una pared de video uhd sin necesidad de displayport mst.<\/p>\n","protected":false},"featured_media":219915,"comment_status":"open","ping_status":"open","template":"","meta":[],"product_cat":[1741,1740],"product_tag":[1687],"acf":[],"yoast_head":"<!-- This site is optimized with the Yoast SEO plugin v21.7 - https:\/\/yoast.com\/wordpress\/plugins\/seo\/ -->\n<title>[ Lg ] &#129351; 55vm5j-h Monitor Se\u00f1alizacion Digital 55, Para Video Wall, 500 Nits, Bisel 1.8 Mm 1920 X 1080 Uso 24\/7 Interfase Hdmi 2\/ Dp\/ Dvi-d\/ Usb\/ Rs232c\/ Rj45\/ Audio\/ Ir Procesamiento De Contenido 4k<\/title>\n<meta name=\"description\" content=\"Compra 55vm5j-h Monitor Se\u00f1alizacion Digital 55, Para Video Wall, 500 Nits, Bisel 1.8 Mm 1920 X 1080 Uso 24\/7 Interfase Hdmi 2\/ Dp\/ Dvi-d\/ Usb\/ Rs232c\/ Rj45\/ Audio\/ Ir Procesamiento De Contenido 4k + Env\u00edo a domicilio + Pago seguro + Garant\u00eda\" \/>\n<meta name=\"robots\" content=\"index, follow, max-snippet:-1, max-image-preview:large, max-video-preview:-1\" \/>\n<link rel=\"canonical\" href=\"https:\/\/compuviper.mx\/tienda\/producto\/lg-55vm5j-h-monitor-sealizacion-digital-55-para-video-wall-500-nits-bisel-1-8-mm-1920-x-1080-uso-24-7-interfase-hdmi-2-dp-dvi-d-usb-rs232c-rj45-audio-ir-procesamiento-de-contenido-4k\/\" \/>\n<meta property=\"og:locale\" content=\"es_MX\" \/>\n<meta property=\"og:type\" content=\"article\" \/>\n<meta property=\"og:title\" content=\"[ Lg ] &#129351; 55vm5j-h Monitor Se\u00f1alizacion Digital 55, Para Video Wall, 500 Nits, Bisel 1.8 Mm 1920 X 1080 Uso 24\/7 Interfase Hdmi 2\/ Dp\/ Dvi-d\/ Usb\/ Rs232c\/ Rj45\/ Audio\/ Ir Procesamiento De Contenido 4k\" \/>\n<meta property=\"og:description\" content=\"Compra 55vm5j-h Monitor Se\u00f1alizacion Digital 55, Para Video Wall, 500 Nits, Bisel 1.8 Mm 1920 X 1080 Uso 24\/7 Interfase Hdmi 2\/ Dp\/ Dvi-d\/ Usb\/ Rs232c\/ Rj45\/ Audio\/ Ir Procesamiento De Contenido 4k + Env\u00edo a domicilio + Pago seguro + Garant\u00eda\" \/>\n<meta property=\"og:url\" content=\"https:\/\/compuviper.mx\/tienda\/producto\/lg-55vm5j-h-monitor-sealizacion-digital-55-para-video-wall-500-nits-bisel-1-8-mm-1920-x-1080-uso-24-7-interfase-hdmi-2-dp-dvi-d-usb-rs232c-rj45-audio-ir-procesamiento-de-contenido-4k\/\" \/>\n<meta property=\"og:site_name\" content=\"Compuviper\" \/>\n<meta property=\"article:publisher\" content=\"https:\/\/www.facebook.com\/compuviper\" \/>\n<meta property=\"article:modified_time\" content=\"2026-04-02T06:47:34+00:00\" \/>\n<meta property=\"og:image\" content=\"https:\/\/compuviper.mx\/tienda\/wp-content\/uploads\/2023\/12\/Monitor-senalizacion-digital-lg-55-para-video-wall-500-nits-bisel-1.8-mm-1920-x-1080-uso-247-interfase-hdmi-2-dp-dvi-d-usb-rs232c-rj45-audio-ir-procesamiento-de-contenido-4k.jpg\" \/>\n\t<meta property=\"og:image:width\" content=\"200\" \/>\n\t<meta property=\"og:image:height\" content=\"200\" \/>\n\t<meta property=\"og:image:type\" content=\"image\/jpeg\" \/>\n<meta name=\"twitter:card\" content=\"summary_large_image\" \/>\n<meta name=\"twitter:label1\" content=\"Precio\" \/>\n\t<meta name=\"twitter:data1\" content=\"&#36;23,696 con IVA\" \/>\n\t<meta name=\"twitter:label2\" content=\"Availability\" \/>\n\t<meta name=\"twitter:data2\" content=\"On backorder\" \/>\n<script type=\"application\/ld+json\" class=\"yoast-schema-graph\">{\"@context\":\"https:\/\/schema.org\",\"@graph\":[{\"@type\":\"WebPage\",\"@id\":\"https:\/\/compuviper.mx\/tienda\/producto\/lg-55vm5j-h-monitor-sealizacion-digital-55-para-video-wall-500-nits-bisel-1-8-mm-1920-x-1080-uso-24-7-interfase-hdmi-2-dp-dvi-d-usb-rs232c-rj45-audio-ir-procesamiento-de-contenido-4k\/\",\"url\":\"https:\/\/compuviper.mx\/tienda\/producto\/lg-55vm5j-h-monitor-sealizacion-digital-55-para-video-wall-500-nits-bisel-1-8-mm-1920-x-1080-uso-24-7-interfase-hdmi-2-dp-dvi-d-usb-rs232c-rj45-audio-ir-procesamiento-de-contenido-4k\/\",\"name\":\"[ Lg ] &#129351; 55vm5j-h Monitor Se\u00f1alizacion Digital 55, Para Video Wall, 500 Nits, Bisel 1.8 Mm 1920 X 1080 Uso 24\/7 Interfase Hdmi 2\/ Dp\/ Dvi-d\/ Usb\/ Rs232c\/ Rj45\/ Audio\/ Ir Procesamiento De Contenido 4k\",\"isPartOf\":{\"@id\":\"https:\/\/compuviper.mx\/tienda\/#website\"},\"datePublished\":\"2026-04-02T06:47:33+00:00\",\"dateModified\":\"2026-04-02T06:47:34+00:00\",\"description\":\"Compra 55vm5j-h Monitor Se\u00f1alizacion Digital 55, Para Video Wall, 500 Nits, Bisel 1.8 Mm 1920 X 1080 Uso 24\/7 Interfase Hdmi 2\/ Dp\/ Dvi-d\/ Usb\/ Rs232c\/ Rj45\/ Audio\/ Ir Procesamiento De Contenido 4k + Env\u00edo a domicilio + Pago seguro + Garant\u00eda\",\"breadcrumb\":{\"@id\":\"https:\/\/compuviper.mx\/tienda\/producto\/lg-55vm5j-h-monitor-sealizacion-digital-55-para-video-wall-500-nits-bisel-1-8-mm-1920-x-1080-uso-24-7-interfase-hdmi-2-dp-dvi-d-usb-rs232c-rj45-audio-ir-procesamiento-de-contenido-4k\/#breadcrumb\"},\"inLanguage\":\"es-MX\",\"potentialAction\":[{\"@type\":\"ReadAction\",\"target\":[\"https:\/\/compuviper.mx\/tienda\/producto\/lg-55vm5j-h-monitor-sealizacion-digital-55-para-video-wall-500-nits-bisel-1-8-mm-1920-x-1080-uso-24-7-interfase-hdmi-2-dp-dvi-d-usb-rs232c-rj45-audio-ir-procesamiento-de-contenido-4k\/\"]}]},{\"@type\":\"BreadcrumbList\",\"@id\":\"https:\/\/compuviper.mx\/tienda\/producto\/lg-55vm5j-h-monitor-sealizacion-digital-55-para-video-wall-500-nits-bisel-1-8-mm-1920-x-1080-uso-24-7-interfase-hdmi-2-dp-dvi-d-usb-rs232c-rj45-audio-ir-procesamiento-de-contenido-4k\/#breadcrumb\",\"itemListElement\":[{\"@type\":\"ListItem\",\"position\":1,\"name\":\"Inicio\",\"item\":\"https:\/\/compuviper.mx\/tienda\/\"},{\"@type\":\"ListItem\",\"position\":2,\"name\":\"Productos\",\"item\":\"https:\/\/compuviper.mx\/tienda\/productos\/\"},{\"@type\":\"ListItem\",\"position\":3,\"name\":\"Monitores\",\"item\":\"https:\/\/compuviper.mx\/tienda\/categoria-producto\/monitores\/\"},{\"@type\":\"ListItem\",\"position\":4,\"name\":\"Led\",\"item\":\"https:\/\/compuviper.mx\/tienda\/categoria-producto\/monitores\/led\/\"},{\"@type\":\"ListItem\",\"position\":5,\"name\":\"Lg 55vm5j-h Monitor Se?alizacion Digital 55, Para Video Wall, 500 Nits, Bisel 1.8 Mm 1920 X 1080 Uso 24\/7 Interfase Hdmi 2\/ Dp\/ Dvi-d\/ Usb\/ Rs232c\/ Rj45\/ Audio\/ Ir Procesamiento De Contenido 4k\"}]},{\"@type\":\"WebSite\",\"@id\":\"https:\/\/compuviper.mx\/tienda\/#website\",\"url\":\"https:\/\/compuviper.mx\/tienda\/\",\"name\":\"Compuviper\",\"description\":\"Proveedor de Computadoras, Laptops, Servidores, Monitores, Puntos de Venta, Teclados,   Impresoras, T\u00f3ner, C\u00e1maras de Seguridad y m\u00e1s en tu tienda en l\u00ednea\",\"publisher\":{\"@id\":\"https:\/\/compuviper.mx\/tienda\/#organization\"},\"potentialAction\":[{\"@type\":\"SearchAction\",\"target\":{\"@type\":\"EntryPoint\",\"urlTemplate\":\"https:\/\/compuviper.mx\/tienda\/?s={search_term_string}\"},\"query-input\":\"required name=search_term_string\"}],\"inLanguage\":\"es-MX\"},{\"@type\":\"Organization\",\"@id\":\"https:\/\/compuviper.mx\/tienda\/#organization\",\"name\":\"Compuviper\",\"url\":\"https:\/\/compuviper.mx\/tienda\/\",\"logo\":{\"@type\":\"ImageObject\",\"inLanguage\":\"es-MX\",\"@id\":\"https:\/\/compuviper.mx\/tienda\/#\/schema\/logo\/image\/\",\"url\":\"https:\/\/compuviper.mx\/tienda\/wp-content\/uploads\/2021\/08\/Logo-Compuviper-10.png\",\"contentUrl\":\"https:\/\/compuviper.mx\/tienda\/wp-content\/uploads\/2021\/08\/Logo-Compuviper-10.png\",\"width\":1000,\"height\":500,\"caption\":\"Compuviper\"},\"image\":{\"@id\":\"https:\/\/compuviper.mx\/tienda\/#\/schema\/logo\/image\/\"},\"sameAs\":[\"https:\/\/www.facebook.com\/compuviper\",\"https:\/\/www.youtube.com\/channel\/UCf73dERp9Y3cfOq7q8BhLjA?view_as=subscriber\"]}]}<\/script>\n<meta property=\"product:brand\" content=\"LG\" \/>\n<meta property=\"product:price:amount\" content=\"23696\" \/>\n<meta property=\"product:price:currency\" content=\"MXN\" \/>\n<meta property=\"og:availability\" content=\"backorder\" \/>\n<meta property=\"product:availability\" content=\"available for order\" \/>\n<meta property=\"product:retailer_item_id\" content=\"55VM5J-H\" \/>\n<meta property=\"product:condition\" content=\"new\" \/>\n<!-- \/ Yoast SEO plugin. -->","yoast_head_json":{"title":"[ Lg ] &#129351; 55vm5j-h Monitor Se\u00f1alizacion Digital 55, Para Video Wall, 500 Nits, Bisel 1.8 Mm 1920 X 1080 Uso 24\/7 Interfase Hdmi 2\/ Dp\/ Dvi-d\/ Usb\/ Rs232c\/ Rj45\/ Audio\/ Ir Procesamiento De Contenido 4k","description":"Compra 55vm5j-h Monitor Se\u00f1alizacion Digital 55, Para Video Wall, 500 Nits, Bisel 1.8 Mm 1920 X 1080 Uso 24\/7 Interfase Hdmi 2\/ Dp\/ Dvi-d\/ Usb\/ Rs232c\/ Rj45\/ Audio\/ Ir Procesamiento De Contenido 4k + Env\u00edo a domicilio + Pago seguro + Garant\u00eda","robots":{"index":"index","follow":"follow","max-snippet":"max-snippet:-1","max-image-preview":"max-image-preview:large","max-video-preview":"max-video-preview:-1"},"canonical":"https:\/\/compuviper.mx\/tienda\/producto\/lg-55vm5j-h-monitor-sealizacion-digital-55-para-video-wall-500-nits-bisel-1-8-mm-1920-x-1080-uso-24-7-interfase-hdmi-2-dp-dvi-d-usb-rs232c-rj45-audio-ir-procesamiento-de-contenido-4k\/","og_locale":"es_MX","og_type":"article","og_title":"[ Lg ] &#129351; 55vm5j-h Monitor Se\u00f1alizacion Digital 55, Para Video Wall, 500 Nits, Bisel 1.8 Mm 1920 X 1080 Uso 24\/7 Interfase Hdmi 2\/ Dp\/ Dvi-d\/ Usb\/ Rs232c\/ Rj45\/ Audio\/ Ir Procesamiento De Contenido 4k","og_description":"Compra 55vm5j-h Monitor Se\u00f1alizacion Digital 55, Para Video Wall, 500 Nits, Bisel 1.8 Mm 1920 X 1080 Uso 24\/7 Interfase Hdmi 2\/ Dp\/ Dvi-d\/ Usb\/ Rs232c\/ Rj45\/ Audio\/ Ir Procesamiento De Contenido 4k + Env\u00edo a domicilio + Pago seguro + Garant\u00eda","og_url":"https:\/\/compuviper.mx\/tienda\/producto\/lg-55vm5j-h-monitor-sealizacion-digital-55-para-video-wall-500-nits-bisel-1-8-mm-1920-x-1080-uso-24-7-interfase-hdmi-2-dp-dvi-d-usb-rs232c-rj45-audio-ir-procesamiento-de-contenido-4k\/","og_site_name":"Compuviper","article_publisher":"https:\/\/www.facebook.com\/compuviper","article_modified_time":"2026-04-02T06:47:34+00:00","og_image":[{"width":200,"height":200,"url":"https:\/\/compuviper.mx\/tienda\/wp-content\/uploads\/2023\/12\/Monitor-senalizacion-digital-lg-55-para-video-wall-500-nits-bisel-1.8-mm-1920-x-1080-uso-247-interfase-hdmi-2-dp-dvi-d-usb-rs232c-rj45-audio-ir-procesamiento-de-contenido-4k.jpg","type":"image\/jpeg"}],"twitter_card":"summary_large_image","twitter_misc":{"Precio":"&#36;23,696 con IVA","Availability":"On backorder"},"schema":{"@context":"https:\/\/schema.org","@graph":[{"@type":"WebPage","@id":"https:\/\/compuviper.mx\/tienda\/producto\/lg-55vm5j-h-monitor-sealizacion-digital-55-para-video-wall-500-nits-bisel-1-8-mm-1920-x-1080-uso-24-7-interfase-hdmi-2-dp-dvi-d-usb-rs232c-rj45-audio-ir-procesamiento-de-contenido-4k\/","url":"https:\/\/compuviper.mx\/tienda\/producto\/lg-55vm5j-h-monitor-sealizacion-digital-55-para-video-wall-500-nits-bisel-1-8-mm-1920-x-1080-uso-24-7-interfase-hdmi-2-dp-dvi-d-usb-rs232c-rj45-audio-ir-procesamiento-de-contenido-4k\/","name":"[ Lg ] &#129351; 55vm5j-h Monitor Se\u00f1alizacion Digital 55, Para Video Wall, 500 Nits, Bisel 1.8 Mm 1920 X 1080 Uso 24\/7 Interfase Hdmi 2\/ Dp\/ Dvi-d\/ Usb\/ Rs232c\/ Rj45\/ Audio\/ Ir Procesamiento De Contenido 4k","isPartOf":{"@id":"https:\/\/compuviper.mx\/tienda\/#website"},"datePublished":"2026-04-02T06:47:33+00:00","dateModified":"2026-04-02T06:47:34+00:00","description":"Compra 55vm5j-h Monitor Se\u00f1alizacion Digital 55, Para Video Wall, 500 Nits, Bisel 1.8 Mm 1920 X 1080 Uso 24\/7 Interfase Hdmi 2\/ Dp\/ Dvi-d\/ Usb\/ Rs232c\/ Rj45\/ Audio\/ Ir Procesamiento De Contenido 4k + Env\u00edo a domicilio + Pago seguro + Garant\u00eda","breadcrumb":{"@id":"https:\/\/compuviper.mx\/tienda\/producto\/lg-55vm5j-h-monitor-sealizacion-digital-55-para-video-wall-500-nits-bisel-1-8-mm-1920-x-1080-uso-24-7-interfase-hdmi-2-dp-dvi-d-usb-rs232c-rj45-audio-ir-procesamiento-de-contenido-4k\/#breadcrumb"},"inLanguage":"es-MX","potentialAction":[{"@type":"ReadAction","target":["https:\/\/compuviper.mx\/tienda\/producto\/lg-55vm5j-h-monitor-sealizacion-digital-55-para-video-wall-500-nits-bisel-1-8-mm-1920-x-1080-uso-24-7-interfase-hdmi-2-dp-dvi-d-usb-rs232c-rj45-audio-ir-procesamiento-de-contenido-4k\/"]}]},{"@type":"BreadcrumbList","@id":"https:\/\/compuviper.mx\/tienda\/producto\/lg-55vm5j-h-monitor-sealizacion-digital-55-para-video-wall-500-nits-bisel-1-8-mm-1920-x-1080-uso-24-7-interfase-hdmi-2-dp-dvi-d-usb-rs232c-rj45-audio-ir-procesamiento-de-contenido-4k\/#breadcrumb","itemListElement":[{"@type":"ListItem","position":1,"name":"Inicio","item":"https:\/\/compuviper.mx\/tienda\/"},{"@type":"ListItem","position":2,"name":"Productos","item":"https:\/\/compuviper.mx\/tienda\/productos\/"},{"@type":"ListItem","position":3,"name":"Monitores","item":"https:\/\/compuviper.mx\/tienda\/categoria-producto\/monitores\/"},{"@type":"ListItem","position":4,"name":"Led","item":"https:\/\/compuviper.mx\/tienda\/categoria-producto\/monitores\/led\/"},{"@type":"ListItem","position":5,"name":"Lg 55vm5j-h Monitor Se?alizacion Digital 55, Para Video Wall, 500 Nits, Bisel 1.8 Mm 1920 X 1080 Uso 24\/7 Interfase Hdmi 2\/ Dp\/ Dvi-d\/ Usb\/ Rs232c\/ Rj45\/ Audio\/ Ir Procesamiento De Contenido 4k"}]},{"@type":"WebSite","@id":"https:\/\/compuviper.mx\/tienda\/#website","url":"https:\/\/compuviper.mx\/tienda\/","name":"Compuviper","description":"Proveedor de Computadoras, Laptops, Servidores, Monitores, Puntos de Venta, Teclados,   Impresoras, T\u00f3ner, C\u00e1maras de Seguridad y m\u00e1s en tu tienda en l\u00ednea","publisher":{"@id":"https:\/\/compuviper.mx\/tienda\/#organization"},"potentialAction":[{"@type":"SearchAction","target":{"@type":"EntryPoint","urlTemplate":"https:\/\/compuviper.mx\/tienda\/?s={search_term_string}"},"query-input":"required name=search_term_string"}],"inLanguage":"es-MX"},{"@type":"Organization","@id":"https:\/\/compuviper.mx\/tienda\/#organization","name":"Compuviper","url":"https:\/\/compuviper.mx\/tienda\/","logo":{"@type":"ImageObject","inLanguage":"es-MX","@id":"https:\/\/compuviper.mx\/tienda\/#\/schema\/logo\/image\/","url":"https:\/\/compuviper.mx\/tienda\/wp-content\/uploads\/2021\/08\/Logo-Compuviper-10.png","contentUrl":"https:\/\/compuviper.mx\/tienda\/wp-content\/uploads\/2021\/08\/Logo-Compuviper-10.png","width":1000,"height":500,"caption":"Compuviper"},"image":{"@id":"https:\/\/compuviper.mx\/tienda\/#\/schema\/logo\/image\/"},"sameAs":["https:\/\/www.facebook.com\/compuviper","https:\/\/www.youtube.com\/channel\/UCf73dERp9Y3cfOq7q8BhLjA?view_as=subscriber"]}]},"product_brand":"LG","product_price_amount":"23696","product_price_currency":"MXN","og_availability":"backorder","product_availability":"available for order","product_retailer_item_id":"55VM5J-H","product_condition":"new"},"_links":{"self":[{"href":"https:\/\/compuviper.mx\/tienda\/wp-json\/wp\/v2\/product\/219914"}],"collection":[{"href":"https:\/\/compuviper.mx\/tienda\/wp-json\/wp\/v2\/product"}],"about":[{"href":"https:\/\/compuviper.mx\/tienda\/wp-json\/wp\/v2\/types\/product"}],"replies":[{"embeddable":true,"href":"https:\/\/compuviper.mx\/tienda\/wp-json\/wp\/v2\/comments?post=219914"}],"wp:featuredmedia":[{"embeddable":true,"href":"https:\/\/compuviper.mx\/tienda\/wp-json\/wp\/v2\/media\/219915"}],"wp:attachment":[{"href":"https:\/\/compuviper.mx\/tienda\/wp-json\/wp\/v2\/media?parent=219914"}],"wp:term":[{"taxonomy":"product_cat","embeddable":true,"href":"https:\/\/compuviper.mx\/tienda\/wp-json\/wp\/v2\/product_cat?post=219914"},{"taxonomy":"product_tag","embeddable":true,"href":"https:\/\/compuviper.mx\/tienda\/wp-json\/wp\/v2\/product_tag?post=219914"}],"curies":[{"name":"wp","href":"https:\/\/api.w.org\/{rel}","templated":true}]}}