{"id":219910,"date":"2026-04-02T00:47:33","date_gmt":"2026-04-02T06:47:33","guid":{"rendered":"https:\/\/compuviper.mx\/tienda\/producto\/lg-98uh5j-monitor-de-sealizacion-digital-de-98-p-uso-24-7-500-nits-uso-en-ver-hor-entradas-hdmi3-dp-dvi-d-usb-2-02-rs232c-rj45-audio-ir-pantalla-multiple-con-pbp-o-pip\/"},"modified":"2026-04-02T00:47:33","modified_gmt":"2026-04-02T06:47:33","slug":"lg-98uh5j-monitor-de-sealizacion-digital-de-98-p-uso-24-7-500-nits-uso-en-ver-hor-entradas-hdmi3-dp-dvi-d-usb-2-02-rs232c-rj45-audio-ir-pantalla-multiple-con-pbp-o-pip","status":"publish","type":"product","link":"https:\/\/compuviper.mx\/tienda\/producto\/lg-98uh5j-monitor-de-sealizacion-digital-de-98-p-uso-24-7-500-nits-uso-en-ver-hor-entradas-hdmi3-dp-dvi-d-usb-2-02-rs232c-rj45-audio-ir-pantalla-multiple-con-pbp-o-pip\/","title":{"rendered":"Lg 98uh5j Monitor De Se?alizacion Digital  De 98 P, Uso 24\/7, 500 Nits Uso En Ver\/hor Entradas Hdmi(3)\/dp\/dvi-d\/usb 2.0(2)\/ Rs232c\/ Rj45\/ Audio\/ Ir, Pantalla Multiple Con Pbp O Pip"},"content":{"rendered":"<table class=\"descripcion\">\n<tr>\n<td>Panel<\/td>\n<\/tr>\n<tr>\n<td>Tama\u00f1o de pantalla 98<\/td>\n<\/tr>\n<tr>\n<td>Resolucion 3.840 x 2.160 (uhd)<\/td>\n<\/tr>\n<tr>\n<td>Brillo (typ., cd \/ m\u00b2) 500<\/td>\n<\/tr>\n<tr>\n<td>Conectividad<\/td>\n<\/tr>\n<tr>\n<td>Entrada hdmi (3), dp, dvi-d, audio, usb 2.0 (2)<\/td>\n<\/tr>\n<tr>\n<td>Salida hdmi out, audio out, rs232c out (1, 4pin phone-jack)<\/td>\n<\/tr>\n<tr>\n<td>Control externo entrada \/ salida rs232c (conector de telefono de 4 pines), entrada rj45 (lan), entrada ir<\/td>\n<\/tr>\n<tr>\n<td>Especificacion mec\u00e1nica<\/td>\n<\/tr>\n<tr>\n<td>Ancho de bisel 14.9 mm (par) * off-bezel<\/td>\n<\/tr>\n<tr>\n<td>Dimensi\u00f3n del monitor (w \u00d7 h \u00d7 d) 2,191.8 x 1,246.8 x 69.4 mm (sin mango)<\/td>\n<\/tr>\n<tr>\n<td>Peso 81.1 kg<\/td>\n<\/tr>\n<tr>\n<td>Dimensiones del carton (w \u00d7 h \u00d7 d) 2,342 x 1,386 x 402 mm<\/td>\n<\/tr>\n<tr>\n<td>Peso empacado 123 kg<\/td>\n<\/tr>\n<tr>\n<td>Interfaz de montaje estandar vesa \u0099 800 x 400 mm<\/td>\n<\/tr>\n<tr>\n<td>Condiciones ambientales<\/td>\n<\/tr>\n<tr>\n<td>Temperatura de operacion 0 \u00b0 c a 40 \u00b0 c<\/td>\n<\/tr>\n<tr>\n<td>Humedad de operacion 10% a 80%<\/td>\n<\/tr>\n<tr>\n<td>Poder<\/td>\n<\/tr>\n<tr>\n<td>Fuente de alimentacion 100-240v ~, 50 \/ 60hz<\/td>\n<\/tr>\n<tr>\n<td>El consumo de energ\u00eda tip \/ max. 420 w \/ 560 w<\/td>\n<\/tr>\n<tr>\n<td>Ahorro de energia inteligente 294 w<\/td>\n<\/tr>\n<tr>\n<td>Certificaciones la seguridad iec 60950-1 \/ en 60950-1 \/ ul 60950-1<\/td>\n<\/tr>\n<tr>\n<td>Emc clase fcc a \/ ce \/ kc<\/td>\n<\/tr>\n<tr>\n<td>Compatibilidad del reproductor multimedia<\/td>\n<\/tr>\n<tr>\n<td>Tipo ops compatible no<\/td>\n<\/tr>\n<tr>\n<td>Reproductor de medios externo acoplable si<\/td>\n<\/tr>\n<tr>\n<td>Compatibilidad de software<\/td>\n<\/tr>\n<tr>\n<td>Software de gestion de contenido supersign cms (licencia con costo adicional)<\/td>\n<\/tr>\n<tr>\n<td>Software de control y monitoreo control supersign \/ control +<\/td>\n<\/tr>\n<tr>\n<td>Accesorios<\/td>\n<\/tr>\n<tr>\n<td>Incluidos. controlador remoto, cable de alimentacion, qsg, ir \/ receptor del sensor de luz, cable dp (1.8m), libro de regulaciones, cable telefono con rs232c, eye-bolt<\/td>\n<\/tr>\n<\/table>\n","protected":false},"excerpt":{"rendered":"<p>La senalizacion digital lg es facil y rapida de instalar, permitiendote editar y actualizar tus publicaciones con el editor de contenidos remoto supersign, brindandote la posibilidad de actualizar contenidos con rapidez y eficacia, como si siempre lo hubieras usado.<\/p>\n","protected":false},"featured_media":219911,"comment_status":"open","ping_status":"open","template":"","meta":[],"product_cat":[1741,1740],"product_tag":[1687],"acf":[],"yoast_head":"<!-- This site is optimized with the Yoast SEO plugin v21.7 - https:\/\/yoast.com\/wordpress\/plugins\/seo\/ -->\n<title>[ Lg ] &#129351; 98uh5j Monitor De Se\u00f1alizacion Digital De 98 P, Uso 24\/7, 500 Nits Uso En Ver\/hor Entradas Hdmi(3)\/dp\/dvi-d\/usb 2.0(2)\/ Rs232c\/ Rj45\/ Audio\/ Ir, Pantalla Multiple Con Pbp O Pip<\/title>\n<meta name=\"description\" content=\"Compra 98uh5j Monitor De Se\u00f1alizacion Digital De 98 P, Uso 24\/7, 500 Nits Uso En Ver\/hor Entradas Hdmi(3)\/dp\/dvi-d\/usb 2.0(2)\/ Rs232c\/ Rj45\/ Audio\/ Ir, Pantalla Multiple Con Pbp O Pip + Env\u00edo a domicilio + Pago seguro + Garant\u00eda\" \/>\n<meta name=\"robots\" content=\"index, follow, max-snippet:-1, max-image-preview:large, max-video-preview:-1\" \/>\n<link rel=\"canonical\" href=\"https:\/\/compuviper.mx\/tienda\/producto\/lg-98uh5j-monitor-de-sealizacion-digital-de-98-p-uso-24-7-500-nits-uso-en-ver-hor-entradas-hdmi3-dp-dvi-d-usb-2-02-rs232c-rj45-audio-ir-pantalla-multiple-con-pbp-o-pip\/\" \/>\n<meta property=\"og:locale\" content=\"es_MX\" \/>\n<meta property=\"og:type\" content=\"article\" \/>\n<meta property=\"og:title\" content=\"[ Lg ] &#129351; 98uh5j Monitor De Se\u00f1alizacion Digital De 98 P, Uso 24\/7, 500 Nits Uso En Ver\/hor Entradas Hdmi(3)\/dp\/dvi-d\/usb 2.0(2)\/ Rs232c\/ Rj45\/ Audio\/ Ir, Pantalla Multiple Con Pbp O Pip\" \/>\n<meta property=\"og:description\" content=\"Compra 98uh5j Monitor De Se\u00f1alizacion Digital De 98 P, Uso 24\/7, 500 Nits Uso En Ver\/hor Entradas Hdmi(3)\/dp\/dvi-d\/usb 2.0(2)\/ Rs232c\/ Rj45\/ Audio\/ Ir, Pantalla Multiple Con Pbp O Pip + Env\u00edo a domicilio + Pago seguro + Garant\u00eda\" \/>\n<meta property=\"og:url\" content=\"https:\/\/compuviper.mx\/tienda\/producto\/lg-98uh5j-monitor-de-sealizacion-digital-de-98-p-uso-24-7-500-nits-uso-en-ver-hor-entradas-hdmi3-dp-dvi-d-usb-2-02-rs232c-rj45-audio-ir-pantalla-multiple-con-pbp-o-pip\/\" \/>\n<meta property=\"og:site_name\" content=\"Compuviper\" \/>\n<meta property=\"article:publisher\" content=\"https:\/\/www.facebook.com\/compuviper\" \/>\n<meta property=\"og:image\" content=\"https:\/\/compuviper.mx\/tienda\/wp-content\/uploads\/2023\/12\/Monitor-de-senalizacion-digital-lg-de-98-plg-uso-247-500-nits-uso-en-verhor-entradas-hdmi3dpdvi-dusb-2.02-rs232c-rj45-audio-ir-pantalla-multiple-con-pbp-o-pip.jpg\" \/>\n\t<meta property=\"og:image:width\" content=\"200\" \/>\n\t<meta property=\"og:image:height\" content=\"200\" \/>\n\t<meta property=\"og:image:type\" content=\"image\/jpeg\" \/>\n<meta name=\"twitter:card\" content=\"summary_large_image\" \/>\n<meta name=\"twitter:label1\" content=\"Precio\" \/>\n\t<meta name=\"twitter:data1\" content=\"&#36;100,170 con IVA\" \/>\n\t<meta name=\"twitter:label2\" content=\"Availability\" \/>\n\t<meta name=\"twitter:data2\" content=\"In stock\" \/>\n<script type=\"application\/ld+json\" class=\"yoast-schema-graph\">{\"@context\":\"https:\/\/schema.org\",\"@graph\":[{\"@type\":\"WebPage\",\"@id\":\"https:\/\/compuviper.mx\/tienda\/producto\/lg-98uh5j-monitor-de-sealizacion-digital-de-98-p-uso-24-7-500-nits-uso-en-ver-hor-entradas-hdmi3-dp-dvi-d-usb-2-02-rs232c-rj45-audio-ir-pantalla-multiple-con-pbp-o-pip\/\",\"url\":\"https:\/\/compuviper.mx\/tienda\/producto\/lg-98uh5j-monitor-de-sealizacion-digital-de-98-p-uso-24-7-500-nits-uso-en-ver-hor-entradas-hdmi3-dp-dvi-d-usb-2-02-rs232c-rj45-audio-ir-pantalla-multiple-con-pbp-o-pip\/\",\"name\":\"[ Lg ] &#129351; 98uh5j Monitor De Se\u00f1alizacion Digital De 98 P, Uso 24\/7, 500 Nits Uso En Ver\/hor Entradas Hdmi(3)\/dp\/dvi-d\/usb 2.0(2)\/ Rs232c\/ Rj45\/ Audio\/ Ir, Pantalla Multiple Con Pbp O Pip\",\"isPartOf\":{\"@id\":\"https:\/\/compuviper.mx\/tienda\/#website\"},\"datePublished\":\"2026-04-02T06:47:33+00:00\",\"dateModified\":\"2026-04-02T06:47:33+00:00\",\"description\":\"Compra 98uh5j Monitor De Se\u00f1alizacion Digital De 98 P, Uso 24\/7, 500 Nits Uso En Ver\/hor Entradas Hdmi(3)\/dp\/dvi-d\/usb 2.0(2)\/ Rs232c\/ Rj45\/ Audio\/ Ir, Pantalla Multiple Con Pbp O Pip + Env\u00edo a domicilio + Pago seguro + Garant\u00eda\",\"breadcrumb\":{\"@id\":\"https:\/\/compuviper.mx\/tienda\/producto\/lg-98uh5j-monitor-de-sealizacion-digital-de-98-p-uso-24-7-500-nits-uso-en-ver-hor-entradas-hdmi3-dp-dvi-d-usb-2-02-rs232c-rj45-audio-ir-pantalla-multiple-con-pbp-o-pip\/#breadcrumb\"},\"inLanguage\":\"es-MX\",\"potentialAction\":[{\"@type\":\"ReadAction\",\"target\":[\"https:\/\/compuviper.mx\/tienda\/producto\/lg-98uh5j-monitor-de-sealizacion-digital-de-98-p-uso-24-7-500-nits-uso-en-ver-hor-entradas-hdmi3-dp-dvi-d-usb-2-02-rs232c-rj45-audio-ir-pantalla-multiple-con-pbp-o-pip\/\"]}]},{\"@type\":\"BreadcrumbList\",\"@id\":\"https:\/\/compuviper.mx\/tienda\/producto\/lg-98uh5j-monitor-de-sealizacion-digital-de-98-p-uso-24-7-500-nits-uso-en-ver-hor-entradas-hdmi3-dp-dvi-d-usb-2-02-rs232c-rj45-audio-ir-pantalla-multiple-con-pbp-o-pip\/#breadcrumb\",\"itemListElement\":[{\"@type\":\"ListItem\",\"position\":1,\"name\":\"Inicio\",\"item\":\"https:\/\/compuviper.mx\/tienda\/\"},{\"@type\":\"ListItem\",\"position\":2,\"name\":\"Productos\",\"item\":\"https:\/\/compuviper.mx\/tienda\/productos\/\"},{\"@type\":\"ListItem\",\"position\":3,\"name\":\"Monitores\",\"item\":\"https:\/\/compuviper.mx\/tienda\/categoria-producto\/monitores\/\"},{\"@type\":\"ListItem\",\"position\":4,\"name\":\"Led\",\"item\":\"https:\/\/compuviper.mx\/tienda\/categoria-producto\/monitores\/led\/\"},{\"@type\":\"ListItem\",\"position\":5,\"name\":\"Lg 98uh5j Monitor De Se?alizacion Digital De 98 P, Uso 24\/7, 500 Nits Uso En Ver\/hor Entradas Hdmi(3)\/dp\/dvi-d\/usb 2.0(2)\/ Rs232c\/ Rj45\/ Audio\/ Ir, Pantalla Multiple Con Pbp O Pip\"}]},{\"@type\":\"WebSite\",\"@id\":\"https:\/\/compuviper.mx\/tienda\/#website\",\"url\":\"https:\/\/compuviper.mx\/tienda\/\",\"name\":\"Compuviper\",\"description\":\"Proveedor de Computadoras, Laptops, Servidores, Monitores, Puntos de Venta, Teclados,   Impresoras, T\u00f3ner, C\u00e1maras de Seguridad y m\u00e1s en tu tienda en l\u00ednea\",\"publisher\":{\"@id\":\"https:\/\/compuviper.mx\/tienda\/#organization\"},\"potentialAction\":[{\"@type\":\"SearchAction\",\"target\":{\"@type\":\"EntryPoint\",\"urlTemplate\":\"https:\/\/compuviper.mx\/tienda\/?s={search_term_string}\"},\"query-input\":\"required name=search_term_string\"}],\"inLanguage\":\"es-MX\"},{\"@type\":\"Organization\",\"@id\":\"https:\/\/compuviper.mx\/tienda\/#organization\",\"name\":\"Compuviper\",\"url\":\"https:\/\/compuviper.mx\/tienda\/\",\"logo\":{\"@type\":\"ImageObject\",\"inLanguage\":\"es-MX\",\"@id\":\"https:\/\/compuviper.mx\/tienda\/#\/schema\/logo\/image\/\",\"url\":\"https:\/\/compuviper.mx\/tienda\/wp-content\/uploads\/2021\/08\/Logo-Compuviper-10.png\",\"contentUrl\":\"https:\/\/compuviper.mx\/tienda\/wp-content\/uploads\/2021\/08\/Logo-Compuviper-10.png\",\"width\":1000,\"height\":500,\"caption\":\"Compuviper\"},\"image\":{\"@id\":\"https:\/\/compuviper.mx\/tienda\/#\/schema\/logo\/image\/\"},\"sameAs\":[\"https:\/\/www.facebook.com\/compuviper\",\"https:\/\/www.youtube.com\/channel\/UCf73dERp9Y3cfOq7q8BhLjA?view_as=subscriber\"]}]}<\/script>\n<meta property=\"product:brand\" content=\"LG\" \/>\n<meta property=\"product:price:amount\" content=\"100170\" \/>\n<meta property=\"product:price:currency\" content=\"MXN\" \/>\n<meta property=\"og:availability\" content=\"instock\" \/>\n<meta property=\"product:availability\" content=\"instock\" \/>\n<meta property=\"product:retailer_item_id\" content=\"98UH5J\" \/>\n<meta property=\"product:condition\" content=\"new\" \/>\n<!-- \/ Yoast SEO plugin. -->","yoast_head_json":{"title":"[ Lg ] &#129351; 98uh5j Monitor De Se\u00f1alizacion Digital De 98 P, Uso 24\/7, 500 Nits Uso En Ver\/hor Entradas Hdmi(3)\/dp\/dvi-d\/usb 2.0(2)\/ Rs232c\/ Rj45\/ Audio\/ Ir, Pantalla Multiple Con Pbp O Pip","description":"Compra 98uh5j Monitor De Se\u00f1alizacion Digital De 98 P, Uso 24\/7, 500 Nits Uso En Ver\/hor Entradas Hdmi(3)\/dp\/dvi-d\/usb 2.0(2)\/ Rs232c\/ Rj45\/ Audio\/ Ir, Pantalla Multiple Con Pbp O Pip + Env\u00edo a domicilio + Pago seguro + Garant\u00eda","robots":{"index":"index","follow":"follow","max-snippet":"max-snippet:-1","max-image-preview":"max-image-preview:large","max-video-preview":"max-video-preview:-1"},"canonical":"https:\/\/compuviper.mx\/tienda\/producto\/lg-98uh5j-monitor-de-sealizacion-digital-de-98-p-uso-24-7-500-nits-uso-en-ver-hor-entradas-hdmi3-dp-dvi-d-usb-2-02-rs232c-rj45-audio-ir-pantalla-multiple-con-pbp-o-pip\/","og_locale":"es_MX","og_type":"article","og_title":"[ Lg ] &#129351; 98uh5j Monitor De Se\u00f1alizacion Digital De 98 P, Uso 24\/7, 500 Nits Uso En Ver\/hor Entradas Hdmi(3)\/dp\/dvi-d\/usb 2.0(2)\/ Rs232c\/ Rj45\/ Audio\/ Ir, Pantalla Multiple Con Pbp O Pip","og_description":"Compra 98uh5j Monitor De Se\u00f1alizacion Digital De 98 P, Uso 24\/7, 500 Nits Uso En Ver\/hor Entradas Hdmi(3)\/dp\/dvi-d\/usb 2.0(2)\/ Rs232c\/ Rj45\/ Audio\/ Ir, Pantalla Multiple Con Pbp O Pip + Env\u00edo a domicilio + Pago seguro + Garant\u00eda","og_url":"https:\/\/compuviper.mx\/tienda\/producto\/lg-98uh5j-monitor-de-sealizacion-digital-de-98-p-uso-24-7-500-nits-uso-en-ver-hor-entradas-hdmi3-dp-dvi-d-usb-2-02-rs232c-rj45-audio-ir-pantalla-multiple-con-pbp-o-pip\/","og_site_name":"Compuviper","article_publisher":"https:\/\/www.facebook.com\/compuviper","og_image":[{"width":200,"height":200,"url":"https:\/\/compuviper.mx\/tienda\/wp-content\/uploads\/2023\/12\/Monitor-de-senalizacion-digital-lg-de-98-plg-uso-247-500-nits-uso-en-verhor-entradas-hdmi3dpdvi-dusb-2.02-rs232c-rj45-audio-ir-pantalla-multiple-con-pbp-o-pip.jpg","type":"image\/jpeg"}],"twitter_card":"summary_large_image","twitter_misc":{"Precio":"&#36;100,170 con IVA","Availability":"In stock"},"schema":{"@context":"https:\/\/schema.org","@graph":[{"@type":"WebPage","@id":"https:\/\/compuviper.mx\/tienda\/producto\/lg-98uh5j-monitor-de-sealizacion-digital-de-98-p-uso-24-7-500-nits-uso-en-ver-hor-entradas-hdmi3-dp-dvi-d-usb-2-02-rs232c-rj45-audio-ir-pantalla-multiple-con-pbp-o-pip\/","url":"https:\/\/compuviper.mx\/tienda\/producto\/lg-98uh5j-monitor-de-sealizacion-digital-de-98-p-uso-24-7-500-nits-uso-en-ver-hor-entradas-hdmi3-dp-dvi-d-usb-2-02-rs232c-rj45-audio-ir-pantalla-multiple-con-pbp-o-pip\/","name":"[ Lg ] &#129351; 98uh5j Monitor De Se\u00f1alizacion Digital De 98 P, Uso 24\/7, 500 Nits Uso En Ver\/hor Entradas Hdmi(3)\/dp\/dvi-d\/usb 2.0(2)\/ Rs232c\/ Rj45\/ Audio\/ Ir, Pantalla Multiple Con Pbp O Pip","isPartOf":{"@id":"https:\/\/compuviper.mx\/tienda\/#website"},"datePublished":"2026-04-02T06:47:33+00:00","dateModified":"2026-04-02T06:47:33+00:00","description":"Compra 98uh5j Monitor De Se\u00f1alizacion Digital De 98 P, Uso 24\/7, 500 Nits Uso En Ver\/hor Entradas Hdmi(3)\/dp\/dvi-d\/usb 2.0(2)\/ Rs232c\/ Rj45\/ Audio\/ Ir, Pantalla Multiple Con Pbp O Pip + Env\u00edo a domicilio + Pago seguro + Garant\u00eda","breadcrumb":{"@id":"https:\/\/compuviper.mx\/tienda\/producto\/lg-98uh5j-monitor-de-sealizacion-digital-de-98-p-uso-24-7-500-nits-uso-en-ver-hor-entradas-hdmi3-dp-dvi-d-usb-2-02-rs232c-rj45-audio-ir-pantalla-multiple-con-pbp-o-pip\/#breadcrumb"},"inLanguage":"es-MX","potentialAction":[{"@type":"ReadAction","target":["https:\/\/compuviper.mx\/tienda\/producto\/lg-98uh5j-monitor-de-sealizacion-digital-de-98-p-uso-24-7-500-nits-uso-en-ver-hor-entradas-hdmi3-dp-dvi-d-usb-2-02-rs232c-rj45-audio-ir-pantalla-multiple-con-pbp-o-pip\/"]}]},{"@type":"BreadcrumbList","@id":"https:\/\/compuviper.mx\/tienda\/producto\/lg-98uh5j-monitor-de-sealizacion-digital-de-98-p-uso-24-7-500-nits-uso-en-ver-hor-entradas-hdmi3-dp-dvi-d-usb-2-02-rs232c-rj45-audio-ir-pantalla-multiple-con-pbp-o-pip\/#breadcrumb","itemListElement":[{"@type":"ListItem","position":1,"name":"Inicio","item":"https:\/\/compuviper.mx\/tienda\/"},{"@type":"ListItem","position":2,"name":"Productos","item":"https:\/\/compuviper.mx\/tienda\/productos\/"},{"@type":"ListItem","position":3,"name":"Monitores","item":"https:\/\/compuviper.mx\/tienda\/categoria-producto\/monitores\/"},{"@type":"ListItem","position":4,"name":"Led","item":"https:\/\/compuviper.mx\/tienda\/categoria-producto\/monitores\/led\/"},{"@type":"ListItem","position":5,"name":"Lg 98uh5j Monitor De Se?alizacion Digital De 98 P, Uso 24\/7, 500 Nits Uso En Ver\/hor Entradas Hdmi(3)\/dp\/dvi-d\/usb 2.0(2)\/ Rs232c\/ Rj45\/ Audio\/ Ir, Pantalla Multiple Con Pbp O Pip"}]},{"@type":"WebSite","@id":"https:\/\/compuviper.mx\/tienda\/#website","url":"https:\/\/compuviper.mx\/tienda\/","name":"Compuviper","description":"Proveedor de Computadoras, Laptops, Servidores, Monitores, Puntos de Venta, Teclados,   Impresoras, T\u00f3ner, C\u00e1maras de Seguridad y m\u00e1s en tu tienda en l\u00ednea","publisher":{"@id":"https:\/\/compuviper.mx\/tienda\/#organization"},"potentialAction":[{"@type":"SearchAction","target":{"@type":"EntryPoint","urlTemplate":"https:\/\/compuviper.mx\/tienda\/?s={search_term_string}"},"query-input":"required name=search_term_string"}],"inLanguage":"es-MX"},{"@type":"Organization","@id":"https:\/\/compuviper.mx\/tienda\/#organization","name":"Compuviper","url":"https:\/\/compuviper.mx\/tienda\/","logo":{"@type":"ImageObject","inLanguage":"es-MX","@id":"https:\/\/compuviper.mx\/tienda\/#\/schema\/logo\/image\/","url":"https:\/\/compuviper.mx\/tienda\/wp-content\/uploads\/2021\/08\/Logo-Compuviper-10.png","contentUrl":"https:\/\/compuviper.mx\/tienda\/wp-content\/uploads\/2021\/08\/Logo-Compuviper-10.png","width":1000,"height":500,"caption":"Compuviper"},"image":{"@id":"https:\/\/compuviper.mx\/tienda\/#\/schema\/logo\/image\/"},"sameAs":["https:\/\/www.facebook.com\/compuviper","https:\/\/www.youtube.com\/channel\/UCf73dERp9Y3cfOq7q8BhLjA?view_as=subscriber"]}]},"product_brand":"LG","product_price_amount":"100170","product_price_currency":"MXN","og_availability":"instock","product_availability":"instock","product_retailer_item_id":"98UH5J","product_condition":"new"},"_links":{"self":[{"href":"https:\/\/compuviper.mx\/tienda\/wp-json\/wp\/v2\/product\/219910"}],"collection":[{"href":"https:\/\/compuviper.mx\/tienda\/wp-json\/wp\/v2\/product"}],"about":[{"href":"https:\/\/compuviper.mx\/tienda\/wp-json\/wp\/v2\/types\/product"}],"replies":[{"embeddable":true,"href":"https:\/\/compuviper.mx\/tienda\/wp-json\/wp\/v2\/comments?post=219910"}],"wp:featuredmedia":[{"embeddable":true,"href":"https:\/\/compuviper.mx\/tienda\/wp-json\/wp\/v2\/media\/219911"}],"wp:attachment":[{"href":"https:\/\/compuviper.mx\/tienda\/wp-json\/wp\/v2\/media?parent=219910"}],"wp:term":[{"taxonomy":"product_cat","embeddable":true,"href":"https:\/\/compuviper.mx\/tienda\/wp-json\/wp\/v2\/product_cat?post=219910"},{"taxonomy":"product_tag","embeddable":true,"href":"https:\/\/compuviper.mx\/tienda\/wp-json\/wp\/v2\/product_tag?post=219910"}],"curies":[{"name":"wp","href":"https:\/\/api.w.org\/{rel}","templated":true}]}}