{"id":219817,"date":"2026-04-10T00:43:00","date_gmt":"2026-04-10T06:43:00","guid":{"rendered":"https:\/\/compuviper.mx\/tienda\/producto\/viewsonic-va2247-mh-monitor-1920-x-1080-full-hd-75hz-actualizacion-5-ms-tiempo-de-respuesta-altavoces-intregrados-hdmi-vga-vesa-3-aos-de-garantia\/"},"modified":"2026-04-10T00:43:00","modified_gmt":"2026-04-10T06:43:00","slug":"viewsonic-va2247-mh-1t-monitor-va2247-mh-1920-x-1080-full-hd-100hz-actualizacion-5-ms-altavoces-intregrados-hdmi-vga-vesa-3-aos-de-garantia","status":"publish","type":"product","link":"https:\/\/compuviper.mx\/tienda\/producto\/viewsonic-va2247-mh-1t-monitor-va2247-mh-1920-x-1080-full-hd-100hz-actualizacion-5-ms-altavoces-intregrados-hdmi-vga-vesa-3-aos-de-garantia\/","title":{"rendered":"Viewsonic Va2247-mh-1t Monitor , Va2247-mh, 1920 X 1080, Full Hd, 100hz Actualizacion, 5 Ms , Altavoces Intregrados, Hdmi, Vga, Vesa, 3 A?os De Garantia"},"content":{"rendered":"<table class=\"descripcion\">\n<tr>\n<td>Tama\u00f1o de pantalla (pulg.) 22<\/td>\n<\/tr>\n<tr>\n<td>\u00e1rea visible (in) 21,5<\/td>\n<\/tr>\n<tr>\n<td>Tipo de panel mva<\/td>\n<\/tr>\n<tr>\n<td>Resoluci\u00f3n 1920 x 1080<\/td>\n<\/tr>\n<tr>\n<td>Tipo de resoluci\u00f3n full hd (1920&#215;1080)<\/td>\n<\/tr>\n<tr>\n<td>Relaci\u00f3n de contraste est\u00e1tico 3.000:1<\/td>\n<\/tr>\n<tr>\n<td>Relaci\u00f3n de contraste din\u00e1mico 50.000.000:1<\/td>\n<\/tr>\n<tr>\n<td>Fuente de luz led<\/td>\n<\/tr>\n<tr>\n<td>Brillantez 250 cd\/m2<\/td>\n<\/tr>\n<tr>\n<td>Colores 16, 7 m<\/td>\n<\/tr>\n<tr>\n<td>Proporci\u00f3n dimensional 16:9<\/td>\n<\/tr>\n<tr>\n<td>Tiempo de respuesta (gtg t\u00edpico): 5 ms<\/td>\n<\/tr>\n<tr>\n<td>\u00e1ngulos de visi\u00f3n 178\u00ba horizontal, 178\u00ba vertical<\/td>\n<\/tr>\n<tr>\n<td>Superficie de panel revestimiento resistente (3h) tipo antirreflejo, bruma 25 %<\/td>\n<\/tr>\n<tr>\n<td>Compatibilidad<\/td>\n<\/tr>\n<tr>\n<td>Resoluci\u00f3n de pc (m\u00e1x.) 1920 x 1080<\/td>\n<\/tr>\n<tr>\n<td>Resoluci\u00f3n de mac (m\u00e1x.) 1920 x 1080<\/td>\n<\/tr>\n<tr>\n<td>Conector<\/td>\n<\/tr>\n<tr>\n<td>Entrada de audio de 3,5 mm x 1<\/td>\n<\/tr>\n<tr>\n<td>Salida de audio de 3,5 mm x 1<\/td>\n<\/tr>\n<tr>\n<td>Vga x 1<\/td>\n<\/tr>\n<tr>\n<td>Hdmi 1.4 in x 1<\/td>\n<\/tr>\n<tr>\n<td>Audio altavoces internos 2w (x2)<\/td>\n<\/tr>\n<tr>\n<td>Alimentaci\u00f3n eco mode (conservaci\u00f3n) 14w<\/td>\n<\/tr>\n<tr>\n<td>Eco mode (optimizada) 18w<\/td>\n<\/tr>\n<tr>\n<td>Consumo (t\u00edpico) 28w<\/td>\n<\/tr>\n<tr>\n<td>Consumo (m\u00e1x.) 26w<\/td>\n<\/tr>\n<tr>\n<td>Voltaje 100-240 vca<\/td>\n<\/tr>\n<tr>\n<td>En espera 0,5 w<\/td>\n<\/tr>\n<tr>\n<td>Fuente de alimentaci\u00f3n interna<\/td>\n<\/tr>\n<tr>\n<td>Hardware adicional<\/td>\n<\/tr>\n<tr>\n<td>Ranura de bloqueo kensington x 1<\/td>\n<\/tr>\n<tr>\n<td>Controles<\/td>\n<\/tr>\n<tr>\n<td>Controles f\u00edsicos tecla 1 (favorito), tecla 2, tecla 3, tecla 4, tecla 5 (encendido)<\/td>\n<\/tr>\n<tr>\n<td>Visualizaci\u00f3n en pantalla<\/td>\n<\/tr>\n<tr>\n<td>Selecci\u00f3n de entrada, ajuste de audio, viewmode, ajuste de color, ajuste manual de imagen, men\u00fa de configuraci\u00f3n<\/td>\n<\/tr>\n<tr>\n<td>Condiciones de funcionamiento<\/td>\n<\/tr>\n<tr>\n<td>Temperatura 32-104 \u00baf (0-40 \u00bac)<\/td>\n<\/tr>\n<tr>\n<td>Humedad (sin condensaci\u00f3n) 20-90%<\/td>\n<\/tr>\n<tr>\n<td>Montaje<\/td>\n<\/tr>\n<tr>\n<td>Compatible con vesa 100 x 100 mm<\/td>\n<\/tr>\n<tr>\n<td>Ergonom\u00eda<\/td>\n<\/tr>\n<tr>\n<td>Inclinaci\u00f3n (hacia adelante\/hacia atr\u00e1s) 3\u00ba \/ 20\u00ba<\/td>\n<\/tr>\n<tr>\n<td>Peso (imperial) neto (lb) 6,4<\/td>\n<\/tr>\n<tr>\n<td>Neto sin base (lb) 5,7<\/td>\n<\/tr>\n<tr>\n<td>Bruto (lb) 8,8<\/td>\n<\/tr>\n<tr>\n<td>Peso (m\u00e9trica) neto (kg) 2,9<\/td>\n<\/tr>\n<tr>\n<td>Neto sin base (kg) 2,6<\/td>\n<\/tr>\n<tr>\n<td>Bruto (kg) 4,0<\/td>\n<\/tr>\n<tr>\n<td>Dimensiones (imperiales) (ancho x alto x profundidad)<\/td>\n<\/tr>\n<tr>\n<td>Empaque (in) 21,4&#215;15,1&#215;5,0<\/td>\n<\/tr>\n<tr>\n<td>F\u00edsicas (in) 19,4&#215;14,6&#215;8,1<\/td>\n<\/tr>\n<tr>\n<td>F\u00edsicas sin base (in) 19,4&#215;11,5&#215;1,8<\/td>\n<\/tr>\n<tr>\n<td>Dimensiones (m\u00e9tricas) (ancho x alto x profundidad)<\/td>\n<\/tr>\n<tr>\n<td>Empaque (mm) 544,0&#215;384,0x128,0<\/td>\n<\/tr>\n<tr>\n<td>F\u00edsicas (mm) 492,0&#215;372,0x206,0<\/td>\n<\/tr>\n<tr>\n<td>F\u00edsicas sin base (mm) 493,0&#215;292,0x47,0<\/td>\n<\/tr>\n<\/table>\n","protected":false},"excerpt":{"rendered":"<p>Con una conectividad flexible, \u00e1ngulos de visualizaci\u00f3n amplios y rendimiento incre\u00edble de pantalla, el va2247-mh de viewsonic ofrece funciones multimedia s\u00f3lidas y un dise\u00f1o elegante a un gran valor. Gracias a una tecnolog\u00eda de panel mva sin marcos, el va2247-mh ofrece una brillantez y contraste sorprendentes desde, pr\u00e1cticamente, cualquier \u00e1ngulo de visualizaci\u00f3n. Con un dise\u00f1o minimalista, la pantalla de borde a borde y el bisel sin marco hacen que sea un monitor ideal para configuraciones de varias pantallas integradas. Ya sea para trabajar en la oficina o disfrutar del entretenimiento en el hogar, el va2247-mh tambi\u00e9n cuenta con un puerto hdmi y un cable hdmi incluido para una conectividad flexible para pc, computadoras port\u00e1tiles y consolas de juegos. Adem\u00e1s, la garant\u00eda limitada de 3 a\u00f1os y una de las mejores pol\u00edticas de rendimiento de p\u00edxeles de la industria tambi\u00e9n convierten al va2247-mh en una opci\u00f3n muy valiosa.<\/p>\n","protected":false},"featured_media":219818,"comment_status":"open","ping_status":"open","template":"","meta":[],"product_cat":[1740,1741],"product_tag":[1862],"acf":[],"yoast_head":"<!-- This site is optimized with the Yoast SEO plugin v21.7 - https:\/\/yoast.com\/wordpress\/plugins\/seo\/ -->\n<title>[ Viewsonic ] &#129351; Va2247-mh-1t Monitor , Va2247-mh, 1920 X 1080, Full Hd, 100hz Actualizacion, 5 Ms , Altavoces Intregrados, Hdmi, Vga, Vesa, 3 A\u00f1os De Garantia<\/title>\n<meta name=\"description\" content=\"Compra Va2247-mh-1t Monitor , Va2247-mh, 1920 X 1080, Full Hd, 100hz Actualizacion, 5 Ms , Altavoces Intregrados, Hdmi, Vga, Vesa, 3 A\u00f1os De Garantia + Env\u00edo a domicilio + Pago seguro + Garant\u00eda\" \/>\n<meta name=\"robots\" content=\"index, follow, max-snippet:-1, max-image-preview:large, max-video-preview:-1\" \/>\n<link rel=\"canonical\" href=\"https:\/\/compuviper.mx\/tienda\/producto\/viewsonic-va2247-mh-1t-monitor-va2247-mh-1920-x-1080-full-hd-100hz-actualizacion-5-ms-altavoces-intregrados-hdmi-vga-vesa-3-aos-de-garantia\/\" \/>\n<meta property=\"og:locale\" content=\"es_MX\" \/>\n<meta property=\"og:type\" content=\"article\" \/>\n<meta property=\"og:title\" content=\"[ Viewsonic ] &#129351; Va2247-mh-1t Monitor , Va2247-mh, 1920 X 1080, Full Hd, 100hz Actualizacion, 5 Ms , Altavoces Intregrados, Hdmi, Vga, Vesa, 3 A\u00f1os De Garantia\" \/>\n<meta property=\"og:description\" content=\"Compra Va2247-mh-1t Monitor , Va2247-mh, 1920 X 1080, Full Hd, 100hz Actualizacion, 5 Ms , Altavoces Intregrados, Hdmi, Vga, Vesa, 3 A\u00f1os De Garantia + Env\u00edo a domicilio + Pago seguro + Garant\u00eda\" \/>\n<meta property=\"og:url\" content=\"https:\/\/compuviper.mx\/tienda\/producto\/viewsonic-va2247-mh-1t-monitor-va2247-mh-1920-x-1080-full-hd-100hz-actualizacion-5-ms-altavoces-intregrados-hdmi-vga-vesa-3-aos-de-garantia\/\" \/>\n<meta property=\"og:site_name\" content=\"Compuviper\" \/>\n<meta property=\"article:publisher\" content=\"https:\/\/www.facebook.com\/compuviper\" \/>\n<meta property=\"og:image\" content=\"https:\/\/compuviper.mx\/tienda\/wp-content\/uploads\/2023\/12\/Monitor-viewsonic-va2247-mh-1920-x-1080-full-hd-75hz-actualizacion-5-ms-tiempo-de-respuesta-altavoces-intregrados-hdmi-vga-vesa-3-anos-de-garantia.jpg\" \/>\n\t<meta property=\"og:image:width\" content=\"200\" \/>\n\t<meta property=\"og:image:height\" content=\"200\" \/>\n\t<meta property=\"og:image:type\" content=\"image\/jpeg\" \/>\n<meta name=\"twitter:card\" content=\"summary_large_image\" \/>\n<meta name=\"twitter:label1\" content=\"Precio\" \/>\n\t<meta name=\"twitter:data1\" content=\"&#36;1,649 con IVA\" \/>\n\t<meta name=\"twitter:label2\" content=\"Availability\" \/>\n\t<meta name=\"twitter:data2\" content=\"In stock\" \/>\n<script type=\"application\/ld+json\" class=\"yoast-schema-graph\">{\"@context\":\"https:\/\/schema.org\",\"@graph\":[{\"@type\":\"WebPage\",\"@id\":\"https:\/\/compuviper.mx\/tienda\/producto\/viewsonic-va2247-mh-1t-monitor-va2247-mh-1920-x-1080-full-hd-100hz-actualizacion-5-ms-altavoces-intregrados-hdmi-vga-vesa-3-aos-de-garantia\/\",\"url\":\"https:\/\/compuviper.mx\/tienda\/producto\/viewsonic-va2247-mh-1t-monitor-va2247-mh-1920-x-1080-full-hd-100hz-actualizacion-5-ms-altavoces-intregrados-hdmi-vga-vesa-3-aos-de-garantia\/\",\"name\":\"[ Viewsonic ] &#129351; Va2247-mh-1t Monitor , Va2247-mh, 1920 X 1080, Full Hd, 100hz Actualizacion, 5 Ms , Altavoces Intregrados, Hdmi, Vga, Vesa, 3 A\u00f1os De Garantia\",\"isPartOf\":{\"@id\":\"https:\/\/compuviper.mx\/tienda\/#website\"},\"datePublished\":\"2026-04-10T06:43:00+00:00\",\"dateModified\":\"2026-04-10T06:43:00+00:00\",\"description\":\"Compra Va2247-mh-1t Monitor , Va2247-mh, 1920 X 1080, Full Hd, 100hz Actualizacion, 5 Ms , Altavoces Intregrados, Hdmi, Vga, Vesa, 3 A\u00f1os De Garantia + Env\u00edo a domicilio + Pago seguro + Garant\u00eda\",\"breadcrumb\":{\"@id\":\"https:\/\/compuviper.mx\/tienda\/producto\/viewsonic-va2247-mh-1t-monitor-va2247-mh-1920-x-1080-full-hd-100hz-actualizacion-5-ms-altavoces-intregrados-hdmi-vga-vesa-3-aos-de-garantia\/#breadcrumb\"},\"inLanguage\":\"es-MX\",\"potentialAction\":[{\"@type\":\"ReadAction\",\"target\":[\"https:\/\/compuviper.mx\/tienda\/producto\/viewsonic-va2247-mh-1t-monitor-va2247-mh-1920-x-1080-full-hd-100hz-actualizacion-5-ms-altavoces-intregrados-hdmi-vga-vesa-3-aos-de-garantia\/\"]}]},{\"@type\":\"BreadcrumbList\",\"@id\":\"https:\/\/compuviper.mx\/tienda\/producto\/viewsonic-va2247-mh-1t-monitor-va2247-mh-1920-x-1080-full-hd-100hz-actualizacion-5-ms-altavoces-intregrados-hdmi-vga-vesa-3-aos-de-garantia\/#breadcrumb\",\"itemListElement\":[{\"@type\":\"ListItem\",\"position\":1,\"name\":\"Inicio\",\"item\":\"https:\/\/compuviper.mx\/tienda\/\"},{\"@type\":\"ListItem\",\"position\":2,\"name\":\"Productos\",\"item\":\"https:\/\/compuviper.mx\/tienda\/productos\/\"},{\"@type\":\"ListItem\",\"position\":3,\"name\":\"Monitores\",\"item\":\"https:\/\/compuviper.mx\/tienda\/categoria-producto\/monitores\/\"},{\"@type\":\"ListItem\",\"position\":4,\"name\":\"Led\",\"item\":\"https:\/\/compuviper.mx\/tienda\/categoria-producto\/monitores\/led\/\"},{\"@type\":\"ListItem\",\"position\":5,\"name\":\"Viewsonic Va2247-mh-1t Monitor , Va2247-mh, 1920 X 1080, Full Hd, 100hz Actualizacion, 5 Ms , Altavoces Intregrados, Hdmi, Vga, Vesa, 3 A?os De Garantia\"}]},{\"@type\":\"WebSite\",\"@id\":\"https:\/\/compuviper.mx\/tienda\/#website\",\"url\":\"https:\/\/compuviper.mx\/tienda\/\",\"name\":\"Compuviper\",\"description\":\"Proveedor de Computadoras, Laptops, Servidores, Monitores, Puntos de Venta, Teclados,   Impresoras, T\u00f3ner, C\u00e1maras de Seguridad y m\u00e1s en tu tienda en l\u00ednea\",\"publisher\":{\"@id\":\"https:\/\/compuviper.mx\/tienda\/#organization\"},\"potentialAction\":[{\"@type\":\"SearchAction\",\"target\":{\"@type\":\"EntryPoint\",\"urlTemplate\":\"https:\/\/compuviper.mx\/tienda\/?s={search_term_string}\"},\"query-input\":\"required name=search_term_string\"}],\"inLanguage\":\"es-MX\"},{\"@type\":\"Organization\",\"@id\":\"https:\/\/compuviper.mx\/tienda\/#organization\",\"name\":\"Compuviper\",\"url\":\"https:\/\/compuviper.mx\/tienda\/\",\"logo\":{\"@type\":\"ImageObject\",\"inLanguage\":\"es-MX\",\"@id\":\"https:\/\/compuviper.mx\/tienda\/#\/schema\/logo\/image\/\",\"url\":\"https:\/\/compuviper.mx\/tienda\/wp-content\/uploads\/2021\/08\/Logo-Compuviper-10.png\",\"contentUrl\":\"https:\/\/compuviper.mx\/tienda\/wp-content\/uploads\/2021\/08\/Logo-Compuviper-10.png\",\"width\":1000,\"height\":500,\"caption\":\"Compuviper\"},\"image\":{\"@id\":\"https:\/\/compuviper.mx\/tienda\/#\/schema\/logo\/image\/\"},\"sameAs\":[\"https:\/\/www.facebook.com\/compuviper\",\"https:\/\/www.youtube.com\/channel\/UCf73dERp9Y3cfOq7q8BhLjA?view_as=subscriber\"]}]}<\/script>\n<meta property=\"product:brand\" content=\"VIEWSONIC\" \/>\n<meta property=\"product:price:amount\" content=\"1649\" \/>\n<meta property=\"product:price:currency\" content=\"MXN\" \/>\n<meta property=\"og:availability\" content=\"instock\" \/>\n<meta property=\"product:availability\" content=\"instock\" \/>\n<meta property=\"product:retailer_item_id\" content=\"VA2247-MH-1T\" \/>\n<meta property=\"product:condition\" content=\"new\" \/>\n<!-- \/ Yoast SEO plugin. -->","yoast_head_json":{"title":"[ Viewsonic ] &#129351; Va2247-mh-1t Monitor , Va2247-mh, 1920 X 1080, Full Hd, 100hz Actualizacion, 5 Ms , Altavoces Intregrados, Hdmi, Vga, Vesa, 3 A\u00f1os De Garantia","description":"Compra Va2247-mh-1t Monitor , Va2247-mh, 1920 X 1080, Full Hd, 100hz Actualizacion, 5 Ms , Altavoces Intregrados, Hdmi, Vga, Vesa, 3 A\u00f1os De Garantia + Env\u00edo a domicilio + Pago seguro + Garant\u00eda","robots":{"index":"index","follow":"follow","max-snippet":"max-snippet:-1","max-image-preview":"max-image-preview:large","max-video-preview":"max-video-preview:-1"},"canonical":"https:\/\/compuviper.mx\/tienda\/producto\/viewsonic-va2247-mh-1t-monitor-va2247-mh-1920-x-1080-full-hd-100hz-actualizacion-5-ms-altavoces-intregrados-hdmi-vga-vesa-3-aos-de-garantia\/","og_locale":"es_MX","og_type":"article","og_title":"[ Viewsonic ] &#129351; Va2247-mh-1t Monitor , Va2247-mh, 1920 X 1080, Full Hd, 100hz Actualizacion, 5 Ms , Altavoces Intregrados, Hdmi, Vga, Vesa, 3 A\u00f1os De Garantia","og_description":"Compra Va2247-mh-1t Monitor , Va2247-mh, 1920 X 1080, Full Hd, 100hz Actualizacion, 5 Ms , Altavoces Intregrados, Hdmi, Vga, Vesa, 3 A\u00f1os De Garantia + Env\u00edo a domicilio + Pago seguro + Garant\u00eda","og_url":"https:\/\/compuviper.mx\/tienda\/producto\/viewsonic-va2247-mh-1t-monitor-va2247-mh-1920-x-1080-full-hd-100hz-actualizacion-5-ms-altavoces-intregrados-hdmi-vga-vesa-3-aos-de-garantia\/","og_site_name":"Compuviper","article_publisher":"https:\/\/www.facebook.com\/compuviper","og_image":[{"width":200,"height":200,"url":"https:\/\/compuviper.mx\/tienda\/wp-content\/uploads\/2023\/12\/Monitor-viewsonic-va2247-mh-1920-x-1080-full-hd-75hz-actualizacion-5-ms-tiempo-de-respuesta-altavoces-intregrados-hdmi-vga-vesa-3-anos-de-garantia.jpg","type":"image\/jpeg"}],"twitter_card":"summary_large_image","twitter_misc":{"Precio":"&#36;1,649 con IVA","Availability":"In stock"},"schema":{"@context":"https:\/\/schema.org","@graph":[{"@type":"WebPage","@id":"https:\/\/compuviper.mx\/tienda\/producto\/viewsonic-va2247-mh-1t-monitor-va2247-mh-1920-x-1080-full-hd-100hz-actualizacion-5-ms-altavoces-intregrados-hdmi-vga-vesa-3-aos-de-garantia\/","url":"https:\/\/compuviper.mx\/tienda\/producto\/viewsonic-va2247-mh-1t-monitor-va2247-mh-1920-x-1080-full-hd-100hz-actualizacion-5-ms-altavoces-intregrados-hdmi-vga-vesa-3-aos-de-garantia\/","name":"[ Viewsonic ] &#129351; Va2247-mh-1t Monitor , Va2247-mh, 1920 X 1080, Full Hd, 100hz Actualizacion, 5 Ms , Altavoces Intregrados, Hdmi, Vga, Vesa, 3 A\u00f1os De Garantia","isPartOf":{"@id":"https:\/\/compuviper.mx\/tienda\/#website"},"datePublished":"2026-04-10T06:43:00+00:00","dateModified":"2026-04-10T06:43:00+00:00","description":"Compra Va2247-mh-1t Monitor , Va2247-mh, 1920 X 1080, Full Hd, 100hz Actualizacion, 5 Ms , Altavoces Intregrados, Hdmi, Vga, Vesa, 3 A\u00f1os De Garantia + Env\u00edo a domicilio + Pago seguro + Garant\u00eda","breadcrumb":{"@id":"https:\/\/compuviper.mx\/tienda\/producto\/viewsonic-va2247-mh-1t-monitor-va2247-mh-1920-x-1080-full-hd-100hz-actualizacion-5-ms-altavoces-intregrados-hdmi-vga-vesa-3-aos-de-garantia\/#breadcrumb"},"inLanguage":"es-MX","potentialAction":[{"@type":"ReadAction","target":["https:\/\/compuviper.mx\/tienda\/producto\/viewsonic-va2247-mh-1t-monitor-va2247-mh-1920-x-1080-full-hd-100hz-actualizacion-5-ms-altavoces-intregrados-hdmi-vga-vesa-3-aos-de-garantia\/"]}]},{"@type":"BreadcrumbList","@id":"https:\/\/compuviper.mx\/tienda\/producto\/viewsonic-va2247-mh-1t-monitor-va2247-mh-1920-x-1080-full-hd-100hz-actualizacion-5-ms-altavoces-intregrados-hdmi-vga-vesa-3-aos-de-garantia\/#breadcrumb","itemListElement":[{"@type":"ListItem","position":1,"name":"Inicio","item":"https:\/\/compuviper.mx\/tienda\/"},{"@type":"ListItem","position":2,"name":"Productos","item":"https:\/\/compuviper.mx\/tienda\/productos\/"},{"@type":"ListItem","position":3,"name":"Monitores","item":"https:\/\/compuviper.mx\/tienda\/categoria-producto\/monitores\/"},{"@type":"ListItem","position":4,"name":"Led","item":"https:\/\/compuviper.mx\/tienda\/categoria-producto\/monitores\/led\/"},{"@type":"ListItem","position":5,"name":"Viewsonic Va2247-mh-1t Monitor , Va2247-mh, 1920 X 1080, Full Hd, 100hz Actualizacion, 5 Ms , Altavoces Intregrados, Hdmi, Vga, Vesa, 3 A?os De Garantia"}]},{"@type":"WebSite","@id":"https:\/\/compuviper.mx\/tienda\/#website","url":"https:\/\/compuviper.mx\/tienda\/","name":"Compuviper","description":"Proveedor de Computadoras, Laptops, Servidores, Monitores, Puntos de Venta, Teclados,   Impresoras, T\u00f3ner, C\u00e1maras de Seguridad y m\u00e1s en tu tienda en l\u00ednea","publisher":{"@id":"https:\/\/compuviper.mx\/tienda\/#organization"},"potentialAction":[{"@type":"SearchAction","target":{"@type":"EntryPoint","urlTemplate":"https:\/\/compuviper.mx\/tienda\/?s={search_term_string}"},"query-input":"required name=search_term_string"}],"inLanguage":"es-MX"},{"@type":"Organization","@id":"https:\/\/compuviper.mx\/tienda\/#organization","name":"Compuviper","url":"https:\/\/compuviper.mx\/tienda\/","logo":{"@type":"ImageObject","inLanguage":"es-MX","@id":"https:\/\/compuviper.mx\/tienda\/#\/schema\/logo\/image\/","url":"https:\/\/compuviper.mx\/tienda\/wp-content\/uploads\/2021\/08\/Logo-Compuviper-10.png","contentUrl":"https:\/\/compuviper.mx\/tienda\/wp-content\/uploads\/2021\/08\/Logo-Compuviper-10.png","width":1000,"height":500,"caption":"Compuviper"},"image":{"@id":"https:\/\/compuviper.mx\/tienda\/#\/schema\/logo\/image\/"},"sameAs":["https:\/\/www.facebook.com\/compuviper","https:\/\/www.youtube.com\/channel\/UCf73dERp9Y3cfOq7q8BhLjA?view_as=subscriber"]}]},"product_brand":"VIEWSONIC","product_price_amount":"1649","product_price_currency":"MXN","og_availability":"instock","product_availability":"instock","product_retailer_item_id":"VA2247-MH-1T","product_condition":"new"},"_links":{"self":[{"href":"https:\/\/compuviper.mx\/tienda\/wp-json\/wp\/v2\/product\/219817"}],"collection":[{"href":"https:\/\/compuviper.mx\/tienda\/wp-json\/wp\/v2\/product"}],"about":[{"href":"https:\/\/compuviper.mx\/tienda\/wp-json\/wp\/v2\/types\/product"}],"replies":[{"embeddable":true,"href":"https:\/\/compuviper.mx\/tienda\/wp-json\/wp\/v2\/comments?post=219817"}],"wp:featuredmedia":[{"embeddable":true,"href":"https:\/\/compuviper.mx\/tienda\/wp-json\/wp\/v2\/media\/219818"}],"wp:attachment":[{"href":"https:\/\/compuviper.mx\/tienda\/wp-json\/wp\/v2\/media?parent=219817"}],"wp:term":[{"taxonomy":"product_cat","embeddable":true,"href":"https:\/\/compuviper.mx\/tienda\/wp-json\/wp\/v2\/product_cat?post=219817"},{"taxonomy":"product_tag","embeddable":true,"href":"https:\/\/compuviper.mx\/tienda\/wp-json\/wp\/v2\/product_tag?post=219817"}],"curies":[{"name":"wp","href":"https:\/\/api.w.org\/{rel}","templated":true}]}}