{"id":219797,"date":"2026-04-21T00:57:37","date_gmt":"2026-04-21T06:57:37","guid":{"rendered":"https:\/\/compuviper.mx\/tienda\/producto\/samsung-lh46vmbubgbxgo-monitor-sealizacion-digital-46-vm46b-u-fullhd-videowall-hdmi-rs232c-rj45-d-port-500-nits-3-5mm-24-7\/"},"modified":"2026-04-21T00:57:37","modified_gmt":"2026-04-21T06:57:37","slug":"samsung-lh46vmbubgbxgo887276652450-monitor-sealizacion-digital-46-vm46b-u-fullhd-videowall-hdmi-rs232c-rj45-d-port-500-nits-3-5mm-24-7","status":"publish","type":"product","link":"https:\/\/compuviper.mx\/tienda\/producto\/samsung-lh46vmbubgbxgo887276652450-monitor-sealizacion-digital-46-vm46b-u-fullhd-videowall-hdmi-rs232c-rj45-d-port-500-nits-3-5mm-24-7\/","title":{"rendered":"Samsung Lh46vmbubgbxgo,887276652450 Monitor Se?alizacion Digital  46 Vm46b-u Fullhd, Videowall , Hdmi, Rs232c, Rj45, D.port, 500 Nits, 3.5mm, 24\/7"},"content":{"rendered":"<table class=\"descripcion\">\n<tr>\n<td>Pantalla<\/td>\n<\/tr>\n<tr>\n<td>    tama\u00f1o en diagonal<\/td>\n<\/tr>\n<tr>\n<td>    46&#8243;<\/td>\n<\/tr>\n<tr>\n<td>    tipo de panel<\/td>\n<\/tr>\n<tr>\n<td>    ips<\/td>\n<\/tr>\n<tr>\n<td>    resoluci\u00f3n<\/td>\n<\/tr>\n<tr>\n<td>    1,920 x 1,080<\/td>\n<\/tr>\n<tr>\n<td>    tama\u00f1o de pixel (h x v)<\/td>\n<\/tr>\n<tr>\n<td>    0.53&#215;0.53<\/td>\n<\/tr>\n<tr>\n<td>    brightness (typ)<\/td>\n<\/tr>\n<tr>\n<td>    max 500 nit<\/td>\n<\/tr>\n<tr>\n<td>    relaci\u00f3n de contraste<\/td>\n<\/tr>\n<tr>\n<td>    1,200:1<\/td>\n<\/tr>\n<tr>\n<td>    \u00e1ngulo de visualizaci\u00f3n (h \/ v)<\/td>\n<\/tr>\n<tr>\n<td>    178\/178<\/td>\n<\/tr>\n<tr>\n<td>    tiempo de respuesta<\/td>\n<\/tr>\n<tr>\n<td>    8ms<\/td>\n<\/tr>\n<tr>\n<td>    rango de color<\/td>\n<\/tr>\n<tr>\n<td>    72 %<\/td>\n<\/tr>\n<tr>\n<td>    opacidad del cristal<\/td>\n<\/tr>\n<tr>\n<td>    25 %<\/td>\n<\/tr>\n<tr>\n<td>    frecuencia de escaneo horizontal<\/td>\n<\/tr>\n<tr>\n<td>    62.7~72.3khz<\/td>\n<\/tr>\n<tr>\n<td>    frecuencia de pixel m\u00e1xima<\/td>\n<\/tr>\n<tr>\n<td>    82mhz<\/td>\n<\/tr>\n<tr>\n<td>    frecuencia de escaneo vertical<\/td>\n<\/tr>\n<tr>\n<td>    57~63hz<\/td>\n<\/tr>\n<tr>\n<td>    contrast ratio (dynamic)<\/td>\n<\/tr>\n<tr>\n<td>    45,000:1<\/td>\n<\/tr>\n<tr>\n<td>    operation time support<\/td>\n<\/tr>\n<tr>\n<td>    24\/7<\/td>\n<\/tr>\n<tr>\n<td>Conectividad<\/td>\n<\/tr>\n<tr>\n<td>    entrada hdmi<\/td>\n<\/tr>\n<tr>\n<td>    2<\/td>\n<\/tr>\n<tr>\n<td>    entrada dp<\/td>\n<\/tr>\n<tr>\n<td>    1<\/td>\n<\/tr>\n<tr>\n<td>    entrada dvi<\/td>\n<\/tr>\n<tr>\n<td>    si<\/td>\n<\/tr>\n<tr>\n<td>    version of hdmi<\/td>\n<\/tr>\n<tr>\n<td>    2<\/td>\n<\/tr>\n<tr>\n<td>    version of dp<\/td>\n<\/tr>\n<tr>\n<td>    1.2<\/td>\n<\/tr>\n<tr>\n<td>    version of hdcp<\/td>\n<\/tr>\n<tr>\n<td>    2.2<\/td>\n<\/tr>\n<tr>\n<td>    usb<\/td>\n<\/tr>\n<tr>\n<td>    1<\/td>\n<\/tr>\n<tr>\n<td>    entrada ir<\/td>\n<\/tr>\n<tr>\n<td>    si<\/td>\n<\/tr>\n<tr>\n<td>    entrada de audio<\/td>\n<\/tr>\n<tr>\n<td>    si<\/td>\n<\/tr>\n<tr>\n<td>    salida de video<\/td>\n<\/tr>\n<tr>\n<td>    jack mini estereo<\/td>\n<\/tr>\n<tr>\n<td>    salida de video<\/td>\n<\/tr>\n<tr>\n<td>    si<\/td>\n<\/tr>\n<tr>\n<td>    salida de energ\u00eda<\/td>\n<\/tr>\n<tr>\n<td>    no<\/td>\n<\/tr>\n<tr>\n<td>    entrada rs232<\/td>\n<\/tr>\n<tr>\n<td>    si<\/td>\n<\/tr>\n<tr>\n<td>    salida rs232<\/td>\n<\/tr>\n<tr>\n<td>    jack mini estereo<\/td>\n<\/tr>\n<tr>\n<td>    entrada rj45<\/td>\n<\/tr>\n<tr>\n<td>    si<\/td>\n<\/tr>\n<tr>\n<td>Alimentaci\u00f3n<\/td>\n<\/tr>\n<tr>\n<td>    alimentaci\u00f3n<\/td>\n<\/tr>\n<tr>\n<td>    ac100-240v 50\/60hz<\/td>\n<\/tr>\n<tr>\n<td>    consumo de energ\u00eda (encendido)<\/td>\n<\/tr>\n<tr>\n<td>    160 w<\/td>\n<\/tr>\n<tr>\n<td>    consumo de energ\u00eda (en espera)<\/td>\n<\/tr>\n<tr>\n<td>    0.5 w<\/td>\n<\/tr>\n<tr>\n<td>Dimensiones<\/td>\n<\/tr>\n<tr>\n<td>    dimensiones del equipo (a x al x p)<\/td>\n<\/tr>\n<tr>\n<td>    1022 x 577 x 69.9 mm<\/td>\n<\/tr>\n<tr>\n<td>    dimensiones del paquete (a x al x p)<\/td>\n<\/tr>\n<tr>\n<td>    1193 x 719 x 257 mm<\/td>\n<\/tr>\n<tr>\n<td>Peso (g)<\/td>\n<\/tr>\n<tr>\n<td>    peso del equipo<\/td>\n<\/tr>\n<tr>\n<td>    15.7 kg<\/td>\n<\/tr>\n<tr>\n<td>    peso del paquete<\/td>\n<\/tr>\n<tr>\n<td>    21 kg<\/td>\n<\/tr>\n<tr>\n<td>Condiciones de operaci\u00f3n<\/td>\n<\/tr>\n<tr>\n<td>    temperatura<\/td>\n<\/tr>\n<tr>\n<td>    0\u00bf~ 40\u00bf<\/td>\n<\/tr>\n<tr>\n<td>    humedad<\/td>\n<\/tr>\n<tr>\n<td>    10 ~ 90%<\/td>\n<\/tr>\n<tr>\n<td>Especificaciones mec\u00e1nicas<\/td>\n<\/tr>\n<tr>\n<td>    montura vesa<\/td>\n<\/tr>\n<tr>\n<td>    600 x 400 mm<\/td>\n<\/tr>\n<tr>\n<td>    anchura del bisel<\/td>\n<\/tr>\n<tr>\n<td>    2.25mm(u\/l), 1.25mm(r\/b)<\/td>\n<\/tr>\n<tr>\n<td>    material del marco<\/td>\n<\/tr>\n<tr>\n<td>    brillante<\/td>\n<\/tr>\n<tr>\n<td>Caracter\u00edsticas opcionales<\/td>\n<\/tr>\n<tr>\n<td>    montura<\/td>\n<\/tr>\n<tr>\n<td>    si<\/td>\n<\/tr>\n<tr>\n<td>    base<\/td>\n<\/tr>\n<tr>\n<td>    no<\/td>\n<\/tr>\n<tr>\n<td>Certificaci\u00f3n y conformidad<\/td>\n<\/tr>\n<tr>\n<td>    emc<\/td>\n<\/tr>\n<tr>\n<td>    fcc (usa) part 15, subpart b class ace (europe) : en55032 : 2012 or 2015 \u00bf en55024:2010 or en 55035:2017vcci (japan) : vcci cispr32:2016 class bkcc\/ek (korea) : tuner : kn13 \/ kn20tunerless : kn22 \/ kn24bsmi (taiwan) : cns13438 ( ite emi ) class a \/ cns14336-1 ( ite safety ) \/ cns15663 (rohs)c-tick (australia) : as\/nzs cispr32:2015ccc(china) :gb\/t9254-2008, gb17625.1-2012gost(russia\/cis) : roct cispr 24-2013\/roct cispr 22:2005<\/td>\n<\/tr>\n<tr>\n<td>    seguridad<\/td>\n<\/tr>\n<tr>\n<td>    cb (europe) : iec60950-1\/en60950-1ccc (china) : gb4943.1-2011psb (singapore ) : psb+iec60950-1nom (mexico ) : tunerless : nom-019-scfi-1998iram (argentina ) : iram+iec60950-1saso (saudi arabia ) : saso+iec60950-1bis(india) : iec60950-1 \/ is13252kc(korea) : k 60950-1eac(russia) : eac+iec60950-1inmetro(brazil) : inmetro+iec60950-1bsmi(taiwan) : bsmi+iec60950-1rcm(australia) : iec60950-1\/as\/nzs 60950-1ul(usa) : cul60950-1 csa (canada) : cultuv (germany) : cenemko (norway) : ce<\/td>\n<\/tr>\n<\/table>\n","protected":false},"excerpt":{"rendered":"<p>Pantalla.     Tama\u00f1o en diagonal.     46.     Tipo de panel.     Ips.     Resoluci\u00f3n.     1,920 x 1,080.     Tama\u00f1o de pixel (h x v.     0.53&#215;0.53.     Brightness (typ.     Max 500 nit.     Relaci\u00f3n de contraste.     1,200:1.     \u00e1ngulo de visualizaci\u00f3n (h \/ v.     178\/178.     Tiempo de respuesta.     8ms.     Rango de color.     72 .     Opacidad del cristal.     25 .     Frecuencia de escaneo horizontal.     62.7~72.3khz.     Frecuencia de pixel m\u00e1xima.     82mhz.     Frecuencia de escaneo vertical.     57~63hz.     Contrast ratio (dynamic.     45,000:1.     Operation time support.     24\/7. Conectividad.     Entrada hdmi.     2.     Entrada dp.     1.     Entrada dvi.     Si.     Version of hdmi.     2.     Version of dp.     1.2.     Version of hdcp.     2.2.     Usb.     1.     Entrada ir.     Si.     Entrada de audio.     Si.     Salida de video.     Jack mini estereo.     Salida de video.     Si.     Salida de energ\u00eda.     No.     Entrada rs232.     Si.     Salida rs232.     Jack mini estereo.     Entrada rj45.     Si. Alimentaci\u00f3n.     Alimentaci\u00f3n.     Ac100-240v 50\/60hz.     Consumo de energ\u00eda (encendido.     160 w.     Consumo de energ\u00eda (en espera.     0.5 w. Dimensiones.     Dimensiones del equipo (a x al x p.     1022 x 577 x 69.9 mm.     Dimensiones del paquete (a x al x p.     1193 x 719 x 257 mm. Peso (g.     Peso del equipo.     15.7 kg.     Peso del paquete.     21 kg. Condiciones de operaci\u00f3n.     Temperatura.     0\u00bf~ 40?.     Humedad.     10 ~ 90. Especificaciones mec\u00e1nicas.     Montura vesa.     600 x 400 mm.     Anchura del bisel.     2.25mm(u\/l), 1.25mm(r\/b.     Material del marco.     Brillante. Caracter\u00edsticas opcionales.     Montura.     Si.     Base.     No. Certificaci\u00f3n y conformidad.     Emc.     Fcc (usa) part 15, subpart b class ace (europe) : en55032 : 2012 or 2015 \u00bf en55024:2010 or en 55035:2017vcci (japan) : vcci cispr32:2016 class bkcc\/ek (korea) : tuner : kn13 \/ kn20tunerless : kn22 \/ kn24bsmi (taiwan) : cns13438 ( ite emi ) class a \/ cns14336-1 ( ite safety ) \/ cns15663 (rohs)c-tick (australia) : as\/nzs cispr32:2015ccc(china) :gb\/t9254-2008, gb17625.1-2012gost(russia\/cis) : roct cispr 24-2013\/roct cispr 22:2005.     Seguridad.     Cb (europe) : iec60950-1\/en60950-1ccc (china) : gb4943.1-2011psb (singapore ) : psb+iec60950-1nom (mexico ) : tunerless : nom-019-scfi-1998iram (argentina ) : iram+iec60950-1saso (saudi arabia ) : saso+iec60950-1bis(india) : iec60950-1 \/ is13252kc(korea) : k 60950-1eac(russia) : eac+iec60950-1inmetro(brazil) : inmetro+iec60950-1bsmi(taiwan) : bsmi+iec60950-1rcm(australia) : iec60950-1\/as\/nzs 60950-1ul(usa) : cul60950-1 csa (canada) : cultuv (germany) : cenemko (norway) : ce<\/p>\n","protected":false},"featured_media":219798,"comment_status":"open","ping_status":"open","template":"","meta":[],"product_cat":[1740,1741],"product_tag":[1743],"acf":[],"yoast_head":"<!-- This site is optimized with the Yoast SEO plugin v21.7 - https:\/\/yoast.com\/wordpress\/plugins\/seo\/ -->\n<title>[ Samsung ] &#129351; Lh46vmbubgbxgo,887276652450 Monitor Se\u00f1alizacion Digital 46 Vm46b-u Fullhd, Videowall , Hdmi, Rs232c, Rj45, D.port, 500 Nits, 3.5mm, 24\/7<\/title>\n<meta name=\"description\" content=\"Compra Lh46vmbubgbxgo,887276652450 Monitor Se\u00f1alizacion Digital 46 Vm46b-u Fullhd, Videowall , Hdmi, Rs232c, Rj45, D.port, 500 Nits, 3.5mm, 24\/7 + Env\u00edo a domicilio + Pago seguro + Garant\u00eda\" \/>\n<meta name=\"robots\" content=\"index, follow, max-snippet:-1, max-image-preview:large, max-video-preview:-1\" \/>\n<link rel=\"canonical\" href=\"https:\/\/compuviper.mx\/tienda\/producto\/samsung-lh46vmbubgbxgo887276652450-monitor-sealizacion-digital-46-vm46b-u-fullhd-videowall-hdmi-rs232c-rj45-d-port-500-nits-3-5mm-24-7\/\" \/>\n<meta property=\"og:locale\" content=\"es_MX\" \/>\n<meta property=\"og:type\" content=\"article\" \/>\n<meta property=\"og:title\" content=\"[ Samsung ] &#129351; Lh46vmbubgbxgo,887276652450 Monitor Se\u00f1alizacion Digital 46 Vm46b-u Fullhd, Videowall , Hdmi, Rs232c, Rj45, D.port, 500 Nits, 3.5mm, 24\/7\" \/>\n<meta property=\"og:description\" content=\"Compra Lh46vmbubgbxgo,887276652450 Monitor Se\u00f1alizacion Digital 46 Vm46b-u Fullhd, Videowall , Hdmi, Rs232c, Rj45, D.port, 500 Nits, 3.5mm, 24\/7 + Env\u00edo a domicilio + Pago seguro + Garant\u00eda\" \/>\n<meta property=\"og:url\" content=\"https:\/\/compuviper.mx\/tienda\/producto\/samsung-lh46vmbubgbxgo887276652450-monitor-sealizacion-digital-46-vm46b-u-fullhd-videowall-hdmi-rs232c-rj45-d-port-500-nits-3-5mm-24-7\/\" \/>\n<meta property=\"og:site_name\" content=\"Compuviper\" \/>\n<meta property=\"article:publisher\" content=\"https:\/\/www.facebook.com\/compuviper\" \/>\n<meta property=\"og:image\" content=\"https:\/\/compuviper.mx\/tienda\/wp-content\/uploads\/2023\/12\/Monitor-senalizacion-digital-samsung-46-vm46b-u-fullhd-videowall-hdmi-rs232c-rj45-d.port-500-nits-3.5mm-247.jpg\" \/>\n\t<meta property=\"og:image:width\" content=\"200\" \/>\n\t<meta property=\"og:image:height\" content=\"200\" \/>\n\t<meta property=\"og:image:type\" content=\"image\/jpeg\" \/>\n<meta name=\"twitter:card\" content=\"summary_large_image\" \/>\n<meta name=\"twitter:label1\" content=\"Precio\" \/>\n\t<meta name=\"twitter:data1\" content=\"&#36;16,044 con IVA\" \/>\n\t<meta name=\"twitter:label2\" content=\"Availability\" \/>\n\t<meta name=\"twitter:data2\" content=\"In stock\" \/>\n<script type=\"application\/ld+json\" class=\"yoast-schema-graph\">{\"@context\":\"https:\/\/schema.org\",\"@graph\":[{\"@type\":\"WebPage\",\"@id\":\"https:\/\/compuviper.mx\/tienda\/producto\/samsung-lh46vmbubgbxgo887276652450-monitor-sealizacion-digital-46-vm46b-u-fullhd-videowall-hdmi-rs232c-rj45-d-port-500-nits-3-5mm-24-7\/\",\"url\":\"https:\/\/compuviper.mx\/tienda\/producto\/samsung-lh46vmbubgbxgo887276652450-monitor-sealizacion-digital-46-vm46b-u-fullhd-videowall-hdmi-rs232c-rj45-d-port-500-nits-3-5mm-24-7\/\",\"name\":\"[ Samsung ] &#129351; Lh46vmbubgbxgo,887276652450 Monitor Se\u00f1alizacion Digital 46 Vm46b-u Fullhd, Videowall , Hdmi, Rs232c, Rj45, D.port, 500 Nits, 3.5mm, 24\/7\",\"isPartOf\":{\"@id\":\"https:\/\/compuviper.mx\/tienda\/#website\"},\"datePublished\":\"2026-04-21T06:57:37+00:00\",\"dateModified\":\"2026-04-21T06:57:37+00:00\",\"description\":\"Compra Lh46vmbubgbxgo,887276652450 Monitor Se\u00f1alizacion Digital 46 Vm46b-u Fullhd, Videowall , Hdmi, Rs232c, Rj45, D.port, 500 Nits, 3.5mm, 24\/7 + Env\u00edo a domicilio + Pago seguro + Garant\u00eda\",\"breadcrumb\":{\"@id\":\"https:\/\/compuviper.mx\/tienda\/producto\/samsung-lh46vmbubgbxgo887276652450-monitor-sealizacion-digital-46-vm46b-u-fullhd-videowall-hdmi-rs232c-rj45-d-port-500-nits-3-5mm-24-7\/#breadcrumb\"},\"inLanguage\":\"es-MX\",\"potentialAction\":[{\"@type\":\"ReadAction\",\"target\":[\"https:\/\/compuviper.mx\/tienda\/producto\/samsung-lh46vmbubgbxgo887276652450-monitor-sealizacion-digital-46-vm46b-u-fullhd-videowall-hdmi-rs232c-rj45-d-port-500-nits-3-5mm-24-7\/\"]}]},{\"@type\":\"BreadcrumbList\",\"@id\":\"https:\/\/compuviper.mx\/tienda\/producto\/samsung-lh46vmbubgbxgo887276652450-monitor-sealizacion-digital-46-vm46b-u-fullhd-videowall-hdmi-rs232c-rj45-d-port-500-nits-3-5mm-24-7\/#breadcrumb\",\"itemListElement\":[{\"@type\":\"ListItem\",\"position\":1,\"name\":\"Inicio\",\"item\":\"https:\/\/compuviper.mx\/tienda\/\"},{\"@type\":\"ListItem\",\"position\":2,\"name\":\"Productos\",\"item\":\"https:\/\/compuviper.mx\/tienda\/productos\/\"},{\"@type\":\"ListItem\",\"position\":3,\"name\":\"Monitores\",\"item\":\"https:\/\/compuviper.mx\/tienda\/categoria-producto\/monitores\/\"},{\"@type\":\"ListItem\",\"position\":4,\"name\":\"Led\",\"item\":\"https:\/\/compuviper.mx\/tienda\/categoria-producto\/monitores\/led\/\"},{\"@type\":\"ListItem\",\"position\":5,\"name\":\"Samsung Lh46vmbubgbxgo,887276652450 Monitor Se?alizacion Digital 46 Vm46b-u Fullhd, Videowall , Hdmi, Rs232c, Rj45, D.port, 500 Nits, 3.5mm, 24\/7\"}]},{\"@type\":\"WebSite\",\"@id\":\"https:\/\/compuviper.mx\/tienda\/#website\",\"url\":\"https:\/\/compuviper.mx\/tienda\/\",\"name\":\"Compuviper\",\"description\":\"Proveedor de Computadoras, Laptops, Servidores, Monitores, Puntos de Venta, Teclados,   Impresoras, T\u00f3ner, C\u00e1maras de Seguridad y m\u00e1s en tu tienda en l\u00ednea\",\"publisher\":{\"@id\":\"https:\/\/compuviper.mx\/tienda\/#organization\"},\"potentialAction\":[{\"@type\":\"SearchAction\",\"target\":{\"@type\":\"EntryPoint\",\"urlTemplate\":\"https:\/\/compuviper.mx\/tienda\/?s={search_term_string}\"},\"query-input\":\"required name=search_term_string\"}],\"inLanguage\":\"es-MX\"},{\"@type\":\"Organization\",\"@id\":\"https:\/\/compuviper.mx\/tienda\/#organization\",\"name\":\"Compuviper\",\"url\":\"https:\/\/compuviper.mx\/tienda\/\",\"logo\":{\"@type\":\"ImageObject\",\"inLanguage\":\"es-MX\",\"@id\":\"https:\/\/compuviper.mx\/tienda\/#\/schema\/logo\/image\/\",\"url\":\"https:\/\/compuviper.mx\/tienda\/wp-content\/uploads\/2021\/08\/Logo-Compuviper-10.png\",\"contentUrl\":\"https:\/\/compuviper.mx\/tienda\/wp-content\/uploads\/2021\/08\/Logo-Compuviper-10.png\",\"width\":1000,\"height\":500,\"caption\":\"Compuviper\"},\"image\":{\"@id\":\"https:\/\/compuviper.mx\/tienda\/#\/schema\/logo\/image\/\"},\"sameAs\":[\"https:\/\/www.facebook.com\/compuviper\",\"https:\/\/www.youtube.com\/channel\/UCf73dERp9Y3cfOq7q8BhLjA?view_as=subscriber\"]}]}<\/script>\n<meta property=\"product:brand\" content=\"SAMSUNG\" \/>\n<meta property=\"product:price:amount\" content=\"16044\" \/>\n<meta property=\"product:price:currency\" content=\"MXN\" \/>\n<meta property=\"og:availability\" content=\"instock\" \/>\n<meta property=\"product:availability\" content=\"instock\" \/>\n<meta property=\"product:retailer_item_id\" content=\"LH46VMBUBGBXGO,887276652450\" \/>\n<meta property=\"product:condition\" content=\"new\" \/>\n<!-- \/ Yoast SEO plugin. -->","yoast_head_json":{"title":"[ Samsung ] &#129351; Lh46vmbubgbxgo,887276652450 Monitor Se\u00f1alizacion Digital 46 Vm46b-u Fullhd, Videowall , Hdmi, Rs232c, Rj45, D.port, 500 Nits, 3.5mm, 24\/7","description":"Compra Lh46vmbubgbxgo,887276652450 Monitor Se\u00f1alizacion Digital 46 Vm46b-u Fullhd, Videowall , Hdmi, Rs232c, Rj45, D.port, 500 Nits, 3.5mm, 24\/7 + Env\u00edo a domicilio + Pago seguro + Garant\u00eda","robots":{"index":"index","follow":"follow","max-snippet":"max-snippet:-1","max-image-preview":"max-image-preview:large","max-video-preview":"max-video-preview:-1"},"canonical":"https:\/\/compuviper.mx\/tienda\/producto\/samsung-lh46vmbubgbxgo887276652450-monitor-sealizacion-digital-46-vm46b-u-fullhd-videowall-hdmi-rs232c-rj45-d-port-500-nits-3-5mm-24-7\/","og_locale":"es_MX","og_type":"article","og_title":"[ Samsung ] &#129351; Lh46vmbubgbxgo,887276652450 Monitor Se\u00f1alizacion Digital 46 Vm46b-u Fullhd, Videowall , Hdmi, Rs232c, Rj45, D.port, 500 Nits, 3.5mm, 24\/7","og_description":"Compra Lh46vmbubgbxgo,887276652450 Monitor Se\u00f1alizacion Digital 46 Vm46b-u Fullhd, Videowall , Hdmi, Rs232c, Rj45, D.port, 500 Nits, 3.5mm, 24\/7 + Env\u00edo a domicilio + Pago seguro + Garant\u00eda","og_url":"https:\/\/compuviper.mx\/tienda\/producto\/samsung-lh46vmbubgbxgo887276652450-monitor-sealizacion-digital-46-vm46b-u-fullhd-videowall-hdmi-rs232c-rj45-d-port-500-nits-3-5mm-24-7\/","og_site_name":"Compuviper","article_publisher":"https:\/\/www.facebook.com\/compuviper","og_image":[{"width":200,"height":200,"url":"https:\/\/compuviper.mx\/tienda\/wp-content\/uploads\/2023\/12\/Monitor-senalizacion-digital-samsung-46-vm46b-u-fullhd-videowall-hdmi-rs232c-rj45-d.port-500-nits-3.5mm-247.jpg","type":"image\/jpeg"}],"twitter_card":"summary_large_image","twitter_misc":{"Precio":"&#36;16,044 con IVA","Availability":"In stock"},"schema":{"@context":"https:\/\/schema.org","@graph":[{"@type":"WebPage","@id":"https:\/\/compuviper.mx\/tienda\/producto\/samsung-lh46vmbubgbxgo887276652450-monitor-sealizacion-digital-46-vm46b-u-fullhd-videowall-hdmi-rs232c-rj45-d-port-500-nits-3-5mm-24-7\/","url":"https:\/\/compuviper.mx\/tienda\/producto\/samsung-lh46vmbubgbxgo887276652450-monitor-sealizacion-digital-46-vm46b-u-fullhd-videowall-hdmi-rs232c-rj45-d-port-500-nits-3-5mm-24-7\/","name":"[ Samsung ] &#129351; Lh46vmbubgbxgo,887276652450 Monitor Se\u00f1alizacion Digital 46 Vm46b-u Fullhd, Videowall , Hdmi, Rs232c, Rj45, D.port, 500 Nits, 3.5mm, 24\/7","isPartOf":{"@id":"https:\/\/compuviper.mx\/tienda\/#website"},"datePublished":"2026-04-21T06:57:37+00:00","dateModified":"2026-04-21T06:57:37+00:00","description":"Compra Lh46vmbubgbxgo,887276652450 Monitor Se\u00f1alizacion Digital 46 Vm46b-u Fullhd, Videowall , Hdmi, Rs232c, Rj45, D.port, 500 Nits, 3.5mm, 24\/7 + Env\u00edo a domicilio + Pago seguro + Garant\u00eda","breadcrumb":{"@id":"https:\/\/compuviper.mx\/tienda\/producto\/samsung-lh46vmbubgbxgo887276652450-monitor-sealizacion-digital-46-vm46b-u-fullhd-videowall-hdmi-rs232c-rj45-d-port-500-nits-3-5mm-24-7\/#breadcrumb"},"inLanguage":"es-MX","potentialAction":[{"@type":"ReadAction","target":["https:\/\/compuviper.mx\/tienda\/producto\/samsung-lh46vmbubgbxgo887276652450-monitor-sealizacion-digital-46-vm46b-u-fullhd-videowall-hdmi-rs232c-rj45-d-port-500-nits-3-5mm-24-7\/"]}]},{"@type":"BreadcrumbList","@id":"https:\/\/compuviper.mx\/tienda\/producto\/samsung-lh46vmbubgbxgo887276652450-monitor-sealizacion-digital-46-vm46b-u-fullhd-videowall-hdmi-rs232c-rj45-d-port-500-nits-3-5mm-24-7\/#breadcrumb","itemListElement":[{"@type":"ListItem","position":1,"name":"Inicio","item":"https:\/\/compuviper.mx\/tienda\/"},{"@type":"ListItem","position":2,"name":"Productos","item":"https:\/\/compuviper.mx\/tienda\/productos\/"},{"@type":"ListItem","position":3,"name":"Monitores","item":"https:\/\/compuviper.mx\/tienda\/categoria-producto\/monitores\/"},{"@type":"ListItem","position":4,"name":"Led","item":"https:\/\/compuviper.mx\/tienda\/categoria-producto\/monitores\/led\/"},{"@type":"ListItem","position":5,"name":"Samsung Lh46vmbubgbxgo,887276652450 Monitor Se?alizacion Digital 46 Vm46b-u Fullhd, Videowall , Hdmi, Rs232c, Rj45, D.port, 500 Nits, 3.5mm, 24\/7"}]},{"@type":"WebSite","@id":"https:\/\/compuviper.mx\/tienda\/#website","url":"https:\/\/compuviper.mx\/tienda\/","name":"Compuviper","description":"Proveedor de Computadoras, Laptops, Servidores, Monitores, Puntos de Venta, Teclados,   Impresoras, T\u00f3ner, C\u00e1maras de Seguridad y m\u00e1s en tu tienda en l\u00ednea","publisher":{"@id":"https:\/\/compuviper.mx\/tienda\/#organization"},"potentialAction":[{"@type":"SearchAction","target":{"@type":"EntryPoint","urlTemplate":"https:\/\/compuviper.mx\/tienda\/?s={search_term_string}"},"query-input":"required name=search_term_string"}],"inLanguage":"es-MX"},{"@type":"Organization","@id":"https:\/\/compuviper.mx\/tienda\/#organization","name":"Compuviper","url":"https:\/\/compuviper.mx\/tienda\/","logo":{"@type":"ImageObject","inLanguage":"es-MX","@id":"https:\/\/compuviper.mx\/tienda\/#\/schema\/logo\/image\/","url":"https:\/\/compuviper.mx\/tienda\/wp-content\/uploads\/2021\/08\/Logo-Compuviper-10.png","contentUrl":"https:\/\/compuviper.mx\/tienda\/wp-content\/uploads\/2021\/08\/Logo-Compuviper-10.png","width":1000,"height":500,"caption":"Compuviper"},"image":{"@id":"https:\/\/compuviper.mx\/tienda\/#\/schema\/logo\/image\/"},"sameAs":["https:\/\/www.facebook.com\/compuviper","https:\/\/www.youtube.com\/channel\/UCf73dERp9Y3cfOq7q8BhLjA?view_as=subscriber"]}]},"product_brand":"SAMSUNG","product_price_amount":"16044","product_price_currency":"MXN","og_availability":"instock","product_availability":"instock","product_retailer_item_id":"LH46VMBUBGBXGO,887276652450","product_condition":"new"},"_links":{"self":[{"href":"https:\/\/compuviper.mx\/tienda\/wp-json\/wp\/v2\/product\/219797"}],"collection":[{"href":"https:\/\/compuviper.mx\/tienda\/wp-json\/wp\/v2\/product"}],"about":[{"href":"https:\/\/compuviper.mx\/tienda\/wp-json\/wp\/v2\/types\/product"}],"replies":[{"embeddable":true,"href":"https:\/\/compuviper.mx\/tienda\/wp-json\/wp\/v2\/comments?post=219797"}],"wp:featuredmedia":[{"embeddable":true,"href":"https:\/\/compuviper.mx\/tienda\/wp-json\/wp\/v2\/media\/219798"}],"wp:attachment":[{"href":"https:\/\/compuviper.mx\/tienda\/wp-json\/wp\/v2\/media?parent=219797"}],"wp:term":[{"taxonomy":"product_cat","embeddable":true,"href":"https:\/\/compuviper.mx\/tienda\/wp-json\/wp\/v2\/product_cat?post=219797"},{"taxonomy":"product_tag","embeddable":true,"href":"https:\/\/compuviper.mx\/tienda\/wp-json\/wp\/v2\/product_tag?post=219797"}],"curies":[{"name":"wp","href":"https:\/\/api.w.org\/{rel}","templated":true}]}}