{"id":219771,"date":"2026-04-21T00:57:35","date_gmt":"2026-04-21T06:57:35","guid":{"rendered":"https:\/\/compuviper.mx\/tienda\/producto\/viewsonic-vx2718-2kpc-mhd-monitor-entretenimiento-y-juegos-curvo-1500r-2560-x-1440-wqhd-165hz-actualizacion-1-ms-tiempo-de-respuesta-adaptive-sync-altavoces-intregrados-hdmi-display-port\/"},"modified":"2026-04-21T00:57:35","modified_gmt":"2026-04-21T06:57:35","slug":"viewsonic-vx2718-2kpc-mhd-monitor-entretenimiento-y-juegos-curvo-1500r-2560-x-1440-wqhd-165hz-actualizacion-1-ms-tiempo-de-respuesta-adaptive-sync-altavoces-intregrados-hdmi-display-port","status":"publish","type":"product","link":"https:\/\/compuviper.mx\/tienda\/producto\/viewsonic-vx2718-2kpc-mhd-monitor-entretenimiento-y-juegos-curvo-1500r-2560-x-1440-wqhd-165hz-actualizacion-1-ms-tiempo-de-respuesta-adaptive-sync-altavoces-intregrados-hdmi-display-port\/","title":{"rendered":"Viewsonic Vx2718-2kpc-mhd Monitor  Entretenimiento Y Juegos, , Curvo 1500r, 2560  X 1440, Wqhd, 165hz Actualizacion, 1 Ms Tiempo De Respuesta, Adaptive-sync, Altavoces Intregrados, Hdmi, Display Port,"},"content":{"rendered":"<table class=\"descripcion\">\n<tr>\n<td>Tama\u00f1o de pantalla (pulg.) 27<\/td>\n<\/tr>\n<tr>\n<td>\u00e1rea visible (in) 27<\/td>\n<\/tr>\n<tr>\n<td>Tipo de panel mva<\/td>\n<\/tr>\n<tr>\n<td>Resoluci\u00f3n 2560 x 1440<\/td>\n<\/tr>\n<tr>\n<td>Tipo de resoluci\u00f3n wqhd (2560&#215;1440)<\/td>\n<\/tr>\n<tr>\n<td>Relaci\u00f3n de contraste est\u00e1tico 4.000:1<\/td>\n<\/tr>\n<tr>\n<td>Relaci\u00f3n de contraste din\u00e1mico 80.000.000:1<\/td>\n<\/tr>\n<tr>\n<td>Fuente de luz led<\/td>\n<\/tr>\n<tr>\n<td>Brillantez 250 cd\/m2<\/td>\n<\/tr>\n<tr>\n<td>Colores 16, 7 m<\/td>\n<\/tr>\n<tr>\n<td>Soporte de espacio de color 8 bit (6 bit + frc)<\/td>\n<\/tr>\n<tr>\n<td>Proporci\u00f3n dimensional 16:9<\/td>\n<\/tr>\n<tr>\n<td>Tiempo de respuesta (gtg t\u00edpico): 5 ms<\/td>\n<\/tr>\n<tr>\n<td>Tiempo de respuesta (mprt) 1 ms<\/td>\n<\/tr>\n<tr>\n<td>\u00e1ngulos de visi\u00f3n 178\u00ba horizontal, 178\u00ba vertical<\/td>\n<\/tr>\n<tr>\n<td>Vida \u00fatil de la retroiluminaci\u00f3n (horas) 3.0000<\/td>\n<\/tr>\n<tr>\n<td>Superficie de panel revestimiento resistente (3h) tipo antirreflejo, bruma 25 %<\/td>\n<\/tr>\n<tr>\n<td>Curvatura 1500r<\/td>\n<\/tr>\n<tr>\n<td>Frecuencia de actualizaci\u00f3n (hz) 165<\/td>\n<\/tr>\n<tr>\n<td>Compatibilidad resoluci\u00f3n de pc (m\u00e1x.) 2560 x 1440<\/td>\n<\/tr>\n<tr>\n<td>Resoluci\u00f3n de mac (m\u00e1x.) 2560 x 1440<\/td>\n<\/tr>\n<tr>\n<td>Conector<\/td>\n<\/tr>\n<tr>\n<td>Salida de audio de 3,5 mm: 1<\/td>\n<\/tr>\n<tr>\n<td>Hdmi 2.0 in: 2<\/td>\n<\/tr>\n<tr>\n<td>Displayport: 1<\/td>\n<\/tr>\n<tr>\n<td>Audio altavoces internos 2w (x2)<\/td>\n<\/tr>\n<tr>\n<td>Alimentaci\u00f3n eco mode (conservaci\u00f3n) 23,5 w<\/td>\n<\/tr>\n<tr>\n<td>Eco mode (optimizada) 27,5 w<\/td>\n<\/tr>\n<tr>\n<td>Consumo (t\u00edpico) 32,5 w<\/td>\n<\/tr>\n<tr>\n<td>Consumo (m\u00e1x.) 40w<\/td>\n<\/tr>\n<tr>\n<td>Voltaje ca 100-240v (universal), 50-60hz<\/td>\n<\/tr>\n<tr>\n<td>En espera 0,5 w<\/td>\n<\/tr>\n<tr>\n<td>Fuente de alimentaci\u00f3n altavoces<\/td>\n<\/tr>\n<tr>\n<td>Hardware adicional ranura de bloqueo kensington: 1<\/td>\n<\/tr>\n<tr>\n<td>Controlescontroles f\u00edsicos<\/td>\n<\/tr>\n<tr>\n<td>Tecla 1 (encendido), tecla 2, tecla 3, tecla 4, tecla 5 (favorito)<\/td>\n<\/tr>\n<tr>\n<td>Visualizaci\u00f3n en pantalla<\/td>\n<\/tr>\n<tr>\n<td>Selecci\u00f3n de entrada, ajuste de audio, viewmode, ajuste de color, ajuste manual de imagen, men\u00fa de configuraci\u00f3n<\/td>\n<\/tr>\n<tr>\n<td>Condiciones de funcionamiento<\/td>\n<\/tr>\n<tr>\n<td>Temperatura 32-104 \u00baf (0-40 \u00bac)<\/td>\n<\/tr>\n<tr>\n<td>Humedad (sin condensaci\u00f3n) 20-90%<\/td>\n<\/tr>\n<tr>\n<td>Montaje compatible con vesa<\/td>\n<\/tr>\n<tr>\n<td>75 x 75 mm<\/td>\n<\/tr>\n<tr>\n<td>Se\u00f1al de video frecuencia horizontal<\/td>\n<\/tr>\n<tr>\n<td>Hdmi (v2.0): 30~222 khz, displayport (v1.2): 30~243 khz<\/td>\n<\/tr>\n<tr>\n<td>Frecuencia vertical<\/td>\n<\/tr>\n<tr>\n<td>Hdmi (v2.0): 48 ~ 144 hz, displayport (v1.2): 48 ~ 165 hz<\/td>\n<\/tr>\n<tr>\n<td>Entrada de video sincronizaci\u00f3n digital<\/td>\n<\/tr>\n<tr>\n<td>Tmds para hdmi (v2.0), pci-e para displayport (v1.4)<\/td>\n<\/tr>\n<tr>\n<td>Ergonom\u00eda inclinaci\u00f3n (hacia adelante\/hacia atr\u00e1s) 5\u00ba \/ 20\u00ba<\/td>\n<\/tr>\n<tr>\n<td>Peso (imperial) neto (lb) 8,6<\/td>\n<\/tr>\n<tr>\n<td>Neto sin base (lb) 7,3<\/td>\n<\/tr>\n<tr>\n<td>Bruto (lb) 12,1<\/td>\n<\/tr>\n<tr>\n<td>Peso (m\u00e9trica) neto (kg) 3,9<\/td>\n<\/tr>\n<tr>\n<td>Neto sin base (kg) 3,3<\/td>\n<\/tr>\n<tr>\n<td>Bruto (kg) 5,5<\/td>\n<\/tr>\n<tr>\n<td>Dimensiones (imperiales) (ancho x alto x profundidad) empaque (in) 27,0&#215;17,4&#215;6,1<\/td>\n<\/tr>\n<tr>\n<td>F\u00edsicas (in) 24,0&#215;18,7&#215;8,8<\/td>\n<\/tr>\n<tr>\n<td>F\u00edsicas sin base (in) 24,0&#215;14,3&#215;2,9<\/td>\n<\/tr>\n<tr>\n<td>Dimensiones (m\u00e9tricas) (ancho x alto x profundidad) empaque (mm) 687,0&#215;443,0x156,0<\/td>\n<\/tr>\n<tr>\n<td>F\u00edsicas (mm) 611,0&#215;475,0x225,0<\/td>\n<\/tr>\n<tr>\n<td>F\u00edsicas sin base (mm) 611,0&#215;363,0x75,0<\/td>\n<\/tr>\n<\/table>\n","protected":false},"excerpt":{"rendered":"<p>El monitor vx2718-2kpc-mhd de viewsonic\u00ae con excelente resoluci\u00f3n wqhd de 2560 x 1440 y una pantalla curva inmersiva de 1500r ofrece una incre\u00edble experiencia de visualizaci\u00f3n para trabajar o para jugar. Este monitor con caracter\u00edsticas que incluyen frecuencia de actualizaci\u00f3n alta de 165hz*, tiempo de respuesta de 1 ms (mprt) y tecnolog\u00eda de sincronizaci\u00f3n adaptable, pr\u00e1cticamente, elimina los cortes e interrupciones en la pantalla, lo que proporciona una experiencia de juego fluida. El vx2718-2kpc-mhd tambi\u00e9n viene equipado con ajustes preestablecidos exclusivos viewmode\u0099 de viewsonic, que proporcionan un rendimiento optimizado de pantalla para el entretenimiento en el hogar, como mirar videos, editar archivos o jugar videojuegos. Dos entradas hdmi (v2.0) y una entrada displayport (v1.2) ofrecen conectividad flexible para el uso general y el entretenimiento. *frecuencia de actualizaci\u00f3n de 165hz con displayport<\/p>\n","protected":false},"featured_media":219772,"comment_status":"open","ping_status":"open","template":"","meta":[],"product_cat":[1740,1741],"product_tag":[1862],"acf":[],"yoast_head":"<!-- This site is optimized with the Yoast SEO plugin v21.7 - https:\/\/yoast.com\/wordpress\/plugins\/seo\/ -->\n<title>[ Viewsonic ] &#129351; Vx2718-2kpc-mhd Monitor Entretenimiento Y Juegos, , Curvo 1500r, 2560 X 1440, Wqhd, 165hz Actualizacion, 1 Ms Tiempo De Respuesta, Adaptive-sync, Altavoces Intregrados, Hdmi, Display Port,<\/title>\n<meta name=\"description\" content=\"Compra Vx2718-2kpc-mhd Monitor Entretenimiento Y Juegos, , Curvo 1500r, 2560 X 1440, Wqhd, 165hz Actualizacion, 1 Ms Tiempo De Respuesta, Adaptive-sync, Altavoces Intregrados, Hdmi, Display Port, + Env\u00edo a domicilio + Pago seguro + Garant\u00eda\" \/>\n<meta name=\"robots\" content=\"index, follow, max-snippet:-1, max-image-preview:large, max-video-preview:-1\" \/>\n<link rel=\"canonical\" href=\"https:\/\/compuviper.mx\/tienda\/producto\/viewsonic-vx2718-2kpc-mhd-monitor-entretenimiento-y-juegos-curvo-1500r-2560-x-1440-wqhd-165hz-actualizacion-1-ms-tiempo-de-respuesta-adaptive-sync-altavoces-intregrados-hdmi-display-port\/\" \/>\n<meta property=\"og:locale\" content=\"es_MX\" \/>\n<meta property=\"og:type\" content=\"article\" \/>\n<meta property=\"og:title\" content=\"[ Viewsonic ] &#129351; Vx2718-2kpc-mhd Monitor Entretenimiento Y Juegos, , Curvo 1500r, 2560 X 1440, Wqhd, 165hz Actualizacion, 1 Ms Tiempo De Respuesta, Adaptive-sync, Altavoces Intregrados, Hdmi, Display Port,\" \/>\n<meta property=\"og:description\" content=\"Compra Vx2718-2kpc-mhd Monitor Entretenimiento Y Juegos, , Curvo 1500r, 2560 X 1440, Wqhd, 165hz Actualizacion, 1 Ms Tiempo De Respuesta, Adaptive-sync, Altavoces Intregrados, Hdmi, Display Port, + Env\u00edo a domicilio + Pago seguro + Garant\u00eda\" \/>\n<meta property=\"og:url\" content=\"https:\/\/compuviper.mx\/tienda\/producto\/viewsonic-vx2718-2kpc-mhd-monitor-entretenimiento-y-juegos-curvo-1500r-2560-x-1440-wqhd-165hz-actualizacion-1-ms-tiempo-de-respuesta-adaptive-sync-altavoces-intregrados-hdmi-display-port\/\" \/>\n<meta property=\"og:site_name\" content=\"Compuviper\" \/>\n<meta property=\"article:publisher\" content=\"https:\/\/www.facebook.com\/compuviper\" \/>\n<meta property=\"og:image\" content=\"https:\/\/compuviper.mx\/tienda\/wp-content\/uploads\/2023\/12\/Monitor-viewsonic-entretenimiento-y-juegos-vx2718-2kpc-mhd-curvo-1500r-2560-x-1440-wqhd-165hz-actualizacion-1-ms-tiempo-de-respuesta-adaptive-sync-altavoces-intregrados-hdmi-display-port.jpg\" \/>\n\t<meta property=\"og:image:width\" content=\"200\" \/>\n\t<meta property=\"og:image:height\" content=\"200\" \/>\n\t<meta property=\"og:image:type\" content=\"image\/jpeg\" \/>\n<meta name=\"twitter:card\" content=\"summary_large_image\" \/>\n<meta name=\"twitter:label1\" content=\"Precio\" \/>\n\t<meta name=\"twitter:data1\" content=\"&#36;3,670 &#36;3,384 con IVA\" \/>\n\t<meta name=\"twitter:label2\" content=\"Availability\" \/>\n\t<meta name=\"twitter:data2\" content=\"In stock\" \/>\n<script type=\"application\/ld+json\" class=\"yoast-schema-graph\">{\"@context\":\"https:\/\/schema.org\",\"@graph\":[{\"@type\":\"WebPage\",\"@id\":\"https:\/\/compuviper.mx\/tienda\/producto\/viewsonic-vx2718-2kpc-mhd-monitor-entretenimiento-y-juegos-curvo-1500r-2560-x-1440-wqhd-165hz-actualizacion-1-ms-tiempo-de-respuesta-adaptive-sync-altavoces-intregrados-hdmi-display-port\/\",\"url\":\"https:\/\/compuviper.mx\/tienda\/producto\/viewsonic-vx2718-2kpc-mhd-monitor-entretenimiento-y-juegos-curvo-1500r-2560-x-1440-wqhd-165hz-actualizacion-1-ms-tiempo-de-respuesta-adaptive-sync-altavoces-intregrados-hdmi-display-port\/\",\"name\":\"[ Viewsonic ] &#129351; Vx2718-2kpc-mhd Monitor Entretenimiento Y Juegos, , Curvo 1500r, 2560 X 1440, Wqhd, 165hz Actualizacion, 1 Ms Tiempo De Respuesta, Adaptive-sync, Altavoces Intregrados, Hdmi, Display Port,\",\"isPartOf\":{\"@id\":\"https:\/\/compuviper.mx\/tienda\/#website\"},\"datePublished\":\"2026-04-21T06:57:35+00:00\",\"dateModified\":\"2026-04-21T06:57:35+00:00\",\"description\":\"Compra Vx2718-2kpc-mhd Monitor Entretenimiento Y Juegos, , Curvo 1500r, 2560 X 1440, Wqhd, 165hz Actualizacion, 1 Ms Tiempo De Respuesta, Adaptive-sync, Altavoces Intregrados, Hdmi, Display Port, + Env\u00edo a domicilio + Pago seguro + Garant\u00eda\",\"breadcrumb\":{\"@id\":\"https:\/\/compuviper.mx\/tienda\/producto\/viewsonic-vx2718-2kpc-mhd-monitor-entretenimiento-y-juegos-curvo-1500r-2560-x-1440-wqhd-165hz-actualizacion-1-ms-tiempo-de-respuesta-adaptive-sync-altavoces-intregrados-hdmi-display-port\/#breadcrumb\"},\"inLanguage\":\"es-MX\",\"potentialAction\":[{\"@type\":\"ReadAction\",\"target\":[\"https:\/\/compuviper.mx\/tienda\/producto\/viewsonic-vx2718-2kpc-mhd-monitor-entretenimiento-y-juegos-curvo-1500r-2560-x-1440-wqhd-165hz-actualizacion-1-ms-tiempo-de-respuesta-adaptive-sync-altavoces-intregrados-hdmi-display-port\/\"]}]},{\"@type\":\"BreadcrumbList\",\"@id\":\"https:\/\/compuviper.mx\/tienda\/producto\/viewsonic-vx2718-2kpc-mhd-monitor-entretenimiento-y-juegos-curvo-1500r-2560-x-1440-wqhd-165hz-actualizacion-1-ms-tiempo-de-respuesta-adaptive-sync-altavoces-intregrados-hdmi-display-port\/#breadcrumb\",\"itemListElement\":[{\"@type\":\"ListItem\",\"position\":1,\"name\":\"Inicio\",\"item\":\"https:\/\/compuviper.mx\/tienda\/\"},{\"@type\":\"ListItem\",\"position\":2,\"name\":\"Productos\",\"item\":\"https:\/\/compuviper.mx\/tienda\/productos\/\"},{\"@type\":\"ListItem\",\"position\":3,\"name\":\"Monitores\",\"item\":\"https:\/\/compuviper.mx\/tienda\/categoria-producto\/monitores\/\"},{\"@type\":\"ListItem\",\"position\":4,\"name\":\"Led\",\"item\":\"https:\/\/compuviper.mx\/tienda\/categoria-producto\/monitores\/led\/\"},{\"@type\":\"ListItem\",\"position\":5,\"name\":\"Viewsonic Vx2718-2kpc-mhd Monitor Entretenimiento Y Juegos, , Curvo 1500r, 2560 X 1440, Wqhd, 165hz Actualizacion, 1 Ms Tiempo De Respuesta, Adaptive-sync, Altavoces Intregrados, Hdmi, Display Port,\"}]},{\"@type\":\"WebSite\",\"@id\":\"https:\/\/compuviper.mx\/tienda\/#website\",\"url\":\"https:\/\/compuviper.mx\/tienda\/\",\"name\":\"Compuviper\",\"description\":\"Proveedor de Computadoras, Laptops, Servidores, Monitores, Puntos de Venta, Teclados,   Impresoras, T\u00f3ner, C\u00e1maras de Seguridad y m\u00e1s en tu tienda en l\u00ednea\",\"publisher\":{\"@id\":\"https:\/\/compuviper.mx\/tienda\/#organization\"},\"potentialAction\":[{\"@type\":\"SearchAction\",\"target\":{\"@type\":\"EntryPoint\",\"urlTemplate\":\"https:\/\/compuviper.mx\/tienda\/?s={search_term_string}\"},\"query-input\":\"required name=search_term_string\"}],\"inLanguage\":\"es-MX\"},{\"@type\":\"Organization\",\"@id\":\"https:\/\/compuviper.mx\/tienda\/#organization\",\"name\":\"Compuviper\",\"url\":\"https:\/\/compuviper.mx\/tienda\/\",\"logo\":{\"@type\":\"ImageObject\",\"inLanguage\":\"es-MX\",\"@id\":\"https:\/\/compuviper.mx\/tienda\/#\/schema\/logo\/image\/\",\"url\":\"https:\/\/compuviper.mx\/tienda\/wp-content\/uploads\/2021\/08\/Logo-Compuviper-10.png\",\"contentUrl\":\"https:\/\/compuviper.mx\/tienda\/wp-content\/uploads\/2021\/08\/Logo-Compuviper-10.png\",\"width\":1000,\"height\":500,\"caption\":\"Compuviper\"},\"image\":{\"@id\":\"https:\/\/compuviper.mx\/tienda\/#\/schema\/logo\/image\/\"},\"sameAs\":[\"https:\/\/www.facebook.com\/compuviper\",\"https:\/\/www.youtube.com\/channel\/UCf73dERp9Y3cfOq7q8BhLjA?view_as=subscriber\"]}]}<\/script>\n<meta property=\"product:brand\" content=\"VIEWSONIC\" \/>\n<meta property=\"product:price:amount\" content=\"3384\" \/>\n<meta property=\"product:price:currency\" content=\"MXN\" \/>\n<meta property=\"og:availability\" content=\"instock\" \/>\n<meta property=\"product:availability\" content=\"instock\" \/>\n<meta property=\"product:retailer_item_id\" content=\"VX2718-2KPC-MHD\" \/>\n<meta property=\"product:condition\" content=\"new\" \/>\n<!-- \/ Yoast SEO plugin. -->","yoast_head_json":{"title":"[ Viewsonic ] &#129351; Vx2718-2kpc-mhd Monitor Entretenimiento Y Juegos, , Curvo 1500r, 2560 X 1440, Wqhd, 165hz Actualizacion, 1 Ms Tiempo De Respuesta, Adaptive-sync, Altavoces Intregrados, Hdmi, Display Port,","description":"Compra Vx2718-2kpc-mhd Monitor Entretenimiento Y Juegos, , Curvo 1500r, 2560 X 1440, Wqhd, 165hz Actualizacion, 1 Ms Tiempo De Respuesta, Adaptive-sync, Altavoces Intregrados, Hdmi, Display Port, + Env\u00edo a domicilio + Pago seguro + Garant\u00eda","robots":{"index":"index","follow":"follow","max-snippet":"max-snippet:-1","max-image-preview":"max-image-preview:large","max-video-preview":"max-video-preview:-1"},"canonical":"https:\/\/compuviper.mx\/tienda\/producto\/viewsonic-vx2718-2kpc-mhd-monitor-entretenimiento-y-juegos-curvo-1500r-2560-x-1440-wqhd-165hz-actualizacion-1-ms-tiempo-de-respuesta-adaptive-sync-altavoces-intregrados-hdmi-display-port\/","og_locale":"es_MX","og_type":"article","og_title":"[ Viewsonic ] &#129351; Vx2718-2kpc-mhd Monitor Entretenimiento Y Juegos, , Curvo 1500r, 2560 X 1440, Wqhd, 165hz Actualizacion, 1 Ms Tiempo De Respuesta, Adaptive-sync, Altavoces Intregrados, Hdmi, Display Port,","og_description":"Compra Vx2718-2kpc-mhd Monitor Entretenimiento Y Juegos, , Curvo 1500r, 2560 X 1440, Wqhd, 165hz Actualizacion, 1 Ms Tiempo De Respuesta, Adaptive-sync, Altavoces Intregrados, Hdmi, Display Port, + Env\u00edo a domicilio + Pago seguro + Garant\u00eda","og_url":"https:\/\/compuviper.mx\/tienda\/producto\/viewsonic-vx2718-2kpc-mhd-monitor-entretenimiento-y-juegos-curvo-1500r-2560-x-1440-wqhd-165hz-actualizacion-1-ms-tiempo-de-respuesta-adaptive-sync-altavoces-intregrados-hdmi-display-port\/","og_site_name":"Compuviper","article_publisher":"https:\/\/www.facebook.com\/compuviper","og_image":[{"width":200,"height":200,"url":"https:\/\/compuviper.mx\/tienda\/wp-content\/uploads\/2023\/12\/Monitor-viewsonic-entretenimiento-y-juegos-vx2718-2kpc-mhd-curvo-1500r-2560-x-1440-wqhd-165hz-actualizacion-1-ms-tiempo-de-respuesta-adaptive-sync-altavoces-intregrados-hdmi-display-port.jpg","type":"image\/jpeg"}],"twitter_card":"summary_large_image","twitter_misc":{"Precio":"&#36;3,670 &#36;3,384 con IVA","Availability":"In stock"},"schema":{"@context":"https:\/\/schema.org","@graph":[{"@type":"WebPage","@id":"https:\/\/compuviper.mx\/tienda\/producto\/viewsonic-vx2718-2kpc-mhd-monitor-entretenimiento-y-juegos-curvo-1500r-2560-x-1440-wqhd-165hz-actualizacion-1-ms-tiempo-de-respuesta-adaptive-sync-altavoces-intregrados-hdmi-display-port\/","url":"https:\/\/compuviper.mx\/tienda\/producto\/viewsonic-vx2718-2kpc-mhd-monitor-entretenimiento-y-juegos-curvo-1500r-2560-x-1440-wqhd-165hz-actualizacion-1-ms-tiempo-de-respuesta-adaptive-sync-altavoces-intregrados-hdmi-display-port\/","name":"[ Viewsonic ] &#129351; Vx2718-2kpc-mhd Monitor Entretenimiento Y Juegos, , Curvo 1500r, 2560 X 1440, Wqhd, 165hz Actualizacion, 1 Ms Tiempo De Respuesta, Adaptive-sync, Altavoces Intregrados, Hdmi, Display Port,","isPartOf":{"@id":"https:\/\/compuviper.mx\/tienda\/#website"},"datePublished":"2026-04-21T06:57:35+00:00","dateModified":"2026-04-21T06:57:35+00:00","description":"Compra Vx2718-2kpc-mhd Monitor Entretenimiento Y Juegos, , Curvo 1500r, 2560 X 1440, Wqhd, 165hz Actualizacion, 1 Ms Tiempo De Respuesta, Adaptive-sync, Altavoces Intregrados, Hdmi, Display Port, + Env\u00edo a domicilio + Pago seguro + Garant\u00eda","breadcrumb":{"@id":"https:\/\/compuviper.mx\/tienda\/producto\/viewsonic-vx2718-2kpc-mhd-monitor-entretenimiento-y-juegos-curvo-1500r-2560-x-1440-wqhd-165hz-actualizacion-1-ms-tiempo-de-respuesta-adaptive-sync-altavoces-intregrados-hdmi-display-port\/#breadcrumb"},"inLanguage":"es-MX","potentialAction":[{"@type":"ReadAction","target":["https:\/\/compuviper.mx\/tienda\/producto\/viewsonic-vx2718-2kpc-mhd-monitor-entretenimiento-y-juegos-curvo-1500r-2560-x-1440-wqhd-165hz-actualizacion-1-ms-tiempo-de-respuesta-adaptive-sync-altavoces-intregrados-hdmi-display-port\/"]}]},{"@type":"BreadcrumbList","@id":"https:\/\/compuviper.mx\/tienda\/producto\/viewsonic-vx2718-2kpc-mhd-monitor-entretenimiento-y-juegos-curvo-1500r-2560-x-1440-wqhd-165hz-actualizacion-1-ms-tiempo-de-respuesta-adaptive-sync-altavoces-intregrados-hdmi-display-port\/#breadcrumb","itemListElement":[{"@type":"ListItem","position":1,"name":"Inicio","item":"https:\/\/compuviper.mx\/tienda\/"},{"@type":"ListItem","position":2,"name":"Productos","item":"https:\/\/compuviper.mx\/tienda\/productos\/"},{"@type":"ListItem","position":3,"name":"Monitores","item":"https:\/\/compuviper.mx\/tienda\/categoria-producto\/monitores\/"},{"@type":"ListItem","position":4,"name":"Led","item":"https:\/\/compuviper.mx\/tienda\/categoria-producto\/monitores\/led\/"},{"@type":"ListItem","position":5,"name":"Viewsonic Vx2718-2kpc-mhd Monitor Entretenimiento Y Juegos, , Curvo 1500r, 2560 X 1440, Wqhd, 165hz Actualizacion, 1 Ms Tiempo De Respuesta, Adaptive-sync, Altavoces Intregrados, Hdmi, Display Port,"}]},{"@type":"WebSite","@id":"https:\/\/compuviper.mx\/tienda\/#website","url":"https:\/\/compuviper.mx\/tienda\/","name":"Compuviper","description":"Proveedor de Computadoras, Laptops, Servidores, Monitores, Puntos de Venta, Teclados,   Impresoras, T\u00f3ner, C\u00e1maras de Seguridad y m\u00e1s en tu tienda en l\u00ednea","publisher":{"@id":"https:\/\/compuviper.mx\/tienda\/#organization"},"potentialAction":[{"@type":"SearchAction","target":{"@type":"EntryPoint","urlTemplate":"https:\/\/compuviper.mx\/tienda\/?s={search_term_string}"},"query-input":"required name=search_term_string"}],"inLanguage":"es-MX"},{"@type":"Organization","@id":"https:\/\/compuviper.mx\/tienda\/#organization","name":"Compuviper","url":"https:\/\/compuviper.mx\/tienda\/","logo":{"@type":"ImageObject","inLanguage":"es-MX","@id":"https:\/\/compuviper.mx\/tienda\/#\/schema\/logo\/image\/","url":"https:\/\/compuviper.mx\/tienda\/wp-content\/uploads\/2021\/08\/Logo-Compuviper-10.png","contentUrl":"https:\/\/compuviper.mx\/tienda\/wp-content\/uploads\/2021\/08\/Logo-Compuviper-10.png","width":1000,"height":500,"caption":"Compuviper"},"image":{"@id":"https:\/\/compuviper.mx\/tienda\/#\/schema\/logo\/image\/"},"sameAs":["https:\/\/www.facebook.com\/compuviper","https:\/\/www.youtube.com\/channel\/UCf73dERp9Y3cfOq7q8BhLjA?view_as=subscriber"]}]},"product_brand":"VIEWSONIC","product_price_amount":"3384","product_price_currency":"MXN","og_availability":"instock","product_availability":"instock","product_retailer_item_id":"VX2718-2KPC-MHD","product_condition":"new"},"_links":{"self":[{"href":"https:\/\/compuviper.mx\/tienda\/wp-json\/wp\/v2\/product\/219771"}],"collection":[{"href":"https:\/\/compuviper.mx\/tienda\/wp-json\/wp\/v2\/product"}],"about":[{"href":"https:\/\/compuviper.mx\/tienda\/wp-json\/wp\/v2\/types\/product"}],"replies":[{"embeddable":true,"href":"https:\/\/compuviper.mx\/tienda\/wp-json\/wp\/v2\/comments?post=219771"}],"wp:featuredmedia":[{"embeddable":true,"href":"https:\/\/compuviper.mx\/tienda\/wp-json\/wp\/v2\/media\/219772"}],"wp:attachment":[{"href":"https:\/\/compuviper.mx\/tienda\/wp-json\/wp\/v2\/media?parent=219771"}],"wp:term":[{"taxonomy":"product_cat","embeddable":true,"href":"https:\/\/compuviper.mx\/tienda\/wp-json\/wp\/v2\/product_cat?post=219771"},{"taxonomy":"product_tag","embeddable":true,"href":"https:\/\/compuviper.mx\/tienda\/wp-json\/wp\/v2\/product_tag?post=219771"}],"curies":[{"name":"wp","href":"https:\/\/api.w.org\/{rel}","templated":true}]}}