{"id":219719,"date":"2026-04-14T00:46:38","date_gmt":"2026-04-14T06:46:38","guid":{"rendered":"https:\/\/compuviper.mx\/tienda\/producto\/lg-86ul3j-monitor-sealizacion-digital-con-panel-ips-uhd-de-86-puadas-350-nits-de-brillo-para-uso-16-7-con-plataforma-de-sealizacin-webos-4-0-con-altavoz-integrado-conectividad-3-hdmi-1-usb\/"},"modified":"2026-04-14T00:46:39","modified_gmt":"2026-04-14T06:46:39","slug":"lg-86ul3j88060848916248806091352910-monitor-sealizacion-digital-con-panel-ips-uhd-de-86-puadas-350-nits-de-brillo-para-uso-16-7-con-plataforma-de-sealizacin-webos-4-0-con-altavoz-integrado-cone","status":"publish","type":"product","link":"https:\/\/compuviper.mx\/tienda\/producto\/lg-86ul3j88060848916248806091352910-monitor-sealizacion-digital-con-panel-ips-uhd-de-86-puadas-350-nits-de-brillo-para-uso-16-7-con-plataforma-de-sealizacin-webos-4-0-con-altavoz-integrado-cone\/","title":{"rendered":"Lg 86ul3j,8806084891624,8806091352910 Monitor Se?alizacion Digital  Con Panel Ips Uhd De 86 Puadas, 350 Nits De Brillo Para Uso 16\/7 Con Plataforma De Se?alizacin Webos 4.0, Con Altavoz Integrado Conectividad 3 Hdmi, 1 Usb"},"content":{"rendered":"<table class=\"descripcion\">\n<tr>\n<td>Tamao de pantalla 86<\/td>\n<\/tr>\n<tr>\n<td>Tecnologa de panel ips<\/td>\n<\/tr>\n<tr>\n<td>Relacin de aspecto directo 16: 9<\/td>\n<\/tr>\n<tr>\n<td>Resolucin nativa 3840&#215;2160 uhd<\/td>\n<\/tr>\n<tr>\n<td>Frecuencia de actualizacin 120hz<\/td>\n<\/tr>\n<tr>\n<td>Brillo 330 nit tpico<\/td>\n<\/tr>\n<tr>\n<td>Relacin de contraste 1200: 1<\/td>\n<\/tr>\n<tr>\n<td>Cr din\u00e1mico 1,000,000: 1<\/td>\n<\/tr>\n<tr>\n<td>Gama de colores dci 80<\/td>\n<\/tr>\n<tr>\n<td>\u00e1ngulo de visin h x v 178&#215;178<\/td>\n<\/tr>\n<tr>\n<td>Profundidad de color avanzada 8 bits, 1.07 mil millones de colores<\/td>\n<\/tr>\n<tr>\n<td>Tiempo de respuesta 5ms g a g<\/td>\n<\/tr>\n<tr>\n<td>Tratamiento superficial haze 3<\/td>\n<\/tr>\n<tr>\n<td>Vida til 30.000 horas mn.<\/td>\n<\/tr>\n<tr>\n<td>Horas de funcionamiento horas \/ da 16\/7<\/td>\n<\/tr>\n<tr>\n<td>Retrato \/ paisaje     no \/ s<\/td>\n<\/tr>\n<tr>\n<td>Conectividad<\/td>\n<\/tr>\n<tr>\n<td>Entrada hdmi 3, hdcp2.2 \/ 1.4, rs232c in 1, toma de telfono de 4 pines, rj45 lan, usb2.0 tipo a 2 salida de audio de salida, rs232c out 1, toma de telfono de 4 pines<\/td>\n<\/tr>\n<tr>\n<td>Especificacion mecanica<\/td>\n<\/tr>\n<tr>\n<td>Peso cabeza 45,2 kg peso empaquetado 57,7 kg<\/td>\n<\/tr>\n<tr>\n<td>Dimensiones del monitor w x h x d 1927 x 1104 x 59,9 mm<\/td>\n<\/tr>\n<tr>\n<td>Dimensiones de la caja w x h x d tamao exterior de la caja 2115 x 1215 x 228 mm<\/td>\n<\/tr>\n<tr>\n<td>Interfaz de montaje est\u00e1ndar vesa \u0099 600 x 400 mm<\/td>\n<\/tr>\n<tr>\n<td>Condiciones ambientales<\/td>\n<\/tr>\n<tr>\n<td>Temperatura de funcionamiento 0 \u00b0 c a 40 \u00b0 c humedad de funcionamiento 10 a 80<\/td>\n<\/tr>\n<tr>\n<td>Poder<\/td>\n<\/tr>\n<tr>\n<td>Fuente de alimentacin ca 100-240v ~, 50 \/ 60hz tipo de energa energa incorporada<\/td>\n<\/tr>\n<tr>\n<td>El consumo de energa<\/td>\n<\/tr>\n<tr>\n<td>Typ. 220 w m\u00e1x. 300 w<\/td>\n<\/tr>\n<tr>\n<td>Btu unidad trmica brit\u00e1nica 751 btu \/ h tpico, 1024 btu \/ h m\u00e1x. ahorro de energa inteligente 70 154 w<\/td>\n<\/tr>\n<tr>\n<td>Dpm 0.5w apagado 0.5w<\/td>\n<\/tr>\n<tr>\n<td>Sonido<\/td>\n<\/tr>\n<tr>\n<td>Altavoz s<\/td>\n<\/tr>\n<tr>\n<td>Certificacin<\/td>\n<\/tr>\n<tr>\n<td>Seguridad cb \/ nrtlemc fcc clase a \/ ce<\/td>\n<\/tr>\n<tr>\n<td>Erp s olderp para jordania<\/td>\n<\/tr>\n<tr>\n<td>Compatibilidad de software<\/td>\n<\/tr>\n<tr>\n<td>Supersign cms (licencia con costo adicional)  supersign control \/ control  s \/ s<\/td>\n<\/tr>\n<tr>\n<td>Supersign wb s supersign media editor s<\/td>\n<\/tr>\n<\/table>\n","protected":false},"excerpt":{"rendered":"<p>La senalizacion digital lg es facil y rapida de instalar, permitiendote editar y actualizar tus publicaciones con el editor de contenidos remoto supersign, brindandote la posibilidad de actualizar contenidos con rapidez y eficacia, como si siempre lo hubieras usado.<\/p>\n","protected":false},"featured_media":219720,"comment_status":"open","ping_status":"open","template":"","meta":[],"product_cat":[1741,1740],"product_tag":[1687],"acf":[],"yoast_head":"<!-- This site is optimized with the Yoast SEO plugin v21.7 - https:\/\/yoast.com\/wordpress\/plugins\/seo\/ -->\n<title>[ Lg ] &#129351; 86ul3j,8806084891624,8806091352910 Monitor Se\u00f1alizacion Digital Con Panel Ips Uhd De 86 Puadas, 350 Nits De Brillo Para Uso 16\/7 Con Plataforma De Se\u00f1alizacin Webos 4.0, Con Altavoz Integrado Conectividad 3 Hdmi, 1 Usb<\/title>\n<meta name=\"description\" content=\"Compra 86ul3j,8806084891624,8806091352910 Monitor Se\u00f1alizacion Digital Con Panel Ips Uhd De 86 Puadas, 350 Nits De Brillo Para Uso 16\/7 Con Plataforma De Se\u00f1alizacin Webos 4.0, Con Altavoz Integrado Conectividad 3 Hdmi, 1 Usb + Env\u00edo a domicilio + Pago seguro + Garant\u00eda\" \/>\n<meta name=\"robots\" content=\"index, follow, max-snippet:-1, max-image-preview:large, max-video-preview:-1\" \/>\n<link rel=\"canonical\" href=\"https:\/\/compuviper.mx\/tienda\/producto\/lg-86ul3j88060848916248806091352910-monitor-sealizacion-digital-con-panel-ips-uhd-de-86-puadas-350-nits-de-brillo-para-uso-16-7-con-plataforma-de-sealizacin-webos-4-0-con-altavoz-integrado-cone\/\" \/>\n<meta property=\"og:locale\" content=\"es_MX\" \/>\n<meta property=\"og:type\" content=\"article\" \/>\n<meta property=\"og:title\" content=\"[ Lg ] &#129351; 86ul3j,8806084891624,8806091352910 Monitor Se\u00f1alizacion Digital Con Panel Ips Uhd De 86 Puadas, 350 Nits De Brillo Para Uso 16\/7 Con Plataforma De Se\u00f1alizacin Webos 4.0, Con Altavoz Integrado Conectividad 3 Hdmi, 1 Usb\" \/>\n<meta property=\"og:description\" content=\"Compra 86ul3j,8806084891624,8806091352910 Monitor Se\u00f1alizacion Digital Con Panel Ips Uhd De 86 Puadas, 350 Nits De Brillo Para Uso 16\/7 Con Plataforma De Se\u00f1alizacin Webos 4.0, Con Altavoz Integrado Conectividad 3 Hdmi, 1 Usb + Env\u00edo a domicilio + Pago seguro + Garant\u00eda\" \/>\n<meta property=\"og:url\" content=\"https:\/\/compuviper.mx\/tienda\/producto\/lg-86ul3j88060848916248806091352910-monitor-sealizacion-digital-con-panel-ips-uhd-de-86-puadas-350-nits-de-brillo-para-uso-16-7-con-plataforma-de-sealizacin-webos-4-0-con-altavoz-integrado-cone\/\" \/>\n<meta property=\"og:site_name\" content=\"Compuviper\" \/>\n<meta property=\"article:publisher\" content=\"https:\/\/www.facebook.com\/compuviper\" \/>\n<meta property=\"article:modified_time\" content=\"2026-04-14T06:46:39+00:00\" \/>\n<meta property=\"og:image\" content=\"https:\/\/compuviper.mx\/tienda\/wp-content\/uploads\/2023\/12\/Monitor-senalizacion-digital-lg-con-panel-ips-uhd-de-86-pulgadas-350-nits-de-brillo-para-uso-167-con-plataforma-de-senalizacin-webos-4.0-con-altavoz-integrado-conectividad-3-hdmi-1-usb.jpg\" \/>\n\t<meta property=\"og:image:width\" content=\"200\" \/>\n\t<meta property=\"og:image:height\" content=\"200\" \/>\n\t<meta property=\"og:image:type\" content=\"image\/jpeg\" \/>\n<meta name=\"twitter:card\" content=\"summary_large_image\" \/>\n<meta name=\"twitter:label1\" content=\"Precio\" \/>\n\t<meta name=\"twitter:data1\" content=\"&#36;29,611 &#36;28,621 con IVA\" \/>\n\t<meta name=\"twitter:label2\" content=\"Availability\" \/>\n\t<meta name=\"twitter:data2\" content=\"In stock\" \/>\n<script type=\"application\/ld+json\" class=\"yoast-schema-graph\">{\"@context\":\"https:\/\/schema.org\",\"@graph\":[{\"@type\":\"WebPage\",\"@id\":\"https:\/\/compuviper.mx\/tienda\/producto\/lg-86ul3j88060848916248806091352910-monitor-sealizacion-digital-con-panel-ips-uhd-de-86-puadas-350-nits-de-brillo-para-uso-16-7-con-plataforma-de-sealizacin-webos-4-0-con-altavoz-integrado-cone\/\",\"url\":\"https:\/\/compuviper.mx\/tienda\/producto\/lg-86ul3j88060848916248806091352910-monitor-sealizacion-digital-con-panel-ips-uhd-de-86-puadas-350-nits-de-brillo-para-uso-16-7-con-plataforma-de-sealizacin-webos-4-0-con-altavoz-integrado-cone\/\",\"name\":\"[ Lg ] &#129351; 86ul3j,8806084891624,8806091352910 Monitor Se\u00f1alizacion Digital Con Panel Ips Uhd De 86 Puadas, 350 Nits De Brillo Para Uso 16\/7 Con Plataforma De Se\u00f1alizacin Webos 4.0, Con Altavoz Integrado Conectividad 3 Hdmi, 1 Usb\",\"isPartOf\":{\"@id\":\"https:\/\/compuviper.mx\/tienda\/#website\"},\"datePublished\":\"2026-04-14T06:46:38+00:00\",\"dateModified\":\"2026-04-14T06:46:39+00:00\",\"description\":\"Compra 86ul3j,8806084891624,8806091352910 Monitor Se\u00f1alizacion Digital Con Panel Ips Uhd De 86 Puadas, 350 Nits De Brillo Para Uso 16\/7 Con Plataforma De Se\u00f1alizacin Webos 4.0, Con Altavoz Integrado Conectividad 3 Hdmi, 1 Usb + Env\u00edo a domicilio + Pago seguro + Garant\u00eda\",\"breadcrumb\":{\"@id\":\"https:\/\/compuviper.mx\/tienda\/producto\/lg-86ul3j88060848916248806091352910-monitor-sealizacion-digital-con-panel-ips-uhd-de-86-puadas-350-nits-de-brillo-para-uso-16-7-con-plataforma-de-sealizacin-webos-4-0-con-altavoz-integrado-cone\/#breadcrumb\"},\"inLanguage\":\"es-MX\",\"potentialAction\":[{\"@type\":\"ReadAction\",\"target\":[\"https:\/\/compuviper.mx\/tienda\/producto\/lg-86ul3j88060848916248806091352910-monitor-sealizacion-digital-con-panel-ips-uhd-de-86-puadas-350-nits-de-brillo-para-uso-16-7-con-plataforma-de-sealizacin-webos-4-0-con-altavoz-integrado-cone\/\"]}]},{\"@type\":\"BreadcrumbList\",\"@id\":\"https:\/\/compuviper.mx\/tienda\/producto\/lg-86ul3j88060848916248806091352910-monitor-sealizacion-digital-con-panel-ips-uhd-de-86-puadas-350-nits-de-brillo-para-uso-16-7-con-plataforma-de-sealizacin-webos-4-0-con-altavoz-integrado-cone\/#breadcrumb\",\"itemListElement\":[{\"@type\":\"ListItem\",\"position\":1,\"name\":\"Inicio\",\"item\":\"https:\/\/compuviper.mx\/tienda\/\"},{\"@type\":\"ListItem\",\"position\":2,\"name\":\"Productos\",\"item\":\"https:\/\/compuviper.mx\/tienda\/productos\/\"},{\"@type\":\"ListItem\",\"position\":3,\"name\":\"Monitores\",\"item\":\"https:\/\/compuviper.mx\/tienda\/categoria-producto\/monitores\/\"},{\"@type\":\"ListItem\",\"position\":4,\"name\":\"Led\",\"item\":\"https:\/\/compuviper.mx\/tienda\/categoria-producto\/monitores\/led\/\"},{\"@type\":\"ListItem\",\"position\":5,\"name\":\"Lg 86ul3j,8806084891624,8806091352910 Monitor Se?alizacion Digital Con Panel Ips Uhd De 86 Puadas, 350 Nits De Brillo Para Uso 16\/7 Con Plataforma De Se?alizacin Webos 4.0, Con Altavoz Integrado Conectividad 3 Hdmi, 1 Usb\"}]},{\"@type\":\"WebSite\",\"@id\":\"https:\/\/compuviper.mx\/tienda\/#website\",\"url\":\"https:\/\/compuviper.mx\/tienda\/\",\"name\":\"Compuviper\",\"description\":\"Proveedor de Computadoras, Laptops, Servidores, Monitores, Puntos de Venta, Teclados,   Impresoras, T\u00f3ner, C\u00e1maras de Seguridad y m\u00e1s en tu tienda en l\u00ednea\",\"publisher\":{\"@id\":\"https:\/\/compuviper.mx\/tienda\/#organization\"},\"potentialAction\":[{\"@type\":\"SearchAction\",\"target\":{\"@type\":\"EntryPoint\",\"urlTemplate\":\"https:\/\/compuviper.mx\/tienda\/?s={search_term_string}\"},\"query-input\":\"required name=search_term_string\"}],\"inLanguage\":\"es-MX\"},{\"@type\":\"Organization\",\"@id\":\"https:\/\/compuviper.mx\/tienda\/#organization\",\"name\":\"Compuviper\",\"url\":\"https:\/\/compuviper.mx\/tienda\/\",\"logo\":{\"@type\":\"ImageObject\",\"inLanguage\":\"es-MX\",\"@id\":\"https:\/\/compuviper.mx\/tienda\/#\/schema\/logo\/image\/\",\"url\":\"https:\/\/compuviper.mx\/tienda\/wp-content\/uploads\/2021\/08\/Logo-Compuviper-10.png\",\"contentUrl\":\"https:\/\/compuviper.mx\/tienda\/wp-content\/uploads\/2021\/08\/Logo-Compuviper-10.png\",\"width\":1000,\"height\":500,\"caption\":\"Compuviper\"},\"image\":{\"@id\":\"https:\/\/compuviper.mx\/tienda\/#\/schema\/logo\/image\/\"},\"sameAs\":[\"https:\/\/www.facebook.com\/compuviper\",\"https:\/\/www.youtube.com\/channel\/UCf73dERp9Y3cfOq7q8BhLjA?view_as=subscriber\"]}]}<\/script>\n<meta property=\"product:brand\" content=\"LG\" \/>\n<meta property=\"product:price:amount\" content=\"28621\" \/>\n<meta property=\"product:price:currency\" content=\"MXN\" \/>\n<meta property=\"og:availability\" content=\"instock\" \/>\n<meta property=\"product:availability\" content=\"instock\" \/>\n<meta property=\"product:retailer_item_id\" content=\"86UL3J,8806084891624,8806091352910\" \/>\n<meta property=\"product:condition\" content=\"new\" \/>\n<!-- \/ Yoast SEO plugin. -->","yoast_head_json":{"title":"[ Lg ] &#129351; 86ul3j,8806084891624,8806091352910 Monitor Se\u00f1alizacion Digital Con Panel Ips Uhd De 86 Puadas, 350 Nits De Brillo Para Uso 16\/7 Con Plataforma De Se\u00f1alizacin Webos 4.0, Con Altavoz Integrado Conectividad 3 Hdmi, 1 Usb","description":"Compra 86ul3j,8806084891624,8806091352910 Monitor Se\u00f1alizacion Digital Con Panel Ips Uhd De 86 Puadas, 350 Nits De Brillo Para Uso 16\/7 Con Plataforma De Se\u00f1alizacin Webos 4.0, Con Altavoz Integrado Conectividad 3 Hdmi, 1 Usb + Env\u00edo a domicilio + Pago seguro + Garant\u00eda","robots":{"index":"index","follow":"follow","max-snippet":"max-snippet:-1","max-image-preview":"max-image-preview:large","max-video-preview":"max-video-preview:-1"},"canonical":"https:\/\/compuviper.mx\/tienda\/producto\/lg-86ul3j88060848916248806091352910-monitor-sealizacion-digital-con-panel-ips-uhd-de-86-puadas-350-nits-de-brillo-para-uso-16-7-con-plataforma-de-sealizacin-webos-4-0-con-altavoz-integrado-cone\/","og_locale":"es_MX","og_type":"article","og_title":"[ Lg ] &#129351; 86ul3j,8806084891624,8806091352910 Monitor Se\u00f1alizacion Digital Con Panel Ips Uhd De 86 Puadas, 350 Nits De Brillo Para Uso 16\/7 Con Plataforma De Se\u00f1alizacin Webos 4.0, Con Altavoz Integrado Conectividad 3 Hdmi, 1 Usb","og_description":"Compra 86ul3j,8806084891624,8806091352910 Monitor Se\u00f1alizacion Digital Con Panel Ips Uhd De 86 Puadas, 350 Nits De Brillo Para Uso 16\/7 Con Plataforma De Se\u00f1alizacin Webos 4.0, Con Altavoz Integrado Conectividad 3 Hdmi, 1 Usb + Env\u00edo a domicilio + Pago seguro + Garant\u00eda","og_url":"https:\/\/compuviper.mx\/tienda\/producto\/lg-86ul3j88060848916248806091352910-monitor-sealizacion-digital-con-panel-ips-uhd-de-86-puadas-350-nits-de-brillo-para-uso-16-7-con-plataforma-de-sealizacin-webos-4-0-con-altavoz-integrado-cone\/","og_site_name":"Compuviper","article_publisher":"https:\/\/www.facebook.com\/compuviper","article_modified_time":"2026-04-14T06:46:39+00:00","og_image":[{"width":200,"height":200,"url":"https:\/\/compuviper.mx\/tienda\/wp-content\/uploads\/2023\/12\/Monitor-senalizacion-digital-lg-con-panel-ips-uhd-de-86-pulgadas-350-nits-de-brillo-para-uso-167-con-plataforma-de-senalizacin-webos-4.0-con-altavoz-integrado-conectividad-3-hdmi-1-usb.jpg","type":"image\/jpeg"}],"twitter_card":"summary_large_image","twitter_misc":{"Precio":"&#36;29,611 &#36;28,621 con IVA","Availability":"In stock"},"schema":{"@context":"https:\/\/schema.org","@graph":[{"@type":"WebPage","@id":"https:\/\/compuviper.mx\/tienda\/producto\/lg-86ul3j88060848916248806091352910-monitor-sealizacion-digital-con-panel-ips-uhd-de-86-puadas-350-nits-de-brillo-para-uso-16-7-con-plataforma-de-sealizacin-webos-4-0-con-altavoz-integrado-cone\/","url":"https:\/\/compuviper.mx\/tienda\/producto\/lg-86ul3j88060848916248806091352910-monitor-sealizacion-digital-con-panel-ips-uhd-de-86-puadas-350-nits-de-brillo-para-uso-16-7-con-plataforma-de-sealizacin-webos-4-0-con-altavoz-integrado-cone\/","name":"[ Lg ] &#129351; 86ul3j,8806084891624,8806091352910 Monitor Se\u00f1alizacion Digital Con Panel Ips Uhd De 86 Puadas, 350 Nits De Brillo Para Uso 16\/7 Con Plataforma De Se\u00f1alizacin Webos 4.0, Con Altavoz Integrado Conectividad 3 Hdmi, 1 Usb","isPartOf":{"@id":"https:\/\/compuviper.mx\/tienda\/#website"},"datePublished":"2026-04-14T06:46:38+00:00","dateModified":"2026-04-14T06:46:39+00:00","description":"Compra 86ul3j,8806084891624,8806091352910 Monitor Se\u00f1alizacion Digital Con Panel Ips Uhd De 86 Puadas, 350 Nits De Brillo Para Uso 16\/7 Con Plataforma De Se\u00f1alizacin Webos 4.0, Con Altavoz Integrado Conectividad 3 Hdmi, 1 Usb + Env\u00edo a domicilio + Pago seguro + Garant\u00eda","breadcrumb":{"@id":"https:\/\/compuviper.mx\/tienda\/producto\/lg-86ul3j88060848916248806091352910-monitor-sealizacion-digital-con-panel-ips-uhd-de-86-puadas-350-nits-de-brillo-para-uso-16-7-con-plataforma-de-sealizacin-webos-4-0-con-altavoz-integrado-cone\/#breadcrumb"},"inLanguage":"es-MX","potentialAction":[{"@type":"ReadAction","target":["https:\/\/compuviper.mx\/tienda\/producto\/lg-86ul3j88060848916248806091352910-monitor-sealizacion-digital-con-panel-ips-uhd-de-86-puadas-350-nits-de-brillo-para-uso-16-7-con-plataforma-de-sealizacin-webos-4-0-con-altavoz-integrado-cone\/"]}]},{"@type":"BreadcrumbList","@id":"https:\/\/compuviper.mx\/tienda\/producto\/lg-86ul3j88060848916248806091352910-monitor-sealizacion-digital-con-panel-ips-uhd-de-86-puadas-350-nits-de-brillo-para-uso-16-7-con-plataforma-de-sealizacin-webos-4-0-con-altavoz-integrado-cone\/#breadcrumb","itemListElement":[{"@type":"ListItem","position":1,"name":"Inicio","item":"https:\/\/compuviper.mx\/tienda\/"},{"@type":"ListItem","position":2,"name":"Productos","item":"https:\/\/compuviper.mx\/tienda\/productos\/"},{"@type":"ListItem","position":3,"name":"Monitores","item":"https:\/\/compuviper.mx\/tienda\/categoria-producto\/monitores\/"},{"@type":"ListItem","position":4,"name":"Led","item":"https:\/\/compuviper.mx\/tienda\/categoria-producto\/monitores\/led\/"},{"@type":"ListItem","position":5,"name":"Lg 86ul3j,8806084891624,8806091352910 Monitor Se?alizacion Digital Con Panel Ips Uhd De 86 Puadas, 350 Nits De Brillo Para Uso 16\/7 Con Plataforma De Se?alizacin Webos 4.0, Con Altavoz Integrado Conectividad 3 Hdmi, 1 Usb"}]},{"@type":"WebSite","@id":"https:\/\/compuviper.mx\/tienda\/#website","url":"https:\/\/compuviper.mx\/tienda\/","name":"Compuviper","description":"Proveedor de Computadoras, Laptops, Servidores, Monitores, Puntos de Venta, Teclados,   Impresoras, T\u00f3ner, C\u00e1maras de Seguridad y m\u00e1s en tu tienda en l\u00ednea","publisher":{"@id":"https:\/\/compuviper.mx\/tienda\/#organization"},"potentialAction":[{"@type":"SearchAction","target":{"@type":"EntryPoint","urlTemplate":"https:\/\/compuviper.mx\/tienda\/?s={search_term_string}"},"query-input":"required name=search_term_string"}],"inLanguage":"es-MX"},{"@type":"Organization","@id":"https:\/\/compuviper.mx\/tienda\/#organization","name":"Compuviper","url":"https:\/\/compuviper.mx\/tienda\/","logo":{"@type":"ImageObject","inLanguage":"es-MX","@id":"https:\/\/compuviper.mx\/tienda\/#\/schema\/logo\/image\/","url":"https:\/\/compuviper.mx\/tienda\/wp-content\/uploads\/2021\/08\/Logo-Compuviper-10.png","contentUrl":"https:\/\/compuviper.mx\/tienda\/wp-content\/uploads\/2021\/08\/Logo-Compuviper-10.png","width":1000,"height":500,"caption":"Compuviper"},"image":{"@id":"https:\/\/compuviper.mx\/tienda\/#\/schema\/logo\/image\/"},"sameAs":["https:\/\/www.facebook.com\/compuviper","https:\/\/www.youtube.com\/channel\/UCf73dERp9Y3cfOq7q8BhLjA?view_as=subscriber"]}]},"product_brand":"LG","product_price_amount":"28621","product_price_currency":"MXN","og_availability":"instock","product_availability":"instock","product_retailer_item_id":"86UL3J,8806084891624,8806091352910","product_condition":"new"},"_links":{"self":[{"href":"https:\/\/compuviper.mx\/tienda\/wp-json\/wp\/v2\/product\/219719"}],"collection":[{"href":"https:\/\/compuviper.mx\/tienda\/wp-json\/wp\/v2\/product"}],"about":[{"href":"https:\/\/compuviper.mx\/tienda\/wp-json\/wp\/v2\/types\/product"}],"replies":[{"embeddable":true,"href":"https:\/\/compuviper.mx\/tienda\/wp-json\/wp\/v2\/comments?post=219719"}],"wp:featuredmedia":[{"embeddable":true,"href":"https:\/\/compuviper.mx\/tienda\/wp-json\/wp\/v2\/media\/219720"}],"wp:attachment":[{"href":"https:\/\/compuviper.mx\/tienda\/wp-json\/wp\/v2\/media?parent=219719"}],"wp:term":[{"taxonomy":"product_cat","embeddable":true,"href":"https:\/\/compuviper.mx\/tienda\/wp-json\/wp\/v2\/product_cat?post=219719"},{"taxonomy":"product_tag","embeddable":true,"href":"https:\/\/compuviper.mx\/tienda\/wp-json\/wp\/v2\/product_tag?post=219719"}],"curies":[{"name":"wp","href":"https:\/\/api.w.org\/{rel}","templated":true}]}}