{"id":219705,"date":"2026-04-10T00:42:54","date_gmt":"2026-04-10T06:42:54","guid":{"rendered":"https:\/\/compuviper.mx\/tienda\/producto\/viewsonic-td2423d-monitor-touch-tecnologia-infrarroja-10-puntos-tactiles-24-pulgadas-full-hd-1920-x-1080-vga-hdmi-vesa-cable-hdmi-cable-usb-a-a-usb-b-3-aos-de-garantia\/"},"modified":"2026-04-10T00:42:54","modified_gmt":"2026-04-10T06:42:54","slug":"viewsonic-td2423d-monitor-touch-tecnologia-infrarroja-10-puntos-tactiles-24-pulgadas-full-hd-1920-x-1080-vga-hdmi-vesa-cable-hdmi-cable-usb-a-a-usb-b-3-aos-de-garantia","status":"publish","type":"product","link":"https:\/\/compuviper.mx\/tienda\/producto\/viewsonic-td2423d-monitor-touch-tecnologia-infrarroja-10-puntos-tactiles-24-pulgadas-full-hd-1920-x-1080-vga-hdmi-vesa-cable-hdmi-cable-usb-a-a-usb-b-3-aos-de-garantia\/","title":{"rendered":"Viewsonic Td2423d Monitor Touch  \/ Tecnologia Infrarroja\/ 10 Puntos Tactiles\/ 24 Pulgadas\/ Full Hd \/ 1920 X 1080 \/ Vga \/ Hdmi \/ Vesa \/ Cable Hdmi \/cable Usb-a A Usb-b\/ 3 A?os De Garantia"},"content":{"rendered":"<table class=\"descripcion\">\n<tr>\n<td>Pantalla<\/td>\n<\/tr>\n<tr>\n<td>Tama\u00f1o de pantalla (pulg.)<\/td>\n<\/tr>\n<tr>\n<td>24<\/td>\n<\/tr>\n<tr>\n<td>\u00e1rea visible (in)<\/td>\n<\/tr>\n<tr>\n<td>24<\/td>\n<\/tr>\n<tr>\n<td>Tipo de panel<\/td>\n<\/tr>\n<tr>\n<td>Mva<\/td>\n<\/tr>\n<tr>\n<td>Resoluci\u00f3n<\/td>\n<\/tr>\n<tr>\n<td>1920 x 1080<\/td>\n<\/tr>\n<tr>\n<td>Tipo de resoluci\u00f3n<\/td>\n<\/tr>\n<tr>\n<td>Full hd (1920&#215;1080)<\/td>\n<\/tr>\n<tr>\n<td>Relaci\u00f3n de contraste est\u00e1tico<\/td>\n<\/tr>\n<tr>\n<td>3.000:1<\/td>\n<\/tr>\n<tr>\n<td>Fuente de luz<\/td>\n<\/tr>\n<tr>\n<td>Led<\/td>\n<\/tr>\n<tr>\n<td>Brillantez<\/td>\n<\/tr>\n<tr>\n<td>250 cd\/m2<\/td>\n<\/tr>\n<tr>\n<td>Colores<\/td>\n<\/tr>\n<tr>\n<td>16, 7 m<\/td>\n<\/tr>\n<tr>\n<td>Soporte de espacio de color<\/td>\n<\/tr>\n<tr>\n<td>8 bits<\/td>\n<\/tr>\n<tr>\n<td>Proporci\u00f3n dimensional<\/td>\n<\/tr>\n<tr>\n<td>16:9<\/td>\n<\/tr>\n<tr>\n<td>Tiempo de respuesta (gtg t\u00edpico):<\/td>\n<\/tr>\n<tr>\n<td>7 ms<\/td>\n<\/tr>\n<tr>\n<td>\u00e1ngulos de visi\u00f3n<\/td>\n<\/tr>\n<tr>\n<td>178\u00ba horizontal, 178\u00ba vertical<\/td>\n<\/tr>\n<tr>\n<td>Vida \u00fatil de la retroiluminaci\u00f3n (horas)<\/td>\n<\/tr>\n<tr>\n<td>30.000<\/td>\n<\/tr>\n<tr>\n<td>Conector<\/td>\n<\/tr>\n<tr>\n<td>Usb tipo a<\/td>\n<\/tr>\n<tr>\n<td>2<\/td>\n<\/tr>\n<tr>\n<td>Usb tipo b<\/td>\n<\/tr>\n<tr>\n<td>1<\/td>\n<\/tr>\n<tr>\n<td>Entrada de audio de 3,5 mm<\/td>\n<\/tr>\n<tr>\n<td>1<\/td>\n<\/tr>\n<tr>\n<td>Salida de audio de 3,5 mm<\/td>\n<\/tr>\n<tr>\n<td>1<\/td>\n<\/tr>\n<tr>\n<td>Vga<\/td>\n<\/tr>\n<tr>\n<td>1<\/td>\n<\/tr>\n<tr>\n<td>Hdmi 1.4 in<\/td>\n<\/tr>\n<tr>\n<td>1<\/td>\n<\/tr>\n<tr>\n<td>Displayport<\/td>\n<\/tr>\n<tr>\n<td>1<\/td>\n<\/tr>\n<tr>\n<td>T\u00e1ctil<\/td>\n<\/tr>\n<tr>\n<td>Tecnolog\u00eda t\u00e1ctil<\/td>\n<\/tr>\n<tr>\n<td>Infrarrojo<\/td>\n<\/tr>\n<tr>\n<td>Puntos t\u00e1ctiles<\/td>\n<\/tr>\n<tr>\n<td>T\u00e1ctil de 10 puntos<\/td>\n<\/tr>\n<tr>\n<td>Audio<\/td>\n<\/tr>\n<tr>\n<td>Altavoces internos<\/td>\n<\/tr>\n<tr>\n<td>2w (x2)<\/td>\n<\/tr>\n<tr>\n<td>Alimentaci\u00f3n<\/td>\n<\/tr>\n<tr>\n<td>Eco mode (conservaci\u00f3n)<\/td>\n<\/tr>\n<tr>\n<td>14w<\/td>\n<\/tr>\n<tr>\n<td>Eco mode (optimizada)<\/td>\n<\/tr>\n<tr>\n<td>16w<\/td>\n<\/tr>\n<tr>\n<td>Consumo (t\u00edpico)<\/td>\n<\/tr>\n<tr>\n<td>18w<\/td>\n<\/tr>\n<tr>\n<td>Consumo (m\u00e1x.)<\/td>\n<\/tr>\n<tr>\n<td>21,5 w<\/td>\n<\/tr>\n<tr>\n<td>Voltaje<\/td>\n<\/tr>\n<tr>\n<td>Ca 100-240v (universal), 50-60hz<\/td>\n<\/tr>\n<tr>\n<td>En espera<\/td>\n<\/tr>\n<tr>\n<td>0,5 w<\/td>\n<\/tr>\n<tr>\n<td>Fuente de alimentaci\u00f3n<\/td>\n<\/tr>\n<tr>\n<td>Interna<\/td>\n<\/tr>\n<tr>\n<td>Hardware adicional<\/td>\n<\/tr>\n<tr>\n<td>Ranura de bloqueo kensington<\/td>\n<\/tr>\n<tr>\n<td>1<\/td>\n<\/tr>\n<tr>\n<td>Controles<\/td>\n<\/tr>\n<tr>\n<td>Controles f\u00edsicos<\/td>\n<\/tr>\n<tr>\n<td>1, 2, 3, 4, 5, 6 (alimentaci\u00f3n)<\/td>\n<\/tr>\n<tr>\n<td>Visualizaci\u00f3n en pantalla<\/td>\n<\/tr>\n<tr>\n<td>Ajuste autom\u00e1tico de imagen, contraste\/brillantez, selecci\u00f3n de entrada, ajuste de audio, ajuste de color, informaci\u00f3n, ajuste manual de imagen, ajuste de imagen avanzado, men\u00fa de configuraci\u00f3n, recuperaci\u00f3n de memoria (consultar la gu\u00eda del usuario para la funcionalidad completa de osd)<\/td>\n<\/tr>\n<tr>\n<td>Condiciones de funcionamiento<\/td>\n<\/tr>\n<tr>\n<td>Temperatura<\/td>\n<\/tr>\n<tr>\n<td>32-104 \u00baf (0-40 \u00bac)<\/td>\n<\/tr>\n<tr>\n<td>Humedad (sin condensaci\u00f3n)<\/td>\n<\/tr>\n<tr>\n<td>20-90%<\/td>\n<\/tr>\n<tr>\n<td>Montaje<\/td>\n<\/tr>\n<tr>\n<td>Compatible con vesa<\/td>\n<\/tr>\n<tr>\n<td>100 x 100 mm<\/td>\n<\/tr>\n<tr>\n<td>Se\u00f1al de video<\/td>\n<\/tr>\n<tr>\n<td>Frecuencia horizontal<\/td>\n<\/tr>\n<tr>\n<td>24~82khz<\/td>\n<\/tr>\n<tr>\n<td>Frecuencia vertical<\/td>\n<\/tr>\n<tr>\n<td>50 ~ 75 hz<\/td>\n<\/tr>\n<tr>\n<td>Ergonom\u00eda<\/td>\n<\/tr>\n<tr>\n<td>Inclinaci\u00f3n (hacia adelante\/hacia atr\u00e1s)<\/td>\n<\/tr>\n<tr>\n<td>22\u00ba \/ 38\u00ba<\/td>\n<\/tr>\n<tr>\n<td>Peso (imperial)<\/td>\n<\/tr>\n<tr>\n<td>Neto (lb)<\/td>\n<\/tr>\n<tr>\n<td>11,5<\/td>\n<\/tr>\n<tr>\n<td>Neto sin base (lb)<\/td>\n<\/tr>\n<tr>\n<td>10,3<\/td>\n<\/tr>\n<tr>\n<td>Bruto (lb)<\/td>\n<\/tr>\n<tr>\n<td>15,4<\/td>\n<\/tr>\n<tr>\n<td>Peso (m\u00e9trica)<\/td>\n<\/tr>\n<tr>\n<td>Neto (kg)<\/td>\n<\/tr>\n<tr>\n<td>5,2<\/td>\n<\/tr>\n<tr>\n<td>Neto sin base (kg)<\/td>\n<\/tr>\n<tr>\n<td>4,7<\/td>\n<\/tr>\n<tr>\n<td>Bruto (kg)<\/td>\n<\/tr>\n<tr>\n<td>7,0<\/td>\n<\/tr>\n<tr>\n<td>Dimensiones (imperiales) (ancho x alto x profundidad)<\/td>\n<\/tr>\n<tr>\n<td>Empaque (in)<\/td>\n<\/tr>\n<tr>\n<td>25,4&#215;16,6&#215;6,5<\/td>\n<\/tr>\n<tr>\n<td>F\u00edsicas (in)<\/td>\n<\/tr>\n<tr>\n<td>22,5&#215;13,7&#215;4,0<\/td>\n<\/tr>\n<tr>\n<td>F\u00edsicas sin base (in)<\/td>\n<\/tr>\n<tr>\n<td>22,5&#215;13,7&#215;2,4<\/td>\n<\/tr>\n<tr>\n<td>Dimensiones (m\u00e9tricas) (ancho x alto x profundidad)<\/td>\n<\/tr>\n<tr>\n<td>Empaque (mm)<\/td>\n<\/tr>\n<tr>\n<td>6445,0&#215;422,0x166,0<\/td>\n<\/tr>\n<tr>\n<td>F\u00edsicas (mm)<\/td>\n<\/tr>\n<tr>\n<td>571,0&#215;348,0x101,0<\/td>\n<\/tr>\n<tr>\n<td>F\u00edsicas sin base (mm)<\/td>\n<\/tr>\n<tr>\n<td>571,0&#215;348,0x61,0<\/td>\n<\/tr>\n<tr>\n<td>Aspectos generales<\/td>\n<\/tr>\n<tr>\n<td>Regulaciones<\/td>\n<\/tr>\n<tr>\n<td>Ctuvus, fcc-b, ices003, energy star, epeat, mx-coc, mexico energy<\/td>\n<\/tr>\n<tr>\n<td>Contenido del paquete<\/td>\n<\/tr>\n<tr>\n<td>Td2423d, cable de alimentaci\u00f3n, cable hdmi, cable de subida usb tipo b, gu\u00eda de inicio r\u00e1pido<\/td>\n<\/tr>\n<tr>\n<td>Reciclaje\/eliminaci\u00f3n<\/td>\n<\/tr>\n<tr>\n<td>Deseche de acuerdo con las leyes locales, estatales o federales.<\/td>\n<\/tr>\n<tr>\n<td>Garant\u00eda<\/td>\n<\/tr>\n<tr>\n<td>Garant\u00eda limitada de tres a\u00f1os para repuestos, mano de obra y retroiluminaci\u00f3n<\/td>\n<\/tr>\n<\/table>\n","protected":false},"excerpt":{"rendered":"<p>Excelente en los puntos de venta y otras aplicaciones comerciales y para minoristas, la pantalla t\u00e1ctil \u00f3ptica viewsonic\u00ae td2423d de 24 con tecnolog\u00eda t\u00e1ctil ir de 10 puntos permite a los usuarios realizar acciones con dos dedos, acercar y arrastrar para una navegaci\u00f3n r\u00e1pida e intuitiva. Con una resoluci\u00f3n full hd de 1920&#215;1080, relaci\u00f3n de contraste est\u00e1tico de 1000:1 y resistencia de pantalla de 7h, la td2423d ofrece im\u00e1genes n\u00edtidas y brillantes, combinadas con durabilidad para usos intensivos. Entre las opciones de conectividad flexible, se incluyen los puertos hdmi, displayport, vga, dvi y un concentrador usb para conectar sus perif\u00e9ricos y accesorios. La compatibilidad con montajes vesa ofrece una comodidad y flexibilidad adicional para los soportes y montajes de terceros. A su vez, la funci\u00f3n exclusiva viewmode de viewsonic brinda preajustes intuitivos que ofrecen un rendimiento optimizado de pantalla para diferentes aplicaciones. Adem\u00e1s, a fin de conseguir una mayor productividad, la tecnolog\u00eda sin parpadeos y un filtro de luz azul ayudan a eliminar la fatiga visual cuando el usuario se expone a largos periodos delante de la pantalla. Ya sea en comercios minoristas o implementado en un entorno comercial de alto tr\u00e1fico, su superficie resistente a los ara\u00f1azos permite un uso intensivo y una experiencia t\u00e1ctil de alta calidad. Combine esta pantalla con reproductores multimedia android y windows de viewsonic, y obtenga la soluci\u00f3n perfecta para quioscos.<\/p>\n","protected":false},"featured_media":219706,"comment_status":"open","ping_status":"open","template":"","meta":[],"product_cat":[1740,1742],"product_tag":[1862],"acf":[],"yoast_head":"<!-- This site is optimized with the Yoast SEO plugin v21.7 - https:\/\/yoast.com\/wordpress\/plugins\/seo\/ -->\n<title>[ Viewsonic ] &#129351; Td2423d Monitor Touch \/ Tecnologia Infrarroja\/ 10 Puntos Tactiles\/ 24 Pulgadas\/ Full Hd \/ 1920 X 1080 \/ Vga \/ Hdmi \/ Vesa \/ Cable Hdmi \/cable Usb-a A Usb-b\/ 3 A\u00f1os De Garantia<\/title>\n<meta name=\"description\" content=\"Compra Td2423d Monitor Touch \/ Tecnologia Infrarroja\/ 10 Puntos Tactiles\/ 24 Pulgadas\/ Full Hd \/ 1920 X 1080 \/ Vga \/ Hdmi \/ Vesa \/ Cable Hdmi \/cable Usb-a A Usb-b\/ 3 A\u00f1os De Garantia + Env\u00edo a domicilio + Pago seguro + Garant\u00eda\" \/>\n<meta name=\"robots\" content=\"index, follow, max-snippet:-1, max-image-preview:large, max-video-preview:-1\" \/>\n<link rel=\"canonical\" href=\"https:\/\/compuviper.mx\/tienda\/producto\/viewsonic-td2423d-monitor-touch-tecnologia-infrarroja-10-puntos-tactiles-24-pulgadas-full-hd-1920-x-1080-vga-hdmi-vesa-cable-hdmi-cable-usb-a-a-usb-b-3-aos-de-garantia\/\" \/>\n<meta property=\"og:locale\" content=\"es_MX\" \/>\n<meta property=\"og:type\" content=\"article\" \/>\n<meta property=\"og:title\" content=\"[ Viewsonic ] &#129351; Td2423d Monitor Touch \/ Tecnologia Infrarroja\/ 10 Puntos Tactiles\/ 24 Pulgadas\/ Full Hd \/ 1920 X 1080 \/ Vga \/ Hdmi \/ Vesa \/ Cable Hdmi \/cable Usb-a A Usb-b\/ 3 A\u00f1os De Garantia\" \/>\n<meta property=\"og:description\" content=\"Compra Td2423d Monitor Touch \/ Tecnologia Infrarroja\/ 10 Puntos Tactiles\/ 24 Pulgadas\/ Full Hd \/ 1920 X 1080 \/ Vga \/ Hdmi \/ Vesa \/ Cable Hdmi \/cable Usb-a A Usb-b\/ 3 A\u00f1os De Garantia + Env\u00edo a domicilio + Pago seguro + Garant\u00eda\" \/>\n<meta property=\"og:url\" content=\"https:\/\/compuviper.mx\/tienda\/producto\/viewsonic-td2423d-monitor-touch-tecnologia-infrarroja-10-puntos-tactiles-24-pulgadas-full-hd-1920-x-1080-vga-hdmi-vesa-cable-hdmi-cable-usb-a-a-usb-b-3-aos-de-garantia\/\" \/>\n<meta property=\"og:site_name\" content=\"Compuviper\" \/>\n<meta property=\"article:publisher\" content=\"https:\/\/www.facebook.com\/compuviper\" \/>\n<meta property=\"og:image\" content=\"https:\/\/compuviper.mx\/tienda\/wp-content\/uploads\/2023\/12\/Monitor-touch-viewsonic-td2423d-tecnologia-infrarroja-10-puntos-tactiles-24-pulgadas-full-hd-1920-x-1080-vga-hdmi-vesa-cable-hdmi-cable-usb-a-a-usb-b-3-anos-de-garantia.jpg\" \/>\n\t<meta property=\"og:image:width\" content=\"200\" \/>\n\t<meta property=\"og:image:height\" content=\"200\" \/>\n\t<meta property=\"og:image:type\" content=\"image\/jpeg\" \/>\n<meta name=\"twitter:card\" content=\"summary_large_image\" \/>\n<meta name=\"twitter:label1\" content=\"Precio\" \/>\n\t<meta name=\"twitter:data1\" content=\"&#36;5,784 con IVA\" \/>\n\t<meta name=\"twitter:label2\" content=\"Availability\" \/>\n\t<meta name=\"twitter:data2\" content=\"In stock\" \/>\n<script type=\"application\/ld+json\" class=\"yoast-schema-graph\">{\"@context\":\"https:\/\/schema.org\",\"@graph\":[{\"@type\":\"WebPage\",\"@id\":\"https:\/\/compuviper.mx\/tienda\/producto\/viewsonic-td2423d-monitor-touch-tecnologia-infrarroja-10-puntos-tactiles-24-pulgadas-full-hd-1920-x-1080-vga-hdmi-vesa-cable-hdmi-cable-usb-a-a-usb-b-3-aos-de-garantia\/\",\"url\":\"https:\/\/compuviper.mx\/tienda\/producto\/viewsonic-td2423d-monitor-touch-tecnologia-infrarroja-10-puntos-tactiles-24-pulgadas-full-hd-1920-x-1080-vga-hdmi-vesa-cable-hdmi-cable-usb-a-a-usb-b-3-aos-de-garantia\/\",\"name\":\"[ Viewsonic ] &#129351; Td2423d Monitor Touch \/ Tecnologia Infrarroja\/ 10 Puntos Tactiles\/ 24 Pulgadas\/ Full Hd \/ 1920 X 1080 \/ Vga \/ Hdmi \/ Vesa \/ Cable Hdmi \/cable Usb-a A Usb-b\/ 3 A\u00f1os De Garantia\",\"isPartOf\":{\"@id\":\"https:\/\/compuviper.mx\/tienda\/#website\"},\"datePublished\":\"2026-04-10T06:42:54+00:00\",\"dateModified\":\"2026-04-10T06:42:54+00:00\",\"description\":\"Compra Td2423d Monitor Touch \/ Tecnologia Infrarroja\/ 10 Puntos Tactiles\/ 24 Pulgadas\/ Full Hd \/ 1920 X 1080 \/ Vga \/ Hdmi \/ Vesa \/ Cable Hdmi \/cable Usb-a A Usb-b\/ 3 A\u00f1os De Garantia + Env\u00edo a domicilio + Pago seguro + Garant\u00eda\",\"breadcrumb\":{\"@id\":\"https:\/\/compuviper.mx\/tienda\/producto\/viewsonic-td2423d-monitor-touch-tecnologia-infrarroja-10-puntos-tactiles-24-pulgadas-full-hd-1920-x-1080-vga-hdmi-vesa-cable-hdmi-cable-usb-a-a-usb-b-3-aos-de-garantia\/#breadcrumb\"},\"inLanguage\":\"es-MX\",\"potentialAction\":[{\"@type\":\"ReadAction\",\"target\":[\"https:\/\/compuviper.mx\/tienda\/producto\/viewsonic-td2423d-monitor-touch-tecnologia-infrarroja-10-puntos-tactiles-24-pulgadas-full-hd-1920-x-1080-vga-hdmi-vesa-cable-hdmi-cable-usb-a-a-usb-b-3-aos-de-garantia\/\"]}]},{\"@type\":\"BreadcrumbList\",\"@id\":\"https:\/\/compuviper.mx\/tienda\/producto\/viewsonic-td2423d-monitor-touch-tecnologia-infrarroja-10-puntos-tactiles-24-pulgadas-full-hd-1920-x-1080-vga-hdmi-vesa-cable-hdmi-cable-usb-a-a-usb-b-3-aos-de-garantia\/#breadcrumb\",\"itemListElement\":[{\"@type\":\"ListItem\",\"position\":1,\"name\":\"Inicio\",\"item\":\"https:\/\/compuviper.mx\/tienda\/\"},{\"@type\":\"ListItem\",\"position\":2,\"name\":\"Productos\",\"item\":\"https:\/\/compuviper.mx\/tienda\/productos\/\"},{\"@type\":\"ListItem\",\"position\":3,\"name\":\"Monitores\",\"item\":\"https:\/\/compuviper.mx\/tienda\/categoria-producto\/monitores\/\"},{\"@type\":\"ListItem\",\"position\":4,\"name\":\"Touch Screen\",\"item\":\"https:\/\/compuviper.mx\/tienda\/categoria-producto\/monitores\/touch-screen\/\"},{\"@type\":\"ListItem\",\"position\":5,\"name\":\"Viewsonic Td2423d Monitor Touch \/ Tecnologia Infrarroja\/ 10 Puntos Tactiles\/ 24 Pulgadas\/ Full Hd \/ 1920 X 1080 \/ Vga \/ Hdmi \/ Vesa \/ Cable Hdmi \/cable Usb-a A Usb-b\/ 3 A?os De Garantia\"}]},{\"@type\":\"WebSite\",\"@id\":\"https:\/\/compuviper.mx\/tienda\/#website\",\"url\":\"https:\/\/compuviper.mx\/tienda\/\",\"name\":\"Compuviper\",\"description\":\"Proveedor de Computadoras, Laptops, Servidores, Monitores, Puntos de Venta, Teclados,   Impresoras, T\u00f3ner, C\u00e1maras de Seguridad y m\u00e1s en tu tienda en l\u00ednea\",\"publisher\":{\"@id\":\"https:\/\/compuviper.mx\/tienda\/#organization\"},\"potentialAction\":[{\"@type\":\"SearchAction\",\"target\":{\"@type\":\"EntryPoint\",\"urlTemplate\":\"https:\/\/compuviper.mx\/tienda\/?s={search_term_string}\"},\"query-input\":\"required name=search_term_string\"}],\"inLanguage\":\"es-MX\"},{\"@type\":\"Organization\",\"@id\":\"https:\/\/compuviper.mx\/tienda\/#organization\",\"name\":\"Compuviper\",\"url\":\"https:\/\/compuviper.mx\/tienda\/\",\"logo\":{\"@type\":\"ImageObject\",\"inLanguage\":\"es-MX\",\"@id\":\"https:\/\/compuviper.mx\/tienda\/#\/schema\/logo\/image\/\",\"url\":\"https:\/\/compuviper.mx\/tienda\/wp-content\/uploads\/2021\/08\/Logo-Compuviper-10.png\",\"contentUrl\":\"https:\/\/compuviper.mx\/tienda\/wp-content\/uploads\/2021\/08\/Logo-Compuviper-10.png\",\"width\":1000,\"height\":500,\"caption\":\"Compuviper\"},\"image\":{\"@id\":\"https:\/\/compuviper.mx\/tienda\/#\/schema\/logo\/image\/\"},\"sameAs\":[\"https:\/\/www.facebook.com\/compuviper\",\"https:\/\/www.youtube.com\/channel\/UCf73dERp9Y3cfOq7q8BhLjA?view_as=subscriber\"]}]}<\/script>\n<meta property=\"product:brand\" content=\"VIEWSONIC\" \/>\n<meta property=\"product:price:amount\" content=\"5784\" \/>\n<meta property=\"product:price:currency\" content=\"MXN\" \/>\n<meta property=\"og:availability\" content=\"instock\" \/>\n<meta property=\"product:availability\" content=\"instock\" \/>\n<meta property=\"product:retailer_item_id\" content=\"TD2423D\" \/>\n<meta property=\"product:condition\" content=\"new\" \/>\n<!-- \/ Yoast SEO plugin. -->","yoast_head_json":{"title":"[ Viewsonic ] &#129351; Td2423d Monitor Touch \/ Tecnologia Infrarroja\/ 10 Puntos Tactiles\/ 24 Pulgadas\/ Full Hd \/ 1920 X 1080 \/ Vga \/ Hdmi \/ Vesa \/ Cable Hdmi \/cable Usb-a A Usb-b\/ 3 A\u00f1os De Garantia","description":"Compra Td2423d Monitor Touch \/ Tecnologia Infrarroja\/ 10 Puntos Tactiles\/ 24 Pulgadas\/ Full Hd \/ 1920 X 1080 \/ Vga \/ Hdmi \/ Vesa \/ Cable Hdmi \/cable Usb-a A Usb-b\/ 3 A\u00f1os De Garantia + Env\u00edo a domicilio + Pago seguro + Garant\u00eda","robots":{"index":"index","follow":"follow","max-snippet":"max-snippet:-1","max-image-preview":"max-image-preview:large","max-video-preview":"max-video-preview:-1"},"canonical":"https:\/\/compuviper.mx\/tienda\/producto\/viewsonic-td2423d-monitor-touch-tecnologia-infrarroja-10-puntos-tactiles-24-pulgadas-full-hd-1920-x-1080-vga-hdmi-vesa-cable-hdmi-cable-usb-a-a-usb-b-3-aos-de-garantia\/","og_locale":"es_MX","og_type":"article","og_title":"[ Viewsonic ] &#129351; Td2423d Monitor Touch \/ Tecnologia Infrarroja\/ 10 Puntos Tactiles\/ 24 Pulgadas\/ Full Hd \/ 1920 X 1080 \/ Vga \/ Hdmi \/ Vesa \/ Cable Hdmi \/cable Usb-a A Usb-b\/ 3 A\u00f1os De Garantia","og_description":"Compra Td2423d Monitor Touch \/ Tecnologia Infrarroja\/ 10 Puntos Tactiles\/ 24 Pulgadas\/ Full Hd \/ 1920 X 1080 \/ Vga \/ Hdmi \/ Vesa \/ Cable Hdmi \/cable Usb-a A Usb-b\/ 3 A\u00f1os De Garantia + Env\u00edo a domicilio + Pago seguro + Garant\u00eda","og_url":"https:\/\/compuviper.mx\/tienda\/producto\/viewsonic-td2423d-monitor-touch-tecnologia-infrarroja-10-puntos-tactiles-24-pulgadas-full-hd-1920-x-1080-vga-hdmi-vesa-cable-hdmi-cable-usb-a-a-usb-b-3-aos-de-garantia\/","og_site_name":"Compuviper","article_publisher":"https:\/\/www.facebook.com\/compuviper","og_image":[{"width":200,"height":200,"url":"https:\/\/compuviper.mx\/tienda\/wp-content\/uploads\/2023\/12\/Monitor-touch-viewsonic-td2423d-tecnologia-infrarroja-10-puntos-tactiles-24-pulgadas-full-hd-1920-x-1080-vga-hdmi-vesa-cable-hdmi-cable-usb-a-a-usb-b-3-anos-de-garantia.jpg","type":"image\/jpeg"}],"twitter_card":"summary_large_image","twitter_misc":{"Precio":"&#36;5,784 con IVA","Availability":"In stock"},"schema":{"@context":"https:\/\/schema.org","@graph":[{"@type":"WebPage","@id":"https:\/\/compuviper.mx\/tienda\/producto\/viewsonic-td2423d-monitor-touch-tecnologia-infrarroja-10-puntos-tactiles-24-pulgadas-full-hd-1920-x-1080-vga-hdmi-vesa-cable-hdmi-cable-usb-a-a-usb-b-3-aos-de-garantia\/","url":"https:\/\/compuviper.mx\/tienda\/producto\/viewsonic-td2423d-monitor-touch-tecnologia-infrarroja-10-puntos-tactiles-24-pulgadas-full-hd-1920-x-1080-vga-hdmi-vesa-cable-hdmi-cable-usb-a-a-usb-b-3-aos-de-garantia\/","name":"[ Viewsonic ] &#129351; Td2423d Monitor Touch \/ Tecnologia Infrarroja\/ 10 Puntos Tactiles\/ 24 Pulgadas\/ Full Hd \/ 1920 X 1080 \/ Vga \/ Hdmi \/ Vesa \/ Cable Hdmi \/cable Usb-a A Usb-b\/ 3 A\u00f1os De Garantia","isPartOf":{"@id":"https:\/\/compuviper.mx\/tienda\/#website"},"datePublished":"2026-04-10T06:42:54+00:00","dateModified":"2026-04-10T06:42:54+00:00","description":"Compra Td2423d Monitor Touch \/ Tecnologia Infrarroja\/ 10 Puntos Tactiles\/ 24 Pulgadas\/ Full Hd \/ 1920 X 1080 \/ Vga \/ Hdmi \/ Vesa \/ Cable Hdmi \/cable Usb-a A Usb-b\/ 3 A\u00f1os De Garantia + Env\u00edo a domicilio + Pago seguro + Garant\u00eda","breadcrumb":{"@id":"https:\/\/compuviper.mx\/tienda\/producto\/viewsonic-td2423d-monitor-touch-tecnologia-infrarroja-10-puntos-tactiles-24-pulgadas-full-hd-1920-x-1080-vga-hdmi-vesa-cable-hdmi-cable-usb-a-a-usb-b-3-aos-de-garantia\/#breadcrumb"},"inLanguage":"es-MX","potentialAction":[{"@type":"ReadAction","target":["https:\/\/compuviper.mx\/tienda\/producto\/viewsonic-td2423d-monitor-touch-tecnologia-infrarroja-10-puntos-tactiles-24-pulgadas-full-hd-1920-x-1080-vga-hdmi-vesa-cable-hdmi-cable-usb-a-a-usb-b-3-aos-de-garantia\/"]}]},{"@type":"BreadcrumbList","@id":"https:\/\/compuviper.mx\/tienda\/producto\/viewsonic-td2423d-monitor-touch-tecnologia-infrarroja-10-puntos-tactiles-24-pulgadas-full-hd-1920-x-1080-vga-hdmi-vesa-cable-hdmi-cable-usb-a-a-usb-b-3-aos-de-garantia\/#breadcrumb","itemListElement":[{"@type":"ListItem","position":1,"name":"Inicio","item":"https:\/\/compuviper.mx\/tienda\/"},{"@type":"ListItem","position":2,"name":"Productos","item":"https:\/\/compuviper.mx\/tienda\/productos\/"},{"@type":"ListItem","position":3,"name":"Monitores","item":"https:\/\/compuviper.mx\/tienda\/categoria-producto\/monitores\/"},{"@type":"ListItem","position":4,"name":"Touch Screen","item":"https:\/\/compuviper.mx\/tienda\/categoria-producto\/monitores\/touch-screen\/"},{"@type":"ListItem","position":5,"name":"Viewsonic Td2423d Monitor Touch \/ Tecnologia Infrarroja\/ 10 Puntos Tactiles\/ 24 Pulgadas\/ Full Hd \/ 1920 X 1080 \/ Vga \/ Hdmi \/ Vesa \/ Cable Hdmi \/cable Usb-a A Usb-b\/ 3 A?os De Garantia"}]},{"@type":"WebSite","@id":"https:\/\/compuviper.mx\/tienda\/#website","url":"https:\/\/compuviper.mx\/tienda\/","name":"Compuviper","description":"Proveedor de Computadoras, Laptops, Servidores, Monitores, Puntos de Venta, Teclados,   Impresoras, T\u00f3ner, C\u00e1maras de Seguridad y m\u00e1s en tu tienda en l\u00ednea","publisher":{"@id":"https:\/\/compuviper.mx\/tienda\/#organization"},"potentialAction":[{"@type":"SearchAction","target":{"@type":"EntryPoint","urlTemplate":"https:\/\/compuviper.mx\/tienda\/?s={search_term_string}"},"query-input":"required name=search_term_string"}],"inLanguage":"es-MX"},{"@type":"Organization","@id":"https:\/\/compuviper.mx\/tienda\/#organization","name":"Compuviper","url":"https:\/\/compuviper.mx\/tienda\/","logo":{"@type":"ImageObject","inLanguage":"es-MX","@id":"https:\/\/compuviper.mx\/tienda\/#\/schema\/logo\/image\/","url":"https:\/\/compuviper.mx\/tienda\/wp-content\/uploads\/2021\/08\/Logo-Compuviper-10.png","contentUrl":"https:\/\/compuviper.mx\/tienda\/wp-content\/uploads\/2021\/08\/Logo-Compuviper-10.png","width":1000,"height":500,"caption":"Compuviper"},"image":{"@id":"https:\/\/compuviper.mx\/tienda\/#\/schema\/logo\/image\/"},"sameAs":["https:\/\/www.facebook.com\/compuviper","https:\/\/www.youtube.com\/channel\/UCf73dERp9Y3cfOq7q8BhLjA?view_as=subscriber"]}]},"product_brand":"VIEWSONIC","product_price_amount":"5784","product_price_currency":"MXN","og_availability":"instock","product_availability":"instock","product_retailer_item_id":"TD2423D","product_condition":"new"},"_links":{"self":[{"href":"https:\/\/compuviper.mx\/tienda\/wp-json\/wp\/v2\/product\/219705"}],"collection":[{"href":"https:\/\/compuviper.mx\/tienda\/wp-json\/wp\/v2\/product"}],"about":[{"href":"https:\/\/compuviper.mx\/tienda\/wp-json\/wp\/v2\/types\/product"}],"replies":[{"embeddable":true,"href":"https:\/\/compuviper.mx\/tienda\/wp-json\/wp\/v2\/comments?post=219705"}],"wp:featuredmedia":[{"embeddable":true,"href":"https:\/\/compuviper.mx\/tienda\/wp-json\/wp\/v2\/media\/219706"}],"wp:attachment":[{"href":"https:\/\/compuviper.mx\/tienda\/wp-json\/wp\/v2\/media?parent=219705"}],"wp:term":[{"taxonomy":"product_cat","embeddable":true,"href":"https:\/\/compuviper.mx\/tienda\/wp-json\/wp\/v2\/product_cat?post=219705"},{"taxonomy":"product_tag","embeddable":true,"href":"https:\/\/compuviper.mx\/tienda\/wp-json\/wp\/v2\/product_tag?post=219705"}],"curies":[{"name":"wp","href":"https:\/\/api.w.org\/{rel}","templated":true}]}}