{"id":219627,"date":"2026-04-21T00:57:30","date_gmt":"2026-04-21T06:57:30","guid":{"rendered":"https:\/\/compuviper.mx\/tienda\/producto\/viewsonic-td2430-monitor-touch-tecnologia-capacitiva-24-pulgadas-full-hd-1920-x-1080-vga-hdmi-vesa-cable-hdmi-cable-usb-a-a-usb-b-3-aos-de-garantia\/"},"modified":"2026-04-21T00:57:30","modified_gmt":"2026-04-21T06:57:30","slug":"viewsonic-td2430-monitor-touch-tecnologia-capacitiva-24-pulgadas-full-hd-1920-x-1080-vga-hdmi-vesa-cable-hdmi-cable-usb-a-a-usb-b-3-aos-de-garantia","status":"publish","type":"product","link":"https:\/\/compuviper.mx\/tienda\/producto\/viewsonic-td2430-monitor-touch-tecnologia-capacitiva-24-pulgadas-full-hd-1920-x-1080-vga-hdmi-vesa-cable-hdmi-cable-usb-a-a-usb-b-3-aos-de-garantia\/","title":{"rendered":"Viewsonic Td2430 Monitor Touch  \/ Tecnologia Capacitiva\/ 24 Pulgadas\/ Full Hd \/ 1920 X 1080 \/ Vga \/ Hdmi \/ Vesa \/ Cable Hdmi \/cable Usb-a A Usb-b\/ 3 A?os De Garantia"},"content":{"rendered":"<table class=\"descripcion\">\n<tr>\n<td>Tamao 24 pulgadas en diagonal<\/td>\n<\/tr>\n<tr>\n<td>Tipo de panel mva<\/td>\n<\/tr>\n<tr>\n<td>Resolucion 1920 x 1080<\/td>\n<\/tr>\n<tr>\n<td>Relacion de contraste estatico 3000:1<\/td>\n<\/tr>\n<tr>\n<td>Tiempo de respuesta 25 ms<\/td>\n<\/tr>\n<tr>\n<td>Especificaciones completas:<\/td>\n<\/tr>\n<tr>\n<td>Relacion de contraste dinamico 50.000.000:1<\/td>\n<\/tr>\n<tr>\n<td>Fuente de luz led<\/td>\n<\/tr>\n<tr>\n<td>Colores 16.7m<\/td>\n<\/tr>\n<tr>\n<td>Brillantez 250 cd\/m2<\/td>\n<\/tr>\n<tr>\n<td>Colores 16.7m<\/td>\n<\/tr>\n<tr>\n<td>Proporcion dimensional 16:9<\/td>\n<\/tr>\n<tr>\n<td>Tiempo de respuesta 25 ms<\/td>\n<\/tr>\n<tr>\n<td>Angulos de vision 178\u00b0horizontal 178\u00b0 vertical<\/td>\n<\/tr>\n<tr>\n<td>Vida util de la retroiluminacion 40.000 hrs<\/td>\n<\/tr>\n<tr>\n<td>Superficie de panel hard coating 7h, resistente a araazos<\/td>\n<\/tr>\n<tr>\n<td>Compatibilidad<\/td>\n<\/tr>\n<tr>\n<td>Resolucion de pc max 1920 x 1080<\/td>\n<\/tr>\n<tr>\n<td>Toque<\/td>\n<\/tr>\n<tr>\n<td>Tecnologia tactil proyectiva capacitiva<\/td>\n<\/tr>\n<tr>\n<td>Puntos de contacto 10 puntos de toque<\/td>\n<\/tr>\n<tr>\n<td>Conector<\/td>\n<\/tr>\n<tr>\n<td>Usb 3.0 tipo a: 2<\/td>\n<\/tr>\n<tr>\n<td>Usb 3.0 tipo b: 1<\/td>\n<\/tr>\n<tr>\n<td>Vga 1<\/td>\n<\/tr>\n<tr>\n<td>Hdm 1.4 with cec 1<\/td>\n<\/tr>\n<tr>\n<td>Display port 1<\/td>\n<\/tr>\n<tr>\n<td>Audio<\/td>\n<\/tr>\n<tr>\n<td>Altavoces internos 2.5w x2<\/td>\n<\/tr>\n<tr>\n<td>Seal de video<\/td>\n<\/tr>\n<tr>\n<td>Frecuencia horizontal<\/td>\n<\/tr>\n<tr>\n<td>Analogico 24-82hz, digital 15-82hz<\/td>\n<\/tr>\n<tr>\n<td>Frecuencia vertical<\/td>\n<\/tr>\n<tr>\n<td>Analogico 50-75hz, digital 24-75hz<\/td>\n<\/tr>\n<tr>\n<td>Entrada de video<\/td>\n<\/tr>\n<tr>\n<td>Sincronizacion analogica<\/td>\n<\/tr>\n<tr>\n<td>Sincronizacion separada\/sincronizacion compuesta<\/td>\n<\/tr>\n<tr>\n<td>Sincornizacion en verde, tmds, pci-e<\/td>\n<\/tr>\n<tr>\n<td>Poder<\/td>\n<\/tr>\n<tr>\n<td>Modo eco conservar 19w<\/td>\n<\/tr>\n<tr>\n<td>Modo eco optimizado 22w<\/td>\n<\/tr>\n<tr>\n<td>Consumo tipico 25w<\/td>\n<\/tr>\n<tr>\n<td>Consumo maximo 28w<\/td>\n<\/tr>\n<tr>\n<td>Voltaje ac 100-240v<\/td>\n<\/tr>\n<tr>\n<td>Colocarse 0.5w<\/td>\n<\/tr>\n<tr>\n<td>Hardware adicional<\/td>\n<\/tr>\n<tr>\n<td>Ranura de bloqueo kensington 1<\/td>\n<\/tr>\n<tr>\n<td>Controles<\/td>\n<\/tr>\n<tr>\n<td>Controles fisicos 1, 2 arriba, abajo, potencia<\/td>\n<\/tr>\n<tr>\n<td>Visualizacion en pantalla<\/td>\n<\/tr>\n<tr>\n<td>Ajuste automatico de imagen, contraste\/brillantez,<\/td>\n<\/tr>\n<tr>\n<td>Seleccion de entrada, ajuste de audio, ajuste de color,<\/td>\n<\/tr>\n<tr>\n<td>Informacion, ajuste manual de imagen, ajuste de imagen<\/td>\n<\/tr>\n<tr>\n<td>Avanzado, menu de configuracion, recuperacion de memoria.<\/td>\n<\/tr>\n<tr>\n<td>Condiciones de funcionamiento<\/td>\n<\/tr>\n<tr>\n<td>Temperatura 0-40\u00b0c 32-104\u00b0f<\/td>\n<\/tr>\n<tr>\n<td>Humedad sin condensacion<\/td>\n<\/tr>\n<tr>\n<td>20-90<\/td>\n<\/tr>\n<tr>\n<td>Montaje<\/td>\n<\/tr>\n<tr>\n<td>Vesa 100 x 100 mm<\/td>\n<\/tr>\n<tr>\n<td>Peso<\/td>\n<\/tr>\n<tr>\n<td>Neto sin soporte  5.5 kg<\/td>\n<\/tr>\n<tr>\n<td>Bruto 7.1 kg<\/td>\n<\/tr>\n<tr>\n<td>Dimensiones ancho x alto x profundidad<\/td>\n<\/tr>\n<tr>\n<td>Empaque mm<\/td>\n<\/tr>\n<tr>\n<td>643 x 435 x 140<\/td>\n<\/tr>\n<tr>\n<td>Fisicas mm<\/td>\n<\/tr>\n<tr>\n<td>573 x 353 x 47<\/td>\n<\/tr>\n<tr>\n<td>Aspectos generales<\/td>\n<\/tr>\n<tr>\n<td>Regulaciones<\/td>\n<\/tr>\n<tr>\n<td>Ctuvus, fcc-b con ices003, doe energy star 7.0, doe epeat, tuv-mx-coc, mxico energy, nrcan<\/td>\n<\/tr>\n<tr>\n<td>Contenido del paquete<\/td>\n<\/tr>\n<tr>\n<td>Monitor td2430, adaptador de corriente ca\/cc, cable de alimentacion cable hdmi, cable ascendente usb 3.0 cable de audio, guia de inicio rapido, cd-rom del asistente viewsonic opcional<\/td>\n<\/tr>\n<\/table>\n","protected":false},"excerpt":{"rendered":"<p>Colocado plano o en \u00e1ngulo para una comodidad personalizada, esta pantalla ofrece versatilidad de pantalla t\u00e1ctil al m\u00e1ximo. Ofreciendo una flexibilidad fant\u00e1stica para la configuracin comercial, educativa o comercial, la viewsonic\u00ae td2430 es una pantalla full hd de 24 23,6 visibles con funcionalidad multit\u00e1ctil de 10 puntos. Ofreciendo un posicionamiento ajustable, una visin de gran angular y un diseo duradero, el td2430 tiene todo para satisfacer sus necesidades nicas. Agregando an m\u00e1s conveniencia, la compatibilidad cruzada con una amplia gama de sistemas operativos incluye windows 10 y ciertas versiones de android y linux.  Con una elegante pantalla de borde a borde sin marcos, esta pantalla t\u00e1ctil intuitiva funciona como su tableta o telfono inteligente favorito para ofrecer una experiencia t\u00e1ctil altamente precisa y ultra sensible, ideal para la interactividad en entornos pblicos, quioscos y aplicaciones de orientacin, aulas, y m\u00e1s.  Compatible con windows 7\/8\/10, linux 2.6.38 o posterior y android 4.0 o posterior. Multi-touch de 10 puntos. Las pantallas t\u00e1ctiles con toque capacitivo proyectado pueden reconocer hasta 10 puntos de contacto simult\u00e1neo, lo que permite una experiencia t\u00e1ctil altamente precisa y ultra sensible. Con capacidades t\u00e1ctiles suaves y receptivas, esta pantalla t\u00e1ctil es ideal para entretenimiento en el hogar, trabajo de oficina, educacin y uso comercial. Tecnologa de panel superclear \u00ae mva. Disfruta de colores precisos y vivos con niveles consistentes de brillo sin importar el punto de vista. Con la tecnologa de panel superclear mva, este monitor ofrece la misma calidad de imagen, ya sea que est mirando la pantalla desde arriba, abajo, de frente o de lado. Diseo sin marco. Este monitor cuenta con una pantalla de borde a borde sin marco que ofrece una experiencia de visualizacin inmersiva. Con su diseo elegante y llamativo, este monitor se ve tan bien como funciona. Conectividad vers\u00e1til. Las entradas displayport, hdmi y vga le dan la libertad de conectar su pantalla a una variedad de dispositivos. Pantalla duradera y resistente a los araazos. Esta pantalla t\u00e1ctil est\u00e1 diseada con una placa frontal de vidrio duradera y protectora. Esto proporciona una mayor proteccin contra araazos para garantizar la durabilidad, as como una experiencia t\u00e1ctil consistente y de alta calidad en \u00e1reas de alto tr\u00e1fico como entornos educativos u otros entornos pblicos donde la pantalla t\u00e1ctil se puede usar como un quiosco.<\/p>\n","protected":false},"featured_media":219628,"comment_status":"open","ping_status":"open","template":"","meta":[],"product_cat":[1740,1742],"product_tag":[1862],"acf":[],"yoast_head":"<!-- This site is optimized with the Yoast SEO plugin v21.7 - https:\/\/yoast.com\/wordpress\/plugins\/seo\/ -->\n<title>[ Viewsonic ] &#129351; Td2430 Monitor Touch \/ Tecnologia Capacitiva\/ 24 Pulgadas\/ Full Hd \/ 1920 X 1080 \/ Vga \/ Hdmi \/ Vesa \/ Cable Hdmi \/cable Usb-a A Usb-b\/ 3 A\u00f1os De Garantia<\/title>\n<meta name=\"description\" content=\"Compra Td2430 Monitor Touch \/ Tecnologia Capacitiva\/ 24 Pulgadas\/ Full Hd \/ 1920 X 1080 \/ Vga \/ Hdmi \/ Vesa \/ Cable Hdmi \/cable Usb-a A Usb-b\/ 3 A\u00f1os De Garantia + Env\u00edo a domicilio + Pago seguro + Garant\u00eda\" \/>\n<meta name=\"robots\" content=\"index, follow, max-snippet:-1, max-image-preview:large, max-video-preview:-1\" \/>\n<link rel=\"canonical\" href=\"https:\/\/compuviper.mx\/tienda\/producto\/viewsonic-td2430-monitor-touch-tecnologia-capacitiva-24-pulgadas-full-hd-1920-x-1080-vga-hdmi-vesa-cable-hdmi-cable-usb-a-a-usb-b-3-aos-de-garantia\/\" \/>\n<meta property=\"og:locale\" content=\"es_MX\" \/>\n<meta property=\"og:type\" content=\"article\" \/>\n<meta property=\"og:title\" content=\"[ Viewsonic ] &#129351; Td2430 Monitor Touch \/ Tecnologia Capacitiva\/ 24 Pulgadas\/ Full Hd \/ 1920 X 1080 \/ Vga \/ Hdmi \/ Vesa \/ Cable Hdmi \/cable Usb-a A Usb-b\/ 3 A\u00f1os De Garantia\" \/>\n<meta property=\"og:description\" content=\"Compra Td2430 Monitor Touch \/ Tecnologia Capacitiva\/ 24 Pulgadas\/ Full Hd \/ 1920 X 1080 \/ Vga \/ Hdmi \/ Vesa \/ Cable Hdmi \/cable Usb-a A Usb-b\/ 3 A\u00f1os De Garantia + Env\u00edo a domicilio + Pago seguro + Garant\u00eda\" \/>\n<meta property=\"og:url\" content=\"https:\/\/compuviper.mx\/tienda\/producto\/viewsonic-td2430-monitor-touch-tecnologia-capacitiva-24-pulgadas-full-hd-1920-x-1080-vga-hdmi-vesa-cable-hdmi-cable-usb-a-a-usb-b-3-aos-de-garantia\/\" \/>\n<meta property=\"og:site_name\" content=\"Compuviper\" \/>\n<meta property=\"article:publisher\" content=\"https:\/\/www.facebook.com\/compuviper\" \/>\n<meta property=\"og:image\" content=\"https:\/\/compuviper.mx\/tienda\/wp-content\/uploads\/2023\/12\/Monitor-touch-viewsonic-td2430-tecnologia-capacitiva-24-pulgadas-full-hd-1920-x-1080-vga-hdmi-vesa-cable-hdmi-cable-usb-a-a-usb-b-3-anos-de-garantia.jpg\" \/>\n\t<meta property=\"og:image:width\" content=\"200\" \/>\n\t<meta property=\"og:image:height\" content=\"200\" \/>\n\t<meta property=\"og:image:type\" content=\"image\/jpeg\" \/>\n<meta name=\"twitter:card\" content=\"summary_large_image\" \/>\n<meta name=\"twitter:label1\" content=\"Precio\" \/>\n\t<meta name=\"twitter:data1\" content=\"&#36;6,051 con IVA\" \/>\n\t<meta name=\"twitter:label2\" content=\"Availability\" \/>\n\t<meta name=\"twitter:data2\" content=\"In stock\" \/>\n<script type=\"application\/ld+json\" class=\"yoast-schema-graph\">{\"@context\":\"https:\/\/schema.org\",\"@graph\":[{\"@type\":\"WebPage\",\"@id\":\"https:\/\/compuviper.mx\/tienda\/producto\/viewsonic-td2430-monitor-touch-tecnologia-capacitiva-24-pulgadas-full-hd-1920-x-1080-vga-hdmi-vesa-cable-hdmi-cable-usb-a-a-usb-b-3-aos-de-garantia\/\",\"url\":\"https:\/\/compuviper.mx\/tienda\/producto\/viewsonic-td2430-monitor-touch-tecnologia-capacitiva-24-pulgadas-full-hd-1920-x-1080-vga-hdmi-vesa-cable-hdmi-cable-usb-a-a-usb-b-3-aos-de-garantia\/\",\"name\":\"[ Viewsonic ] &#129351; Td2430 Monitor Touch \/ Tecnologia Capacitiva\/ 24 Pulgadas\/ Full Hd \/ 1920 X 1080 \/ Vga \/ Hdmi \/ Vesa \/ Cable Hdmi \/cable Usb-a A Usb-b\/ 3 A\u00f1os De Garantia\",\"isPartOf\":{\"@id\":\"https:\/\/compuviper.mx\/tienda\/#website\"},\"datePublished\":\"2026-04-21T06:57:30+00:00\",\"dateModified\":\"2026-04-21T06:57:30+00:00\",\"description\":\"Compra Td2430 Monitor Touch \/ Tecnologia Capacitiva\/ 24 Pulgadas\/ Full Hd \/ 1920 X 1080 \/ Vga \/ Hdmi \/ Vesa \/ Cable Hdmi \/cable Usb-a A Usb-b\/ 3 A\u00f1os De Garantia + Env\u00edo a domicilio + Pago seguro + Garant\u00eda\",\"breadcrumb\":{\"@id\":\"https:\/\/compuviper.mx\/tienda\/producto\/viewsonic-td2430-monitor-touch-tecnologia-capacitiva-24-pulgadas-full-hd-1920-x-1080-vga-hdmi-vesa-cable-hdmi-cable-usb-a-a-usb-b-3-aos-de-garantia\/#breadcrumb\"},\"inLanguage\":\"es-MX\",\"potentialAction\":[{\"@type\":\"ReadAction\",\"target\":[\"https:\/\/compuviper.mx\/tienda\/producto\/viewsonic-td2430-monitor-touch-tecnologia-capacitiva-24-pulgadas-full-hd-1920-x-1080-vga-hdmi-vesa-cable-hdmi-cable-usb-a-a-usb-b-3-aos-de-garantia\/\"]}]},{\"@type\":\"BreadcrumbList\",\"@id\":\"https:\/\/compuviper.mx\/tienda\/producto\/viewsonic-td2430-monitor-touch-tecnologia-capacitiva-24-pulgadas-full-hd-1920-x-1080-vga-hdmi-vesa-cable-hdmi-cable-usb-a-a-usb-b-3-aos-de-garantia\/#breadcrumb\",\"itemListElement\":[{\"@type\":\"ListItem\",\"position\":1,\"name\":\"Inicio\",\"item\":\"https:\/\/compuviper.mx\/tienda\/\"},{\"@type\":\"ListItem\",\"position\":2,\"name\":\"Productos\",\"item\":\"https:\/\/compuviper.mx\/tienda\/productos\/\"},{\"@type\":\"ListItem\",\"position\":3,\"name\":\"Monitores\",\"item\":\"https:\/\/compuviper.mx\/tienda\/categoria-producto\/monitores\/\"},{\"@type\":\"ListItem\",\"position\":4,\"name\":\"Touch Screen\",\"item\":\"https:\/\/compuviper.mx\/tienda\/categoria-producto\/monitores\/touch-screen\/\"},{\"@type\":\"ListItem\",\"position\":5,\"name\":\"Viewsonic Td2430 Monitor Touch \/ Tecnologia Capacitiva\/ 24 Pulgadas\/ Full Hd \/ 1920 X 1080 \/ Vga \/ Hdmi \/ Vesa \/ Cable Hdmi \/cable Usb-a A Usb-b\/ 3 A?os De Garantia\"}]},{\"@type\":\"WebSite\",\"@id\":\"https:\/\/compuviper.mx\/tienda\/#website\",\"url\":\"https:\/\/compuviper.mx\/tienda\/\",\"name\":\"Compuviper\",\"description\":\"Proveedor de Computadoras, Laptops, Servidores, Monitores, Puntos de Venta, Teclados,   Impresoras, T\u00f3ner, C\u00e1maras de Seguridad y m\u00e1s en tu tienda en l\u00ednea\",\"publisher\":{\"@id\":\"https:\/\/compuviper.mx\/tienda\/#organization\"},\"potentialAction\":[{\"@type\":\"SearchAction\",\"target\":{\"@type\":\"EntryPoint\",\"urlTemplate\":\"https:\/\/compuviper.mx\/tienda\/?s={search_term_string}\"},\"query-input\":\"required name=search_term_string\"}],\"inLanguage\":\"es-MX\"},{\"@type\":\"Organization\",\"@id\":\"https:\/\/compuviper.mx\/tienda\/#organization\",\"name\":\"Compuviper\",\"url\":\"https:\/\/compuviper.mx\/tienda\/\",\"logo\":{\"@type\":\"ImageObject\",\"inLanguage\":\"es-MX\",\"@id\":\"https:\/\/compuviper.mx\/tienda\/#\/schema\/logo\/image\/\",\"url\":\"https:\/\/compuviper.mx\/tienda\/wp-content\/uploads\/2021\/08\/Logo-Compuviper-10.png\",\"contentUrl\":\"https:\/\/compuviper.mx\/tienda\/wp-content\/uploads\/2021\/08\/Logo-Compuviper-10.png\",\"width\":1000,\"height\":500,\"caption\":\"Compuviper\"},\"image\":{\"@id\":\"https:\/\/compuviper.mx\/tienda\/#\/schema\/logo\/image\/\"},\"sameAs\":[\"https:\/\/www.facebook.com\/compuviper\",\"https:\/\/www.youtube.com\/channel\/UCf73dERp9Y3cfOq7q8BhLjA?view_as=subscriber\"]}]}<\/script>\n<meta property=\"product:brand\" content=\"VIEWSONIC\" \/>\n<meta property=\"product:price:amount\" content=\"6051\" \/>\n<meta property=\"product:price:currency\" content=\"MXN\" \/>\n<meta property=\"og:availability\" content=\"instock\" \/>\n<meta property=\"product:availability\" content=\"instock\" \/>\n<meta property=\"product:retailer_item_id\" content=\"TD2430\" \/>\n<meta property=\"product:condition\" content=\"new\" \/>\n<!-- \/ Yoast SEO plugin. -->","yoast_head_json":{"title":"[ Viewsonic ] &#129351; Td2430 Monitor Touch \/ Tecnologia Capacitiva\/ 24 Pulgadas\/ Full Hd \/ 1920 X 1080 \/ Vga \/ Hdmi \/ Vesa \/ Cable Hdmi \/cable Usb-a A Usb-b\/ 3 A\u00f1os De Garantia","description":"Compra Td2430 Monitor Touch \/ Tecnologia Capacitiva\/ 24 Pulgadas\/ Full Hd \/ 1920 X 1080 \/ Vga \/ Hdmi \/ Vesa \/ Cable Hdmi \/cable Usb-a A Usb-b\/ 3 A\u00f1os De Garantia + Env\u00edo a domicilio + Pago seguro + Garant\u00eda","robots":{"index":"index","follow":"follow","max-snippet":"max-snippet:-1","max-image-preview":"max-image-preview:large","max-video-preview":"max-video-preview:-1"},"canonical":"https:\/\/compuviper.mx\/tienda\/producto\/viewsonic-td2430-monitor-touch-tecnologia-capacitiva-24-pulgadas-full-hd-1920-x-1080-vga-hdmi-vesa-cable-hdmi-cable-usb-a-a-usb-b-3-aos-de-garantia\/","og_locale":"es_MX","og_type":"article","og_title":"[ Viewsonic ] &#129351; Td2430 Monitor Touch \/ Tecnologia Capacitiva\/ 24 Pulgadas\/ Full Hd \/ 1920 X 1080 \/ Vga \/ Hdmi \/ Vesa \/ Cable Hdmi \/cable Usb-a A Usb-b\/ 3 A\u00f1os De Garantia","og_description":"Compra Td2430 Monitor Touch \/ Tecnologia Capacitiva\/ 24 Pulgadas\/ Full Hd \/ 1920 X 1080 \/ Vga \/ Hdmi \/ Vesa \/ Cable Hdmi \/cable Usb-a A Usb-b\/ 3 A\u00f1os De Garantia + Env\u00edo a domicilio + Pago seguro + Garant\u00eda","og_url":"https:\/\/compuviper.mx\/tienda\/producto\/viewsonic-td2430-monitor-touch-tecnologia-capacitiva-24-pulgadas-full-hd-1920-x-1080-vga-hdmi-vesa-cable-hdmi-cable-usb-a-a-usb-b-3-aos-de-garantia\/","og_site_name":"Compuviper","article_publisher":"https:\/\/www.facebook.com\/compuviper","og_image":[{"width":200,"height":200,"url":"https:\/\/compuviper.mx\/tienda\/wp-content\/uploads\/2023\/12\/Monitor-touch-viewsonic-td2430-tecnologia-capacitiva-24-pulgadas-full-hd-1920-x-1080-vga-hdmi-vesa-cable-hdmi-cable-usb-a-a-usb-b-3-anos-de-garantia.jpg","type":"image\/jpeg"}],"twitter_card":"summary_large_image","twitter_misc":{"Precio":"&#36;6,051 con IVA","Availability":"In stock"},"schema":{"@context":"https:\/\/schema.org","@graph":[{"@type":"WebPage","@id":"https:\/\/compuviper.mx\/tienda\/producto\/viewsonic-td2430-monitor-touch-tecnologia-capacitiva-24-pulgadas-full-hd-1920-x-1080-vga-hdmi-vesa-cable-hdmi-cable-usb-a-a-usb-b-3-aos-de-garantia\/","url":"https:\/\/compuviper.mx\/tienda\/producto\/viewsonic-td2430-monitor-touch-tecnologia-capacitiva-24-pulgadas-full-hd-1920-x-1080-vga-hdmi-vesa-cable-hdmi-cable-usb-a-a-usb-b-3-aos-de-garantia\/","name":"[ Viewsonic ] &#129351; Td2430 Monitor Touch \/ Tecnologia Capacitiva\/ 24 Pulgadas\/ Full Hd \/ 1920 X 1080 \/ Vga \/ Hdmi \/ Vesa \/ Cable Hdmi \/cable Usb-a A Usb-b\/ 3 A\u00f1os De Garantia","isPartOf":{"@id":"https:\/\/compuviper.mx\/tienda\/#website"},"datePublished":"2026-04-21T06:57:30+00:00","dateModified":"2026-04-21T06:57:30+00:00","description":"Compra Td2430 Monitor Touch \/ Tecnologia Capacitiva\/ 24 Pulgadas\/ Full Hd \/ 1920 X 1080 \/ Vga \/ Hdmi \/ Vesa \/ Cable Hdmi \/cable Usb-a A Usb-b\/ 3 A\u00f1os De Garantia + Env\u00edo a domicilio + Pago seguro + Garant\u00eda","breadcrumb":{"@id":"https:\/\/compuviper.mx\/tienda\/producto\/viewsonic-td2430-monitor-touch-tecnologia-capacitiva-24-pulgadas-full-hd-1920-x-1080-vga-hdmi-vesa-cable-hdmi-cable-usb-a-a-usb-b-3-aos-de-garantia\/#breadcrumb"},"inLanguage":"es-MX","potentialAction":[{"@type":"ReadAction","target":["https:\/\/compuviper.mx\/tienda\/producto\/viewsonic-td2430-monitor-touch-tecnologia-capacitiva-24-pulgadas-full-hd-1920-x-1080-vga-hdmi-vesa-cable-hdmi-cable-usb-a-a-usb-b-3-aos-de-garantia\/"]}]},{"@type":"BreadcrumbList","@id":"https:\/\/compuviper.mx\/tienda\/producto\/viewsonic-td2430-monitor-touch-tecnologia-capacitiva-24-pulgadas-full-hd-1920-x-1080-vga-hdmi-vesa-cable-hdmi-cable-usb-a-a-usb-b-3-aos-de-garantia\/#breadcrumb","itemListElement":[{"@type":"ListItem","position":1,"name":"Inicio","item":"https:\/\/compuviper.mx\/tienda\/"},{"@type":"ListItem","position":2,"name":"Productos","item":"https:\/\/compuviper.mx\/tienda\/productos\/"},{"@type":"ListItem","position":3,"name":"Monitores","item":"https:\/\/compuviper.mx\/tienda\/categoria-producto\/monitores\/"},{"@type":"ListItem","position":4,"name":"Touch Screen","item":"https:\/\/compuviper.mx\/tienda\/categoria-producto\/monitores\/touch-screen\/"},{"@type":"ListItem","position":5,"name":"Viewsonic Td2430 Monitor Touch \/ Tecnologia Capacitiva\/ 24 Pulgadas\/ Full Hd \/ 1920 X 1080 \/ Vga \/ Hdmi \/ Vesa \/ Cable Hdmi \/cable Usb-a A Usb-b\/ 3 A?os De Garantia"}]},{"@type":"WebSite","@id":"https:\/\/compuviper.mx\/tienda\/#website","url":"https:\/\/compuviper.mx\/tienda\/","name":"Compuviper","description":"Proveedor de Computadoras, Laptops, Servidores, Monitores, Puntos de Venta, Teclados,   Impresoras, T\u00f3ner, C\u00e1maras de Seguridad y m\u00e1s en tu tienda en l\u00ednea","publisher":{"@id":"https:\/\/compuviper.mx\/tienda\/#organization"},"potentialAction":[{"@type":"SearchAction","target":{"@type":"EntryPoint","urlTemplate":"https:\/\/compuviper.mx\/tienda\/?s={search_term_string}"},"query-input":"required name=search_term_string"}],"inLanguage":"es-MX"},{"@type":"Organization","@id":"https:\/\/compuviper.mx\/tienda\/#organization","name":"Compuviper","url":"https:\/\/compuviper.mx\/tienda\/","logo":{"@type":"ImageObject","inLanguage":"es-MX","@id":"https:\/\/compuviper.mx\/tienda\/#\/schema\/logo\/image\/","url":"https:\/\/compuviper.mx\/tienda\/wp-content\/uploads\/2021\/08\/Logo-Compuviper-10.png","contentUrl":"https:\/\/compuviper.mx\/tienda\/wp-content\/uploads\/2021\/08\/Logo-Compuviper-10.png","width":1000,"height":500,"caption":"Compuviper"},"image":{"@id":"https:\/\/compuviper.mx\/tienda\/#\/schema\/logo\/image\/"},"sameAs":["https:\/\/www.facebook.com\/compuviper","https:\/\/www.youtube.com\/channel\/UCf73dERp9Y3cfOq7q8BhLjA?view_as=subscriber"]}]},"product_brand":"VIEWSONIC","product_price_amount":"6051","product_price_currency":"MXN","og_availability":"instock","product_availability":"instock","product_retailer_item_id":"TD2430","product_condition":"new"},"_links":{"self":[{"href":"https:\/\/compuviper.mx\/tienda\/wp-json\/wp\/v2\/product\/219627"}],"collection":[{"href":"https:\/\/compuviper.mx\/tienda\/wp-json\/wp\/v2\/product"}],"about":[{"href":"https:\/\/compuviper.mx\/tienda\/wp-json\/wp\/v2\/types\/product"}],"replies":[{"embeddable":true,"href":"https:\/\/compuviper.mx\/tienda\/wp-json\/wp\/v2\/comments?post=219627"}],"wp:featuredmedia":[{"embeddable":true,"href":"https:\/\/compuviper.mx\/tienda\/wp-json\/wp\/v2\/media\/219628"}],"wp:attachment":[{"href":"https:\/\/compuviper.mx\/tienda\/wp-json\/wp\/v2\/media?parent=219627"}],"wp:term":[{"taxonomy":"product_cat","embeddable":true,"href":"https:\/\/compuviper.mx\/tienda\/wp-json\/wp\/v2\/product_cat?post=219627"},{"taxonomy":"product_tag","embeddable":true,"href":"https:\/\/compuviper.mx\/tienda\/wp-json\/wp\/v2\/product_tag?post=219627"}],"curies":[{"name":"wp","href":"https:\/\/api.w.org\/{rel}","templated":true}]}}