{"id":219625,"date":"2026-04-09T00:55:19","date_gmt":"2026-04-09T06:55:19","guid":{"rendered":"https:\/\/compuviper.mx\/tienda\/producto\/viewsonic-td2760-monitor-touch-27-pulgadas-full-hd-1920-x-1080-vga-hdmi-display-port-vesa-cable-vga-cable-hdmi-cable-usb-3-aos-de-garantia\/"},"modified":"2026-04-09T00:55:19","modified_gmt":"2026-04-09T06:55:19","slug":"viewsonic-td2760-monitor-touch-27-pulgadas-full-hd-1920-x-1080-vga-hdmi-display-port-vesa-cable-vga-cable-hdmi-cable-usb-3-aos-de-garantia","status":"publish","type":"product","link":"https:\/\/compuviper.mx\/tienda\/producto\/viewsonic-td2760-monitor-touch-27-pulgadas-full-hd-1920-x-1080-vga-hdmi-display-port-vesa-cable-vga-cable-hdmi-cable-usb-3-aos-de-garantia\/","title":{"rendered":"Viewsonic Td2760 Monitor Touch  \/ 27 Pulgadas\/ Full Hd \/ 1920 X 1080 \/ Vga \/ Hdmi \/ Display Port\/ Vesa \/ Cable Vga \/ Cable Hdmi\/ Cable Usb\/ 3 A?os De Garantia"},"content":{"rendered":"<table class=\"descripcion\">\n<tr>\n<td>Tama\u00f1o de pantalla 27 pulgadas<\/td>\n<\/tr>\n<tr>\n<td>Resolucion 1920 x 1080<\/td>\n<\/tr>\n<tr>\n<td>Relaci\u00f3n de contraste estatico 3,000:1<\/td>\n<\/tr>\n<tr>\n<td>Tiempo de respuesta 6ms<\/td>\n<\/tr>\n<tr>\n<td>Pantalla<\/td>\n<\/tr>\n<tr>\n<td>Relacion de contraste dinamico 50m:1<\/td>\n<\/tr>\n<tr>\n<td>Brillantez 230 cd\/m2<\/td>\n<\/tr>\n<tr>\n<td>Vida util de retroiluminacion 30000 hrs<\/td>\n<\/tr>\n<tr>\n<td>Tipo de panel mva<\/td>\n<\/tr>\n<tr>\n<td>Colores 16.7m<\/td>\n<\/tr>\n<tr>\n<td>Angulos de vision 178\u00b0 h, 178\u00b0v<\/td>\n<\/tr>\n<tr>\n<td>Fuente de luz led<\/td>\n<\/tr>\n<tr>\n<td>Superficie de panel templado quimico dureza 6h<\/td>\n<\/tr>\n<tr>\n<td>Proporcion dimensional 16:9<\/td>\n<\/tr>\n<tr>\n<td>Frecuencia de actualizacion 60 hz<\/td>\n<\/tr>\n<tr>\n<td>Compatibilidad<\/td>\n<\/tr>\n<tr>\n<td>Pc 1920 x 1080<\/td>\n<\/tr>\n<tr>\n<td>Mac 1920  x 1080<\/td>\n<\/tr>\n<tr>\n<td>Tecnologia tactil<\/td>\n<\/tr>\n<tr>\n<td>Capacitivo proyectado<\/td>\n<\/tr>\n<tr>\n<td>Puntos de tacto 10 puntos<\/td>\n<\/tr>\n<tr>\n<td>Conector<\/td>\n<\/tr>\n<tr>\n<td>Usb 3.1 tipo a 2<\/td>\n<\/tr>\n<tr>\n<td>Usb 3.1 tipo b 1<\/td>\n<\/tr>\n<tr>\n<td>Entrada de audio 3.5 mm 1<\/td>\n<\/tr>\n<tr>\n<td>Salida de audio 3.5 mm 1<\/td>\n<\/tr>\n<tr>\n<td>Vga 1<\/td>\n<\/tr>\n<tr>\n<td>Hdmi 1.4 1<\/td>\n<\/tr>\n<tr>\n<td>Display port 1<\/td>\n<\/tr>\n<tr>\n<td>Rs232 1<\/td>\n<\/tr>\n<tr>\n<td>Audio<\/td>\n<\/tr>\n<tr>\n<td>Altavoces integrados 2w (x 2)<\/td>\n<\/tr>\n<tr>\n<td>Se\u00f1al de video<\/td>\n<\/tr>\n<tr>\n<td>Frecuencia horizontal 15-90 khz<\/td>\n<\/tr>\n<tr>\n<td>Frecuencia vertical 50-76 khz<\/td>\n<\/tr>\n<tr>\n<td>Entrada de video<\/td>\n<\/tr>\n<tr>\n<td>Tmds para hdmi (v1.4), pci-e para display port (v1.2)<\/td>\n<\/tr>\n<tr>\n<td>Alimentacion<\/td>\n<\/tr>\n<tr>\n<td>Modo eco 19w<\/td>\n<\/tr>\n<tr>\n<td>Modo optimizado 22w<\/td>\n<\/tr>\n<tr>\n<td>Consumo tipico 32w<\/td>\n<\/tr>\n<tr>\n<td>Consumo maximo 36w<\/td>\n<\/tr>\n<tr>\n<td>Voltaje ca 100-240v (universal), 50-60hz<\/td>\n<\/tr>\n<tr>\n<td>En espera 0.3w<\/td>\n<\/tr>\n<tr>\n<td>Controles<\/td>\n<\/tr>\n<tr>\n<td>Controles fisicos 1, 2, arriba, abajo, encendido<\/td>\n<\/tr>\n<tr>\n<td>Visualizacion en pantalla<\/td>\n<\/tr>\n<tr>\n<td>Ajuste automatico de imagen, contraste\/brillantez, seleccion de entrada, ajuste de audio, ajuste de color, informacion, ajuste manual de imagen, men\u00fa de configuracion, recuperacion de memoria<\/td>\n<\/tr>\n<tr>\n<td>Condiciones de funcionamiento<\/td>\n<\/tr>\n<tr>\n<td>Temperatura 32-104 \u00baf (0-40 \u00bac)<\/td>\n<\/tr>\n<tr>\n<td>Humedad sin condensacion 20-90%<\/td>\n<\/tr>\n<tr>\n<td>Ergonomia<\/td>\n<\/tr>\n<tr>\n<td>Ajuste de altura 320 (horizontal 0\u00ba para colocar a  90.0\u00ba)<\/td>\n<\/tr>\n<tr>\n<td>Inclinacion (hacia adelante\/hacia atras) 4\u00ba \/ 90\u00ba<\/td>\n<\/tr>\n<tr>\n<td>Hardware adicional<\/td>\n<\/tr>\n<tr>\n<td>Ranura de bloqueo kensington 1<\/td>\n<\/tr>\n<tr>\n<td>Vesa 100 x 100 mm<\/td>\n<\/tr>\n<tr>\n<td>Peso<\/td>\n<\/tr>\n<tr>\n<td>Bruto (kg)<\/td>\n<\/tr>\n<tr>\n<td>10,2<\/td>\n<\/tr>\n<tr>\n<td>Neto (kg)<\/td>\n<\/tr>\n<tr>\n<td>7,9<\/td>\n<\/tr>\n<tr>\n<td>Neto sin base (kg)<\/td>\n<\/tr>\n<tr>\n<td>5,5<\/td>\n<\/tr>\n<tr>\n<td>Dimensiones (m\u00e9tricas) (ancho x alto x profundidad)<\/td>\n<\/tr>\n<tr>\n<td>Empaque (mm)<\/td>\n<\/tr>\n<tr>\n<td>753,0&#215;525,0x204,0<\/td>\n<\/tr>\n<tr>\n<td>F\u00edsicas (mm)<\/td>\n<\/tr>\n<tr>\n<td>660,0&#215;443,0x239,0<\/td>\n<\/tr>\n<tr>\n<td>F\u00edsicas sin base (mm)<\/td>\n<\/tr>\n<tr>\n<td>660,0&#215;410,0x58,0<\/td>\n<\/tr>\n<tr>\n<td>Aspectos generales<\/td>\n<\/tr>\n<tr>\n<td>Regulaciones<\/td>\n<\/tr>\n<tr>\n<td>Mx-coc, mexico energy, ce, ce emc, cb<\/td>\n<\/tr>\n<tr>\n<td>Contenido del paquete<\/td>\n<\/tr>\n<tr>\n<td>Pantalla tactil td2760, cable de alimentacion, cable vga, cable hdmi, cable usb, cable de audio (macho a macho audio de 3,5 mm, 1,8 m), guia de inicio rapido<\/td>\n<\/tr>\n<tr>\n<td>Garantia<\/td>\n<\/tr>\n<tr>\n<td>Garantia limitada de 3 a\u00f1os para repuestos mano de obra y retroiluminacion<\/td>\n<\/tr>\n<tr>\n<td>Reciclaje\/eliminacion<\/td>\n<\/tr>\n<tr>\n<td>Deseche de acuerdo con las leyes locales, estatales o federales.<\/td>\n<\/tr>\n<\/table>\n","protected":false},"excerpt":{"rendered":"<p>La td2760 de viewsonic\u00ae es una soluci\u00f3n perfecta tanto para aplicaciones de pantallas t\u00e1ctiles comerciales como para consumidores. La td2760 de 27 pulgadas, con una pantalla multit\u00e1ctil intuitiva de 10 puntos y resoluci\u00f3n full hd de 1080p, ofrece una soluci\u00f3n vers\u00e1til para usar en la oficina o en el hogar, y tambi\u00e9n como quiosco de informaci\u00f3n en \u00e1reas p\u00fablicas, comercios y sectores corporativos. La tecnolog\u00eda de panel mva superclear\u00ae con \u00e1ngulos de visualizaci\u00f3n ultraanchos y relaci\u00f3n de contraste din\u00e1mico mega de 50m:1 aporta una mejor definici\u00f3n y claridad a los contenidos multimedia. Para mayor comodidad, la compatibilidad entre plataformas funciona con sistemas operativos como windows 10, linux, chrome y android.* entre las opciones de conectividad integradas se incluyen los puertos displayport, hdmi y vga, junto a un dise\u00f1o de montaje compatible con vesa, lo que ofrece mayor comodidad para usar como pantalla montada a la pared. La td2760, con puerto en serie rs232 y hdmi cec, puede controlar directamente los dispositivos conectados. Adem\u00e1s, la base ergon\u00f3mica permite que el usuario incline, eleve y recueste el monitor para lograr una posici\u00f3n m\u00e1s natural y crear un entorno de trabajo c\u00f3modo. Por \u00faltimo, el consumo bajo de energ\u00eda con la certificaci\u00f3n energy star permite ahorrar costos energ\u00e9ticos y, a la vez, reducir las emisiones de carbono. *compatible con windows 7\/8\/10 y el \u00faltimo linux kernel 4.X\/3.X, la \u00faltima versi\u00f3n de chrome y android<\/p>\n","protected":false},"featured_media":219626,"comment_status":"open","ping_status":"open","template":"","meta":[],"product_cat":[1740,1742],"product_tag":[1862],"acf":[],"yoast_head":"<!-- This site is optimized with the Yoast SEO plugin v21.7 - https:\/\/yoast.com\/wordpress\/plugins\/seo\/ -->\n<title>[ Viewsonic ] &#129351; Td2760 Monitor Touch \/ 27 Pulgadas\/ Full Hd \/ 1920 X 1080 \/ Vga \/ Hdmi \/ Display Port\/ Vesa \/ Cable Vga \/ Cable Hdmi\/ Cable Usb\/ 3 A\u00f1os De Garantia<\/title>\n<meta name=\"description\" content=\"Compra Td2760 Monitor Touch \/ 27 Pulgadas\/ Full Hd \/ 1920 X 1080 \/ Vga \/ Hdmi \/ Display Port\/ Vesa \/ Cable Vga \/ Cable Hdmi\/ Cable Usb\/ 3 A\u00f1os De Garantia + Env\u00edo a domicilio + Pago seguro + Garant\u00eda\" \/>\n<meta name=\"robots\" content=\"index, follow, max-snippet:-1, max-image-preview:large, max-video-preview:-1\" \/>\n<link rel=\"canonical\" href=\"https:\/\/compuviper.mx\/tienda\/producto\/viewsonic-td2760-monitor-touch-27-pulgadas-full-hd-1920-x-1080-vga-hdmi-display-port-vesa-cable-vga-cable-hdmi-cable-usb-3-aos-de-garantia\/\" \/>\n<meta property=\"og:locale\" content=\"es_MX\" \/>\n<meta property=\"og:type\" content=\"article\" \/>\n<meta property=\"og:title\" content=\"[ Viewsonic ] &#129351; Td2760 Monitor Touch \/ 27 Pulgadas\/ Full Hd \/ 1920 X 1080 \/ Vga \/ Hdmi \/ Display Port\/ Vesa \/ Cable Vga \/ Cable Hdmi\/ Cable Usb\/ 3 A\u00f1os De Garantia\" \/>\n<meta property=\"og:description\" content=\"Compra Td2760 Monitor Touch \/ 27 Pulgadas\/ Full Hd \/ 1920 X 1080 \/ Vga \/ Hdmi \/ Display Port\/ Vesa \/ Cable Vga \/ Cable Hdmi\/ Cable Usb\/ 3 A\u00f1os De Garantia + Env\u00edo a domicilio + Pago seguro + Garant\u00eda\" \/>\n<meta property=\"og:url\" content=\"https:\/\/compuviper.mx\/tienda\/producto\/viewsonic-td2760-monitor-touch-27-pulgadas-full-hd-1920-x-1080-vga-hdmi-display-port-vesa-cable-vga-cable-hdmi-cable-usb-3-aos-de-garantia\/\" \/>\n<meta property=\"og:site_name\" content=\"Compuviper\" \/>\n<meta property=\"article:publisher\" content=\"https:\/\/www.facebook.com\/compuviper\" \/>\n<meta property=\"og:image\" content=\"https:\/\/compuviper.mx\/tienda\/wp-content\/uploads\/2023\/12\/Monitor-touch-viewsonic-td2760-27-pulgadas-full-hd-1920-x-1080-vga-hdmi-display-port-vesa-cable-vga-cable-hdmi-cable-usb-3-anos-de-garantia.jpg\" \/>\n\t<meta property=\"og:image:width\" content=\"200\" \/>\n\t<meta property=\"og:image:height\" content=\"200\" \/>\n\t<meta property=\"og:image:type\" content=\"image\/jpeg\" \/>\n<meta name=\"twitter:card\" content=\"summary_large_image\" \/>\n<meta name=\"twitter:label1\" content=\"Precio\" \/>\n\t<meta name=\"twitter:data1\" content=\"&#36;10,826 &#36;10,445 con IVA\" \/>\n\t<meta name=\"twitter:label2\" content=\"Availability\" \/>\n\t<meta name=\"twitter:data2\" content=\"In stock\" \/>\n<script type=\"application\/ld+json\" class=\"yoast-schema-graph\">{\"@context\":\"https:\/\/schema.org\",\"@graph\":[{\"@type\":\"WebPage\",\"@id\":\"https:\/\/compuviper.mx\/tienda\/producto\/viewsonic-td2760-monitor-touch-27-pulgadas-full-hd-1920-x-1080-vga-hdmi-display-port-vesa-cable-vga-cable-hdmi-cable-usb-3-aos-de-garantia\/\",\"url\":\"https:\/\/compuviper.mx\/tienda\/producto\/viewsonic-td2760-monitor-touch-27-pulgadas-full-hd-1920-x-1080-vga-hdmi-display-port-vesa-cable-vga-cable-hdmi-cable-usb-3-aos-de-garantia\/\",\"name\":\"[ Viewsonic ] &#129351; Td2760 Monitor Touch \/ 27 Pulgadas\/ Full Hd \/ 1920 X 1080 \/ Vga \/ Hdmi \/ Display Port\/ Vesa \/ Cable Vga \/ Cable Hdmi\/ Cable Usb\/ 3 A\u00f1os De Garantia\",\"isPartOf\":{\"@id\":\"https:\/\/compuviper.mx\/tienda\/#website\"},\"datePublished\":\"2026-04-09T06:55:19+00:00\",\"dateModified\":\"2026-04-09T06:55:19+00:00\",\"description\":\"Compra Td2760 Monitor Touch \/ 27 Pulgadas\/ Full Hd \/ 1920 X 1080 \/ Vga \/ Hdmi \/ Display Port\/ Vesa \/ Cable Vga \/ Cable Hdmi\/ Cable Usb\/ 3 A\u00f1os De Garantia + Env\u00edo a domicilio + Pago seguro + Garant\u00eda\",\"breadcrumb\":{\"@id\":\"https:\/\/compuviper.mx\/tienda\/producto\/viewsonic-td2760-monitor-touch-27-pulgadas-full-hd-1920-x-1080-vga-hdmi-display-port-vesa-cable-vga-cable-hdmi-cable-usb-3-aos-de-garantia\/#breadcrumb\"},\"inLanguage\":\"es-MX\",\"potentialAction\":[{\"@type\":\"ReadAction\",\"target\":[\"https:\/\/compuviper.mx\/tienda\/producto\/viewsonic-td2760-monitor-touch-27-pulgadas-full-hd-1920-x-1080-vga-hdmi-display-port-vesa-cable-vga-cable-hdmi-cable-usb-3-aos-de-garantia\/\"]}]},{\"@type\":\"BreadcrumbList\",\"@id\":\"https:\/\/compuviper.mx\/tienda\/producto\/viewsonic-td2760-monitor-touch-27-pulgadas-full-hd-1920-x-1080-vga-hdmi-display-port-vesa-cable-vga-cable-hdmi-cable-usb-3-aos-de-garantia\/#breadcrumb\",\"itemListElement\":[{\"@type\":\"ListItem\",\"position\":1,\"name\":\"Inicio\",\"item\":\"https:\/\/compuviper.mx\/tienda\/\"},{\"@type\":\"ListItem\",\"position\":2,\"name\":\"Productos\",\"item\":\"https:\/\/compuviper.mx\/tienda\/productos\/\"},{\"@type\":\"ListItem\",\"position\":3,\"name\":\"Monitores\",\"item\":\"https:\/\/compuviper.mx\/tienda\/categoria-producto\/monitores\/\"},{\"@type\":\"ListItem\",\"position\":4,\"name\":\"Touch Screen\",\"item\":\"https:\/\/compuviper.mx\/tienda\/categoria-producto\/monitores\/touch-screen\/\"},{\"@type\":\"ListItem\",\"position\":5,\"name\":\"Viewsonic Td2760 Monitor Touch \/ 27 Pulgadas\/ Full Hd \/ 1920 X 1080 \/ Vga \/ Hdmi \/ Display Port\/ Vesa \/ Cable Vga \/ Cable Hdmi\/ Cable Usb\/ 3 A?os De Garantia\"}]},{\"@type\":\"WebSite\",\"@id\":\"https:\/\/compuviper.mx\/tienda\/#website\",\"url\":\"https:\/\/compuviper.mx\/tienda\/\",\"name\":\"Compuviper\",\"description\":\"Proveedor de Computadoras, Laptops, Servidores, Monitores, Puntos de Venta, Teclados,   Impresoras, T\u00f3ner, C\u00e1maras de Seguridad y m\u00e1s en tu tienda en l\u00ednea\",\"publisher\":{\"@id\":\"https:\/\/compuviper.mx\/tienda\/#organization\"},\"potentialAction\":[{\"@type\":\"SearchAction\",\"target\":{\"@type\":\"EntryPoint\",\"urlTemplate\":\"https:\/\/compuviper.mx\/tienda\/?s={search_term_string}\"},\"query-input\":\"required name=search_term_string\"}],\"inLanguage\":\"es-MX\"},{\"@type\":\"Organization\",\"@id\":\"https:\/\/compuviper.mx\/tienda\/#organization\",\"name\":\"Compuviper\",\"url\":\"https:\/\/compuviper.mx\/tienda\/\",\"logo\":{\"@type\":\"ImageObject\",\"inLanguage\":\"es-MX\",\"@id\":\"https:\/\/compuviper.mx\/tienda\/#\/schema\/logo\/image\/\",\"url\":\"https:\/\/compuviper.mx\/tienda\/wp-content\/uploads\/2021\/08\/Logo-Compuviper-10.png\",\"contentUrl\":\"https:\/\/compuviper.mx\/tienda\/wp-content\/uploads\/2021\/08\/Logo-Compuviper-10.png\",\"width\":1000,\"height\":500,\"caption\":\"Compuviper\"},\"image\":{\"@id\":\"https:\/\/compuviper.mx\/tienda\/#\/schema\/logo\/image\/\"},\"sameAs\":[\"https:\/\/www.facebook.com\/compuviper\",\"https:\/\/www.youtube.com\/channel\/UCf73dERp9Y3cfOq7q8BhLjA?view_as=subscriber\"]}]}<\/script>\n<meta property=\"product:brand\" content=\"VIEWSONIC\" \/>\n<meta property=\"product:price:amount\" content=\"10445\" \/>\n<meta property=\"product:price:currency\" content=\"MXN\" \/>\n<meta property=\"og:availability\" content=\"instock\" \/>\n<meta property=\"product:availability\" content=\"instock\" \/>\n<meta property=\"product:retailer_item_id\" content=\"TD2760\" \/>\n<meta property=\"product:condition\" content=\"new\" \/>\n<!-- \/ Yoast SEO plugin. -->","yoast_head_json":{"title":"[ Viewsonic ] &#129351; Td2760 Monitor Touch \/ 27 Pulgadas\/ Full Hd \/ 1920 X 1080 \/ Vga \/ Hdmi \/ Display Port\/ Vesa \/ Cable Vga \/ Cable Hdmi\/ Cable Usb\/ 3 A\u00f1os De Garantia","description":"Compra Td2760 Monitor Touch \/ 27 Pulgadas\/ Full Hd \/ 1920 X 1080 \/ Vga \/ Hdmi \/ Display Port\/ Vesa \/ Cable Vga \/ Cable Hdmi\/ Cable Usb\/ 3 A\u00f1os De Garantia + Env\u00edo a domicilio + Pago seguro + Garant\u00eda","robots":{"index":"index","follow":"follow","max-snippet":"max-snippet:-1","max-image-preview":"max-image-preview:large","max-video-preview":"max-video-preview:-1"},"canonical":"https:\/\/compuviper.mx\/tienda\/producto\/viewsonic-td2760-monitor-touch-27-pulgadas-full-hd-1920-x-1080-vga-hdmi-display-port-vesa-cable-vga-cable-hdmi-cable-usb-3-aos-de-garantia\/","og_locale":"es_MX","og_type":"article","og_title":"[ Viewsonic ] &#129351; Td2760 Monitor Touch \/ 27 Pulgadas\/ Full Hd \/ 1920 X 1080 \/ Vga \/ Hdmi \/ Display Port\/ Vesa \/ Cable Vga \/ Cable Hdmi\/ Cable Usb\/ 3 A\u00f1os De Garantia","og_description":"Compra Td2760 Monitor Touch \/ 27 Pulgadas\/ Full Hd \/ 1920 X 1080 \/ Vga \/ Hdmi \/ Display Port\/ Vesa \/ Cable Vga \/ Cable Hdmi\/ Cable Usb\/ 3 A\u00f1os De Garantia + Env\u00edo a domicilio + Pago seguro + Garant\u00eda","og_url":"https:\/\/compuviper.mx\/tienda\/producto\/viewsonic-td2760-monitor-touch-27-pulgadas-full-hd-1920-x-1080-vga-hdmi-display-port-vesa-cable-vga-cable-hdmi-cable-usb-3-aos-de-garantia\/","og_site_name":"Compuviper","article_publisher":"https:\/\/www.facebook.com\/compuviper","og_image":[{"width":200,"height":200,"url":"https:\/\/compuviper.mx\/tienda\/wp-content\/uploads\/2023\/12\/Monitor-touch-viewsonic-td2760-27-pulgadas-full-hd-1920-x-1080-vga-hdmi-display-port-vesa-cable-vga-cable-hdmi-cable-usb-3-anos-de-garantia.jpg","type":"image\/jpeg"}],"twitter_card":"summary_large_image","twitter_misc":{"Precio":"&#36;10,826 &#36;10,445 con IVA","Availability":"In stock"},"schema":{"@context":"https:\/\/schema.org","@graph":[{"@type":"WebPage","@id":"https:\/\/compuviper.mx\/tienda\/producto\/viewsonic-td2760-monitor-touch-27-pulgadas-full-hd-1920-x-1080-vga-hdmi-display-port-vesa-cable-vga-cable-hdmi-cable-usb-3-aos-de-garantia\/","url":"https:\/\/compuviper.mx\/tienda\/producto\/viewsonic-td2760-monitor-touch-27-pulgadas-full-hd-1920-x-1080-vga-hdmi-display-port-vesa-cable-vga-cable-hdmi-cable-usb-3-aos-de-garantia\/","name":"[ Viewsonic ] &#129351; Td2760 Monitor Touch \/ 27 Pulgadas\/ Full Hd \/ 1920 X 1080 \/ Vga \/ Hdmi \/ Display Port\/ Vesa \/ Cable Vga \/ Cable Hdmi\/ Cable Usb\/ 3 A\u00f1os De Garantia","isPartOf":{"@id":"https:\/\/compuviper.mx\/tienda\/#website"},"datePublished":"2026-04-09T06:55:19+00:00","dateModified":"2026-04-09T06:55:19+00:00","description":"Compra Td2760 Monitor Touch \/ 27 Pulgadas\/ Full Hd \/ 1920 X 1080 \/ Vga \/ Hdmi \/ Display Port\/ Vesa \/ Cable Vga \/ Cable Hdmi\/ Cable Usb\/ 3 A\u00f1os De Garantia + Env\u00edo a domicilio + Pago seguro + Garant\u00eda","breadcrumb":{"@id":"https:\/\/compuviper.mx\/tienda\/producto\/viewsonic-td2760-monitor-touch-27-pulgadas-full-hd-1920-x-1080-vga-hdmi-display-port-vesa-cable-vga-cable-hdmi-cable-usb-3-aos-de-garantia\/#breadcrumb"},"inLanguage":"es-MX","potentialAction":[{"@type":"ReadAction","target":["https:\/\/compuviper.mx\/tienda\/producto\/viewsonic-td2760-monitor-touch-27-pulgadas-full-hd-1920-x-1080-vga-hdmi-display-port-vesa-cable-vga-cable-hdmi-cable-usb-3-aos-de-garantia\/"]}]},{"@type":"BreadcrumbList","@id":"https:\/\/compuviper.mx\/tienda\/producto\/viewsonic-td2760-monitor-touch-27-pulgadas-full-hd-1920-x-1080-vga-hdmi-display-port-vesa-cable-vga-cable-hdmi-cable-usb-3-aos-de-garantia\/#breadcrumb","itemListElement":[{"@type":"ListItem","position":1,"name":"Inicio","item":"https:\/\/compuviper.mx\/tienda\/"},{"@type":"ListItem","position":2,"name":"Productos","item":"https:\/\/compuviper.mx\/tienda\/productos\/"},{"@type":"ListItem","position":3,"name":"Monitores","item":"https:\/\/compuviper.mx\/tienda\/categoria-producto\/monitores\/"},{"@type":"ListItem","position":4,"name":"Touch Screen","item":"https:\/\/compuviper.mx\/tienda\/categoria-producto\/monitores\/touch-screen\/"},{"@type":"ListItem","position":5,"name":"Viewsonic Td2760 Monitor Touch \/ 27 Pulgadas\/ Full Hd \/ 1920 X 1080 \/ Vga \/ Hdmi \/ Display Port\/ Vesa \/ Cable Vga \/ Cable Hdmi\/ Cable Usb\/ 3 A?os De Garantia"}]},{"@type":"WebSite","@id":"https:\/\/compuviper.mx\/tienda\/#website","url":"https:\/\/compuviper.mx\/tienda\/","name":"Compuviper","description":"Proveedor de Computadoras, Laptops, Servidores, Monitores, Puntos de Venta, Teclados,   Impresoras, T\u00f3ner, C\u00e1maras de Seguridad y m\u00e1s en tu tienda en l\u00ednea","publisher":{"@id":"https:\/\/compuviper.mx\/tienda\/#organization"},"potentialAction":[{"@type":"SearchAction","target":{"@type":"EntryPoint","urlTemplate":"https:\/\/compuviper.mx\/tienda\/?s={search_term_string}"},"query-input":"required name=search_term_string"}],"inLanguage":"es-MX"},{"@type":"Organization","@id":"https:\/\/compuviper.mx\/tienda\/#organization","name":"Compuviper","url":"https:\/\/compuviper.mx\/tienda\/","logo":{"@type":"ImageObject","inLanguage":"es-MX","@id":"https:\/\/compuviper.mx\/tienda\/#\/schema\/logo\/image\/","url":"https:\/\/compuviper.mx\/tienda\/wp-content\/uploads\/2021\/08\/Logo-Compuviper-10.png","contentUrl":"https:\/\/compuviper.mx\/tienda\/wp-content\/uploads\/2021\/08\/Logo-Compuviper-10.png","width":1000,"height":500,"caption":"Compuviper"},"image":{"@id":"https:\/\/compuviper.mx\/tienda\/#\/schema\/logo\/image\/"},"sameAs":["https:\/\/www.facebook.com\/compuviper","https:\/\/www.youtube.com\/channel\/UCf73dERp9Y3cfOq7q8BhLjA?view_as=subscriber"]}]},"product_brand":"VIEWSONIC","product_price_amount":"10445","product_price_currency":"MXN","og_availability":"instock","product_availability":"instock","product_retailer_item_id":"TD2760","product_condition":"new"},"_links":{"self":[{"href":"https:\/\/compuviper.mx\/tienda\/wp-json\/wp\/v2\/product\/219625"}],"collection":[{"href":"https:\/\/compuviper.mx\/tienda\/wp-json\/wp\/v2\/product"}],"about":[{"href":"https:\/\/compuviper.mx\/tienda\/wp-json\/wp\/v2\/types\/product"}],"replies":[{"embeddable":true,"href":"https:\/\/compuviper.mx\/tienda\/wp-json\/wp\/v2\/comments?post=219625"}],"wp:featuredmedia":[{"embeddable":true,"href":"https:\/\/compuviper.mx\/tienda\/wp-json\/wp\/v2\/media\/219626"}],"wp:attachment":[{"href":"https:\/\/compuviper.mx\/tienda\/wp-json\/wp\/v2\/media?parent=219625"}],"wp:term":[{"taxonomy":"product_cat","embeddable":true,"href":"https:\/\/compuviper.mx\/tienda\/wp-json\/wp\/v2\/product_cat?post=219625"},{"taxonomy":"product_tag","embeddable":true,"href":"https:\/\/compuviper.mx\/tienda\/wp-json\/wp\/v2\/product_tag?post=219625"}],"curies":[{"name":"wp","href":"https:\/\/api.w.org\/{rel}","templated":true}]}}