{"id":219588,"date":"2026-04-09T00:55:17","date_gmt":"2026-04-09T06:55:17","guid":{"rendered":"https:\/\/compuviper.mx\/tienda\/producto\/logitech-941-000119-palanca-para-volantes-de-carreras-g29-y-g920-driving-force\/"},"modified":"2026-04-09T00:55:17","modified_gmt":"2026-04-09T06:55:17","slug":"logitech-941-000119-palanca-para-volantes-de-carreras-g29-y-g920-driving-force","status":"publish","type":"product","link":"https:\/\/compuviper.mx\/tienda\/producto\/logitech-941-000119-palanca-para-volantes-de-carreras-g29-y-g920-driving-force\/","title":{"rendered":"Logitech 941-000119 Palanca Para Volantes De Carreras  G29 Y G920 Driving Force"},"content":{"rendered":"<table class=\"descripcion\">\n<tr>\n<td>Hecha para carreras<\/td>\n<\/tr>\n<tr>\n<td>Dotada de un robusto eje de acero y materiales de alta calidad, la palanca de cambio driving force se dise\u00f1\u00f3 para manejar con toda precisi\u00f3n y confiabilidad duradera. la empu\u00f1adura y la funda est\u00e1n forradas de cuero de calidad cosido a mano, con un aspecto y un tacto similares a los de las palancas de los coches de carreras reales, para un uso m\u00e1s confortable y prolongado.<\/td>\n<\/tr>\n<tr>\n<td>Recorrido corto de seis velocidades<\/td>\n<\/tr>\n<tr>\n<td>La palanca tipo &#8220;h&#8221; de seis velocidades con marcha atr\u00e1s mediante presi\u00f3n se mueve con fluidez y entra en cada marcha con un claro click. se dise\u00f1\u00f3 para asegurar una transici\u00f3n suave y precisa tanto en tramos rectos como en curvas cerradas.<\/td>\n<\/tr>\n<tr>\n<td>Especificaciones t\u00e9cnicas<\/td>\n<\/tr>\n<tr>\n<td>Dise\u00f1ada para usar con volantes de carreras g29 y g920 driving force<\/td>\n<\/tr>\n<tr>\n<td>Seis velocidades con marcha atr\u00e1s mediante presi\u00f3n hacia abajo<\/td>\n<\/tr>\n<tr>\n<td>Componentes de acero y cuero para confort y durabilidad<\/td>\n<\/tr>\n<tr>\n<td>Montaje seguro en un soporte para manejo<\/td>\n<\/tr>\n<tr>\n<td>Especificaciones f\u00edsicas<\/td>\n<\/tr>\n<tr>\n<td>Altura: 206,5 mm (8,13 in)<\/td>\n<\/tr>\n<tr>\n<td>Anchura: 176,4 mm (6,94 in)<\/td>\n<\/tr>\n<tr>\n<td>Profundidad: 146,4 mm (5,76 in)<\/td>\n<\/tr>\n<tr>\n<td>Peso sin cable: 0,72 kg (1,59 lb)<\/td>\n<\/tr>\n<tr>\n<td>Peso con cable: 0,76 kg (1,66 lb)<\/td>\n<\/tr>\n<tr>\n<td>Requisitos<\/td>\n<\/tr>\n<tr>\n<td>Volante de carreras logitech g29 o g920 driving force<\/td>\n<\/tr>\n<tr>\n<td>Juegos compatibles con la palanca de cambio logitech driving force<\/td>\n<\/tr>\n<tr>\n<td>Playstation\u00ae 4, xbox one\u00bf, windows\u00ae 8.1, windows 8 o windows 7<\/td>\n<\/tr>\n<tr>\n<td>N\u00famero de referencia (p\/n)<\/td>\n<\/tr>\n<tr>\n<td>941-000119<\/td>\n<\/tr>\n<tr>\n<td>Informaci\u00f3n de garant\u00eda<\/td>\n<\/tr>\n<tr>\n<td>Dos a\u00f1os de garant\u00eda de hardware limitada<\/td>\n<\/tr>\n<\/table>\n","protected":false},"excerpt":{"rendered":"<p>Para volantes de carreras driving force. La palanca de cambio driving force\u00bf se dise\u00f1\u00f3 para los volantes de carreras g29 (para ps4 y pc) y g920 driving force (para xbox one y pc), para optimizar los juegos para pc y consola modernos. Agrega la palanca de cambio driving force a tu volante para completar tu soporte para manejo y hacer las carreras a\u00fan m\u00e1s reales.<\/p>\n","protected":false},"featured_media":219589,"comment_status":"open","ping_status":"open","template":"","meta":[],"product_cat":[1738,1965],"product_tag":[1500],"acf":[],"yoast_head":"<!-- This site is optimized with the Yoast SEO plugin v21.7 - https:\/\/yoast.com\/wordpress\/plugins\/seo\/ -->\n<title>[ Logitech ] &#129351; 941-000119 Palanca Para Volantes De Carreras G29 Y G920 Driving Force<\/title>\n<meta name=\"description\" content=\"Compra 941-000119 Palanca Para Volantes De Carreras G29 Y G920 Driving Force + Env\u00edo a domicilio + Pago seguro + Garant\u00eda\" \/>\n<meta name=\"robots\" content=\"index, follow, max-snippet:-1, max-image-preview:large, max-video-preview:-1\" \/>\n<link rel=\"canonical\" href=\"https:\/\/compuviper.mx\/tienda\/producto\/logitech-941-000119-palanca-para-volantes-de-carreras-g29-y-g920-driving-force\/\" \/>\n<meta property=\"og:locale\" content=\"es_MX\" \/>\n<meta property=\"og:type\" content=\"article\" \/>\n<meta property=\"og:title\" content=\"[ Logitech ] &#129351; 941-000119 Palanca Para Volantes De Carreras G29 Y G920 Driving Force\" \/>\n<meta property=\"og:description\" content=\"Compra 941-000119 Palanca Para Volantes De Carreras G29 Y G920 Driving Force + Env\u00edo a domicilio + Pago seguro + Garant\u00eda\" \/>\n<meta property=\"og:url\" content=\"https:\/\/compuviper.mx\/tienda\/producto\/logitech-941-000119-palanca-para-volantes-de-carreras-g29-y-g920-driving-force\/\" \/>\n<meta property=\"og:site_name\" content=\"Compuviper\" \/>\n<meta property=\"article:publisher\" content=\"https:\/\/www.facebook.com\/compuviper\" \/>\n<meta property=\"og:image\" content=\"https:\/\/compuviper.mx\/tienda\/wp-content\/uploads\/2023\/12\/Palanca-para-volantes-de-carreras-logitech-g29-y-g920-driving-force.jpg\" \/>\n\t<meta property=\"og:image:width\" content=\"200\" \/>\n\t<meta property=\"og:image:height\" content=\"200\" \/>\n\t<meta property=\"og:image:type\" content=\"image\/jpeg\" \/>\n<meta name=\"twitter:card\" content=\"summary_large_image\" \/>\n<meta name=\"twitter:label1\" content=\"Precio\" \/>\n\t<meta name=\"twitter:data1\" content=\"&#36;1,072 con IVA\" \/>\n\t<meta name=\"twitter:label2\" content=\"Availability\" \/>\n\t<meta name=\"twitter:data2\" content=\"Out of stock\" \/>\n<script type=\"application\/ld+json\" class=\"yoast-schema-graph\">{\"@context\":\"https:\/\/schema.org\",\"@graph\":[{\"@type\":\"WebPage\",\"@id\":\"https:\/\/compuviper.mx\/tienda\/producto\/logitech-941-000119-palanca-para-volantes-de-carreras-g29-y-g920-driving-force\/\",\"url\":\"https:\/\/compuviper.mx\/tienda\/producto\/logitech-941-000119-palanca-para-volantes-de-carreras-g29-y-g920-driving-force\/\",\"name\":\"[ Logitech ] &#129351; 941-000119 Palanca Para Volantes De Carreras G29 Y G920 Driving Force\",\"isPartOf\":{\"@id\":\"https:\/\/compuviper.mx\/tienda\/#website\"},\"datePublished\":\"2026-04-09T06:55:17+00:00\",\"dateModified\":\"2026-04-09T06:55:17+00:00\",\"description\":\"Compra 941-000119 Palanca Para Volantes De Carreras G29 Y G920 Driving Force + Env\u00edo a domicilio + Pago seguro + Garant\u00eda\",\"breadcrumb\":{\"@id\":\"https:\/\/compuviper.mx\/tienda\/producto\/logitech-941-000119-palanca-para-volantes-de-carreras-g29-y-g920-driving-force\/#breadcrumb\"},\"inLanguage\":\"es-MX\",\"potentialAction\":[{\"@type\":\"ReadAction\",\"target\":[\"https:\/\/compuviper.mx\/tienda\/producto\/logitech-941-000119-palanca-para-volantes-de-carreras-g29-y-g920-driving-force\/\"]}]},{\"@type\":\"BreadcrumbList\",\"@id\":\"https:\/\/compuviper.mx\/tienda\/producto\/logitech-941-000119-palanca-para-volantes-de-carreras-g29-y-g920-driving-force\/#breadcrumb\",\"itemListElement\":[{\"@type\":\"ListItem\",\"position\":1,\"name\":\"Inicio\",\"item\":\"https:\/\/compuviper.mx\/tienda\/\"},{\"@type\":\"ListItem\",\"position\":2,\"name\":\"Productos\",\"item\":\"https:\/\/compuviper.mx\/tienda\/productos\/\"},{\"@type\":\"ListItem\",\"position\":3,\"name\":\"Games\",\"item\":\"https:\/\/compuviper.mx\/tienda\/categoria-producto\/games\/\"},{\"@type\":\"ListItem\",\"position\":4,\"name\":\"Volante\",\"item\":\"https:\/\/compuviper.mx\/tienda\/categoria-producto\/games\/volante\/\"},{\"@type\":\"ListItem\",\"position\":5,\"name\":\"Logitech 941-000119 Palanca Para Volantes De Carreras G29 Y G920 Driving Force\"}]},{\"@type\":\"WebSite\",\"@id\":\"https:\/\/compuviper.mx\/tienda\/#website\",\"url\":\"https:\/\/compuviper.mx\/tienda\/\",\"name\":\"Compuviper\",\"description\":\"Proveedor de Computadoras, Laptops, Servidores, Monitores, Puntos de Venta, Teclados,   Impresoras, T\u00f3ner, C\u00e1maras de Seguridad y m\u00e1s en tu tienda en l\u00ednea\",\"publisher\":{\"@id\":\"https:\/\/compuviper.mx\/tienda\/#organization\"},\"potentialAction\":[{\"@type\":\"SearchAction\",\"target\":{\"@type\":\"EntryPoint\",\"urlTemplate\":\"https:\/\/compuviper.mx\/tienda\/?s={search_term_string}\"},\"query-input\":\"required name=search_term_string\"}],\"inLanguage\":\"es-MX\"},{\"@type\":\"Organization\",\"@id\":\"https:\/\/compuviper.mx\/tienda\/#organization\",\"name\":\"Compuviper\",\"url\":\"https:\/\/compuviper.mx\/tienda\/\",\"logo\":{\"@type\":\"ImageObject\",\"inLanguage\":\"es-MX\",\"@id\":\"https:\/\/compuviper.mx\/tienda\/#\/schema\/logo\/image\/\",\"url\":\"https:\/\/compuviper.mx\/tienda\/wp-content\/uploads\/2021\/08\/Logo-Compuviper-10.png\",\"contentUrl\":\"https:\/\/compuviper.mx\/tienda\/wp-content\/uploads\/2021\/08\/Logo-Compuviper-10.png\",\"width\":1000,\"height\":500,\"caption\":\"Compuviper\"},\"image\":{\"@id\":\"https:\/\/compuviper.mx\/tienda\/#\/schema\/logo\/image\/\"},\"sameAs\":[\"https:\/\/www.facebook.com\/compuviper\",\"https:\/\/www.youtube.com\/channel\/UCf73dERp9Y3cfOq7q8BhLjA?view_as=subscriber\"]}]}<\/script>\n<meta property=\"product:brand\" content=\"LOGITECH\" \/>\n<meta property=\"product:price:amount\" content=\"1072\" \/>\n<meta property=\"product:price:currency\" content=\"MXN\" \/>\n<meta property=\"og:availability\" content=\"out of stock\" \/>\n<meta property=\"product:availability\" content=\"out of stock\" \/>\n<meta property=\"product:retailer_item_id\" content=\"941-000119\" \/>\n<meta property=\"product:condition\" content=\"new\" \/>\n<!-- \/ Yoast SEO plugin. -->","yoast_head_json":{"title":"[ Logitech ] &#129351; 941-000119 Palanca Para Volantes De Carreras G29 Y G920 Driving Force","description":"Compra 941-000119 Palanca Para Volantes De Carreras G29 Y G920 Driving Force + Env\u00edo a domicilio + Pago seguro + Garant\u00eda","robots":{"index":"index","follow":"follow","max-snippet":"max-snippet:-1","max-image-preview":"max-image-preview:large","max-video-preview":"max-video-preview:-1"},"canonical":"https:\/\/compuviper.mx\/tienda\/producto\/logitech-941-000119-palanca-para-volantes-de-carreras-g29-y-g920-driving-force\/","og_locale":"es_MX","og_type":"article","og_title":"[ Logitech ] &#129351; 941-000119 Palanca Para Volantes De Carreras G29 Y G920 Driving Force","og_description":"Compra 941-000119 Palanca Para Volantes De Carreras G29 Y G920 Driving Force + Env\u00edo a domicilio + Pago seguro + Garant\u00eda","og_url":"https:\/\/compuviper.mx\/tienda\/producto\/logitech-941-000119-palanca-para-volantes-de-carreras-g29-y-g920-driving-force\/","og_site_name":"Compuviper","article_publisher":"https:\/\/www.facebook.com\/compuviper","og_image":[{"width":200,"height":200,"url":"https:\/\/compuviper.mx\/tienda\/wp-content\/uploads\/2023\/12\/Palanca-para-volantes-de-carreras-logitech-g29-y-g920-driving-force.jpg","type":"image\/jpeg"}],"twitter_card":"summary_large_image","twitter_misc":{"Precio":"&#36;1,072 con IVA","Availability":"Out of stock"},"schema":{"@context":"https:\/\/schema.org","@graph":[{"@type":"WebPage","@id":"https:\/\/compuviper.mx\/tienda\/producto\/logitech-941-000119-palanca-para-volantes-de-carreras-g29-y-g920-driving-force\/","url":"https:\/\/compuviper.mx\/tienda\/producto\/logitech-941-000119-palanca-para-volantes-de-carreras-g29-y-g920-driving-force\/","name":"[ Logitech ] &#129351; 941-000119 Palanca Para Volantes De Carreras G29 Y G920 Driving Force","isPartOf":{"@id":"https:\/\/compuviper.mx\/tienda\/#website"},"datePublished":"2026-04-09T06:55:17+00:00","dateModified":"2026-04-09T06:55:17+00:00","description":"Compra 941-000119 Palanca Para Volantes De Carreras G29 Y G920 Driving Force + Env\u00edo a domicilio + Pago seguro + Garant\u00eda","breadcrumb":{"@id":"https:\/\/compuviper.mx\/tienda\/producto\/logitech-941-000119-palanca-para-volantes-de-carreras-g29-y-g920-driving-force\/#breadcrumb"},"inLanguage":"es-MX","potentialAction":[{"@type":"ReadAction","target":["https:\/\/compuviper.mx\/tienda\/producto\/logitech-941-000119-palanca-para-volantes-de-carreras-g29-y-g920-driving-force\/"]}]},{"@type":"BreadcrumbList","@id":"https:\/\/compuviper.mx\/tienda\/producto\/logitech-941-000119-palanca-para-volantes-de-carreras-g29-y-g920-driving-force\/#breadcrumb","itemListElement":[{"@type":"ListItem","position":1,"name":"Inicio","item":"https:\/\/compuviper.mx\/tienda\/"},{"@type":"ListItem","position":2,"name":"Productos","item":"https:\/\/compuviper.mx\/tienda\/productos\/"},{"@type":"ListItem","position":3,"name":"Games","item":"https:\/\/compuviper.mx\/tienda\/categoria-producto\/games\/"},{"@type":"ListItem","position":4,"name":"Volante","item":"https:\/\/compuviper.mx\/tienda\/categoria-producto\/games\/volante\/"},{"@type":"ListItem","position":5,"name":"Logitech 941-000119 Palanca Para Volantes De Carreras G29 Y G920 Driving Force"}]},{"@type":"WebSite","@id":"https:\/\/compuviper.mx\/tienda\/#website","url":"https:\/\/compuviper.mx\/tienda\/","name":"Compuviper","description":"Proveedor de Computadoras, Laptops, Servidores, Monitores, Puntos de Venta, Teclados,   Impresoras, T\u00f3ner, C\u00e1maras de Seguridad y m\u00e1s en tu tienda en l\u00ednea","publisher":{"@id":"https:\/\/compuviper.mx\/tienda\/#organization"},"potentialAction":[{"@type":"SearchAction","target":{"@type":"EntryPoint","urlTemplate":"https:\/\/compuviper.mx\/tienda\/?s={search_term_string}"},"query-input":"required name=search_term_string"}],"inLanguage":"es-MX"},{"@type":"Organization","@id":"https:\/\/compuviper.mx\/tienda\/#organization","name":"Compuviper","url":"https:\/\/compuviper.mx\/tienda\/","logo":{"@type":"ImageObject","inLanguage":"es-MX","@id":"https:\/\/compuviper.mx\/tienda\/#\/schema\/logo\/image\/","url":"https:\/\/compuviper.mx\/tienda\/wp-content\/uploads\/2021\/08\/Logo-Compuviper-10.png","contentUrl":"https:\/\/compuviper.mx\/tienda\/wp-content\/uploads\/2021\/08\/Logo-Compuviper-10.png","width":1000,"height":500,"caption":"Compuviper"},"image":{"@id":"https:\/\/compuviper.mx\/tienda\/#\/schema\/logo\/image\/"},"sameAs":["https:\/\/www.facebook.com\/compuviper","https:\/\/www.youtube.com\/channel\/UCf73dERp9Y3cfOq7q8BhLjA?view_as=subscriber"]}]},"product_brand":"LOGITECH","product_price_amount":"1072","product_price_currency":"MXN","og_availability":"out of stock","product_availability":"out of stock","product_retailer_item_id":"941-000119","product_condition":"new"},"_links":{"self":[{"href":"https:\/\/compuviper.mx\/tienda\/wp-json\/wp\/v2\/product\/219588"}],"collection":[{"href":"https:\/\/compuviper.mx\/tienda\/wp-json\/wp\/v2\/product"}],"about":[{"href":"https:\/\/compuviper.mx\/tienda\/wp-json\/wp\/v2\/types\/product"}],"replies":[{"embeddable":true,"href":"https:\/\/compuviper.mx\/tienda\/wp-json\/wp\/v2\/comments?post=219588"}],"wp:featuredmedia":[{"embeddable":true,"href":"https:\/\/compuviper.mx\/tienda\/wp-json\/wp\/v2\/media\/219589"}],"wp:attachment":[{"href":"https:\/\/compuviper.mx\/tienda\/wp-json\/wp\/v2\/media?parent=219588"}],"wp:term":[{"taxonomy":"product_cat","embeddable":true,"href":"https:\/\/compuviper.mx\/tienda\/wp-json\/wp\/v2\/product_cat?post=219588"},{"taxonomy":"product_tag","embeddable":true,"href":"https:\/\/compuviper.mx\/tienda\/wp-json\/wp\/v2\/product_tag?post=219588"}],"curies":[{"name":"wp","href":"https:\/\/api.w.org\/{rel}","templated":true}]}}