{"id":219585,"date":"2026-04-09T00:55:04","date_gmt":"2026-04-09T06:55:04","guid":{"rendered":"https:\/\/compuviper.mx\/tienda\/producto\/logitech-941-000156-volante-de-simulador-de-carreras-g923-trueforce-para-xbox-series-x-s-xbox-one-y-pc\/"},"modified":"2026-04-09T00:55:04","modified_gmt":"2026-04-09T06:55:04","slug":"logitech-941-000156-volante-simulador-de-carreras-g923-trueforce-para-xbox-one-xbox-series-x-s-y-pc","status":"publish","type":"product","link":"https:\/\/compuviper.mx\/tienda\/producto\/logitech-941-000156-volante-simulador-de-carreras-g923-trueforce-para-xbox-one-xbox-series-x-s-y-pc\/","title":{"rendered":"Logitech 941-000156 Volante Simulador De Carreras  G923 Trueforce Para Xbox One Xbox Series X\/s Y Pc"},"content":{"rendered":"<table class=\"descripcion\">\n<tr>\n<td>Especificaciones f\u00edsicas del volante<\/td>\n<\/tr>\n<tr>\n<td>Altura: 270 mm<\/td>\n<\/tr>\n<tr>\n<td>Ancho: 260 mm<\/td>\n<\/tr>\n<tr>\n<td>Profundidad: 278 mm<\/td>\n<\/tr>\n<tr>\n<td>Peso sin cables: 2,25 kg<\/td>\n<\/tr>\n<tr>\n<td>Especificaciones f\u00edsicas de los pedales<\/td>\n<\/tr>\n<tr>\n<td>Altura: 167 mm<\/td>\n<\/tr>\n<tr>\n<td>Ancho: 428,5 mm<\/td>\n<\/tr>\n<tr>\n<td>Profundidad: 311 mm<\/td>\n<\/tr>\n<tr>\n<td>Peso sin cables: 3,1 kg<\/td>\n<\/tr>\n<tr>\n<td>Especificaciones t\u00e9cnicas del volante<\/td>\n<\/tr>\n<tr>\n<td>Giro: 900 grados de giro de bloqueo a bloqueo<\/td>\n<\/tr>\n<tr>\n<td>Sensor de manejo tipo sala de juegos<\/td>\n<\/tr>\n<tr>\n<td>Force feedback de dos motores con trueforce<\/td>\n<\/tr>\n<tr>\n<td>Protecci\u00f3n contra sobrecalentamiento<\/td>\n<\/tr>\n<tr>\n<td>Especificaciones t\u00e9cnicas de los pedales<\/td>\n<\/tr>\n<tr>\n<td>Pedal del freno no lineal<\/td>\n<\/tr>\n<tr>\n<td>Sistema de alfombrilla antideslizante patentado<\/td>\n<\/tr>\n<tr>\n<td>Recubrimiento antideslizante<\/td>\n<\/tr>\n<tr>\n<td>Calibraci\u00f3n autom\u00e1tica<\/td>\n<\/tr>\n<tr>\n<td>Materiales:<\/td>\n<\/tr>\n<tr>\n<td>Radios del volante: aluminio anodizado<\/td>\n<\/tr>\n<tr>\n<td>Recubrimiento del volante: cuero cosido a mano<\/td>\n<\/tr>\n<tr>\n<td>Eje de manejo: acero<\/td>\n<\/tr>\n<tr>\n<td>Palancas de cambio: acero inoxidable bru\u00f1ido<\/td>\n<\/tr>\n<tr>\n<td>Mordazas de montaje: nylon relleno de cristal<\/td>\n<\/tr>\n<tr>\n<td>Brazos y estructuras de pedales: acero laminado en fr\u00edo<\/td>\n<\/tr>\n<tr>\n<td>Fundas de pistones de pedales: termopl\u00e1stico polioximetileno (pom)<\/td>\n<\/tr>\n<tr>\n<td>Informaci\u00f3n de garant\u00eda<\/td>\n<\/tr>\n<tr>\n<td>Dos a\u00f1os de garant\u00eda de hardware limitada<\/td>\n<\/tr>\n<tr>\n<td>N\u00famero de referencia<\/td>\n<\/tr>\n<tr>\n<td>Negro xbox series x|s \/xbox one\/pc : 941-000156<\/td>\n<\/tr>\n<tr>\n<td>Negro ps5 \/playstation \/pc : 941-000147<\/td>\n<\/tr>\n<tr>\n<td>En la caja<\/td>\n<\/tr>\n<tr>\n<td>Volante de carreras<\/td>\n<\/tr>\n<tr>\n<td>Pedales<\/td>\n<\/tr>\n<tr>\n<td>Fuente de alimentaci\u00f3n<\/td>\n<\/tr>\n<tr>\n<td>Documentaci\u00f3n del usuario<\/td>\n<\/tr>\n<tr>\n<td>Compatibilidad<\/td>\n<\/tr>\n<tr>\n<td>Requisitos (xbox series x|s y xbox one)<\/td>\n<\/tr>\n<tr>\n<td>Sistema de juego xbox series x|s o xbox one<\/td>\n<\/tr>\n<tr>\n<td>Juego compatible con volante de carreras con force feedback de logitech 1para ver una lista de juegos compatibles, visita logitechg.com\/support\/g923-xb1<\/td>\n<\/tr>\n<tr>\n<td>Requisitos (playstation 5 o playstation 4)<\/td>\n<\/tr>\n<tr>\n<td>Sistema playstation 5 o playstation 4<\/td>\n<\/tr>\n<tr>\n<td>Juego compatible con volante de carreras con force feedback de logitech. 2para ver una lista de juegos compatibles, visita logitechg.com\/support\/g923-xb1<\/td>\n<\/tr>\n<tr>\n<td>Requisitos (pc)<\/td>\n<\/tr>\n<tr>\n<td>Windows\u00ae 11 or windows 10<\/td>\n<\/tr>\n<tr>\n<td>150 mb de espacio disponible en el disco duro<\/td>\n<\/tr>\n<tr>\n<td>Puerto usb 2.0<\/td>\n<\/tr>\n<tr>\n<td>Juego compatible con volante de carreras con force feedback de logitech. 3para ver una lista de juegos compatibles, visita logitechg.com\/support\/g923-xb1<\/td>\n<\/tr>\n<\/table>\n","protected":false},"excerpt":{"rendered":"<p>Siente el futuro de las carreras. Presentamos la pr\u00f3xima generaci\u00f3n de volantes de carreras. Nueva concepci\u00f3n del galardonado dise\u00f1o logitech g para accesar a la f\u00edsica de los juegos y ofrecer un realismo sin precedentes. Siente a tope la energ\u00eda de los pistones, el crujir de la gravilla, y cada cambio, derrape y curva cerrada. Simulaci\u00f3n de pr\u00f3xima generaci\u00f3n con trueforce. Nuestra m\u00e1s reciente innovaci\u00f3n en tecnolog\u00eda force feedback se conecta directamente a los motores y la f\u00edsica de simulaci\u00f3n de los juegos para producir respuestas de mayor fidelidad en tiempo real. El rango de frecuencia de retroalimentaci\u00f3n tambi\u00e9n se incrementa para mejorar dr\u00e1sticamente los detalles y el realismo en comparaci\u00f3n con las generaciones anteriores.4trueforce y las caracter\u00edsticas avanzadas requieren la integraci\u00f3n del juego. Visita logitechg.Com\/support\/g923-xb1 para ver una lista completa de los juegos compatibles. Control de motor en bucle cerrado. La corriente correcta implica el par motor correcto. El avanzado firmware de g923 monitoriza toda la corriente que fluye por los motores del volante, ajustando continuamente el voltaje para que coincida con las salidas de la f\u00edsica del juego. Al ir m\u00e1s all\u00e1 de los ajustes predeterminados, g923 ofrece una precisi\u00f3n milim\u00e9trica y un realismo sin precedentes.<\/p>\n","protected":false},"featured_media":242697,"comment_status":"open","ping_status":"open","template":"","meta":[],"product_cat":[1738,1965],"product_tag":[1500],"acf":[],"yoast_head":"<!-- This site is optimized with the Yoast SEO plugin v21.7 - https:\/\/yoast.com\/wordpress\/plugins\/seo\/ -->\n<title>[ Logitech ] &#129351; 941-000156 Volante Simulador De Carreras G923 Trueforce Para Xbox One Xbox Series X\/s Y Pc<\/title>\n<meta name=\"description\" content=\"Compra 941-000156 Volante Simulador De Carreras G923 Trueforce Para Xbox One Xbox Series X\/s Y Pc + Env\u00edo a domicilio + Pago seguro + Garant\u00eda\" \/>\n<meta name=\"robots\" content=\"index, follow, max-snippet:-1, max-image-preview:large, max-video-preview:-1\" \/>\n<link rel=\"canonical\" href=\"https:\/\/compuviper.mx\/tienda\/producto\/logitech-941-000156-volante-simulador-de-carreras-g923-trueforce-para-xbox-one-xbox-series-x-s-y-pc\/\" \/>\n<meta property=\"og:locale\" content=\"es_MX\" \/>\n<meta property=\"og:type\" content=\"article\" \/>\n<meta property=\"og:title\" content=\"[ Logitech ] &#129351; 941-000156 Volante Simulador De Carreras G923 Trueforce Para Xbox One Xbox Series X\/s Y Pc\" \/>\n<meta property=\"og:description\" content=\"Compra 941-000156 Volante Simulador De Carreras G923 Trueforce Para Xbox One Xbox Series X\/s Y Pc + Env\u00edo a domicilio + Pago seguro + Garant\u00eda\" \/>\n<meta property=\"og:url\" content=\"https:\/\/compuviper.mx\/tienda\/producto\/logitech-941-000156-volante-simulador-de-carreras-g923-trueforce-para-xbox-one-xbox-series-x-s-y-pc\/\" \/>\n<meta property=\"og:site_name\" content=\"Compuviper\" \/>\n<meta property=\"article:publisher\" content=\"https:\/\/www.facebook.com\/compuviper\" \/>\n<meta property=\"og:image\" content=\"https:\/\/compuviper.mx\/tienda\/wp-content\/uploads\/2024\/09\/Volante-de-simulador-de-carreras-logitech-g923-trueforce-para-xbox-series-x-s-xbox-one-y-pc.jpg\" \/>\n\t<meta property=\"og:image:width\" content=\"200\" \/>\n\t<meta property=\"og:image:height\" content=\"200\" \/>\n\t<meta property=\"og:image:type\" content=\"image\/jpeg\" \/>\n<meta name=\"twitter:card\" content=\"summary_large_image\" \/>\n<meta name=\"twitter:label1\" content=\"Precio\" \/>\n\t<meta name=\"twitter:data1\" content=\"&#36;6,235 con IVA\" \/>\n\t<meta name=\"twitter:label2\" content=\"Availability\" \/>\n\t<meta name=\"twitter:data2\" content=\"Out of stock\" \/>\n<script type=\"application\/ld+json\" class=\"yoast-schema-graph\">{\"@context\":\"https:\/\/schema.org\",\"@graph\":[{\"@type\":\"WebPage\",\"@id\":\"https:\/\/compuviper.mx\/tienda\/producto\/logitech-941-000156-volante-simulador-de-carreras-g923-trueforce-para-xbox-one-xbox-series-x-s-y-pc\/\",\"url\":\"https:\/\/compuviper.mx\/tienda\/producto\/logitech-941-000156-volante-simulador-de-carreras-g923-trueforce-para-xbox-one-xbox-series-x-s-y-pc\/\",\"name\":\"[ Logitech ] &#129351; 941-000156 Volante Simulador De Carreras G923 Trueforce Para Xbox One Xbox Series X\/s Y Pc\",\"isPartOf\":{\"@id\":\"https:\/\/compuviper.mx\/tienda\/#website\"},\"datePublished\":\"2026-04-09T06:55:04+00:00\",\"dateModified\":\"2026-04-09T06:55:04+00:00\",\"description\":\"Compra 941-000156 Volante Simulador De Carreras G923 Trueforce Para Xbox One Xbox Series X\/s Y Pc + Env\u00edo a domicilio + Pago seguro + Garant\u00eda\",\"breadcrumb\":{\"@id\":\"https:\/\/compuviper.mx\/tienda\/producto\/logitech-941-000156-volante-simulador-de-carreras-g923-trueforce-para-xbox-one-xbox-series-x-s-y-pc\/#breadcrumb\"},\"inLanguage\":\"es-MX\",\"potentialAction\":[{\"@type\":\"ReadAction\",\"target\":[\"https:\/\/compuviper.mx\/tienda\/producto\/logitech-941-000156-volante-simulador-de-carreras-g923-trueforce-para-xbox-one-xbox-series-x-s-y-pc\/\"]}]},{\"@type\":\"BreadcrumbList\",\"@id\":\"https:\/\/compuviper.mx\/tienda\/producto\/logitech-941-000156-volante-simulador-de-carreras-g923-trueforce-para-xbox-one-xbox-series-x-s-y-pc\/#breadcrumb\",\"itemListElement\":[{\"@type\":\"ListItem\",\"position\":1,\"name\":\"Inicio\",\"item\":\"https:\/\/compuviper.mx\/tienda\/\"},{\"@type\":\"ListItem\",\"position\":2,\"name\":\"Productos\",\"item\":\"https:\/\/compuviper.mx\/tienda\/productos\/\"},{\"@type\":\"ListItem\",\"position\":3,\"name\":\"Games\",\"item\":\"https:\/\/compuviper.mx\/tienda\/categoria-producto\/games\/\"},{\"@type\":\"ListItem\",\"position\":4,\"name\":\"Volante\",\"item\":\"https:\/\/compuviper.mx\/tienda\/categoria-producto\/games\/volante\/\"},{\"@type\":\"ListItem\",\"position\":5,\"name\":\"Logitech 941-000156 Volante Simulador De Carreras G923 Trueforce Para Xbox One Xbox Series X\/s Y Pc\"}]},{\"@type\":\"WebSite\",\"@id\":\"https:\/\/compuviper.mx\/tienda\/#website\",\"url\":\"https:\/\/compuviper.mx\/tienda\/\",\"name\":\"Compuviper\",\"description\":\"Proveedor de Computadoras, Laptops, Servidores, Monitores, Puntos de Venta, Teclados,   Impresoras, T\u00f3ner, C\u00e1maras de Seguridad y m\u00e1s en tu tienda en l\u00ednea\",\"publisher\":{\"@id\":\"https:\/\/compuviper.mx\/tienda\/#organization\"},\"potentialAction\":[{\"@type\":\"SearchAction\",\"target\":{\"@type\":\"EntryPoint\",\"urlTemplate\":\"https:\/\/compuviper.mx\/tienda\/?s={search_term_string}\"},\"query-input\":\"required name=search_term_string\"}],\"inLanguage\":\"es-MX\"},{\"@type\":\"Organization\",\"@id\":\"https:\/\/compuviper.mx\/tienda\/#organization\",\"name\":\"Compuviper\",\"url\":\"https:\/\/compuviper.mx\/tienda\/\",\"logo\":{\"@type\":\"ImageObject\",\"inLanguage\":\"es-MX\",\"@id\":\"https:\/\/compuviper.mx\/tienda\/#\/schema\/logo\/image\/\",\"url\":\"https:\/\/compuviper.mx\/tienda\/wp-content\/uploads\/2021\/08\/Logo-Compuviper-10.png\",\"contentUrl\":\"https:\/\/compuviper.mx\/tienda\/wp-content\/uploads\/2021\/08\/Logo-Compuviper-10.png\",\"width\":1000,\"height\":500,\"caption\":\"Compuviper\"},\"image\":{\"@id\":\"https:\/\/compuviper.mx\/tienda\/#\/schema\/logo\/image\/\"},\"sameAs\":[\"https:\/\/www.facebook.com\/compuviper\",\"https:\/\/www.youtube.com\/channel\/UCf73dERp9Y3cfOq7q8BhLjA?view_as=subscriber\"]}]}<\/script>\n<meta property=\"product:brand\" content=\"LOGITECH\" \/>\n<meta property=\"product:price:amount\" content=\"6235\" \/>\n<meta property=\"product:price:currency\" content=\"MXN\" \/>\n<meta property=\"og:availability\" content=\"out of stock\" \/>\n<meta property=\"product:availability\" content=\"out of stock\" \/>\n<meta property=\"product:retailer_item_id\" content=\"941-000156\" \/>\n<meta property=\"product:condition\" content=\"new\" \/>\n<!-- \/ Yoast SEO plugin. -->","yoast_head_json":{"title":"[ Logitech ] &#129351; 941-000156 Volante Simulador De Carreras G923 Trueforce Para Xbox One Xbox Series X\/s Y Pc","description":"Compra 941-000156 Volante Simulador De Carreras G923 Trueforce Para Xbox One Xbox Series X\/s Y Pc + Env\u00edo a domicilio + Pago seguro + Garant\u00eda","robots":{"index":"index","follow":"follow","max-snippet":"max-snippet:-1","max-image-preview":"max-image-preview:large","max-video-preview":"max-video-preview:-1"},"canonical":"https:\/\/compuviper.mx\/tienda\/producto\/logitech-941-000156-volante-simulador-de-carreras-g923-trueforce-para-xbox-one-xbox-series-x-s-y-pc\/","og_locale":"es_MX","og_type":"article","og_title":"[ Logitech ] &#129351; 941-000156 Volante Simulador De Carreras G923 Trueforce Para Xbox One Xbox Series X\/s Y Pc","og_description":"Compra 941-000156 Volante Simulador De Carreras G923 Trueforce Para Xbox One Xbox Series X\/s Y Pc + Env\u00edo a domicilio + Pago seguro + Garant\u00eda","og_url":"https:\/\/compuviper.mx\/tienda\/producto\/logitech-941-000156-volante-simulador-de-carreras-g923-trueforce-para-xbox-one-xbox-series-x-s-y-pc\/","og_site_name":"Compuviper","article_publisher":"https:\/\/www.facebook.com\/compuviper","og_image":[{"width":200,"height":200,"url":"https:\/\/compuviper.mx\/tienda\/wp-content\/uploads\/2024\/09\/Volante-de-simulador-de-carreras-logitech-g923-trueforce-para-xbox-series-x-s-xbox-one-y-pc.jpg","type":"image\/jpeg"}],"twitter_card":"summary_large_image","twitter_misc":{"Precio":"&#36;6,235 con IVA","Availability":"Out of stock"},"schema":{"@context":"https:\/\/schema.org","@graph":[{"@type":"WebPage","@id":"https:\/\/compuviper.mx\/tienda\/producto\/logitech-941-000156-volante-simulador-de-carreras-g923-trueforce-para-xbox-one-xbox-series-x-s-y-pc\/","url":"https:\/\/compuviper.mx\/tienda\/producto\/logitech-941-000156-volante-simulador-de-carreras-g923-trueforce-para-xbox-one-xbox-series-x-s-y-pc\/","name":"[ Logitech ] &#129351; 941-000156 Volante Simulador De Carreras G923 Trueforce Para Xbox One Xbox Series X\/s Y Pc","isPartOf":{"@id":"https:\/\/compuviper.mx\/tienda\/#website"},"datePublished":"2026-04-09T06:55:04+00:00","dateModified":"2026-04-09T06:55:04+00:00","description":"Compra 941-000156 Volante Simulador De Carreras G923 Trueforce Para Xbox One Xbox Series X\/s Y Pc + Env\u00edo a domicilio + Pago seguro + Garant\u00eda","breadcrumb":{"@id":"https:\/\/compuviper.mx\/tienda\/producto\/logitech-941-000156-volante-simulador-de-carreras-g923-trueforce-para-xbox-one-xbox-series-x-s-y-pc\/#breadcrumb"},"inLanguage":"es-MX","potentialAction":[{"@type":"ReadAction","target":["https:\/\/compuviper.mx\/tienda\/producto\/logitech-941-000156-volante-simulador-de-carreras-g923-trueforce-para-xbox-one-xbox-series-x-s-y-pc\/"]}]},{"@type":"BreadcrumbList","@id":"https:\/\/compuviper.mx\/tienda\/producto\/logitech-941-000156-volante-simulador-de-carreras-g923-trueforce-para-xbox-one-xbox-series-x-s-y-pc\/#breadcrumb","itemListElement":[{"@type":"ListItem","position":1,"name":"Inicio","item":"https:\/\/compuviper.mx\/tienda\/"},{"@type":"ListItem","position":2,"name":"Productos","item":"https:\/\/compuviper.mx\/tienda\/productos\/"},{"@type":"ListItem","position":3,"name":"Games","item":"https:\/\/compuviper.mx\/tienda\/categoria-producto\/games\/"},{"@type":"ListItem","position":4,"name":"Volante","item":"https:\/\/compuviper.mx\/tienda\/categoria-producto\/games\/volante\/"},{"@type":"ListItem","position":5,"name":"Logitech 941-000156 Volante Simulador De Carreras G923 Trueforce Para Xbox One Xbox Series X\/s Y Pc"}]},{"@type":"WebSite","@id":"https:\/\/compuviper.mx\/tienda\/#website","url":"https:\/\/compuviper.mx\/tienda\/","name":"Compuviper","description":"Proveedor de Computadoras, Laptops, Servidores, Monitores, Puntos de Venta, Teclados,   Impresoras, T\u00f3ner, C\u00e1maras de Seguridad y m\u00e1s en tu tienda en l\u00ednea","publisher":{"@id":"https:\/\/compuviper.mx\/tienda\/#organization"},"potentialAction":[{"@type":"SearchAction","target":{"@type":"EntryPoint","urlTemplate":"https:\/\/compuviper.mx\/tienda\/?s={search_term_string}"},"query-input":"required name=search_term_string"}],"inLanguage":"es-MX"},{"@type":"Organization","@id":"https:\/\/compuviper.mx\/tienda\/#organization","name":"Compuviper","url":"https:\/\/compuviper.mx\/tienda\/","logo":{"@type":"ImageObject","inLanguage":"es-MX","@id":"https:\/\/compuviper.mx\/tienda\/#\/schema\/logo\/image\/","url":"https:\/\/compuviper.mx\/tienda\/wp-content\/uploads\/2021\/08\/Logo-Compuviper-10.png","contentUrl":"https:\/\/compuviper.mx\/tienda\/wp-content\/uploads\/2021\/08\/Logo-Compuviper-10.png","width":1000,"height":500,"caption":"Compuviper"},"image":{"@id":"https:\/\/compuviper.mx\/tienda\/#\/schema\/logo\/image\/"},"sameAs":["https:\/\/www.facebook.com\/compuviper","https:\/\/www.youtube.com\/channel\/UCf73dERp9Y3cfOq7q8BhLjA?view_as=subscriber"]}]},"product_brand":"LOGITECH","product_price_amount":"6235","product_price_currency":"MXN","og_availability":"out of stock","product_availability":"out of stock","product_retailer_item_id":"941-000156","product_condition":"new"},"_links":{"self":[{"href":"https:\/\/compuviper.mx\/tienda\/wp-json\/wp\/v2\/product\/219585"}],"collection":[{"href":"https:\/\/compuviper.mx\/tienda\/wp-json\/wp\/v2\/product"}],"about":[{"href":"https:\/\/compuviper.mx\/tienda\/wp-json\/wp\/v2\/types\/product"}],"replies":[{"embeddable":true,"href":"https:\/\/compuviper.mx\/tienda\/wp-json\/wp\/v2\/comments?post=219585"}],"wp:featuredmedia":[{"embeddable":true,"href":"https:\/\/compuviper.mx\/tienda\/wp-json\/wp\/v2\/media\/242697"}],"wp:attachment":[{"href":"https:\/\/compuviper.mx\/tienda\/wp-json\/wp\/v2\/media?parent=219585"}],"wp:term":[{"taxonomy":"product_cat","embeddable":true,"href":"https:\/\/compuviper.mx\/tienda\/wp-json\/wp\/v2\/product_cat?post=219585"},{"taxonomy":"product_tag","embeddable":true,"href":"https:\/\/compuviper.mx\/tienda\/wp-json\/wp\/v2\/product_tag?post=219585"}],"curies":[{"name":"wp","href":"https:\/\/api.w.org\/{rel}","templated":true}]}}