{"id":219582,"date":"2026-04-09T00:55:03","date_gmt":"2026-04-09T06:55:03","guid":{"rendered":"https:\/\/compuviper.mx\/tienda\/producto\/logitech-941-000111-volante-de-carreras-driving-force-g29-para-playstation-3-y-4\/"},"modified":"2026-04-09T00:55:03","modified_gmt":"2026-04-09T06:55:03","slug":"logitech-941-000111-volante-simulador-de-carreras-g29-driving-force-para-playstation-3-4-y-pc","status":"publish","type":"product","link":"https:\/\/compuviper.mx\/tienda\/producto\/logitech-941-000111-volante-simulador-de-carreras-g29-driving-force-para-playstation-3-4-y-pc\/","title":{"rendered":"Logitech 941-000111 Volante Simulador De Carreras  G29 Driving Force Para Playstation 3, 4 Y Pc"},"content":{"rendered":"<table class=\"descripcion\">\n<tr>\n<td>Funciones<\/td>\n<\/tr>\n<tr>\n<td>Para playstation 3 y playstation 4<\/td>\n<\/tr>\n<tr>\n<td>Mejora tu experiencia con la consola<\/td>\n<\/tr>\n<tr>\n<td>Despu\u00e9s de a\u00f1adir driving force a tu selecci\u00f3n de controlador, ya no querr\u00e1s simular carreras con un controlador est\u00e1ndar nunca m\u00e1s.<\/td>\n<\/tr>\n<tr>\n<td>El volante g29 se ha dise\u00f1ado para los juegos de carreras m\u00e1s recientes para playstation\u00ae4 y playstation\u00ae3. g29 driving force tambi\u00e9n se puede usar en pc con logitech gaming software.<\/td>\n<\/tr>\n<tr>\n<td>Force feedback con dos motores<\/td>\n<\/tr>\n<tr>\n<td>Siente cada cambio de peso y cada derrapada<\/td>\n<\/tr>\n<tr>\n<td>Siente los neum\u00e1ticos en cada giro, el tipo de terreno, los subvirajes y sobrevirajes, y m\u00e1s. el potente force feedback con dos motores simula con realismo los efectos de vibraci\u00f3n para que respondas con precisi\u00f3n.<\/td>\n<\/tr>\n<tr>\n<td>Construcci\u00f3n duradera<\/td>\n<\/tr>\n<tr>\n<td>Los materiales hechos para carreras pueden con todo<\/td>\n<\/tr>\n<tr>\n<td>Driving force afronta con aplomo la acci\u00f3n y est\u00e1 hecho para durar sin decepcionar. el g29 tiene cojinetes de acero en el eje del volante, y pedales y palancas de cambio de acero inoxidable. el volante de carreras est\u00e1 forrado en cuero de gran calidad cosido a mano para recrear el dise\u00f1o de un volante de un coche de carreras de gran rendimiento y hacer tu experiencia m\u00e1s c\u00f3moda y duradera.<\/td>\n<\/tr>\n<tr>\n<td>Engranajes helicoidales contra holgura excesiva<\/td>\n<\/tr>\n<tr>\n<td>Control firme, fluido y preciso<\/td>\n<\/tr>\n<tr>\n<td>La acci\u00f3n es extraordinariamente fluida y silenciosa. el dise\u00f1o de los engranajes helicoidales est\u00e1 basado en el de los que utiliza la transmisi\u00f3n automotriz para reducir ruido y vibraci\u00f3n no deseados. la tensi\u00f3n contra holgura excesiva mantiene el volante y los pedales firmes para maximizar el control. el volante de carreras g29 driving force incluye un sensor de conducci\u00f3n tipo sala de juegos fiable y duradero que usa campos magn\u00e9ticos para detectar la posici\u00f3n del volante.<\/td>\n<\/tr>\n<tr>\n<td>Controles para juegos de f\u00e1cil acceso<\/td>\n<\/tr>\n<tr>\n<td>El control en tus manos<\/td>\n<\/tr>\n<tr>\n<td>Todos los controles son f\u00e1cilmente accesibles. el mando de direcci\u00f3n, los botones y las palancas de cambio est\u00e1n incorporados en el volante. los led situados justo encima del centro del volante indican cu\u00e1ndo subir o bajar de marcha. mantienes la m\u00e1xima aceleraci\u00f3n sin necesidad de apartar la vista de la carretera. un dial de selecci\u00f3n de 24 puntos y los botones +\/- en la parte frontal del volante ayudan a elegir las preferencias de conducci\u00f3n.<\/td>\n<\/tr>\n<tr>\n<td>Eficaz pedal independiente para el suelo<\/td>\n<\/tr>\n<tr>\n<td>Ajustable para un control absoluto<\/td>\n<\/tr>\n<tr>\n<td>Conduce en una posici\u00f3n m\u00e1s natural gracias al pedal independiente para el suelo, con pedales de acelerador, freno y embrague integrados. g29 driving force permite acelerar, frenar y cambiar de marcha c\u00f3modamente, con la misma sensaci\u00f3n que un coche de verdad.<\/td>\n<\/tr>\n<tr>\n<td>El pedal del freno no lineal simula la respuesta del sistema de frenos sensibles a la presi\u00f3n, para una sensaci\u00f3n de frenado m\u00e1s precisa y receptiva. para tener a\u00fan m\u00e1s control, coloca las superficies de los pedales de modo que te faciliten las maniobras de tal\u00f3n puntera.<\/td>\n<\/tr>\n<tr>\n<td>Los pies de goma para superficies duras y el sistema antideslizante retr\u00e1ctil patentado hacen que los pedales se mantengan donde t\u00fa los coloques.<\/td>\n<\/tr>\n<tr>\n<td>Montaje seguro<\/td>\n<\/tr>\n<tr>\n<td>La conducci\u00f3n totalmente en tus manos<\/td>\n<\/tr>\n<tr>\n<td>Conduce sin miedo, con la certeza de que el volante no se mover\u00e1 a su aire durante las maniobras m\u00e1s agresivas. el volante de carreras se asegura a la mesa o al soporte para conducci\u00f3n mediante las abrazaderas integradas o atornill\u00e1ndolo.<\/td>\n<\/tr>\n<tr>\n<td>Alcanza un nivel superior con una cabina de simulaci\u00f3n de carreras playseat\u00ae.<\/td>\n<\/tr>\n<tr>\n<td>Rotaci\u00f3n de 900\u00b0<\/td>\n<\/tr>\n<tr>\n<td>Para girar con total realismo en la pista<\/td>\n<\/tr>\n<tr>\n<td>La rotaci\u00f3n de bloqueo a bloqueo de 900\u00b0 de g29 driving force quiere decir que puedes hacer dos giros y medio de volante. es el mismo grado de movimiento que el volante de un coche real.<\/td>\n<\/tr>\n<tr>\n<td>Gu\u00eda de volante<\/td>\n<\/tr>\n<tr>\n<td>Mant\u00e9n la orientaci\u00f3n correcta<\/td>\n<\/tr>\n<tr>\n<td>Puede ver f\u00e1cilmente hacia d\u00f3nde vas gracias a una gu\u00eda visual dentro de tu visi\u00f3n perif\u00e9rica. la gu\u00eda de volante ofrece una indicaci\u00f3n visual de la direcci\u00f3n seguida por el volante.<\/td>\n<\/tr>\n<tr>\n<td>Especificaciones<\/td>\n<\/tr>\n<tr>\n<td>N\u00famero de referencia<\/td>\n<\/tr>\n<tr>\n<td>941-000111<\/td>\n<\/tr>\n<tr>\n<td>Informaci\u00f3n de garant\u00eda<\/td>\n<\/tr>\n<tr>\n<td>Dos a\u00f1os de garant\u00eda de hardware limitada<\/td>\n<\/tr>\n<tr>\n<td>Requisitos del sistema<\/td>\n<\/tr>\n<tr>\n<td>Playstation\u00ae4 o playstation\u00ae3<\/td>\n<\/tr>\n<tr>\n<td>Puerto usb con alimentaci\u00f3n<\/td>\n<\/tr>\n<tr>\n<td>O<\/td>\n<\/tr>\n<tr>\n<td>Windows\u00ae 10, 8.1, windows 8 or windows 7<\/td>\n<\/tr>\n<tr>\n<td>Mac os 10.10+<\/td>\n<\/tr>\n<tr>\n<td>Puerto usb con alimentaci\u00f3n<\/td>\n<\/tr>\n<tr>\n<td>Conexi\u00f3n a internet y 150 mb de espacio en disco duro (para descarga de software opcional)<\/td>\n<\/tr>\n<tr>\n<td>Juegos compatibles con volante de carreras con force feedback de logitech\u00ae<\/td>\n<\/tr>\n<tr>\n<td>Contenido de la caja<\/td>\n<\/tr>\n<tr>\n<td>Volante<\/td>\n<\/tr>\n<tr>\n<td>Pedales<\/td>\n<\/tr>\n<tr>\n<td>Adaptador de corriente<\/td>\n<\/tr>\n<tr>\n<td>Documentaci\u00f3n del usuario<\/td>\n<\/tr>\n<tr>\n<td>Especificaciones f\u00edsicas<\/td>\n<\/tr>\n<tr>\n<td>Volante<\/td>\n<\/tr>\n<tr>\n<td>Altura: 270 mm<\/td>\n<\/tr>\n<tr>\n<td>Anchura: 260 mm<\/td>\n<\/tr>\n<tr>\n<td>Longitud: 278 mm<\/td>\n<\/tr>\n<tr>\n<td>Peso sin cables: 2,25 kg<\/td>\n<\/tr>\n<tr>\n<td>Pedal<\/td>\n<\/tr>\n<tr>\n<td>Altura: 167 mm<\/td>\n<\/tr>\n<tr>\n<td>Anchura: 428,5 mm<\/td>\n<\/tr>\n<tr>\n<td>Profundidad: 311 mm<\/td>\n<\/tr>\n<tr>\n<td>Peso sin cables: 3,1 kg<\/td>\n<\/tr>\n<tr>\n<td>Especificaciones t\u00e9cnicas<\/td>\n<\/tr>\n<tr>\n<td>Software compatible (en la fecha de lanzamiento): logitech gaming software<\/td>\n<\/tr>\n<tr>\n<td>Tipo de conexi\u00f3n: usb<\/td>\n<\/tr>\n<tr>\n<td>Usb vid_pid: 046d_c24f (pc mode)<\/td>\n<\/tr>\n<tr>\n<td>Protocolo usb: usb 2.0<\/td>\n<\/tr>\n<tr>\n<td>Velocidad usb: m\u00e1xima<\/td>\n<\/tr>\n<tr>\n<td>Indicadores luminosos (led): s\u00ed<\/td>\n<\/tr>\n<tr>\n<td>Volante<\/td>\n<\/tr>\n<tr>\n<td>Rotaci\u00f3n: 900 grados de bloqueo a bloqueo<\/td>\n<\/tr>\n<tr>\n<td>Sensor de conducci\u00f3n tipo sala de juegos<\/td>\n<\/tr>\n<tr>\n<td>Force feedback con dos motores<\/td>\n<\/tr>\n<tr>\n<td>Protecci\u00f3n contra sobrecalentamiento<\/td>\n<\/tr>\n<tr>\n<td>Pedales<\/td>\n<\/tr>\n<tr>\n<td>Pedal de freno no lineal<\/td>\n<\/tr>\n<tr>\n<td>Sistema de alfombrilla antideslizante patentado<\/td>\n<\/tr>\n<tr>\n<td>Recubrimiento antideslizante<\/td>\n<\/tr>\n<tr>\n<td>Calibraci\u00f3n autom\u00e1tica<\/td>\n<\/tr>\n<tr>\n<td>Materiales<\/td>\n<\/tr>\n<tr>\n<td>Radios del volante: aluminio anodizado<\/td>\n<\/tr>\n<tr>\n<td>Recubrimiento del volante: cuero cosido a mano<\/td>\n<\/tr>\n<tr>\n<td>Eje de conducci\u00f3n: acero<\/td>\n<\/tr>\n<tr>\n<td>Palancas de cambio: acero inoxidable bru\u00f1ido<\/td>\n<\/tr>\n<tr>\n<td>Pernos de montaje: nylon relleno de cristal<\/td>\n<\/tr>\n<tr>\n<td>Brazos y estructuras de pedales: acero laminado en fr\u00edo<\/td>\n<\/tr>\n<tr>\n<td>Superficies de los pedales: acero inoxidable bru\u00f1ido<\/td>\n<\/tr>\n<tr>\n<td>Fundas de pistones de pedales: termopl\u00e1stico polioximetileno (pom).<\/td>\n<\/tr>\n<\/table>\n","protected":false},"excerpt":{"rendered":"<p>Volante de carreras driving force para playstation 3 y playstation 4 g29 force feedback con dos motores engranajes heliocoidales silenciosos contra holgura excesica palancas de cambio de acero inoxidable integradas en el volante..<\/p>\n","protected":false},"featured_media":219583,"comment_status":"open","ping_status":"open","template":"","meta":[],"product_cat":[1738,1965],"product_tag":[1500],"acf":[],"yoast_head":"<!-- This site is optimized with the Yoast SEO plugin v21.7 - https:\/\/yoast.com\/wordpress\/plugins\/seo\/ -->\n<title>[ Logitech ] &#129351; 941-000111 Volante Simulador De Carreras G29 Driving Force Para Playstation 3, 4 Y Pc<\/title>\n<meta name=\"description\" content=\"Compra 941-000111 Volante Simulador De Carreras G29 Driving Force Para Playstation 3, 4 Y Pc + Env\u00edo a domicilio + Pago seguro + Garant\u00eda\" \/>\n<meta name=\"robots\" content=\"index, follow, max-snippet:-1, max-image-preview:large, max-video-preview:-1\" \/>\n<link rel=\"canonical\" href=\"https:\/\/compuviper.mx\/tienda\/producto\/logitech-941-000111-volante-simulador-de-carreras-g29-driving-force-para-playstation-3-4-y-pc\/\" \/>\n<meta property=\"og:locale\" content=\"es_MX\" \/>\n<meta property=\"og:type\" content=\"article\" \/>\n<meta property=\"og:title\" content=\"[ Logitech ] &#129351; 941-000111 Volante Simulador De Carreras G29 Driving Force Para Playstation 3, 4 Y Pc\" \/>\n<meta property=\"og:description\" content=\"Compra 941-000111 Volante Simulador De Carreras G29 Driving Force Para Playstation 3, 4 Y Pc + Env\u00edo a domicilio + Pago seguro + Garant\u00eda\" \/>\n<meta property=\"og:url\" content=\"https:\/\/compuviper.mx\/tienda\/producto\/logitech-941-000111-volante-simulador-de-carreras-g29-driving-force-para-playstation-3-4-y-pc\/\" \/>\n<meta property=\"og:site_name\" content=\"Compuviper\" \/>\n<meta property=\"article:publisher\" content=\"https:\/\/www.facebook.com\/compuviper\" \/>\n<meta property=\"og:image\" content=\"https:\/\/compuviper.mx\/tienda\/wp-content\/uploads\/2023\/12\/Volante-de-carreras-logitech-driving-force-g29-para-playstation-3-y-4.jpg\" \/>\n\t<meta property=\"og:image:width\" content=\"200\" \/>\n\t<meta property=\"og:image:height\" content=\"200\" \/>\n\t<meta property=\"og:image:type\" content=\"image\/jpeg\" \/>\n<meta name=\"twitter:card\" content=\"summary_large_image\" \/>\n<meta name=\"twitter:label1\" content=\"Precio\" \/>\n\t<meta name=\"twitter:data1\" content=\"&#36;5,421 con IVA\" \/>\n\t<meta name=\"twitter:label2\" content=\"Availability\" \/>\n\t<meta name=\"twitter:data2\" content=\"Out of stock\" \/>\n<script type=\"application\/ld+json\" class=\"yoast-schema-graph\">{\"@context\":\"https:\/\/schema.org\",\"@graph\":[{\"@type\":\"WebPage\",\"@id\":\"https:\/\/compuviper.mx\/tienda\/producto\/logitech-941-000111-volante-simulador-de-carreras-g29-driving-force-para-playstation-3-4-y-pc\/\",\"url\":\"https:\/\/compuviper.mx\/tienda\/producto\/logitech-941-000111-volante-simulador-de-carreras-g29-driving-force-para-playstation-3-4-y-pc\/\",\"name\":\"[ Logitech ] &#129351; 941-000111 Volante Simulador De Carreras G29 Driving Force Para Playstation 3, 4 Y Pc\",\"isPartOf\":{\"@id\":\"https:\/\/compuviper.mx\/tienda\/#website\"},\"datePublished\":\"2026-04-09T06:55:03+00:00\",\"dateModified\":\"2026-04-09T06:55:03+00:00\",\"description\":\"Compra 941-000111 Volante Simulador De Carreras G29 Driving Force Para Playstation 3, 4 Y Pc + Env\u00edo a domicilio + Pago seguro + Garant\u00eda\",\"breadcrumb\":{\"@id\":\"https:\/\/compuviper.mx\/tienda\/producto\/logitech-941-000111-volante-simulador-de-carreras-g29-driving-force-para-playstation-3-4-y-pc\/#breadcrumb\"},\"inLanguage\":\"es-MX\",\"potentialAction\":[{\"@type\":\"ReadAction\",\"target\":[\"https:\/\/compuviper.mx\/tienda\/producto\/logitech-941-000111-volante-simulador-de-carreras-g29-driving-force-para-playstation-3-4-y-pc\/\"]}]},{\"@type\":\"BreadcrumbList\",\"@id\":\"https:\/\/compuviper.mx\/tienda\/producto\/logitech-941-000111-volante-simulador-de-carreras-g29-driving-force-para-playstation-3-4-y-pc\/#breadcrumb\",\"itemListElement\":[{\"@type\":\"ListItem\",\"position\":1,\"name\":\"Inicio\",\"item\":\"https:\/\/compuviper.mx\/tienda\/\"},{\"@type\":\"ListItem\",\"position\":2,\"name\":\"Productos\",\"item\":\"https:\/\/compuviper.mx\/tienda\/productos\/\"},{\"@type\":\"ListItem\",\"position\":3,\"name\":\"Games\",\"item\":\"https:\/\/compuviper.mx\/tienda\/categoria-producto\/games\/\"},{\"@type\":\"ListItem\",\"position\":4,\"name\":\"Volante\",\"item\":\"https:\/\/compuviper.mx\/tienda\/categoria-producto\/games\/volante\/\"},{\"@type\":\"ListItem\",\"position\":5,\"name\":\"Logitech 941-000111 Volante Simulador De Carreras G29 Driving Force Para Playstation 3, 4 Y Pc\"}]},{\"@type\":\"WebSite\",\"@id\":\"https:\/\/compuviper.mx\/tienda\/#website\",\"url\":\"https:\/\/compuviper.mx\/tienda\/\",\"name\":\"Compuviper\",\"description\":\"Proveedor de Computadoras, Laptops, Servidores, Monitores, Puntos de Venta, Teclados,   Impresoras, T\u00f3ner, C\u00e1maras de Seguridad y m\u00e1s en tu tienda en l\u00ednea\",\"publisher\":{\"@id\":\"https:\/\/compuviper.mx\/tienda\/#organization\"},\"potentialAction\":[{\"@type\":\"SearchAction\",\"target\":{\"@type\":\"EntryPoint\",\"urlTemplate\":\"https:\/\/compuviper.mx\/tienda\/?s={search_term_string}\"},\"query-input\":\"required name=search_term_string\"}],\"inLanguage\":\"es-MX\"},{\"@type\":\"Organization\",\"@id\":\"https:\/\/compuviper.mx\/tienda\/#organization\",\"name\":\"Compuviper\",\"url\":\"https:\/\/compuviper.mx\/tienda\/\",\"logo\":{\"@type\":\"ImageObject\",\"inLanguage\":\"es-MX\",\"@id\":\"https:\/\/compuviper.mx\/tienda\/#\/schema\/logo\/image\/\",\"url\":\"https:\/\/compuviper.mx\/tienda\/wp-content\/uploads\/2021\/08\/Logo-Compuviper-10.png\",\"contentUrl\":\"https:\/\/compuviper.mx\/tienda\/wp-content\/uploads\/2021\/08\/Logo-Compuviper-10.png\",\"width\":1000,\"height\":500,\"caption\":\"Compuviper\"},\"image\":{\"@id\":\"https:\/\/compuviper.mx\/tienda\/#\/schema\/logo\/image\/\"},\"sameAs\":[\"https:\/\/www.facebook.com\/compuviper\",\"https:\/\/www.youtube.com\/channel\/UCf73dERp9Y3cfOq7q8BhLjA?view_as=subscriber\"]}]}<\/script>\n<meta property=\"product:brand\" content=\"LOGITECH\" \/>\n<meta property=\"product:price:amount\" content=\"5421\" \/>\n<meta property=\"product:price:currency\" content=\"MXN\" \/>\n<meta property=\"og:availability\" content=\"out of stock\" \/>\n<meta property=\"product:availability\" content=\"out of stock\" \/>\n<meta property=\"product:retailer_item_id\" content=\"941-000111\" \/>\n<meta property=\"product:condition\" content=\"new\" \/>\n<!-- \/ Yoast SEO plugin. -->","yoast_head_json":{"title":"[ Logitech ] &#129351; 941-000111 Volante Simulador De Carreras G29 Driving Force Para Playstation 3, 4 Y Pc","description":"Compra 941-000111 Volante Simulador De Carreras G29 Driving Force Para Playstation 3, 4 Y Pc + Env\u00edo a domicilio + Pago seguro + Garant\u00eda","robots":{"index":"index","follow":"follow","max-snippet":"max-snippet:-1","max-image-preview":"max-image-preview:large","max-video-preview":"max-video-preview:-1"},"canonical":"https:\/\/compuviper.mx\/tienda\/producto\/logitech-941-000111-volante-simulador-de-carreras-g29-driving-force-para-playstation-3-4-y-pc\/","og_locale":"es_MX","og_type":"article","og_title":"[ Logitech ] &#129351; 941-000111 Volante Simulador De Carreras G29 Driving Force Para Playstation 3, 4 Y Pc","og_description":"Compra 941-000111 Volante Simulador De Carreras G29 Driving Force Para Playstation 3, 4 Y Pc + Env\u00edo a domicilio + Pago seguro + Garant\u00eda","og_url":"https:\/\/compuviper.mx\/tienda\/producto\/logitech-941-000111-volante-simulador-de-carreras-g29-driving-force-para-playstation-3-4-y-pc\/","og_site_name":"Compuviper","article_publisher":"https:\/\/www.facebook.com\/compuviper","og_image":[{"width":200,"height":200,"url":"https:\/\/compuviper.mx\/tienda\/wp-content\/uploads\/2023\/12\/Volante-de-carreras-logitech-driving-force-g29-para-playstation-3-y-4.jpg","type":"image\/jpeg"}],"twitter_card":"summary_large_image","twitter_misc":{"Precio":"&#36;5,421 con IVA","Availability":"Out of stock"},"schema":{"@context":"https:\/\/schema.org","@graph":[{"@type":"WebPage","@id":"https:\/\/compuviper.mx\/tienda\/producto\/logitech-941-000111-volante-simulador-de-carreras-g29-driving-force-para-playstation-3-4-y-pc\/","url":"https:\/\/compuviper.mx\/tienda\/producto\/logitech-941-000111-volante-simulador-de-carreras-g29-driving-force-para-playstation-3-4-y-pc\/","name":"[ Logitech ] &#129351; 941-000111 Volante Simulador De Carreras G29 Driving Force Para Playstation 3, 4 Y Pc","isPartOf":{"@id":"https:\/\/compuviper.mx\/tienda\/#website"},"datePublished":"2026-04-09T06:55:03+00:00","dateModified":"2026-04-09T06:55:03+00:00","description":"Compra 941-000111 Volante Simulador De Carreras G29 Driving Force Para Playstation 3, 4 Y Pc + Env\u00edo a domicilio + Pago seguro + Garant\u00eda","breadcrumb":{"@id":"https:\/\/compuviper.mx\/tienda\/producto\/logitech-941-000111-volante-simulador-de-carreras-g29-driving-force-para-playstation-3-4-y-pc\/#breadcrumb"},"inLanguage":"es-MX","potentialAction":[{"@type":"ReadAction","target":["https:\/\/compuviper.mx\/tienda\/producto\/logitech-941-000111-volante-simulador-de-carreras-g29-driving-force-para-playstation-3-4-y-pc\/"]}]},{"@type":"BreadcrumbList","@id":"https:\/\/compuviper.mx\/tienda\/producto\/logitech-941-000111-volante-simulador-de-carreras-g29-driving-force-para-playstation-3-4-y-pc\/#breadcrumb","itemListElement":[{"@type":"ListItem","position":1,"name":"Inicio","item":"https:\/\/compuviper.mx\/tienda\/"},{"@type":"ListItem","position":2,"name":"Productos","item":"https:\/\/compuviper.mx\/tienda\/productos\/"},{"@type":"ListItem","position":3,"name":"Games","item":"https:\/\/compuviper.mx\/tienda\/categoria-producto\/games\/"},{"@type":"ListItem","position":4,"name":"Volante","item":"https:\/\/compuviper.mx\/tienda\/categoria-producto\/games\/volante\/"},{"@type":"ListItem","position":5,"name":"Logitech 941-000111 Volante Simulador De Carreras G29 Driving Force Para Playstation 3, 4 Y Pc"}]},{"@type":"WebSite","@id":"https:\/\/compuviper.mx\/tienda\/#website","url":"https:\/\/compuviper.mx\/tienda\/","name":"Compuviper","description":"Proveedor de Computadoras, Laptops, Servidores, Monitores, Puntos de Venta, Teclados,   Impresoras, T\u00f3ner, C\u00e1maras de Seguridad y m\u00e1s en tu tienda en l\u00ednea","publisher":{"@id":"https:\/\/compuviper.mx\/tienda\/#organization"},"potentialAction":[{"@type":"SearchAction","target":{"@type":"EntryPoint","urlTemplate":"https:\/\/compuviper.mx\/tienda\/?s={search_term_string}"},"query-input":"required name=search_term_string"}],"inLanguage":"es-MX"},{"@type":"Organization","@id":"https:\/\/compuviper.mx\/tienda\/#organization","name":"Compuviper","url":"https:\/\/compuviper.mx\/tienda\/","logo":{"@type":"ImageObject","inLanguage":"es-MX","@id":"https:\/\/compuviper.mx\/tienda\/#\/schema\/logo\/image\/","url":"https:\/\/compuviper.mx\/tienda\/wp-content\/uploads\/2021\/08\/Logo-Compuviper-10.png","contentUrl":"https:\/\/compuviper.mx\/tienda\/wp-content\/uploads\/2021\/08\/Logo-Compuviper-10.png","width":1000,"height":500,"caption":"Compuviper"},"image":{"@id":"https:\/\/compuviper.mx\/tienda\/#\/schema\/logo\/image\/"},"sameAs":["https:\/\/www.facebook.com\/compuviper","https:\/\/www.youtube.com\/channel\/UCf73dERp9Y3cfOq7q8BhLjA?view_as=subscriber"]}]},"product_brand":"LOGITECH","product_price_amount":"5421","product_price_currency":"MXN","og_availability":"out of stock","product_availability":"out of stock","product_retailer_item_id":"941-000111","product_condition":"new"},"_links":{"self":[{"href":"https:\/\/compuviper.mx\/tienda\/wp-json\/wp\/v2\/product\/219582"}],"collection":[{"href":"https:\/\/compuviper.mx\/tienda\/wp-json\/wp\/v2\/product"}],"about":[{"href":"https:\/\/compuviper.mx\/tienda\/wp-json\/wp\/v2\/types\/product"}],"replies":[{"embeddable":true,"href":"https:\/\/compuviper.mx\/tienda\/wp-json\/wp\/v2\/comments?post=219582"}],"wp:featuredmedia":[{"embeddable":true,"href":"https:\/\/compuviper.mx\/tienda\/wp-json\/wp\/v2\/media\/219583"}],"wp:attachment":[{"href":"https:\/\/compuviper.mx\/tienda\/wp-json\/wp\/v2\/media?parent=219582"}],"wp:term":[{"taxonomy":"product_cat","embeddable":true,"href":"https:\/\/compuviper.mx\/tienda\/wp-json\/wp\/v2\/product_cat?post=219582"},{"taxonomy":"product_tag","embeddable":true,"href":"https:\/\/compuviper.mx\/tienda\/wp-json\/wp\/v2\/product_tag?post=219582"}],"curies":[{"name":"wp","href":"https:\/\/api.w.org\/{rel}","templated":true}]}}