{"id":219576,"date":"2026-04-16T00:48:48","date_gmt":"2026-04-16T06:48:48","guid":{"rendered":"https:\/\/compuviper.mx\/tienda\/producto\/dell-429-aauq-unidad-quemador-externo-slim-dvd-rw-usb-2-0-dw316\/"},"modified":"2026-04-16T00:48:48","modified_gmt":"2026-04-16T06:48:48","slug":"dell-429-aauqdell-dw316-unidad-quemador-externo-slim-dvd-rw-usb-2-0-dw316-429-aauq","status":"publish","type":"product","link":"https:\/\/compuviper.mx\/tienda\/producto\/dell-429-aauqdell-dw316-unidad-quemador-externo-slim-dvd-rw-usb-2-0-dw316-429-aauq\/","title":{"rendered":"Dell 429-aauq,dell-dw316 Unidad Quemador Externo  Slim Dvd \/- Rw Usb 2.0 Dw316 429-aauq"},"content":{"rendered":"<table class=\"descripcion\">\n<tr>\n<td>Tipo de dispositivo<\/td>\n<\/tr>\n<tr>\n<td>Unidad de dvd\u00b1rw &#8211; externo<\/td>\n<\/tr>\n<tr>\n<td>Color<\/td>\n<\/tr>\n<tr>\n<td>Negro<\/td>\n<\/tr>\n<tr>\n<td>Interfaz<\/td>\n<\/tr>\n<tr>\n<td>Usb 2.0<\/td>\n<\/tr>\n<tr>\n<td>Anchura<\/td>\n<\/tr>\n<tr>\n<td>13.7 cm<\/td>\n<\/tr>\n<tr>\n<td>Profundidad<\/td>\n<\/tr>\n<tr>\n<td>14.4 cm<\/td>\n<\/tr>\n<tr>\n<td>Altura<\/td>\n<\/tr>\n<tr>\n<td>1.4 cm<\/td>\n<\/tr>\n<tr>\n<td>Peso<\/td>\n<\/tr>\n<tr>\n<td>200 g<\/td>\n<\/tr>\n<tr>\n<td>Almacenamiento ptico<\/td>\n<\/tr>\n<tr>\n<td>Tipo<\/td>\n<\/tr>\n<tr>\n<td>Dvd\u00b1rw<\/td>\n<\/tr>\n<tr>\n<td>Tipo de cargador de soportes<\/td>\n<\/tr>\n<tr>\n<td>Bandeja<\/td>\n<\/tr>\n<tr>\n<td>Diverso<\/td>\n<\/tr>\n<tr>\n<td>Cumplimiento de normas<\/td>\n<\/tr>\n<tr>\n<td>Plug and play<\/td>\n<\/tr>\n<tr>\n<td>Alimentacin<\/td>\n<\/tr>\n<tr>\n<td>Consumo elctrico en funcionamiento<\/td>\n<\/tr>\n<tr>\n<td>8 vatios<\/td>\n<\/tr>\n<tr>\n<td>Software \/ requisitos del sistema<\/td>\n<\/tr>\n<tr>\n<td>Software incluido<\/td>\n<\/tr>\n<tr>\n<td>Cyberlink media suite<\/td>\n<\/tr>\n<tr>\n<td>Sistema operativo requerido<\/td>\n<\/tr>\n<tr>\n<td>Microsoft windows 7 \/ 8 \/ 8.1 \/ 10<\/td>\n<\/tr>\n<\/table>\n","protected":false},"excerpt":{"rendered":"<p>La unidad dvd\u00b1rw de dell, le permite disfrutar de la claridad del color y la nitidez de la imagen y el sonido de un cd y dvd. Esta unidad puede leer, escribir discos cd y leer discos de dvd eficazmente , lo que brinda a los usuarios una completa capacidad de lectura y estructura ptica en un solo dispositivo. Upc: 884116181477<\/p>\n","protected":false},"featured_media":219577,"comment_status":"open","ping_status":"open","template":"","meta":[],"product_cat":[1736,1737],"product_tag":[1537],"acf":[],"yoast_head":"<!-- This site is optimized with the Yoast SEO plugin v21.7 - https:\/\/yoast.com\/wordpress\/plugins\/seo\/ -->\n<title>[ Dell ] &#129351; 429-aauq,dell-dw316 Unidad Quemador Externo Slim Dvd \/- Rw Usb 2.0 Dw316 429-aauq<\/title>\n<meta name=\"description\" content=\"Compra 429-aauq,dell-dw316 Unidad Quemador Externo Slim Dvd \/- Rw Usb 2.0 Dw316 429-aauq + Env\u00edo a domicilio + Pago seguro + Garant\u00eda\" \/>\n<meta name=\"robots\" content=\"index, follow, max-snippet:-1, max-image-preview:large, max-video-preview:-1\" \/>\n<link rel=\"canonical\" href=\"https:\/\/compuviper.mx\/tienda\/producto\/dell-429-aauqdell-dw316-unidad-quemador-externo-slim-dvd-rw-usb-2-0-dw316-429-aauq\/\" \/>\n<meta property=\"og:locale\" content=\"es_MX\" \/>\n<meta property=\"og:type\" content=\"article\" \/>\n<meta property=\"og:title\" content=\"[ Dell ] &#129351; 429-aauq,dell-dw316 Unidad Quemador Externo Slim Dvd \/- Rw Usb 2.0 Dw316 429-aauq\" \/>\n<meta property=\"og:description\" content=\"Compra 429-aauq,dell-dw316 Unidad Quemador Externo Slim Dvd \/- Rw Usb 2.0 Dw316 429-aauq + Env\u00edo a domicilio + Pago seguro + Garant\u00eda\" \/>\n<meta property=\"og:url\" content=\"https:\/\/compuviper.mx\/tienda\/producto\/dell-429-aauqdell-dw316-unidad-quemador-externo-slim-dvd-rw-usb-2-0-dw316-429-aauq\/\" \/>\n<meta property=\"og:site_name\" content=\"Compuviper\" \/>\n<meta property=\"article:publisher\" content=\"https:\/\/www.facebook.com\/compuviper\" \/>\n<meta property=\"og:image\" content=\"https:\/\/compuviper.mx\/tienda\/wp-content\/uploads\/2023\/12\/Unidad-quemador-externo-dell-slim-dvd-rw-usb-2.0-dw316-429-aauq.jpg\" \/>\n\t<meta property=\"og:image:width\" content=\"200\" \/>\n\t<meta property=\"og:image:height\" content=\"200\" \/>\n\t<meta property=\"og:image:type\" content=\"image\/jpeg\" \/>\n<meta name=\"twitter:card\" content=\"summary_large_image\" \/>\n<meta name=\"twitter:label1\" content=\"Precio\" \/>\n\t<meta name=\"twitter:data1\" content=\"&#36;700 &#36;654 con IVA\" \/>\n\t<meta name=\"twitter:label2\" content=\"Availability\" \/>\n\t<meta name=\"twitter:data2\" content=\"In stock\" \/>\n<script type=\"application\/ld+json\" class=\"yoast-schema-graph\">{\"@context\":\"https:\/\/schema.org\",\"@graph\":[{\"@type\":\"WebPage\",\"@id\":\"https:\/\/compuviper.mx\/tienda\/producto\/dell-429-aauqdell-dw316-unidad-quemador-externo-slim-dvd-rw-usb-2-0-dw316-429-aauq\/\",\"url\":\"https:\/\/compuviper.mx\/tienda\/producto\/dell-429-aauqdell-dw316-unidad-quemador-externo-slim-dvd-rw-usb-2-0-dw316-429-aauq\/\",\"name\":\"[ Dell ] &#129351; 429-aauq,dell-dw316 Unidad Quemador Externo Slim Dvd \/- Rw Usb 2.0 Dw316 429-aauq\",\"isPartOf\":{\"@id\":\"https:\/\/compuviper.mx\/tienda\/#website\"},\"datePublished\":\"2026-04-16T06:48:48+00:00\",\"dateModified\":\"2026-04-16T06:48:48+00:00\",\"description\":\"Compra 429-aauq,dell-dw316 Unidad Quemador Externo Slim Dvd \/- Rw Usb 2.0 Dw316 429-aauq + Env\u00edo a domicilio + Pago seguro + Garant\u00eda\",\"breadcrumb\":{\"@id\":\"https:\/\/compuviper.mx\/tienda\/producto\/dell-429-aauqdell-dw316-unidad-quemador-externo-slim-dvd-rw-usb-2-0-dw316-429-aauq\/#breadcrumb\"},\"inLanguage\":\"es-MX\",\"potentialAction\":[{\"@type\":\"ReadAction\",\"target\":[\"https:\/\/compuviper.mx\/tienda\/producto\/dell-429-aauqdell-dw316-unidad-quemador-externo-slim-dvd-rw-usb-2-0-dw316-429-aauq\/\"]}]},{\"@type\":\"BreadcrumbList\",\"@id\":\"https:\/\/compuviper.mx\/tienda\/producto\/dell-429-aauqdell-dw316-unidad-quemador-externo-slim-dvd-rw-usb-2-0-dw316-429-aauq\/#breadcrumb\",\"itemListElement\":[{\"@type\":\"ListItem\",\"position\":1,\"name\":\"Inicio\",\"item\":\"https:\/\/compuviper.mx\/tienda\/\"},{\"@type\":\"ListItem\",\"position\":2,\"name\":\"Productos\",\"item\":\"https:\/\/compuviper.mx\/tienda\/productos\/\"},{\"@type\":\"ListItem\",\"position\":3,\"name\":\"Opticos\",\"item\":\"https:\/\/compuviper.mx\/tienda\/categoria-producto\/opticos\/\"},{\"@type\":\"ListItem\",\"position\":4,\"name\":\"Dvd Rw\",\"item\":\"https:\/\/compuviper.mx\/tienda\/categoria-producto\/opticos\/dvd-rw\/\"},{\"@type\":\"ListItem\",\"position\":5,\"name\":\"Dell 429-aauq,dell-dw316 Unidad Quemador Externo Slim Dvd \/- Rw Usb 2.0 Dw316 429-aauq\"}]},{\"@type\":\"WebSite\",\"@id\":\"https:\/\/compuviper.mx\/tienda\/#website\",\"url\":\"https:\/\/compuviper.mx\/tienda\/\",\"name\":\"Compuviper\",\"description\":\"Proveedor de Computadoras, Laptops, Servidores, Monitores, Puntos de Venta, Teclados,   Impresoras, T\u00f3ner, C\u00e1maras de Seguridad y m\u00e1s en tu tienda en l\u00ednea\",\"publisher\":{\"@id\":\"https:\/\/compuviper.mx\/tienda\/#organization\"},\"potentialAction\":[{\"@type\":\"SearchAction\",\"target\":{\"@type\":\"EntryPoint\",\"urlTemplate\":\"https:\/\/compuviper.mx\/tienda\/?s={search_term_string}\"},\"query-input\":\"required name=search_term_string\"}],\"inLanguage\":\"es-MX\"},{\"@type\":\"Organization\",\"@id\":\"https:\/\/compuviper.mx\/tienda\/#organization\",\"name\":\"Compuviper\",\"url\":\"https:\/\/compuviper.mx\/tienda\/\",\"logo\":{\"@type\":\"ImageObject\",\"inLanguage\":\"es-MX\",\"@id\":\"https:\/\/compuviper.mx\/tienda\/#\/schema\/logo\/image\/\",\"url\":\"https:\/\/compuviper.mx\/tienda\/wp-content\/uploads\/2021\/08\/Logo-Compuviper-10.png\",\"contentUrl\":\"https:\/\/compuviper.mx\/tienda\/wp-content\/uploads\/2021\/08\/Logo-Compuviper-10.png\",\"width\":1000,\"height\":500,\"caption\":\"Compuviper\"},\"image\":{\"@id\":\"https:\/\/compuviper.mx\/tienda\/#\/schema\/logo\/image\/\"},\"sameAs\":[\"https:\/\/www.facebook.com\/compuviper\",\"https:\/\/www.youtube.com\/channel\/UCf73dERp9Y3cfOq7q8BhLjA?view_as=subscriber\"]}]}<\/script>\n<meta property=\"product:brand\" content=\"DELL\" \/>\n<meta property=\"product:price:amount\" content=\"654\" \/>\n<meta property=\"product:price:currency\" content=\"MXN\" \/>\n<meta property=\"og:availability\" content=\"instock\" \/>\n<meta property=\"product:availability\" content=\"instock\" \/>\n<meta property=\"product:retailer_item_id\" content=\"429-AAUQ,Dell-DW316\" \/>\n<meta property=\"product:condition\" content=\"new\" \/>\n<!-- \/ Yoast SEO plugin. -->","yoast_head_json":{"title":"[ Dell ] &#129351; 429-aauq,dell-dw316 Unidad Quemador Externo Slim Dvd \/- Rw Usb 2.0 Dw316 429-aauq","description":"Compra 429-aauq,dell-dw316 Unidad Quemador Externo Slim Dvd \/- Rw Usb 2.0 Dw316 429-aauq + Env\u00edo a domicilio + Pago seguro + Garant\u00eda","robots":{"index":"index","follow":"follow","max-snippet":"max-snippet:-1","max-image-preview":"max-image-preview:large","max-video-preview":"max-video-preview:-1"},"canonical":"https:\/\/compuviper.mx\/tienda\/producto\/dell-429-aauqdell-dw316-unidad-quemador-externo-slim-dvd-rw-usb-2-0-dw316-429-aauq\/","og_locale":"es_MX","og_type":"article","og_title":"[ Dell ] &#129351; 429-aauq,dell-dw316 Unidad Quemador Externo Slim Dvd \/- Rw Usb 2.0 Dw316 429-aauq","og_description":"Compra 429-aauq,dell-dw316 Unidad Quemador Externo Slim Dvd \/- Rw Usb 2.0 Dw316 429-aauq + Env\u00edo a domicilio + Pago seguro + Garant\u00eda","og_url":"https:\/\/compuviper.mx\/tienda\/producto\/dell-429-aauqdell-dw316-unidad-quemador-externo-slim-dvd-rw-usb-2-0-dw316-429-aauq\/","og_site_name":"Compuviper","article_publisher":"https:\/\/www.facebook.com\/compuviper","og_image":[{"width":200,"height":200,"url":"https:\/\/compuviper.mx\/tienda\/wp-content\/uploads\/2023\/12\/Unidad-quemador-externo-dell-slim-dvd-rw-usb-2.0-dw316-429-aauq.jpg","type":"image\/jpeg"}],"twitter_card":"summary_large_image","twitter_misc":{"Precio":"&#36;700 &#36;654 con IVA","Availability":"In stock"},"schema":{"@context":"https:\/\/schema.org","@graph":[{"@type":"WebPage","@id":"https:\/\/compuviper.mx\/tienda\/producto\/dell-429-aauqdell-dw316-unidad-quemador-externo-slim-dvd-rw-usb-2-0-dw316-429-aauq\/","url":"https:\/\/compuviper.mx\/tienda\/producto\/dell-429-aauqdell-dw316-unidad-quemador-externo-slim-dvd-rw-usb-2-0-dw316-429-aauq\/","name":"[ Dell ] &#129351; 429-aauq,dell-dw316 Unidad Quemador Externo Slim Dvd \/- Rw Usb 2.0 Dw316 429-aauq","isPartOf":{"@id":"https:\/\/compuviper.mx\/tienda\/#website"},"datePublished":"2026-04-16T06:48:48+00:00","dateModified":"2026-04-16T06:48:48+00:00","description":"Compra 429-aauq,dell-dw316 Unidad Quemador Externo Slim Dvd \/- Rw Usb 2.0 Dw316 429-aauq + Env\u00edo a domicilio + Pago seguro + Garant\u00eda","breadcrumb":{"@id":"https:\/\/compuviper.mx\/tienda\/producto\/dell-429-aauqdell-dw316-unidad-quemador-externo-slim-dvd-rw-usb-2-0-dw316-429-aauq\/#breadcrumb"},"inLanguage":"es-MX","potentialAction":[{"@type":"ReadAction","target":["https:\/\/compuviper.mx\/tienda\/producto\/dell-429-aauqdell-dw316-unidad-quemador-externo-slim-dvd-rw-usb-2-0-dw316-429-aauq\/"]}]},{"@type":"BreadcrumbList","@id":"https:\/\/compuviper.mx\/tienda\/producto\/dell-429-aauqdell-dw316-unidad-quemador-externo-slim-dvd-rw-usb-2-0-dw316-429-aauq\/#breadcrumb","itemListElement":[{"@type":"ListItem","position":1,"name":"Inicio","item":"https:\/\/compuviper.mx\/tienda\/"},{"@type":"ListItem","position":2,"name":"Productos","item":"https:\/\/compuviper.mx\/tienda\/productos\/"},{"@type":"ListItem","position":3,"name":"Opticos","item":"https:\/\/compuviper.mx\/tienda\/categoria-producto\/opticos\/"},{"@type":"ListItem","position":4,"name":"Dvd Rw","item":"https:\/\/compuviper.mx\/tienda\/categoria-producto\/opticos\/dvd-rw\/"},{"@type":"ListItem","position":5,"name":"Dell 429-aauq,dell-dw316 Unidad Quemador Externo Slim Dvd \/- Rw Usb 2.0 Dw316 429-aauq"}]},{"@type":"WebSite","@id":"https:\/\/compuviper.mx\/tienda\/#website","url":"https:\/\/compuviper.mx\/tienda\/","name":"Compuviper","description":"Proveedor de Computadoras, Laptops, Servidores, Monitores, Puntos de Venta, Teclados,   Impresoras, T\u00f3ner, C\u00e1maras de Seguridad y m\u00e1s en tu tienda en l\u00ednea","publisher":{"@id":"https:\/\/compuviper.mx\/tienda\/#organization"},"potentialAction":[{"@type":"SearchAction","target":{"@type":"EntryPoint","urlTemplate":"https:\/\/compuviper.mx\/tienda\/?s={search_term_string}"},"query-input":"required name=search_term_string"}],"inLanguage":"es-MX"},{"@type":"Organization","@id":"https:\/\/compuviper.mx\/tienda\/#organization","name":"Compuviper","url":"https:\/\/compuviper.mx\/tienda\/","logo":{"@type":"ImageObject","inLanguage":"es-MX","@id":"https:\/\/compuviper.mx\/tienda\/#\/schema\/logo\/image\/","url":"https:\/\/compuviper.mx\/tienda\/wp-content\/uploads\/2021\/08\/Logo-Compuviper-10.png","contentUrl":"https:\/\/compuviper.mx\/tienda\/wp-content\/uploads\/2021\/08\/Logo-Compuviper-10.png","width":1000,"height":500,"caption":"Compuviper"},"image":{"@id":"https:\/\/compuviper.mx\/tienda\/#\/schema\/logo\/image\/"},"sameAs":["https:\/\/www.facebook.com\/compuviper","https:\/\/www.youtube.com\/channel\/UCf73dERp9Y3cfOq7q8BhLjA?view_as=subscriber"]}]},"product_brand":"DELL","product_price_amount":"654","product_price_currency":"MXN","og_availability":"instock","product_availability":"instock","product_retailer_item_id":"429-AAUQ,Dell-DW316","product_condition":"new"},"_links":{"self":[{"href":"https:\/\/compuviper.mx\/tienda\/wp-json\/wp\/v2\/product\/219576"}],"collection":[{"href":"https:\/\/compuviper.mx\/tienda\/wp-json\/wp\/v2\/product"}],"about":[{"href":"https:\/\/compuviper.mx\/tienda\/wp-json\/wp\/v2\/types\/product"}],"replies":[{"embeddable":true,"href":"https:\/\/compuviper.mx\/tienda\/wp-json\/wp\/v2\/comments?post=219576"}],"wp:featuredmedia":[{"embeddable":true,"href":"https:\/\/compuviper.mx\/tienda\/wp-json\/wp\/v2\/media\/219577"}],"wp:attachment":[{"href":"https:\/\/compuviper.mx\/tienda\/wp-json\/wp\/v2\/media?parent=219576"}],"wp:term":[{"taxonomy":"product_cat","embeddable":true,"href":"https:\/\/compuviper.mx\/tienda\/wp-json\/wp\/v2\/product_cat?post=219576"},{"taxonomy":"product_tag","embeddable":true,"href":"https:\/\/compuviper.mx\/tienda\/wp-json\/wp\/v2\/product_tag?post=219576"}],"curies":[{"name":"wp","href":"https:\/\/api.w.org\/{rel}","templated":true}]}}