{"id":219428,"date":"2026-04-10T00:39:41","date_gmt":"2026-04-10T06:39:41","guid":{"rendered":"https:\/\/compuviper.mx\/tienda\/producto\/3nstar-sc050-lector-de-codigo-de-barras-gris-usb-1d-100-escaneos-por-segundo\/"},"modified":"2026-04-10T00:39:41","modified_gmt":"2026-04-10T06:39:41","slug":"3nstar-sc050-lector-de-codigo-de-barras-gris-usb-1d-100-escaneos-por-segundo","status":"publish","type":"product","link":"https:\/\/compuviper.mx\/tienda\/producto\/3nstar-sc050-lector-de-codigo-de-barras-gris-usb-1d-100-escaneos-por-segundo\/","title":{"rendered":"3nstar Sc050 Lector De Codigo De Barras  , Gris, Usb, 1d, 100 Escaneos Por Segundo"},"content":{"rendered":"<table class=\"descripcion\">\n<tr>\n<td>F\u00edsicas<\/td>\n<\/tr>\n<tr>\n<td>Dimensiones 168mm x 70mm x 95 mm<\/td>\n<\/tr>\n<tr>\n<td>Peso 120g<\/td>\n<\/tr>\n<tr>\n<td>Construcci\u00f3n abs + pc<\/td>\n<\/tr>\n<tr>\n<td>Cable est\u00e1ndar 1.8m<\/td>\n<\/tr>\n<tr>\n<td>Color gris<\/td>\n<\/tr>\n<tr>\n<td>Caracter\u00edsticas:<\/td>\n<\/tr>\n<tr>\n<td>Velocidad de lectura: 100 lecturas por segundo<\/td>\n<\/tr>\n<tr>\n<td>Modo de lectura: manual<\/td>\n<\/tr>\n<tr>\n<td>Dise\u00f1o anti-impacto: soporta 1.5 m (5 ft.) de ca\u00edda<\/td>\n<\/tr>\n<tr>\n<td>Durabilidad del bot\u00f3n: 10 millones de lecturas.<\/td>\n<\/tr>\n<tr>\n<td>Interface: usb<\/td>\n<\/tr>\n<tr>\n<td>Compatibilidad: windows xp, 8.1, 10, linux, mac os.<\/td>\n<\/tr>\n<tr>\n<td>Sellado: ip54<\/td>\n<\/tr>\n<tr>\n<td>Desempe\u00f1o:<\/td>\n<\/tr>\n<tr>\n<td>Fuente de luz: laser diodo visible 650 nm<\/td>\n<\/tr>\n<tr>\n<td>Capacidad de lectura: ean-8, ean-13, upc-a, upc-e, code 39, code 128, ean128, codabar, industrial 2 of 5, interleave 2 of 5, matrix 2 of 5, msi, etc.<\/td>\n<\/tr>\n<tr>\n<td>Contraste de impresi\u00f3n: 20% @ upc\/ean 100%<\/td>\n<\/tr>\n<tr>\n<td>El\u00e9ctricas:<\/td>\n<\/tr>\n<tr>\n<td>Voltaje: 5v dc+\/- 10%<\/td>\n<\/tr>\n<tr>\n<td>Consumo de energ\u00eda: 4.2watts<\/td>\n<\/tr>\n<tr>\n<td>Tipo de laser: iec 60825-1 clase 2, gb7247.1-2001<\/td>\n<\/tr>\n<tr>\n<td>Condiciones ambientales:<\/td>\n<\/tr>\n<tr>\n<td>Humedad: 20% a 85% humedad relativa, sin condensaci\u00f3n.<\/td>\n<\/tr>\n<tr>\n<td>Nivel de luz: luz diurna , 5ooo lux<\/td>\n<\/tr>\n<tr>\n<td>Empaque:<\/td>\n<\/tr>\n<tr>\n<td>Contenido de la caja lector con cable, base y manual de programaci\u00f3n.<\/td>\n<\/tr>\n<tr>\n<td>Dimensiones de la caja 210mm x 150mm x 115mm<\/td>\n<\/tr>\n<tr>\n<td>Peso bruto 0.45kg.<\/td>\n<\/tr>\n<tr>\n<td>Garant\u00eda: 1 a\u00f1o.<\/td>\n<\/tr>\n<\/table>\n","protected":false},"excerpt":{"rendered":"<p>El sc050 es un lector de c\u00f3digo de barras de bajo costo que provee lecturas r\u00e1pidas y confiables adem\u00e1s de un dise\u00f1o ergon\u00f3mico y liviano. Construido con un sellado especial ip54 que lo protege del agua y del polvo, dise\u00f1ado para minimizar el mantenimiento y los costos de servicio. Adicionalmente preparado para aguantar ca\u00eddas de hasta 1.5m (5ft). Lectura r\u00e1pida y confiable a toda la variedad de c\u00f3digos de barra lineales. Incluye base y una profundidad de campo de hasta 30cm el cual lo hace ideal para tiendas al por menor ,gobierno y aplicaciones de hospitalidad.<\/p>\n","protected":false},"featured_media":219429,"comment_status":"open","ping_status":"open","template":"","meta":[],"product_cat":[1721,1724],"product_tag":[1570],"acf":[],"yoast_head":"<!-- This site is optimized with the Yoast SEO plugin v21.7 - https:\/\/yoast.com\/wordpress\/plugins\/seo\/ -->\n<title>[ 3nstar ] &#129351; Sc050 Lector De Codigo De Barras , Gris, Usb, 1d, 100 Escaneos Por Segundo<\/title>\n<meta name=\"description\" content=\"Compra Sc050 Lector De Codigo De Barras , Gris, Usb, 1d, 100 Escaneos Por Segundo + Env\u00edo a domicilio + Pago seguro + Garant\u00eda\" \/>\n<meta name=\"robots\" content=\"index, follow, max-snippet:-1, max-image-preview:large, max-video-preview:-1\" \/>\n<link rel=\"canonical\" href=\"https:\/\/compuviper.mx\/tienda\/producto\/3nstar-sc050-lector-de-codigo-de-barras-gris-usb-1d-100-escaneos-por-segundo\/\" \/>\n<meta property=\"og:locale\" content=\"es_MX\" \/>\n<meta property=\"og:type\" content=\"article\" \/>\n<meta property=\"og:title\" content=\"[ 3nstar ] &#129351; Sc050 Lector De Codigo De Barras , Gris, Usb, 1d, 100 Escaneos Por Segundo\" \/>\n<meta property=\"og:description\" content=\"Compra Sc050 Lector De Codigo De Barras , Gris, Usb, 1d, 100 Escaneos Por Segundo + Env\u00edo a domicilio + Pago seguro + Garant\u00eda\" \/>\n<meta property=\"og:url\" content=\"https:\/\/compuviper.mx\/tienda\/producto\/3nstar-sc050-lector-de-codigo-de-barras-gris-usb-1d-100-escaneos-por-segundo\/\" \/>\n<meta property=\"og:site_name\" content=\"Compuviper\" \/>\n<meta property=\"article:publisher\" content=\"https:\/\/www.facebook.com\/compuviper\" \/>\n<meta property=\"og:image\" content=\"https:\/\/compuviper.mx\/tienda\/wp-content\/uploads\/2023\/12\/Lector-de-codigo-de-barras-3nstar-sc050-gris-usb-1d-100-escaneos-por-segundo.jpg\" \/>\n\t<meta property=\"og:image:width\" content=\"200\" \/>\n\t<meta property=\"og:image:height\" content=\"200\" \/>\n\t<meta property=\"og:image:type\" content=\"image\/jpeg\" \/>\n<meta name=\"twitter:card\" content=\"summary_large_image\" \/>\n<meta name=\"twitter:label1\" content=\"Precio\" \/>\n\t<meta name=\"twitter:data1\" content=\"&#36;415 con IVA\" \/>\n\t<meta name=\"twitter:label2\" content=\"Availability\" \/>\n\t<meta name=\"twitter:data2\" content=\"In stock\" \/>\n<script type=\"application\/ld+json\" class=\"yoast-schema-graph\">{\"@context\":\"https:\/\/schema.org\",\"@graph\":[{\"@type\":\"WebPage\",\"@id\":\"https:\/\/compuviper.mx\/tienda\/producto\/3nstar-sc050-lector-de-codigo-de-barras-gris-usb-1d-100-escaneos-por-segundo\/\",\"url\":\"https:\/\/compuviper.mx\/tienda\/producto\/3nstar-sc050-lector-de-codigo-de-barras-gris-usb-1d-100-escaneos-por-segundo\/\",\"name\":\"[ 3nstar ] &#129351; Sc050 Lector De Codigo De Barras , Gris, Usb, 1d, 100 Escaneos Por Segundo\",\"isPartOf\":{\"@id\":\"https:\/\/compuviper.mx\/tienda\/#website\"},\"datePublished\":\"2026-04-10T06:39:41+00:00\",\"dateModified\":\"2026-04-10T06:39:41+00:00\",\"description\":\"Compra Sc050 Lector De Codigo De Barras , Gris, Usb, 1d, 100 Escaneos Por Segundo + Env\u00edo a domicilio + Pago seguro + Garant\u00eda\",\"breadcrumb\":{\"@id\":\"https:\/\/compuviper.mx\/tienda\/producto\/3nstar-sc050-lector-de-codigo-de-barras-gris-usb-1d-100-escaneos-por-segundo\/#breadcrumb\"},\"inLanguage\":\"es-MX\",\"potentialAction\":[{\"@type\":\"ReadAction\",\"target\":[\"https:\/\/compuviper.mx\/tienda\/producto\/3nstar-sc050-lector-de-codigo-de-barras-gris-usb-1d-100-escaneos-por-segundo\/\"]}]},{\"@type\":\"BreadcrumbList\",\"@id\":\"https:\/\/compuviper.mx\/tienda\/producto\/3nstar-sc050-lector-de-codigo-de-barras-gris-usb-1d-100-escaneos-por-segundo\/#breadcrumb\",\"itemListElement\":[{\"@type\":\"ListItem\",\"position\":1,\"name\":\"Inicio\",\"item\":\"https:\/\/compuviper.mx\/tienda\/\"},{\"@type\":\"ListItem\",\"position\":2,\"name\":\"Productos\",\"item\":\"https:\/\/compuviper.mx\/tienda\/productos\/\"},{\"@type\":\"ListItem\",\"position\":3,\"name\":\"Lector De Codigos\",\"item\":\"https:\/\/compuviper.mx\/tienda\/categoria-producto\/lector-de-codigos\/\"},{\"@type\":\"ListItem\",\"position\":4,\"name\":\"Sin Categor\u00eda\",\"item\":\"https:\/\/compuviper.mx\/tienda\/categoria-producto\/lector-de-codigos\/sin-categoria-lector-de-codigos\/\"},{\"@type\":\"ListItem\",\"position\":5,\"name\":\"3nstar Sc050 Lector De Codigo De Barras , Gris, Usb, 1d, 100 Escaneos Por Segundo\"}]},{\"@type\":\"WebSite\",\"@id\":\"https:\/\/compuviper.mx\/tienda\/#website\",\"url\":\"https:\/\/compuviper.mx\/tienda\/\",\"name\":\"Compuviper\",\"description\":\"Proveedor de Computadoras, Laptops, Servidores, Monitores, Puntos de Venta, Teclados,   Impresoras, T\u00f3ner, C\u00e1maras de Seguridad y m\u00e1s en tu tienda en l\u00ednea\",\"publisher\":{\"@id\":\"https:\/\/compuviper.mx\/tienda\/#organization\"},\"potentialAction\":[{\"@type\":\"SearchAction\",\"target\":{\"@type\":\"EntryPoint\",\"urlTemplate\":\"https:\/\/compuviper.mx\/tienda\/?s={search_term_string}\"},\"query-input\":\"required name=search_term_string\"}],\"inLanguage\":\"es-MX\"},{\"@type\":\"Organization\",\"@id\":\"https:\/\/compuviper.mx\/tienda\/#organization\",\"name\":\"Compuviper\",\"url\":\"https:\/\/compuviper.mx\/tienda\/\",\"logo\":{\"@type\":\"ImageObject\",\"inLanguage\":\"es-MX\",\"@id\":\"https:\/\/compuviper.mx\/tienda\/#\/schema\/logo\/image\/\",\"url\":\"https:\/\/compuviper.mx\/tienda\/wp-content\/uploads\/2021\/08\/Logo-Compuviper-10.png\",\"contentUrl\":\"https:\/\/compuviper.mx\/tienda\/wp-content\/uploads\/2021\/08\/Logo-Compuviper-10.png\",\"width\":1000,\"height\":500,\"caption\":\"Compuviper\"},\"image\":{\"@id\":\"https:\/\/compuviper.mx\/tienda\/#\/schema\/logo\/image\/\"},\"sameAs\":[\"https:\/\/www.facebook.com\/compuviper\",\"https:\/\/www.youtube.com\/channel\/UCf73dERp9Y3cfOq7q8BhLjA?view_as=subscriber\"]}]}<\/script>\n<meta property=\"product:brand\" content=\"3NSTAR\" \/>\n<meta property=\"product:price:amount\" content=\"415\" \/>\n<meta property=\"product:price:currency\" content=\"MXN\" \/>\n<meta property=\"og:availability\" content=\"instock\" \/>\n<meta property=\"product:availability\" content=\"instock\" \/>\n<meta property=\"product:retailer_item_id\" content=\"SC050\" \/>\n<meta property=\"product:condition\" content=\"new\" \/>\n<!-- \/ Yoast SEO plugin. -->","yoast_head_json":{"title":"[ 3nstar ] &#129351; Sc050 Lector De Codigo De Barras , Gris, Usb, 1d, 100 Escaneos Por Segundo","description":"Compra Sc050 Lector De Codigo De Barras , Gris, Usb, 1d, 100 Escaneos Por Segundo + Env\u00edo a domicilio + Pago seguro + Garant\u00eda","robots":{"index":"index","follow":"follow","max-snippet":"max-snippet:-1","max-image-preview":"max-image-preview:large","max-video-preview":"max-video-preview:-1"},"canonical":"https:\/\/compuviper.mx\/tienda\/producto\/3nstar-sc050-lector-de-codigo-de-barras-gris-usb-1d-100-escaneos-por-segundo\/","og_locale":"es_MX","og_type":"article","og_title":"[ 3nstar ] &#129351; Sc050 Lector De Codigo De Barras , Gris, Usb, 1d, 100 Escaneos Por Segundo","og_description":"Compra Sc050 Lector De Codigo De Barras , Gris, Usb, 1d, 100 Escaneos Por Segundo + Env\u00edo a domicilio + Pago seguro + Garant\u00eda","og_url":"https:\/\/compuviper.mx\/tienda\/producto\/3nstar-sc050-lector-de-codigo-de-barras-gris-usb-1d-100-escaneos-por-segundo\/","og_site_name":"Compuviper","article_publisher":"https:\/\/www.facebook.com\/compuviper","og_image":[{"width":200,"height":200,"url":"https:\/\/compuviper.mx\/tienda\/wp-content\/uploads\/2023\/12\/Lector-de-codigo-de-barras-3nstar-sc050-gris-usb-1d-100-escaneos-por-segundo.jpg","type":"image\/jpeg"}],"twitter_card":"summary_large_image","twitter_misc":{"Precio":"&#36;415 con IVA","Availability":"In stock"},"schema":{"@context":"https:\/\/schema.org","@graph":[{"@type":"WebPage","@id":"https:\/\/compuviper.mx\/tienda\/producto\/3nstar-sc050-lector-de-codigo-de-barras-gris-usb-1d-100-escaneos-por-segundo\/","url":"https:\/\/compuviper.mx\/tienda\/producto\/3nstar-sc050-lector-de-codigo-de-barras-gris-usb-1d-100-escaneos-por-segundo\/","name":"[ 3nstar ] &#129351; Sc050 Lector De Codigo De Barras , Gris, Usb, 1d, 100 Escaneos Por Segundo","isPartOf":{"@id":"https:\/\/compuviper.mx\/tienda\/#website"},"datePublished":"2026-04-10T06:39:41+00:00","dateModified":"2026-04-10T06:39:41+00:00","description":"Compra Sc050 Lector De Codigo De Barras , Gris, Usb, 1d, 100 Escaneos Por Segundo + Env\u00edo a domicilio + Pago seguro + Garant\u00eda","breadcrumb":{"@id":"https:\/\/compuviper.mx\/tienda\/producto\/3nstar-sc050-lector-de-codigo-de-barras-gris-usb-1d-100-escaneos-por-segundo\/#breadcrumb"},"inLanguage":"es-MX","potentialAction":[{"@type":"ReadAction","target":["https:\/\/compuviper.mx\/tienda\/producto\/3nstar-sc050-lector-de-codigo-de-barras-gris-usb-1d-100-escaneos-por-segundo\/"]}]},{"@type":"BreadcrumbList","@id":"https:\/\/compuviper.mx\/tienda\/producto\/3nstar-sc050-lector-de-codigo-de-barras-gris-usb-1d-100-escaneos-por-segundo\/#breadcrumb","itemListElement":[{"@type":"ListItem","position":1,"name":"Inicio","item":"https:\/\/compuviper.mx\/tienda\/"},{"@type":"ListItem","position":2,"name":"Productos","item":"https:\/\/compuviper.mx\/tienda\/productos\/"},{"@type":"ListItem","position":3,"name":"Lector De Codigos","item":"https:\/\/compuviper.mx\/tienda\/categoria-producto\/lector-de-codigos\/"},{"@type":"ListItem","position":4,"name":"Sin Categor\u00eda","item":"https:\/\/compuviper.mx\/tienda\/categoria-producto\/lector-de-codigos\/sin-categoria-lector-de-codigos\/"},{"@type":"ListItem","position":5,"name":"3nstar Sc050 Lector De Codigo De Barras , Gris, Usb, 1d, 100 Escaneos Por Segundo"}]},{"@type":"WebSite","@id":"https:\/\/compuviper.mx\/tienda\/#website","url":"https:\/\/compuviper.mx\/tienda\/","name":"Compuviper","description":"Proveedor de Computadoras, Laptops, Servidores, Monitores, Puntos de Venta, Teclados,   Impresoras, T\u00f3ner, C\u00e1maras de Seguridad y m\u00e1s en tu tienda en l\u00ednea","publisher":{"@id":"https:\/\/compuviper.mx\/tienda\/#organization"},"potentialAction":[{"@type":"SearchAction","target":{"@type":"EntryPoint","urlTemplate":"https:\/\/compuviper.mx\/tienda\/?s={search_term_string}"},"query-input":"required name=search_term_string"}],"inLanguage":"es-MX"},{"@type":"Organization","@id":"https:\/\/compuviper.mx\/tienda\/#organization","name":"Compuviper","url":"https:\/\/compuviper.mx\/tienda\/","logo":{"@type":"ImageObject","inLanguage":"es-MX","@id":"https:\/\/compuviper.mx\/tienda\/#\/schema\/logo\/image\/","url":"https:\/\/compuviper.mx\/tienda\/wp-content\/uploads\/2021\/08\/Logo-Compuviper-10.png","contentUrl":"https:\/\/compuviper.mx\/tienda\/wp-content\/uploads\/2021\/08\/Logo-Compuviper-10.png","width":1000,"height":500,"caption":"Compuviper"},"image":{"@id":"https:\/\/compuviper.mx\/tienda\/#\/schema\/logo\/image\/"},"sameAs":["https:\/\/www.facebook.com\/compuviper","https:\/\/www.youtube.com\/channel\/UCf73dERp9Y3cfOq7q8BhLjA?view_as=subscriber"]}]},"product_brand":"3NSTAR","product_price_amount":"415","product_price_currency":"MXN","og_availability":"instock","product_availability":"instock","product_retailer_item_id":"SC050","product_condition":"new"},"_links":{"self":[{"href":"https:\/\/compuviper.mx\/tienda\/wp-json\/wp\/v2\/product\/219428"}],"collection":[{"href":"https:\/\/compuviper.mx\/tienda\/wp-json\/wp\/v2\/product"}],"about":[{"href":"https:\/\/compuviper.mx\/tienda\/wp-json\/wp\/v2\/types\/product"}],"replies":[{"embeddable":true,"href":"https:\/\/compuviper.mx\/tienda\/wp-json\/wp\/v2\/comments?post=219428"}],"wp:featuredmedia":[{"embeddable":true,"href":"https:\/\/compuviper.mx\/tienda\/wp-json\/wp\/v2\/media\/219429"}],"wp:attachment":[{"href":"https:\/\/compuviper.mx\/tienda\/wp-json\/wp\/v2\/media?parent=219428"}],"wp:term":[{"taxonomy":"product_cat","embeddable":true,"href":"https:\/\/compuviper.mx\/tienda\/wp-json\/wp\/v2\/product_cat?post=219428"},{"taxonomy":"product_tag","embeddable":true,"href":"https:\/\/compuviper.mx\/tienda\/wp-json\/wp\/v2\/product_tag?post=219428"}],"curies":[{"name":"wp","href":"https:\/\/api.w.org\/{rel}","templated":true}]}}