{"id":219416,"date":"2026-04-02T00:46:10","date_gmt":"2026-04-02T06:46:10","guid":{"rendered":"https:\/\/compuviper.mx\/tienda\/producto\/ec-line-ec-ls-9620-usb-lector-de-codigo-de-barras-ec-ls-9620-negro-laser-usb-200-lecturas-por-segundo-automatico-o-manual-incluye-base\/"},"modified":"2026-04-02T00:46:10","modified_gmt":"2026-04-02T06:46:10","slug":"ec-line-ec-ls-9620-usb-lector-de-codigo-de-barras-ec-ls-9620-negro-laser-usb-1d-200-lecturas-por-segundo-incluye-base","status":"publish","type":"product","link":"https:\/\/compuviper.mx\/tienda\/producto\/ec-line-ec-ls-9620-usb-lector-de-codigo-de-barras-ec-ls-9620-negro-laser-usb-1d-200-lecturas-por-segundo-incluye-base\/","title":{"rendered":"Ec Line Ec-ls-9620-usb Lector De Codigo De Barras  Ec-ls-9620, Negro, Laser, Usb, 1d, 200 Lecturas Por Segundo, Incluye Base"},"content":{"rendered":"<table class=\"descripcion\">\n<tr>\n<td>Tipo de lector: laser unidireccional.<\/td>\n<\/tr>\n<tr>\n<td>Fuente luminosa: diodo laser 650 &#8211; 670 mm<\/td>\n<\/tr>\n<tr>\n<td>Velocidad: 100 lecturas por segundo.<\/td>\n<\/tr>\n<tr>\n<td>Resoluci\u00f3n: .01 mm (4 mil)<\/td>\n<\/tr>\n<tr>\n<td>Distancia de lectura: 25 a 300 mm<\/td>\n<\/tr>\n<tr>\n<td>Dimensiones: 200 (l) mm x 72 (a) mm x 59 (a) mm<\/td>\n<\/tr>\n<tr>\n<td>Peso: 480 gramos (con base)<\/td>\n<\/tr>\n<tr>\n<td>Capacidad de decodificaci\u00f3n: upc\/ean, upc\/ean con suplementos, ucc\/ean128,<\/td>\n<\/tr>\n<tr>\n<td>C\u00f3digo 39, c\u00f3digo 128 full ascii, codabar, intercalado 2 de 5,<\/td>\n<\/tr>\n<tr>\n<td>Discreto 2\/5, c\u00f3digo 93, msi, c\u00f3digo 11, rss variantes, chino.<\/td>\n<\/tr>\n<tr>\n<td>Interfaces: usb<\/td>\n<\/tr>\n<tr>\n<td>Consumo de corriente: 100ma (idle corriente  40ma).<\/td>\n<\/tr>\n<tr>\n<td>Voltaje requerido: 5 vdc+\/-5%<\/td>\n<\/tr>\n<tr>\n<td>Temperatura de operaci\u00f3n: 0 &#8211; 40 grados cent\u00edgrados.<\/td>\n<\/tr>\n<tr>\n<td>Humedad relativa: 5% &#8211; 95% (sin condensaci\u00f3n).<\/td>\n<\/tr>\n<tr>\n<td>Ca\u00eddas: hasta 1.4 mts. en superficies de concreto.<\/td>\n<\/tr>\n<tr>\n<td>Color: negro<\/td>\n<\/tr>\n<tr>\n<td>Luz ambiental: 3,000 lux (blanca), 3,000 lux (fluorescente), 50,000 lux (directa).<\/td>\n<\/tr>\n<tr>\n<td>Certificaci\u00f3n: fcc class a y ce.<\/td>\n<\/tr>\n<\/table>\n","protected":false},"excerpt":{"rendered":"<p>Lector de c\u00f3digo de barra ec-ls-9620 dise\u00f1o ergon\u00f3mico con base, puede utilizarse en cualquier tipo de punto de venta, su gran velocidad para leer y decodificar c\u00f3digos lo hace uno de los mas atractivos del mercado. Su dise\u00f1o le permite que trabaje manos libres al estar colocado en su base y de disparo al momento de sujetarlo. Scanner tipo laser que al oprimir el bot\u00f3n y al pasarlo por donde est\u00e1 el c\u00f3digo de barra, se enciende una luz indicando que se ha realizado una correcta lectura. Tiene alta capacidad decodificadora lo que hace que mantenga una lectura libre de errores. Todos son de peso ligero y dise\u00f1o ergon\u00f3mico que consumen poca energ\u00eda. La interface es usb, conectando el cable y programando los c\u00f3digos de barra incluye base y cable de interface conececxi\u00f3n a usb. Color negro<\/p>\n","protected":false},"featured_media":219417,"comment_status":"open","ping_status":"open","template":"","meta":[],"product_cat":[1721,1724],"product_tag":[1600],"acf":[],"yoast_head":"<!-- This site is optimized with the Yoast SEO plugin v21.7 - https:\/\/yoast.com\/wordpress\/plugins\/seo\/ -->\n<title>[ Ec Line ] &#129351; Ec-ls-9620-usb Lector De Codigo De Barras Ec-ls-9620, Negro, Laser, Usb, 1d, 200 Lecturas Por Segundo, Incluye Base<\/title>\n<meta name=\"description\" content=\"Compra Ec-ls-9620-usb Lector De Codigo De Barras Ec-ls-9620, Negro, Laser, Usb, 1d, 200 Lecturas Por Segundo, Incluye Base + Env\u00edo a domicilio + Pago seguro + Garant\u00eda\" \/>\n<meta name=\"robots\" content=\"index, follow, max-snippet:-1, max-image-preview:large, max-video-preview:-1\" \/>\n<link rel=\"canonical\" href=\"https:\/\/compuviper.mx\/tienda\/producto\/ec-line-ec-ls-9620-usb-lector-de-codigo-de-barras-ec-ls-9620-negro-laser-usb-1d-200-lecturas-por-segundo-incluye-base\/\" \/>\n<meta property=\"og:locale\" content=\"es_MX\" \/>\n<meta property=\"og:type\" content=\"article\" \/>\n<meta property=\"og:title\" content=\"[ Ec Line ] &#129351; Ec-ls-9620-usb Lector De Codigo De Barras Ec-ls-9620, Negro, Laser, Usb, 1d, 200 Lecturas Por Segundo, Incluye Base\" \/>\n<meta property=\"og:description\" content=\"Compra Ec-ls-9620-usb Lector De Codigo De Barras Ec-ls-9620, Negro, Laser, Usb, 1d, 200 Lecturas Por Segundo, Incluye Base + Env\u00edo a domicilio + Pago seguro + Garant\u00eda\" \/>\n<meta property=\"og:url\" content=\"https:\/\/compuviper.mx\/tienda\/producto\/ec-line-ec-ls-9620-usb-lector-de-codigo-de-barras-ec-ls-9620-negro-laser-usb-1d-200-lecturas-por-segundo-incluye-base\/\" \/>\n<meta property=\"og:site_name\" content=\"Compuviper\" \/>\n<meta property=\"article:publisher\" content=\"https:\/\/www.facebook.com\/compuviper\" \/>\n<meta property=\"og:image\" content=\"https:\/\/compuviper.mx\/tienda\/wp-content\/uploads\/2023\/12\/Lector-de-codigo-de-barras-ec-line-ec-ls-9620-negro-laser-usb-200-lecturas-por-segundo-automatico-o-manual-incluye-base.jpg\" \/>\n\t<meta property=\"og:image:width\" content=\"200\" \/>\n\t<meta property=\"og:image:height\" content=\"200\" \/>\n\t<meta property=\"og:image:type\" content=\"image\/jpeg\" \/>\n<meta name=\"twitter:card\" content=\"summary_large_image\" \/>\n<meta name=\"twitter:label1\" content=\"Precio\" \/>\n\t<meta name=\"twitter:data1\" content=\"&#36;1,199 &#36;1,197 con IVA\" \/>\n\t<meta name=\"twitter:label2\" content=\"Availability\" \/>\n\t<meta name=\"twitter:data2\" content=\"In stock\" \/>\n<script type=\"application\/ld+json\" class=\"yoast-schema-graph\">{\"@context\":\"https:\/\/schema.org\",\"@graph\":[{\"@type\":\"WebPage\",\"@id\":\"https:\/\/compuviper.mx\/tienda\/producto\/ec-line-ec-ls-9620-usb-lector-de-codigo-de-barras-ec-ls-9620-negro-laser-usb-1d-200-lecturas-por-segundo-incluye-base\/\",\"url\":\"https:\/\/compuviper.mx\/tienda\/producto\/ec-line-ec-ls-9620-usb-lector-de-codigo-de-barras-ec-ls-9620-negro-laser-usb-1d-200-lecturas-por-segundo-incluye-base\/\",\"name\":\"[ Ec Line ] &#129351; Ec-ls-9620-usb Lector De Codigo De Barras Ec-ls-9620, Negro, Laser, Usb, 1d, 200 Lecturas Por Segundo, Incluye Base\",\"isPartOf\":{\"@id\":\"https:\/\/compuviper.mx\/tienda\/#website\"},\"datePublished\":\"2026-04-02T06:46:10+00:00\",\"dateModified\":\"2026-04-02T06:46:10+00:00\",\"description\":\"Compra Ec-ls-9620-usb Lector De Codigo De Barras Ec-ls-9620, Negro, Laser, Usb, 1d, 200 Lecturas Por Segundo, Incluye Base + Env\u00edo a domicilio + Pago seguro + Garant\u00eda\",\"breadcrumb\":{\"@id\":\"https:\/\/compuviper.mx\/tienda\/producto\/ec-line-ec-ls-9620-usb-lector-de-codigo-de-barras-ec-ls-9620-negro-laser-usb-1d-200-lecturas-por-segundo-incluye-base\/#breadcrumb\"},\"inLanguage\":\"es-MX\",\"potentialAction\":[{\"@type\":\"ReadAction\",\"target\":[\"https:\/\/compuviper.mx\/tienda\/producto\/ec-line-ec-ls-9620-usb-lector-de-codigo-de-barras-ec-ls-9620-negro-laser-usb-1d-200-lecturas-por-segundo-incluye-base\/\"]}]},{\"@type\":\"BreadcrumbList\",\"@id\":\"https:\/\/compuviper.mx\/tienda\/producto\/ec-line-ec-ls-9620-usb-lector-de-codigo-de-barras-ec-ls-9620-negro-laser-usb-1d-200-lecturas-por-segundo-incluye-base\/#breadcrumb\",\"itemListElement\":[{\"@type\":\"ListItem\",\"position\":1,\"name\":\"Inicio\",\"item\":\"https:\/\/compuviper.mx\/tienda\/\"},{\"@type\":\"ListItem\",\"position\":2,\"name\":\"Productos\",\"item\":\"https:\/\/compuviper.mx\/tienda\/productos\/\"},{\"@type\":\"ListItem\",\"position\":3,\"name\":\"Lector De Codigos\",\"item\":\"https:\/\/compuviper.mx\/tienda\/categoria-producto\/lector-de-codigos\/\"},{\"@type\":\"ListItem\",\"position\":4,\"name\":\"Sin Categor\u00eda\",\"item\":\"https:\/\/compuviper.mx\/tienda\/categoria-producto\/lector-de-codigos\/sin-categoria-lector-de-codigos\/\"},{\"@type\":\"ListItem\",\"position\":5,\"name\":\"Ec Line Ec-ls-9620-usb Lector De Codigo De Barras Ec-ls-9620, Negro, Laser, Usb, 1d, 200 Lecturas Por Segundo, Incluye Base\"}]},{\"@type\":\"WebSite\",\"@id\":\"https:\/\/compuviper.mx\/tienda\/#website\",\"url\":\"https:\/\/compuviper.mx\/tienda\/\",\"name\":\"Compuviper\",\"description\":\"Proveedor de Computadoras, Laptops, Servidores, Monitores, Puntos de Venta, Teclados,   Impresoras, T\u00f3ner, C\u00e1maras de Seguridad y m\u00e1s en tu tienda en l\u00ednea\",\"publisher\":{\"@id\":\"https:\/\/compuviper.mx\/tienda\/#organization\"},\"potentialAction\":[{\"@type\":\"SearchAction\",\"target\":{\"@type\":\"EntryPoint\",\"urlTemplate\":\"https:\/\/compuviper.mx\/tienda\/?s={search_term_string}\"},\"query-input\":\"required name=search_term_string\"}],\"inLanguage\":\"es-MX\"},{\"@type\":\"Organization\",\"@id\":\"https:\/\/compuviper.mx\/tienda\/#organization\",\"name\":\"Compuviper\",\"url\":\"https:\/\/compuviper.mx\/tienda\/\",\"logo\":{\"@type\":\"ImageObject\",\"inLanguage\":\"es-MX\",\"@id\":\"https:\/\/compuviper.mx\/tienda\/#\/schema\/logo\/image\/\",\"url\":\"https:\/\/compuviper.mx\/tienda\/wp-content\/uploads\/2021\/08\/Logo-Compuviper-10.png\",\"contentUrl\":\"https:\/\/compuviper.mx\/tienda\/wp-content\/uploads\/2021\/08\/Logo-Compuviper-10.png\",\"width\":1000,\"height\":500,\"caption\":\"Compuviper\"},\"image\":{\"@id\":\"https:\/\/compuviper.mx\/tienda\/#\/schema\/logo\/image\/\"},\"sameAs\":[\"https:\/\/www.facebook.com\/compuviper\",\"https:\/\/www.youtube.com\/channel\/UCf73dERp9Y3cfOq7q8BhLjA?view_as=subscriber\"]}]}<\/script>\n<meta property=\"product:brand\" content=\"EC LINE\" \/>\n<meta property=\"product:price:amount\" content=\"1197\" \/>\n<meta property=\"product:price:currency\" content=\"MXN\" \/>\n<meta property=\"og:availability\" content=\"instock\" \/>\n<meta property=\"product:availability\" content=\"instock\" \/>\n<meta property=\"product:retailer_item_id\" content=\"EC-LS-9620-USB\" \/>\n<meta property=\"product:condition\" content=\"new\" \/>\n<!-- \/ Yoast SEO plugin. -->","yoast_head_json":{"title":"[ Ec Line ] &#129351; Ec-ls-9620-usb Lector De Codigo De Barras Ec-ls-9620, Negro, Laser, Usb, 1d, 200 Lecturas Por Segundo, Incluye Base","description":"Compra Ec-ls-9620-usb Lector De Codigo De Barras Ec-ls-9620, Negro, Laser, Usb, 1d, 200 Lecturas Por Segundo, Incluye Base + Env\u00edo a domicilio + Pago seguro + Garant\u00eda","robots":{"index":"index","follow":"follow","max-snippet":"max-snippet:-1","max-image-preview":"max-image-preview:large","max-video-preview":"max-video-preview:-1"},"canonical":"https:\/\/compuviper.mx\/tienda\/producto\/ec-line-ec-ls-9620-usb-lector-de-codigo-de-barras-ec-ls-9620-negro-laser-usb-1d-200-lecturas-por-segundo-incluye-base\/","og_locale":"es_MX","og_type":"article","og_title":"[ Ec Line ] &#129351; Ec-ls-9620-usb Lector De Codigo De Barras Ec-ls-9620, Negro, Laser, Usb, 1d, 200 Lecturas Por Segundo, Incluye Base","og_description":"Compra Ec-ls-9620-usb Lector De Codigo De Barras Ec-ls-9620, Negro, Laser, Usb, 1d, 200 Lecturas Por Segundo, Incluye Base + Env\u00edo a domicilio + Pago seguro + Garant\u00eda","og_url":"https:\/\/compuviper.mx\/tienda\/producto\/ec-line-ec-ls-9620-usb-lector-de-codigo-de-barras-ec-ls-9620-negro-laser-usb-1d-200-lecturas-por-segundo-incluye-base\/","og_site_name":"Compuviper","article_publisher":"https:\/\/www.facebook.com\/compuviper","og_image":[{"width":200,"height":200,"url":"https:\/\/compuviper.mx\/tienda\/wp-content\/uploads\/2023\/12\/Lector-de-codigo-de-barras-ec-line-ec-ls-9620-negro-laser-usb-200-lecturas-por-segundo-automatico-o-manual-incluye-base.jpg","type":"image\/jpeg"}],"twitter_card":"summary_large_image","twitter_misc":{"Precio":"&#36;1,199 &#36;1,197 con IVA","Availability":"In stock"},"schema":{"@context":"https:\/\/schema.org","@graph":[{"@type":"WebPage","@id":"https:\/\/compuviper.mx\/tienda\/producto\/ec-line-ec-ls-9620-usb-lector-de-codigo-de-barras-ec-ls-9620-negro-laser-usb-1d-200-lecturas-por-segundo-incluye-base\/","url":"https:\/\/compuviper.mx\/tienda\/producto\/ec-line-ec-ls-9620-usb-lector-de-codigo-de-barras-ec-ls-9620-negro-laser-usb-1d-200-lecturas-por-segundo-incluye-base\/","name":"[ Ec Line ] &#129351; Ec-ls-9620-usb Lector De Codigo De Barras Ec-ls-9620, Negro, Laser, Usb, 1d, 200 Lecturas Por Segundo, Incluye Base","isPartOf":{"@id":"https:\/\/compuviper.mx\/tienda\/#website"},"datePublished":"2026-04-02T06:46:10+00:00","dateModified":"2026-04-02T06:46:10+00:00","description":"Compra Ec-ls-9620-usb Lector De Codigo De Barras Ec-ls-9620, Negro, Laser, Usb, 1d, 200 Lecturas Por Segundo, Incluye Base + Env\u00edo a domicilio + Pago seguro + Garant\u00eda","breadcrumb":{"@id":"https:\/\/compuviper.mx\/tienda\/producto\/ec-line-ec-ls-9620-usb-lector-de-codigo-de-barras-ec-ls-9620-negro-laser-usb-1d-200-lecturas-por-segundo-incluye-base\/#breadcrumb"},"inLanguage":"es-MX","potentialAction":[{"@type":"ReadAction","target":["https:\/\/compuviper.mx\/tienda\/producto\/ec-line-ec-ls-9620-usb-lector-de-codigo-de-barras-ec-ls-9620-negro-laser-usb-1d-200-lecturas-por-segundo-incluye-base\/"]}]},{"@type":"BreadcrumbList","@id":"https:\/\/compuviper.mx\/tienda\/producto\/ec-line-ec-ls-9620-usb-lector-de-codigo-de-barras-ec-ls-9620-negro-laser-usb-1d-200-lecturas-por-segundo-incluye-base\/#breadcrumb","itemListElement":[{"@type":"ListItem","position":1,"name":"Inicio","item":"https:\/\/compuviper.mx\/tienda\/"},{"@type":"ListItem","position":2,"name":"Productos","item":"https:\/\/compuviper.mx\/tienda\/productos\/"},{"@type":"ListItem","position":3,"name":"Lector De Codigos","item":"https:\/\/compuviper.mx\/tienda\/categoria-producto\/lector-de-codigos\/"},{"@type":"ListItem","position":4,"name":"Sin Categor\u00eda","item":"https:\/\/compuviper.mx\/tienda\/categoria-producto\/lector-de-codigos\/sin-categoria-lector-de-codigos\/"},{"@type":"ListItem","position":5,"name":"Ec Line Ec-ls-9620-usb Lector De Codigo De Barras Ec-ls-9620, Negro, Laser, Usb, 1d, 200 Lecturas Por Segundo, Incluye Base"}]},{"@type":"WebSite","@id":"https:\/\/compuviper.mx\/tienda\/#website","url":"https:\/\/compuviper.mx\/tienda\/","name":"Compuviper","description":"Proveedor de Computadoras, Laptops, Servidores, Monitores, Puntos de Venta, Teclados,   Impresoras, T\u00f3ner, C\u00e1maras de Seguridad y m\u00e1s en tu tienda en l\u00ednea","publisher":{"@id":"https:\/\/compuviper.mx\/tienda\/#organization"},"potentialAction":[{"@type":"SearchAction","target":{"@type":"EntryPoint","urlTemplate":"https:\/\/compuviper.mx\/tienda\/?s={search_term_string}"},"query-input":"required name=search_term_string"}],"inLanguage":"es-MX"},{"@type":"Organization","@id":"https:\/\/compuviper.mx\/tienda\/#organization","name":"Compuviper","url":"https:\/\/compuviper.mx\/tienda\/","logo":{"@type":"ImageObject","inLanguage":"es-MX","@id":"https:\/\/compuviper.mx\/tienda\/#\/schema\/logo\/image\/","url":"https:\/\/compuviper.mx\/tienda\/wp-content\/uploads\/2021\/08\/Logo-Compuviper-10.png","contentUrl":"https:\/\/compuviper.mx\/tienda\/wp-content\/uploads\/2021\/08\/Logo-Compuviper-10.png","width":1000,"height":500,"caption":"Compuviper"},"image":{"@id":"https:\/\/compuviper.mx\/tienda\/#\/schema\/logo\/image\/"},"sameAs":["https:\/\/www.facebook.com\/compuviper","https:\/\/www.youtube.com\/channel\/UCf73dERp9Y3cfOq7q8BhLjA?view_as=subscriber"]}]},"product_brand":"EC LINE","product_price_amount":"1197","product_price_currency":"MXN","og_availability":"instock","product_availability":"instock","product_retailer_item_id":"EC-LS-9620-USB","product_condition":"new"},"_links":{"self":[{"href":"https:\/\/compuviper.mx\/tienda\/wp-json\/wp\/v2\/product\/219416"}],"collection":[{"href":"https:\/\/compuviper.mx\/tienda\/wp-json\/wp\/v2\/product"}],"about":[{"href":"https:\/\/compuviper.mx\/tienda\/wp-json\/wp\/v2\/types\/product"}],"replies":[{"embeddable":true,"href":"https:\/\/compuviper.mx\/tienda\/wp-json\/wp\/v2\/comments?post=219416"}],"wp:featuredmedia":[{"embeddable":true,"href":"https:\/\/compuviper.mx\/tienda\/wp-json\/wp\/v2\/media\/219417"}],"wp:attachment":[{"href":"https:\/\/compuviper.mx\/tienda\/wp-json\/wp\/v2\/media?parent=219416"}],"wp:term":[{"taxonomy":"product_cat","embeddable":true,"href":"https:\/\/compuviper.mx\/tienda\/wp-json\/wp\/v2\/product_cat?post=219416"},{"taxonomy":"product_tag","embeddable":true,"href":"https:\/\/compuviper.mx\/tienda\/wp-json\/wp\/v2\/product_tag?post=219416"}],"curies":[{"name":"wp","href":"https:\/\/api.w.org\/{rel}","templated":true}]}}