{"id":219412,"date":"2026-04-21T00:56:17","date_gmt":"2026-04-21T06:56:17","guid":{"rendered":"https:\/\/compuviper.mx\/tienda\/producto\/ec-line-ec-2600-2d-lector-de-codigo-de-barras-laser-omnidireccional-lectura-1d-y-2d-conexion-usb\/"},"modified":"2026-04-21T00:56:17","modified_gmt":"2026-04-21T06:56:17","slug":"ec-line-ec-2600-2d-lector-de-codigo-de-barras-negro-cmos-led-1d-2d-usb-300-lecturas-por-segundo-omnidireccional","status":"publish","type":"product","link":"https:\/\/compuviper.mx\/tienda\/producto\/ec-line-ec-2600-2d-lector-de-codigo-de-barras-negro-cmos-led-1d-2d-usb-300-lecturas-por-segundo-omnidireccional\/","title":{"rendered":"Ec Line Ec-2600-2d Lector De Codigo De Barras  , Negro, Cmos, Led, 1d, 2d, Usb, 300 Lecturas Por Segundo, Omnidireccional"},"content":{"rendered":"<table class=\"descripcion\">\n<tr>\n<td>Lector omnidireccional 1d y 2d<\/td>\n<\/tr>\n<tr>\n<td>Tipo de escaneo: 1 d y 2d<\/td>\n<\/tr>\n<tr>\n<td>Cmos:  2d 680 x 480<\/td>\n<\/tr>\n<tr>\n<td>Profundidad de escaneo: 10-280mm<\/td>\n<\/tr>\n<tr>\n<td>Compatibilidad:  linux, android,windows xp, 7, 8 ,10, mac os<\/td>\n<\/tr>\n<tr>\n<td>Codigo disponible: codigo 39 4mil<\/td>\n<\/tr>\n<tr>\n<td>Rango de escaneo impresion de c\u00f3digos: 1d, 2d en papel, pelicula o pantalla<\/td>\n<\/tr>\n<tr>\n<td>Rango de escaneo: 30fps<\/td>\n<\/tr>\n<tr>\n<td>Escritura de entrada de codigo de barras: escaneo continuo de induccion automatica, ingles americano, frances, italiano aleman, espa\u00f1ol, turcoq, ingles britanico , prefijos y sufijos<\/td>\n<\/tr>\n<tr>\n<td>Contraste de simbolo:  20%<\/td>\n<\/tr>\n<tr>\n<td>Angulo de escaneo: horizontal: \u00b1700 vertical: \u00b1600 rotado: \u00b13600<\/td>\n<\/tr>\n<tr>\n<td>Simbologias admitidas:  ean-8, ean-13, ean-13 2 adicionales, ean-13 5 adicionales, i<\/td>\n<\/tr>\n<tr>\n<td>Ssn, isbn, upc-a, upc-e, c\u00f3digo l l , c\u00f3digo 32, c\u00f3digo 39,<\/td>\n<\/tr>\n<tr>\n<td>C\u00f3digo 93, c\u00f3digo 128, codabar, industrial 2 de 5, intercalado 2 de 5, matriz 2 de 5, gs 1-128, gs 1 databar (rss14), gs 1 databar limited, gs 1 databar ampliado pdf417, micropdf417, microqr, matriz de datos,<\/td>\n<\/tr>\n<tr>\n<td>Qr, azteca<\/td>\n<\/tr>\n<tr>\n<td>Temperatura de funcionamiento: -20 o c a 55\u00b0c<\/td>\n<\/tr>\n<tr>\n<td>Temperatura de almacenamiento humedad -20 o c a 60\u00b0c<\/td>\n<\/tr>\n<tr>\n<td>Sellado ambiental: 5% a 95% de humedad relativa, sin condensacion ip54<\/td>\n<\/tr>\n<tr>\n<td>Resistencia a caidas: 1.5 m caidas sobre hormigon<\/td>\n<\/tr>\n<tr>\n<td>Luz ambiental: 3 veces 0-70000 lux<\/td>\n<\/tr>\n<tr>\n<td>Interfaz: usb (unidad libre) puerto serie<\/td>\n<\/tr>\n<tr>\n<td>Voltaje: 5v<\/td>\n<\/tr>\n<tr>\n<td>Dimensiones (l x  an x  al) 139 x 82 x 83 mm<\/td>\n<\/tr>\n<tr>\n<td>Peso: 280g<\/td>\n<\/tr>\n<\/table>\n","protected":false},"excerpt":{"rendered":"<p>Opci\u00f3n ideal para el escaneado de peque\u00f1o a medio volumen en aplicaciones de ventas al por menor: ideal para tiendas de conveniencia, tiendas de licores y farmacias, miscel\u00e1neas, etc.<\/p>\n","protected":false},"featured_media":219413,"comment_status":"open","ping_status":"open","template":"","meta":[],"product_cat":[1721,1723],"product_tag":[1600],"acf":[],"yoast_head":"<!-- This site is optimized with the Yoast SEO plugin v21.7 - https:\/\/yoast.com\/wordpress\/plugins\/seo\/ -->\n<title>[ Ec Line ] &#129351; Ec-2600-2d Lector De Codigo De Barras , Negro, Cmos, Led, 1d, 2d, Usb, 300 Lecturas Por Segundo, Omnidireccional<\/title>\n<meta name=\"description\" content=\"Compra Ec-2600-2d Lector De Codigo De Barras , Negro, Cmos, Led, 1d, 2d, Usb, 300 Lecturas Por Segundo, Omnidireccional + Env\u00edo a domicilio + Pago seguro + Garant\u00eda\" \/>\n<meta name=\"robots\" content=\"index, follow, max-snippet:-1, max-image-preview:large, max-video-preview:-1\" \/>\n<link rel=\"canonical\" href=\"https:\/\/compuviper.mx\/tienda\/producto\/ec-line-ec-2600-2d-lector-de-codigo-de-barras-negro-cmos-led-1d-2d-usb-300-lecturas-por-segundo-omnidireccional\/\" \/>\n<meta property=\"og:locale\" content=\"es_MX\" \/>\n<meta property=\"og:type\" content=\"article\" \/>\n<meta property=\"og:title\" content=\"[ Ec Line ] &#129351; Ec-2600-2d Lector De Codigo De Barras , Negro, Cmos, Led, 1d, 2d, Usb, 300 Lecturas Por Segundo, Omnidireccional\" \/>\n<meta property=\"og:description\" content=\"Compra Ec-2600-2d Lector De Codigo De Barras , Negro, Cmos, Led, 1d, 2d, Usb, 300 Lecturas Por Segundo, Omnidireccional + Env\u00edo a domicilio + Pago seguro + Garant\u00eda\" \/>\n<meta property=\"og:url\" content=\"https:\/\/compuviper.mx\/tienda\/producto\/ec-line-ec-2600-2d-lector-de-codigo-de-barras-negro-cmos-led-1d-2d-usb-300-lecturas-por-segundo-omnidireccional\/\" \/>\n<meta property=\"og:site_name\" content=\"Compuviper\" \/>\n<meta property=\"article:publisher\" content=\"https:\/\/www.facebook.com\/compuviper\" \/>\n<meta property=\"og:image\" content=\"https:\/\/compuviper.mx\/tienda\/wp-content\/uploads\/2023\/12\/Lector-de-codigo-de-barras-ec-line-ec-2600-2d-laser-omnidireccional-lectura-1d-y-2d-conexion-usb.jpg\" \/>\n\t<meta property=\"og:image:width\" content=\"200\" \/>\n\t<meta property=\"og:image:height\" content=\"200\" \/>\n\t<meta property=\"og:image:type\" content=\"image\/jpeg\" \/>\n<meta name=\"twitter:card\" content=\"summary_large_image\" \/>\n<meta name=\"twitter:label1\" content=\"Precio\" \/>\n\t<meta name=\"twitter:data1\" content=\"&#36;1,321 con IVA\" \/>\n\t<meta name=\"twitter:label2\" content=\"Availability\" \/>\n\t<meta name=\"twitter:data2\" content=\"In stock\" \/>\n<script type=\"application\/ld+json\" class=\"yoast-schema-graph\">{\"@context\":\"https:\/\/schema.org\",\"@graph\":[{\"@type\":\"WebPage\",\"@id\":\"https:\/\/compuviper.mx\/tienda\/producto\/ec-line-ec-2600-2d-lector-de-codigo-de-barras-negro-cmos-led-1d-2d-usb-300-lecturas-por-segundo-omnidireccional\/\",\"url\":\"https:\/\/compuviper.mx\/tienda\/producto\/ec-line-ec-2600-2d-lector-de-codigo-de-barras-negro-cmos-led-1d-2d-usb-300-lecturas-por-segundo-omnidireccional\/\",\"name\":\"[ Ec Line ] &#129351; Ec-2600-2d Lector De Codigo De Barras , Negro, Cmos, Led, 1d, 2d, Usb, 300 Lecturas Por Segundo, Omnidireccional\",\"isPartOf\":{\"@id\":\"https:\/\/compuviper.mx\/tienda\/#website\"},\"datePublished\":\"2026-04-21T06:56:17+00:00\",\"dateModified\":\"2026-04-21T06:56:17+00:00\",\"description\":\"Compra Ec-2600-2d Lector De Codigo De Barras , Negro, Cmos, Led, 1d, 2d, Usb, 300 Lecturas Por Segundo, Omnidireccional + Env\u00edo a domicilio + Pago seguro + Garant\u00eda\",\"breadcrumb\":{\"@id\":\"https:\/\/compuviper.mx\/tienda\/producto\/ec-line-ec-2600-2d-lector-de-codigo-de-barras-negro-cmos-led-1d-2d-usb-300-lecturas-por-segundo-omnidireccional\/#breadcrumb\"},\"inLanguage\":\"es-MX\",\"potentialAction\":[{\"@type\":\"ReadAction\",\"target\":[\"https:\/\/compuviper.mx\/tienda\/producto\/ec-line-ec-2600-2d-lector-de-codigo-de-barras-negro-cmos-led-1d-2d-usb-300-lecturas-por-segundo-omnidireccional\/\"]}]},{\"@type\":\"BreadcrumbList\",\"@id\":\"https:\/\/compuviper.mx\/tienda\/producto\/ec-line-ec-2600-2d-lector-de-codigo-de-barras-negro-cmos-led-1d-2d-usb-300-lecturas-por-segundo-omnidireccional\/#breadcrumb\",\"itemListElement\":[{\"@type\":\"ListItem\",\"position\":1,\"name\":\"Inicio\",\"item\":\"https:\/\/compuviper.mx\/tienda\/\"},{\"@type\":\"ListItem\",\"position\":2,\"name\":\"Productos\",\"item\":\"https:\/\/compuviper.mx\/tienda\/productos\/\"},{\"@type\":\"ListItem\",\"position\":3,\"name\":\"Lector De Codigos\",\"item\":\"https:\/\/compuviper.mx\/tienda\/categoria-producto\/lector-de-codigos\/\"},{\"@type\":\"ListItem\",\"position\":4,\"name\":\"Laser\",\"item\":\"https:\/\/compuviper.mx\/tienda\/categoria-producto\/lector-de-codigos\/laser\/\"},{\"@type\":\"ListItem\",\"position\":5,\"name\":\"Ec Line Ec-2600-2d Lector De Codigo De Barras , Negro, Cmos, Led, 1d, 2d, Usb, 300 Lecturas Por Segundo, Omnidireccional\"}]},{\"@type\":\"WebSite\",\"@id\":\"https:\/\/compuviper.mx\/tienda\/#website\",\"url\":\"https:\/\/compuviper.mx\/tienda\/\",\"name\":\"Compuviper\",\"description\":\"Proveedor de Computadoras, Laptops, Servidores, Monitores, Puntos de Venta, Teclados,   Impresoras, T\u00f3ner, C\u00e1maras de Seguridad y m\u00e1s en tu tienda en l\u00ednea\",\"publisher\":{\"@id\":\"https:\/\/compuviper.mx\/tienda\/#organization\"},\"potentialAction\":[{\"@type\":\"SearchAction\",\"target\":{\"@type\":\"EntryPoint\",\"urlTemplate\":\"https:\/\/compuviper.mx\/tienda\/?s={search_term_string}\"},\"query-input\":\"required name=search_term_string\"}],\"inLanguage\":\"es-MX\"},{\"@type\":\"Organization\",\"@id\":\"https:\/\/compuviper.mx\/tienda\/#organization\",\"name\":\"Compuviper\",\"url\":\"https:\/\/compuviper.mx\/tienda\/\",\"logo\":{\"@type\":\"ImageObject\",\"inLanguage\":\"es-MX\",\"@id\":\"https:\/\/compuviper.mx\/tienda\/#\/schema\/logo\/image\/\",\"url\":\"https:\/\/compuviper.mx\/tienda\/wp-content\/uploads\/2021\/08\/Logo-Compuviper-10.png\",\"contentUrl\":\"https:\/\/compuviper.mx\/tienda\/wp-content\/uploads\/2021\/08\/Logo-Compuviper-10.png\",\"width\":1000,\"height\":500,\"caption\":\"Compuviper\"},\"image\":{\"@id\":\"https:\/\/compuviper.mx\/tienda\/#\/schema\/logo\/image\/\"},\"sameAs\":[\"https:\/\/www.facebook.com\/compuviper\",\"https:\/\/www.youtube.com\/channel\/UCf73dERp9Y3cfOq7q8BhLjA?view_as=subscriber\"]}]}<\/script>\n<meta property=\"product:brand\" content=\"EC LINE\" \/>\n<meta property=\"product:price:amount\" content=\"1321\" \/>\n<meta property=\"product:price:currency\" content=\"MXN\" \/>\n<meta property=\"og:availability\" content=\"instock\" \/>\n<meta property=\"product:availability\" content=\"instock\" \/>\n<meta property=\"product:retailer_item_id\" content=\"EC-2600-2D\" \/>\n<meta property=\"product:condition\" content=\"new\" \/>\n<!-- \/ Yoast SEO plugin. -->","yoast_head_json":{"title":"[ Ec Line ] &#129351; Ec-2600-2d Lector De Codigo De Barras , Negro, Cmos, Led, 1d, 2d, Usb, 300 Lecturas Por Segundo, Omnidireccional","description":"Compra Ec-2600-2d Lector De Codigo De Barras , Negro, Cmos, Led, 1d, 2d, Usb, 300 Lecturas Por Segundo, Omnidireccional + Env\u00edo a domicilio + Pago seguro + Garant\u00eda","robots":{"index":"index","follow":"follow","max-snippet":"max-snippet:-1","max-image-preview":"max-image-preview:large","max-video-preview":"max-video-preview:-1"},"canonical":"https:\/\/compuviper.mx\/tienda\/producto\/ec-line-ec-2600-2d-lector-de-codigo-de-barras-negro-cmos-led-1d-2d-usb-300-lecturas-por-segundo-omnidireccional\/","og_locale":"es_MX","og_type":"article","og_title":"[ Ec Line ] &#129351; Ec-2600-2d Lector De Codigo De Barras , Negro, Cmos, Led, 1d, 2d, Usb, 300 Lecturas Por Segundo, Omnidireccional","og_description":"Compra Ec-2600-2d Lector De Codigo De Barras , Negro, Cmos, Led, 1d, 2d, Usb, 300 Lecturas Por Segundo, Omnidireccional + Env\u00edo a domicilio + Pago seguro + Garant\u00eda","og_url":"https:\/\/compuviper.mx\/tienda\/producto\/ec-line-ec-2600-2d-lector-de-codigo-de-barras-negro-cmos-led-1d-2d-usb-300-lecturas-por-segundo-omnidireccional\/","og_site_name":"Compuviper","article_publisher":"https:\/\/www.facebook.com\/compuviper","og_image":[{"width":200,"height":200,"url":"https:\/\/compuviper.mx\/tienda\/wp-content\/uploads\/2023\/12\/Lector-de-codigo-de-barras-ec-line-ec-2600-2d-laser-omnidireccional-lectura-1d-y-2d-conexion-usb.jpg","type":"image\/jpeg"}],"twitter_card":"summary_large_image","twitter_misc":{"Precio":"&#36;1,321 con IVA","Availability":"In stock"},"schema":{"@context":"https:\/\/schema.org","@graph":[{"@type":"WebPage","@id":"https:\/\/compuviper.mx\/tienda\/producto\/ec-line-ec-2600-2d-lector-de-codigo-de-barras-negro-cmos-led-1d-2d-usb-300-lecturas-por-segundo-omnidireccional\/","url":"https:\/\/compuviper.mx\/tienda\/producto\/ec-line-ec-2600-2d-lector-de-codigo-de-barras-negro-cmos-led-1d-2d-usb-300-lecturas-por-segundo-omnidireccional\/","name":"[ Ec Line ] &#129351; Ec-2600-2d Lector De Codigo De Barras , Negro, Cmos, Led, 1d, 2d, Usb, 300 Lecturas Por Segundo, Omnidireccional","isPartOf":{"@id":"https:\/\/compuviper.mx\/tienda\/#website"},"datePublished":"2026-04-21T06:56:17+00:00","dateModified":"2026-04-21T06:56:17+00:00","description":"Compra Ec-2600-2d Lector De Codigo De Barras , Negro, Cmos, Led, 1d, 2d, Usb, 300 Lecturas Por Segundo, Omnidireccional + Env\u00edo a domicilio + Pago seguro + Garant\u00eda","breadcrumb":{"@id":"https:\/\/compuviper.mx\/tienda\/producto\/ec-line-ec-2600-2d-lector-de-codigo-de-barras-negro-cmos-led-1d-2d-usb-300-lecturas-por-segundo-omnidireccional\/#breadcrumb"},"inLanguage":"es-MX","potentialAction":[{"@type":"ReadAction","target":["https:\/\/compuviper.mx\/tienda\/producto\/ec-line-ec-2600-2d-lector-de-codigo-de-barras-negro-cmos-led-1d-2d-usb-300-lecturas-por-segundo-omnidireccional\/"]}]},{"@type":"BreadcrumbList","@id":"https:\/\/compuviper.mx\/tienda\/producto\/ec-line-ec-2600-2d-lector-de-codigo-de-barras-negro-cmos-led-1d-2d-usb-300-lecturas-por-segundo-omnidireccional\/#breadcrumb","itemListElement":[{"@type":"ListItem","position":1,"name":"Inicio","item":"https:\/\/compuviper.mx\/tienda\/"},{"@type":"ListItem","position":2,"name":"Productos","item":"https:\/\/compuviper.mx\/tienda\/productos\/"},{"@type":"ListItem","position":3,"name":"Lector De Codigos","item":"https:\/\/compuviper.mx\/tienda\/categoria-producto\/lector-de-codigos\/"},{"@type":"ListItem","position":4,"name":"Laser","item":"https:\/\/compuviper.mx\/tienda\/categoria-producto\/lector-de-codigos\/laser\/"},{"@type":"ListItem","position":5,"name":"Ec Line Ec-2600-2d Lector De Codigo De Barras , Negro, Cmos, Led, 1d, 2d, Usb, 300 Lecturas Por Segundo, Omnidireccional"}]},{"@type":"WebSite","@id":"https:\/\/compuviper.mx\/tienda\/#website","url":"https:\/\/compuviper.mx\/tienda\/","name":"Compuviper","description":"Proveedor de Computadoras, Laptops, Servidores, Monitores, Puntos de Venta, Teclados,   Impresoras, T\u00f3ner, C\u00e1maras de Seguridad y m\u00e1s en tu tienda en l\u00ednea","publisher":{"@id":"https:\/\/compuviper.mx\/tienda\/#organization"},"potentialAction":[{"@type":"SearchAction","target":{"@type":"EntryPoint","urlTemplate":"https:\/\/compuviper.mx\/tienda\/?s={search_term_string}"},"query-input":"required name=search_term_string"}],"inLanguage":"es-MX"},{"@type":"Organization","@id":"https:\/\/compuviper.mx\/tienda\/#organization","name":"Compuviper","url":"https:\/\/compuviper.mx\/tienda\/","logo":{"@type":"ImageObject","inLanguage":"es-MX","@id":"https:\/\/compuviper.mx\/tienda\/#\/schema\/logo\/image\/","url":"https:\/\/compuviper.mx\/tienda\/wp-content\/uploads\/2021\/08\/Logo-Compuviper-10.png","contentUrl":"https:\/\/compuviper.mx\/tienda\/wp-content\/uploads\/2021\/08\/Logo-Compuviper-10.png","width":1000,"height":500,"caption":"Compuviper"},"image":{"@id":"https:\/\/compuviper.mx\/tienda\/#\/schema\/logo\/image\/"},"sameAs":["https:\/\/www.facebook.com\/compuviper","https:\/\/www.youtube.com\/channel\/UCf73dERp9Y3cfOq7q8BhLjA?view_as=subscriber"]}]},"product_brand":"EC LINE","product_price_amount":"1321","product_price_currency":"MXN","og_availability":"instock","product_availability":"instock","product_retailer_item_id":"EC-2600-2D","product_condition":"new"},"_links":{"self":[{"href":"https:\/\/compuviper.mx\/tienda\/wp-json\/wp\/v2\/product\/219412"}],"collection":[{"href":"https:\/\/compuviper.mx\/tienda\/wp-json\/wp\/v2\/product"}],"about":[{"href":"https:\/\/compuviper.mx\/tienda\/wp-json\/wp\/v2\/types\/product"}],"replies":[{"embeddable":true,"href":"https:\/\/compuviper.mx\/tienda\/wp-json\/wp\/v2\/comments?post=219412"}],"wp:featuredmedia":[{"embeddable":true,"href":"https:\/\/compuviper.mx\/tienda\/wp-json\/wp\/v2\/media\/219413"}],"wp:attachment":[{"href":"https:\/\/compuviper.mx\/tienda\/wp-json\/wp\/v2\/media?parent=219412"}],"wp:term":[{"taxonomy":"product_cat","embeddable":true,"href":"https:\/\/compuviper.mx\/tienda\/wp-json\/wp\/v2\/product_cat?post=219412"},{"taxonomy":"product_tag","embeddable":true,"href":"https:\/\/compuviper.mx\/tienda\/wp-json\/wp\/v2\/product_tag?post=219412"}],"curies":[{"name":"wp","href":"https:\/\/api.w.org\/{rel}","templated":true}]}}