{"id":219410,"date":"2026-04-07T00:44:25","date_gmt":"2026-04-07T06:44:25","guid":{"rendered":"https:\/\/compuviper.mx\/tienda\/producto\/ec-line-ec-cd-8380ec-cd-8380-stand-lector-de-codigo-de-barras-ec-cd-8380-negro-ccd-optico-usb-200-lecturas-por-segundo-largo-alcance\/"},"modified":"2026-04-07T00:44:26","modified_gmt":"2026-04-07T06:44:26","slug":"ec-line-ec-cd-8380ec-cd-8380-stand-lector-de-codigo-de-barras-ec-cd-8380-negro-ccd-usb-1d-300-lecturas-por-segundo-bidireccional-resistente-a-caidas-de-1-8-mts-incluye-base","status":"publish","type":"product","link":"https:\/\/compuviper.mx\/tienda\/producto\/ec-line-ec-cd-8380ec-cd-8380-stand-lector-de-codigo-de-barras-ec-cd-8380-negro-ccd-usb-1d-300-lecturas-por-segundo-bidireccional-resistente-a-caidas-de-1-8-mts-incluye-base\/","title":{"rendered":"Ec Line Ec-cd-8380,ec-cd-8380-stand Lector De Codigo De Barras  Ec-cd-8380, Negro, Ccd, Usb, 1d, 300 Lecturas Por Segundo, Bidireccional, Resistente A Caidas De 1.8 Mts, Incluye Base"},"content":{"rendered":"<table class=\"descripcion\">\n<tr>\n<td>Informacion tecnica:<\/td>\n<\/tr>\n<tr>\n<td>25 lenguajes de decodificaci\u00f3n<\/td>\n<\/tr>\n<tr>\n<td>Edici\u00f3n comp eta de caracteres ascii decodificaci\u00f3n difusa din\u00e1mica<\/td>\n<\/tr>\n<tr>\n<td>Par\u00e1metros<\/td>\n<\/tr>\n<tr>\n<td>Corriente de trabajo: 3,3-5v*50ma (inactivo: 10ma)<\/td>\n<\/tr>\n<tr>\n<td>Ccd: 2500 ppp<\/td>\n<\/tr>\n<tr>\n<td>Tipo de escaneo: bidireccional<\/td>\n<\/tr>\n<tr>\n<td>Precisi\u00f3n de decodificaci\u00f3n:   code39<\/td>\n<\/tr>\n<tr>\n<td>Ancho de escaneo: 300 mm<\/td>\n<\/tr>\n<tr>\n<td>Velocidad de decodificaci\u00f3n: 300\/seg.<\/td>\n<\/tr>\n<tr>\n<td>Contrato de impresi\u00f3n:<\/td>\n<\/tr>\n<tr>\n<td>\u00e1ngu o de escaneo: rotaci\u00f3n \u00b1 30 0 , inclinaci\u00f3n \u00b1 45 0 , declinaci\u00f3n \u00b1 60 0<\/td>\n<\/tr>\n<tr>\n<td>Anti-interferencia: sin influencia trabajando bajo luz fuerte y so  rangos de decodificaci\u00f3n: 3 mi 70 mm-100 mm<\/td>\n<\/tr>\n<tr>\n<td>10mii 40mm-300mm<\/td>\n<\/tr>\n<tr>\n<td>20mii 45mm-430mm<\/td>\n<\/tr>\n<tr>\n<td>40mii 100mm-650mm<\/td>\n<\/tr>\n<tr>\n<td>Capacidad de decodificaci\u00f3n: upc\/ean, isbn, issn, code39, code 39fuii ascii,<\/td>\n<\/tr>\n<tr>\n<td>Code32, code128, codel 1, code93, barra de coda,<\/td>\n<\/tr>\n<tr>\n<td>Industrial 2 de 5, intercalado 2 de 5, msi, barra de datos gsi.<\/td>\n<\/tr>\n<tr>\n<td>Indicaci\u00f3n: zumbador y led<\/td>\n<\/tr>\n<tr>\n<td>Modo de disparo: bot\u00f3n-continuo<\/td>\n<\/tr>\n<tr>\n<td>Vida \u00fatil del l\u00e1ser: 10,000 horas<\/td>\n<\/tr>\n<\/table>\n","protected":false},"excerpt":{"rendered":"<p>Lector de c\u00f3digo de barras, ideal para cualquier comercio, agiliza la venta de tu negocio, incluye base<\/p>\n","protected":false},"featured_media":219411,"comment_status":"open","ping_status":"open","template":"","meta":[],"product_cat":[1726,1721],"product_tag":[1600],"acf":[],"yoast_head":"<!-- This site is optimized with the Yoast SEO plugin v21.7 - https:\/\/yoast.com\/wordpress\/plugins\/seo\/ -->\n<title>[ Ec Line ] &#129351; Ec-cd-8380,ec-cd-8380-stand Lector De Codigo De Barras Ec-cd-8380, Negro, Ccd, Usb, 1d, 300 Lecturas Por Segundo, Bidireccional, Resistente A Caidas De 1.8 Mts, Incluye Base<\/title>\n<meta name=\"description\" content=\"Compra Ec-cd-8380,ec-cd-8380-stand Lector De Codigo De Barras Ec-cd-8380, Negro, Ccd, Usb, 1d, 300 Lecturas Por Segundo, Bidireccional, Resistente A Caidas De 1.8 Mts, Incluye Base + Env\u00edo a domicilio + Pago seguro + Garant\u00eda\" \/>\n<meta name=\"robots\" content=\"index, follow, max-snippet:-1, max-image-preview:large, max-video-preview:-1\" \/>\n<link rel=\"canonical\" href=\"https:\/\/compuviper.mx\/tienda\/producto\/ec-line-ec-cd-8380ec-cd-8380-stand-lector-de-codigo-de-barras-ec-cd-8380-negro-ccd-usb-1d-300-lecturas-por-segundo-bidireccional-resistente-a-caidas-de-1-8-mts-incluye-base\/\" \/>\n<meta property=\"og:locale\" content=\"es_MX\" \/>\n<meta property=\"og:type\" content=\"article\" \/>\n<meta property=\"og:title\" content=\"[ Ec Line ] &#129351; Ec-cd-8380,ec-cd-8380-stand Lector De Codigo De Barras Ec-cd-8380, Negro, Ccd, Usb, 1d, 300 Lecturas Por Segundo, Bidireccional, Resistente A Caidas De 1.8 Mts, Incluye Base\" \/>\n<meta property=\"og:description\" content=\"Compra Ec-cd-8380,ec-cd-8380-stand Lector De Codigo De Barras Ec-cd-8380, Negro, Ccd, Usb, 1d, 300 Lecturas Por Segundo, Bidireccional, Resistente A Caidas De 1.8 Mts, Incluye Base + Env\u00edo a domicilio + Pago seguro + Garant\u00eda\" \/>\n<meta property=\"og:url\" content=\"https:\/\/compuviper.mx\/tienda\/producto\/ec-line-ec-cd-8380ec-cd-8380-stand-lector-de-codigo-de-barras-ec-cd-8380-negro-ccd-usb-1d-300-lecturas-por-segundo-bidireccional-resistente-a-caidas-de-1-8-mts-incluye-base\/\" \/>\n<meta property=\"og:site_name\" content=\"Compuviper\" \/>\n<meta property=\"article:publisher\" content=\"https:\/\/www.facebook.com\/compuviper\" \/>\n<meta property=\"article:modified_time\" content=\"2026-04-07T06:44:26+00:00\" \/>\n<meta property=\"og:image\" content=\"https:\/\/compuviper.mx\/tienda\/wp-content\/uploads\/2023\/12\/Lector-de-codigo-de-barras-ec-line-ec-cd-8380-negro-ccd-optico-usb-200-lecturas-por-segundo-largo-alcance.jpg\" \/>\n\t<meta property=\"og:image:width\" content=\"200\" \/>\n\t<meta property=\"og:image:height\" content=\"200\" \/>\n\t<meta property=\"og:image:type\" content=\"image\/jpeg\" \/>\n<meta name=\"twitter:card\" content=\"summary_large_image\" \/>\n<meta name=\"twitter:label1\" content=\"Precio\" \/>\n\t<meta name=\"twitter:data1\" content=\"&#36;731 con IVA\" \/>\n\t<meta name=\"twitter:label2\" content=\"Availability\" \/>\n\t<meta name=\"twitter:data2\" content=\"In stock\" \/>\n<script type=\"application\/ld+json\" class=\"yoast-schema-graph\">{\"@context\":\"https:\/\/schema.org\",\"@graph\":[{\"@type\":\"WebPage\",\"@id\":\"https:\/\/compuviper.mx\/tienda\/producto\/ec-line-ec-cd-8380ec-cd-8380-stand-lector-de-codigo-de-barras-ec-cd-8380-negro-ccd-usb-1d-300-lecturas-por-segundo-bidireccional-resistente-a-caidas-de-1-8-mts-incluye-base\/\",\"url\":\"https:\/\/compuviper.mx\/tienda\/producto\/ec-line-ec-cd-8380ec-cd-8380-stand-lector-de-codigo-de-barras-ec-cd-8380-negro-ccd-usb-1d-300-lecturas-por-segundo-bidireccional-resistente-a-caidas-de-1-8-mts-incluye-base\/\",\"name\":\"[ Ec Line ] &#129351; Ec-cd-8380,ec-cd-8380-stand Lector De Codigo De Barras Ec-cd-8380, Negro, Ccd, Usb, 1d, 300 Lecturas Por Segundo, Bidireccional, Resistente A Caidas De 1.8 Mts, Incluye Base\",\"isPartOf\":{\"@id\":\"https:\/\/compuviper.mx\/tienda\/#website\"},\"datePublished\":\"2026-04-07T06:44:25+00:00\",\"dateModified\":\"2026-04-07T06:44:26+00:00\",\"description\":\"Compra Ec-cd-8380,ec-cd-8380-stand Lector De Codigo De Barras Ec-cd-8380, Negro, Ccd, Usb, 1d, 300 Lecturas Por Segundo, Bidireccional, Resistente A Caidas De 1.8 Mts, Incluye Base + Env\u00edo a domicilio + Pago seguro + Garant\u00eda\",\"breadcrumb\":{\"@id\":\"https:\/\/compuviper.mx\/tienda\/producto\/ec-line-ec-cd-8380ec-cd-8380-stand-lector-de-codigo-de-barras-ec-cd-8380-negro-ccd-usb-1d-300-lecturas-por-segundo-bidireccional-resistente-a-caidas-de-1-8-mts-incluye-base\/#breadcrumb\"},\"inLanguage\":\"es-MX\",\"potentialAction\":[{\"@type\":\"ReadAction\",\"target\":[\"https:\/\/compuviper.mx\/tienda\/producto\/ec-line-ec-cd-8380ec-cd-8380-stand-lector-de-codigo-de-barras-ec-cd-8380-negro-ccd-usb-1d-300-lecturas-por-segundo-bidireccional-resistente-a-caidas-de-1-8-mts-incluye-base\/\"]}]},{\"@type\":\"BreadcrumbList\",\"@id\":\"https:\/\/compuviper.mx\/tienda\/producto\/ec-line-ec-cd-8380ec-cd-8380-stand-lector-de-codigo-de-barras-ec-cd-8380-negro-ccd-usb-1d-300-lecturas-por-segundo-bidireccional-resistente-a-caidas-de-1-8-mts-incluye-base\/#breadcrumb\",\"itemListElement\":[{\"@type\":\"ListItem\",\"position\":1,\"name\":\"Inicio\",\"item\":\"https:\/\/compuviper.mx\/tienda\/\"},{\"@type\":\"ListItem\",\"position\":2,\"name\":\"Productos\",\"item\":\"https:\/\/compuviper.mx\/tienda\/productos\/\"},{\"@type\":\"ListItem\",\"position\":3,\"name\":\"Lector De Codigos\",\"item\":\"https:\/\/compuviper.mx\/tienda\/categoria-producto\/lector-de-codigos\/\"},{\"@type\":\"ListItem\",\"position\":4,\"name\":\"Ccd\",\"item\":\"https:\/\/compuviper.mx\/tienda\/categoria-producto\/lector-de-codigos\/ccd\/\"},{\"@type\":\"ListItem\",\"position\":5,\"name\":\"Ec Line Ec-cd-8380,ec-cd-8380-stand Lector De Codigo De Barras Ec-cd-8380, Negro, Ccd, Usb, 1d, 300 Lecturas Por Segundo, Bidireccional, Resistente A Caidas De 1.8 Mts, Incluye Base\"}]},{\"@type\":\"WebSite\",\"@id\":\"https:\/\/compuviper.mx\/tienda\/#website\",\"url\":\"https:\/\/compuviper.mx\/tienda\/\",\"name\":\"Compuviper\",\"description\":\"Proveedor de Computadoras, Laptops, Servidores, Monitores, Puntos de Venta, Teclados,   Impresoras, T\u00f3ner, C\u00e1maras de Seguridad y m\u00e1s en tu tienda en l\u00ednea\",\"publisher\":{\"@id\":\"https:\/\/compuviper.mx\/tienda\/#organization\"},\"potentialAction\":[{\"@type\":\"SearchAction\",\"target\":{\"@type\":\"EntryPoint\",\"urlTemplate\":\"https:\/\/compuviper.mx\/tienda\/?s={search_term_string}\"},\"query-input\":\"required name=search_term_string\"}],\"inLanguage\":\"es-MX\"},{\"@type\":\"Organization\",\"@id\":\"https:\/\/compuviper.mx\/tienda\/#organization\",\"name\":\"Compuviper\",\"url\":\"https:\/\/compuviper.mx\/tienda\/\",\"logo\":{\"@type\":\"ImageObject\",\"inLanguage\":\"es-MX\",\"@id\":\"https:\/\/compuviper.mx\/tienda\/#\/schema\/logo\/image\/\",\"url\":\"https:\/\/compuviper.mx\/tienda\/wp-content\/uploads\/2021\/08\/Logo-Compuviper-10.png\",\"contentUrl\":\"https:\/\/compuviper.mx\/tienda\/wp-content\/uploads\/2021\/08\/Logo-Compuviper-10.png\",\"width\":1000,\"height\":500,\"caption\":\"Compuviper\"},\"image\":{\"@id\":\"https:\/\/compuviper.mx\/tienda\/#\/schema\/logo\/image\/\"},\"sameAs\":[\"https:\/\/www.facebook.com\/compuviper\",\"https:\/\/www.youtube.com\/channel\/UCf73dERp9Y3cfOq7q8BhLjA?view_as=subscriber\"]}]}<\/script>\n<meta property=\"product:brand\" content=\"EC LINE\" \/>\n<meta property=\"product:price:amount\" content=\"731\" \/>\n<meta property=\"product:price:currency\" content=\"MXN\" \/>\n<meta property=\"og:availability\" content=\"instock\" \/>\n<meta property=\"product:availability\" content=\"instock\" \/>\n<meta property=\"product:retailer_item_id\" content=\"EC-CD-8380,EC-CD-8380-STAND\" \/>\n<meta property=\"product:condition\" content=\"new\" \/>\n<!-- \/ Yoast SEO plugin. -->","yoast_head_json":{"title":"[ Ec Line ] &#129351; Ec-cd-8380,ec-cd-8380-stand Lector De Codigo De Barras Ec-cd-8380, Negro, Ccd, Usb, 1d, 300 Lecturas Por Segundo, Bidireccional, Resistente A Caidas De 1.8 Mts, Incluye Base","description":"Compra Ec-cd-8380,ec-cd-8380-stand Lector De Codigo De Barras Ec-cd-8380, Negro, Ccd, Usb, 1d, 300 Lecturas Por Segundo, Bidireccional, Resistente A Caidas De 1.8 Mts, Incluye Base + Env\u00edo a domicilio + Pago seguro + Garant\u00eda","robots":{"index":"index","follow":"follow","max-snippet":"max-snippet:-1","max-image-preview":"max-image-preview:large","max-video-preview":"max-video-preview:-1"},"canonical":"https:\/\/compuviper.mx\/tienda\/producto\/ec-line-ec-cd-8380ec-cd-8380-stand-lector-de-codigo-de-barras-ec-cd-8380-negro-ccd-usb-1d-300-lecturas-por-segundo-bidireccional-resistente-a-caidas-de-1-8-mts-incluye-base\/","og_locale":"es_MX","og_type":"article","og_title":"[ Ec Line ] &#129351; Ec-cd-8380,ec-cd-8380-stand Lector De Codigo De Barras Ec-cd-8380, Negro, Ccd, Usb, 1d, 300 Lecturas Por Segundo, Bidireccional, Resistente A Caidas De 1.8 Mts, Incluye Base","og_description":"Compra Ec-cd-8380,ec-cd-8380-stand Lector De Codigo De Barras Ec-cd-8380, Negro, Ccd, Usb, 1d, 300 Lecturas Por Segundo, Bidireccional, Resistente A Caidas De 1.8 Mts, Incluye Base + Env\u00edo a domicilio + Pago seguro + Garant\u00eda","og_url":"https:\/\/compuviper.mx\/tienda\/producto\/ec-line-ec-cd-8380ec-cd-8380-stand-lector-de-codigo-de-barras-ec-cd-8380-negro-ccd-usb-1d-300-lecturas-por-segundo-bidireccional-resistente-a-caidas-de-1-8-mts-incluye-base\/","og_site_name":"Compuviper","article_publisher":"https:\/\/www.facebook.com\/compuviper","article_modified_time":"2026-04-07T06:44:26+00:00","og_image":[{"width":200,"height":200,"url":"https:\/\/compuviper.mx\/tienda\/wp-content\/uploads\/2023\/12\/Lector-de-codigo-de-barras-ec-line-ec-cd-8380-negro-ccd-optico-usb-200-lecturas-por-segundo-largo-alcance.jpg","type":"image\/jpeg"}],"twitter_card":"summary_large_image","twitter_misc":{"Precio":"&#36;731 con IVA","Availability":"In stock"},"schema":{"@context":"https:\/\/schema.org","@graph":[{"@type":"WebPage","@id":"https:\/\/compuviper.mx\/tienda\/producto\/ec-line-ec-cd-8380ec-cd-8380-stand-lector-de-codigo-de-barras-ec-cd-8380-negro-ccd-usb-1d-300-lecturas-por-segundo-bidireccional-resistente-a-caidas-de-1-8-mts-incluye-base\/","url":"https:\/\/compuviper.mx\/tienda\/producto\/ec-line-ec-cd-8380ec-cd-8380-stand-lector-de-codigo-de-barras-ec-cd-8380-negro-ccd-usb-1d-300-lecturas-por-segundo-bidireccional-resistente-a-caidas-de-1-8-mts-incluye-base\/","name":"[ Ec Line ] &#129351; Ec-cd-8380,ec-cd-8380-stand Lector De Codigo De Barras Ec-cd-8380, Negro, Ccd, Usb, 1d, 300 Lecturas Por Segundo, Bidireccional, Resistente A Caidas De 1.8 Mts, Incluye Base","isPartOf":{"@id":"https:\/\/compuviper.mx\/tienda\/#website"},"datePublished":"2026-04-07T06:44:25+00:00","dateModified":"2026-04-07T06:44:26+00:00","description":"Compra Ec-cd-8380,ec-cd-8380-stand Lector De Codigo De Barras Ec-cd-8380, Negro, Ccd, Usb, 1d, 300 Lecturas Por Segundo, Bidireccional, Resistente A Caidas De 1.8 Mts, Incluye Base + Env\u00edo a domicilio + Pago seguro + Garant\u00eda","breadcrumb":{"@id":"https:\/\/compuviper.mx\/tienda\/producto\/ec-line-ec-cd-8380ec-cd-8380-stand-lector-de-codigo-de-barras-ec-cd-8380-negro-ccd-usb-1d-300-lecturas-por-segundo-bidireccional-resistente-a-caidas-de-1-8-mts-incluye-base\/#breadcrumb"},"inLanguage":"es-MX","potentialAction":[{"@type":"ReadAction","target":["https:\/\/compuviper.mx\/tienda\/producto\/ec-line-ec-cd-8380ec-cd-8380-stand-lector-de-codigo-de-barras-ec-cd-8380-negro-ccd-usb-1d-300-lecturas-por-segundo-bidireccional-resistente-a-caidas-de-1-8-mts-incluye-base\/"]}]},{"@type":"BreadcrumbList","@id":"https:\/\/compuviper.mx\/tienda\/producto\/ec-line-ec-cd-8380ec-cd-8380-stand-lector-de-codigo-de-barras-ec-cd-8380-negro-ccd-usb-1d-300-lecturas-por-segundo-bidireccional-resistente-a-caidas-de-1-8-mts-incluye-base\/#breadcrumb","itemListElement":[{"@type":"ListItem","position":1,"name":"Inicio","item":"https:\/\/compuviper.mx\/tienda\/"},{"@type":"ListItem","position":2,"name":"Productos","item":"https:\/\/compuviper.mx\/tienda\/productos\/"},{"@type":"ListItem","position":3,"name":"Lector De Codigos","item":"https:\/\/compuviper.mx\/tienda\/categoria-producto\/lector-de-codigos\/"},{"@type":"ListItem","position":4,"name":"Ccd","item":"https:\/\/compuviper.mx\/tienda\/categoria-producto\/lector-de-codigos\/ccd\/"},{"@type":"ListItem","position":5,"name":"Ec Line Ec-cd-8380,ec-cd-8380-stand Lector De Codigo De Barras Ec-cd-8380, Negro, Ccd, Usb, 1d, 300 Lecturas Por Segundo, Bidireccional, Resistente A Caidas De 1.8 Mts, Incluye Base"}]},{"@type":"WebSite","@id":"https:\/\/compuviper.mx\/tienda\/#website","url":"https:\/\/compuviper.mx\/tienda\/","name":"Compuviper","description":"Proveedor de Computadoras, Laptops, Servidores, Monitores, Puntos de Venta, Teclados,   Impresoras, T\u00f3ner, C\u00e1maras de Seguridad y m\u00e1s en tu tienda en l\u00ednea","publisher":{"@id":"https:\/\/compuviper.mx\/tienda\/#organization"},"potentialAction":[{"@type":"SearchAction","target":{"@type":"EntryPoint","urlTemplate":"https:\/\/compuviper.mx\/tienda\/?s={search_term_string}"},"query-input":"required name=search_term_string"}],"inLanguage":"es-MX"},{"@type":"Organization","@id":"https:\/\/compuviper.mx\/tienda\/#organization","name":"Compuviper","url":"https:\/\/compuviper.mx\/tienda\/","logo":{"@type":"ImageObject","inLanguage":"es-MX","@id":"https:\/\/compuviper.mx\/tienda\/#\/schema\/logo\/image\/","url":"https:\/\/compuviper.mx\/tienda\/wp-content\/uploads\/2021\/08\/Logo-Compuviper-10.png","contentUrl":"https:\/\/compuviper.mx\/tienda\/wp-content\/uploads\/2021\/08\/Logo-Compuviper-10.png","width":1000,"height":500,"caption":"Compuviper"},"image":{"@id":"https:\/\/compuviper.mx\/tienda\/#\/schema\/logo\/image\/"},"sameAs":["https:\/\/www.facebook.com\/compuviper","https:\/\/www.youtube.com\/channel\/UCf73dERp9Y3cfOq7q8BhLjA?view_as=subscriber"]}]},"product_brand":"EC LINE","product_price_amount":"731","product_price_currency":"MXN","og_availability":"instock","product_availability":"instock","product_retailer_item_id":"EC-CD-8380,EC-CD-8380-STAND","product_condition":"new"},"_links":{"self":[{"href":"https:\/\/compuviper.mx\/tienda\/wp-json\/wp\/v2\/product\/219410"}],"collection":[{"href":"https:\/\/compuviper.mx\/tienda\/wp-json\/wp\/v2\/product"}],"about":[{"href":"https:\/\/compuviper.mx\/tienda\/wp-json\/wp\/v2\/types\/product"}],"replies":[{"embeddable":true,"href":"https:\/\/compuviper.mx\/tienda\/wp-json\/wp\/v2\/comments?post=219410"}],"wp:featuredmedia":[{"embeddable":true,"href":"https:\/\/compuviper.mx\/tienda\/wp-json\/wp\/v2\/media\/219411"}],"wp:attachment":[{"href":"https:\/\/compuviper.mx\/tienda\/wp-json\/wp\/v2\/media?parent=219410"}],"wp:term":[{"taxonomy":"product_cat","embeddable":true,"href":"https:\/\/compuviper.mx\/tienda\/wp-json\/wp\/v2\/product_cat?post=219410"},{"taxonomy":"product_tag","embeddable":true,"href":"https:\/\/compuviper.mx\/tienda\/wp-json\/wp\/v2\/product_tag?post=219410"}],"curies":[{"name":"wp","href":"https:\/\/api.w.org\/{rel}","templated":true}]}}