{"id":219408,"date":"2026-04-02T00:46:03","date_gmt":"2026-04-02T06:46:03","guid":{"rendered":"https:\/\/compuviper.mx\/tienda\/producto\/tech-zone-tzbesc7330-lector-de-codigo-de-barras-techzone-negro-usb-2d-fuente-de-luz-640p-h-x-480p-v\/"},"modified":"2026-04-02T00:46:03","modified_gmt":"2026-04-02T06:46:03","slug":"tech-zone-pos-tzbesc7330-lector-de-codigo-de-barras-techzone-negro-usb-2d-fuente-de-luz-640p-h-x-480p-v","status":"publish","type":"product","link":"https:\/\/compuviper.mx\/tienda\/producto\/tech-zone-pos-tzbesc7330-lector-de-codigo-de-barras-techzone-negro-usb-2d-fuente-de-luz-640p-h-x-480p-v\/","title":{"rendered":"Tech Zone Pos Tzbesc7330 Lector De Codigo De Barras Techzone , Negro, Usb, 2d Fuente De Luz 640p (h) X 480p (v)"},"content":{"rendered":"<table class=\"descripcion\">\n<tr>\n<td>Lector de codigo de barras techzone tzbesc7330 usb<\/td>\n<\/tr>\n<tr>\n<td>Fuente deluz: iluminacion led rojo de 617 nm<\/td>\n<\/tr>\n<tr>\n<td>Campo de vision (h) and #8805;53\u00b0 (v) and #8805;41\u00b0<\/td>\n<\/tr>\n<tr>\n<td>Pitch \u00b165\u00b0 yaw 360\u00b0 roll \u00b160\u00b0<\/td>\n<\/tr>\n<tr>\n<td>Contraste de impresion:  and #8805;20%.<\/td>\n<\/tr>\n<tr>\n<td>Interfaz usb<\/td>\n<\/tr>\n<tr>\n<td>Dimensiones:  and #8805;3.9mil<\/td>\n<\/tr>\n<tr>\n<td>Fuente de luz: 1d: upc, ean, codigo 128, codigo 39, codigo 93, codigo 11, matriz 2 de 5, intercalado 2 de 5, codabar, etc..<\/td>\n<\/tr>\n<tr>\n<td> 2d: codigo qr, microqr, pdf417, micropdf417, data matrix, maxicode, aztec, etc.<\/td>\n<\/tr>\n<\/table>\n","protected":false},"excerpt":{"rendered":"<p>Complementa tu experiencia pos con el mejor lector de todos. El lector de codigo de barras techzone tzbesc7330 es ideal para negocios, comercios y hospitalidad de gran flujo donde la precision es muy importante<\/p>\n","protected":false},"featured_media":219409,"comment_status":"open","ping_status":"open","template":"","meta":[],"product_cat":[1721,1723],"product_tag":[2234],"acf":[],"yoast_head":"<!-- This site is optimized with the Yoast SEO plugin v21.7 - https:\/\/yoast.com\/wordpress\/plugins\/seo\/ -->\n<title>[ Tech Zone Pos ] &#129351; Tzbesc7330 Lector De Codigo De Barras Techzone , Negro, Usb, 2d Fuente De Luz 640p (h) X 480p (v)<\/title>\n<meta name=\"description\" content=\"Compra Tzbesc7330 Lector De Codigo De Barras Techzone , Negro, Usb, 2d Fuente De Luz 640p (h) X 480p (v) + Env\u00edo a domicilio + Pago seguro + Garant\u00eda\" \/>\n<meta name=\"robots\" content=\"index, follow, max-snippet:-1, max-image-preview:large, max-video-preview:-1\" \/>\n<link rel=\"canonical\" href=\"https:\/\/compuviper.mx\/tienda\/producto\/tech-zone-pos-tzbesc7330-lector-de-codigo-de-barras-techzone-negro-usb-2d-fuente-de-luz-640p-h-x-480p-v\/\" \/>\n<meta property=\"og:locale\" content=\"es_MX\" \/>\n<meta property=\"og:type\" content=\"article\" \/>\n<meta property=\"og:title\" content=\"[ Tech Zone Pos ] &#129351; Tzbesc7330 Lector De Codigo De Barras Techzone , Negro, Usb, 2d Fuente De Luz 640p (h) X 480p (v)\" \/>\n<meta property=\"og:description\" content=\"Compra Tzbesc7330 Lector De Codigo De Barras Techzone , Negro, Usb, 2d Fuente De Luz 640p (h) X 480p (v) + Env\u00edo a domicilio + Pago seguro + Garant\u00eda\" \/>\n<meta property=\"og:url\" content=\"https:\/\/compuviper.mx\/tienda\/producto\/tech-zone-pos-tzbesc7330-lector-de-codigo-de-barras-techzone-negro-usb-2d-fuente-de-luz-640p-h-x-480p-v\/\" \/>\n<meta property=\"og:site_name\" content=\"Compuviper\" \/>\n<meta property=\"article:publisher\" content=\"https:\/\/www.facebook.com\/compuviper\" \/>\n<meta property=\"og:image\" content=\"https:\/\/compuviper.mx\/tienda\/wp-content\/uploads\/2023\/12\/Lector-de-codigo-de-barras-techzone-tzbesc7330-negro-usb-2d-fuente-de-luz-640p-h-x-480p-v.jpg\" \/>\n\t<meta property=\"og:image:width\" content=\"200\" \/>\n\t<meta property=\"og:image:height\" content=\"200\" \/>\n\t<meta property=\"og:image:type\" content=\"image\/jpeg\" \/>\n<meta name=\"twitter:card\" content=\"summary_large_image\" \/>\n<meta name=\"twitter:label1\" content=\"Precio\" \/>\n\t<meta name=\"twitter:data1\" content=\"&#36;1,291 con IVA\" \/>\n\t<meta name=\"twitter:label2\" content=\"Availability\" \/>\n\t<meta name=\"twitter:data2\" content=\"In stock\" \/>\n<script type=\"application\/ld+json\" class=\"yoast-schema-graph\">{\"@context\":\"https:\/\/schema.org\",\"@graph\":[{\"@type\":\"WebPage\",\"@id\":\"https:\/\/compuviper.mx\/tienda\/producto\/tech-zone-pos-tzbesc7330-lector-de-codigo-de-barras-techzone-negro-usb-2d-fuente-de-luz-640p-h-x-480p-v\/\",\"url\":\"https:\/\/compuviper.mx\/tienda\/producto\/tech-zone-pos-tzbesc7330-lector-de-codigo-de-barras-techzone-negro-usb-2d-fuente-de-luz-640p-h-x-480p-v\/\",\"name\":\"[ Tech Zone Pos ] &#129351; Tzbesc7330 Lector De Codigo De Barras Techzone , Negro, Usb, 2d Fuente De Luz 640p (h) X 480p (v)\",\"isPartOf\":{\"@id\":\"https:\/\/compuviper.mx\/tienda\/#website\"},\"datePublished\":\"2026-04-02T06:46:03+00:00\",\"dateModified\":\"2026-04-02T06:46:03+00:00\",\"description\":\"Compra Tzbesc7330 Lector De Codigo De Barras Techzone , Negro, Usb, 2d Fuente De Luz 640p (h) X 480p (v) + Env\u00edo a domicilio + Pago seguro + Garant\u00eda\",\"breadcrumb\":{\"@id\":\"https:\/\/compuviper.mx\/tienda\/producto\/tech-zone-pos-tzbesc7330-lector-de-codigo-de-barras-techzone-negro-usb-2d-fuente-de-luz-640p-h-x-480p-v\/#breadcrumb\"},\"inLanguage\":\"es-MX\",\"potentialAction\":[{\"@type\":\"ReadAction\",\"target\":[\"https:\/\/compuviper.mx\/tienda\/producto\/tech-zone-pos-tzbesc7330-lector-de-codigo-de-barras-techzone-negro-usb-2d-fuente-de-luz-640p-h-x-480p-v\/\"]}]},{\"@type\":\"BreadcrumbList\",\"@id\":\"https:\/\/compuviper.mx\/tienda\/producto\/tech-zone-pos-tzbesc7330-lector-de-codigo-de-barras-techzone-negro-usb-2d-fuente-de-luz-640p-h-x-480p-v\/#breadcrumb\",\"itemListElement\":[{\"@type\":\"ListItem\",\"position\":1,\"name\":\"Inicio\",\"item\":\"https:\/\/compuviper.mx\/tienda\/\"},{\"@type\":\"ListItem\",\"position\":2,\"name\":\"Productos\",\"item\":\"https:\/\/compuviper.mx\/tienda\/productos\/\"},{\"@type\":\"ListItem\",\"position\":3,\"name\":\"Lector De Codigos\",\"item\":\"https:\/\/compuviper.mx\/tienda\/categoria-producto\/lector-de-codigos\/\"},{\"@type\":\"ListItem\",\"position\":4,\"name\":\"Laser\",\"item\":\"https:\/\/compuviper.mx\/tienda\/categoria-producto\/lector-de-codigos\/laser\/\"},{\"@type\":\"ListItem\",\"position\":5,\"name\":\"Tech Zone Pos Tzbesc7330 Lector De Codigo De Barras Techzone , Negro, Usb, 2d Fuente De Luz 640p (h) X 480p (v)\"}]},{\"@type\":\"WebSite\",\"@id\":\"https:\/\/compuviper.mx\/tienda\/#website\",\"url\":\"https:\/\/compuviper.mx\/tienda\/\",\"name\":\"Compuviper\",\"description\":\"Proveedor de Computadoras, Laptops, Servidores, Monitores, Puntos de Venta, Teclados,   Impresoras, T\u00f3ner, C\u00e1maras de Seguridad y m\u00e1s en tu tienda en l\u00ednea\",\"publisher\":{\"@id\":\"https:\/\/compuviper.mx\/tienda\/#organization\"},\"potentialAction\":[{\"@type\":\"SearchAction\",\"target\":{\"@type\":\"EntryPoint\",\"urlTemplate\":\"https:\/\/compuviper.mx\/tienda\/?s={search_term_string}\"},\"query-input\":\"required name=search_term_string\"}],\"inLanguage\":\"es-MX\"},{\"@type\":\"Organization\",\"@id\":\"https:\/\/compuviper.mx\/tienda\/#organization\",\"name\":\"Compuviper\",\"url\":\"https:\/\/compuviper.mx\/tienda\/\",\"logo\":{\"@type\":\"ImageObject\",\"inLanguage\":\"es-MX\",\"@id\":\"https:\/\/compuviper.mx\/tienda\/#\/schema\/logo\/image\/\",\"url\":\"https:\/\/compuviper.mx\/tienda\/wp-content\/uploads\/2021\/08\/Logo-Compuviper-10.png\",\"contentUrl\":\"https:\/\/compuviper.mx\/tienda\/wp-content\/uploads\/2021\/08\/Logo-Compuviper-10.png\",\"width\":1000,\"height\":500,\"caption\":\"Compuviper\"},\"image\":{\"@id\":\"https:\/\/compuviper.mx\/tienda\/#\/schema\/logo\/image\/\"},\"sameAs\":[\"https:\/\/www.facebook.com\/compuviper\",\"https:\/\/www.youtube.com\/channel\/UCf73dERp9Y3cfOq7q8BhLjA?view_as=subscriber\"]}]}<\/script>\n<meta property=\"product:brand\" content=\"Tech Zone Pos\" \/>\n<meta property=\"product:price:amount\" content=\"1291\" \/>\n<meta property=\"product:price:currency\" content=\"MXN\" \/>\n<meta property=\"og:availability\" content=\"instock\" \/>\n<meta property=\"product:availability\" content=\"instock\" \/>\n<meta property=\"product:retailer_item_id\" content=\"TZBESC7330\" \/>\n<meta property=\"product:condition\" content=\"new\" \/>\n<!-- \/ Yoast SEO plugin. -->","yoast_head_json":{"title":"[ Tech Zone Pos ] &#129351; Tzbesc7330 Lector De Codigo De Barras Techzone , Negro, Usb, 2d Fuente De Luz 640p (h) X 480p (v)","description":"Compra Tzbesc7330 Lector De Codigo De Barras Techzone , Negro, Usb, 2d Fuente De Luz 640p (h) X 480p (v) + Env\u00edo a domicilio + Pago seguro + Garant\u00eda","robots":{"index":"index","follow":"follow","max-snippet":"max-snippet:-1","max-image-preview":"max-image-preview:large","max-video-preview":"max-video-preview:-1"},"canonical":"https:\/\/compuviper.mx\/tienda\/producto\/tech-zone-pos-tzbesc7330-lector-de-codigo-de-barras-techzone-negro-usb-2d-fuente-de-luz-640p-h-x-480p-v\/","og_locale":"es_MX","og_type":"article","og_title":"[ Tech Zone Pos ] &#129351; Tzbesc7330 Lector De Codigo De Barras Techzone , Negro, Usb, 2d Fuente De Luz 640p (h) X 480p (v)","og_description":"Compra Tzbesc7330 Lector De Codigo De Barras Techzone , Negro, Usb, 2d Fuente De Luz 640p (h) X 480p (v) + Env\u00edo a domicilio + Pago seguro + Garant\u00eda","og_url":"https:\/\/compuviper.mx\/tienda\/producto\/tech-zone-pos-tzbesc7330-lector-de-codigo-de-barras-techzone-negro-usb-2d-fuente-de-luz-640p-h-x-480p-v\/","og_site_name":"Compuviper","article_publisher":"https:\/\/www.facebook.com\/compuviper","og_image":[{"width":200,"height":200,"url":"https:\/\/compuviper.mx\/tienda\/wp-content\/uploads\/2023\/12\/Lector-de-codigo-de-barras-techzone-tzbesc7330-negro-usb-2d-fuente-de-luz-640p-h-x-480p-v.jpg","type":"image\/jpeg"}],"twitter_card":"summary_large_image","twitter_misc":{"Precio":"&#36;1,291 con IVA","Availability":"In stock"},"schema":{"@context":"https:\/\/schema.org","@graph":[{"@type":"WebPage","@id":"https:\/\/compuviper.mx\/tienda\/producto\/tech-zone-pos-tzbesc7330-lector-de-codigo-de-barras-techzone-negro-usb-2d-fuente-de-luz-640p-h-x-480p-v\/","url":"https:\/\/compuviper.mx\/tienda\/producto\/tech-zone-pos-tzbesc7330-lector-de-codigo-de-barras-techzone-negro-usb-2d-fuente-de-luz-640p-h-x-480p-v\/","name":"[ Tech Zone Pos ] &#129351; Tzbesc7330 Lector De Codigo De Barras Techzone , Negro, Usb, 2d Fuente De Luz 640p (h) X 480p (v)","isPartOf":{"@id":"https:\/\/compuviper.mx\/tienda\/#website"},"datePublished":"2026-04-02T06:46:03+00:00","dateModified":"2026-04-02T06:46:03+00:00","description":"Compra Tzbesc7330 Lector De Codigo De Barras Techzone , Negro, Usb, 2d Fuente De Luz 640p (h) X 480p (v) + Env\u00edo a domicilio + Pago seguro + Garant\u00eda","breadcrumb":{"@id":"https:\/\/compuviper.mx\/tienda\/producto\/tech-zone-pos-tzbesc7330-lector-de-codigo-de-barras-techzone-negro-usb-2d-fuente-de-luz-640p-h-x-480p-v\/#breadcrumb"},"inLanguage":"es-MX","potentialAction":[{"@type":"ReadAction","target":["https:\/\/compuviper.mx\/tienda\/producto\/tech-zone-pos-tzbesc7330-lector-de-codigo-de-barras-techzone-negro-usb-2d-fuente-de-luz-640p-h-x-480p-v\/"]}]},{"@type":"BreadcrumbList","@id":"https:\/\/compuviper.mx\/tienda\/producto\/tech-zone-pos-tzbesc7330-lector-de-codigo-de-barras-techzone-negro-usb-2d-fuente-de-luz-640p-h-x-480p-v\/#breadcrumb","itemListElement":[{"@type":"ListItem","position":1,"name":"Inicio","item":"https:\/\/compuviper.mx\/tienda\/"},{"@type":"ListItem","position":2,"name":"Productos","item":"https:\/\/compuviper.mx\/tienda\/productos\/"},{"@type":"ListItem","position":3,"name":"Lector De Codigos","item":"https:\/\/compuviper.mx\/tienda\/categoria-producto\/lector-de-codigos\/"},{"@type":"ListItem","position":4,"name":"Laser","item":"https:\/\/compuviper.mx\/tienda\/categoria-producto\/lector-de-codigos\/laser\/"},{"@type":"ListItem","position":5,"name":"Tech Zone Pos Tzbesc7330 Lector De Codigo De Barras Techzone , Negro, Usb, 2d Fuente De Luz 640p (h) X 480p (v)"}]},{"@type":"WebSite","@id":"https:\/\/compuviper.mx\/tienda\/#website","url":"https:\/\/compuviper.mx\/tienda\/","name":"Compuviper","description":"Proveedor de Computadoras, Laptops, Servidores, Monitores, Puntos de Venta, Teclados,   Impresoras, T\u00f3ner, C\u00e1maras de Seguridad y m\u00e1s en tu tienda en l\u00ednea","publisher":{"@id":"https:\/\/compuviper.mx\/tienda\/#organization"},"potentialAction":[{"@type":"SearchAction","target":{"@type":"EntryPoint","urlTemplate":"https:\/\/compuviper.mx\/tienda\/?s={search_term_string}"},"query-input":"required name=search_term_string"}],"inLanguage":"es-MX"},{"@type":"Organization","@id":"https:\/\/compuviper.mx\/tienda\/#organization","name":"Compuviper","url":"https:\/\/compuviper.mx\/tienda\/","logo":{"@type":"ImageObject","inLanguage":"es-MX","@id":"https:\/\/compuviper.mx\/tienda\/#\/schema\/logo\/image\/","url":"https:\/\/compuviper.mx\/tienda\/wp-content\/uploads\/2021\/08\/Logo-Compuviper-10.png","contentUrl":"https:\/\/compuviper.mx\/tienda\/wp-content\/uploads\/2021\/08\/Logo-Compuviper-10.png","width":1000,"height":500,"caption":"Compuviper"},"image":{"@id":"https:\/\/compuviper.mx\/tienda\/#\/schema\/logo\/image\/"},"sameAs":["https:\/\/www.facebook.com\/compuviper","https:\/\/www.youtube.com\/channel\/UCf73dERp9Y3cfOq7q8BhLjA?view_as=subscriber"]}]},"product_brand":"Tech Zone Pos","product_price_amount":"1291","product_price_currency":"MXN","og_availability":"instock","product_availability":"instock","product_retailer_item_id":"TZBESC7330","product_condition":"new"},"_links":{"self":[{"href":"https:\/\/compuviper.mx\/tienda\/wp-json\/wp\/v2\/product\/219408"}],"collection":[{"href":"https:\/\/compuviper.mx\/tienda\/wp-json\/wp\/v2\/product"}],"about":[{"href":"https:\/\/compuviper.mx\/tienda\/wp-json\/wp\/v2\/types\/product"}],"replies":[{"embeddable":true,"href":"https:\/\/compuviper.mx\/tienda\/wp-json\/wp\/v2\/comments?post=219408"}],"wp:featuredmedia":[{"embeddable":true,"href":"https:\/\/compuviper.mx\/tienda\/wp-json\/wp\/v2\/media\/219409"}],"wp:attachment":[{"href":"https:\/\/compuviper.mx\/tienda\/wp-json\/wp\/v2\/media?parent=219408"}],"wp:term":[{"taxonomy":"product_cat","embeddable":true,"href":"https:\/\/compuviper.mx\/tienda\/wp-json\/wp\/v2\/product_cat?post=219408"},{"taxonomy":"product_tag","embeddable":true,"href":"https:\/\/compuviper.mx\/tienda\/wp-json\/wp\/v2\/product_tag?post=219408"}],"curies":[{"name":"wp","href":"https:\/\/api.w.org\/{rel}","templated":true}]}}