{"id":219398,"date":"2026-04-07T00:44:24","date_gmt":"2026-04-07T06:44:24","guid":{"rendered":"https:\/\/compuviper.mx\/tienda\/producto\/ec-line-ec-2d-8380ec-2d-8380-stand-lector-de-codigo-de-barras-ec-2d-8380-negro-ccd-optico-usb-1d-2d-500-lecturas-por-segundo-resistente-a-caidas-de-1-5-mts-incluye-base\/"},"modified":"2026-04-07T00:44:24","modified_gmt":"2026-04-07T06:44:24","slug":"ec-line-ec-2d-8380ec-2d-8380-stand-lector-de-codigo-de-barras-ec-2d-8380-negro-cmos-usb-1d-2d-500-lecturas-por-segundo-resistente-a-caidas-de-1-5-mts-incluye-base","status":"publish","type":"product","link":"https:\/\/compuviper.mx\/tienda\/producto\/ec-line-ec-2d-8380ec-2d-8380-stand-lector-de-codigo-de-barras-ec-2d-8380-negro-cmos-usb-1d-2d-500-lecturas-por-segundo-resistente-a-caidas-de-1-5-mts-incluye-base\/","title":{"rendered":"Ec Line Ec-2d-8380,ec-2d-8380-stand Lector De Codigo De Barras  Ec-2d-8380, Negro, Cmos, Usb, 1d, 2d, 500 Lecturas Por Segundo, Resistente A Caidas De 1.5 Mts, Incluye Base"},"content":{"rendered":"<table class=\"descripcion\">\n<tr>\n<td>Lector de c\u00f3dogos de barra 1d y 2d<\/td>\n<\/tr>\n<tr>\n<td>Profundidad de escaneo 4cm ~20cm<\/td>\n<\/tr>\n<tr>\n<td>Compatible con windows, linux<\/td>\n<\/tr>\n<tr>\n<td>Procesador de 32 bit<\/td>\n<\/tr>\n<tr>\n<td>Led 5600k white led<\/td>\n<\/tr>\n<tr>\n<td>Modo: sensor automatico<\/td>\n<\/tr>\n<tr>\n<td>Velocidad de lectura de 500 escaneos por segundo<\/td>\n<\/tr>\n<tr>\n<td>Contraste de impresion 30%<\/td>\n<\/tr>\n<tr>\n<td>Angulo de escaneo 54\u00b0(h)x 33\u00b0(v) rollo 360\u00b0<\/td>\n<\/tr>\n<tr>\n<td>Resiste caidas de 1.5 mts sobre concreto<\/td>\n<\/tr>\n<tr>\n<td>Tamano 165mm*73mm*89mm<\/td>\n<\/tr>\n<tr>\n<td>Longitud del cable1.5mts<\/td>\n<\/tr>\n<tr>\n<td>Incluye base<\/td>\n<\/tr>\n<tr>\n<td>Conexion usd rs-232<\/td>\n<\/tr>\n<tr>\n<td>Indicador beep led<\/td>\n<\/tr>\n<tr>\n<td>Corriente 5vdc +\/- 10% 250 ma +\/-5%<\/td>\n<\/tr>\n<\/table>\n","protected":false},"excerpt":{"rendered":"<p>Lector de codigo de barras 1d y 2d, ideal para los comercios que neceitan versatilidad de escaneos<\/p>\n","protected":false},"featured_media":219399,"comment_status":"open","ping_status":"open","template":"","meta":[],"product_cat":[1721,1726],"product_tag":[1600],"acf":[],"yoast_head":"<!-- This site is optimized with the Yoast SEO plugin v21.7 - https:\/\/yoast.com\/wordpress\/plugins\/seo\/ -->\n<title>[ Ec Line ] &#129351; Ec-2d-8380,ec-2d-8380-stand Lector De Codigo De Barras Ec-2d-8380, Negro, Cmos, Usb, 1d, 2d, 500 Lecturas Por Segundo, Resistente A Caidas De 1.5 Mts, Incluye Base<\/title>\n<meta name=\"description\" content=\"Compra Ec-2d-8380,ec-2d-8380-stand Lector De Codigo De Barras Ec-2d-8380, Negro, Cmos, Usb, 1d, 2d, 500 Lecturas Por Segundo, Resistente A Caidas De 1.5 Mts, Incluye Base + Env\u00edo a domicilio + Pago seguro + Garant\u00eda\" \/>\n<meta name=\"robots\" content=\"index, follow, max-snippet:-1, max-image-preview:large, max-video-preview:-1\" \/>\n<link rel=\"canonical\" href=\"https:\/\/compuviper.mx\/tienda\/producto\/ec-line-ec-2d-8380ec-2d-8380-stand-lector-de-codigo-de-barras-ec-2d-8380-negro-cmos-usb-1d-2d-500-lecturas-por-segundo-resistente-a-caidas-de-1-5-mts-incluye-base\/\" \/>\n<meta property=\"og:locale\" content=\"es_MX\" \/>\n<meta property=\"og:type\" content=\"article\" \/>\n<meta property=\"og:title\" content=\"[ Ec Line ] &#129351; Ec-2d-8380,ec-2d-8380-stand Lector De Codigo De Barras Ec-2d-8380, Negro, Cmos, Usb, 1d, 2d, 500 Lecturas Por Segundo, Resistente A Caidas De 1.5 Mts, Incluye Base\" \/>\n<meta property=\"og:description\" content=\"Compra Ec-2d-8380,ec-2d-8380-stand Lector De Codigo De Barras Ec-2d-8380, Negro, Cmos, Usb, 1d, 2d, 500 Lecturas Por Segundo, Resistente A Caidas De 1.5 Mts, Incluye Base + Env\u00edo a domicilio + Pago seguro + Garant\u00eda\" \/>\n<meta property=\"og:url\" content=\"https:\/\/compuviper.mx\/tienda\/producto\/ec-line-ec-2d-8380ec-2d-8380-stand-lector-de-codigo-de-barras-ec-2d-8380-negro-cmos-usb-1d-2d-500-lecturas-por-segundo-resistente-a-caidas-de-1-5-mts-incluye-base\/\" \/>\n<meta property=\"og:site_name\" content=\"Compuviper\" \/>\n<meta property=\"article:publisher\" content=\"https:\/\/www.facebook.com\/compuviper\" \/>\n<meta property=\"og:image\" content=\"https:\/\/compuviper.mx\/tienda\/wp-content\/uploads\/2023\/12\/Lector-de-codigo-de-barras-ec-line-ec-2d-8380-negro-ccd-optico-usb-1d-2d-500-lecturas-por-segundo-resistente-a-caidas-de-1.5-mts-incluye-base.jpg\" \/>\n\t<meta property=\"og:image:width\" content=\"200\" \/>\n\t<meta property=\"og:image:height\" content=\"200\" \/>\n\t<meta property=\"og:image:type\" content=\"image\/jpeg\" \/>\n<meta name=\"twitter:card\" content=\"summary_large_image\" \/>\n<meta name=\"twitter:label1\" content=\"Precio\" \/>\n\t<meta name=\"twitter:data1\" content=\"&#36;1,586 con IVA\" \/>\n\t<meta name=\"twitter:label2\" content=\"Availability\" \/>\n\t<meta name=\"twitter:data2\" content=\"In stock\" \/>\n<script type=\"application\/ld+json\" class=\"yoast-schema-graph\">{\"@context\":\"https:\/\/schema.org\",\"@graph\":[{\"@type\":\"WebPage\",\"@id\":\"https:\/\/compuviper.mx\/tienda\/producto\/ec-line-ec-2d-8380ec-2d-8380-stand-lector-de-codigo-de-barras-ec-2d-8380-negro-cmos-usb-1d-2d-500-lecturas-por-segundo-resistente-a-caidas-de-1-5-mts-incluye-base\/\",\"url\":\"https:\/\/compuviper.mx\/tienda\/producto\/ec-line-ec-2d-8380ec-2d-8380-stand-lector-de-codigo-de-barras-ec-2d-8380-negro-cmos-usb-1d-2d-500-lecturas-por-segundo-resistente-a-caidas-de-1-5-mts-incluye-base\/\",\"name\":\"[ Ec Line ] &#129351; Ec-2d-8380,ec-2d-8380-stand Lector De Codigo De Barras Ec-2d-8380, Negro, Cmos, Usb, 1d, 2d, 500 Lecturas Por Segundo, Resistente A Caidas De 1.5 Mts, Incluye Base\",\"isPartOf\":{\"@id\":\"https:\/\/compuviper.mx\/tienda\/#website\"},\"datePublished\":\"2026-04-07T06:44:24+00:00\",\"dateModified\":\"2026-04-07T06:44:24+00:00\",\"description\":\"Compra Ec-2d-8380,ec-2d-8380-stand Lector De Codigo De Barras Ec-2d-8380, Negro, Cmos, Usb, 1d, 2d, 500 Lecturas Por Segundo, Resistente A Caidas De 1.5 Mts, Incluye Base + Env\u00edo a domicilio + Pago seguro + Garant\u00eda\",\"breadcrumb\":{\"@id\":\"https:\/\/compuviper.mx\/tienda\/producto\/ec-line-ec-2d-8380ec-2d-8380-stand-lector-de-codigo-de-barras-ec-2d-8380-negro-cmos-usb-1d-2d-500-lecturas-por-segundo-resistente-a-caidas-de-1-5-mts-incluye-base\/#breadcrumb\"},\"inLanguage\":\"es-MX\",\"potentialAction\":[{\"@type\":\"ReadAction\",\"target\":[\"https:\/\/compuviper.mx\/tienda\/producto\/ec-line-ec-2d-8380ec-2d-8380-stand-lector-de-codigo-de-barras-ec-2d-8380-negro-cmos-usb-1d-2d-500-lecturas-por-segundo-resistente-a-caidas-de-1-5-mts-incluye-base\/\"]}]},{\"@type\":\"BreadcrumbList\",\"@id\":\"https:\/\/compuviper.mx\/tienda\/producto\/ec-line-ec-2d-8380ec-2d-8380-stand-lector-de-codigo-de-barras-ec-2d-8380-negro-cmos-usb-1d-2d-500-lecturas-por-segundo-resistente-a-caidas-de-1-5-mts-incluye-base\/#breadcrumb\",\"itemListElement\":[{\"@type\":\"ListItem\",\"position\":1,\"name\":\"Inicio\",\"item\":\"https:\/\/compuviper.mx\/tienda\/\"},{\"@type\":\"ListItem\",\"position\":2,\"name\":\"Productos\",\"item\":\"https:\/\/compuviper.mx\/tienda\/productos\/\"},{\"@type\":\"ListItem\",\"position\":3,\"name\":\"Lector De Codigos\",\"item\":\"https:\/\/compuviper.mx\/tienda\/categoria-producto\/lector-de-codigos\/\"},{\"@type\":\"ListItem\",\"position\":4,\"name\":\"Ccd\",\"item\":\"https:\/\/compuviper.mx\/tienda\/categoria-producto\/lector-de-codigos\/ccd\/\"},{\"@type\":\"ListItem\",\"position\":5,\"name\":\"Ec Line Ec-2d-8380,ec-2d-8380-stand Lector De Codigo De Barras Ec-2d-8380, Negro, Cmos, Usb, 1d, 2d, 500 Lecturas Por Segundo, Resistente A Caidas De 1.5 Mts, Incluye Base\"}]},{\"@type\":\"WebSite\",\"@id\":\"https:\/\/compuviper.mx\/tienda\/#website\",\"url\":\"https:\/\/compuviper.mx\/tienda\/\",\"name\":\"Compuviper\",\"description\":\"Proveedor de Computadoras, Laptops, Servidores, Monitores, Puntos de Venta, Teclados,   Impresoras, T\u00f3ner, C\u00e1maras de Seguridad y m\u00e1s en tu tienda en l\u00ednea\",\"publisher\":{\"@id\":\"https:\/\/compuviper.mx\/tienda\/#organization\"},\"potentialAction\":[{\"@type\":\"SearchAction\",\"target\":{\"@type\":\"EntryPoint\",\"urlTemplate\":\"https:\/\/compuviper.mx\/tienda\/?s={search_term_string}\"},\"query-input\":\"required name=search_term_string\"}],\"inLanguage\":\"es-MX\"},{\"@type\":\"Organization\",\"@id\":\"https:\/\/compuviper.mx\/tienda\/#organization\",\"name\":\"Compuviper\",\"url\":\"https:\/\/compuviper.mx\/tienda\/\",\"logo\":{\"@type\":\"ImageObject\",\"inLanguage\":\"es-MX\",\"@id\":\"https:\/\/compuviper.mx\/tienda\/#\/schema\/logo\/image\/\",\"url\":\"https:\/\/compuviper.mx\/tienda\/wp-content\/uploads\/2021\/08\/Logo-Compuviper-10.png\",\"contentUrl\":\"https:\/\/compuviper.mx\/tienda\/wp-content\/uploads\/2021\/08\/Logo-Compuviper-10.png\",\"width\":1000,\"height\":500,\"caption\":\"Compuviper\"},\"image\":{\"@id\":\"https:\/\/compuviper.mx\/tienda\/#\/schema\/logo\/image\/\"},\"sameAs\":[\"https:\/\/www.facebook.com\/compuviper\",\"https:\/\/www.youtube.com\/channel\/UCf73dERp9Y3cfOq7q8BhLjA?view_as=subscriber\"]}]}<\/script>\n<meta property=\"product:brand\" content=\"EC LINE\" \/>\n<meta property=\"product:price:amount\" content=\"1586\" \/>\n<meta property=\"product:price:currency\" content=\"MXN\" \/>\n<meta property=\"og:availability\" content=\"instock\" \/>\n<meta property=\"product:availability\" content=\"instock\" \/>\n<meta property=\"product:retailer_item_id\" content=\"EC-2D-8380,EC-2D-8380-STAND\" \/>\n<meta property=\"product:condition\" content=\"new\" \/>\n<!-- \/ Yoast SEO plugin. -->","yoast_head_json":{"title":"[ Ec Line ] &#129351; Ec-2d-8380,ec-2d-8380-stand Lector De Codigo De Barras Ec-2d-8380, Negro, Cmos, Usb, 1d, 2d, 500 Lecturas Por Segundo, Resistente A Caidas De 1.5 Mts, Incluye Base","description":"Compra Ec-2d-8380,ec-2d-8380-stand Lector De Codigo De Barras Ec-2d-8380, Negro, Cmos, Usb, 1d, 2d, 500 Lecturas Por Segundo, Resistente A Caidas De 1.5 Mts, Incluye Base + Env\u00edo a domicilio + Pago seguro + Garant\u00eda","robots":{"index":"index","follow":"follow","max-snippet":"max-snippet:-1","max-image-preview":"max-image-preview:large","max-video-preview":"max-video-preview:-1"},"canonical":"https:\/\/compuviper.mx\/tienda\/producto\/ec-line-ec-2d-8380ec-2d-8380-stand-lector-de-codigo-de-barras-ec-2d-8380-negro-cmos-usb-1d-2d-500-lecturas-por-segundo-resistente-a-caidas-de-1-5-mts-incluye-base\/","og_locale":"es_MX","og_type":"article","og_title":"[ Ec Line ] &#129351; Ec-2d-8380,ec-2d-8380-stand Lector De Codigo De Barras Ec-2d-8380, Negro, Cmos, Usb, 1d, 2d, 500 Lecturas Por Segundo, Resistente A Caidas De 1.5 Mts, Incluye Base","og_description":"Compra Ec-2d-8380,ec-2d-8380-stand Lector De Codigo De Barras Ec-2d-8380, Negro, Cmos, Usb, 1d, 2d, 500 Lecturas Por Segundo, Resistente A Caidas De 1.5 Mts, Incluye Base + Env\u00edo a domicilio + Pago seguro + Garant\u00eda","og_url":"https:\/\/compuviper.mx\/tienda\/producto\/ec-line-ec-2d-8380ec-2d-8380-stand-lector-de-codigo-de-barras-ec-2d-8380-negro-cmos-usb-1d-2d-500-lecturas-por-segundo-resistente-a-caidas-de-1-5-mts-incluye-base\/","og_site_name":"Compuviper","article_publisher":"https:\/\/www.facebook.com\/compuviper","og_image":[{"width":200,"height":200,"url":"https:\/\/compuviper.mx\/tienda\/wp-content\/uploads\/2023\/12\/Lector-de-codigo-de-barras-ec-line-ec-2d-8380-negro-ccd-optico-usb-1d-2d-500-lecturas-por-segundo-resistente-a-caidas-de-1.5-mts-incluye-base.jpg","type":"image\/jpeg"}],"twitter_card":"summary_large_image","twitter_misc":{"Precio":"&#36;1,586 con IVA","Availability":"In stock"},"schema":{"@context":"https:\/\/schema.org","@graph":[{"@type":"WebPage","@id":"https:\/\/compuviper.mx\/tienda\/producto\/ec-line-ec-2d-8380ec-2d-8380-stand-lector-de-codigo-de-barras-ec-2d-8380-negro-cmos-usb-1d-2d-500-lecturas-por-segundo-resistente-a-caidas-de-1-5-mts-incluye-base\/","url":"https:\/\/compuviper.mx\/tienda\/producto\/ec-line-ec-2d-8380ec-2d-8380-stand-lector-de-codigo-de-barras-ec-2d-8380-negro-cmos-usb-1d-2d-500-lecturas-por-segundo-resistente-a-caidas-de-1-5-mts-incluye-base\/","name":"[ Ec Line ] &#129351; Ec-2d-8380,ec-2d-8380-stand Lector De Codigo De Barras Ec-2d-8380, Negro, Cmos, Usb, 1d, 2d, 500 Lecturas Por Segundo, Resistente A Caidas De 1.5 Mts, Incluye Base","isPartOf":{"@id":"https:\/\/compuviper.mx\/tienda\/#website"},"datePublished":"2026-04-07T06:44:24+00:00","dateModified":"2026-04-07T06:44:24+00:00","description":"Compra Ec-2d-8380,ec-2d-8380-stand Lector De Codigo De Barras Ec-2d-8380, Negro, Cmos, Usb, 1d, 2d, 500 Lecturas Por Segundo, Resistente A Caidas De 1.5 Mts, Incluye Base + Env\u00edo a domicilio + Pago seguro + Garant\u00eda","breadcrumb":{"@id":"https:\/\/compuviper.mx\/tienda\/producto\/ec-line-ec-2d-8380ec-2d-8380-stand-lector-de-codigo-de-barras-ec-2d-8380-negro-cmos-usb-1d-2d-500-lecturas-por-segundo-resistente-a-caidas-de-1-5-mts-incluye-base\/#breadcrumb"},"inLanguage":"es-MX","potentialAction":[{"@type":"ReadAction","target":["https:\/\/compuviper.mx\/tienda\/producto\/ec-line-ec-2d-8380ec-2d-8380-stand-lector-de-codigo-de-barras-ec-2d-8380-negro-cmos-usb-1d-2d-500-lecturas-por-segundo-resistente-a-caidas-de-1-5-mts-incluye-base\/"]}]},{"@type":"BreadcrumbList","@id":"https:\/\/compuviper.mx\/tienda\/producto\/ec-line-ec-2d-8380ec-2d-8380-stand-lector-de-codigo-de-barras-ec-2d-8380-negro-cmos-usb-1d-2d-500-lecturas-por-segundo-resistente-a-caidas-de-1-5-mts-incluye-base\/#breadcrumb","itemListElement":[{"@type":"ListItem","position":1,"name":"Inicio","item":"https:\/\/compuviper.mx\/tienda\/"},{"@type":"ListItem","position":2,"name":"Productos","item":"https:\/\/compuviper.mx\/tienda\/productos\/"},{"@type":"ListItem","position":3,"name":"Lector De Codigos","item":"https:\/\/compuviper.mx\/tienda\/categoria-producto\/lector-de-codigos\/"},{"@type":"ListItem","position":4,"name":"Ccd","item":"https:\/\/compuviper.mx\/tienda\/categoria-producto\/lector-de-codigos\/ccd\/"},{"@type":"ListItem","position":5,"name":"Ec Line Ec-2d-8380,ec-2d-8380-stand Lector De Codigo De Barras Ec-2d-8380, Negro, Cmos, Usb, 1d, 2d, 500 Lecturas Por Segundo, Resistente A Caidas De 1.5 Mts, Incluye Base"}]},{"@type":"WebSite","@id":"https:\/\/compuviper.mx\/tienda\/#website","url":"https:\/\/compuviper.mx\/tienda\/","name":"Compuviper","description":"Proveedor de Computadoras, Laptops, Servidores, Monitores, Puntos de Venta, Teclados,   Impresoras, T\u00f3ner, C\u00e1maras de Seguridad y m\u00e1s en tu tienda en l\u00ednea","publisher":{"@id":"https:\/\/compuviper.mx\/tienda\/#organization"},"potentialAction":[{"@type":"SearchAction","target":{"@type":"EntryPoint","urlTemplate":"https:\/\/compuviper.mx\/tienda\/?s={search_term_string}"},"query-input":"required name=search_term_string"}],"inLanguage":"es-MX"},{"@type":"Organization","@id":"https:\/\/compuviper.mx\/tienda\/#organization","name":"Compuviper","url":"https:\/\/compuviper.mx\/tienda\/","logo":{"@type":"ImageObject","inLanguage":"es-MX","@id":"https:\/\/compuviper.mx\/tienda\/#\/schema\/logo\/image\/","url":"https:\/\/compuviper.mx\/tienda\/wp-content\/uploads\/2021\/08\/Logo-Compuviper-10.png","contentUrl":"https:\/\/compuviper.mx\/tienda\/wp-content\/uploads\/2021\/08\/Logo-Compuviper-10.png","width":1000,"height":500,"caption":"Compuviper"},"image":{"@id":"https:\/\/compuviper.mx\/tienda\/#\/schema\/logo\/image\/"},"sameAs":["https:\/\/www.facebook.com\/compuviper","https:\/\/www.youtube.com\/channel\/UCf73dERp9Y3cfOq7q8BhLjA?view_as=subscriber"]}]},"product_brand":"EC LINE","product_price_amount":"1586","product_price_currency":"MXN","og_availability":"instock","product_availability":"instock","product_retailer_item_id":"EC-2D-8380,EC-2D-8380-STAND","product_condition":"new"},"_links":{"self":[{"href":"https:\/\/compuviper.mx\/tienda\/wp-json\/wp\/v2\/product\/219398"}],"collection":[{"href":"https:\/\/compuviper.mx\/tienda\/wp-json\/wp\/v2\/product"}],"about":[{"href":"https:\/\/compuviper.mx\/tienda\/wp-json\/wp\/v2\/types\/product"}],"replies":[{"embeddable":true,"href":"https:\/\/compuviper.mx\/tienda\/wp-json\/wp\/v2\/comments?post=219398"}],"wp:featuredmedia":[{"embeddable":true,"href":"https:\/\/compuviper.mx\/tienda\/wp-json\/wp\/v2\/media\/219399"}],"wp:attachment":[{"href":"https:\/\/compuviper.mx\/tienda\/wp-json\/wp\/v2\/media?parent=219398"}],"wp:term":[{"taxonomy":"product_cat","embeddable":true,"href":"https:\/\/compuviper.mx\/tienda\/wp-json\/wp\/v2\/product_cat?post=219398"},{"taxonomy":"product_tag","embeddable":true,"href":"https:\/\/compuviper.mx\/tienda\/wp-json\/wp\/v2\/product_tag?post=219398"}],"curies":[{"name":"wp","href":"https:\/\/api.w.org\/{rel}","templated":true}]}}