{"id":219380,"date":"2026-04-14T00:43:15","date_gmt":"2026-04-14T06:43:15","guid":{"rendered":"https:\/\/compuviper.mx\/tienda\/producto\/tech-zone-tzbesc3-lector-codigo-de-barras-techzone-negro-led-bidireccional-usb-1d-alcance-27-cm-100-lecturas-por-segundo-base-ajustable-y-removible\/"},"modified":"2026-04-14T00:43:15","modified_gmt":"2026-04-14T06:43:15","slug":"tech-zone-pos-tzbesc3-lector-codigo-de-barras-techzone-negro-led-bidireccional-usb-1d-alcance-27-cm-100-lecturas-por-segundo-base-ajustable-y-removible","status":"publish","type":"product","link":"https:\/\/compuviper.mx\/tienda\/producto\/tech-zone-pos-tzbesc3-lector-codigo-de-barras-techzone-negro-led-bidireccional-usb-1d-alcance-27-cm-100-lecturas-por-segundo-base-ajustable-y-removible\/","title":{"rendered":"Tech Zone Pos Tzbesc3 Lector Codigo De Barras Techzone , Negro, Led Bidireccional, Usb, 1d, Alcance 27 Cm, 100 Lecturas Por Segundo, Base Ajustable Y Removible"},"content":{"rendered":"<table class=\"descripcion\">\n<tr>\n<td>* modelo tzbesc3<\/td>\n<\/tr>\n<tr>\n<td>* tipo lector de c\u00f3digo de barras<\/td>\n<\/tr>\n<tr>\n<td>* lectura de l\u00e1ser bi-direccional<\/td>\n<\/tr>\n<tr>\n<td>* velocidad de lectura 100\/s<\/td>\n<\/tr>\n<tr>\n<td>* interface usb &#8211; cable extra\u00edble<\/td>\n<\/tr>\n<tr>\n<td>* visible 650nm<\/td>\n<\/tr>\n<tr>\n<td>* color gris<\/td>\n<\/tr>\n<tr>\n<td>* distancia de lectura 2.5 ~ 600 mm (100% upc\/ean)<\/td>\n<\/tr>\n<tr>\n<td>* base ajustable con lector removible.<\/td>\n<\/tr>\n<tr>\n<td>* contraste de impresi\u00f3n m\u00ednimo 30%<\/td>\n<\/tr>\n<tr>\n<td>* indicadores led<\/td>\n<\/tr>\n<tr>\n<td>* capacidad de decodificaci\u00f3n upc\/ean, upc\/ean with supplementals,<\/td>\n<\/tr>\n<tr>\n<td>* ucc\/ean128, code 39, code 39 full ascii, code 39 trioptic, code 128, code 128 full ascii, codabar, interleaved 2 of 5,discrete 2 of 5, code 93, msi, code 11, ata,<\/td>\n<\/tr>\n<tr>\n<td>Rss variants, chinese 2 of 5\u0085<\/td>\n<\/tr>\n<tr>\n<td>* voltaje dc+5v+\/-5%<\/td>\n<\/tr>\n<tr>\n<td>* tipo de l\u00e1ser clase 2<\/td>\n<\/tr>\n<tr>\n<td>* color de led inclinaci\u00f3n 45\u00b0 elevaci\u00f3n 60\u00b0<\/td>\n<\/tr>\n<tr>\n<td>Parametros fisicos<\/td>\n<\/tr>\n<tr>\n<td>* peso 129g<\/td>\n<\/tr>\n<tr>\n<td>* dimensiones 165 x 63 x 87 mm (largo, ancho, alto)<\/td>\n<\/tr>\n<tr>\n<td>Detalle del funcionamiento<\/td>\n<\/tr>\n<tr>\n<td>* material y resistencia na<\/td>\n<\/tr>\n<tr>\n<td>* temperatura de operaci\u00f3n 0\u00bac~40\u00bac \/ temperatura en reposo -40\u00bac~60\u00bac<\/td>\n<\/tr>\n<tr>\n<td>* garant\u00eda 1 a\u00f1o con reemplazo en menos de 24 horas<\/td>\n<\/tr>\n<\/table>\n","protected":false},"excerpt":{"rendered":"<p>Lector de c\u00f3digo de barras, bi-direccional, interface (usb), vel.  100\/s gris. * modelo tzbesc3. * tipo lector de c\u00f3digo de barras. * lectura de l\u00e1ser bi-direccional. * velocidad de lectura 100\/s. * interface usb &#8211; cable extra\u00edble. * visible 650nm. * color gris. * distancia de lectura 2.5 ~ 600 mm (100% upc\/ean. * base ajustable con lector removible. * contraste de impresi\u00f3n m\u00ednimo 30. * indicadores led. * capacidad de decodificaci\u00f3n upc\/ean, upc\/ean with supplementals. * ucc\/ean128, code 39, code 39 full ascii, code 39 trioptic, code 128, code 128 full ascii, codabar, interleaved 2 of 5,discrete 2 of 5, code 93, msi, code 11, ata. Rss variants, chinese 2 of 5?. * voltaje dc+5v+\/-5. * tipo de l\u00e1ser clase 2. * color de led inclinaci\u00f3n 45\u00b0 elevaci\u00f3n 60?. Parametros fisicos. * peso 129g. * dimensiones 165 x 63 x 87 mm (largo, ancho, alto. Detalle del funcionamiento. * material y resistencia na. * temperatura de operaci\u00f3n 0\u00bac~40\u00bac \/ temperatura en reposo -40\u00bac~60\u00bac. * garant\u00eda 1 a\u00f1o con reemplazo en menos de 24 horas<\/p>\n","protected":false},"featured_media":219381,"comment_status":"open","ping_status":"open","template":"","meta":[],"product_cat":[1721,1723],"product_tag":[2234],"acf":[],"yoast_head":"<!-- This site is optimized with the Yoast SEO plugin v21.7 - https:\/\/yoast.com\/wordpress\/plugins\/seo\/ -->\n<title>[ Tech Zone Pos ] &#129351; Tzbesc3 Lector Codigo De Barras Techzone , Negro, Led Bidireccional, Usb, 1d, Alcance 27 Cm, 100 Lecturas Por Segundo, Base Ajustable Y Removible<\/title>\n<meta name=\"description\" content=\"Compra Tzbesc3 Lector Codigo De Barras Techzone , Negro, Led Bidireccional, Usb, 1d, Alcance 27 Cm, 100 Lecturas Por Segundo, Base Ajustable Y Removible + Env\u00edo a domicilio + Pago seguro + Garant\u00eda\" \/>\n<meta name=\"robots\" content=\"index, follow, max-snippet:-1, max-image-preview:large, max-video-preview:-1\" \/>\n<link rel=\"canonical\" href=\"https:\/\/compuviper.mx\/tienda\/producto\/tech-zone-pos-tzbesc3-lector-codigo-de-barras-techzone-negro-led-bidireccional-usb-1d-alcance-27-cm-100-lecturas-por-segundo-base-ajustable-y-removible\/\" \/>\n<meta property=\"og:locale\" content=\"es_MX\" \/>\n<meta property=\"og:type\" content=\"article\" \/>\n<meta property=\"og:title\" content=\"[ Tech Zone Pos ] &#129351; Tzbesc3 Lector Codigo De Barras Techzone , Negro, Led Bidireccional, Usb, 1d, Alcance 27 Cm, 100 Lecturas Por Segundo, Base Ajustable Y Removible\" \/>\n<meta property=\"og:description\" content=\"Compra Tzbesc3 Lector Codigo De Barras Techzone , Negro, Led Bidireccional, Usb, 1d, Alcance 27 Cm, 100 Lecturas Por Segundo, Base Ajustable Y Removible + Env\u00edo a domicilio + Pago seguro + Garant\u00eda\" \/>\n<meta property=\"og:url\" content=\"https:\/\/compuviper.mx\/tienda\/producto\/tech-zone-pos-tzbesc3-lector-codigo-de-barras-techzone-negro-led-bidireccional-usb-1d-alcance-27-cm-100-lecturas-por-segundo-base-ajustable-y-removible\/\" \/>\n<meta property=\"og:site_name\" content=\"Compuviper\" \/>\n<meta property=\"article:publisher\" content=\"https:\/\/www.facebook.com\/compuviper\" \/>\n<meta property=\"og:image\" content=\"https:\/\/compuviper.mx\/tienda\/wp-content\/uploads\/2023\/12\/Lector-codigo-de-barras-techzone-tzbesc3-negro-led-bidireccional-usb-1d-alcance-27-cm-100-lecturas-por-segundo-base-ajustable-y-removible.jpg\" \/>\n\t<meta property=\"og:image:width\" content=\"200\" \/>\n\t<meta property=\"og:image:height\" content=\"200\" \/>\n\t<meta property=\"og:image:type\" content=\"image\/jpeg\" \/>\n<meta name=\"twitter:card\" content=\"summary_large_image\" \/>\n<meta name=\"twitter:label1\" content=\"Precio\" \/>\n\t<meta name=\"twitter:data1\" content=\"&#36;620 con IVA\" \/>\n\t<meta name=\"twitter:label2\" content=\"Availability\" \/>\n\t<meta name=\"twitter:data2\" content=\"In stock\" \/>\n<script type=\"application\/ld+json\" class=\"yoast-schema-graph\">{\"@context\":\"https:\/\/schema.org\",\"@graph\":[{\"@type\":\"WebPage\",\"@id\":\"https:\/\/compuviper.mx\/tienda\/producto\/tech-zone-pos-tzbesc3-lector-codigo-de-barras-techzone-negro-led-bidireccional-usb-1d-alcance-27-cm-100-lecturas-por-segundo-base-ajustable-y-removible\/\",\"url\":\"https:\/\/compuviper.mx\/tienda\/producto\/tech-zone-pos-tzbesc3-lector-codigo-de-barras-techzone-negro-led-bidireccional-usb-1d-alcance-27-cm-100-lecturas-por-segundo-base-ajustable-y-removible\/\",\"name\":\"[ Tech Zone Pos ] &#129351; Tzbesc3 Lector Codigo De Barras Techzone , Negro, Led Bidireccional, Usb, 1d, Alcance 27 Cm, 100 Lecturas Por Segundo, Base Ajustable Y Removible\",\"isPartOf\":{\"@id\":\"https:\/\/compuviper.mx\/tienda\/#website\"},\"datePublished\":\"2026-04-14T06:43:15+00:00\",\"dateModified\":\"2026-04-14T06:43:15+00:00\",\"description\":\"Compra Tzbesc3 Lector Codigo De Barras Techzone , Negro, Led Bidireccional, Usb, 1d, Alcance 27 Cm, 100 Lecturas Por Segundo, Base Ajustable Y Removible + Env\u00edo a domicilio + Pago seguro + Garant\u00eda\",\"breadcrumb\":{\"@id\":\"https:\/\/compuviper.mx\/tienda\/producto\/tech-zone-pos-tzbesc3-lector-codigo-de-barras-techzone-negro-led-bidireccional-usb-1d-alcance-27-cm-100-lecturas-por-segundo-base-ajustable-y-removible\/#breadcrumb\"},\"inLanguage\":\"es-MX\",\"potentialAction\":[{\"@type\":\"ReadAction\",\"target\":[\"https:\/\/compuviper.mx\/tienda\/producto\/tech-zone-pos-tzbesc3-lector-codigo-de-barras-techzone-negro-led-bidireccional-usb-1d-alcance-27-cm-100-lecturas-por-segundo-base-ajustable-y-removible\/\"]}]},{\"@type\":\"BreadcrumbList\",\"@id\":\"https:\/\/compuviper.mx\/tienda\/producto\/tech-zone-pos-tzbesc3-lector-codigo-de-barras-techzone-negro-led-bidireccional-usb-1d-alcance-27-cm-100-lecturas-por-segundo-base-ajustable-y-removible\/#breadcrumb\",\"itemListElement\":[{\"@type\":\"ListItem\",\"position\":1,\"name\":\"Inicio\",\"item\":\"https:\/\/compuviper.mx\/tienda\/\"},{\"@type\":\"ListItem\",\"position\":2,\"name\":\"Productos\",\"item\":\"https:\/\/compuviper.mx\/tienda\/productos\/\"},{\"@type\":\"ListItem\",\"position\":3,\"name\":\"Lector De Codigos\",\"item\":\"https:\/\/compuviper.mx\/tienda\/categoria-producto\/lector-de-codigos\/\"},{\"@type\":\"ListItem\",\"position\":4,\"name\":\"Laser\",\"item\":\"https:\/\/compuviper.mx\/tienda\/categoria-producto\/lector-de-codigos\/laser\/\"},{\"@type\":\"ListItem\",\"position\":5,\"name\":\"Tech Zone Pos Tzbesc3 Lector Codigo De Barras Techzone , Negro, Led Bidireccional, Usb, 1d, Alcance 27 Cm, 100 Lecturas Por Segundo, Base Ajustable Y Removible\"}]},{\"@type\":\"WebSite\",\"@id\":\"https:\/\/compuviper.mx\/tienda\/#website\",\"url\":\"https:\/\/compuviper.mx\/tienda\/\",\"name\":\"Compuviper\",\"description\":\"Proveedor de Computadoras, Laptops, Servidores, Monitores, Puntos de Venta, Teclados,   Impresoras, T\u00f3ner, C\u00e1maras de Seguridad y m\u00e1s en tu tienda en l\u00ednea\",\"publisher\":{\"@id\":\"https:\/\/compuviper.mx\/tienda\/#organization\"},\"potentialAction\":[{\"@type\":\"SearchAction\",\"target\":{\"@type\":\"EntryPoint\",\"urlTemplate\":\"https:\/\/compuviper.mx\/tienda\/?s={search_term_string}\"},\"query-input\":\"required name=search_term_string\"}],\"inLanguage\":\"es-MX\"},{\"@type\":\"Organization\",\"@id\":\"https:\/\/compuviper.mx\/tienda\/#organization\",\"name\":\"Compuviper\",\"url\":\"https:\/\/compuviper.mx\/tienda\/\",\"logo\":{\"@type\":\"ImageObject\",\"inLanguage\":\"es-MX\",\"@id\":\"https:\/\/compuviper.mx\/tienda\/#\/schema\/logo\/image\/\",\"url\":\"https:\/\/compuviper.mx\/tienda\/wp-content\/uploads\/2021\/08\/Logo-Compuviper-10.png\",\"contentUrl\":\"https:\/\/compuviper.mx\/tienda\/wp-content\/uploads\/2021\/08\/Logo-Compuviper-10.png\",\"width\":1000,\"height\":500,\"caption\":\"Compuviper\"},\"image\":{\"@id\":\"https:\/\/compuviper.mx\/tienda\/#\/schema\/logo\/image\/\"},\"sameAs\":[\"https:\/\/www.facebook.com\/compuviper\",\"https:\/\/www.youtube.com\/channel\/UCf73dERp9Y3cfOq7q8BhLjA?view_as=subscriber\"]}]}<\/script>\n<meta property=\"product:brand\" content=\"Tech Zone Pos\" \/>\n<meta property=\"product:price:amount\" content=\"620\" \/>\n<meta property=\"product:price:currency\" content=\"MXN\" \/>\n<meta property=\"og:availability\" content=\"instock\" \/>\n<meta property=\"product:availability\" content=\"instock\" \/>\n<meta property=\"product:retailer_item_id\" content=\"TZBESC3\" \/>\n<meta property=\"product:condition\" content=\"new\" \/>\n<!-- \/ Yoast SEO plugin. -->","yoast_head_json":{"title":"[ Tech Zone Pos ] &#129351; Tzbesc3 Lector Codigo De Barras Techzone , Negro, Led Bidireccional, Usb, 1d, Alcance 27 Cm, 100 Lecturas Por Segundo, Base Ajustable Y Removible","description":"Compra Tzbesc3 Lector Codigo De Barras Techzone , Negro, Led Bidireccional, Usb, 1d, Alcance 27 Cm, 100 Lecturas Por Segundo, Base Ajustable Y Removible + Env\u00edo a domicilio + Pago seguro + Garant\u00eda","robots":{"index":"index","follow":"follow","max-snippet":"max-snippet:-1","max-image-preview":"max-image-preview:large","max-video-preview":"max-video-preview:-1"},"canonical":"https:\/\/compuviper.mx\/tienda\/producto\/tech-zone-pos-tzbesc3-lector-codigo-de-barras-techzone-negro-led-bidireccional-usb-1d-alcance-27-cm-100-lecturas-por-segundo-base-ajustable-y-removible\/","og_locale":"es_MX","og_type":"article","og_title":"[ Tech Zone Pos ] &#129351; Tzbesc3 Lector Codigo De Barras Techzone , Negro, Led Bidireccional, Usb, 1d, Alcance 27 Cm, 100 Lecturas Por Segundo, Base Ajustable Y Removible","og_description":"Compra Tzbesc3 Lector Codigo De Barras Techzone , Negro, Led Bidireccional, Usb, 1d, Alcance 27 Cm, 100 Lecturas Por Segundo, Base Ajustable Y Removible + Env\u00edo a domicilio + Pago seguro + Garant\u00eda","og_url":"https:\/\/compuviper.mx\/tienda\/producto\/tech-zone-pos-tzbesc3-lector-codigo-de-barras-techzone-negro-led-bidireccional-usb-1d-alcance-27-cm-100-lecturas-por-segundo-base-ajustable-y-removible\/","og_site_name":"Compuviper","article_publisher":"https:\/\/www.facebook.com\/compuviper","og_image":[{"width":200,"height":200,"url":"https:\/\/compuviper.mx\/tienda\/wp-content\/uploads\/2023\/12\/Lector-codigo-de-barras-techzone-tzbesc3-negro-led-bidireccional-usb-1d-alcance-27-cm-100-lecturas-por-segundo-base-ajustable-y-removible.jpg","type":"image\/jpeg"}],"twitter_card":"summary_large_image","twitter_misc":{"Precio":"&#36;620 con IVA","Availability":"In stock"},"schema":{"@context":"https:\/\/schema.org","@graph":[{"@type":"WebPage","@id":"https:\/\/compuviper.mx\/tienda\/producto\/tech-zone-pos-tzbesc3-lector-codigo-de-barras-techzone-negro-led-bidireccional-usb-1d-alcance-27-cm-100-lecturas-por-segundo-base-ajustable-y-removible\/","url":"https:\/\/compuviper.mx\/tienda\/producto\/tech-zone-pos-tzbesc3-lector-codigo-de-barras-techzone-negro-led-bidireccional-usb-1d-alcance-27-cm-100-lecturas-por-segundo-base-ajustable-y-removible\/","name":"[ Tech Zone Pos ] &#129351; Tzbesc3 Lector Codigo De Barras Techzone , Negro, Led Bidireccional, Usb, 1d, Alcance 27 Cm, 100 Lecturas Por Segundo, Base Ajustable Y Removible","isPartOf":{"@id":"https:\/\/compuviper.mx\/tienda\/#website"},"datePublished":"2026-04-14T06:43:15+00:00","dateModified":"2026-04-14T06:43:15+00:00","description":"Compra Tzbesc3 Lector Codigo De Barras Techzone , Negro, Led Bidireccional, Usb, 1d, Alcance 27 Cm, 100 Lecturas Por Segundo, Base Ajustable Y Removible + Env\u00edo a domicilio + Pago seguro + Garant\u00eda","breadcrumb":{"@id":"https:\/\/compuviper.mx\/tienda\/producto\/tech-zone-pos-tzbesc3-lector-codigo-de-barras-techzone-negro-led-bidireccional-usb-1d-alcance-27-cm-100-lecturas-por-segundo-base-ajustable-y-removible\/#breadcrumb"},"inLanguage":"es-MX","potentialAction":[{"@type":"ReadAction","target":["https:\/\/compuviper.mx\/tienda\/producto\/tech-zone-pos-tzbesc3-lector-codigo-de-barras-techzone-negro-led-bidireccional-usb-1d-alcance-27-cm-100-lecturas-por-segundo-base-ajustable-y-removible\/"]}]},{"@type":"BreadcrumbList","@id":"https:\/\/compuviper.mx\/tienda\/producto\/tech-zone-pos-tzbesc3-lector-codigo-de-barras-techzone-negro-led-bidireccional-usb-1d-alcance-27-cm-100-lecturas-por-segundo-base-ajustable-y-removible\/#breadcrumb","itemListElement":[{"@type":"ListItem","position":1,"name":"Inicio","item":"https:\/\/compuviper.mx\/tienda\/"},{"@type":"ListItem","position":2,"name":"Productos","item":"https:\/\/compuviper.mx\/tienda\/productos\/"},{"@type":"ListItem","position":3,"name":"Lector De Codigos","item":"https:\/\/compuviper.mx\/tienda\/categoria-producto\/lector-de-codigos\/"},{"@type":"ListItem","position":4,"name":"Laser","item":"https:\/\/compuviper.mx\/tienda\/categoria-producto\/lector-de-codigos\/laser\/"},{"@type":"ListItem","position":5,"name":"Tech Zone Pos Tzbesc3 Lector Codigo De Barras Techzone , Negro, Led Bidireccional, Usb, 1d, Alcance 27 Cm, 100 Lecturas Por Segundo, Base Ajustable Y Removible"}]},{"@type":"WebSite","@id":"https:\/\/compuviper.mx\/tienda\/#website","url":"https:\/\/compuviper.mx\/tienda\/","name":"Compuviper","description":"Proveedor de Computadoras, Laptops, Servidores, Monitores, Puntos de Venta, Teclados,   Impresoras, T\u00f3ner, C\u00e1maras de Seguridad y m\u00e1s en tu tienda en l\u00ednea","publisher":{"@id":"https:\/\/compuviper.mx\/tienda\/#organization"},"potentialAction":[{"@type":"SearchAction","target":{"@type":"EntryPoint","urlTemplate":"https:\/\/compuviper.mx\/tienda\/?s={search_term_string}"},"query-input":"required name=search_term_string"}],"inLanguage":"es-MX"},{"@type":"Organization","@id":"https:\/\/compuviper.mx\/tienda\/#organization","name":"Compuviper","url":"https:\/\/compuviper.mx\/tienda\/","logo":{"@type":"ImageObject","inLanguage":"es-MX","@id":"https:\/\/compuviper.mx\/tienda\/#\/schema\/logo\/image\/","url":"https:\/\/compuviper.mx\/tienda\/wp-content\/uploads\/2021\/08\/Logo-Compuviper-10.png","contentUrl":"https:\/\/compuviper.mx\/tienda\/wp-content\/uploads\/2021\/08\/Logo-Compuviper-10.png","width":1000,"height":500,"caption":"Compuviper"},"image":{"@id":"https:\/\/compuviper.mx\/tienda\/#\/schema\/logo\/image\/"},"sameAs":["https:\/\/www.facebook.com\/compuviper","https:\/\/www.youtube.com\/channel\/UCf73dERp9Y3cfOq7q8BhLjA?view_as=subscriber"]}]},"product_brand":"Tech Zone Pos","product_price_amount":"620","product_price_currency":"MXN","og_availability":"instock","product_availability":"instock","product_retailer_item_id":"TZBESC3","product_condition":"new"},"_links":{"self":[{"href":"https:\/\/compuviper.mx\/tienda\/wp-json\/wp\/v2\/product\/219380"}],"collection":[{"href":"https:\/\/compuviper.mx\/tienda\/wp-json\/wp\/v2\/product"}],"about":[{"href":"https:\/\/compuviper.mx\/tienda\/wp-json\/wp\/v2\/types\/product"}],"replies":[{"embeddable":true,"href":"https:\/\/compuviper.mx\/tienda\/wp-json\/wp\/v2\/comments?post=219380"}],"wp:featuredmedia":[{"embeddable":true,"href":"https:\/\/compuviper.mx\/tienda\/wp-json\/wp\/v2\/media\/219381"}],"wp:attachment":[{"href":"https:\/\/compuviper.mx\/tienda\/wp-json\/wp\/v2\/media?parent=219380"}],"wp:term":[{"taxonomy":"product_cat","embeddable":true,"href":"https:\/\/compuviper.mx\/tienda\/wp-json\/wp\/v2\/product_cat?post=219380"},{"taxonomy":"product_tag","embeddable":true,"href":"https:\/\/compuviper.mx\/tienda\/wp-json\/wp\/v2\/product_tag?post=219380"}],"curies":[{"name":"wp","href":"https:\/\/api.w.org\/{rel}","templated":true}]}}