{"id":219376,"date":"2026-04-22T00:38:19","date_gmt":"2026-04-22T06:38:19","guid":{"rendered":"https:\/\/compuviper.mx\/tienda\/producto\/honeywell-1470g2d-2usb-1-n-lector-codigo-de-barras-voyager-imager-negro-usb-1d-2d-alcance-5-25-mm\/"},"modified":"2026-04-22T00:38:20","modified_gmt":"2026-04-22T06:38:20","slug":"honeywell-1470g2d-2usb-1-n-lector-de-codigo-de-barras-voyager-alcance-250-mm-imager-1d-2d-usb-negro100-lecturas-por-segundo-incluye-base","status":"publish","type":"product","link":"https:\/\/compuviper.mx\/tienda\/producto\/honeywell-1470g2d-2usb-1-n-lector-de-codigo-de-barras-voyager-alcance-250-mm-imager-1d-2d-usb-negro100-lecturas-por-segundo-incluye-base\/","title":{"rendered":"Honeywell 1470g2d-2usb-1-n Lector De Codigo De Barras  Voyager , Alcance 250 Mm, Imager 1d\/2d, Usb, Negro,100 Lecturas Por Segundo, Incluye Base"},"content":{"rendered":"<table class=\"descripcion\">\n<tr>\n<td>Capacidad de decodificaci\u00f3n 2d<\/td>\n<\/tr>\n<tr>\n<td>Forma de pistola<\/td>\n<\/tr>\n<tr>\n<td>Usb<\/td>\n<\/tr>\n<tr>\n<td>Especificaciones de ca\u00edda 30 ca\u00eddas de 1.8 m (6 ft) sobre concreto<\/td>\n<\/tr>\n<tr>\n<td>Grados de protecci\u00f3n ip52<\/td>\n<\/tr>\n<tr>\n<td>Especificaciones de sacudidas 1,000 sacudidas de 0.5 m (1.6 ft)<\/td>\n<\/tr>\n<\/table>\n","protected":false},"excerpt":{"rendered":"<p>Por el mismo precio competitivo que su predecesor, los esc\u00e1neres de la serie voyager\u0099: xp 1470 ofrecen una mayor durabilidad y capacidades de escaneo m\u00e1s potentes que los modelos anteriores, o cualquier otro esc\u00e1ner de la competencia de su clase. Son la opci\u00f3n perfecta de esc\u00e1ner port\u00e1til para los flujos de trabajo minoristas en la tienda que incluyen la lectura de c\u00f3digos de barras 1d y 2d, y requieren una soluci\u00f3n m\u00e1s robusta y fiable<\/p>\n","protected":false},"featured_media":219377,"comment_status":"open","ping_status":"open","template":"","meta":[],"product_cat":[1721,1722],"product_tag":[1725],"acf":[],"yoast_head":"<!-- This site is optimized with the Yoast SEO plugin v21.7 - https:\/\/yoast.com\/wordpress\/plugins\/seo\/ -->\n<title>[ Honeywell ] &#129351; 1470g2d-2usb-1-n Lector De Codigo De Barras Voyager , Alcance 250 Mm, Imager 1d\/2d, Usb, Negro,100 Lecturas Por Segundo, Incluye Base<\/title>\n<meta name=\"description\" content=\"Compra 1470g2d-2usb-1-n Lector De Codigo De Barras Voyager , Alcance 250 Mm, Imager 1d\/2d, Usb, Negro,100 Lecturas Por Segundo, Incluye Base + Env\u00edo a domicilio + Pago seguro + Garant\u00eda\" \/>\n<meta name=\"robots\" content=\"index, follow, max-snippet:-1, max-image-preview:large, max-video-preview:-1\" \/>\n<link rel=\"canonical\" href=\"https:\/\/compuviper.mx\/tienda\/producto\/honeywell-1470g2d-2usb-1-n-lector-de-codigo-de-barras-voyager-alcance-250-mm-imager-1d-2d-usb-negro100-lecturas-por-segundo-incluye-base\/\" \/>\n<meta property=\"og:locale\" content=\"es_MX\" \/>\n<meta property=\"og:type\" content=\"article\" \/>\n<meta property=\"og:title\" content=\"[ Honeywell ] &#129351; 1470g2d-2usb-1-n Lector De Codigo De Barras Voyager , Alcance 250 Mm, Imager 1d\/2d, Usb, Negro,100 Lecturas Por Segundo, Incluye Base\" \/>\n<meta property=\"og:description\" content=\"Compra 1470g2d-2usb-1-n Lector De Codigo De Barras Voyager , Alcance 250 Mm, Imager 1d\/2d, Usb, Negro,100 Lecturas Por Segundo, Incluye Base + Env\u00edo a domicilio + Pago seguro + Garant\u00eda\" \/>\n<meta property=\"og:url\" content=\"https:\/\/compuviper.mx\/tienda\/producto\/honeywell-1470g2d-2usb-1-n-lector-de-codigo-de-barras-voyager-alcance-250-mm-imager-1d-2d-usb-negro100-lecturas-por-segundo-incluye-base\/\" \/>\n<meta property=\"og:site_name\" content=\"Compuviper\" \/>\n<meta property=\"article:publisher\" content=\"https:\/\/www.facebook.com\/compuviper\" \/>\n<meta property=\"article:modified_time\" content=\"2026-04-22T06:38:20+00:00\" \/>\n<meta property=\"og:image\" content=\"https:\/\/compuviper.mx\/tienda\/wp-content\/uploads\/2023\/12\/Lector-codigo-de-barras-honeywell-voyager-1470g2d-2usb-1-n-imager-negro-usb-1d-2d-alcance-5-25-mm.jpg\" \/>\n\t<meta property=\"og:image:width\" content=\"200\" \/>\n\t<meta property=\"og:image:height\" content=\"200\" \/>\n\t<meta property=\"og:image:type\" content=\"image\/jpeg\" \/>\n<meta name=\"twitter:card\" content=\"summary_large_image\" \/>\n<meta name=\"twitter:label1\" content=\"Precio\" \/>\n\t<meta name=\"twitter:data1\" content=\"&#36;2,873 con IVA\" \/>\n\t<meta name=\"twitter:label2\" content=\"Availability\" \/>\n\t<meta name=\"twitter:data2\" content=\"In stock\" \/>\n<script type=\"application\/ld+json\" class=\"yoast-schema-graph\">{\"@context\":\"https:\/\/schema.org\",\"@graph\":[{\"@type\":\"WebPage\",\"@id\":\"https:\/\/compuviper.mx\/tienda\/producto\/honeywell-1470g2d-2usb-1-n-lector-de-codigo-de-barras-voyager-alcance-250-mm-imager-1d-2d-usb-negro100-lecturas-por-segundo-incluye-base\/\",\"url\":\"https:\/\/compuviper.mx\/tienda\/producto\/honeywell-1470g2d-2usb-1-n-lector-de-codigo-de-barras-voyager-alcance-250-mm-imager-1d-2d-usb-negro100-lecturas-por-segundo-incluye-base\/\",\"name\":\"[ Honeywell ] &#129351; 1470g2d-2usb-1-n Lector De Codigo De Barras Voyager , Alcance 250 Mm, Imager 1d\/2d, Usb, Negro,100 Lecturas Por Segundo, Incluye Base\",\"isPartOf\":{\"@id\":\"https:\/\/compuviper.mx\/tienda\/#website\"},\"datePublished\":\"2026-04-22T06:38:19+00:00\",\"dateModified\":\"2026-04-22T06:38:20+00:00\",\"description\":\"Compra 1470g2d-2usb-1-n Lector De Codigo De Barras Voyager , Alcance 250 Mm, Imager 1d\/2d, Usb, Negro,100 Lecturas Por Segundo, Incluye Base + Env\u00edo a domicilio + Pago seguro + Garant\u00eda\",\"breadcrumb\":{\"@id\":\"https:\/\/compuviper.mx\/tienda\/producto\/honeywell-1470g2d-2usb-1-n-lector-de-codigo-de-barras-voyager-alcance-250-mm-imager-1d-2d-usb-negro100-lecturas-por-segundo-incluye-base\/#breadcrumb\"},\"inLanguage\":\"es-MX\",\"potentialAction\":[{\"@type\":\"ReadAction\",\"target\":[\"https:\/\/compuviper.mx\/tienda\/producto\/honeywell-1470g2d-2usb-1-n-lector-de-codigo-de-barras-voyager-alcance-250-mm-imager-1d-2d-usb-negro100-lecturas-por-segundo-incluye-base\/\"]}]},{\"@type\":\"BreadcrumbList\",\"@id\":\"https:\/\/compuviper.mx\/tienda\/producto\/honeywell-1470g2d-2usb-1-n-lector-de-codigo-de-barras-voyager-alcance-250-mm-imager-1d-2d-usb-negro100-lecturas-por-segundo-incluye-base\/#breadcrumb\",\"itemListElement\":[{\"@type\":\"ListItem\",\"position\":1,\"name\":\"Inicio\",\"item\":\"https:\/\/compuviper.mx\/tienda\/\"},{\"@type\":\"ListItem\",\"position\":2,\"name\":\"Productos\",\"item\":\"https:\/\/compuviper.mx\/tienda\/productos\/\"},{\"@type\":\"ListItem\",\"position\":3,\"name\":\"Lector De Codigos\",\"item\":\"https:\/\/compuviper.mx\/tienda\/categoria-producto\/lector-de-codigos\/\"},{\"@type\":\"ListItem\",\"position\":4,\"name\":\"Imager\",\"item\":\"https:\/\/compuviper.mx\/tienda\/categoria-producto\/lector-de-codigos\/imager\/\"},{\"@type\":\"ListItem\",\"position\":5,\"name\":\"Honeywell 1470g2d-2usb-1-n Lector De Codigo De Barras Voyager , Alcance 250 Mm, Imager 1d\/2d, Usb, Negro,100 Lecturas Por Segundo, Incluye Base\"}]},{\"@type\":\"WebSite\",\"@id\":\"https:\/\/compuviper.mx\/tienda\/#website\",\"url\":\"https:\/\/compuviper.mx\/tienda\/\",\"name\":\"Compuviper\",\"description\":\"Proveedor de Computadoras, Laptops, Servidores, Monitores, Puntos de Venta, Teclados,   Impresoras, T\u00f3ner, C\u00e1maras de Seguridad y m\u00e1s en tu tienda en l\u00ednea\",\"publisher\":{\"@id\":\"https:\/\/compuviper.mx\/tienda\/#organization\"},\"potentialAction\":[{\"@type\":\"SearchAction\",\"target\":{\"@type\":\"EntryPoint\",\"urlTemplate\":\"https:\/\/compuviper.mx\/tienda\/?s={search_term_string}\"},\"query-input\":\"required name=search_term_string\"}],\"inLanguage\":\"es-MX\"},{\"@type\":\"Organization\",\"@id\":\"https:\/\/compuviper.mx\/tienda\/#organization\",\"name\":\"Compuviper\",\"url\":\"https:\/\/compuviper.mx\/tienda\/\",\"logo\":{\"@type\":\"ImageObject\",\"inLanguage\":\"es-MX\",\"@id\":\"https:\/\/compuviper.mx\/tienda\/#\/schema\/logo\/image\/\",\"url\":\"https:\/\/compuviper.mx\/tienda\/wp-content\/uploads\/2021\/08\/Logo-Compuviper-10.png\",\"contentUrl\":\"https:\/\/compuviper.mx\/tienda\/wp-content\/uploads\/2021\/08\/Logo-Compuviper-10.png\",\"width\":1000,\"height\":500,\"caption\":\"Compuviper\"},\"image\":{\"@id\":\"https:\/\/compuviper.mx\/tienda\/#\/schema\/logo\/image\/\"},\"sameAs\":[\"https:\/\/www.facebook.com\/compuviper\",\"https:\/\/www.youtube.com\/channel\/UCf73dERp9Y3cfOq7q8BhLjA?view_as=subscriber\"]}]}<\/script>\n<meta property=\"product:brand\" content=\"HONEYWELL\" \/>\n<meta property=\"product:price:amount\" content=\"2873\" \/>\n<meta property=\"product:price:currency\" content=\"MXN\" \/>\n<meta property=\"og:availability\" content=\"instock\" \/>\n<meta property=\"product:availability\" content=\"instock\" \/>\n<meta property=\"product:retailer_item_id\" content=\"1470G2D-2USB-1-N\" \/>\n<meta property=\"product:condition\" content=\"new\" \/>\n<!-- \/ Yoast SEO plugin. -->","yoast_head_json":{"title":"[ Honeywell ] &#129351; 1470g2d-2usb-1-n Lector De Codigo De Barras Voyager , Alcance 250 Mm, Imager 1d\/2d, Usb, Negro,100 Lecturas Por Segundo, Incluye Base","description":"Compra 1470g2d-2usb-1-n Lector De Codigo De Barras Voyager , Alcance 250 Mm, Imager 1d\/2d, Usb, Negro,100 Lecturas Por Segundo, Incluye Base + Env\u00edo a domicilio + Pago seguro + Garant\u00eda","robots":{"index":"index","follow":"follow","max-snippet":"max-snippet:-1","max-image-preview":"max-image-preview:large","max-video-preview":"max-video-preview:-1"},"canonical":"https:\/\/compuviper.mx\/tienda\/producto\/honeywell-1470g2d-2usb-1-n-lector-de-codigo-de-barras-voyager-alcance-250-mm-imager-1d-2d-usb-negro100-lecturas-por-segundo-incluye-base\/","og_locale":"es_MX","og_type":"article","og_title":"[ Honeywell ] &#129351; 1470g2d-2usb-1-n Lector De Codigo De Barras Voyager , Alcance 250 Mm, Imager 1d\/2d, Usb, Negro,100 Lecturas Por Segundo, Incluye Base","og_description":"Compra 1470g2d-2usb-1-n Lector De Codigo De Barras Voyager , Alcance 250 Mm, Imager 1d\/2d, Usb, Negro,100 Lecturas Por Segundo, Incluye Base + Env\u00edo a domicilio + Pago seguro + Garant\u00eda","og_url":"https:\/\/compuviper.mx\/tienda\/producto\/honeywell-1470g2d-2usb-1-n-lector-de-codigo-de-barras-voyager-alcance-250-mm-imager-1d-2d-usb-negro100-lecturas-por-segundo-incluye-base\/","og_site_name":"Compuviper","article_publisher":"https:\/\/www.facebook.com\/compuviper","article_modified_time":"2026-04-22T06:38:20+00:00","og_image":[{"width":200,"height":200,"url":"https:\/\/compuviper.mx\/tienda\/wp-content\/uploads\/2023\/12\/Lector-codigo-de-barras-honeywell-voyager-1470g2d-2usb-1-n-imager-negro-usb-1d-2d-alcance-5-25-mm.jpg","type":"image\/jpeg"}],"twitter_card":"summary_large_image","twitter_misc":{"Precio":"&#36;2,873 con IVA","Availability":"In stock"},"schema":{"@context":"https:\/\/schema.org","@graph":[{"@type":"WebPage","@id":"https:\/\/compuviper.mx\/tienda\/producto\/honeywell-1470g2d-2usb-1-n-lector-de-codigo-de-barras-voyager-alcance-250-mm-imager-1d-2d-usb-negro100-lecturas-por-segundo-incluye-base\/","url":"https:\/\/compuviper.mx\/tienda\/producto\/honeywell-1470g2d-2usb-1-n-lector-de-codigo-de-barras-voyager-alcance-250-mm-imager-1d-2d-usb-negro100-lecturas-por-segundo-incluye-base\/","name":"[ Honeywell ] &#129351; 1470g2d-2usb-1-n Lector De Codigo De Barras Voyager , Alcance 250 Mm, Imager 1d\/2d, Usb, Negro,100 Lecturas Por Segundo, Incluye Base","isPartOf":{"@id":"https:\/\/compuviper.mx\/tienda\/#website"},"datePublished":"2026-04-22T06:38:19+00:00","dateModified":"2026-04-22T06:38:20+00:00","description":"Compra 1470g2d-2usb-1-n Lector De Codigo De Barras Voyager , Alcance 250 Mm, Imager 1d\/2d, Usb, Negro,100 Lecturas Por Segundo, Incluye Base + Env\u00edo a domicilio + Pago seguro + Garant\u00eda","breadcrumb":{"@id":"https:\/\/compuviper.mx\/tienda\/producto\/honeywell-1470g2d-2usb-1-n-lector-de-codigo-de-barras-voyager-alcance-250-mm-imager-1d-2d-usb-negro100-lecturas-por-segundo-incluye-base\/#breadcrumb"},"inLanguage":"es-MX","potentialAction":[{"@type":"ReadAction","target":["https:\/\/compuviper.mx\/tienda\/producto\/honeywell-1470g2d-2usb-1-n-lector-de-codigo-de-barras-voyager-alcance-250-mm-imager-1d-2d-usb-negro100-lecturas-por-segundo-incluye-base\/"]}]},{"@type":"BreadcrumbList","@id":"https:\/\/compuviper.mx\/tienda\/producto\/honeywell-1470g2d-2usb-1-n-lector-de-codigo-de-barras-voyager-alcance-250-mm-imager-1d-2d-usb-negro100-lecturas-por-segundo-incluye-base\/#breadcrumb","itemListElement":[{"@type":"ListItem","position":1,"name":"Inicio","item":"https:\/\/compuviper.mx\/tienda\/"},{"@type":"ListItem","position":2,"name":"Productos","item":"https:\/\/compuviper.mx\/tienda\/productos\/"},{"@type":"ListItem","position":3,"name":"Lector De Codigos","item":"https:\/\/compuviper.mx\/tienda\/categoria-producto\/lector-de-codigos\/"},{"@type":"ListItem","position":4,"name":"Imager","item":"https:\/\/compuviper.mx\/tienda\/categoria-producto\/lector-de-codigos\/imager\/"},{"@type":"ListItem","position":5,"name":"Honeywell 1470g2d-2usb-1-n Lector De Codigo De Barras Voyager , Alcance 250 Mm, Imager 1d\/2d, Usb, Negro,100 Lecturas Por Segundo, Incluye Base"}]},{"@type":"WebSite","@id":"https:\/\/compuviper.mx\/tienda\/#website","url":"https:\/\/compuviper.mx\/tienda\/","name":"Compuviper","description":"Proveedor de Computadoras, Laptops, Servidores, Monitores, Puntos de Venta, Teclados,   Impresoras, T\u00f3ner, C\u00e1maras de Seguridad y m\u00e1s en tu tienda en l\u00ednea","publisher":{"@id":"https:\/\/compuviper.mx\/tienda\/#organization"},"potentialAction":[{"@type":"SearchAction","target":{"@type":"EntryPoint","urlTemplate":"https:\/\/compuviper.mx\/tienda\/?s={search_term_string}"},"query-input":"required name=search_term_string"}],"inLanguage":"es-MX"},{"@type":"Organization","@id":"https:\/\/compuviper.mx\/tienda\/#organization","name":"Compuviper","url":"https:\/\/compuviper.mx\/tienda\/","logo":{"@type":"ImageObject","inLanguage":"es-MX","@id":"https:\/\/compuviper.mx\/tienda\/#\/schema\/logo\/image\/","url":"https:\/\/compuviper.mx\/tienda\/wp-content\/uploads\/2021\/08\/Logo-Compuviper-10.png","contentUrl":"https:\/\/compuviper.mx\/tienda\/wp-content\/uploads\/2021\/08\/Logo-Compuviper-10.png","width":1000,"height":500,"caption":"Compuviper"},"image":{"@id":"https:\/\/compuviper.mx\/tienda\/#\/schema\/logo\/image\/"},"sameAs":["https:\/\/www.facebook.com\/compuviper","https:\/\/www.youtube.com\/channel\/UCf73dERp9Y3cfOq7q8BhLjA?view_as=subscriber"]}]},"product_brand":"HONEYWELL","product_price_amount":"2873","product_price_currency":"MXN","og_availability":"instock","product_availability":"instock","product_retailer_item_id":"1470G2D-2USB-1-N","product_condition":"new"},"_links":{"self":[{"href":"https:\/\/compuviper.mx\/tienda\/wp-json\/wp\/v2\/product\/219376"}],"collection":[{"href":"https:\/\/compuviper.mx\/tienda\/wp-json\/wp\/v2\/product"}],"about":[{"href":"https:\/\/compuviper.mx\/tienda\/wp-json\/wp\/v2\/types\/product"}],"replies":[{"embeddable":true,"href":"https:\/\/compuviper.mx\/tienda\/wp-json\/wp\/v2\/comments?post=219376"}],"wp:featuredmedia":[{"embeddable":true,"href":"https:\/\/compuviper.mx\/tienda\/wp-json\/wp\/v2\/media\/219377"}],"wp:attachment":[{"href":"https:\/\/compuviper.mx\/tienda\/wp-json\/wp\/v2\/media?parent=219376"}],"wp:term":[{"taxonomy":"product_cat","embeddable":true,"href":"https:\/\/compuviper.mx\/tienda\/wp-json\/wp\/v2\/product_cat?post=219376"},{"taxonomy":"product_tag","embeddable":true,"href":"https:\/\/compuviper.mx\/tienda\/wp-json\/wp\/v2\/product_tag?post=219376"}],"curies":[{"name":"wp","href":"https:\/\/api.w.org\/{rel}","templated":true}]}}