{"id":219345,"date":"2026-04-18T00:47:48","date_gmt":"2026-04-18T06:47:48","guid":{"rendered":"https:\/\/compuviper.mx\/tienda\/producto\/logitech-920-012278-teclado-wave-kyes-grafito-inalambrico-ergonomico-easy-switch-bluetooth-logi-bolt\/"},"modified":"2026-04-18T00:47:48","modified_gmt":"2026-04-18T06:47:48","slug":"logitech-920-012278-teclado-wave-kyes-ergonomico-inalambrico-easy-switch-receptor-bolt-espaol-grafito","status":"publish","type":"product","link":"https:\/\/compuviper.mx\/tienda\/producto\/logitech-920-012278-teclado-wave-kyes-ergonomico-inalambrico-easy-switch-receptor-bolt-espaol-grafito\/","title":{"rendered":"Logitech 920-012278 Teclado  Wave Kyes Ergonomico Inalambrico Easy-switch Receptor Bolt (espa?ol) Grafito"},"content":{"rendered":"<table class=\"descripcion\">\n<tr>\n<td>Dimensiones<\/td>\n<\/tr>\n<tr>\n<td>Longitud: 375,97 mil\u00edmetros<\/td>\n<\/tr>\n<tr>\n<td>Ancho: 218,91 mil\u00edmetros<\/td>\n<\/tr>\n<tr>\n<td>Altura: 30,53 mil\u00edmetros<\/td>\n<\/tr>\n<tr>\n<td>Peso (incluidas las bater\u00edas): 750 g<\/td>\n<\/tr>\n<tr>\n<td>Especificaciones t\u00e9cnicas<\/td>\n<\/tr>\n<tr>\n<td>Aplicaci\u00f3n de personalizaci\u00f3n<\/td>\n<\/tr>\n<tr>\n<td>Supported by logi options+ app on windows\u00ae and macos 1requiere la aplicaci\u00f3n logi options +, disponible para windows y macos en logi.com\/optionsplus<\/td>\n<\/tr>\n<tr>\n<td>Pilas<\/td>\n<\/tr>\n<tr>\n<td>Tipo de bater\u00edas: 2x aaa (incluidas)<\/td>\n<\/tr>\n<tr>\n<td>Duraci\u00f3n de bater\u00edas: hasta 36 meses 2la duraci\u00f3n de las bater\u00edas depende del uso y de los dispositivos.<\/td>\n<\/tr>\n<tr>\n<td>Dise\u00f1o compacto con teclado num\u00e9rico<\/td>\n<\/tr>\n<tr>\n<td>Dise\u00f1o con doble impresi\u00f3n (windows\/mac)<\/td>\n<\/tr>\n<tr>\n<td>Teclas easy-switch (se pueden conectar 3 dispositivos multisistema operativo)<\/td>\n<\/tr>\n<tr>\n<td>Patas ajustables (+4 grados)<\/td>\n<\/tr>\n<tr>\n<td>Bot\u00f3n de encendido\/apagado<\/td>\n<\/tr>\n<tr>\n<td>Indicadores luminosos de bloqueo de may\u00fasculas y carga de bater\u00eda<\/td>\n<\/tr>\n<tr>\n<td>Compatible con mouse dotado de tecnolog\u00eda logitech flow 3requiere la aplicaci\u00f3n logi options +, disponible para windows y macos en logi.com\/optionsplus<\/td>\n<\/tr>\n<tr>\n<td>Sostenibilidad<\/td>\n<\/tr>\n<tr>\n<td>Pl\u00e1stico en grafito: 61% de material reciclado posconsumo 4excluye pl\u00e1stico del conjunto de cableado impreso (pwa), cables y empaque.<\/td>\n<\/tr>\n<tr>\n<td>Pl\u00e1stico en blanco crudo: 46% de material reciclado posconsumo 5excluye pl\u00e1stico del conjunto de cableado impreso (pwa), cables y empaque.<\/td>\n<\/tr>\n<tr>\n<td>Empacado de papel: certificaci\u00f3n para fsc\u0099<\/td>\n<\/tr>\n<tr>\n<td>Con certificaci\u00f3n de carbono neutral<\/td>\n<\/tr>\n<\/table>\n","protected":false},"excerpt":{"rendered":"<p>Siente la onda. El teclado ergon\u00f3mico inal\u00e1mbrico wave keys est\u00e1 dise\u00f1ado para que te resulte familiar al instante y te mantenga escribiendo todo el d\u00eda en una posici\u00f3n natural. Escritura habitual. Solo que m\u00e1s c\u00f3modo.*en comparaci\u00f3n con un teclado logitech tradicional sin reposamanos. Experimente las delicias de un teclado con forma de onda con un reposamanos acolchado. Disfrute de m\u00e1s soporte para las mu\u00f1ecas, menos presi\u00f3n y una postura de escritura natural durante todo el d\u00eda. Escritura c\u00f3moda todo el d\u00eda. El dise\u00f1o ondulado de este teclado compacto coloca las manos, las mu\u00f1ecas y los antebrazos en una posici\u00f3n de escritura natural para que se sienta bien durante todo el d\u00eda. M\u00e1s soporte para las palmas, menos presi\u00f3n. *en comparaci\u00f3n con un teclado logitech tradicional sin reposamanos. Con un reposamanos acolchado con 3 capas de espuma viscoel\u00e1stica, wave keys le da a sus mu\u00f1ecas el soporte que necesitan para seguir escribiendo con comodidad. Aprobado por erg\u00f3nomos. Wave keys ha sido desarrollado y probado con the logi ergo lab, y ergon\u00f3mico certificado con el sello de aprobaci\u00f3n de united states ergonomics. D\u00edas m\u00e1s suaves a tu manera. Con la aplicaci\u00f3n logi options . Mant\u00e9ngase relajado con la escritura fluida, natural y las teclas personalizables con la aplicaci\u00f3n logi options +. Incluso puedes personalizar tus accesos directos para aplicaciones espec\u00edficas.14requiere la aplicaci\u00f3n logi options +, disponible para windows y macos en logi.Com\/optionsplus. Conectividad pac\u00edfica. Conecte el teclado ergon\u00f3mico inal\u00e1mbrico wave keys usando bluetooth\u00ae o el receptor logi bolt incluido, y cambie entre su computadora port\u00e1til, tableta o tel\u00e9fono con un toque usando las teclas easy-switch. Wave keys funciona con sus dispositivos favoritos (windows, macos, chromeos, ipados, ios, android)15las funciones b\u00e1sicas del dispositivo ser\u00e1n compatibles sin controladores adicionales para sistemas operativos distintos de windows y macos. Disfrute de hasta 3 a\u00f1os de duraci\u00f3n de las pilas con las pilas incluidas (2 x aaa)16la duraci\u00f3n de las pilas puede variar seg\u00fan las condiciones del usuario y del ordenador..<\/p>\n","protected":false},"featured_media":234063,"comment_status":"open","ping_status":"open","template":"","meta":[],"product_cat":[1713,1716],"product_tag":[1500],"acf":[],"yoast_head":"<!-- This site is optimized with the Yoast SEO plugin v21.7 - https:\/\/yoast.com\/wordpress\/plugins\/seo\/ -->\n<title>[ Logitech ] &#129351; 920-012278 Teclado Wave Kyes Ergonomico Inalambrico Easy-switch Receptor Bolt (espa\u00f1ol) Grafito<\/title>\n<meta name=\"description\" content=\"Compra 920-012278 Teclado Wave Kyes Ergonomico Inalambrico Easy-switch Receptor Bolt (espa\u00f1ol) Grafito + Env\u00edo a domicilio + Pago seguro + Garant\u00eda\" \/>\n<meta name=\"robots\" content=\"index, follow, max-snippet:-1, max-image-preview:large, max-video-preview:-1\" \/>\n<link rel=\"canonical\" href=\"https:\/\/compuviper.mx\/tienda\/producto\/logitech-920-012278-teclado-wave-kyes-ergonomico-inalambrico-easy-switch-receptor-bolt-espaol-grafito\/\" \/>\n<meta property=\"og:locale\" content=\"es_MX\" \/>\n<meta property=\"og:type\" content=\"article\" \/>\n<meta property=\"og:title\" content=\"[ Logitech ] &#129351; 920-012278 Teclado Wave Kyes Ergonomico Inalambrico Easy-switch Receptor Bolt (espa\u00f1ol) Grafito\" \/>\n<meta property=\"og:description\" content=\"Compra 920-012278 Teclado Wave Kyes Ergonomico Inalambrico Easy-switch Receptor Bolt (espa\u00f1ol) Grafito + Env\u00edo a domicilio + Pago seguro + Garant\u00eda\" \/>\n<meta property=\"og:url\" content=\"https:\/\/compuviper.mx\/tienda\/producto\/logitech-920-012278-teclado-wave-kyes-ergonomico-inalambrico-easy-switch-receptor-bolt-espaol-grafito\/\" \/>\n<meta property=\"og:site_name\" content=\"Compuviper\" \/>\n<meta property=\"article:publisher\" content=\"https:\/\/www.facebook.com\/compuviper\" \/>\n<meta property=\"og:image\" content=\"https:\/\/compuviper.mx\/tienda\/wp-content\/uploads\/2024\/05\/Teclado-logitech-wave-kyes-grafito-inalambrico-ergonomico-easy-switch-bluetooth-logi-bolt.jpg\" \/>\n\t<meta property=\"og:image:width\" content=\"200\" \/>\n\t<meta property=\"og:image:height\" content=\"200\" \/>\n\t<meta property=\"og:image:type\" content=\"image\/jpeg\" \/>\n<meta name=\"twitter:card\" content=\"summary_large_image\" \/>\n<meta name=\"twitter:label1\" content=\"Precio\" \/>\n\t<meta name=\"twitter:data1\" content=\"&#36;1,072 con IVA\" \/>\n\t<meta name=\"twitter:label2\" content=\"Availability\" \/>\n\t<meta name=\"twitter:data2\" content=\"In stock\" \/>\n<script type=\"application\/ld+json\" class=\"yoast-schema-graph\">{\"@context\":\"https:\/\/schema.org\",\"@graph\":[{\"@type\":\"WebPage\",\"@id\":\"https:\/\/compuviper.mx\/tienda\/producto\/logitech-920-012278-teclado-wave-kyes-ergonomico-inalambrico-easy-switch-receptor-bolt-espaol-grafito\/\",\"url\":\"https:\/\/compuviper.mx\/tienda\/producto\/logitech-920-012278-teclado-wave-kyes-ergonomico-inalambrico-easy-switch-receptor-bolt-espaol-grafito\/\",\"name\":\"[ Logitech ] &#129351; 920-012278 Teclado Wave Kyes Ergonomico Inalambrico Easy-switch Receptor Bolt (espa\u00f1ol) Grafito\",\"isPartOf\":{\"@id\":\"https:\/\/compuviper.mx\/tienda\/#website\"},\"datePublished\":\"2026-04-18T06:47:48+00:00\",\"dateModified\":\"2026-04-18T06:47:48+00:00\",\"description\":\"Compra 920-012278 Teclado Wave Kyes Ergonomico Inalambrico Easy-switch Receptor Bolt (espa\u00f1ol) Grafito + Env\u00edo a domicilio + Pago seguro + Garant\u00eda\",\"breadcrumb\":{\"@id\":\"https:\/\/compuviper.mx\/tienda\/producto\/logitech-920-012278-teclado-wave-kyes-ergonomico-inalambrico-easy-switch-receptor-bolt-espaol-grafito\/#breadcrumb\"},\"inLanguage\":\"es-MX\",\"potentialAction\":[{\"@type\":\"ReadAction\",\"target\":[\"https:\/\/compuviper.mx\/tienda\/producto\/logitech-920-012278-teclado-wave-kyes-ergonomico-inalambrico-easy-switch-receptor-bolt-espaol-grafito\/\"]}]},{\"@type\":\"BreadcrumbList\",\"@id\":\"https:\/\/compuviper.mx\/tienda\/producto\/logitech-920-012278-teclado-wave-kyes-ergonomico-inalambrico-easy-switch-receptor-bolt-espaol-grafito\/#breadcrumb\",\"itemListElement\":[{\"@type\":\"ListItem\",\"position\":1,\"name\":\"Inicio\",\"item\":\"https:\/\/compuviper.mx\/tienda\/\"},{\"@type\":\"ListItem\",\"position\":2,\"name\":\"Productos\",\"item\":\"https:\/\/compuviper.mx\/tienda\/productos\/\"},{\"@type\":\"ListItem\",\"position\":3,\"name\":\"Teclados\",\"item\":\"https:\/\/compuviper.mx\/tienda\/categoria-producto\/teclados\/\"},{\"@type\":\"ListItem\",\"position\":4,\"name\":\"Multimedia\",\"item\":\"https:\/\/compuviper.mx\/tienda\/categoria-producto\/teclados\/multimedia\/\"},{\"@type\":\"ListItem\",\"position\":5,\"name\":\"Logitech 920-012278 Teclado Wave Kyes Ergonomico Inalambrico Easy-switch Receptor Bolt (espa?ol) Grafito\"}]},{\"@type\":\"WebSite\",\"@id\":\"https:\/\/compuviper.mx\/tienda\/#website\",\"url\":\"https:\/\/compuviper.mx\/tienda\/\",\"name\":\"Compuviper\",\"description\":\"Proveedor de Computadoras, Laptops, Servidores, Monitores, Puntos de Venta, Teclados,   Impresoras, T\u00f3ner, C\u00e1maras de Seguridad y m\u00e1s en tu tienda en l\u00ednea\",\"publisher\":{\"@id\":\"https:\/\/compuviper.mx\/tienda\/#organization\"},\"potentialAction\":[{\"@type\":\"SearchAction\",\"target\":{\"@type\":\"EntryPoint\",\"urlTemplate\":\"https:\/\/compuviper.mx\/tienda\/?s={search_term_string}\"},\"query-input\":\"required name=search_term_string\"}],\"inLanguage\":\"es-MX\"},{\"@type\":\"Organization\",\"@id\":\"https:\/\/compuviper.mx\/tienda\/#organization\",\"name\":\"Compuviper\",\"url\":\"https:\/\/compuviper.mx\/tienda\/\",\"logo\":{\"@type\":\"ImageObject\",\"inLanguage\":\"es-MX\",\"@id\":\"https:\/\/compuviper.mx\/tienda\/#\/schema\/logo\/image\/\",\"url\":\"https:\/\/compuviper.mx\/tienda\/wp-content\/uploads\/2021\/08\/Logo-Compuviper-10.png\",\"contentUrl\":\"https:\/\/compuviper.mx\/tienda\/wp-content\/uploads\/2021\/08\/Logo-Compuviper-10.png\",\"width\":1000,\"height\":500,\"caption\":\"Compuviper\"},\"image\":{\"@id\":\"https:\/\/compuviper.mx\/tienda\/#\/schema\/logo\/image\/\"},\"sameAs\":[\"https:\/\/www.facebook.com\/compuviper\",\"https:\/\/www.youtube.com\/channel\/UCf73dERp9Y3cfOq7q8BhLjA?view_as=subscriber\"]}]}<\/script>\n<meta property=\"product:brand\" content=\"LOGITECH\" \/>\n<meta property=\"product:price:amount\" content=\"1072\" \/>\n<meta property=\"product:price:currency\" content=\"MXN\" \/>\n<meta property=\"og:availability\" content=\"instock\" \/>\n<meta property=\"product:availability\" content=\"instock\" \/>\n<meta property=\"product:retailer_item_id\" content=\"920-012278\" \/>\n<meta property=\"product:condition\" content=\"new\" \/>\n<!-- \/ Yoast SEO plugin. -->","yoast_head_json":{"title":"[ Logitech ] &#129351; 920-012278 Teclado Wave Kyes Ergonomico Inalambrico Easy-switch Receptor Bolt (espa\u00f1ol) Grafito","description":"Compra 920-012278 Teclado Wave Kyes Ergonomico Inalambrico Easy-switch Receptor Bolt (espa\u00f1ol) Grafito + Env\u00edo a domicilio + Pago seguro + Garant\u00eda","robots":{"index":"index","follow":"follow","max-snippet":"max-snippet:-1","max-image-preview":"max-image-preview:large","max-video-preview":"max-video-preview:-1"},"canonical":"https:\/\/compuviper.mx\/tienda\/producto\/logitech-920-012278-teclado-wave-kyes-ergonomico-inalambrico-easy-switch-receptor-bolt-espaol-grafito\/","og_locale":"es_MX","og_type":"article","og_title":"[ Logitech ] &#129351; 920-012278 Teclado Wave Kyes Ergonomico Inalambrico Easy-switch Receptor Bolt (espa\u00f1ol) Grafito","og_description":"Compra 920-012278 Teclado Wave Kyes Ergonomico Inalambrico Easy-switch Receptor Bolt (espa\u00f1ol) Grafito + Env\u00edo a domicilio + Pago seguro + Garant\u00eda","og_url":"https:\/\/compuviper.mx\/tienda\/producto\/logitech-920-012278-teclado-wave-kyes-ergonomico-inalambrico-easy-switch-receptor-bolt-espaol-grafito\/","og_site_name":"Compuviper","article_publisher":"https:\/\/www.facebook.com\/compuviper","og_image":[{"width":200,"height":200,"url":"https:\/\/compuviper.mx\/tienda\/wp-content\/uploads\/2024\/05\/Teclado-logitech-wave-kyes-grafito-inalambrico-ergonomico-easy-switch-bluetooth-logi-bolt.jpg","type":"image\/jpeg"}],"twitter_card":"summary_large_image","twitter_misc":{"Precio":"&#36;1,072 con IVA","Availability":"In stock"},"schema":{"@context":"https:\/\/schema.org","@graph":[{"@type":"WebPage","@id":"https:\/\/compuviper.mx\/tienda\/producto\/logitech-920-012278-teclado-wave-kyes-ergonomico-inalambrico-easy-switch-receptor-bolt-espaol-grafito\/","url":"https:\/\/compuviper.mx\/tienda\/producto\/logitech-920-012278-teclado-wave-kyes-ergonomico-inalambrico-easy-switch-receptor-bolt-espaol-grafito\/","name":"[ Logitech ] &#129351; 920-012278 Teclado Wave Kyes Ergonomico Inalambrico Easy-switch Receptor Bolt (espa\u00f1ol) Grafito","isPartOf":{"@id":"https:\/\/compuviper.mx\/tienda\/#website"},"datePublished":"2026-04-18T06:47:48+00:00","dateModified":"2026-04-18T06:47:48+00:00","description":"Compra 920-012278 Teclado Wave Kyes Ergonomico Inalambrico Easy-switch Receptor Bolt (espa\u00f1ol) Grafito + Env\u00edo a domicilio + Pago seguro + Garant\u00eda","breadcrumb":{"@id":"https:\/\/compuviper.mx\/tienda\/producto\/logitech-920-012278-teclado-wave-kyes-ergonomico-inalambrico-easy-switch-receptor-bolt-espaol-grafito\/#breadcrumb"},"inLanguage":"es-MX","potentialAction":[{"@type":"ReadAction","target":["https:\/\/compuviper.mx\/tienda\/producto\/logitech-920-012278-teclado-wave-kyes-ergonomico-inalambrico-easy-switch-receptor-bolt-espaol-grafito\/"]}]},{"@type":"BreadcrumbList","@id":"https:\/\/compuviper.mx\/tienda\/producto\/logitech-920-012278-teclado-wave-kyes-ergonomico-inalambrico-easy-switch-receptor-bolt-espaol-grafito\/#breadcrumb","itemListElement":[{"@type":"ListItem","position":1,"name":"Inicio","item":"https:\/\/compuviper.mx\/tienda\/"},{"@type":"ListItem","position":2,"name":"Productos","item":"https:\/\/compuviper.mx\/tienda\/productos\/"},{"@type":"ListItem","position":3,"name":"Teclados","item":"https:\/\/compuviper.mx\/tienda\/categoria-producto\/teclados\/"},{"@type":"ListItem","position":4,"name":"Multimedia","item":"https:\/\/compuviper.mx\/tienda\/categoria-producto\/teclados\/multimedia\/"},{"@type":"ListItem","position":5,"name":"Logitech 920-012278 Teclado Wave Kyes Ergonomico Inalambrico Easy-switch Receptor Bolt (espa?ol) Grafito"}]},{"@type":"WebSite","@id":"https:\/\/compuviper.mx\/tienda\/#website","url":"https:\/\/compuviper.mx\/tienda\/","name":"Compuviper","description":"Proveedor de Computadoras, Laptops, Servidores, Monitores, Puntos de Venta, Teclados,   Impresoras, T\u00f3ner, C\u00e1maras de Seguridad y m\u00e1s en tu tienda en l\u00ednea","publisher":{"@id":"https:\/\/compuviper.mx\/tienda\/#organization"},"potentialAction":[{"@type":"SearchAction","target":{"@type":"EntryPoint","urlTemplate":"https:\/\/compuviper.mx\/tienda\/?s={search_term_string}"},"query-input":"required name=search_term_string"}],"inLanguage":"es-MX"},{"@type":"Organization","@id":"https:\/\/compuviper.mx\/tienda\/#organization","name":"Compuviper","url":"https:\/\/compuviper.mx\/tienda\/","logo":{"@type":"ImageObject","inLanguage":"es-MX","@id":"https:\/\/compuviper.mx\/tienda\/#\/schema\/logo\/image\/","url":"https:\/\/compuviper.mx\/tienda\/wp-content\/uploads\/2021\/08\/Logo-Compuviper-10.png","contentUrl":"https:\/\/compuviper.mx\/tienda\/wp-content\/uploads\/2021\/08\/Logo-Compuviper-10.png","width":1000,"height":500,"caption":"Compuviper"},"image":{"@id":"https:\/\/compuviper.mx\/tienda\/#\/schema\/logo\/image\/"},"sameAs":["https:\/\/www.facebook.com\/compuviper","https:\/\/www.youtube.com\/channel\/UCf73dERp9Y3cfOq7q8BhLjA?view_as=subscriber"]}]},"product_brand":"LOGITECH","product_price_amount":"1072","product_price_currency":"MXN","og_availability":"instock","product_availability":"instock","product_retailer_item_id":"920-012278","product_condition":"new"},"_links":{"self":[{"href":"https:\/\/compuviper.mx\/tienda\/wp-json\/wp\/v2\/product\/219345"}],"collection":[{"href":"https:\/\/compuviper.mx\/tienda\/wp-json\/wp\/v2\/product"}],"about":[{"href":"https:\/\/compuviper.mx\/tienda\/wp-json\/wp\/v2\/types\/product"}],"replies":[{"embeddable":true,"href":"https:\/\/compuviper.mx\/tienda\/wp-json\/wp\/v2\/comments?post=219345"}],"wp:featuredmedia":[{"embeddable":true,"href":"https:\/\/compuviper.mx\/tienda\/wp-json\/wp\/v2\/media\/234063"}],"wp:attachment":[{"href":"https:\/\/compuviper.mx\/tienda\/wp-json\/wp\/v2\/media?parent=219345"}],"wp:term":[{"taxonomy":"product_cat","embeddable":true,"href":"https:\/\/compuviper.mx\/tienda\/wp-json\/wp\/v2\/product_cat?post=219345"},{"taxonomy":"product_tag","embeddable":true,"href":"https:\/\/compuviper.mx\/tienda\/wp-json\/wp\/v2\/product_tag?post=219345"}],"curies":[{"name":"wp","href":"https:\/\/api.w.org\/{rel}","templated":true}]}}